{"id":57053,"date":"2025-05-28T08:56:48","date_gmt":"2025-05-28T05:56:48","guid":{"rendered":"https:\/\/bramasole.ee\/?post_type=product&#038;p=57053"},"modified":"2025-05-28T09:03:23","modified_gmt":"2025-05-28T06:03:23","slug":"barbera-dalba-doc-la-2022","status":"publish","type":"product","link":"https:\/\/bramasole.ee\/en\/Toode\/barbera-dalba-doc-la-2022\/","title":{"rendered":"Barbera d&#8217;Alba DOC  La 2022"},"content":{"rendered":"<h3>Virna Barbera d&#8217;Alba DOC La 2022<\/h3>\n<p>Viinamari:\u00a0 Barbera 100%<\/p>\n<h3 data-start=\"129\" data-end=\"155\"><strong data-start=\"133\" data-end=\"155\">Viinamarjaistandus<\/strong><\/h3>\n<ul data-start=\"157\" data-end=\"432\">\n<li data-start=\"157\" data-end=\"183\">\n<p data-start=\"159\" data-end=\"183\"><strong data-start=\"159\" data-end=\"173\">Viinamari:<\/strong> Barbera<\/p>\n<\/li>\n<li data-start=\"184\" data-end=\"242\">\n<p data-start=\"186\" data-end=\"242\"><strong data-start=\"186\" data-end=\"196\">Asend:<\/strong> L\u00f5una\u2013l\u00e4\u00e4ne ja l\u00f5una\u2013kagu suunalised n\u00f5lvad<\/p>\n<\/li>\n<li data-start=\"243\" data-end=\"292\">\n<p data-start=\"245\" data-end=\"292\"><strong data-start=\"245\" data-end=\"260\">L\u00f5ikusviis:<\/strong> Guyot (6\u20138 punga taime kohta)<\/p>\n<\/li>\n<li data-start=\"293\" data-end=\"351\">\n<p data-start=\"295\" data-end=\"351\"><strong data-start=\"295\" data-end=\"324\">Istutustiheduse keskmine:<\/strong> 4500 taime hektari kohta<\/p>\n<\/li>\n<li data-start=\"352\" data-end=\"396\">\n<p data-start=\"354\" data-end=\"396\"><strong data-start=\"354\" data-end=\"367\">Saagikus:<\/strong> 80 kvintalit hektari kohta<\/p>\n<\/li>\n<li data-start=\"397\" data-end=\"432\">\n<p data-start=\"399\" data-end=\"432\"><strong data-start=\"399\" data-end=\"417\">Istutusaastad:<\/strong> 1978 ja 2007<\/p>\n<\/li>\n<\/ul>\n<h3 data-start=\"439\" data-end=\"461\"><strong data-start=\"443\" data-end=\"461\">Veinivalmistus<\/strong><\/h3>\n<p data-start=\"463\" data-end=\"618\">Viinamarjad pressitakse \u00f5rnalt, seej\u00e4rel toimub 8\u201310-p\u00e4evane leotus kestadega temperatuuril kuni 28\u202f\u00b0C, kasutades <em data-start=\"577\" data-end=\"588\">remontage<\/em> (marjamassi taasleotamist).<\/p>\n<p data-start=\"620\" data-end=\"807\">Kevadel viiakse vein \u00fcle puidust v\u00f5i roostevabast terasest vaatidesse, kus see k\u00fcpseb 10 kuud. P\u00e4rast villimist laagerdub vein veel 3\u20134 kuud horisontaalselt enne pakendamist ja tarnimist.<\/p>\n<h3 data-start=\"814\" data-end=\"851\"><strong data-start=\"818\" data-end=\"851\">Maitseomadused ja s\u00e4ilitamine<\/strong><\/h3>\n<p data-start=\"853\" data-end=\"1012\">Intensiivne rubiinpunane v\u00e4rvus. Aroom on t\u00e4idlane ja \u00f5hu k\u00e4es avanedes ilmnevad ploomi ja kannikese noodid, mida t\u00e4iendavad vaigused ja v\u00fcrtsikad varjundid.<\/p>\n<p data-start=\"1014\" data-end=\"1068\">Maitses on vein t\u00e4idlane, soe ja kestva j\u00e4relmaitsega.<\/p>\n<p data-start=\"1070\" data-end=\"1196\"><strong data-start=\"1070\" data-end=\"1128\">Soovitame nautida alates teisest kuni kuuenda aastani.<\/strong><br data-start=\"1128\" data-end=\"1131\" \/>Serveerida temperatuuril <strong data-start=\"1156\" data-end=\"1168\">17\u201318\u202f\u00b0C<\/strong> sobivatest veiniklaasidest.<\/p>\n","protected":false},"excerpt":{"rendered":"<h3>Barbera d&#8217;Alba DOC La 2022 &#8211; kuiv punane vein<\/h3>\n<p data-start=\"620\" data-end=\"736\">Intensiivne rubiinpunane v\u00e4rvus. Aroom on t\u00e4idlane ja \u00f5hu k\u00e4es avanedes ilmnevad ploomi ja kannikese noodid, mida t\u00e4iendavad vaigused ja v\u00fcrtsikad varjundid.<\/p>\n<h2><\/h2>\n","protected":false},"featured_media":57054,"comment_status":"closed","ping_status":"closed","template":"","meta":[],"product_brand":[],"product_cat":[418,17],"product_tag":[761,495,498],"class_list":{"0":"post-57053","1":"product","2":"type-product","3":"status-publish","4":"has-post-thumbnail","6":"product_cat-veinipood","7":"product_cat-punane-vein","8":"product_tag-barbera","9":"product_tag-itaalia","10":"product_tag-punane-vein","11":"description-off","13":"first","14":"instock","15":"taxable","16":"shipping-taxable","17":"purchasable","18":"product-type-simple"},"yoast_head":"<!-- This site is optimized with the Yoast SEO Premium plugin v23.0 (Yoast SEO v25.3.1) - https:\/\/yoast.com\/wordpress\/plugins\/seo\/ -->\n<title>Barbera d&#039;Alba DOC La 2022 - Itaalia kvaliteetvein<\/title>\n<meta name=\"description\" content=\"Barbera d&#039;Alba DOC La 2022 - Itaalia kvaliteetvein Nebbiolo viinamarjast. Lai valik veine otse maaletoojalt!. Veiniklubi liikmele -20% soodsam!\" \/>\n<meta name=\"robots\" content=\"index, follow, max-snippet:-1, max-image-preview:large, max-video-preview:-1\" \/>\n<link rel=\"canonical\" href=\"https:\/\/bramasole.ee\/en\/Toode\/barbera-dalba-doc-la-2022\/\" \/>\n<meta property=\"og:locale\" content=\"en_US\" \/>\n<meta property=\"og:type\" content=\"article\" \/>\n<meta property=\"og:title\" content=\"Barbera d&#039;Alba DOC La 2022\" \/>\n<meta property=\"og:description\" content=\"Barbera d&#039;Alba DOC La 2022 - Itaalia kvaliteetvein Nebbiolo viinamarjast. Lai valik veine otse maaletoojalt!. Veiniklubi liikmele -20% soodsam!\" \/>\n<meta property=\"og:url\" content=\"https:\/\/bramasole.ee\/en\/Toode\/barbera-dalba-doc-la-2022\/\" \/>\n<meta property=\"og:site_name\" content=\"Bramasole\" \/>\n<meta property=\"article:publisher\" content=\"https:\/\/www.facebook.com\/houseofbramasole\" \/>\n<meta property=\"article:modified_time\" content=\"2025-05-28T06:03:23+00:00\" \/>\n<meta property=\"og:image\" content=\"https:\/\/bramasole.ee\/wp-content\/uploads\/2023\/04\/House_of_bramasole_logo.png\" \/>\n\t<meta property=\"og:image:width\" content=\"1031\" \/>\n\t<meta property=\"og:image:height\" content=\"257\" \/>\n\t<meta property=\"og:image:type\" content=\"image\/png\" \/>\n<meta name=\"twitter:card\" content=\"summary_large_image\" \/>\n<meta name=\"twitter:label1\" content=\"Price\" \/>\n\t<meta name=\"twitter:data1\" content=\"&euro;23.30\" \/>\n\t<meta name=\"twitter:label2\" content=\"Availability\" \/>\n\t<meta name=\"twitter:data2\" content=\"In stock\" \/>\n<script type=\"application\/ld+json\" class=\"yoast-schema-graph\">{\"@context\":\"https:\/\/schema.org\",\"@graph\":[{\"@type\":\"WebPage\",\"@id\":\"https:\/\/bramasole.ee\/en\/Toode\/barbera-dalba-doc-la-2022\/\",\"url\":\"https:\/\/bramasole.ee\/en\/Toode\/barbera-dalba-doc-la-2022\/\",\"name\":\"Barbera d'Alba DOC La 2022 - Itaalia kvaliteetvein\",\"isPartOf\":{\"@id\":\"https:\/\/bramasole.ee\/en\/#website\"},\"primaryImageOfPage\":{\"@id\":\"https:\/\/bramasole.ee\/en\/Toode\/barbera-dalba-doc-la-2022\/#primaryimage\"},\"image\":{\"@id\":\"https:\/\/bramasole.ee\/en\/Toode\/barbera-dalba-doc-la-2022\/#primaryimage\"},\"thumbnailUrl\":\"https:\/\/bramasole.ee\/wp-content\/uploads\/2025\/05\/barbera_alba_LA_fondo_b.avif\",\"datePublished\":\"2025-05-28T05:56:48+00:00\",\"dateModified\":\"2025-05-28T06:03:23+00:00\",\"description\":\"Barbera d'Alba DOC La 2022 - Itaalia kvaliteetvein Nebbiolo viinamarjast. Lai valik veine otse maaletoojalt!. Veiniklubi liikmele -20% soodsam!\",\"breadcrumb\":{\"@id\":\"https:\/\/bramasole.ee\/en\/Toode\/barbera-dalba-doc-la-2022\/#breadcrumb\"},\"inLanguage\":\"en-US\",\"potentialAction\":[{\"@type\":\"ReadAction\",\"target\":[\"https:\/\/bramasole.ee\/en\/Toode\/barbera-dalba-doc-la-2022\/\"]}]},{\"@type\":\"ImageObject\",\"inLanguage\":\"en-US\",\"@id\":\"https:\/\/bramasole.ee\/en\/Toode\/barbera-dalba-doc-la-2022\/#primaryimage\",\"url\":\"https:\/\/bramasole.ee\/wp-content\/uploads\/2025\/05\/barbera_alba_LA_fondo_b.avif\",\"contentUrl\":\"https:\/\/bramasole.ee\/wp-content\/uploads\/2025\/05\/barbera_alba_LA_fondo_b.avif\",\"width\":596,\"height\":835,\"caption\":\"Barbera d'Alba DOC la\"},{\"@type\":\"BreadcrumbList\",\"@id\":\"https:\/\/bramasole.ee\/en\/Toode\/barbera-dalba-doc-la-2022\/#breadcrumb\",\"itemListElement\":[{\"@type\":\"ListItem\",\"position\":1,\"name\":\"Home\",\"item\":\"https:\/\/bramasole.ee\/en\/\"},{\"@type\":\"ListItem\",\"position\":2,\"name\":\"VEINIPOOD\",\"item\":\"https:\/\/bramasole.ee\/veinipood\/\"},{\"@type\":\"ListItem\",\"position\":3,\"name\":\"Barbera d&#8217;Alba DOC La 2022\"}]},{\"@type\":\"WebSite\",\"@id\":\"https:\/\/bramasole.ee\/en\/#website\",\"url\":\"https:\/\/bramasole.ee\/en\/\",\"name\":\"Bramasole\",\"description\":\"Bramasole veinipood - ainult hea vein!\",\"publisher\":{\"@id\":\"https:\/\/bramasole.ee\/en\/#organization\"},\"alternateName\":\"Bramasole veinid\",\"potentialAction\":[{\"@type\":\"SearchAction\",\"target\":{\"@type\":\"EntryPoint\",\"urlTemplate\":\"https:\/\/bramasole.ee\/en\/?s={search_term_string}\"},\"query-input\":{\"@type\":\"PropertyValueSpecification\",\"valueRequired\":true,\"valueName\":\"search_term_string\"}}],\"inLanguage\":\"en-US\"},{\"@type\":\"Organization\",\"@id\":\"https:\/\/bramasole.ee\/en\/#organization\",\"name\":\"Bramasole\",\"url\":\"https:\/\/bramasole.ee\/en\/\",\"logo\":{\"@type\":\"ImageObject\",\"inLanguage\":\"en-US\",\"@id\":\"https:\/\/bramasole.ee\/en\/#\/schema\/logo\/image\/\",\"url\":\"https:\/\/bramasole.ee\/wp-content\/uploads\/2023\/04\/House_of_bramasole_logo.png\",\"contentUrl\":\"https:\/\/bramasole.ee\/wp-content\/uploads\/2023\/04\/House_of_bramasole_logo.png\",\"width\":1031,\"height\":257,\"caption\":\"Bramasole\"},\"image\":{\"@id\":\"https:\/\/bramasole.ee\/en\/#\/schema\/logo\/image\/\"},\"sameAs\":[\"https:\/\/www.facebook.com\/houseofbramasole\",\"https:\/\/www.instagram.com\/houseofbramasole\/\"]}]}<\/script>\n<meta property=\"product:price:amount\" content=\"23.30\" \/>\n<meta property=\"product:price:currency\" content=\"EUR\" \/>\n<meta property=\"og:availability\" content=\"instock\" \/>\n<meta property=\"product:availability\" content=\"instock\" \/>\n<meta property=\"product:retailer_item_id\" content=\"1.BA00.22.075\" \/>\n<meta property=\"product:condition\" content=\"new\" \/>\n<!-- \/ Yoast SEO Premium plugin. -->","yoast_head_json":{"title":"Barbera d'Alba DOC La 2022 - Itaalia kvaliteetvein","description":"Barbera d'Alba DOC La 2022 - Itaalia kvaliteetvein Nebbiolo viinamarjast. Lai valik veine otse maaletoojalt!. Veiniklubi liikmele -20% soodsam!","robots":{"index":"index","follow":"follow","max-snippet":"max-snippet:-1","max-image-preview":"max-image-preview:large","max-video-preview":"max-video-preview:-1"},"canonical":"https:\/\/bramasole.ee\/en\/Toode\/barbera-dalba-doc-la-2022\/","og_locale":"en_US","og_type":"article","og_title":"Barbera d'Alba DOC La 2022","og_description":"Barbera d'Alba DOC La 2022 - Itaalia kvaliteetvein Nebbiolo viinamarjast. Lai valik veine otse maaletoojalt!. Veiniklubi liikmele -20% soodsam!","og_url":"https:\/\/bramasole.ee\/en\/Toode\/barbera-dalba-doc-la-2022\/","og_site_name":"Bramasole","article_publisher":"https:\/\/www.facebook.com\/houseofbramasole","article_modified_time":"2025-05-28T06:03:23+00:00","og_image":[{"width":1031,"height":257,"url":"https:\/\/bramasole.ee\/wp-content\/uploads\/2023\/04\/House_of_bramasole_logo.png","type":"image\/png"}],"twitter_card":"summary_large_image","twitter_misc":{"Price":"&euro;23.30","Availability":"In stock"},"schema":{"@context":"https:\/\/schema.org","@graph":[{"@type":"WebPage","@id":"https:\/\/bramasole.ee\/en\/Toode\/barbera-dalba-doc-la-2022\/","url":"https:\/\/bramasole.ee\/en\/Toode\/barbera-dalba-doc-la-2022\/","name":"Barbera d'Alba DOC La 2022 - Itaalia kvaliteetvein","isPartOf":{"@id":"https:\/\/bramasole.ee\/en\/#website"},"primaryImageOfPage":{"@id":"https:\/\/bramasole.ee\/en\/Toode\/barbera-dalba-doc-la-2022\/#primaryimage"},"image":{"@id":"https:\/\/bramasole.ee\/en\/Toode\/barbera-dalba-doc-la-2022\/#primaryimage"},"thumbnailUrl":"https:\/\/bramasole.ee\/wp-content\/uploads\/2025\/05\/barbera_alba_LA_fondo_b.avif","datePublished":"2025-05-28T05:56:48+00:00","dateModified":"2025-05-28T06:03:23+00:00","description":"Barbera d'Alba DOC La 2022 - Itaalia kvaliteetvein Nebbiolo viinamarjast. Lai valik veine otse maaletoojalt!. Veiniklubi liikmele -20% soodsam!","breadcrumb":{"@id":"https:\/\/bramasole.ee\/en\/Toode\/barbera-dalba-doc-la-2022\/#breadcrumb"},"inLanguage":"en-US","potentialAction":[{"@type":"ReadAction","target":["https:\/\/bramasole.ee\/en\/Toode\/barbera-dalba-doc-la-2022\/"]}]},{"@type":"ImageObject","inLanguage":"en-US","@id":"https:\/\/bramasole.ee\/en\/Toode\/barbera-dalba-doc-la-2022\/#primaryimage","url":"https:\/\/bramasole.ee\/wp-content\/uploads\/2025\/05\/barbera_alba_LA_fondo_b.avif","contentUrl":"https:\/\/bramasole.ee\/wp-content\/uploads\/2025\/05\/barbera_alba_LA_fondo_b.avif","width":596,"height":835,"caption":"Barbera d'Alba DOC la"},{"@type":"BreadcrumbList","@id":"https:\/\/bramasole.ee\/en\/Toode\/barbera-dalba-doc-la-2022\/#breadcrumb","itemListElement":[{"@type":"ListItem","position":1,"name":"Home","item":"https:\/\/bramasole.ee\/en\/"},{"@type":"ListItem","position":2,"name":"VEINIPOOD","item":"https:\/\/bramasole.ee\/veinipood\/"},{"@type":"ListItem","position":3,"name":"Barbera d&#8217;Alba DOC La 2022"}]},{"@type":"WebSite","@id":"https:\/\/bramasole.ee\/en\/#website","url":"https:\/\/bramasole.ee\/en\/","name":"Bramasole","description":"Bramasole veinipood - ainult hea vein!","publisher":{"@id":"https:\/\/bramasole.ee\/en\/#organization"},"alternateName":"Bramasole veinid","potentialAction":[{"@type":"SearchAction","target":{"@type":"EntryPoint","urlTemplate":"https:\/\/bramasole.ee\/en\/?s={search_term_string}"},"query-input":{"@type":"PropertyValueSpecification","valueRequired":true,"valueName":"search_term_string"}}],"inLanguage":"en-US"},{"@type":"Organization","@id":"https:\/\/bramasole.ee\/en\/#organization","name":"Bramasole","url":"https:\/\/bramasole.ee\/en\/","logo":{"@type":"ImageObject","inLanguage":"en-US","@id":"https:\/\/bramasole.ee\/en\/#\/schema\/logo\/image\/","url":"https:\/\/bramasole.ee\/wp-content\/uploads\/2023\/04\/House_of_bramasole_logo.png","contentUrl":"https:\/\/bramasole.ee\/wp-content\/uploads\/2023\/04\/House_of_bramasole_logo.png","width":1031,"height":257,"caption":"Bramasole"},"image":{"@id":"https:\/\/bramasole.ee\/en\/#\/schema\/logo\/image\/"},"sameAs":["https:\/\/www.facebook.com\/houseofbramasole","https:\/\/www.instagram.com\/houseofbramasole\/"]}]},"product_price_amount":"23.30","product_price_currency":"EUR","og_availability":"instock","product_availability":"instock","product_retailer_item_id":"1.BA00.22.075","product_condition":"new"},"_links":{"self":[{"href":"https:\/\/bramasole.ee\/en\/wp-json\/wp\/v2\/product\/57053","targetHints":{"allow":["GET"]}}],"collection":[{"href":"https:\/\/bramasole.ee\/en\/wp-json\/wp\/v2\/product"}],"about":[{"href":"https:\/\/bramasole.ee\/en\/wp-json\/wp\/v2\/types\/product"}],"replies":[{"embeddable":true,"href":"https:\/\/bramasole.ee\/en\/wp-json\/wp\/v2\/comments?post=57053"}],"wp:featuredmedia":[{"embeddable":true,"href":"https:\/\/bramasole.ee\/en\/wp-json\/wp\/v2\/media\/57054"}],"wp:attachment":[{"href":"https:\/\/bramasole.ee\/en\/wp-json\/wp\/v2\/media?parent=57053"}],"wp:term":[{"taxonomy":"product_brand","embeddable":true,"href":"https:\/\/bramasole.ee\/en\/wp-json\/wp\/v2\/product_brand?post=57053"},{"taxonomy":"product_cat","embeddable":true,"href":"https:\/\/bramasole.ee\/en\/wp-json\/wp\/v2\/product_cat?post=57053"},{"taxonomy":"product_tag","embeddable":true,"href":"https:\/\/bramasole.ee\/en\/wp-json\/wp\/v2\/product_tag?post=57053"}],"curies":[{"name":"wp","href":"https:\/\/api.w.org\/{rel}","templated":true}]}}