{"id":57050,"date":"2025-05-28T08:51:04","date_gmt":"2025-05-28T05:51:04","guid":{"rendered":"https:\/\/bramasole.ee\/?post_type=product&#038;p=57050"},"modified":"2025-05-28T08:56:38","modified_gmt":"2025-05-28T05:56:38","slug":"barolo-docg-riserva-2016","status":"publish","type":"product","link":"https:\/\/bramasole.ee\/en\/Toode\/barolo-docg-riserva-2016\/","title":{"rendered":"Barolo DOCG Riserva 2016"},"content":{"rendered":"<h3>Virna Barolo DOCG Riserva 2016<\/h3>\n<p>Viinamari: Nebbiolo 100%<\/p>\n<p>Ainult erakordsetel aastatel, mil loodus pakub veini pikaajaliseks k\u00fcpsemiseks ideaalseid tingimusi, valime oma parimatest viinamarjaistandustest hoolikalt v\u00e4lja erilise valiku. Just neist s\u00fcnnib meie hinnaline Barolo Riserva \u2013 haruldane ja v\u00e4\u00e4rikas vein, mis peegeldab aastak\u00e4igu parimat olemust.<\/p>\n<h3 data-start=\"122\" data-end=\"153\"><strong data-start=\"126\" data-end=\"153\">Viinamari<\/strong><\/h3>\n<ul data-start=\"155\" data-end=\"400\">\n<li data-start=\"155\" data-end=\"216\">\n<p data-start=\"157\" data-end=\"216\"><strong data-start=\"157\" data-end=\"171\">Viinamari:<\/strong> Nebbiolo (alamliigid <em data-start=\"193\" data-end=\"201\">Lampia<\/em> ja <em data-start=\"205\" data-end=\"213\">Michet<\/em>)<\/p>\n<\/li>\n<li data-start=\"217\" data-end=\"400\">\n<p data-start=\"219\" data-end=\"247\"><strong data-start=\"219\" data-end=\"245\">Viinamarjade p\u00e4ritolu:<\/strong><\/p>\n<ul data-start=\"250\" data-end=\"400\">\n<li data-start=\"250\" data-end=\"326\">\n<p data-start=\"252\" data-end=\"326\"><strong data-start=\"252\" data-end=\"289\">Helveetsest ajastust p\u00e4rit tsoon:<\/strong> tihke, liivarohke ja savine pinnas<\/p>\n<\/li>\n<li data-start=\"329\" data-end=\"400\">\n<p data-start=\"331\" data-end=\"400\"><strong data-start=\"331\" data-end=\"357\">Tortonia ajastu tsoon:<\/strong> lubjakivi, aleuriidi ja peene liiva segu<\/p>\n<\/li>\n<\/ul>\n<\/li>\n<\/ul>\n<h3 data-start=\"407\" data-end=\"429\"><strong data-start=\"411\" data-end=\"429\">Veinivalmistus<\/strong><\/h3>\n<p data-start=\"431\" data-end=\"671\">Iga viinamarjaistanduse saak pressitakse ja varred eemaldatakse <strong data-start=\"495\" data-end=\"505\">eraldi<\/strong>, j\u00e4rgneb 12\u201315-p\u00e4evane kestadega leotus maksimaalsel temperatuuril 29\u201331\u202f\u00b0C. P\u00e4rast pressimist ja \u201erack and return\u201c meetodit k\u00fcpseb vein <strong data-start=\"643\" data-end=\"668\">18 kuud tammevaatides<\/strong>.<\/p>\n<p data-start=\"673\" data-end=\"813\">Seej\u00e4rel segatakse 3000 liitrit valitud istandustest p\u00e4rit veini ning laagerdamine j\u00e4tkub veel <strong data-start=\"768\" data-end=\"810\">12\u201318 kuud 30-hektoliitristes vaatides<\/strong>.<\/p>\n<p data-start=\"815\" data-end=\"886\">Enne m\u00fc\u00fcki laagerdub villitud vein <strong data-start=\"850\" data-end=\"885\">horisontaalselt v\u00e4hemalt 6 kuud<\/strong>.<\/p>\n<h3 data-start=\"893\" data-end=\"915\"><strong data-start=\"897\" data-end=\"915\">Maitseomadused<\/strong><\/h3>\n<p data-start=\"917\" data-end=\"1030\">V\u00e4ga intensiivne rubiinpunane toon. Aroom on v\u00e4rske, punaste marjade nootidega, mida \u00fcmbritseb \u00f5rn vaniljepilv.<\/p>\n<p data-start=\"1032\" data-end=\"1151\">Maitses kuiv, \u00fcmar ja rikkalikult t\u00e4idlane, komplekssete pol\u00fcfenoolidega, mis tagavad suurep\u00e4rase s\u00e4ilituspotentsiaali.<\/p>\n<h3 data-start=\"1158\" data-end=\"1177\"><strong data-start=\"1162\" data-end=\"1177\">S\u00e4ilitamine<\/strong><\/h3>\n<p data-start=\"1179\" data-end=\"1257\">Soovitatav on pudeleid <strong data-start=\"1202\" data-end=\"1231\">s\u00e4ilitada horisontaalselt<\/strong> jahedas ja kuivas ruumis.<\/p>\n","protected":false},"excerpt":{"rendered":"<h3>Barolo DOCG Riserva 2016 &#8211; kuiv punane vein<\/h3>\n<p data-start=\"620\" data-end=\"736\">Ainult erakordsetel aastatel, mil loodus pakub veini pikaajaliseks k\u00fcpsemiseks ideaalseid tingimusi, valime oma parimatest viinamarjaistandustest hoolikalt v\u00e4lja erilise valiku. Just neist s\u00fcnnib meie hinnaline Barolo Riserva \u2013 haruldane ja v\u00e4\u00e4rikas vein, mis peegeldab aastak\u00e4igu parimat olemust.<\/p>\n<h2><\/h2>\n","protected":false},"featured_media":57051,"comment_status":"closed","ping_status":"closed","template":"","meta":[],"product_brand":[],"product_cat":[418,17],"product_tag":[637,495,644,498],"class_list":{"0":"post-57050","1":"product","2":"type-product","3":"status-publish","4":"has-post-thumbnail","6":"product_cat-veinipood","7":"product_cat-punane-vein","8":"product_tag-barolo","9":"product_tag-itaalia","10":"product_tag-nebbiolo","11":"product_tag-punane-vein","12":"description-off","14":"first","15":"instock","16":"taxable","17":"shipping-taxable","18":"purchasable","19":"product-type-simple"},"yoast_head":"<!-- This site is optimized with the Yoast SEO Premium plugin v23.0 (Yoast SEO v25.3.1) - https:\/\/yoast.com\/wordpress\/plugins\/seo\/ -->\n<title>Barolo DOCG Riserva 2016 - Itaalia kvaliteetvein<\/title>\n<meta name=\"description\" content=\"Barolo DOCG Riserva 2016 - Itaalia kvaliteetvein Nebbiolo viinamarjast. Lai valik veine otse maaletoojalt!. Veiniklubi liikmele -20% soodsam!\" \/>\n<meta name=\"robots\" content=\"index, follow, max-snippet:-1, max-image-preview:large, max-video-preview:-1\" \/>\n<link rel=\"canonical\" href=\"https:\/\/bramasole.ee\/en\/Toode\/barolo-docg-riserva-2016\/\" \/>\n<meta property=\"og:locale\" content=\"en_US\" \/>\n<meta property=\"og:type\" content=\"article\" \/>\n<meta property=\"og:title\" content=\"Barolo DOCG Riserva 2016\" \/>\n<meta property=\"og:description\" content=\"Barolo DOCG Riserva 2016 - Itaalia kvaliteetvein Nebbiolo viinamarjast. Lai valik veine otse maaletoojalt!. Veiniklubi liikmele -20% soodsam!\" \/>\n<meta property=\"og:url\" content=\"https:\/\/bramasole.ee\/en\/Toode\/barolo-docg-riserva-2016\/\" \/>\n<meta property=\"og:site_name\" content=\"Bramasole\" \/>\n<meta property=\"article:publisher\" content=\"https:\/\/www.facebook.com\/houseofbramasole\" \/>\n<meta property=\"article:modified_time\" content=\"2025-05-28T05:56:38+00:00\" \/>\n<meta property=\"og:image\" content=\"https:\/\/bramasole.ee\/wp-content\/uploads\/2023\/04\/House_of_bramasole_logo.png\" \/>\n\t<meta property=\"og:image:width\" content=\"1031\" \/>\n\t<meta property=\"og:image:height\" content=\"257\" \/>\n\t<meta property=\"og:image:type\" content=\"image\/png\" \/>\n<meta name=\"twitter:card\" content=\"summary_large_image\" \/>\n<meta name=\"twitter:label1\" content=\"Price\" \/>\n\t<meta name=\"twitter:data1\" content=\"&euro;101.10\" \/>\n\t<meta name=\"twitter:label2\" content=\"Availability\" \/>\n\t<meta name=\"twitter:data2\" content=\"In stock\" \/>\n<script type=\"application\/ld+json\" class=\"yoast-schema-graph\">{\"@context\":\"https:\/\/schema.org\",\"@graph\":[{\"@type\":\"WebPage\",\"@id\":\"https:\/\/bramasole.ee\/en\/Toode\/barolo-docg-riserva-2016\/\",\"url\":\"https:\/\/bramasole.ee\/en\/Toode\/barolo-docg-riserva-2016\/\",\"name\":\"Barolo DOCG Riserva 2016 - Itaalia kvaliteetvein\",\"isPartOf\":{\"@id\":\"https:\/\/bramasole.ee\/en\/#website\"},\"primaryImageOfPage\":{\"@id\":\"https:\/\/bramasole.ee\/en\/Toode\/barolo-docg-riserva-2016\/#primaryimage\"},\"image\":{\"@id\":\"https:\/\/bramasole.ee\/en\/Toode\/barolo-docg-riserva-2016\/#primaryimage\"},\"thumbnailUrl\":\"https:\/\/bramasole.ee\/wp-content\/uploads\/2025\/05\/barolo_riserva.avif\",\"datePublished\":\"2025-05-28T05:51:04+00:00\",\"dateModified\":\"2025-05-28T05:56:38+00:00\",\"description\":\"Barolo DOCG Riserva 2016 - Itaalia kvaliteetvein Nebbiolo viinamarjast. Lai valik veine otse maaletoojalt!. Veiniklubi liikmele -20% soodsam!\",\"breadcrumb\":{\"@id\":\"https:\/\/bramasole.ee\/en\/Toode\/barolo-docg-riserva-2016\/#breadcrumb\"},\"inLanguage\":\"en-US\",\"potentialAction\":[{\"@type\":\"ReadAction\",\"target\":[\"https:\/\/bramasole.ee\/en\/Toode\/barolo-docg-riserva-2016\/\"]}]},{\"@type\":\"ImageObject\",\"inLanguage\":\"en-US\",\"@id\":\"https:\/\/bramasole.ee\/en\/Toode\/barolo-docg-riserva-2016\/#primaryimage\",\"url\":\"https:\/\/bramasole.ee\/wp-content\/uploads\/2025\/05\/barolo_riserva.avif\",\"contentUrl\":\"https:\/\/bramasole.ee\/wp-content\/uploads\/2025\/05\/barolo_riserva.avif\",\"width\":596,\"height\":835,\"caption\":\"Barolo DOCG Riserva 2016\"},{\"@type\":\"BreadcrumbList\",\"@id\":\"https:\/\/bramasole.ee\/en\/Toode\/barolo-docg-riserva-2016\/#breadcrumb\",\"itemListElement\":[{\"@type\":\"ListItem\",\"position\":1,\"name\":\"Home\",\"item\":\"https:\/\/bramasole.ee\/en\/\"},{\"@type\":\"ListItem\",\"position\":2,\"name\":\"VEINIPOOD\",\"item\":\"https:\/\/bramasole.ee\/veinipood\/\"},{\"@type\":\"ListItem\",\"position\":3,\"name\":\"Barolo DOCG Riserva 2016\"}]},{\"@type\":\"WebSite\",\"@id\":\"https:\/\/bramasole.ee\/en\/#website\",\"url\":\"https:\/\/bramasole.ee\/en\/\",\"name\":\"Bramasole\",\"description\":\"Bramasole veinipood - ainult hea vein!\",\"publisher\":{\"@id\":\"https:\/\/bramasole.ee\/en\/#organization\"},\"alternateName\":\"Bramasole veinid\",\"potentialAction\":[{\"@type\":\"SearchAction\",\"target\":{\"@type\":\"EntryPoint\",\"urlTemplate\":\"https:\/\/bramasole.ee\/en\/?s={search_term_string}\"},\"query-input\":{\"@type\":\"PropertyValueSpecification\",\"valueRequired\":true,\"valueName\":\"search_term_string\"}}],\"inLanguage\":\"en-US\"},{\"@type\":\"Organization\",\"@id\":\"https:\/\/bramasole.ee\/en\/#organization\",\"name\":\"Bramasole\",\"url\":\"https:\/\/bramasole.ee\/en\/\",\"logo\":{\"@type\":\"ImageObject\",\"inLanguage\":\"en-US\",\"@id\":\"https:\/\/bramasole.ee\/en\/#\/schema\/logo\/image\/\",\"url\":\"https:\/\/bramasole.ee\/wp-content\/uploads\/2023\/04\/House_of_bramasole_logo.png\",\"contentUrl\":\"https:\/\/bramasole.ee\/wp-content\/uploads\/2023\/04\/House_of_bramasole_logo.png\",\"width\":1031,\"height\":257,\"caption\":\"Bramasole\"},\"image\":{\"@id\":\"https:\/\/bramasole.ee\/en\/#\/schema\/logo\/image\/\"},\"sameAs\":[\"https:\/\/www.facebook.com\/houseofbramasole\",\"https:\/\/www.instagram.com\/houseofbramasole\/\"]}]}<\/script>\n<meta property=\"product:price:amount\" content=\"101.10\" \/>\n<meta property=\"product:price:currency\" content=\"EUR\" \/>\n<meta property=\"og:availability\" content=\"instock\" \/>\n<meta property=\"product:availability\" content=\"instock\" \/>\n<meta property=\"product:retailer_item_id\" content=\"1.BRRI.16.075\" \/>\n<meta property=\"product:condition\" content=\"new\" \/>\n<!-- \/ Yoast SEO Premium plugin. -->","yoast_head_json":{"title":"Barolo DOCG Riserva 2016 - Itaalia kvaliteetvein","description":"Barolo DOCG Riserva 2016 - Itaalia kvaliteetvein Nebbiolo viinamarjast. Lai valik veine otse maaletoojalt!. Veiniklubi liikmele -20% soodsam!","robots":{"index":"index","follow":"follow","max-snippet":"max-snippet:-1","max-image-preview":"max-image-preview:large","max-video-preview":"max-video-preview:-1"},"canonical":"https:\/\/bramasole.ee\/en\/Toode\/barolo-docg-riserva-2016\/","og_locale":"en_US","og_type":"article","og_title":"Barolo DOCG Riserva 2016","og_description":"Barolo DOCG Riserva 2016 - Itaalia kvaliteetvein Nebbiolo viinamarjast. Lai valik veine otse maaletoojalt!. Veiniklubi liikmele -20% soodsam!","og_url":"https:\/\/bramasole.ee\/en\/Toode\/barolo-docg-riserva-2016\/","og_site_name":"Bramasole","article_publisher":"https:\/\/www.facebook.com\/houseofbramasole","article_modified_time":"2025-05-28T05:56:38+00:00","og_image":[{"width":1031,"height":257,"url":"https:\/\/bramasole.ee\/wp-content\/uploads\/2023\/04\/House_of_bramasole_logo.png","type":"image\/png"}],"twitter_card":"summary_large_image","twitter_misc":{"Price":"&euro;101.10","Availability":"In stock"},"schema":{"@context":"https:\/\/schema.org","@graph":[{"@type":"WebPage","@id":"https:\/\/bramasole.ee\/en\/Toode\/barolo-docg-riserva-2016\/","url":"https:\/\/bramasole.ee\/en\/Toode\/barolo-docg-riserva-2016\/","name":"Barolo DOCG Riserva 2016 - Itaalia kvaliteetvein","isPartOf":{"@id":"https:\/\/bramasole.ee\/en\/#website"},"primaryImageOfPage":{"@id":"https:\/\/bramasole.ee\/en\/Toode\/barolo-docg-riserva-2016\/#primaryimage"},"image":{"@id":"https:\/\/bramasole.ee\/en\/Toode\/barolo-docg-riserva-2016\/#primaryimage"},"thumbnailUrl":"https:\/\/bramasole.ee\/wp-content\/uploads\/2025\/05\/barolo_riserva.avif","datePublished":"2025-05-28T05:51:04+00:00","dateModified":"2025-05-28T05:56:38+00:00","description":"Barolo DOCG Riserva 2016 - Itaalia kvaliteetvein Nebbiolo viinamarjast. Lai valik veine otse maaletoojalt!. Veiniklubi liikmele -20% soodsam!","breadcrumb":{"@id":"https:\/\/bramasole.ee\/en\/Toode\/barolo-docg-riserva-2016\/#breadcrumb"},"inLanguage":"en-US","potentialAction":[{"@type":"ReadAction","target":["https:\/\/bramasole.ee\/en\/Toode\/barolo-docg-riserva-2016\/"]}]},{"@type":"ImageObject","inLanguage":"en-US","@id":"https:\/\/bramasole.ee\/en\/Toode\/barolo-docg-riserva-2016\/#primaryimage","url":"https:\/\/bramasole.ee\/wp-content\/uploads\/2025\/05\/barolo_riserva.avif","contentUrl":"https:\/\/bramasole.ee\/wp-content\/uploads\/2025\/05\/barolo_riserva.avif","width":596,"height":835,"caption":"Barolo DOCG Riserva 2016"},{"@type":"BreadcrumbList","@id":"https:\/\/bramasole.ee\/en\/Toode\/barolo-docg-riserva-2016\/#breadcrumb","itemListElement":[{"@type":"ListItem","position":1,"name":"Home","item":"https:\/\/bramasole.ee\/en\/"},{"@type":"ListItem","position":2,"name":"VEINIPOOD","item":"https:\/\/bramasole.ee\/veinipood\/"},{"@type":"ListItem","position":3,"name":"Barolo DOCG Riserva 2016"}]},{"@type":"WebSite","@id":"https:\/\/bramasole.ee\/en\/#website","url":"https:\/\/bramasole.ee\/en\/","name":"Bramasole","description":"Bramasole veinipood - ainult hea vein!","publisher":{"@id":"https:\/\/bramasole.ee\/en\/#organization"},"alternateName":"Bramasole veinid","potentialAction":[{"@type":"SearchAction","target":{"@type":"EntryPoint","urlTemplate":"https:\/\/bramasole.ee\/en\/?s={search_term_string}"},"query-input":{"@type":"PropertyValueSpecification","valueRequired":true,"valueName":"search_term_string"}}],"inLanguage":"en-US"},{"@type":"Organization","@id":"https:\/\/bramasole.ee\/en\/#organization","name":"Bramasole","url":"https:\/\/bramasole.ee\/en\/","logo":{"@type":"ImageObject","inLanguage":"en-US","@id":"https:\/\/bramasole.ee\/en\/#\/schema\/logo\/image\/","url":"https:\/\/bramasole.ee\/wp-content\/uploads\/2023\/04\/House_of_bramasole_logo.png","contentUrl":"https:\/\/bramasole.ee\/wp-content\/uploads\/2023\/04\/House_of_bramasole_logo.png","width":1031,"height":257,"caption":"Bramasole"},"image":{"@id":"https:\/\/bramasole.ee\/en\/#\/schema\/logo\/image\/"},"sameAs":["https:\/\/www.facebook.com\/houseofbramasole","https:\/\/www.instagram.com\/houseofbramasole\/"]}]},"product_price_amount":"101.10","product_price_currency":"EUR","og_availability":"instock","product_availability":"instock","product_retailer_item_id":"1.BRRI.16.075","product_condition":"new"},"_links":{"self":[{"href":"https:\/\/bramasole.ee\/en\/wp-json\/wp\/v2\/product\/57050","targetHints":{"allow":["GET"]}}],"collection":[{"href":"https:\/\/bramasole.ee\/en\/wp-json\/wp\/v2\/product"}],"about":[{"href":"https:\/\/bramasole.ee\/en\/wp-json\/wp\/v2\/types\/product"}],"replies":[{"embeddable":true,"href":"https:\/\/bramasole.ee\/en\/wp-json\/wp\/v2\/comments?post=57050"}],"wp:featuredmedia":[{"embeddable":true,"href":"https:\/\/bramasole.ee\/en\/wp-json\/wp\/v2\/media\/57051"}],"wp:attachment":[{"href":"https:\/\/bramasole.ee\/en\/wp-json\/wp\/v2\/media?parent=57050"}],"wp:term":[{"taxonomy":"product_brand","embeddable":true,"href":"https:\/\/bramasole.ee\/en\/wp-json\/wp\/v2\/product_brand?post=57050"},{"taxonomy":"product_cat","embeddable":true,"href":"https:\/\/bramasole.ee\/en\/wp-json\/wp\/v2\/product_cat?post=57050"},{"taxonomy":"product_tag","embeddable":true,"href":"https:\/\/bramasole.ee\/en\/wp-json\/wp\/v2\/product_tag?post=57050"}],"curies":[{"name":"wp","href":"https:\/\/api.w.org\/{rel}","templated":true}]}}