{"id":57047,"date":"2025-05-28T08:42:29","date_gmt":"2025-05-28T05:42:29","guid":{"rendered":"https:\/\/bramasole.ee\/?post_type=product&#038;p=57047"},"modified":"2025-05-28T08:48:23","modified_gmt":"2025-05-28T05:48:23","slug":"barolo-docg-sarmassa-2019","status":"publish","type":"product","link":"https:\/\/bramasole.ee\/en\/Toode\/barolo-docg-sarmassa-2019\/","title":{"rendered":"Barolo DOCG Sarmassa 2019"},"content":{"rendered":"<h3>Virna Barolo DOCG Sarmassa 2019<\/h3>\n<p>Viinamari: Nebbiolo 100%<\/p>\n<h3 data-start=\"108\" data-end=\"130\"><strong data-start=\"112\" data-end=\"130\">Veinivalmistus<\/strong><\/h3>\n<p data-start=\"132\" data-end=\"266\">Viinamarjad purustatakse ja varred eemaldatakse, millele j\u00e4rgneb 15\u201320-p\u00e4evane kestadega leotus maksimaalsel temperatuuril 29\u201331\u202f\u00b0C.<\/p>\n<p data-start=\"268\" data-end=\"574\">Peale pressimist ja esmast \u00fcmbervillimist laagerdub vein <strong data-start=\"325\" data-end=\"352\">Sloveenia tammevaatides<\/strong> ning v\u00e4ikestes 500-liitristes <strong data-start=\"383\" data-end=\"418\">Prantsuse Allier\u2019 tammevaatides<\/strong> umbes 18 kuud. Seej\u00e4rel toimub k\u00fcpsemise viimane etapp roostevabast terasest mahutites. Enne m\u00fc\u00fcki laagerdub villitud vein horisontaalselt v\u00e4hemalt 6 kuud.<\/p>\n<h3 data-start=\"581\" data-end=\"618\"><strong data-start=\"585\" data-end=\"618\">Maitseomadused ja s\u00e4ilitamine<\/strong><\/h3>\n<p data-start=\"620\" data-end=\"736\">V\u00e4ga s\u00fcgav rubiinpunane toon. Aroomis on tunda veel v\u00e4rskust \u2013 punased marjad, mida saadavad peened vaniljenoodid.<\/p>\n<p data-start=\"738\" data-end=\"851\">Maitses kuiv ja t\u00e4idlane, tugeva struktuuriga, rikkalik pol\u00fcfenoolide poolest, mis toetavad veini pikaealisust.<\/p>\n<p data-start=\"853\" data-end=\"1007\">See on noor, ent suure potentsiaaliga vein, mis saavutab oma parima joogiakna 3\u20134 aasta jooksul, kui seda s\u00e4ilitada jahedas, pimedas ja horisontaalselt.<\/p>\n<p data-start=\"1009\" data-end=\"1076\"><strong data-start=\"1009\" data-end=\"1033\">Serveerimissoovitus:<\/strong> 17\u201318\u202f\u00b0C suurtest degusteerimisklaasidest.<\/p>\n<ul>\n<li data-start=\"135\" data-end=\"196\">\n<p data-start=\"137\" data-end=\"196\"><strong data-start=\"137\" data-end=\"151\">Viinamari:<\/strong> Nebbiolo (alamliigid <em data-start=\"173\" data-end=\"181\">Lampia<\/em> ja <em data-start=\"185\" data-end=\"193\">Michet<\/em>)<\/p>\n<\/li>\n<li data-start=\"197\" data-end=\"254\">\n<p data-start=\"199\" data-end=\"254\"><strong data-start=\"199\" data-end=\"211\">Asukoht:<\/strong> Sarmassa viinamarjaistandus, Barolo k\u00fcla<\/p>\n<\/li>\n<li data-start=\"255\" data-end=\"304\">\n<p data-start=\"257\" data-end=\"304\"><strong data-start=\"257\" data-end=\"272\">L\u00f5ikusviis:<\/strong> Guyot (6\u20138 punga taime kohta)<\/p>\n<\/li>\n<li data-start=\"305\" data-end=\"331\">\n<p data-start=\"307\" data-end=\"331\"><strong data-start=\"307\" data-end=\"317\">Asend:<\/strong> L\u00f5unapoolne<\/p>\n<\/li>\n<li data-start=\"332\" data-end=\"390\">\n<p data-start=\"334\" data-end=\"390\"><strong data-start=\"334\" data-end=\"363\">Istutustiheduse keskmine:<\/strong> 5000 taime hektari kohta<\/p>\n<\/li>\n<li data-start=\"391\" data-end=\"434\">\n<p data-start=\"393\" data-end=\"434\"><strong data-start=\"393\" data-end=\"406\">Saagikus:<\/strong> 5\u20135,5 tonni hektari kohta<\/p>\n<\/li>\n<li data-start=\"435\" data-end=\"467\">\n<p data-start=\"437\" data-end=\"467\"><strong data-start=\"437\" data-end=\"455\">Istutusaastad:<\/strong> 1970\u20131980<\/p>\n<\/li>\n<li data-start=\"468\" data-end=\"509\">\n<p data-start=\"470\" data-end=\"509\"><strong data-start=\"470\" data-end=\"493\">K\u00f5rgus merepinnast:<\/strong> 250\u2013260 meetrit<\/p>\n<\/li>\n<\/ul>\n","protected":false},"excerpt":{"rendered":"<h3>Barolo DOCG Sarmassa 2019 &#8211; kuiv punane vein<\/h3>\n<p data-start=\"620\" data-end=\"736\">V\u00e4ga s\u00fcgav rubiinpunane toon. Aroomis on tunda veel v\u00e4rskust \u2013 punased marjad, mida saadavad peened vaniljenoodid.<\/p>\n<p data-start=\"738\" data-end=\"851\">Maitses kuiv ja t\u00e4idlane, tugeva struktuuriga, rikkalik pol\u00fcfenoolide poolest, mis toetavad veini pikaealisust.<\/p>\n<h2><\/h2>\n","protected":false},"featured_media":57048,"comment_status":"closed","ping_status":"closed","template":"","meta":[],"product_brand":[],"product_cat":[418,17],"product_tag":[637,495,644,498],"class_list":{"0":"post-57047","1":"product","2":"type-product","3":"status-publish","4":"has-post-thumbnail","6":"product_cat-veinipood","7":"product_cat-punane-vein","8":"product_tag-barolo","9":"product_tag-itaalia","10":"product_tag-nebbiolo","11":"product_tag-punane-vein","12":"description-off","14":"first","15":"instock","16":"taxable","17":"shipping-taxable","18":"purchasable","19":"product-type-simple"},"yoast_head":"<!-- This site is optimized with the Yoast SEO Premium plugin v23.0 (Yoast SEO v25.3.1) - https:\/\/yoast.com\/wordpress\/plugins\/seo\/ -->\n<title>Barolo DOCG Sarmassa 2019 - Itaalia kvaliteetvein<\/title>\n<meta name=\"description\" content=\"Barolo DOCG Sarmassa 2019 - Itaalia kvaliteetvein Nebbiolo viinamarjast. Lai valik veine otse maaletoojalt!. Veiniklubi liikmele -20% soodsam!\" \/>\n<meta name=\"robots\" content=\"index, follow, max-snippet:-1, max-image-preview:large, max-video-preview:-1\" \/>\n<link rel=\"canonical\" href=\"https:\/\/bramasole.ee\/en\/Toode\/barolo-docg-sarmassa-2019\/\" \/>\n<meta property=\"og:locale\" content=\"en_US\" \/>\n<meta property=\"og:type\" content=\"article\" \/>\n<meta property=\"og:title\" content=\"Barolo DOCG Sarmassa 2019\" \/>\n<meta property=\"og:description\" content=\"Barolo DOCG Sarmassa 2019 - Itaalia kvaliteetvein Nebbiolo viinamarjast. Lai valik veine otse maaletoojalt!. Veiniklubi liikmele -20% soodsam!\" \/>\n<meta property=\"og:url\" content=\"https:\/\/bramasole.ee\/en\/Toode\/barolo-docg-sarmassa-2019\/\" \/>\n<meta property=\"og:site_name\" content=\"Bramasole\" \/>\n<meta property=\"article:publisher\" content=\"https:\/\/www.facebook.com\/houseofbramasole\" \/>\n<meta property=\"article:modified_time\" content=\"2025-05-28T05:48:23+00:00\" \/>\n<meta property=\"og:image\" content=\"https:\/\/bramasole.ee\/wp-content\/uploads\/2023\/04\/House_of_bramasole_logo.png\" \/>\n\t<meta property=\"og:image:width\" content=\"1031\" \/>\n\t<meta property=\"og:image:height\" content=\"257\" \/>\n\t<meta property=\"og:image:type\" content=\"image\/png\" \/>\n<meta name=\"twitter:card\" content=\"summary_large_image\" \/>\n<meta name=\"twitter:label1\" content=\"Price\" \/>\n\t<meta name=\"twitter:data1\" content=\"&euro;86.10\" \/>\n\t<meta name=\"twitter:label2\" content=\"Availability\" \/>\n\t<meta name=\"twitter:data2\" content=\"In stock\" \/>\n<script type=\"application\/ld+json\" class=\"yoast-schema-graph\">{\"@context\":\"https:\/\/schema.org\",\"@graph\":[{\"@type\":\"WebPage\",\"@id\":\"https:\/\/bramasole.ee\/en\/Toode\/barolo-docg-sarmassa-2019\/\",\"url\":\"https:\/\/bramasole.ee\/en\/Toode\/barolo-docg-sarmassa-2019\/\",\"name\":\"Barolo DOCG Sarmassa 2019 - Itaalia kvaliteetvein\",\"isPartOf\":{\"@id\":\"https:\/\/bramasole.ee\/en\/#website\"},\"primaryImageOfPage\":{\"@id\":\"https:\/\/bramasole.ee\/en\/Toode\/barolo-docg-sarmassa-2019\/#primaryimage\"},\"image\":{\"@id\":\"https:\/\/bramasole.ee\/en\/Toode\/barolo-docg-sarmassa-2019\/#primaryimage\"},\"thumbnailUrl\":\"https:\/\/bramasole.ee\/wp-content\/uploads\/2025\/05\/barolo_sarmassa.avif\",\"datePublished\":\"2025-05-28T05:42:29+00:00\",\"dateModified\":\"2025-05-28T05:48:23+00:00\",\"description\":\"Barolo DOCG Sarmassa 2019 - Itaalia kvaliteetvein Nebbiolo viinamarjast. Lai valik veine otse maaletoojalt!. Veiniklubi liikmele -20% soodsam!\",\"breadcrumb\":{\"@id\":\"https:\/\/bramasole.ee\/en\/Toode\/barolo-docg-sarmassa-2019\/#breadcrumb\"},\"inLanguage\":\"en-US\",\"potentialAction\":[{\"@type\":\"ReadAction\",\"target\":[\"https:\/\/bramasole.ee\/en\/Toode\/barolo-docg-sarmassa-2019\/\"]}]},{\"@type\":\"ImageObject\",\"inLanguage\":\"en-US\",\"@id\":\"https:\/\/bramasole.ee\/en\/Toode\/barolo-docg-sarmassa-2019\/#primaryimage\",\"url\":\"https:\/\/bramasole.ee\/wp-content\/uploads\/2025\/05\/barolo_sarmassa.avif\",\"contentUrl\":\"https:\/\/bramasole.ee\/wp-content\/uploads\/2025\/05\/barolo_sarmassa.avif\",\"width\":596,\"height\":835,\"caption\":\"Barolo DOCG Sarmassa 2019\"},{\"@type\":\"BreadcrumbList\",\"@id\":\"https:\/\/bramasole.ee\/en\/Toode\/barolo-docg-sarmassa-2019\/#breadcrumb\",\"itemListElement\":[{\"@type\":\"ListItem\",\"position\":1,\"name\":\"Home\",\"item\":\"https:\/\/bramasole.ee\/en\/\"},{\"@type\":\"ListItem\",\"position\":2,\"name\":\"VEINIPOOD\",\"item\":\"https:\/\/bramasole.ee\/veinipood\/\"},{\"@type\":\"ListItem\",\"position\":3,\"name\":\"Barolo DOCG Sarmassa 2019\"}]},{\"@type\":\"WebSite\",\"@id\":\"https:\/\/bramasole.ee\/en\/#website\",\"url\":\"https:\/\/bramasole.ee\/en\/\",\"name\":\"Bramasole\",\"description\":\"Bramasole veinipood - ainult hea vein!\",\"publisher\":{\"@id\":\"https:\/\/bramasole.ee\/en\/#organization\"},\"alternateName\":\"Bramasole veinid\",\"potentialAction\":[{\"@type\":\"SearchAction\",\"target\":{\"@type\":\"EntryPoint\",\"urlTemplate\":\"https:\/\/bramasole.ee\/en\/?s={search_term_string}\"},\"query-input\":{\"@type\":\"PropertyValueSpecification\",\"valueRequired\":true,\"valueName\":\"search_term_string\"}}],\"inLanguage\":\"en-US\"},{\"@type\":\"Organization\",\"@id\":\"https:\/\/bramasole.ee\/en\/#organization\",\"name\":\"Bramasole\",\"url\":\"https:\/\/bramasole.ee\/en\/\",\"logo\":{\"@type\":\"ImageObject\",\"inLanguage\":\"en-US\",\"@id\":\"https:\/\/bramasole.ee\/en\/#\/schema\/logo\/image\/\",\"url\":\"https:\/\/bramasole.ee\/wp-content\/uploads\/2023\/04\/House_of_bramasole_logo.png\",\"contentUrl\":\"https:\/\/bramasole.ee\/wp-content\/uploads\/2023\/04\/House_of_bramasole_logo.png\",\"width\":1031,\"height\":257,\"caption\":\"Bramasole\"},\"image\":{\"@id\":\"https:\/\/bramasole.ee\/en\/#\/schema\/logo\/image\/\"},\"sameAs\":[\"https:\/\/www.facebook.com\/houseofbramasole\",\"https:\/\/www.instagram.com\/houseofbramasole\/\"]}]}<\/script>\n<meta property=\"product:price:amount\" content=\"86.10\" \/>\n<meta property=\"product:price:currency\" content=\"EUR\" \/>\n<meta property=\"og:availability\" content=\"instock\" \/>\n<meta property=\"product:availability\" content=\"instock\" \/>\n<meta property=\"product:retailer_item_id\" content=\"1.BRSA.19.075.\" \/>\n<meta property=\"product:condition\" content=\"new\" \/>\n<!-- \/ Yoast SEO Premium plugin. -->","yoast_head_json":{"title":"Barolo DOCG Sarmassa 2019 - Itaalia kvaliteetvein","description":"Barolo DOCG Sarmassa 2019 - Itaalia kvaliteetvein Nebbiolo viinamarjast. Lai valik veine otse maaletoojalt!. Veiniklubi liikmele -20% soodsam!","robots":{"index":"index","follow":"follow","max-snippet":"max-snippet:-1","max-image-preview":"max-image-preview:large","max-video-preview":"max-video-preview:-1"},"canonical":"https:\/\/bramasole.ee\/en\/Toode\/barolo-docg-sarmassa-2019\/","og_locale":"en_US","og_type":"article","og_title":"Barolo DOCG Sarmassa 2019","og_description":"Barolo DOCG Sarmassa 2019 - Itaalia kvaliteetvein Nebbiolo viinamarjast. Lai valik veine otse maaletoojalt!. Veiniklubi liikmele -20% soodsam!","og_url":"https:\/\/bramasole.ee\/en\/Toode\/barolo-docg-sarmassa-2019\/","og_site_name":"Bramasole","article_publisher":"https:\/\/www.facebook.com\/houseofbramasole","article_modified_time":"2025-05-28T05:48:23+00:00","og_image":[{"width":1031,"height":257,"url":"https:\/\/bramasole.ee\/wp-content\/uploads\/2023\/04\/House_of_bramasole_logo.png","type":"image\/png"}],"twitter_card":"summary_large_image","twitter_misc":{"Price":"&euro;86.10","Availability":"In stock"},"schema":{"@context":"https:\/\/schema.org","@graph":[{"@type":"WebPage","@id":"https:\/\/bramasole.ee\/en\/Toode\/barolo-docg-sarmassa-2019\/","url":"https:\/\/bramasole.ee\/en\/Toode\/barolo-docg-sarmassa-2019\/","name":"Barolo DOCG Sarmassa 2019 - Itaalia kvaliteetvein","isPartOf":{"@id":"https:\/\/bramasole.ee\/en\/#website"},"primaryImageOfPage":{"@id":"https:\/\/bramasole.ee\/en\/Toode\/barolo-docg-sarmassa-2019\/#primaryimage"},"image":{"@id":"https:\/\/bramasole.ee\/en\/Toode\/barolo-docg-sarmassa-2019\/#primaryimage"},"thumbnailUrl":"https:\/\/bramasole.ee\/wp-content\/uploads\/2025\/05\/barolo_sarmassa.avif","datePublished":"2025-05-28T05:42:29+00:00","dateModified":"2025-05-28T05:48:23+00:00","description":"Barolo DOCG Sarmassa 2019 - Itaalia kvaliteetvein Nebbiolo viinamarjast. Lai valik veine otse maaletoojalt!. Veiniklubi liikmele -20% soodsam!","breadcrumb":{"@id":"https:\/\/bramasole.ee\/en\/Toode\/barolo-docg-sarmassa-2019\/#breadcrumb"},"inLanguage":"en-US","potentialAction":[{"@type":"ReadAction","target":["https:\/\/bramasole.ee\/en\/Toode\/barolo-docg-sarmassa-2019\/"]}]},{"@type":"ImageObject","inLanguage":"en-US","@id":"https:\/\/bramasole.ee\/en\/Toode\/barolo-docg-sarmassa-2019\/#primaryimage","url":"https:\/\/bramasole.ee\/wp-content\/uploads\/2025\/05\/barolo_sarmassa.avif","contentUrl":"https:\/\/bramasole.ee\/wp-content\/uploads\/2025\/05\/barolo_sarmassa.avif","width":596,"height":835,"caption":"Barolo DOCG Sarmassa 2019"},{"@type":"BreadcrumbList","@id":"https:\/\/bramasole.ee\/en\/Toode\/barolo-docg-sarmassa-2019\/#breadcrumb","itemListElement":[{"@type":"ListItem","position":1,"name":"Home","item":"https:\/\/bramasole.ee\/en\/"},{"@type":"ListItem","position":2,"name":"VEINIPOOD","item":"https:\/\/bramasole.ee\/veinipood\/"},{"@type":"ListItem","position":3,"name":"Barolo DOCG Sarmassa 2019"}]},{"@type":"WebSite","@id":"https:\/\/bramasole.ee\/en\/#website","url":"https:\/\/bramasole.ee\/en\/","name":"Bramasole","description":"Bramasole veinipood - ainult hea vein!","publisher":{"@id":"https:\/\/bramasole.ee\/en\/#organization"},"alternateName":"Bramasole veinid","potentialAction":[{"@type":"SearchAction","target":{"@type":"EntryPoint","urlTemplate":"https:\/\/bramasole.ee\/en\/?s={search_term_string}"},"query-input":{"@type":"PropertyValueSpecification","valueRequired":true,"valueName":"search_term_string"}}],"inLanguage":"en-US"},{"@type":"Organization","@id":"https:\/\/bramasole.ee\/en\/#organization","name":"Bramasole","url":"https:\/\/bramasole.ee\/en\/","logo":{"@type":"ImageObject","inLanguage":"en-US","@id":"https:\/\/bramasole.ee\/en\/#\/schema\/logo\/image\/","url":"https:\/\/bramasole.ee\/wp-content\/uploads\/2023\/04\/House_of_bramasole_logo.png","contentUrl":"https:\/\/bramasole.ee\/wp-content\/uploads\/2023\/04\/House_of_bramasole_logo.png","width":1031,"height":257,"caption":"Bramasole"},"image":{"@id":"https:\/\/bramasole.ee\/en\/#\/schema\/logo\/image\/"},"sameAs":["https:\/\/www.facebook.com\/houseofbramasole","https:\/\/www.instagram.com\/houseofbramasole\/"]}]},"product_price_amount":"86.10","product_price_currency":"EUR","og_availability":"instock","product_availability":"instock","product_retailer_item_id":"1.BRSA.19.075.","product_condition":"new"},"_links":{"self":[{"href":"https:\/\/bramasole.ee\/en\/wp-json\/wp\/v2\/product\/57047","targetHints":{"allow":["GET"]}}],"collection":[{"href":"https:\/\/bramasole.ee\/en\/wp-json\/wp\/v2\/product"}],"about":[{"href":"https:\/\/bramasole.ee\/en\/wp-json\/wp\/v2\/types\/product"}],"replies":[{"embeddable":true,"href":"https:\/\/bramasole.ee\/en\/wp-json\/wp\/v2\/comments?post=57047"}],"wp:featuredmedia":[{"embeddable":true,"href":"https:\/\/bramasole.ee\/en\/wp-json\/wp\/v2\/media\/57048"}],"wp:attachment":[{"href":"https:\/\/bramasole.ee\/en\/wp-json\/wp\/v2\/media?parent=57047"}],"wp:term":[{"taxonomy":"product_brand","embeddable":true,"href":"https:\/\/bramasole.ee\/en\/wp-json\/wp\/v2\/product_brand?post=57047"},{"taxonomy":"product_cat","embeddable":true,"href":"https:\/\/bramasole.ee\/en\/wp-json\/wp\/v2\/product_cat?post=57047"},{"taxonomy":"product_tag","embeddable":true,"href":"https:\/\/bramasole.ee\/en\/wp-json\/wp\/v2\/product_tag?post=57047"}],"curies":[{"name":"wp","href":"https:\/\/api.w.org\/{rel}","templated":true}]}}