{"id":57043,"date":"2025-05-28T08:29:02","date_gmt":"2025-05-28T05:29:02","guid":{"rendered":"https:\/\/bramasole.ee\/?post_type=product&#038;p=57043"},"modified":"2025-05-28T08:35:55","modified_gmt":"2025-05-28T05:35:55","slug":"barolo-docg-cannubi-2019","status":"publish","type":"product","link":"https:\/\/bramasole.ee\/en\/Toode\/barolo-docg-cannubi-2019\/","title":{"rendered":"Barolo DOCG Cannubi 2019"},"content":{"rendered":"<h3>Barolo DOCG Cannubi 2019<\/h3>\n<p>Viinamari: Nebbiolo 100%<\/p>\n<h3 data-start=\"160\" data-end=\"182\"><strong data-start=\"164\" data-end=\"182\">Veinivalmistus<\/strong><\/h3>\n<p data-start=\"184\" data-end=\"304\">Viinamarjad pressitakse \u00f5rnalt, seej\u00e4rel toimub umbes 10-p\u00e4evane kestadega leotus maksimaalsel temperatuuril 29\u201331\u202f\u00b0C.<\/p>\n<p data-start=\"306\" data-end=\"593\">Peale pressimist ja esmast \u00fcmbervillimist dekanteeritakse vein 300- ja 500-liitristesse <strong data-start=\"394\" data-end=\"405\">Tonneau<\/strong> tammevaatidesse, kus see k\u00fcpseb 18 kuu jooksul. Seej\u00e4rel vein selgitatakse, kuid <strong data-start=\"487\" data-end=\"504\">filtreerimata<\/strong> kujul villitakse pudelisse ning laagerdub seal veel aasta enne pakendamist ja tarnimist.<\/p>\n<h3 data-start=\"600\" data-end=\"637\"><strong data-start=\"604\" data-end=\"637\">Maitseomadused ja s\u00e4ilitamine<\/strong><\/h3>\n<p data-start=\"639\" data-end=\"795\">Rubiinpunase v\u00e4rvusega <strong data-start=\"662\" data-end=\"680\">Barolo Cannubi<\/strong> avaldab rikkaliku buketiga, mis avaneb j\u00e4rk-j\u00e4rgult \u2013 esile tulevad rooside, tr\u00fchvlite ja puiduv\u00fcrtside aroomid.<\/p>\n<p data-start=\"797\" data-end=\"917\">Maitses elegantne ja peen, areneb \u00f5huga veelgi keerukamaks. Pika j\u00e4relmaitsega, mis viitab suurele arengupotentsiaalile.<\/p>\n<p data-start=\"919\" data-end=\"979\"><strong data-start=\"919\" data-end=\"943\">Serveerimissoovitus:<\/strong> 17\u201318\u202f\u00b0C, suurtest veiniklaasidest.<\/p>\n<ul data-start=\"173\" data-end=\"621\">\n<li data-start=\"173\" data-end=\"234\">\n<p data-start=\"175\" data-end=\"234\"><strong data-start=\"175\" data-end=\"189\">Viinamari:<\/strong> Nebbiolo (alamliigid <em data-start=\"211\" data-end=\"219\">Lampia<\/em> ja <em data-start=\"223\" data-end=\"231\">Michet<\/em>)<\/p>\n<\/li>\n<li data-start=\"235\" data-end=\"282\">\n<p data-start=\"237\" data-end=\"282\"><strong data-start=\"237\" data-end=\"250\">P\u00e4ritolu:<\/strong> Cannubi Boschis, Barolo k\u00fclas<\/p>\n<\/li>\n<li data-start=\"283\" data-end=\"353\">\n<p data-start=\"285\" data-end=\"353\"><strong data-start=\"285\" data-end=\"294\">Muld:<\/strong> Peamiselt savikast lubjakivimarmorist ja liivast koosnev<\/p>\n<\/li>\n<li data-start=\"354\" data-end=\"386\">\n<p data-start=\"356\" data-end=\"386\"><strong data-start=\"356\" data-end=\"366\">Asend:<\/strong> L\u00f5una\u2013kagu suunal<\/p>\n<\/li>\n<li data-start=\"387\" data-end=\"436\">\n<p data-start=\"389\" data-end=\"436\"><strong data-start=\"389\" data-end=\"404\">L\u00f5ikusviis:<\/strong> Guyot (6\u20138 punga taime kohta)<\/p>\n<\/li>\n<li data-start=\"437\" data-end=\"495\">\n<p data-start=\"439\" data-end=\"495\"><strong data-start=\"439\" data-end=\"468\">Istutustiheduse keskmine:<\/strong> 5000 taime hektari kohta<\/p>\n<\/li>\n<li data-start=\"496\" data-end=\"543\">\n<p data-start=\"498\" data-end=\"543\"><strong data-start=\"498\" data-end=\"511\">Saagikus:<\/strong> 50\u201355 kvintalit hektari kohta<\/p>\n<\/li>\n<li data-start=\"544\" data-end=\"570\">\n<p data-start=\"546\" data-end=\"570\"><strong data-start=\"546\" data-end=\"563\">Istutusaasta:<\/strong> 1970<\/p>\n<\/li>\n<li data-start=\"571\" data-end=\"621\">\n<p data-start=\"573\" data-end=\"621\"><strong data-start=\"573\" data-end=\"605\">Keskmine k\u00f5rgus merepinnast:<\/strong> 250\u2013260 meetrit<\/p>\n<\/li>\n<\/ul>\n","protected":false},"excerpt":{"rendered":"<h3>Barolo DOCG Cannubi 2019 &#8211; kuiv punane vein<\/h3>\n<p data-start=\"639\" data-end=\"795\">Rubiinpunase v\u00e4rvusega <strong data-start=\"662\" data-end=\"680\">Barolo Cannubi<\/strong> avaldab rikkaliku buketiga, mis avaneb j\u00e4rk-j\u00e4rgult \u2013 esile tulevad rooside, tr\u00fchvlite ja puiduv\u00fcrtside aroomid.<\/p>\n<p data-start=\"797\" data-end=\"917\">Maitses elegantne ja peen, areneb \u00f5huga veelgi keerukamaks. Pika j\u00e4relmaitsega, mis viitab suurele arengupotentsiaalile.<\/p>\n<p>&nbsp;<\/p>\n<h2><\/h2>\n","protected":false},"featured_media":57044,"comment_status":"closed","ping_status":"closed","template":"","meta":[],"product_brand":[],"product_cat":[418,17],"product_tag":[637,495,644,498],"class_list":{"0":"post-57043","1":"product","2":"type-product","3":"status-publish","4":"has-post-thumbnail","6":"product_cat-veinipood","7":"product_cat-punane-vein","8":"product_tag-barolo","9":"product_tag-itaalia","10":"product_tag-nebbiolo","11":"product_tag-punane-vein","12":"description-off","14":"first","15":"instock","16":"taxable","17":"shipping-taxable","18":"purchasable","19":"product-type-simple"},"yoast_head":"<!-- This site is optimized with the Yoast SEO Premium plugin v23.0 (Yoast SEO v25.3.1) - https:\/\/yoast.com\/wordpress\/plugins\/seo\/ -->\n<title>Barolo DOCG Cannubi 2019 - Itaalia kvaliteetvein<\/title>\n<meta name=\"description\" content=\"Barolo DOCG Cannubi 2019 - Itaalia kvaliteetvein Nebbiolo viinamarjast. Lai valik veine otse maaletoojalt!. Veiniklubi liikmele -20% soodsam!\" \/>\n<meta name=\"robots\" content=\"index, follow, max-snippet:-1, max-image-preview:large, max-video-preview:-1\" \/>\n<link rel=\"canonical\" href=\"https:\/\/bramasole.ee\/en\/Toode\/barolo-docg-cannubi-2019\/\" \/>\n<meta property=\"og:locale\" content=\"en_US\" \/>\n<meta property=\"og:type\" content=\"article\" \/>\n<meta property=\"og:title\" content=\"Barolo DOCG Cannubi 2019\" \/>\n<meta property=\"og:description\" content=\"Barolo DOCG Cannubi 2019 - Itaalia kvaliteetvein Nebbiolo viinamarjast. Lai valik veine otse maaletoojalt!. Veiniklubi liikmele -20% soodsam!\" \/>\n<meta property=\"og:url\" content=\"https:\/\/bramasole.ee\/en\/Toode\/barolo-docg-cannubi-2019\/\" \/>\n<meta property=\"og:site_name\" content=\"Bramasole\" \/>\n<meta property=\"article:publisher\" content=\"https:\/\/www.facebook.com\/houseofbramasole\" \/>\n<meta property=\"article:modified_time\" content=\"2025-05-28T05:35:55+00:00\" \/>\n<meta property=\"og:image\" content=\"https:\/\/bramasole.ee\/wp-content\/uploads\/2023\/04\/House_of_bramasole_logo.png\" \/>\n\t<meta property=\"og:image:width\" content=\"1031\" \/>\n\t<meta property=\"og:image:height\" content=\"257\" \/>\n\t<meta property=\"og:image:type\" content=\"image\/png\" \/>\n<meta name=\"twitter:card\" content=\"summary_large_image\" \/>\n<meta name=\"twitter:label1\" content=\"Price\" \/>\n\t<meta name=\"twitter:data1\" content=\"&euro;86.10\" \/>\n\t<meta name=\"twitter:label2\" content=\"Availability\" \/>\n\t<meta name=\"twitter:data2\" content=\"In stock\" \/>\n<script type=\"application\/ld+json\" class=\"yoast-schema-graph\">{\"@context\":\"https:\/\/schema.org\",\"@graph\":[{\"@type\":\"WebPage\",\"@id\":\"https:\/\/bramasole.ee\/en\/Toode\/barolo-docg-cannubi-2019\/\",\"url\":\"https:\/\/bramasole.ee\/en\/Toode\/barolo-docg-cannubi-2019\/\",\"name\":\"Barolo DOCG Cannubi 2019 - Itaalia kvaliteetvein\",\"isPartOf\":{\"@id\":\"https:\/\/bramasole.ee\/en\/#website\"},\"primaryImageOfPage\":{\"@id\":\"https:\/\/bramasole.ee\/en\/Toode\/barolo-docg-cannubi-2019\/#primaryimage\"},\"image\":{\"@id\":\"https:\/\/bramasole.ee\/en\/Toode\/barolo-docg-cannubi-2019\/#primaryimage\"},\"thumbnailUrl\":\"https:\/\/bramasole.ee\/wp-content\/uploads\/2025\/05\/barolo_cannubi.avif\",\"datePublished\":\"2025-05-28T05:29:02+00:00\",\"dateModified\":\"2025-05-28T05:35:55+00:00\",\"description\":\"Barolo DOCG Cannubi 2019 - Itaalia kvaliteetvein Nebbiolo viinamarjast. Lai valik veine otse maaletoojalt!. Veiniklubi liikmele -20% soodsam!\",\"breadcrumb\":{\"@id\":\"https:\/\/bramasole.ee\/en\/Toode\/barolo-docg-cannubi-2019\/#breadcrumb\"},\"inLanguage\":\"en-US\",\"potentialAction\":[{\"@type\":\"ReadAction\",\"target\":[\"https:\/\/bramasole.ee\/en\/Toode\/barolo-docg-cannubi-2019\/\"]}]},{\"@type\":\"ImageObject\",\"inLanguage\":\"en-US\",\"@id\":\"https:\/\/bramasole.ee\/en\/Toode\/barolo-docg-cannubi-2019\/#primaryimage\",\"url\":\"https:\/\/bramasole.ee\/wp-content\/uploads\/2025\/05\/barolo_cannubi.avif\",\"contentUrl\":\"https:\/\/bramasole.ee\/wp-content\/uploads\/2025\/05\/barolo_cannubi.avif\",\"width\":596,\"height\":835,\"caption\":\"Barolo DOCG Cannubi\"},{\"@type\":\"BreadcrumbList\",\"@id\":\"https:\/\/bramasole.ee\/en\/Toode\/barolo-docg-cannubi-2019\/#breadcrumb\",\"itemListElement\":[{\"@type\":\"ListItem\",\"position\":1,\"name\":\"Home\",\"item\":\"https:\/\/bramasole.ee\/en\/\"},{\"@type\":\"ListItem\",\"position\":2,\"name\":\"VEINIPOOD\",\"item\":\"https:\/\/bramasole.ee\/veinipood\/\"},{\"@type\":\"ListItem\",\"position\":3,\"name\":\"Barolo DOCG Cannubi 2019\"}]},{\"@type\":\"WebSite\",\"@id\":\"https:\/\/bramasole.ee\/en\/#website\",\"url\":\"https:\/\/bramasole.ee\/en\/\",\"name\":\"Bramasole\",\"description\":\"Bramasole veinipood - ainult hea vein!\",\"publisher\":{\"@id\":\"https:\/\/bramasole.ee\/en\/#organization\"},\"alternateName\":\"Bramasole veinid\",\"potentialAction\":[{\"@type\":\"SearchAction\",\"target\":{\"@type\":\"EntryPoint\",\"urlTemplate\":\"https:\/\/bramasole.ee\/en\/?s={search_term_string}\"},\"query-input\":{\"@type\":\"PropertyValueSpecification\",\"valueRequired\":true,\"valueName\":\"search_term_string\"}}],\"inLanguage\":\"en-US\"},{\"@type\":\"Organization\",\"@id\":\"https:\/\/bramasole.ee\/en\/#organization\",\"name\":\"Bramasole\",\"url\":\"https:\/\/bramasole.ee\/en\/\",\"logo\":{\"@type\":\"ImageObject\",\"inLanguage\":\"en-US\",\"@id\":\"https:\/\/bramasole.ee\/en\/#\/schema\/logo\/image\/\",\"url\":\"https:\/\/bramasole.ee\/wp-content\/uploads\/2023\/04\/House_of_bramasole_logo.png\",\"contentUrl\":\"https:\/\/bramasole.ee\/wp-content\/uploads\/2023\/04\/House_of_bramasole_logo.png\",\"width\":1031,\"height\":257,\"caption\":\"Bramasole\"},\"image\":{\"@id\":\"https:\/\/bramasole.ee\/en\/#\/schema\/logo\/image\/\"},\"sameAs\":[\"https:\/\/www.facebook.com\/houseofbramasole\",\"https:\/\/www.instagram.com\/houseofbramasole\/\"]}]}<\/script>\n<meta property=\"product:price:amount\" content=\"86.10\" \/>\n<meta property=\"product:price:currency\" content=\"EUR\" \/>\n<meta property=\"og:availability\" content=\"instock\" \/>\n<meta property=\"product:availability\" content=\"instock\" \/>\n<meta property=\"product:retailer_item_id\" content=\"1.BRCA.19.075\" \/>\n<meta property=\"product:condition\" content=\"new\" \/>\n<!-- \/ Yoast SEO Premium plugin. -->","yoast_head_json":{"title":"Barolo DOCG Cannubi 2019 - Itaalia kvaliteetvein","description":"Barolo DOCG Cannubi 2019 - Itaalia kvaliteetvein Nebbiolo viinamarjast. Lai valik veine otse maaletoojalt!. Veiniklubi liikmele -20% soodsam!","robots":{"index":"index","follow":"follow","max-snippet":"max-snippet:-1","max-image-preview":"max-image-preview:large","max-video-preview":"max-video-preview:-1"},"canonical":"https:\/\/bramasole.ee\/en\/Toode\/barolo-docg-cannubi-2019\/","og_locale":"en_US","og_type":"article","og_title":"Barolo DOCG Cannubi 2019","og_description":"Barolo DOCG Cannubi 2019 - Itaalia kvaliteetvein Nebbiolo viinamarjast. Lai valik veine otse maaletoojalt!. Veiniklubi liikmele -20% soodsam!","og_url":"https:\/\/bramasole.ee\/en\/Toode\/barolo-docg-cannubi-2019\/","og_site_name":"Bramasole","article_publisher":"https:\/\/www.facebook.com\/houseofbramasole","article_modified_time":"2025-05-28T05:35:55+00:00","og_image":[{"width":1031,"height":257,"url":"https:\/\/bramasole.ee\/wp-content\/uploads\/2023\/04\/House_of_bramasole_logo.png","type":"image\/png"}],"twitter_card":"summary_large_image","twitter_misc":{"Price":"&euro;86.10","Availability":"In stock"},"schema":{"@context":"https:\/\/schema.org","@graph":[{"@type":"WebPage","@id":"https:\/\/bramasole.ee\/en\/Toode\/barolo-docg-cannubi-2019\/","url":"https:\/\/bramasole.ee\/en\/Toode\/barolo-docg-cannubi-2019\/","name":"Barolo DOCG Cannubi 2019 - Itaalia kvaliteetvein","isPartOf":{"@id":"https:\/\/bramasole.ee\/en\/#website"},"primaryImageOfPage":{"@id":"https:\/\/bramasole.ee\/en\/Toode\/barolo-docg-cannubi-2019\/#primaryimage"},"image":{"@id":"https:\/\/bramasole.ee\/en\/Toode\/barolo-docg-cannubi-2019\/#primaryimage"},"thumbnailUrl":"https:\/\/bramasole.ee\/wp-content\/uploads\/2025\/05\/barolo_cannubi.avif","datePublished":"2025-05-28T05:29:02+00:00","dateModified":"2025-05-28T05:35:55+00:00","description":"Barolo DOCG Cannubi 2019 - Itaalia kvaliteetvein Nebbiolo viinamarjast. Lai valik veine otse maaletoojalt!. Veiniklubi liikmele -20% soodsam!","breadcrumb":{"@id":"https:\/\/bramasole.ee\/en\/Toode\/barolo-docg-cannubi-2019\/#breadcrumb"},"inLanguage":"en-US","potentialAction":[{"@type":"ReadAction","target":["https:\/\/bramasole.ee\/en\/Toode\/barolo-docg-cannubi-2019\/"]}]},{"@type":"ImageObject","inLanguage":"en-US","@id":"https:\/\/bramasole.ee\/en\/Toode\/barolo-docg-cannubi-2019\/#primaryimage","url":"https:\/\/bramasole.ee\/wp-content\/uploads\/2025\/05\/barolo_cannubi.avif","contentUrl":"https:\/\/bramasole.ee\/wp-content\/uploads\/2025\/05\/barolo_cannubi.avif","width":596,"height":835,"caption":"Barolo DOCG Cannubi"},{"@type":"BreadcrumbList","@id":"https:\/\/bramasole.ee\/en\/Toode\/barolo-docg-cannubi-2019\/#breadcrumb","itemListElement":[{"@type":"ListItem","position":1,"name":"Home","item":"https:\/\/bramasole.ee\/en\/"},{"@type":"ListItem","position":2,"name":"VEINIPOOD","item":"https:\/\/bramasole.ee\/veinipood\/"},{"@type":"ListItem","position":3,"name":"Barolo DOCG Cannubi 2019"}]},{"@type":"WebSite","@id":"https:\/\/bramasole.ee\/en\/#website","url":"https:\/\/bramasole.ee\/en\/","name":"Bramasole","description":"Bramasole veinipood - ainult hea vein!","publisher":{"@id":"https:\/\/bramasole.ee\/en\/#organization"},"alternateName":"Bramasole veinid","potentialAction":[{"@type":"SearchAction","target":{"@type":"EntryPoint","urlTemplate":"https:\/\/bramasole.ee\/en\/?s={search_term_string}"},"query-input":{"@type":"PropertyValueSpecification","valueRequired":true,"valueName":"search_term_string"}}],"inLanguage":"en-US"},{"@type":"Organization","@id":"https:\/\/bramasole.ee\/en\/#organization","name":"Bramasole","url":"https:\/\/bramasole.ee\/en\/","logo":{"@type":"ImageObject","inLanguage":"en-US","@id":"https:\/\/bramasole.ee\/en\/#\/schema\/logo\/image\/","url":"https:\/\/bramasole.ee\/wp-content\/uploads\/2023\/04\/House_of_bramasole_logo.png","contentUrl":"https:\/\/bramasole.ee\/wp-content\/uploads\/2023\/04\/House_of_bramasole_logo.png","width":1031,"height":257,"caption":"Bramasole"},"image":{"@id":"https:\/\/bramasole.ee\/en\/#\/schema\/logo\/image\/"},"sameAs":["https:\/\/www.facebook.com\/houseofbramasole","https:\/\/www.instagram.com\/houseofbramasole\/"]}]},"product_price_amount":"86.10","product_price_currency":"EUR","og_availability":"instock","product_availability":"instock","product_retailer_item_id":"1.BRCA.19.075","product_condition":"new"},"_links":{"self":[{"href":"https:\/\/bramasole.ee\/en\/wp-json\/wp\/v2\/product\/57043","targetHints":{"allow":["GET"]}}],"collection":[{"href":"https:\/\/bramasole.ee\/en\/wp-json\/wp\/v2\/product"}],"about":[{"href":"https:\/\/bramasole.ee\/en\/wp-json\/wp\/v2\/types\/product"}],"replies":[{"embeddable":true,"href":"https:\/\/bramasole.ee\/en\/wp-json\/wp\/v2\/comments?post=57043"}],"wp:featuredmedia":[{"embeddable":true,"href":"https:\/\/bramasole.ee\/en\/wp-json\/wp\/v2\/media\/57044"}],"wp:attachment":[{"href":"https:\/\/bramasole.ee\/en\/wp-json\/wp\/v2\/media?parent=57043"}],"wp:term":[{"taxonomy":"product_brand","embeddable":true,"href":"https:\/\/bramasole.ee\/en\/wp-json\/wp\/v2\/product_brand?post=57043"},{"taxonomy":"product_cat","embeddable":true,"href":"https:\/\/bramasole.ee\/en\/wp-json\/wp\/v2\/product_cat?post=57043"},{"taxonomy":"product_tag","embeddable":true,"href":"https:\/\/bramasole.ee\/en\/wp-json\/wp\/v2\/product_tag?post=57043"}],"curies":[{"name":"wp","href":"https:\/\/api.w.org\/{rel}","templated":true}]}}