{"id":57040,"date":"2025-05-28T08:16:00","date_gmt":"2025-05-28T05:16:00","guid":{"rendered":"https:\/\/bramasole.ee\/?post_type=product&#038;p=57040"},"modified":"2025-05-28T08:39:19","modified_gmt":"2025-05-28T05:39:19","slug":"barolo-docg-del-comune-di-barolo-2019","status":"publish","type":"product","link":"https:\/\/bramasole.ee\/en\/Toode\/barolo-docg-del-comune-di-barolo-2019\/","title":{"rendered":"Barolo DOCG del Comune di Barolo 2019"},"content":{"rendered":"<h3>Barolo DOCG del Comune di Barolo 2019<\/h3>\n<p>Viinamari: Nebbiolo 100%<\/p>\n<h3 data-start=\"96\" data-end=\"116\"><strong data-start=\"100\" data-end=\"116\">Valmistamine<\/strong><\/h3>\n<p data-start=\"118\" data-end=\"350\">Viinamarjad purustatakse ja varred eemaldatakse, millele j\u00e4rgneb 10-p\u00e4evane leotamine kestadega traditsioonilistes p\u00f6\u00f6rlevate labadega vaatides. Kasutatakse meetodit \u201erack and return\u201c, mis aitab paremini ekstraheerida pol\u00fcfenoole.<\/p>\n<p data-start=\"352\" data-end=\"546\">Vein laagerdub 18 kuud 300\u2013500-liitristes tammevaatides, seej\u00e4rel puhkab roostevabast terasest mahutites enne villimist. Pudelis toimub horisontaalne j\u00e4relk\u00fcpsemine enne pakendamist ja saatmist.<\/p>\n<h3 data-start=\"553\" data-end=\"575\"><strong data-start=\"557\" data-end=\"575\">Maitseomadused<\/strong><\/h3>\n<p data-start=\"577\" data-end=\"697\">S\u00fcgav rubiinpunane v\u00e4rvus. Intensiivne aroom, milles on tunda punaseid marju koos arenenud tamme ja vanilje nootidega.<\/p>\n<p data-start=\"699\" data-end=\"902\">Maitses \u00fcmar ja kompaktne, tanniinid on tajutavad, ent h\u00e4sti integreerunud ning saadetud lopsaka puuviljasusega. Kompleksne ja tasakaalustatud vein \u2013 t\u00e4idlane, viljaka iseloomuga ja pehmete tanniinidega.<\/p>\n<h3 data-start=\"909\" data-end=\"944\"><strong data-start=\"913\" data-end=\"944\">S\u00e4ilitamine ja serveerimine<\/strong><\/h3>\n<p data-start=\"946\" data-end=\"1120\">Vein saavutab oma tipptaseme p\u00e4rast 2\u20133-aastast horisontaalset laagerdumist jahedas ja pimedas ruumis.<br data-start=\"1048\" data-end=\"1051\" \/>Soovitatav serveerimistemperatuur: 17\u201318\u202f\u00b0C<\/p>\n<ul>\n<li data-start=\"119\" data-end=\"185\">\n<p data-start=\"121\" data-end=\"185\"><strong data-start=\"121\" data-end=\"140\">Viinamarjasort:<\/strong> Nebbiolo (alamliigid <em data-start=\"162\" data-end=\"170\">Lampia<\/em> ja <em data-start=\"174\" data-end=\"182\">Michet<\/em>)<\/p>\n<\/li>\n<li data-start=\"186\" data-end=\"219\">\n<p data-start=\"188\" data-end=\"219\"><strong data-start=\"188\" data-end=\"201\">P\u00e4ritolu:<\/strong> Barolo piirkond<\/p>\n<\/li>\n<li data-start=\"220\" data-end=\"269\">\n<p data-start=\"222\" data-end=\"269\"><strong data-start=\"222\" data-end=\"239\">L\u00f5ikusmeetod:<\/strong> Guyot\u2019 s\u00fcsteem (6\u20138 v\u00f5rset)<\/p>\n<\/li>\n<li data-start=\"270\" data-end=\"313\">\n<p data-start=\"272\" data-end=\"313\"><strong data-start=\"272\" data-end=\"282\">Asend:<\/strong> L\u00f5una\u2013kagu suunalised n\u00f5lvad<\/p>\n<\/li>\n<li data-start=\"314\" data-end=\"375\">\n<p data-start=\"316\" data-end=\"375\"><strong data-start=\"316\" data-end=\"345\">Istutustiheduse keskmine:<\/strong> ca 4500 taime hektari kohta<\/p>\n<\/li>\n<li data-start=\"376\" data-end=\"423\">\n<p data-start=\"378\" data-end=\"423\"><strong data-start=\"378\" data-end=\"391\">Saagikus:<\/strong> 50\u201355 kvintalit hektari kohta<\/p>\n<\/li>\n<li data-start=\"424\" data-end=\"456\">\n<p data-start=\"426\" data-end=\"456\"><strong data-start=\"426\" data-end=\"444\">Istutusaastad:<\/strong> 1970\u20131980<\/p>\n<\/li>\n<li data-start=\"457\" data-end=\"498\">\n<p data-start=\"459\" data-end=\"498\"><strong data-start=\"459\" data-end=\"482\">K\u00f5rgus merepinnast:<\/strong> 250\u2013260 meetrit<\/p>\n<\/li>\n<\/ul>\n","protected":false},"excerpt":{"rendered":"<h3>Barolo DOCG del Comune di Barolo 2019\u00a0 &#8211; kuiv punane vein<\/h3>\n<p data-start=\"107\" data-end=\"397\"><strong data-start=\"107\" data-end=\"190\">Segu Barolo piirkonna kuulsaimate \u00fcksikviinamarjaistanduste (<em data-start=\"170\" data-end=\"176\">cru\u2019<\/em>) veinidest.<\/strong><br data-start=\"190\" data-end=\"193\" \/>Elegants ja marjasus p\u00f5imuvad j\u00f5ulisuse ja t\u00e4idlusega, andes tulemuseks Barolo, milles avalduvad intensiivsed v\u00e4ikeste punaste marjade, \u0161okolaadi ja vanilje noodid \u2013 \u00fcllatav ja rahuldust pakkuv kooslus.<\/p>\n<p data-start=\"399\" data-end=\"479\"><strong data-start=\"399\" data-end=\"479\">Laagerdumine 18\u201324 kuud Prantsuse tammes \u2013 tonneaux\u2019des ja suurtes vaatides.<\/strong><\/p>\n<p>&nbsp;<\/p>\n<h2><\/h2>\n","protected":false},"featured_media":57041,"comment_status":"closed","ping_status":"closed","template":"","meta":[],"product_brand":[],"product_cat":[418,17],"product_tag":[637,495,644,498],"class_list":{"0":"post-57040","1":"product","2":"type-product","3":"status-publish","4":"has-post-thumbnail","6":"product_cat-veinipood","7":"product_cat-punane-vein","8":"product_tag-barolo","9":"product_tag-itaalia","10":"product_tag-nebbiolo","11":"product_tag-punane-vein","12":"description-off","14":"first","15":"instock","16":"taxable","17":"shipping-taxable","18":"purchasable","19":"product-type-simple"},"yoast_head":"<!-- This site is optimized with the Yoast SEO Premium plugin v23.0 (Yoast SEO v25.3.1) - https:\/\/yoast.com\/wordpress\/plugins\/seo\/ -->\n<title>Barolo DOCG del Comune di Barolo 2019 - Itaalia kvaliteetvein<\/title>\n<meta name=\"description\" content=\"Barolo DOCG del Comune di Barolo 2019 - Itaalia kvaliteetvein Nebbiolo viinamarjast. Lai valik veine otse maaletoojalt!. Veiniklubi liikmele -20% soodsam!\" \/>\n<meta name=\"robots\" content=\"index, follow, max-snippet:-1, max-image-preview:large, max-video-preview:-1\" \/>\n<link rel=\"canonical\" href=\"https:\/\/bramasole.ee\/en\/Toode\/barolo-docg-del-comune-di-barolo-2019\/\" \/>\n<meta property=\"og:locale\" content=\"en_US\" \/>\n<meta property=\"og:type\" content=\"article\" \/>\n<meta property=\"og:title\" content=\"Barolo DOCG del Comune di Barolo 2019\" \/>\n<meta property=\"og:description\" content=\"Barolo DOCG del Comune di Barolo 2019 - Itaalia kvaliteetvein Nebbiolo viinamarjast. Lai valik veine otse maaletoojalt!. Veiniklubi liikmele -20% soodsam!\" \/>\n<meta property=\"og:url\" content=\"https:\/\/bramasole.ee\/en\/Toode\/barolo-docg-del-comune-di-barolo-2019\/\" \/>\n<meta property=\"og:site_name\" content=\"Bramasole\" \/>\n<meta property=\"article:publisher\" content=\"https:\/\/www.facebook.com\/houseofbramasole\" \/>\n<meta property=\"article:modified_time\" content=\"2025-05-28T05:39:19+00:00\" \/>\n<meta property=\"og:image\" content=\"https:\/\/bramasole.ee\/wp-content\/uploads\/2023\/04\/House_of_bramasole_logo.png\" \/>\n\t<meta property=\"og:image:width\" content=\"1031\" \/>\n\t<meta property=\"og:image:height\" content=\"257\" \/>\n\t<meta property=\"og:image:type\" content=\"image\/png\" \/>\n<meta name=\"twitter:card\" content=\"summary_large_image\" \/>\n<meta name=\"twitter:label1\" content=\"Price\" \/>\n\t<meta name=\"twitter:data1\" content=\"&euro;62.50\" \/>\n\t<meta name=\"twitter:label2\" content=\"Availability\" \/>\n\t<meta name=\"twitter:data2\" content=\"In stock\" \/>\n<script type=\"application\/ld+json\" class=\"yoast-schema-graph\">{\"@context\":\"https:\/\/schema.org\",\"@graph\":[{\"@type\":\"WebPage\",\"@id\":\"https:\/\/bramasole.ee\/en\/Toode\/barolo-docg-del-comune-di-barolo-2019\/\",\"url\":\"https:\/\/bramasole.ee\/en\/Toode\/barolo-docg-del-comune-di-barolo-2019\/\",\"name\":\"Barolo DOCG del Comune di Barolo 2019 - Itaalia kvaliteetvein\",\"isPartOf\":{\"@id\":\"https:\/\/bramasole.ee\/en\/#website\"},\"primaryImageOfPage\":{\"@id\":\"https:\/\/bramasole.ee\/en\/Toode\/barolo-docg-del-comune-di-barolo-2019\/#primaryimage\"},\"image\":{\"@id\":\"https:\/\/bramasole.ee\/en\/Toode\/barolo-docg-del-comune-di-barolo-2019\/#primaryimage\"},\"thumbnailUrl\":\"https:\/\/bramasole.ee\/wp-content\/uploads\/2025\/05\/barolo_del_comune.avif\",\"datePublished\":\"2025-05-28T05:16:00+00:00\",\"dateModified\":\"2025-05-28T05:39:19+00:00\",\"description\":\"Barolo DOCG del Comune di Barolo 2019 - Itaalia kvaliteetvein Nebbiolo viinamarjast. Lai valik veine otse maaletoojalt!. Veiniklubi liikmele -20% soodsam!\",\"breadcrumb\":{\"@id\":\"https:\/\/bramasole.ee\/en\/Toode\/barolo-docg-del-comune-di-barolo-2019\/#breadcrumb\"},\"inLanguage\":\"en-US\",\"potentialAction\":[{\"@type\":\"ReadAction\",\"target\":[\"https:\/\/bramasole.ee\/en\/Toode\/barolo-docg-del-comune-di-barolo-2019\/\"]}]},{\"@type\":\"ImageObject\",\"inLanguage\":\"en-US\",\"@id\":\"https:\/\/bramasole.ee\/en\/Toode\/barolo-docg-del-comune-di-barolo-2019\/#primaryimage\",\"url\":\"https:\/\/bramasole.ee\/wp-content\/uploads\/2025\/05\/barolo_del_comune.avif\",\"contentUrl\":\"https:\/\/bramasole.ee\/wp-content\/uploads\/2025\/05\/barolo_del_comune.avif\",\"width\":596,\"height\":835,\"caption\":\"Barolo DOCG del Comune di Barolo 2019\"},{\"@type\":\"BreadcrumbList\",\"@id\":\"https:\/\/bramasole.ee\/en\/Toode\/barolo-docg-del-comune-di-barolo-2019\/#breadcrumb\",\"itemListElement\":[{\"@type\":\"ListItem\",\"position\":1,\"name\":\"Home\",\"item\":\"https:\/\/bramasole.ee\/en\/\"},{\"@type\":\"ListItem\",\"position\":2,\"name\":\"VEINIPOOD\",\"item\":\"https:\/\/bramasole.ee\/veinipood\/\"},{\"@type\":\"ListItem\",\"position\":3,\"name\":\"Barolo DOCG del Comune di Barolo 2019\"}]},{\"@type\":\"WebSite\",\"@id\":\"https:\/\/bramasole.ee\/en\/#website\",\"url\":\"https:\/\/bramasole.ee\/en\/\",\"name\":\"Bramasole\",\"description\":\"Bramasole veinipood - ainult hea vein!\",\"publisher\":{\"@id\":\"https:\/\/bramasole.ee\/en\/#organization\"},\"alternateName\":\"Bramasole veinid\",\"potentialAction\":[{\"@type\":\"SearchAction\",\"target\":{\"@type\":\"EntryPoint\",\"urlTemplate\":\"https:\/\/bramasole.ee\/en\/?s={search_term_string}\"},\"query-input\":{\"@type\":\"PropertyValueSpecification\",\"valueRequired\":true,\"valueName\":\"search_term_string\"}}],\"inLanguage\":\"en-US\"},{\"@type\":\"Organization\",\"@id\":\"https:\/\/bramasole.ee\/en\/#organization\",\"name\":\"Bramasole\",\"url\":\"https:\/\/bramasole.ee\/en\/\",\"logo\":{\"@type\":\"ImageObject\",\"inLanguage\":\"en-US\",\"@id\":\"https:\/\/bramasole.ee\/en\/#\/schema\/logo\/image\/\",\"url\":\"https:\/\/bramasole.ee\/wp-content\/uploads\/2023\/04\/House_of_bramasole_logo.png\",\"contentUrl\":\"https:\/\/bramasole.ee\/wp-content\/uploads\/2023\/04\/House_of_bramasole_logo.png\",\"width\":1031,\"height\":257,\"caption\":\"Bramasole\"},\"image\":{\"@id\":\"https:\/\/bramasole.ee\/en\/#\/schema\/logo\/image\/\"},\"sameAs\":[\"https:\/\/www.facebook.com\/houseofbramasole\",\"https:\/\/www.instagram.com\/houseofbramasole\/\"]}]}<\/script>\n<meta property=\"product:price:amount\" content=\"62.50\" \/>\n<meta property=\"product:price:currency\" content=\"EUR\" \/>\n<meta property=\"og:availability\" content=\"instock\" \/>\n<meta property=\"product:availability\" content=\"instock\" \/>\n<meta property=\"product:retailer_item_id\" content=\"1.BRBR.19.075\" \/>\n<meta property=\"product:condition\" content=\"new\" \/>\n<!-- \/ Yoast SEO Premium plugin. -->","yoast_head_json":{"title":"Barolo DOCG del Comune di Barolo 2019 - Itaalia kvaliteetvein","description":"Barolo DOCG del Comune di Barolo 2019 - Itaalia kvaliteetvein Nebbiolo viinamarjast. Lai valik veine otse maaletoojalt!. Veiniklubi liikmele -20% soodsam!","robots":{"index":"index","follow":"follow","max-snippet":"max-snippet:-1","max-image-preview":"max-image-preview:large","max-video-preview":"max-video-preview:-1"},"canonical":"https:\/\/bramasole.ee\/en\/Toode\/barolo-docg-del-comune-di-barolo-2019\/","og_locale":"en_US","og_type":"article","og_title":"Barolo DOCG del Comune di Barolo 2019","og_description":"Barolo DOCG del Comune di Barolo 2019 - Itaalia kvaliteetvein Nebbiolo viinamarjast. Lai valik veine otse maaletoojalt!. Veiniklubi liikmele -20% soodsam!","og_url":"https:\/\/bramasole.ee\/en\/Toode\/barolo-docg-del-comune-di-barolo-2019\/","og_site_name":"Bramasole","article_publisher":"https:\/\/www.facebook.com\/houseofbramasole","article_modified_time":"2025-05-28T05:39:19+00:00","og_image":[{"width":1031,"height":257,"url":"https:\/\/bramasole.ee\/wp-content\/uploads\/2023\/04\/House_of_bramasole_logo.png","type":"image\/png"}],"twitter_card":"summary_large_image","twitter_misc":{"Price":"&euro;62.50","Availability":"In stock"},"schema":{"@context":"https:\/\/schema.org","@graph":[{"@type":"WebPage","@id":"https:\/\/bramasole.ee\/en\/Toode\/barolo-docg-del-comune-di-barolo-2019\/","url":"https:\/\/bramasole.ee\/en\/Toode\/barolo-docg-del-comune-di-barolo-2019\/","name":"Barolo DOCG del Comune di Barolo 2019 - Itaalia kvaliteetvein","isPartOf":{"@id":"https:\/\/bramasole.ee\/en\/#website"},"primaryImageOfPage":{"@id":"https:\/\/bramasole.ee\/en\/Toode\/barolo-docg-del-comune-di-barolo-2019\/#primaryimage"},"image":{"@id":"https:\/\/bramasole.ee\/en\/Toode\/barolo-docg-del-comune-di-barolo-2019\/#primaryimage"},"thumbnailUrl":"https:\/\/bramasole.ee\/wp-content\/uploads\/2025\/05\/barolo_del_comune.avif","datePublished":"2025-05-28T05:16:00+00:00","dateModified":"2025-05-28T05:39:19+00:00","description":"Barolo DOCG del Comune di Barolo 2019 - Itaalia kvaliteetvein Nebbiolo viinamarjast. Lai valik veine otse maaletoojalt!. Veiniklubi liikmele -20% soodsam!","breadcrumb":{"@id":"https:\/\/bramasole.ee\/en\/Toode\/barolo-docg-del-comune-di-barolo-2019\/#breadcrumb"},"inLanguage":"en-US","potentialAction":[{"@type":"ReadAction","target":["https:\/\/bramasole.ee\/en\/Toode\/barolo-docg-del-comune-di-barolo-2019\/"]}]},{"@type":"ImageObject","inLanguage":"en-US","@id":"https:\/\/bramasole.ee\/en\/Toode\/barolo-docg-del-comune-di-barolo-2019\/#primaryimage","url":"https:\/\/bramasole.ee\/wp-content\/uploads\/2025\/05\/barolo_del_comune.avif","contentUrl":"https:\/\/bramasole.ee\/wp-content\/uploads\/2025\/05\/barolo_del_comune.avif","width":596,"height":835,"caption":"Barolo DOCG del Comune di Barolo 2019"},{"@type":"BreadcrumbList","@id":"https:\/\/bramasole.ee\/en\/Toode\/barolo-docg-del-comune-di-barolo-2019\/#breadcrumb","itemListElement":[{"@type":"ListItem","position":1,"name":"Home","item":"https:\/\/bramasole.ee\/en\/"},{"@type":"ListItem","position":2,"name":"VEINIPOOD","item":"https:\/\/bramasole.ee\/veinipood\/"},{"@type":"ListItem","position":3,"name":"Barolo DOCG del Comune di Barolo 2019"}]},{"@type":"WebSite","@id":"https:\/\/bramasole.ee\/en\/#website","url":"https:\/\/bramasole.ee\/en\/","name":"Bramasole","description":"Bramasole veinipood - ainult hea vein!","publisher":{"@id":"https:\/\/bramasole.ee\/en\/#organization"},"alternateName":"Bramasole veinid","potentialAction":[{"@type":"SearchAction","target":{"@type":"EntryPoint","urlTemplate":"https:\/\/bramasole.ee\/en\/?s={search_term_string}"},"query-input":{"@type":"PropertyValueSpecification","valueRequired":true,"valueName":"search_term_string"}}],"inLanguage":"en-US"},{"@type":"Organization","@id":"https:\/\/bramasole.ee\/en\/#organization","name":"Bramasole","url":"https:\/\/bramasole.ee\/en\/","logo":{"@type":"ImageObject","inLanguage":"en-US","@id":"https:\/\/bramasole.ee\/en\/#\/schema\/logo\/image\/","url":"https:\/\/bramasole.ee\/wp-content\/uploads\/2023\/04\/House_of_bramasole_logo.png","contentUrl":"https:\/\/bramasole.ee\/wp-content\/uploads\/2023\/04\/House_of_bramasole_logo.png","width":1031,"height":257,"caption":"Bramasole"},"image":{"@id":"https:\/\/bramasole.ee\/en\/#\/schema\/logo\/image\/"},"sameAs":["https:\/\/www.facebook.com\/houseofbramasole","https:\/\/www.instagram.com\/houseofbramasole\/"]}]},"product_price_amount":"62.50","product_price_currency":"EUR","og_availability":"instock","product_availability":"instock","product_retailer_item_id":"1.BRBR.19.075","product_condition":"new"},"_links":{"self":[{"href":"https:\/\/bramasole.ee\/en\/wp-json\/wp\/v2\/product\/57040","targetHints":{"allow":["GET"]}}],"collection":[{"href":"https:\/\/bramasole.ee\/en\/wp-json\/wp\/v2\/product"}],"about":[{"href":"https:\/\/bramasole.ee\/en\/wp-json\/wp\/v2\/types\/product"}],"replies":[{"embeddable":true,"href":"https:\/\/bramasole.ee\/en\/wp-json\/wp\/v2\/comments?post=57040"}],"wp:featuredmedia":[{"embeddable":true,"href":"https:\/\/bramasole.ee\/en\/wp-json\/wp\/v2\/media\/57041"}],"wp:attachment":[{"href":"https:\/\/bramasole.ee\/en\/wp-json\/wp\/v2\/media?parent=57040"}],"wp:term":[{"taxonomy":"product_brand","embeddable":true,"href":"https:\/\/bramasole.ee\/en\/wp-json\/wp\/v2\/product_brand?post=57040"},{"taxonomy":"product_cat","embeddable":true,"href":"https:\/\/bramasole.ee\/en\/wp-json\/wp\/v2\/product_cat?post=57040"},{"taxonomy":"product_tag","embeddable":true,"href":"https:\/\/bramasole.ee\/en\/wp-json\/wp\/v2\/product_tag?post=57040"}],"curies":[{"name":"wp","href":"https:\/\/api.w.org\/{rel}","templated":true}]}}