{"id":57037,"date":"2025-05-28T08:05:08","date_gmt":"2025-05-28T05:05:08","guid":{"rendered":"https:\/\/bramasole.ee\/?post_type=product&#038;p=57037"},"modified":"2025-05-28T08:41:16","modified_gmt":"2025-05-28T05:41:16","slug":"barolo-docg-noi-2020","status":"publish","type":"product","link":"https:\/\/bramasole.ee\/en\/Toode\/barolo-docg-noi-2020\/","title":{"rendered":"Barolo DOCG Noi 2020"},"content":{"rendered":"<h3>Virna Barolo DOCG Noi<\/h3>\n<p>Viinamari: Nebbiolo 100%<\/p>\n<h3 data-start=\"122\" data-end=\"142\"><strong data-start=\"126\" data-end=\"142\">Valmistamine<\/strong><\/h3>\n<p data-start=\"144\" data-end=\"496\">Viinamarjad purustatakse ja varred eemaldatakse, millele j\u00e4rgneb 10\u201312-p\u00e4evane leotamine koos kestadega temperatuuril 29\u201331\u202f\u00b0C. Peale pressimist j\u00e4rgneb umbes 18 kuu pikkune laagerdamine tammevaatides (\u00e9levage). Enne villimist puhkab vein roostevabast terasest mahutites. Pudelisse villitud vein laagerdub horisontaalselt enne pakendamist ja tarnimist.<\/p>\n<hr data-start=\"498\" data-end=\"501\" \/>\n<h3 data-start=\"503\" data-end=\"525\"><strong data-start=\"507\" data-end=\"525\">Maitseomadused<\/strong><\/h3>\n<p data-start=\"527\" data-end=\"831\">Intensiivne rubiinpunane toon granaatpunaste varjunditega. Aroom on t\u00e4idlane ja v\u00e4ljendusrikas \u2013 esmalt tunda punaseid marju, millele j\u00e4rgnevad vanilje, kakao ja v\u00fcrtside nootidega arenenud (tertsiaarsed) aroomid. Maitses on vein j\u00f5uline ja v\u00e4\u00e4rikas, samas heas tasakaalus pehmete, siidiste tanniinidega.<\/p>\n<hr data-start=\"833\" data-end=\"836\" \/>\n<h3 data-start=\"838\" data-end=\"873\"><strong data-start=\"842\" data-end=\"873\">S\u00e4ilitamine ja serveerimine<\/strong><\/h3>\n<p data-start=\"875\" data-end=\"973\">Soovitatav serveerimistemperatuur: 17\u201318\u202f\u00b0C, eelistatult spetsiaalsetest degusteerimispokaalidest.<\/p>\n<ul>\n<li data-start=\"137\" data-end=\"198\">\n<p data-start=\"139\" data-end=\"198\"><strong data-start=\"139\" data-end=\"153\">Viinamari:<\/strong> Nebbiolo (alamliigid <em data-start=\"175\" data-end=\"183\">Lampia<\/em> ja <em data-start=\"187\" data-end=\"195\">Michet<\/em>)<\/p>\n<\/li>\n<li data-start=\"199\" data-end=\"232\">\n<p data-start=\"201\" data-end=\"232\"><strong data-start=\"201\" data-end=\"214\">P\u00e4ritolu:<\/strong> Barolo piirkond<\/p>\n<\/li>\n<li data-start=\"233\" data-end=\"283\">\n<p data-start=\"235\" data-end=\"283\"><strong data-start=\"235\" data-end=\"250\">L\u00f5ikusviis:<\/strong> Guyot (8\u20139 v\u00f5rset taime kohta)<\/p>\n<\/li>\n<li data-start=\"284\" data-end=\"342\">\n<p data-start=\"286\" data-end=\"342\"><strong data-start=\"286\" data-end=\"296\">Asend:<\/strong> L\u00f5una\u2013kagu ja l\u00f5una\u2013l\u00e4\u00e4ne suunalised n\u00f5lvad<\/p>\n<\/li>\n<li data-start=\"343\" data-end=\"401\">\n<p data-start=\"345\" data-end=\"401\"><strong data-start=\"345\" data-end=\"374\">Istutustiheduse keskmine:<\/strong> 5000 taime hektari kohta<\/p>\n<\/li>\n<li data-start=\"402\" data-end=\"449\">\n<p data-start=\"404\" data-end=\"449\"><strong data-start=\"404\" data-end=\"417\">Saagikus:<\/strong> 55\u201375 kvintalit hektari kohta<\/p>\n<\/li>\n<li data-start=\"450\" data-end=\"491\">\n<p data-start=\"452\" data-end=\"491\"><strong data-start=\"452\" data-end=\"470\">Istutusaastad:<\/strong> 1970, 1980 ja 1990<\/p>\n<\/li>\n<li data-start=\"492\" data-end=\"533\">\n<p data-start=\"494\" data-end=\"533\"><strong data-start=\"494\" data-end=\"517\">K\u00f5rgus merepinnast:<\/strong> 280\u2013350 meetrit<\/p>\n<\/li>\n<\/ul>\n<div class=\"txt_titoletto_schedatecnica\"><\/div>\n<p>&nbsp;<\/p>\n","protected":false},"excerpt":{"rendered":"<h4>Virna Barolo DOCG \u00a0&#8211; kuiv punane vein<\/h4>\n<p data-start=\"52\" data-end=\"207\">&#8220;Noi&#8221; on erinevate kasvukohtade harmooniline koosm\u00f5ju, mis annab sellele Barolole ainulaadse iseloomu. Veini laagerdamine toimub suurtes tammevaatides.<\/p>\n<p data-start=\"209\" data-end=\"349\">See peegeldab nii piirkonna kui ka meie enda arusaama Barolo olemusest \u2013 elegantne ja j\u00f5uline, pakkudes t\u00f5elist naudingut ja emotsiooni.<\/p>\n<p>&nbsp;<\/p>\n<h2><\/h2>\n","protected":false},"featured_media":57038,"comment_status":"closed","ping_status":"closed","template":"","meta":[],"product_brand":[],"product_cat":[418,17],"product_tag":[637,495,644,498],"class_list":{"0":"post-57037","1":"product","2":"type-product","3":"status-publish","4":"has-post-thumbnail","6":"product_cat-veinipood","7":"product_cat-punane-vein","8":"product_tag-barolo","9":"product_tag-itaalia","10":"product_tag-nebbiolo","11":"product_tag-punane-vein","12":"description-off","14":"first","15":"instock","16":"taxable","17":"shipping-taxable","18":"purchasable","19":"product-type-simple"},"yoast_head":"<!-- This site is optimized with the Yoast SEO Premium plugin v23.0 (Yoast SEO v25.3.1) - https:\/\/yoast.com\/wordpress\/plugins\/seo\/ -->\n<title>Barolo DOCG Noi 2020 - Itaalia kvaliteetvein<\/title>\n<meta name=\"description\" content=\"Barolo DOCG - Itaalia kvaliteetvein Nebbiolo viinamarjast. Lai valik veine otse maaletoojalt!. Veiniklubi liikmele -20% soodsam!\" \/>\n<meta name=\"robots\" content=\"index, follow, max-snippet:-1, max-image-preview:large, max-video-preview:-1\" \/>\n<link rel=\"canonical\" href=\"https:\/\/bramasole.ee\/en\/Toode\/barolo-docg-noi-2020\/\" \/>\n<meta property=\"og:locale\" content=\"en_US\" \/>\n<meta property=\"og:type\" content=\"article\" \/>\n<meta property=\"og:title\" content=\"Barolo DOCG Noi 2020\" \/>\n<meta property=\"og:description\" content=\"Barolo DOCG - Itaalia kvaliteetvein Nebbiolo viinamarjast. Lai valik veine otse maaletoojalt!. Veiniklubi liikmele -20% soodsam!\" \/>\n<meta property=\"og:url\" content=\"https:\/\/bramasole.ee\/en\/Toode\/barolo-docg-noi-2020\/\" \/>\n<meta property=\"og:site_name\" content=\"Bramasole\" \/>\n<meta property=\"article:publisher\" content=\"https:\/\/www.facebook.com\/houseofbramasole\" \/>\n<meta property=\"article:modified_time\" content=\"2025-05-28T05:41:16+00:00\" \/>\n<meta property=\"og:image\" content=\"https:\/\/bramasole.ee\/wp-content\/uploads\/2023\/04\/House_of_bramasole_logo.png\" \/>\n\t<meta property=\"og:image:width\" content=\"1031\" \/>\n\t<meta property=\"og:image:height\" content=\"257\" \/>\n\t<meta property=\"og:image:type\" content=\"image\/png\" \/>\n<meta name=\"twitter:card\" content=\"summary_large_image\" \/>\n<meta name=\"twitter:label1\" content=\"Price\" \/>\n\t<meta name=\"twitter:data1\" content=\"&euro;47.30\" \/>\n\t<meta name=\"twitter:label2\" content=\"Availability\" \/>\n\t<meta name=\"twitter:data2\" content=\"In stock\" \/>\n<script type=\"application\/ld+json\" class=\"yoast-schema-graph\">{\"@context\":\"https:\/\/schema.org\",\"@graph\":[{\"@type\":\"WebPage\",\"@id\":\"https:\/\/bramasole.ee\/en\/Toode\/barolo-docg-noi-2020\/\",\"url\":\"https:\/\/bramasole.ee\/en\/Toode\/barolo-docg-noi-2020\/\",\"name\":\"Barolo DOCG Noi 2020 - Itaalia kvaliteetvein\",\"isPartOf\":{\"@id\":\"https:\/\/bramasole.ee\/en\/#website\"},\"primaryImageOfPage\":{\"@id\":\"https:\/\/bramasole.ee\/en\/Toode\/barolo-docg-noi-2020\/#primaryimage\"},\"image\":{\"@id\":\"https:\/\/bramasole.ee\/en\/Toode\/barolo-docg-noi-2020\/#primaryimage\"},\"thumbnailUrl\":\"https:\/\/bramasole.ee\/wp-content\/uploads\/2025\/05\/barolo_noi.avif\",\"datePublished\":\"2025-05-28T05:05:08+00:00\",\"dateModified\":\"2025-05-28T05:41:16+00:00\",\"description\":\"Barolo DOCG - Itaalia kvaliteetvein Nebbiolo viinamarjast. Lai valik veine otse maaletoojalt!. Veiniklubi liikmele -20% soodsam!\",\"breadcrumb\":{\"@id\":\"https:\/\/bramasole.ee\/en\/Toode\/barolo-docg-noi-2020\/#breadcrumb\"},\"inLanguage\":\"en-US\",\"potentialAction\":[{\"@type\":\"ReadAction\",\"target\":[\"https:\/\/bramasole.ee\/en\/Toode\/barolo-docg-noi-2020\/\"]}]},{\"@type\":\"ImageObject\",\"inLanguage\":\"en-US\",\"@id\":\"https:\/\/bramasole.ee\/en\/Toode\/barolo-docg-noi-2020\/#primaryimage\",\"url\":\"https:\/\/bramasole.ee\/wp-content\/uploads\/2025\/05\/barolo_noi.avif\",\"contentUrl\":\"https:\/\/bramasole.ee\/wp-content\/uploads\/2025\/05\/barolo_noi.avif\",\"width\":596,\"height\":830,\"caption\":\"Barolo DOCG Noi vein\"},{\"@type\":\"BreadcrumbList\",\"@id\":\"https:\/\/bramasole.ee\/en\/Toode\/barolo-docg-noi-2020\/#breadcrumb\",\"itemListElement\":[{\"@type\":\"ListItem\",\"position\":1,\"name\":\"Home\",\"item\":\"https:\/\/bramasole.ee\/en\/\"},{\"@type\":\"ListItem\",\"position\":2,\"name\":\"VEINIPOOD\",\"item\":\"https:\/\/bramasole.ee\/veinipood\/\"},{\"@type\":\"ListItem\",\"position\":3,\"name\":\"Barolo DOCG Noi 2020\"}]},{\"@type\":\"WebSite\",\"@id\":\"https:\/\/bramasole.ee\/en\/#website\",\"url\":\"https:\/\/bramasole.ee\/en\/\",\"name\":\"Bramasole\",\"description\":\"Bramasole veinipood - ainult hea vein!\",\"publisher\":{\"@id\":\"https:\/\/bramasole.ee\/en\/#organization\"},\"alternateName\":\"Bramasole veinid\",\"potentialAction\":[{\"@type\":\"SearchAction\",\"target\":{\"@type\":\"EntryPoint\",\"urlTemplate\":\"https:\/\/bramasole.ee\/en\/?s={search_term_string}\"},\"query-input\":{\"@type\":\"PropertyValueSpecification\",\"valueRequired\":true,\"valueName\":\"search_term_string\"}}],\"inLanguage\":\"en-US\"},{\"@type\":\"Organization\",\"@id\":\"https:\/\/bramasole.ee\/en\/#organization\",\"name\":\"Bramasole\",\"url\":\"https:\/\/bramasole.ee\/en\/\",\"logo\":{\"@type\":\"ImageObject\",\"inLanguage\":\"en-US\",\"@id\":\"https:\/\/bramasole.ee\/en\/#\/schema\/logo\/image\/\",\"url\":\"https:\/\/bramasole.ee\/wp-content\/uploads\/2023\/04\/House_of_bramasole_logo.png\",\"contentUrl\":\"https:\/\/bramasole.ee\/wp-content\/uploads\/2023\/04\/House_of_bramasole_logo.png\",\"width\":1031,\"height\":257,\"caption\":\"Bramasole\"},\"image\":{\"@id\":\"https:\/\/bramasole.ee\/en\/#\/schema\/logo\/image\/\"},\"sameAs\":[\"https:\/\/www.facebook.com\/houseofbramasole\",\"https:\/\/www.instagram.com\/houseofbramasole\/\"]}]}<\/script>\n<meta property=\"product:price:amount\" content=\"47.30\" \/>\n<meta property=\"product:price:currency\" content=\"EUR\" \/>\n<meta property=\"og:availability\" content=\"instock\" \/>\n<meta property=\"product:availability\" content=\"instock\" \/>\n<meta property=\"product:retailer_item_id\" content=\"1.BR00.20.075.\" \/>\n<meta property=\"product:condition\" content=\"new\" \/>\n<!-- \/ Yoast SEO Premium plugin. -->","yoast_head_json":{"title":"Barolo DOCG Noi 2020 - Itaalia kvaliteetvein","description":"Barolo DOCG - Itaalia kvaliteetvein Nebbiolo viinamarjast. Lai valik veine otse maaletoojalt!. Veiniklubi liikmele -20% soodsam!","robots":{"index":"index","follow":"follow","max-snippet":"max-snippet:-1","max-image-preview":"max-image-preview:large","max-video-preview":"max-video-preview:-1"},"canonical":"https:\/\/bramasole.ee\/en\/Toode\/barolo-docg-noi-2020\/","og_locale":"en_US","og_type":"article","og_title":"Barolo DOCG Noi 2020","og_description":"Barolo DOCG - Itaalia kvaliteetvein Nebbiolo viinamarjast. Lai valik veine otse maaletoojalt!. Veiniklubi liikmele -20% soodsam!","og_url":"https:\/\/bramasole.ee\/en\/Toode\/barolo-docg-noi-2020\/","og_site_name":"Bramasole","article_publisher":"https:\/\/www.facebook.com\/houseofbramasole","article_modified_time":"2025-05-28T05:41:16+00:00","og_image":[{"width":1031,"height":257,"url":"https:\/\/bramasole.ee\/wp-content\/uploads\/2023\/04\/House_of_bramasole_logo.png","type":"image\/png"}],"twitter_card":"summary_large_image","twitter_misc":{"Price":"&euro;47.30","Availability":"In stock"},"schema":{"@context":"https:\/\/schema.org","@graph":[{"@type":"WebPage","@id":"https:\/\/bramasole.ee\/en\/Toode\/barolo-docg-noi-2020\/","url":"https:\/\/bramasole.ee\/en\/Toode\/barolo-docg-noi-2020\/","name":"Barolo DOCG Noi 2020 - Itaalia kvaliteetvein","isPartOf":{"@id":"https:\/\/bramasole.ee\/en\/#website"},"primaryImageOfPage":{"@id":"https:\/\/bramasole.ee\/en\/Toode\/barolo-docg-noi-2020\/#primaryimage"},"image":{"@id":"https:\/\/bramasole.ee\/en\/Toode\/barolo-docg-noi-2020\/#primaryimage"},"thumbnailUrl":"https:\/\/bramasole.ee\/wp-content\/uploads\/2025\/05\/barolo_noi.avif","datePublished":"2025-05-28T05:05:08+00:00","dateModified":"2025-05-28T05:41:16+00:00","description":"Barolo DOCG - Itaalia kvaliteetvein Nebbiolo viinamarjast. Lai valik veine otse maaletoojalt!. Veiniklubi liikmele -20% soodsam!","breadcrumb":{"@id":"https:\/\/bramasole.ee\/en\/Toode\/barolo-docg-noi-2020\/#breadcrumb"},"inLanguage":"en-US","potentialAction":[{"@type":"ReadAction","target":["https:\/\/bramasole.ee\/en\/Toode\/barolo-docg-noi-2020\/"]}]},{"@type":"ImageObject","inLanguage":"en-US","@id":"https:\/\/bramasole.ee\/en\/Toode\/barolo-docg-noi-2020\/#primaryimage","url":"https:\/\/bramasole.ee\/wp-content\/uploads\/2025\/05\/barolo_noi.avif","contentUrl":"https:\/\/bramasole.ee\/wp-content\/uploads\/2025\/05\/barolo_noi.avif","width":596,"height":830,"caption":"Barolo DOCG Noi vein"},{"@type":"BreadcrumbList","@id":"https:\/\/bramasole.ee\/en\/Toode\/barolo-docg-noi-2020\/#breadcrumb","itemListElement":[{"@type":"ListItem","position":1,"name":"Home","item":"https:\/\/bramasole.ee\/en\/"},{"@type":"ListItem","position":2,"name":"VEINIPOOD","item":"https:\/\/bramasole.ee\/veinipood\/"},{"@type":"ListItem","position":3,"name":"Barolo DOCG Noi 2020"}]},{"@type":"WebSite","@id":"https:\/\/bramasole.ee\/en\/#website","url":"https:\/\/bramasole.ee\/en\/","name":"Bramasole","description":"Bramasole veinipood - ainult hea vein!","publisher":{"@id":"https:\/\/bramasole.ee\/en\/#organization"},"alternateName":"Bramasole veinid","potentialAction":[{"@type":"SearchAction","target":{"@type":"EntryPoint","urlTemplate":"https:\/\/bramasole.ee\/en\/?s={search_term_string}"},"query-input":{"@type":"PropertyValueSpecification","valueRequired":true,"valueName":"search_term_string"}}],"inLanguage":"en-US"},{"@type":"Organization","@id":"https:\/\/bramasole.ee\/en\/#organization","name":"Bramasole","url":"https:\/\/bramasole.ee\/en\/","logo":{"@type":"ImageObject","inLanguage":"en-US","@id":"https:\/\/bramasole.ee\/en\/#\/schema\/logo\/image\/","url":"https:\/\/bramasole.ee\/wp-content\/uploads\/2023\/04\/House_of_bramasole_logo.png","contentUrl":"https:\/\/bramasole.ee\/wp-content\/uploads\/2023\/04\/House_of_bramasole_logo.png","width":1031,"height":257,"caption":"Bramasole"},"image":{"@id":"https:\/\/bramasole.ee\/en\/#\/schema\/logo\/image\/"},"sameAs":["https:\/\/www.facebook.com\/houseofbramasole","https:\/\/www.instagram.com\/houseofbramasole\/"]}]},"product_price_amount":"47.30","product_price_currency":"EUR","og_availability":"instock","product_availability":"instock","product_retailer_item_id":"1.BR00.20.075.","product_condition":"new"},"_links":{"self":[{"href":"https:\/\/bramasole.ee\/en\/wp-json\/wp\/v2\/product\/57037","targetHints":{"allow":["GET"]}}],"collection":[{"href":"https:\/\/bramasole.ee\/en\/wp-json\/wp\/v2\/product"}],"about":[{"href":"https:\/\/bramasole.ee\/en\/wp-json\/wp\/v2\/types\/product"}],"replies":[{"embeddable":true,"href":"https:\/\/bramasole.ee\/en\/wp-json\/wp\/v2\/comments?post=57037"}],"wp:featuredmedia":[{"embeddable":true,"href":"https:\/\/bramasole.ee\/en\/wp-json\/wp\/v2\/media\/57038"}],"wp:attachment":[{"href":"https:\/\/bramasole.ee\/en\/wp-json\/wp\/v2\/media?parent=57037"}],"wp:term":[{"taxonomy":"product_brand","embeddable":true,"href":"https:\/\/bramasole.ee\/en\/wp-json\/wp\/v2\/product_brand?post=57037"},{"taxonomy":"product_cat","embeddable":true,"href":"https:\/\/bramasole.ee\/en\/wp-json\/wp\/v2\/product_cat?post=57037"},{"taxonomy":"product_tag","embeddable":true,"href":"https:\/\/bramasole.ee\/en\/wp-json\/wp\/v2\/product_tag?post=57037"}],"curies":[{"name":"wp","href":"https:\/\/api.w.org\/{rel}","templated":true}]}}