{"id":56768,"date":"2025-02-14T15:13:25","date_gmt":"2025-02-14T13:13:25","guid":{"rendered":"https:\/\/bramasole.ee\/?post_type=product&#038;p=56768"},"modified":"2025-02-14T15:28:10","modified_gmt":"2025-02-14T13:28:10","slug":"aprikoosiid-nebibolo-veinis-350-gr","status":"publish","type":"product","link":"https:\/\/bramasole.ee\/en\/Toode\/aprikoosiid-nebibolo-veinis-350-gr\/","title":{"rendered":"Aprikoosiid Nebibolo veinis 350 gr."},"content":{"rendered":"<h3><span style=\"color: #800080;\">Aprikoosid Nebbiolo veinis \u2013 Piemonte gurmeenauding<\/span><\/h3>\n<p>Avasta Piemonte gurmeemaius \u2013 aprikoosid Nebbiolo veinis. Hoolikalt valitud magusad aprikoosid on keedetud koos piirkonna kuulsa Nebbiolo punaveiniga, mille t\u00e4idlane ja marjane iseloom loob t\u00e4iusliku tasakaalu puuviljade loomuliku magususe ja veinise s\u00fcgavuse vahel.<\/p>\n<p>Tulemuseks on rikkalik ja aromaatne delikatess, mis sobib suurep\u00e4raselt nii juustuvaagnale, magustoitude juurde kui ka iseseisvaks nautimiseks. Ideaalne kingituseks v\u00f5i eriliseks maiuseks neile, kes hindavad autentseid Itaalia maitseid.<\/p>\n<p>Naudi Piemonte veinikultuuri igas suut\u00e4ies!<\/p>\n<p>&nbsp;<\/p>\n<p>Proovi kindlasti ka meie teisi maitsvaid tooteid. Meie gurmeetooted on maitsvad ja kvaliteetsed!<\/p>\n","protected":false},"excerpt":{"rendered":"<p>Avasta Piemonte gurmeemaius \u2013 aprikoosid Nebbiolo veinis. Hoolikalt valitud magusad aprikoosid on keedetud koos piirkonna kuulsa Nebbiolo punaveiniga, mille t\u00e4idlane ja marjane iseloom loob t\u00e4iusliku tasakaalu puuviljade loomuliku magususe ja veinise s\u00fcgavuse vahel.<\/p>\n<p>&nbsp;<\/p>\n","protected":false},"featured_media":56769,"comment_status":"open","ping_status":"closed","template":"","meta":[],"product_brand":[],"product_cat":[641,298,516,302],"product_tag":[645,457,461,644],"class_list":{"0":"post-56768","1":"product","2":"type-product","3":"status-publish","4":"has-post-thumbnail","6":"product_cat-hoidised","7":"product_cat-gurmeetooted","8":"product_cat-sokolaad-dessert","9":"product_cat-gurmee","10":"product_tag-dessert","11":"product_tag-gurmeetoode","12":"product_tag-itaalia-maitsed","13":"product_tag-nebbiolo","14":"description-off","16":"first","17":"instock","18":"taxable","19":"shipping-taxable","20":"purchasable","21":"product-type-simple"},"yoast_head":"<!-- This site is optimized with the Yoast SEO Premium plugin v23.0 (Yoast SEO v25.3.1) - https:\/\/yoast.com\/wordpress\/plugins\/seo\/ -->\n<title>Aprikoosiid Nebibolo veinis 350 gr. - gurmeetooted - Bramasole veinipood<\/title>\n<meta name=\"description\" content=\"Aprikoosid Nebbiolo veinis \u2013 Piemonte gurmeenauding. Looduslik, tervislik ja s\u00f5ltuvust tekitav - proovi seda t\u00e4na! Naudi Piemonte veinikultuuri igas suut\u00e4ies!\" \/>\n<meta name=\"robots\" content=\"index, follow, max-snippet:-1, max-image-preview:large, max-video-preview:-1\" \/>\n<link rel=\"canonical\" href=\"https:\/\/bramasole.ee\/en\/Toode\/aprikoosiid-nebibolo-veinis-350-gr\/\" \/>\n<meta property=\"og:locale\" content=\"en_US\" \/>\n<meta property=\"og:type\" content=\"article\" \/>\n<meta property=\"og:title\" content=\"Aprikoosiid Nebibolo veinis 350 gr.\" \/>\n<meta property=\"og:description\" content=\"Aprikoosid Nebbiolo veinis \u2013 Piemonte gurmeenauding. Looduslik, tervislik ja s\u00f5ltuvust tekitav - proovi seda t\u00e4na! Naudi Piemonte veinikultuuri igas suut\u00e4ies!\" \/>\n<meta property=\"og:url\" content=\"https:\/\/bramasole.ee\/en\/Toode\/aprikoosiid-nebibolo-veinis-350-gr\/\" \/>\n<meta property=\"og:site_name\" content=\"Bramasole\" \/>\n<meta property=\"article:publisher\" content=\"https:\/\/www.facebook.com\/houseofbramasole\" \/>\n<meta property=\"article:modified_time\" content=\"2025-02-14T13:28:10+00:00\" \/>\n<meta property=\"og:image\" content=\"https:\/\/bramasole.ee\/wp-content\/uploads\/2025\/02\/4A6E9EA6-BC62-4C89-A142-533E110CD5E7_1_105_c.jpeg\" \/>\n\t<meta property=\"og:image:width\" content=\"768\" \/>\n\t<meta property=\"og:image:height\" content=\"1024\" \/>\n\t<meta property=\"og:image:type\" content=\"image\/jpeg\" \/>\n<meta name=\"twitter:card\" content=\"summary_large_image\" \/>\n<meta name=\"twitter:label1\" content=\"Price\" \/>\n\t<meta name=\"twitter:data1\" content=\"&euro;10.50\" \/>\n\t<meta name=\"twitter:label2\" content=\"Availability\" \/>\n\t<meta name=\"twitter:data2\" content=\"In stock\" \/>\n<script type=\"application\/ld+json\" class=\"yoast-schema-graph\">{\"@context\":\"https:\/\/schema.org\",\"@graph\":[{\"@type\":\"WebPage\",\"@id\":\"https:\/\/bramasole.ee\/en\/Toode\/aprikoosiid-nebibolo-veinis-350-gr\/\",\"url\":\"https:\/\/bramasole.ee\/en\/Toode\/aprikoosiid-nebibolo-veinis-350-gr\/\",\"name\":\"Aprikoosiid Nebibolo veinis 350 gr. - gurmeetooted - Bramasole veinipood\",\"isPartOf\":{\"@id\":\"https:\/\/bramasole.ee\/en\/#website\"},\"primaryImageOfPage\":{\"@id\":\"https:\/\/bramasole.ee\/en\/Toode\/aprikoosiid-nebibolo-veinis-350-gr\/#primaryimage\"},\"image\":{\"@id\":\"https:\/\/bramasole.ee\/en\/Toode\/aprikoosiid-nebibolo-veinis-350-gr\/#primaryimage\"},\"thumbnailUrl\":\"https:\/\/bramasole.ee\/wp-content\/uploads\/2025\/02\/4A6E9EA6-BC62-4C89-A142-533E110CD5E7_1_105_c.jpeg\",\"datePublished\":\"2025-02-14T13:13:25+00:00\",\"dateModified\":\"2025-02-14T13:28:10+00:00\",\"description\":\"Aprikoosid Nebbiolo veinis \u2013 Piemonte gurmeenauding. Looduslik, tervislik ja s\u00f5ltuvust tekitav - proovi seda t\u00e4na! Naudi Piemonte veinikultuuri igas suut\u00e4ies!\",\"breadcrumb\":{\"@id\":\"https:\/\/bramasole.ee\/en\/Toode\/aprikoosiid-nebibolo-veinis-350-gr\/#breadcrumb\"},\"inLanguage\":\"en-US\",\"potentialAction\":[{\"@type\":\"ReadAction\",\"target\":[\"https:\/\/bramasole.ee\/en\/Toode\/aprikoosiid-nebibolo-veinis-350-gr\/\"]}]},{\"@type\":\"ImageObject\",\"inLanguage\":\"en-US\",\"@id\":\"https:\/\/bramasole.ee\/en\/Toode\/aprikoosiid-nebibolo-veinis-350-gr\/#primaryimage\",\"url\":\"https:\/\/bramasole.ee\/wp-content\/uploads\/2025\/02\/4A6E9EA6-BC62-4C89-A142-533E110CD5E7_1_105_c.jpeg\",\"contentUrl\":\"https:\/\/bramasole.ee\/wp-content\/uploads\/2025\/02\/4A6E9EA6-BC62-4C89-A142-533E110CD5E7_1_105_c.jpeg\",\"width\":768,\"height\":1024,\"caption\":\"Aprikoosid Nebbiolo veinis\"},{\"@type\":\"BreadcrumbList\",\"@id\":\"https:\/\/bramasole.ee\/en\/Toode\/aprikoosiid-nebibolo-veinis-350-gr\/#breadcrumb\",\"itemListElement\":[{\"@type\":\"ListItem\",\"position\":1,\"name\":\"Home\",\"item\":\"https:\/\/bramasole.ee\/en\/\"},{\"@type\":\"ListItem\",\"position\":2,\"name\":\"VEINIPOOD\",\"item\":\"https:\/\/bramasole.ee\/veinipood\/\"},{\"@type\":\"ListItem\",\"position\":3,\"name\":\"Aprikoosiid Nebibolo veinis 350 gr.\"}]},{\"@type\":\"WebSite\",\"@id\":\"https:\/\/bramasole.ee\/en\/#website\",\"url\":\"https:\/\/bramasole.ee\/en\/\",\"name\":\"Bramasole\",\"description\":\"Bramasole veinipood - ainult hea vein!\",\"publisher\":{\"@id\":\"https:\/\/bramasole.ee\/en\/#organization\"},\"alternateName\":\"Bramasole veinid\",\"potentialAction\":[{\"@type\":\"SearchAction\",\"target\":{\"@type\":\"EntryPoint\",\"urlTemplate\":\"https:\/\/bramasole.ee\/en\/?s={search_term_string}\"},\"query-input\":{\"@type\":\"PropertyValueSpecification\",\"valueRequired\":true,\"valueName\":\"search_term_string\"}}],\"inLanguage\":\"en-US\"},{\"@type\":\"Organization\",\"@id\":\"https:\/\/bramasole.ee\/en\/#organization\",\"name\":\"Bramasole\",\"url\":\"https:\/\/bramasole.ee\/en\/\",\"logo\":{\"@type\":\"ImageObject\",\"inLanguage\":\"en-US\",\"@id\":\"https:\/\/bramasole.ee\/en\/#\/schema\/logo\/image\/\",\"url\":\"https:\/\/bramasole.ee\/wp-content\/uploads\/2023\/04\/House_of_bramasole_logo.png\",\"contentUrl\":\"https:\/\/bramasole.ee\/wp-content\/uploads\/2023\/04\/House_of_bramasole_logo.png\",\"width\":1031,\"height\":257,\"caption\":\"Bramasole\"},\"image\":{\"@id\":\"https:\/\/bramasole.ee\/en\/#\/schema\/logo\/image\/\"},\"sameAs\":[\"https:\/\/www.facebook.com\/houseofbramasole\",\"https:\/\/www.instagram.com\/houseofbramasole\/\"]}]}<\/script>\n<meta property=\"product:price:amount\" content=\"10.50\" \/>\n<meta property=\"product:price:currency\" content=\"EUR\" \/>\n<meta property=\"og:availability\" content=\"instock\" \/>\n<meta property=\"product:availability\" content=\"instock\" \/>\n<meta property=\"product:retailer_item_id\" content=\"1386\" \/>\n<meta property=\"product:condition\" content=\"new\" \/>\n<!-- \/ Yoast SEO Premium plugin. -->","yoast_head_json":{"title":"Aprikoosiid Nebibolo veinis 350 gr. - gurmeetooted - Bramasole veinipood","description":"Aprikoosid Nebbiolo veinis \u2013 Piemonte gurmeenauding. Looduslik, tervislik ja s\u00f5ltuvust tekitav - proovi seda t\u00e4na! Naudi Piemonte veinikultuuri igas suut\u00e4ies!","robots":{"index":"index","follow":"follow","max-snippet":"max-snippet:-1","max-image-preview":"max-image-preview:large","max-video-preview":"max-video-preview:-1"},"canonical":"https:\/\/bramasole.ee\/en\/Toode\/aprikoosiid-nebibolo-veinis-350-gr\/","og_locale":"en_US","og_type":"article","og_title":"Aprikoosiid Nebibolo veinis 350 gr.","og_description":"Aprikoosid Nebbiolo veinis \u2013 Piemonte gurmeenauding. Looduslik, tervislik ja s\u00f5ltuvust tekitav - proovi seda t\u00e4na! Naudi Piemonte veinikultuuri igas suut\u00e4ies!","og_url":"https:\/\/bramasole.ee\/en\/Toode\/aprikoosiid-nebibolo-veinis-350-gr\/","og_site_name":"Bramasole","article_publisher":"https:\/\/www.facebook.com\/houseofbramasole","article_modified_time":"2025-02-14T13:28:10+00:00","og_image":[{"width":768,"height":1024,"url":"https:\/\/bramasole.ee\/wp-content\/uploads\/2025\/02\/4A6E9EA6-BC62-4C89-A142-533E110CD5E7_1_105_c.jpeg","type":"image\/jpeg"}],"twitter_card":"summary_large_image","twitter_misc":{"Price":"&euro;10.50","Availability":"In stock"},"schema":{"@context":"https:\/\/schema.org","@graph":[{"@type":"WebPage","@id":"https:\/\/bramasole.ee\/en\/Toode\/aprikoosiid-nebibolo-veinis-350-gr\/","url":"https:\/\/bramasole.ee\/en\/Toode\/aprikoosiid-nebibolo-veinis-350-gr\/","name":"Aprikoosiid Nebibolo veinis 350 gr. - gurmeetooted - Bramasole veinipood","isPartOf":{"@id":"https:\/\/bramasole.ee\/en\/#website"},"primaryImageOfPage":{"@id":"https:\/\/bramasole.ee\/en\/Toode\/aprikoosiid-nebibolo-veinis-350-gr\/#primaryimage"},"image":{"@id":"https:\/\/bramasole.ee\/en\/Toode\/aprikoosiid-nebibolo-veinis-350-gr\/#primaryimage"},"thumbnailUrl":"https:\/\/bramasole.ee\/wp-content\/uploads\/2025\/02\/4A6E9EA6-BC62-4C89-A142-533E110CD5E7_1_105_c.jpeg","datePublished":"2025-02-14T13:13:25+00:00","dateModified":"2025-02-14T13:28:10+00:00","description":"Aprikoosid Nebbiolo veinis \u2013 Piemonte gurmeenauding. Looduslik, tervislik ja s\u00f5ltuvust tekitav - proovi seda t\u00e4na! Naudi Piemonte veinikultuuri igas suut\u00e4ies!","breadcrumb":{"@id":"https:\/\/bramasole.ee\/en\/Toode\/aprikoosiid-nebibolo-veinis-350-gr\/#breadcrumb"},"inLanguage":"en-US","potentialAction":[{"@type":"ReadAction","target":["https:\/\/bramasole.ee\/en\/Toode\/aprikoosiid-nebibolo-veinis-350-gr\/"]}]},{"@type":"ImageObject","inLanguage":"en-US","@id":"https:\/\/bramasole.ee\/en\/Toode\/aprikoosiid-nebibolo-veinis-350-gr\/#primaryimage","url":"https:\/\/bramasole.ee\/wp-content\/uploads\/2025\/02\/4A6E9EA6-BC62-4C89-A142-533E110CD5E7_1_105_c.jpeg","contentUrl":"https:\/\/bramasole.ee\/wp-content\/uploads\/2025\/02\/4A6E9EA6-BC62-4C89-A142-533E110CD5E7_1_105_c.jpeg","width":768,"height":1024,"caption":"Aprikoosid Nebbiolo veinis"},{"@type":"BreadcrumbList","@id":"https:\/\/bramasole.ee\/en\/Toode\/aprikoosiid-nebibolo-veinis-350-gr\/#breadcrumb","itemListElement":[{"@type":"ListItem","position":1,"name":"Home","item":"https:\/\/bramasole.ee\/en\/"},{"@type":"ListItem","position":2,"name":"VEINIPOOD","item":"https:\/\/bramasole.ee\/veinipood\/"},{"@type":"ListItem","position":3,"name":"Aprikoosiid Nebibolo veinis 350 gr."}]},{"@type":"WebSite","@id":"https:\/\/bramasole.ee\/en\/#website","url":"https:\/\/bramasole.ee\/en\/","name":"Bramasole","description":"Bramasole veinipood - ainult hea vein!","publisher":{"@id":"https:\/\/bramasole.ee\/en\/#organization"},"alternateName":"Bramasole veinid","potentialAction":[{"@type":"SearchAction","target":{"@type":"EntryPoint","urlTemplate":"https:\/\/bramasole.ee\/en\/?s={search_term_string}"},"query-input":{"@type":"PropertyValueSpecification","valueRequired":true,"valueName":"search_term_string"}}],"inLanguage":"en-US"},{"@type":"Organization","@id":"https:\/\/bramasole.ee\/en\/#organization","name":"Bramasole","url":"https:\/\/bramasole.ee\/en\/","logo":{"@type":"ImageObject","inLanguage":"en-US","@id":"https:\/\/bramasole.ee\/en\/#\/schema\/logo\/image\/","url":"https:\/\/bramasole.ee\/wp-content\/uploads\/2023\/04\/House_of_bramasole_logo.png","contentUrl":"https:\/\/bramasole.ee\/wp-content\/uploads\/2023\/04\/House_of_bramasole_logo.png","width":1031,"height":257,"caption":"Bramasole"},"image":{"@id":"https:\/\/bramasole.ee\/en\/#\/schema\/logo\/image\/"},"sameAs":["https:\/\/www.facebook.com\/houseofbramasole","https:\/\/www.instagram.com\/houseofbramasole\/"]}]},"product_price_amount":"10.50","product_price_currency":"EUR","og_availability":"instock","product_availability":"instock","product_retailer_item_id":"1386","product_condition":"new"},"_links":{"self":[{"href":"https:\/\/bramasole.ee\/en\/wp-json\/wp\/v2\/product\/56768","targetHints":{"allow":["GET"]}}],"collection":[{"href":"https:\/\/bramasole.ee\/en\/wp-json\/wp\/v2\/product"}],"about":[{"href":"https:\/\/bramasole.ee\/en\/wp-json\/wp\/v2\/types\/product"}],"replies":[{"embeddable":true,"href":"https:\/\/bramasole.ee\/en\/wp-json\/wp\/v2\/comments?post=56768"}],"wp:featuredmedia":[{"embeddable":true,"href":"https:\/\/bramasole.ee\/en\/wp-json\/wp\/v2\/media\/56769"}],"wp:attachment":[{"href":"https:\/\/bramasole.ee\/en\/wp-json\/wp\/v2\/media?parent=56768"}],"wp:term":[{"taxonomy":"product_brand","embeddable":true,"href":"https:\/\/bramasole.ee\/en\/wp-json\/wp\/v2\/product_brand?post=56768"},{"taxonomy":"product_cat","embeddable":true,"href":"https:\/\/bramasole.ee\/en\/wp-json\/wp\/v2\/product_cat?post=56768"},{"taxonomy":"product_tag","embeddable":true,"href":"https:\/\/bramasole.ee\/en\/wp-json\/wp\/v2\/product_tag?post=56768"}],"curies":[{"name":"wp","href":"https:\/\/api.w.org\/{rel}","templated":true}]}}