{"id":56765,"date":"2025-02-14T13:51:06","date_gmt":"2025-02-14T11:51:06","guid":{"rendered":"https:\/\/bramasole.ee\/?post_type=product&#038;p=56765"},"modified":"2025-02-14T14:13:49","modified_gmt":"2025-02-14T12:13:49","slug":"hoidis-antipasto-piemonte-280-gr","status":"publish","type":"product","link":"https:\/\/bramasole.ee\/en\/Toode\/hoidis-antipasto-piemonte-280-gr\/","title":{"rendered":"Hoidis &#8211; Antipasto Piemonte 280 gr."},"content":{"rendered":"<div class=\"flex-1 overflow-hidden\">\n<div class=\"react-scroll-to-bottom--css-wxbaj-79elbk h-full dark:bg-gray-800\">\n<div class=\"react-scroll-to-bottom--css-wxbaj-1n7m0yu\">\n<div class=\"flex flex-col text-sm dark:bg-gray-800\">\n<div class=\"group w-full text-token-text-primary border-b border-black\/10 gizmo:border-0 dark:border-gray-900\/50 gizmo:dark:border-0 bg-gray-50 gizmo:bg-transparent dark:bg-[#444654] gizmo:dark:bg-transparent\" data-testid=\"conversation-turn-27\">\n<div class=\"p-4 justify-center text-base md:gap-6 md:py-6 m-auto\">\n<div class=\"flex flex-1 gap-4 text-base mx-auto md:gap-6 gizmo:gap-3 gizmo:md:px-5 gizmo:lg:px-1 gizmo:xl:px-5 md:max-w-2xl lg:max-w-[38rem] gizmo:md:max-w-3xl gizmo:lg:max-w-[40rem] gizmo:xl:max-w-[48rem] xl:max-w-3xl }\">\n<div class=\"relative flex w-[calc(100%-50px)] flex-col gap-1 gizmo:w-full md:gap-3 lg:w-[calc(100%-115px)] agent-turn\">\n<div class=\"flex-1 overflow-hidden\">\n<div class=\"react-scroll-to-bottom--css-wxbaj-79elbk h-full dark:bg-gray-800\">\n<div class=\"react-scroll-to-bottom--css-wxbaj-1n7m0yu\">\n<div class=\"flex flex-col text-sm dark:bg-gray-800\">\n<div class=\"group w-full text-token-text-primary border-b border-black\/10 gizmo:border-0 dark:border-gray-900\/50 gizmo:dark:border-0 bg-gray-50 gizmo:bg-transparent dark:bg-[#444654] gizmo:dark:bg-transparent\" data-testid=\"conversation-turn-29\">\n<div class=\"p-4 justify-center text-base md:gap-6 md:py-6 m-auto\">\n<div class=\"flex flex-1 gap-4 text-base mx-auto md:gap-6 gizmo:gap-3 gizmo:md:px-5 gizmo:lg:px-1 gizmo:xl:px-5 md:max-w-2xl lg:max-w-[38rem] gizmo:md:max-w-3xl gizmo:lg:max-w-[40rem] gizmo:xl:max-w-[48rem] xl:max-w-3xl }\">\n<div class=\"relative flex w-[calc(100%-50px)] flex-col gap-1 gizmo:w-full md:gap-3 lg:w-[calc(100%-115px)] agent-turn\">\n<div class=\"flex flex-grow flex-col gap-3 max-w-full\">\n<div class=\"min-h-[20px] flex flex-col items-start gap-3 overflow-x-auto whitespace-pre-wrap break-words\">\n<div class=\"markdown prose w-full break-words dark:prose-invert light\">\n<h4>Hoidis &#8211; Antipasto Piemonte 280 gr.<\/h4>\n<p>Tooge Itaalia maitsed oma k\u00f6\u00f6ki selle klassikalise Antipasto Piemonte hoidisega, mis on maitsev ja tervislik. See antipasto on loodud austades Itaalia kulinaarse p\u00e4randi p\u00f5hiv\u00e4\u00e4rtusi &#8211; alati v\u00e4rsked toorained ja h\u00f5rgud maitsed.<\/p>\n<h4><span style=\"color: #993366;\">Maitsvad ja tervislikud Itaalia maitsed!<\/span><\/h4>\n<p><strong>Omadused:<\/strong><\/p>\n<ul>\n<li><strong>\u00a0Itaalia maitse<\/strong>: Antipasto Piemonte on t\u00e4is autentseid Itaalia maitseid, mis toovad esile v\u00e4rskete \u00fcrtide, k\u00fcpsete tomatite ja teiste k\u00f6\u00f6giviljade harmoonilise koosluse.<\/li>\n<li><strong>Tervislik valik<\/strong>: See hoidis &#8211; salat on valmistatud tervisliku eluviisi austajatele, tegemata kompromisse maitses. See on madala kalorsusega ja sisaldab looduslikke koostisosi, mis on t\u00e4is vitamiine ja antioks\u00fcdante.<\/li>\n<li><strong>Mitmek\u00fclgne kasutamine:<\/strong> Kasutage seda kastet Bruschetta ( kr\u00f5be sai ) valmistamisel, kuid \u00e4rge piirduge sellega &#8211; see sobib suurep\u00e4raselt ka pastaroogade, salatite ja grillitud k\u00f6\u00f6giviljade k\u00f5rvale.<\/li>\n<li><strong>Suurep\u00e4rane maitseelamus:<\/strong> Iga lusikat\u00e4is meie klassikalist Piemonte salatit pakub suurep\u00e4rast maitseelamust, mis \u00e4ratab teie maitsemeeli ellu ja viib teid otse Itaalia p\u00e4ikselistesse aedadesse.<\/li>\n<\/ul>\n<p><strong>Kuidas nautida:<\/strong><\/p>\n<p>Nautige seda salatit \/ hoididt koos kr\u00f5beda ciabatta v\u00f5i v\u00e4rske baguettega. Lisage salatit oma lemmikpasta kastmeks, et anda sellele v\u00e4rsket, tomatist ja \u00fcrdist maitset. Grillitud liha ja kala k\u00f5rvale kui loodud!<\/p>\n<p>&nbsp;<\/p>\n<\/div>\n<\/div>\n<\/div>\n<\/div>\n<\/div>\n<\/div>\n<\/div>\n<\/div>\n<\/div>\n<\/div>\n<\/div>\n<p>Koostis: (paprika, sibul, seller, porgand, hernes, lillkapsas, suvik\u00f5rvits, kevadsibul, rohelised oad )\u00a0 80 %,\u00a0 itaalia tomatid, oliivi \u00f5li, tuunikala, veini\u00e4\u00e4dikas, puravikud, sool.<\/p>\n<\/div>\n<\/div>\n<\/div>\n<\/div>\n<\/div>\n<\/div>\n<\/div>\n<\/div>\n","protected":false},"excerpt":{"rendered":"<p>Tooge Itaalia maitsed oma k\u00f6\u00f6ki selle klassikalise Antipasto Piemonte hoidisega, mis on maitsev ja tervislik. See kaste on loodud austades Itaalia kulinaarse p\u00e4randi p\u00f5hiv\u00e4\u00e4rtusi &#8211; alati v\u00e4rsked toorained ja h\u00f5rgud maitsed.<\/p>\n","protected":false},"featured_media":56766,"comment_status":"open","ping_status":"closed","template":"","meta":[],"product_brand":[],"product_cat":[641,298,302,305],"product_tag":[643,459,457,461,642],"class_list":{"0":"post-56765","1":"product","2":"type-product","3":"status-publish","4":"has-post-thumbnail","6":"product_cat-hoidised","7":"product_cat-gurmeetooted","8":"product_cat-gurmee","9":"product_cat-kreemid","10":"product_tag-antipasto","11":"product_tag-delikatess","12":"product_tag-gurmeetoode","13":"product_tag-itaalia-maitsed","14":"product_tag-piemonte","15":"description-off","17":"first","18":"instock","19":"taxable","20":"shipping-taxable","21":"purchasable","22":"product-type-simple"},"yoast_head":"<!-- This site is optimized with the Yoast SEO Premium plugin v23.0 (Yoast SEO v25.3.1) - https:\/\/yoast.com\/wordpress\/plugins\/seo\/ -->\n<title>Hoidis - Antipasto Piemonte 280 gr. - tervislikud Itaalia maitsed!<\/title>\n<meta name=\"description\" content=\"Antipasto Piemonte hoidis, mis on maitsev ja tervislik. See on loodud austades Itaalia kulinaarse p\u00e4randi p\u00f5hiv\u00e4\u00e4rtusi - alati v\u00e4rsked toorained ja h\u00f5rgud maitsed.\u00a0\" \/>\n<meta name=\"robots\" content=\"index, follow, max-snippet:-1, max-image-preview:large, max-video-preview:-1\" \/>\n<link rel=\"canonical\" href=\"https:\/\/bramasole.ee\/en\/Toode\/hoidis-antipasto-piemonte-280-gr\/\" \/>\n<meta property=\"og:locale\" content=\"en_US\" \/>\n<meta property=\"og:type\" content=\"article\" \/>\n<meta property=\"og:title\" content=\"Hoidis - Antipasto Piemonte 280 gr.\" \/>\n<meta property=\"og:description\" content=\"Antipasto Piemonte hoidis, mis on maitsev ja tervislik. See on loodud austades Itaalia kulinaarse p\u00e4randi p\u00f5hiv\u00e4\u00e4rtusi - alati v\u00e4rsked toorained ja h\u00f5rgud maitsed.\u00a0\" \/>\n<meta property=\"og:url\" content=\"https:\/\/bramasole.ee\/en\/Toode\/hoidis-antipasto-piemonte-280-gr\/\" \/>\n<meta property=\"og:site_name\" content=\"Bramasole\" \/>\n<meta property=\"article:publisher\" content=\"https:\/\/www.facebook.com\/houseofbramasole\" \/>\n<meta property=\"article:modified_time\" content=\"2025-02-14T12:13:49+00:00\" \/>\n<meta property=\"og:image\" content=\"https:\/\/bramasole.ee\/wp-content\/uploads\/2023\/04\/House_of_bramasole_logo.png\" \/>\n\t<meta property=\"og:image:width\" content=\"1031\" \/>\n\t<meta property=\"og:image:height\" content=\"257\" \/>\n\t<meta property=\"og:image:type\" content=\"image\/png\" \/>\n<meta name=\"twitter:card\" content=\"summary_large_image\" \/>\n<meta name=\"twitter:label1\" content=\"Price\" \/>\n\t<meta name=\"twitter:data1\" content=\"&euro;8.30\" \/>\n\t<meta name=\"twitter:label2\" content=\"Availability\" \/>\n\t<meta name=\"twitter:data2\" content=\"In stock\" \/>\n<script type=\"application\/ld+json\" class=\"yoast-schema-graph\">{\"@context\":\"https:\/\/schema.org\",\"@graph\":[{\"@type\":\"WebPage\",\"@id\":\"https:\/\/bramasole.ee\/en\/Toode\/hoidis-antipasto-piemonte-280-gr\/\",\"url\":\"https:\/\/bramasole.ee\/en\/Toode\/hoidis-antipasto-piemonte-280-gr\/\",\"name\":\"Hoidis - Antipasto Piemonte 280 gr. - tervislikud Itaalia maitsed!\",\"isPartOf\":{\"@id\":\"https:\/\/bramasole.ee\/en\/#website\"},\"primaryImageOfPage\":{\"@id\":\"https:\/\/bramasole.ee\/en\/Toode\/hoidis-antipasto-piemonte-280-gr\/#primaryimage\"},\"image\":{\"@id\":\"https:\/\/bramasole.ee\/en\/Toode\/hoidis-antipasto-piemonte-280-gr\/#primaryimage\"},\"thumbnailUrl\":\"https:\/\/bramasole.ee\/wp-content\/uploads\/2025\/02\/11BE8B17-DB1C-4FD8-9748-C48AF31860F9-scaled-e1739534942549.jpg\",\"datePublished\":\"2025-02-14T11:51:06+00:00\",\"dateModified\":\"2025-02-14T12:13:49+00:00\",\"description\":\"Antipasto Piemonte hoidis, mis on maitsev ja tervislik. See on loodud austades Itaalia kulinaarse p\u00e4randi p\u00f5hiv\u00e4\u00e4rtusi - alati v\u00e4rsked toorained ja h\u00f5rgud maitsed.\u00a0\",\"breadcrumb\":{\"@id\":\"https:\/\/bramasole.ee\/en\/Toode\/hoidis-antipasto-piemonte-280-gr\/#breadcrumb\"},\"inLanguage\":\"en-US\",\"potentialAction\":[{\"@type\":\"ReadAction\",\"target\":[\"https:\/\/bramasole.ee\/en\/Toode\/hoidis-antipasto-piemonte-280-gr\/\"]}]},{\"@type\":\"ImageObject\",\"inLanguage\":\"en-US\",\"@id\":\"https:\/\/bramasole.ee\/en\/Toode\/hoidis-antipasto-piemonte-280-gr\/#primaryimage\",\"url\":\"https:\/\/bramasole.ee\/wp-content\/uploads\/2025\/02\/11BE8B17-DB1C-4FD8-9748-C48AF31860F9-scaled-e1739534942549.jpg\",\"contentUrl\":\"https:\/\/bramasole.ee\/wp-content\/uploads\/2025\/02\/11BE8B17-DB1C-4FD8-9748-C48AF31860F9-scaled-e1739534942549.jpg\",\"width\":900,\"height\":1200,\"caption\":\"Antipasto Piemonte - Itaalia gurmeetooted\"},{\"@type\":\"BreadcrumbList\",\"@id\":\"https:\/\/bramasole.ee\/en\/Toode\/hoidis-antipasto-piemonte-280-gr\/#breadcrumb\",\"itemListElement\":[{\"@type\":\"ListItem\",\"position\":1,\"name\":\"Home\",\"item\":\"https:\/\/bramasole.ee\/en\/\"},{\"@type\":\"ListItem\",\"position\":2,\"name\":\"VEINIPOOD\",\"item\":\"https:\/\/bramasole.ee\/veinipood\/\"},{\"@type\":\"ListItem\",\"position\":3,\"name\":\"Hoidis &#8211; Antipasto Piemonte 280 gr.\"}]},{\"@type\":\"WebSite\",\"@id\":\"https:\/\/bramasole.ee\/en\/#website\",\"url\":\"https:\/\/bramasole.ee\/en\/\",\"name\":\"Bramasole\",\"description\":\"Bramasole veinipood - ainult hea vein!\",\"publisher\":{\"@id\":\"https:\/\/bramasole.ee\/en\/#organization\"},\"alternateName\":\"Bramasole veinid\",\"potentialAction\":[{\"@type\":\"SearchAction\",\"target\":{\"@type\":\"EntryPoint\",\"urlTemplate\":\"https:\/\/bramasole.ee\/en\/?s={search_term_string}\"},\"query-input\":{\"@type\":\"PropertyValueSpecification\",\"valueRequired\":true,\"valueName\":\"search_term_string\"}}],\"inLanguage\":\"en-US\"},{\"@type\":\"Organization\",\"@id\":\"https:\/\/bramasole.ee\/en\/#organization\",\"name\":\"Bramasole\",\"url\":\"https:\/\/bramasole.ee\/en\/\",\"logo\":{\"@type\":\"ImageObject\",\"inLanguage\":\"en-US\",\"@id\":\"https:\/\/bramasole.ee\/en\/#\/schema\/logo\/image\/\",\"url\":\"https:\/\/bramasole.ee\/wp-content\/uploads\/2023\/04\/House_of_bramasole_logo.png\",\"contentUrl\":\"https:\/\/bramasole.ee\/wp-content\/uploads\/2023\/04\/House_of_bramasole_logo.png\",\"width\":1031,\"height\":257,\"caption\":\"Bramasole\"},\"image\":{\"@id\":\"https:\/\/bramasole.ee\/en\/#\/schema\/logo\/image\/\"},\"sameAs\":[\"https:\/\/www.facebook.com\/houseofbramasole\",\"https:\/\/www.instagram.com\/houseofbramasole\/\"]}]}<\/script>\n<meta property=\"product:price:amount\" content=\"8.30\" \/>\n<meta property=\"product:price:currency\" content=\"EUR\" \/>\n<meta property=\"og:availability\" content=\"instock\" \/>\n<meta property=\"product:availability\" content=\"instock\" \/>\n<meta property=\"product:retailer_item_id\" content=\"802-1\" \/>\n<meta property=\"product:condition\" content=\"new\" \/>\n<!-- \/ Yoast SEO Premium plugin. -->","yoast_head_json":{"title":"Hoidis - Antipasto Piemonte 280 gr. - tervislikud Itaalia maitsed!","description":"Antipasto Piemonte hoidis, mis on maitsev ja tervislik. See on loodud austades Itaalia kulinaarse p\u00e4randi p\u00f5hiv\u00e4\u00e4rtusi - alati v\u00e4rsked toorained ja h\u00f5rgud maitsed.\u00a0","robots":{"index":"index","follow":"follow","max-snippet":"max-snippet:-1","max-image-preview":"max-image-preview:large","max-video-preview":"max-video-preview:-1"},"canonical":"https:\/\/bramasole.ee\/en\/Toode\/hoidis-antipasto-piemonte-280-gr\/","og_locale":"en_US","og_type":"article","og_title":"Hoidis - Antipasto Piemonte 280 gr.","og_description":"Antipasto Piemonte hoidis, mis on maitsev ja tervislik. See on loodud austades Itaalia kulinaarse p\u00e4randi p\u00f5hiv\u00e4\u00e4rtusi - alati v\u00e4rsked toorained ja h\u00f5rgud maitsed.\u00a0","og_url":"https:\/\/bramasole.ee\/en\/Toode\/hoidis-antipasto-piemonte-280-gr\/","og_site_name":"Bramasole","article_publisher":"https:\/\/www.facebook.com\/houseofbramasole","article_modified_time":"2025-02-14T12:13:49+00:00","og_image":[{"width":1031,"height":257,"url":"https:\/\/bramasole.ee\/wp-content\/uploads\/2023\/04\/House_of_bramasole_logo.png","type":"image\/png"}],"twitter_card":"summary_large_image","twitter_misc":{"Price":"&euro;8.30","Availability":"In stock"},"schema":{"@context":"https:\/\/schema.org","@graph":[{"@type":"WebPage","@id":"https:\/\/bramasole.ee\/en\/Toode\/hoidis-antipasto-piemonte-280-gr\/","url":"https:\/\/bramasole.ee\/en\/Toode\/hoidis-antipasto-piemonte-280-gr\/","name":"Hoidis - Antipasto Piemonte 280 gr. - tervislikud Itaalia maitsed!","isPartOf":{"@id":"https:\/\/bramasole.ee\/en\/#website"},"primaryImageOfPage":{"@id":"https:\/\/bramasole.ee\/en\/Toode\/hoidis-antipasto-piemonte-280-gr\/#primaryimage"},"image":{"@id":"https:\/\/bramasole.ee\/en\/Toode\/hoidis-antipasto-piemonte-280-gr\/#primaryimage"},"thumbnailUrl":"https:\/\/bramasole.ee\/wp-content\/uploads\/2025\/02\/11BE8B17-DB1C-4FD8-9748-C48AF31860F9-scaled-e1739534942549.jpg","datePublished":"2025-02-14T11:51:06+00:00","dateModified":"2025-02-14T12:13:49+00:00","description":"Antipasto Piemonte hoidis, mis on maitsev ja tervislik. See on loodud austades Itaalia kulinaarse p\u00e4randi p\u00f5hiv\u00e4\u00e4rtusi - alati v\u00e4rsked toorained ja h\u00f5rgud maitsed.\u00a0","breadcrumb":{"@id":"https:\/\/bramasole.ee\/en\/Toode\/hoidis-antipasto-piemonte-280-gr\/#breadcrumb"},"inLanguage":"en-US","potentialAction":[{"@type":"ReadAction","target":["https:\/\/bramasole.ee\/en\/Toode\/hoidis-antipasto-piemonte-280-gr\/"]}]},{"@type":"ImageObject","inLanguage":"en-US","@id":"https:\/\/bramasole.ee\/en\/Toode\/hoidis-antipasto-piemonte-280-gr\/#primaryimage","url":"https:\/\/bramasole.ee\/wp-content\/uploads\/2025\/02\/11BE8B17-DB1C-4FD8-9748-C48AF31860F9-scaled-e1739534942549.jpg","contentUrl":"https:\/\/bramasole.ee\/wp-content\/uploads\/2025\/02\/11BE8B17-DB1C-4FD8-9748-C48AF31860F9-scaled-e1739534942549.jpg","width":900,"height":1200,"caption":"Antipasto Piemonte - Itaalia gurmeetooted"},{"@type":"BreadcrumbList","@id":"https:\/\/bramasole.ee\/en\/Toode\/hoidis-antipasto-piemonte-280-gr\/#breadcrumb","itemListElement":[{"@type":"ListItem","position":1,"name":"Home","item":"https:\/\/bramasole.ee\/en\/"},{"@type":"ListItem","position":2,"name":"VEINIPOOD","item":"https:\/\/bramasole.ee\/veinipood\/"},{"@type":"ListItem","position":3,"name":"Hoidis &#8211; Antipasto Piemonte 280 gr."}]},{"@type":"WebSite","@id":"https:\/\/bramasole.ee\/en\/#website","url":"https:\/\/bramasole.ee\/en\/","name":"Bramasole","description":"Bramasole veinipood - ainult hea vein!","publisher":{"@id":"https:\/\/bramasole.ee\/en\/#organization"},"alternateName":"Bramasole veinid","potentialAction":[{"@type":"SearchAction","target":{"@type":"EntryPoint","urlTemplate":"https:\/\/bramasole.ee\/en\/?s={search_term_string}"},"query-input":{"@type":"PropertyValueSpecification","valueRequired":true,"valueName":"search_term_string"}}],"inLanguage":"en-US"},{"@type":"Organization","@id":"https:\/\/bramasole.ee\/en\/#organization","name":"Bramasole","url":"https:\/\/bramasole.ee\/en\/","logo":{"@type":"ImageObject","inLanguage":"en-US","@id":"https:\/\/bramasole.ee\/en\/#\/schema\/logo\/image\/","url":"https:\/\/bramasole.ee\/wp-content\/uploads\/2023\/04\/House_of_bramasole_logo.png","contentUrl":"https:\/\/bramasole.ee\/wp-content\/uploads\/2023\/04\/House_of_bramasole_logo.png","width":1031,"height":257,"caption":"Bramasole"},"image":{"@id":"https:\/\/bramasole.ee\/en\/#\/schema\/logo\/image\/"},"sameAs":["https:\/\/www.facebook.com\/houseofbramasole","https:\/\/www.instagram.com\/houseofbramasole\/"]}]},"product_price_amount":"8.30","product_price_currency":"EUR","og_availability":"instock","product_availability":"instock","product_retailer_item_id":"802-1","product_condition":"new"},"_links":{"self":[{"href":"https:\/\/bramasole.ee\/en\/wp-json\/wp\/v2\/product\/56765","targetHints":{"allow":["GET"]}}],"collection":[{"href":"https:\/\/bramasole.ee\/en\/wp-json\/wp\/v2\/product"}],"about":[{"href":"https:\/\/bramasole.ee\/en\/wp-json\/wp\/v2\/types\/product"}],"replies":[{"embeddable":true,"href":"https:\/\/bramasole.ee\/en\/wp-json\/wp\/v2\/comments?post=56765"}],"wp:featuredmedia":[{"embeddable":true,"href":"https:\/\/bramasole.ee\/en\/wp-json\/wp\/v2\/media\/56766"}],"wp:attachment":[{"href":"https:\/\/bramasole.ee\/en\/wp-json\/wp\/v2\/media?parent=56765"}],"wp:term":[{"taxonomy":"product_brand","embeddable":true,"href":"https:\/\/bramasole.ee\/en\/wp-json\/wp\/v2\/product_brand?post=56765"},{"taxonomy":"product_cat","embeddable":true,"href":"https:\/\/bramasole.ee\/en\/wp-json\/wp\/v2\/product_cat?post=56765"},{"taxonomy":"product_tag","embeddable":true,"href":"https:\/\/bramasole.ee\/en\/wp-json\/wp\/v2\/product_tag?post=56765"}],"curies":[{"name":"wp","href":"https:\/\/api.w.org\/{rel}","templated":true}]}}