{"id":56764,"date":"2025-02-14T13:42:05","date_gmt":"2025-02-14T11:42:05","guid":{"rendered":"https:\/\/bramasole.ee\/?post_type=product&#038;p=56764"},"modified":"2025-02-21T09:10:01","modified_gmt":"2025-02-21T07:10:01","slug":"oliivi-ja-basiilikuga-pesto-nero-130-gr-2","status":"publish","type":"product","link":"https:\/\/bramasole.ee\/en\/Toode\/oliivi-ja-basiilikuga-pesto-nero-130-gr-2\/","title":{"rendered":"Oliivi ja basiilikuga pesto nero 130 gr."},"content":{"rendered":"<div class=\"flex-1 overflow-hidden\">\n<div class=\"react-scroll-to-bottom--css-wxbaj-79elbk h-full dark:bg-gray-800\">\n<div class=\"react-scroll-to-bottom--css-wxbaj-1n7m0yu\">\n<div class=\"flex flex-col text-sm dark:bg-gray-800\">\n<div class=\"group w-full text-token-text-primary border-b border-black\/10 gizmo:border-0 dark:border-gray-900\/50 gizmo:dark:border-0 bg-gray-50 gizmo:bg-transparent dark:bg-[#444654] gizmo:dark:bg-transparent\" data-testid=\"conversation-turn-27\">\n<div class=\"p-4 justify-center text-base md:gap-6 md:py-6 m-auto\">\n<div class=\"flex flex-1 gap-4 text-base mx-auto md:gap-6 gizmo:gap-3 gizmo:md:px-5 gizmo:lg:px-1 gizmo:xl:px-5 md:max-w-2xl lg:max-w-[38rem] gizmo:md:max-w-3xl gizmo:lg:max-w-[40rem] gizmo:xl:max-w-[48rem] xl:max-w-3xl }\">\n<div class=\"relative flex w-[calc(100%-50px)] flex-col gap-1 gizmo:w-full md:gap-3 lg:w-[calc(100%-115px)] agent-turn\">\n<div class=\"flex-1 overflow-hidden\">\n<div class=\"react-scroll-to-bottom--css-wxbaj-79elbk h-full dark:bg-gray-800\">\n<div class=\"react-scroll-to-bottom--css-wxbaj-1n7m0yu\">\n<div class=\"flex flex-col text-sm dark:bg-gray-800\">\n<div class=\"group w-full text-token-text-primary border-b border-black\/10 gizmo:border-0 dark:border-gray-900\/50 gizmo:dark:border-0 bg-gray-50 gizmo:bg-transparent dark:bg-[#444654] gizmo:dark:bg-transparent\" data-testid=\"conversation-turn-29\">\n<div class=\"p-4 justify-center text-base md:gap-6 md:py-6 m-auto\">\n<div class=\"flex flex-1 gap-4 text-base mx-auto md:gap-6 gizmo:gap-3 gizmo:md:px-5 gizmo:lg:px-1 gizmo:xl:px-5 md:max-w-2xl lg:max-w-[38rem] gizmo:md:max-w-3xl gizmo:lg:max-w-[40rem] gizmo:xl:max-w-[48rem] xl:max-w-3xl }\">\n<div class=\"relative flex w-[calc(100%-50px)] flex-col gap-1 gizmo:w-full md:gap-3 lg:w-[calc(100%-115px)] agent-turn\">\n<div class=\"flex flex-grow flex-col gap-3 max-w-full\">\n<div class=\"min-h-[20px] flex flex-col items-start gap-3 overflow-x-auto whitespace-pre-wrap break-words\">\n<div class=\"markdown prose w-full break-words dark:prose-invert light\">\n<h5>Oliivi ja basiilikuga pesto nero 130 gr. &#8211; Itaalia v\u00e4rskus Sinu k\u00f6\u00f6gis!<\/h5>\n<div class=\"flex-1 overflow-hidden\">\n<div class=\"react-scroll-to-bottom--css-wxbaj-79elbk h-full dark:bg-gray-800\">\n<div class=\"react-scroll-to-bottom--css-wxbaj-1n7m0yu\">\n<div class=\"flex flex-col text-sm dark:bg-gray-800\">\n<div class=\"group w-full text-token-text-primary border-b border-black\/10 gizmo:border-0 dark:border-gray-900\/50 gizmo:dark:border-0 bg-gray-50 gizmo:bg-transparent dark:bg-[#444654] gizmo:dark:bg-transparent\" data-testid=\"conversation-turn-33\">\n<div class=\"p-4 justify-center text-base md:gap-6 md:py-6 m-auto\">\n<div class=\"flex flex-1 gap-4 text-base mx-auto md:gap-6 gizmo:gap-3 gizmo:md:px-5 gizmo:lg:px-1 gizmo:xl:px-5 md:max-w-2xl lg:max-w-[38rem] gizmo:md:max-w-3xl gizmo:lg:max-w-[40rem] gizmo:xl:max-w-[48rem] xl:max-w-3xl }\">\n<div class=\"relative flex w-[calc(100%-50px)] flex-col gap-1 gizmo:w-full md:gap-3 lg:w-[calc(100%-115px)] agent-turn\">\n<p>T\u00f5sta oma toiduvalmistamise kogemus uuele tasemele meie oliivi ja basiilikupesto neroga \u2013 ainulaadse maitsekooslusega, mis pakub maitsete pidu Sinu igap\u00e4evastes roogades.<\/p>\n<h4><span style=\"color: #993366;\">Maitsvad ja tervislikud Itaalia maitsed!<\/span><\/h4>\n<p>Oliivi ja basiilikupesto nero on t\u00f5eline maitseelamus. Oliivide intensiivne maitse kohtub v\u00e4rskete basiilikulehtede aroomiga. Tekstuuri annavad seederm\u00e4nniseemned ning extra neitsioliivi\u00f5li \u00fchendab k\u00f5ik koostisosad siidiseks ja suussulavaks elamuseks.<\/p>\n<p><strong>Kuidas nautida:<\/strong><\/p>\n<p>Oliivi ja basiilikupesto nero sobib suurep\u00e4raselt erinevate roogadega. Kasuta seda pastaroogades, pitsakattena, m\u00e4\u00e4ri saiaviilule v\u00f5i lisandina grillitud lihale ja k\u00f6\u00f6giviljadele. Selle mitmek\u00fclgsus avab uued uksed k\u00f6\u00f6gikunstile, v\u00f5imaldades Sul luua kiiresti maitsvaid ja unikaalseid roogasid. Nt. proovi kr\u00f5bedal saiaviilul &#8211; pane lusikaga pesto nero ja peale p\u00e4ikesekuivatatud tomatieid.<\/p>\n<h4><span style=\"color: #993366;\">Maitsvad ja tervislikud Itaalia maitsed!<\/span><\/h4>\n<\/div>\n<\/div>\n<\/div>\n<\/div>\n<\/div>\n<\/div>\n<\/div>\n<\/div>\n<p><strong>Koostis:<\/strong> Oliivid 50%, oliivi\u00f5li, Genovese basiilik (basilico genovese P.D.O.) 13%, ekstra neitsioliivi\u00f5li, sool, seederm\u00e4nniseemned, k\u00fc\u00fcslauk, happesuse regulaator: piimhape.<\/p>\n<p>Proovi kindlasti &#8211; t\u00f5elised Itaalia maitsed!<\/p>\n<\/div>\n<\/div>\n<\/div>\n<\/div>\n<\/div>\n<\/div>\n<\/div>\n<\/div>\n<\/div>\n<\/div>\n<\/div>\n<\/div>\n<\/div>\n<\/div>\n<\/div>\n<\/div>\n<\/div>\n<\/div>\n<\/div>\n","protected":false},"excerpt":{"rendered":"<p>Avasta maitsev ja aromaatne maailm meie ainulaadse tomatipesto abil. See suurep\u00e4rane pesto, mis on valmistatud k\u00f5rgekvaliteedilistest p\u00e4ikesek\u00fcpsetest tomatitest, lisab iga roa jaoks intensiivse maitseelamuse.<\/p>\n","protected":false},"featured_media":55306,"comment_status":"open","ping_status":"closed","template":"","meta":[],"product_brand":[],"product_cat":[298,301],"product_tag":[459,457,461,472],"class_list":{"0":"post-56764","1":"product","2":"type-product","3":"status-publish","4":"has-post-thumbnail","6":"product_cat-gurmeetooted","7":"product_cat-pesto","8":"product_tag-delikatess","9":"product_tag-gurmeetoode","10":"product_tag-itaalia-maitsed","11":"product_tag-pesto","12":"description-off","14":"first","15":"outofstock","16":"taxable","17":"shipping-taxable","18":"purchasable","19":"product-type-simple"},"yoast_head":"<!-- This site is optimized with the Yoast SEO Premium plugin v23.0 (Yoast SEO v25.3.1) - https:\/\/yoast.com\/wordpress\/plugins\/seo\/ -->\n<title>Oliivi ja basiilikuga pesto nero. Itaalia maitsed!<\/title>\n<meta name=\"description\" content=\"Oliivi ja basiiliku pesto nero- v\u00e4rsked basiilikulehed ja extra neitsioliivi\u00f5li. T\u00f5eline maitsete r\u00e4nnak Sinu toidulaual . Tervislikud Itaalia maitsed!\" \/>\n<meta name=\"robots\" content=\"index, follow, max-snippet:-1, max-image-preview:large, max-video-preview:-1\" \/>\n<link rel=\"canonical\" href=\"https:\/\/bramasole.ee\/en\/Toode\/oliivi-ja-basiilikuga-pesto-nero-130-gr-2\/\" \/>\n<meta property=\"og:locale\" content=\"en_US\" \/>\n<meta property=\"og:type\" content=\"article\" \/>\n<meta property=\"og:title\" content=\"Oliivi ja basiilikuga pesto nero 130 gr.\" \/>\n<meta property=\"og:description\" content=\"Oliivi ja basiiliku pesto nero- v\u00e4rsked basiilikulehed ja extra neitsioliivi\u00f5li. T\u00f5eline maitsete r\u00e4nnak Sinu toidulaual . Tervislikud Itaalia maitsed!\" \/>\n<meta property=\"og:url\" content=\"https:\/\/bramasole.ee\/en\/Toode\/oliivi-ja-basiilikuga-pesto-nero-130-gr-2\/\" \/>\n<meta property=\"og:site_name\" content=\"Bramasole\" \/>\n<meta property=\"article:publisher\" content=\"https:\/\/www.facebook.com\/houseofbramasole\" \/>\n<meta property=\"article:modified_time\" content=\"2025-02-21T07:10:01+00:00\" \/>\n<meta property=\"og:image\" content=\"https:\/\/bramasole.ee\/wp-content\/uploads\/2023\/10\/Oliivi-ja-basiilikupesto-nero_860.jpg\" \/>\n\t<meta property=\"og:image:width\" content=\"900\" \/>\n\t<meta property=\"og:image:height\" content=\"900\" \/>\n\t<meta property=\"og:image:type\" content=\"image\/jpeg\" \/>\n<meta name=\"twitter:card\" content=\"summary_large_image\" \/>\n<meta name=\"twitter:label1\" content=\"Price\" \/>\n\t<meta name=\"twitter:data1\" content=\"&euro;6.40\" \/>\n\t<meta name=\"twitter:label2\" content=\"Availability\" \/>\n\t<meta name=\"twitter:data2\" content=\"Out of stock\" \/>\n<script type=\"application\/ld+json\" class=\"yoast-schema-graph\">{\"@context\":\"https:\/\/schema.org\",\"@graph\":[{\"@type\":\"WebPage\",\"@id\":\"https:\/\/bramasole.ee\/en\/Toode\/oliivi-ja-basiilikuga-pesto-nero-130-gr-2\/\",\"url\":\"https:\/\/bramasole.ee\/en\/Toode\/oliivi-ja-basiilikuga-pesto-nero-130-gr-2\/\",\"name\":\"Oliivi ja basiilikuga pesto nero. Itaalia maitsed!\",\"isPartOf\":{\"@id\":\"https:\/\/bramasole.ee\/en\/#website\"},\"primaryImageOfPage\":{\"@id\":\"https:\/\/bramasole.ee\/en\/Toode\/oliivi-ja-basiilikuga-pesto-nero-130-gr-2\/#primaryimage\"},\"image\":{\"@id\":\"https:\/\/bramasole.ee\/en\/Toode\/oliivi-ja-basiilikuga-pesto-nero-130-gr-2\/#primaryimage\"},\"thumbnailUrl\":\"https:\/\/bramasole.ee\/wp-content\/uploads\/2023\/10\/Oliivi-ja-basiilikupesto-nero_860.jpg\",\"datePublished\":\"2025-02-14T11:42:05+00:00\",\"dateModified\":\"2025-02-21T07:10:01+00:00\",\"description\":\"Oliivi ja basiiliku pesto nero- v\u00e4rsked basiilikulehed ja extra neitsioliivi\u00f5li. T\u00f5eline maitsete r\u00e4nnak Sinu toidulaual . Tervislikud Itaalia maitsed!\",\"breadcrumb\":{\"@id\":\"https:\/\/bramasole.ee\/en\/Toode\/oliivi-ja-basiilikuga-pesto-nero-130-gr-2\/#breadcrumb\"},\"inLanguage\":\"en-US\",\"potentialAction\":[{\"@type\":\"ReadAction\",\"target\":[\"https:\/\/bramasole.ee\/en\/Toode\/oliivi-ja-basiilikuga-pesto-nero-130-gr-2\/\"]}]},{\"@type\":\"ImageObject\",\"inLanguage\":\"en-US\",\"@id\":\"https:\/\/bramasole.ee\/en\/Toode\/oliivi-ja-basiilikuga-pesto-nero-130-gr-2\/#primaryimage\",\"url\":\"https:\/\/bramasole.ee\/wp-content\/uploads\/2023\/10\/Oliivi-ja-basiilikupesto-nero_860.jpg\",\"contentUrl\":\"https:\/\/bramasole.ee\/wp-content\/uploads\/2023\/10\/Oliivi-ja-basiilikupesto-nero_860.jpg\",\"width\":900,\"height\":900,\"caption\":\"Oliivi ja basiilikupesto nero\"},{\"@type\":\"BreadcrumbList\",\"@id\":\"https:\/\/bramasole.ee\/en\/Toode\/oliivi-ja-basiilikuga-pesto-nero-130-gr-2\/#breadcrumb\",\"itemListElement\":[{\"@type\":\"ListItem\",\"position\":1,\"name\":\"Home\",\"item\":\"https:\/\/bramasole.ee\/en\/\"},{\"@type\":\"ListItem\",\"position\":2,\"name\":\"VEINIPOOD\",\"item\":\"https:\/\/bramasole.ee\/veinipood\/\"},{\"@type\":\"ListItem\",\"position\":3,\"name\":\"Oliivi ja basiilikuga pesto nero 130 gr.\"}]},{\"@type\":\"WebSite\",\"@id\":\"https:\/\/bramasole.ee\/en\/#website\",\"url\":\"https:\/\/bramasole.ee\/en\/\",\"name\":\"Bramasole\",\"description\":\"Bramasole veinipood - ainult hea vein!\",\"publisher\":{\"@id\":\"https:\/\/bramasole.ee\/en\/#organization\"},\"alternateName\":\"Bramasole veinid\",\"potentialAction\":[{\"@type\":\"SearchAction\",\"target\":{\"@type\":\"EntryPoint\",\"urlTemplate\":\"https:\/\/bramasole.ee\/en\/?s={search_term_string}\"},\"query-input\":{\"@type\":\"PropertyValueSpecification\",\"valueRequired\":true,\"valueName\":\"search_term_string\"}}],\"inLanguage\":\"en-US\"},{\"@type\":\"Organization\",\"@id\":\"https:\/\/bramasole.ee\/en\/#organization\",\"name\":\"Bramasole\",\"url\":\"https:\/\/bramasole.ee\/en\/\",\"logo\":{\"@type\":\"ImageObject\",\"inLanguage\":\"en-US\",\"@id\":\"https:\/\/bramasole.ee\/en\/#\/schema\/logo\/image\/\",\"url\":\"https:\/\/bramasole.ee\/wp-content\/uploads\/2023\/04\/House_of_bramasole_logo.png\",\"contentUrl\":\"https:\/\/bramasole.ee\/wp-content\/uploads\/2023\/04\/House_of_bramasole_logo.png\",\"width\":1031,\"height\":257,\"caption\":\"Bramasole\"},\"image\":{\"@id\":\"https:\/\/bramasole.ee\/en\/#\/schema\/logo\/image\/\"},\"sameAs\":[\"https:\/\/www.facebook.com\/houseofbramasole\",\"https:\/\/www.instagram.com\/houseofbramasole\/\"]}]}<\/script>\n<meta property=\"product:price:amount\" content=\"6.40\" \/>\n<meta property=\"product:price:currency\" content=\"EUR\" \/>\n<meta property=\"og:availability\" content=\"out of stock\" \/>\n<meta property=\"product:availability\" content=\"out of stock\" \/>\n<meta property=\"product:retailer_item_id\" content=\"860-1\" \/>\n<meta property=\"product:condition\" content=\"new\" \/>\n<!-- \/ Yoast SEO Premium plugin. -->","yoast_head_json":{"title":"Oliivi ja basiilikuga pesto nero. Itaalia maitsed!","description":"Oliivi ja basiiliku pesto nero- v\u00e4rsked basiilikulehed ja extra neitsioliivi\u00f5li. T\u00f5eline maitsete r\u00e4nnak Sinu toidulaual . Tervislikud Itaalia maitsed!","robots":{"index":"index","follow":"follow","max-snippet":"max-snippet:-1","max-image-preview":"max-image-preview:large","max-video-preview":"max-video-preview:-1"},"canonical":"https:\/\/bramasole.ee\/en\/Toode\/oliivi-ja-basiilikuga-pesto-nero-130-gr-2\/","og_locale":"en_US","og_type":"article","og_title":"Oliivi ja basiilikuga pesto nero 130 gr.","og_description":"Oliivi ja basiiliku pesto nero- v\u00e4rsked basiilikulehed ja extra neitsioliivi\u00f5li. T\u00f5eline maitsete r\u00e4nnak Sinu toidulaual . Tervislikud Itaalia maitsed!","og_url":"https:\/\/bramasole.ee\/en\/Toode\/oliivi-ja-basiilikuga-pesto-nero-130-gr-2\/","og_site_name":"Bramasole","article_publisher":"https:\/\/www.facebook.com\/houseofbramasole","article_modified_time":"2025-02-21T07:10:01+00:00","og_image":[{"width":900,"height":900,"url":"https:\/\/bramasole.ee\/wp-content\/uploads\/2023\/10\/Oliivi-ja-basiilikupesto-nero_860.jpg","type":"image\/jpeg"}],"twitter_card":"summary_large_image","twitter_misc":{"Price":"&euro;6.40","Availability":"Out of stock"},"schema":{"@context":"https:\/\/schema.org","@graph":[{"@type":"WebPage","@id":"https:\/\/bramasole.ee\/en\/Toode\/oliivi-ja-basiilikuga-pesto-nero-130-gr-2\/","url":"https:\/\/bramasole.ee\/en\/Toode\/oliivi-ja-basiilikuga-pesto-nero-130-gr-2\/","name":"Oliivi ja basiilikuga pesto nero. Itaalia maitsed!","isPartOf":{"@id":"https:\/\/bramasole.ee\/en\/#website"},"primaryImageOfPage":{"@id":"https:\/\/bramasole.ee\/en\/Toode\/oliivi-ja-basiilikuga-pesto-nero-130-gr-2\/#primaryimage"},"image":{"@id":"https:\/\/bramasole.ee\/en\/Toode\/oliivi-ja-basiilikuga-pesto-nero-130-gr-2\/#primaryimage"},"thumbnailUrl":"https:\/\/bramasole.ee\/wp-content\/uploads\/2023\/10\/Oliivi-ja-basiilikupesto-nero_860.jpg","datePublished":"2025-02-14T11:42:05+00:00","dateModified":"2025-02-21T07:10:01+00:00","description":"Oliivi ja basiiliku pesto nero- v\u00e4rsked basiilikulehed ja extra neitsioliivi\u00f5li. T\u00f5eline maitsete r\u00e4nnak Sinu toidulaual . Tervislikud Itaalia maitsed!","breadcrumb":{"@id":"https:\/\/bramasole.ee\/en\/Toode\/oliivi-ja-basiilikuga-pesto-nero-130-gr-2\/#breadcrumb"},"inLanguage":"en-US","potentialAction":[{"@type":"ReadAction","target":["https:\/\/bramasole.ee\/en\/Toode\/oliivi-ja-basiilikuga-pesto-nero-130-gr-2\/"]}]},{"@type":"ImageObject","inLanguage":"en-US","@id":"https:\/\/bramasole.ee\/en\/Toode\/oliivi-ja-basiilikuga-pesto-nero-130-gr-2\/#primaryimage","url":"https:\/\/bramasole.ee\/wp-content\/uploads\/2023\/10\/Oliivi-ja-basiilikupesto-nero_860.jpg","contentUrl":"https:\/\/bramasole.ee\/wp-content\/uploads\/2023\/10\/Oliivi-ja-basiilikupesto-nero_860.jpg","width":900,"height":900,"caption":"Oliivi ja basiilikupesto nero"},{"@type":"BreadcrumbList","@id":"https:\/\/bramasole.ee\/en\/Toode\/oliivi-ja-basiilikuga-pesto-nero-130-gr-2\/#breadcrumb","itemListElement":[{"@type":"ListItem","position":1,"name":"Home","item":"https:\/\/bramasole.ee\/en\/"},{"@type":"ListItem","position":2,"name":"VEINIPOOD","item":"https:\/\/bramasole.ee\/veinipood\/"},{"@type":"ListItem","position":3,"name":"Oliivi ja basiilikuga pesto nero 130 gr."}]},{"@type":"WebSite","@id":"https:\/\/bramasole.ee\/en\/#website","url":"https:\/\/bramasole.ee\/en\/","name":"Bramasole","description":"Bramasole veinipood - ainult hea vein!","publisher":{"@id":"https:\/\/bramasole.ee\/en\/#organization"},"alternateName":"Bramasole veinid","potentialAction":[{"@type":"SearchAction","target":{"@type":"EntryPoint","urlTemplate":"https:\/\/bramasole.ee\/en\/?s={search_term_string}"},"query-input":{"@type":"PropertyValueSpecification","valueRequired":true,"valueName":"search_term_string"}}],"inLanguage":"en-US"},{"@type":"Organization","@id":"https:\/\/bramasole.ee\/en\/#organization","name":"Bramasole","url":"https:\/\/bramasole.ee\/en\/","logo":{"@type":"ImageObject","inLanguage":"en-US","@id":"https:\/\/bramasole.ee\/en\/#\/schema\/logo\/image\/","url":"https:\/\/bramasole.ee\/wp-content\/uploads\/2023\/04\/House_of_bramasole_logo.png","contentUrl":"https:\/\/bramasole.ee\/wp-content\/uploads\/2023\/04\/House_of_bramasole_logo.png","width":1031,"height":257,"caption":"Bramasole"},"image":{"@id":"https:\/\/bramasole.ee\/en\/#\/schema\/logo\/image\/"},"sameAs":["https:\/\/www.facebook.com\/houseofbramasole","https:\/\/www.instagram.com\/houseofbramasole\/"]}]},"product_price_amount":"6.40","product_price_currency":"EUR","og_availability":"out of stock","product_availability":"out of stock","product_retailer_item_id":"860-1","product_condition":"new"},"_links":{"self":[{"href":"https:\/\/bramasole.ee\/en\/wp-json\/wp\/v2\/product\/56764","targetHints":{"allow":["GET"]}}],"collection":[{"href":"https:\/\/bramasole.ee\/en\/wp-json\/wp\/v2\/product"}],"about":[{"href":"https:\/\/bramasole.ee\/en\/wp-json\/wp\/v2\/types\/product"}],"replies":[{"embeddable":true,"href":"https:\/\/bramasole.ee\/en\/wp-json\/wp\/v2\/comments?post=56764"}],"wp:featuredmedia":[{"embeddable":true,"href":"https:\/\/bramasole.ee\/en\/wp-json\/wp\/v2\/media\/55306"}],"wp:attachment":[{"href":"https:\/\/bramasole.ee\/en\/wp-json\/wp\/v2\/media?parent=56764"}],"wp:term":[{"taxonomy":"product_brand","embeddable":true,"href":"https:\/\/bramasole.ee\/en\/wp-json\/wp\/v2\/product_brand?post=56764"},{"taxonomy":"product_cat","embeddable":true,"href":"https:\/\/bramasole.ee\/en\/wp-json\/wp\/v2\/product_cat?post=56764"},{"taxonomy":"product_tag","embeddable":true,"href":"https:\/\/bramasole.ee\/en\/wp-json\/wp\/v2\/product_tag?post=56764"}],"curies":[{"name":"wp","href":"https:\/\/api.w.org\/{rel}","templated":true}]}}