{"id":56736,"date":"2025-02-11T15:56:13","date_gmt":"2025-02-11T13:56:13","guid":{"rendered":"https:\/\/bramasole.ee\/?post_type=product&#038;p=56736"},"modified":"2025-02-11T16:21:37","modified_gmt":"2025-02-11T14:21:37","slug":"puidust-juustualus-round-friends-with-dome","status":"publish","type":"product","link":"https:\/\/bramasole.ee\/en\/Toode\/puidust-juustualus-round-friends-with-dome\/","title":{"rendered":"Puidust juustualus Round Friends With Dome"},"content":{"rendered":"<h3>Puidust juustualus Round Friends With Dome<\/h3>\n<p>See t\u00e4ispuidust \u00fcmmargune juustu serveerimisalus kaanega on ideaalne peolauale!<\/p>\n<p>Pese juustuaalust k\u00e4sitsi! \u00d5lita sagedasti!<\/p>\n<p>&nbsp;<\/p>\n","protected":false},"excerpt":{"rendered":"<p>See t\u00e4ispuidust \u00fcmmargune juustu serveerimisalus kaanega on ideaalne peolauale!<\/p>\n<p>&nbsp;<\/p>\n","protected":false},"featured_media":56737,"comment_status":"open","ping_status":"closed","template":"","meta":[],"product_brand":[],"product_cat":[616],"product_tag":[],"class_list":{"0":"post-56736","1":"product","2":"type-product","3":"status-publish","4":"has-post-thumbnail","6":"product_cat-juustutarvikud","7":"description-off","9":"first","10":"instock","11":"taxable","12":"shipping-taxable","13":"purchasable","14":"product-type-simple"},"yoast_head":"<!-- This site is optimized with the Yoast SEO Premium plugin v23.0 (Yoast SEO v25.3.1) - https:\/\/yoast.com\/wordpress\/plugins\/seo\/ -->\n<title>Puidust juustualus Round Friends With Dome<\/title>\n<meta name=\"description\" content=\"Puidust juustualus kaanega - K\u00f5igile juustus\u00f5pradele - juustunoad, juusturiivid, fond\u00fc\u00fcpotid, juustufond\u00fc\u00fc, serveerimisalused.\" \/>\n<meta name=\"robots\" content=\"index, follow, max-snippet:-1, max-image-preview:large, max-video-preview:-1\" \/>\n<link rel=\"canonical\" href=\"https:\/\/bramasole.ee\/en\/Toode\/puidust-juustualus-round-friends-with-dome\/\" \/>\n<meta property=\"og:locale\" content=\"en_US\" \/>\n<meta property=\"og:type\" content=\"article\" \/>\n<meta property=\"og:title\" content=\"Puidust juustualus Round Friends With Dome\" \/>\n<meta property=\"og:description\" content=\"Puidust juustualus kaanega - K\u00f5igile juustus\u00f5pradele - juustunoad, juusturiivid, fond\u00fc\u00fcpotid, juustufond\u00fc\u00fc, serveerimisalused.\" \/>\n<meta property=\"og:url\" content=\"https:\/\/bramasole.ee\/en\/Toode\/puidust-juustualus-round-friends-with-dome\/\" \/>\n<meta property=\"og:site_name\" content=\"Bramasole\" \/>\n<meta property=\"article:publisher\" content=\"https:\/\/www.facebook.com\/houseofbramasole\" \/>\n<meta property=\"article:modified_time\" content=\"2025-02-11T14:21:37+00:00\" \/>\n<meta property=\"og:image\" content=\"https:\/\/bramasole.ee\/wp-content\/uploads\/2025\/02\/859002_serveerimisalus.jpg\" \/>\n\t<meta property=\"og:image:width\" content=\"551\" \/>\n\t<meta property=\"og:image:height\" content=\"551\" \/>\n\t<meta property=\"og:image:type\" content=\"image\/jpeg\" \/>\n<meta name=\"twitter:card\" content=\"summary_large_image\" \/>\n<meta name=\"twitter:label1\" content=\"Price\" \/>\n\t<meta name=\"twitter:data1\" content=\"&euro;49.90\" \/>\n\t<meta name=\"twitter:label2\" content=\"Availability\" \/>\n\t<meta name=\"twitter:data2\" content=\"In stock\" \/>\n<script type=\"application\/ld+json\" class=\"yoast-schema-graph\">{\"@context\":\"https:\/\/schema.org\",\"@graph\":[{\"@type\":\"WebPage\",\"@id\":\"https:\/\/bramasole.ee\/en\/Toode\/puidust-juustualus-round-friends-with-dome\/\",\"url\":\"https:\/\/bramasole.ee\/en\/Toode\/puidust-juustualus-round-friends-with-dome\/\",\"name\":\"Puidust juustualus Round Friends With Dome\",\"isPartOf\":{\"@id\":\"https:\/\/bramasole.ee\/en\/#website\"},\"primaryImageOfPage\":{\"@id\":\"https:\/\/bramasole.ee\/en\/Toode\/puidust-juustualus-round-friends-with-dome\/#primaryimage\"},\"image\":{\"@id\":\"https:\/\/bramasole.ee\/en\/Toode\/puidust-juustualus-round-friends-with-dome\/#primaryimage\"},\"thumbnailUrl\":\"https:\/\/bramasole.ee\/wp-content\/uploads\/2025\/02\/859002_serveerimisalus.jpg\",\"datePublished\":\"2025-02-11T13:56:13+00:00\",\"dateModified\":\"2025-02-11T14:21:37+00:00\",\"description\":\"Puidust juustualus kaanega - K\u00f5igile juustus\u00f5pradele - juustunoad, juusturiivid, fond\u00fc\u00fcpotid, juustufond\u00fc\u00fc, serveerimisalused.\",\"breadcrumb\":{\"@id\":\"https:\/\/bramasole.ee\/en\/Toode\/puidust-juustualus-round-friends-with-dome\/#breadcrumb\"},\"inLanguage\":\"en-US\",\"potentialAction\":[{\"@type\":\"ReadAction\",\"target\":[\"https:\/\/bramasole.ee\/en\/Toode\/puidust-juustualus-round-friends-with-dome\/\"]}]},{\"@type\":\"ImageObject\",\"inLanguage\":\"en-US\",\"@id\":\"https:\/\/bramasole.ee\/en\/Toode\/puidust-juustualus-round-friends-with-dome\/#primaryimage\",\"url\":\"https:\/\/bramasole.ee\/wp-content\/uploads\/2025\/02\/859002_serveerimisalus.jpg\",\"contentUrl\":\"https:\/\/bramasole.ee\/wp-content\/uploads\/2025\/02\/859002_serveerimisalus.jpg\",\"width\":551,\"height\":551,\"caption\":\"Serveerimisalus kaanega\"},{\"@type\":\"BreadcrumbList\",\"@id\":\"https:\/\/bramasole.ee\/en\/Toode\/puidust-juustualus-round-friends-with-dome\/#breadcrumb\",\"itemListElement\":[{\"@type\":\"ListItem\",\"position\":1,\"name\":\"Home\",\"item\":\"https:\/\/bramasole.ee\/en\/\"},{\"@type\":\"ListItem\",\"position\":2,\"name\":\"VEINIPOOD\",\"item\":\"https:\/\/bramasole.ee\/veinipood\/\"},{\"@type\":\"ListItem\",\"position\":3,\"name\":\"Puidust juustualus Round Friends With Dome\"}]},{\"@type\":\"WebSite\",\"@id\":\"https:\/\/bramasole.ee\/en\/#website\",\"url\":\"https:\/\/bramasole.ee\/en\/\",\"name\":\"Bramasole\",\"description\":\"Bramasole veinipood - ainult hea vein!\",\"publisher\":{\"@id\":\"https:\/\/bramasole.ee\/en\/#organization\"},\"alternateName\":\"Bramasole veinid\",\"potentialAction\":[{\"@type\":\"SearchAction\",\"target\":{\"@type\":\"EntryPoint\",\"urlTemplate\":\"https:\/\/bramasole.ee\/en\/?s={search_term_string}\"},\"query-input\":{\"@type\":\"PropertyValueSpecification\",\"valueRequired\":true,\"valueName\":\"search_term_string\"}}],\"inLanguage\":\"en-US\"},{\"@type\":\"Organization\",\"@id\":\"https:\/\/bramasole.ee\/en\/#organization\",\"name\":\"Bramasole\",\"url\":\"https:\/\/bramasole.ee\/en\/\",\"logo\":{\"@type\":\"ImageObject\",\"inLanguage\":\"en-US\",\"@id\":\"https:\/\/bramasole.ee\/en\/#\/schema\/logo\/image\/\",\"url\":\"https:\/\/bramasole.ee\/wp-content\/uploads\/2023\/04\/House_of_bramasole_logo.png\",\"contentUrl\":\"https:\/\/bramasole.ee\/wp-content\/uploads\/2023\/04\/House_of_bramasole_logo.png\",\"width\":1031,\"height\":257,\"caption\":\"Bramasole\"},\"image\":{\"@id\":\"https:\/\/bramasole.ee\/en\/#\/schema\/logo\/image\/\"},\"sameAs\":[\"https:\/\/www.facebook.com\/houseofbramasole\",\"https:\/\/www.instagram.com\/houseofbramasole\/\"]}]}<\/script>\n<meta property=\"product:price:amount\" content=\"49.90\" \/>\n<meta property=\"product:price:currency\" content=\"EUR\" \/>\n<meta property=\"og:availability\" content=\"instock\" \/>\n<meta property=\"product:availability\" content=\"instock\" \/>\n<meta property=\"product:retailer_item_id\" content=\"859002\" \/>\n<meta property=\"product:condition\" content=\"new\" \/>\n<!-- \/ Yoast SEO Premium plugin. -->","yoast_head_json":{"title":"Puidust juustualus Round Friends With Dome","description":"Puidust juustualus kaanega - K\u00f5igile juustus\u00f5pradele - juustunoad, juusturiivid, fond\u00fc\u00fcpotid, juustufond\u00fc\u00fc, serveerimisalused.","robots":{"index":"index","follow":"follow","max-snippet":"max-snippet:-1","max-image-preview":"max-image-preview:large","max-video-preview":"max-video-preview:-1"},"canonical":"https:\/\/bramasole.ee\/en\/Toode\/puidust-juustualus-round-friends-with-dome\/","og_locale":"en_US","og_type":"article","og_title":"Puidust juustualus Round Friends With Dome","og_description":"Puidust juustualus kaanega - K\u00f5igile juustus\u00f5pradele - juustunoad, juusturiivid, fond\u00fc\u00fcpotid, juustufond\u00fc\u00fc, serveerimisalused.","og_url":"https:\/\/bramasole.ee\/en\/Toode\/puidust-juustualus-round-friends-with-dome\/","og_site_name":"Bramasole","article_publisher":"https:\/\/www.facebook.com\/houseofbramasole","article_modified_time":"2025-02-11T14:21:37+00:00","og_image":[{"width":551,"height":551,"url":"https:\/\/bramasole.ee\/wp-content\/uploads\/2025\/02\/859002_serveerimisalus.jpg","type":"image\/jpeg"}],"twitter_card":"summary_large_image","twitter_misc":{"Price":"&euro;49.90","Availability":"In stock"},"schema":{"@context":"https:\/\/schema.org","@graph":[{"@type":"WebPage","@id":"https:\/\/bramasole.ee\/en\/Toode\/puidust-juustualus-round-friends-with-dome\/","url":"https:\/\/bramasole.ee\/en\/Toode\/puidust-juustualus-round-friends-with-dome\/","name":"Puidust juustualus Round Friends With Dome","isPartOf":{"@id":"https:\/\/bramasole.ee\/en\/#website"},"primaryImageOfPage":{"@id":"https:\/\/bramasole.ee\/en\/Toode\/puidust-juustualus-round-friends-with-dome\/#primaryimage"},"image":{"@id":"https:\/\/bramasole.ee\/en\/Toode\/puidust-juustualus-round-friends-with-dome\/#primaryimage"},"thumbnailUrl":"https:\/\/bramasole.ee\/wp-content\/uploads\/2025\/02\/859002_serveerimisalus.jpg","datePublished":"2025-02-11T13:56:13+00:00","dateModified":"2025-02-11T14:21:37+00:00","description":"Puidust juustualus kaanega - K\u00f5igile juustus\u00f5pradele - juustunoad, juusturiivid, fond\u00fc\u00fcpotid, juustufond\u00fc\u00fc, serveerimisalused.","breadcrumb":{"@id":"https:\/\/bramasole.ee\/en\/Toode\/puidust-juustualus-round-friends-with-dome\/#breadcrumb"},"inLanguage":"en-US","potentialAction":[{"@type":"ReadAction","target":["https:\/\/bramasole.ee\/en\/Toode\/puidust-juustualus-round-friends-with-dome\/"]}]},{"@type":"ImageObject","inLanguage":"en-US","@id":"https:\/\/bramasole.ee\/en\/Toode\/puidust-juustualus-round-friends-with-dome\/#primaryimage","url":"https:\/\/bramasole.ee\/wp-content\/uploads\/2025\/02\/859002_serveerimisalus.jpg","contentUrl":"https:\/\/bramasole.ee\/wp-content\/uploads\/2025\/02\/859002_serveerimisalus.jpg","width":551,"height":551,"caption":"Serveerimisalus kaanega"},{"@type":"BreadcrumbList","@id":"https:\/\/bramasole.ee\/en\/Toode\/puidust-juustualus-round-friends-with-dome\/#breadcrumb","itemListElement":[{"@type":"ListItem","position":1,"name":"Home","item":"https:\/\/bramasole.ee\/en\/"},{"@type":"ListItem","position":2,"name":"VEINIPOOD","item":"https:\/\/bramasole.ee\/veinipood\/"},{"@type":"ListItem","position":3,"name":"Puidust juustualus Round Friends With Dome"}]},{"@type":"WebSite","@id":"https:\/\/bramasole.ee\/en\/#website","url":"https:\/\/bramasole.ee\/en\/","name":"Bramasole","description":"Bramasole veinipood - ainult hea vein!","publisher":{"@id":"https:\/\/bramasole.ee\/en\/#organization"},"alternateName":"Bramasole veinid","potentialAction":[{"@type":"SearchAction","target":{"@type":"EntryPoint","urlTemplate":"https:\/\/bramasole.ee\/en\/?s={search_term_string}"},"query-input":{"@type":"PropertyValueSpecification","valueRequired":true,"valueName":"search_term_string"}}],"inLanguage":"en-US"},{"@type":"Organization","@id":"https:\/\/bramasole.ee\/en\/#organization","name":"Bramasole","url":"https:\/\/bramasole.ee\/en\/","logo":{"@type":"ImageObject","inLanguage":"en-US","@id":"https:\/\/bramasole.ee\/en\/#\/schema\/logo\/image\/","url":"https:\/\/bramasole.ee\/wp-content\/uploads\/2023\/04\/House_of_bramasole_logo.png","contentUrl":"https:\/\/bramasole.ee\/wp-content\/uploads\/2023\/04\/House_of_bramasole_logo.png","width":1031,"height":257,"caption":"Bramasole"},"image":{"@id":"https:\/\/bramasole.ee\/en\/#\/schema\/logo\/image\/"},"sameAs":["https:\/\/www.facebook.com\/houseofbramasole","https:\/\/www.instagram.com\/houseofbramasole\/"]}]},"product_price_amount":"49.90","product_price_currency":"EUR","og_availability":"instock","product_availability":"instock","product_retailer_item_id":"859002","product_condition":"new"},"_links":{"self":[{"href":"https:\/\/bramasole.ee\/en\/wp-json\/wp\/v2\/product\/56736","targetHints":{"allow":["GET"]}}],"collection":[{"href":"https:\/\/bramasole.ee\/en\/wp-json\/wp\/v2\/product"}],"about":[{"href":"https:\/\/bramasole.ee\/en\/wp-json\/wp\/v2\/types\/product"}],"replies":[{"embeddable":true,"href":"https:\/\/bramasole.ee\/en\/wp-json\/wp\/v2\/comments?post=56736"}],"wp:featuredmedia":[{"embeddable":true,"href":"https:\/\/bramasole.ee\/en\/wp-json\/wp\/v2\/media\/56737"}],"wp:attachment":[{"href":"https:\/\/bramasole.ee\/en\/wp-json\/wp\/v2\/media?parent=56736"}],"wp:term":[{"taxonomy":"product_brand","embeddable":true,"href":"https:\/\/bramasole.ee\/en\/wp-json\/wp\/v2\/product_brand?post=56736"},{"taxonomy":"product_cat","embeddable":true,"href":"https:\/\/bramasole.ee\/en\/wp-json\/wp\/v2\/product_cat?post=56736"},{"taxonomy":"product_tag","embeddable":true,"href":"https:\/\/bramasole.ee\/en\/wp-json\/wp\/v2\/product_tag?post=56736"}],"curies":[{"name":"wp","href":"https:\/\/api.w.org\/{rel}","templated":true}]}}