{"id":56699,"date":"2025-02-11T15:02:01","date_gmt":"2025-02-11T13:02:01","guid":{"rendered":"https:\/\/bramasole.ee\/?post_type=product&#038;p=56699"},"modified":"2025-02-11T15:07:19","modified_gmt":"2025-02-11T13:07:19","slug":"juusturiiv-rotary-grater-romano","status":"publish","type":"product","link":"https:\/\/bramasole.ee\/en\/Toode\/juusturiiv-rotary-grater-romano\/","title":{"rendered":"Juusturiiv Rotary Grater Romano"},"content":{"rendered":"<h3><span style=\"color: #800080;\">Juusturiiv Rotary Grater Romano <\/span><\/h3>\n<p>Juustu riivimine pole kunagi olnud nii l\u00f5bus kui k\u00e4siriiv \/ veski Romano puhul. See ainulaadne riiv sobib suurep\u00e4raselt Parmigiano Reggiano kui Pecorino juustu riivimiseks. See sobib ideaalselt v\u00e4rskelt valmistatud pasta, maitsva pitsa v\u00f5i maitsva supi peale lisamiseks!<\/p>\n","protected":false},"excerpt":{"rendered":"<p>Juustu riivimine pole kunagi olnud nii l\u00f5bus kui k\u00e4siriiv \/ veski Romano puhul. See ainulaadne riiv sobib suurep\u00e4raselt Parmigiano Reggiano kui Pecorino juustu riivimiseks. See sobib ideaalselt v\u00e4rskelt valmistatud pasta, maitsva pitsa v\u00f5i maitsva supi peale lisamiseks!<\/p>\n<p>&nbsp;<\/p>\n","protected":false},"featured_media":56700,"comment_status":"open","ping_status":"closed","template":"","meta":[],"product_brand":[],"product_cat":[616],"product_tag":[],"class_list":{"0":"post-56699","1":"product","2":"type-product","3":"status-publish","4":"has-post-thumbnail","6":"product_cat-juustutarvikud","7":"description-off","9":"first","10":"instock","11":"taxable","12":"shipping-taxable","13":"purchasable","14":"product-type-simple"},"yoast_head":"<!-- This site is optimized with the Yoast SEO Premium plugin v23.0 (Yoast SEO v25.3.1) - https:\/\/yoast.com\/wordpress\/plugins\/seo\/ -->\n<title>Juusturiiv Rotary Grater Romano<\/title>\n<meta name=\"description\" content=\"Juusturiiv sobib suurep\u00e4raselt Parmigiano Reggiano kui Pecorino juustu riivimiseks. Kingiidee endale, s\u00f5brale ja kallimale.\" \/>\n<meta name=\"robots\" content=\"index, follow, max-snippet:-1, max-image-preview:large, max-video-preview:-1\" \/>\n<link rel=\"canonical\" href=\"https:\/\/bramasole.ee\/en\/Toode\/juusturiiv-rotary-grater-romano\/\" \/>\n<meta property=\"og:locale\" content=\"en_US\" \/>\n<meta property=\"og:type\" content=\"article\" \/>\n<meta property=\"og:title\" content=\"Juusturiiv Rotary Grater Romano\" \/>\n<meta property=\"og:description\" content=\"Juusturiiv sobib suurep\u00e4raselt Parmigiano Reggiano kui Pecorino juustu riivimiseks. Kingiidee endale, s\u00f5brale ja kallimale.\" \/>\n<meta property=\"og:url\" content=\"https:\/\/bramasole.ee\/en\/Toode\/juusturiiv-rotary-grater-romano\/\" \/>\n<meta property=\"og:site_name\" content=\"Bramasole\" \/>\n<meta property=\"article:publisher\" content=\"https:\/\/www.facebook.com\/houseofbramasole\" \/>\n<meta property=\"article:modified_time\" content=\"2025-02-11T13:07:19+00:00\" \/>\n<meta property=\"og:image\" content=\"https:\/\/bramasole.ee\/wp-content\/uploads\/2025\/02\/853805_rotary_grater_Romano.jpg\" \/>\n\t<meta property=\"og:image:width\" content=\"551\" \/>\n\t<meta property=\"og:image:height\" content=\"551\" \/>\n\t<meta property=\"og:image:type\" content=\"image\/jpeg\" \/>\n<meta name=\"twitter:card\" content=\"summary_large_image\" \/>\n<meta name=\"twitter:label1\" content=\"Price\" \/>\n\t<meta name=\"twitter:data1\" content=\"&euro;25.90\" \/>\n\t<meta name=\"twitter:label2\" content=\"Availability\" \/>\n\t<meta name=\"twitter:data2\" content=\"In stock\" \/>\n<script type=\"application\/ld+json\" class=\"yoast-schema-graph\">{\"@context\":\"https:\/\/schema.org\",\"@graph\":[{\"@type\":\"WebPage\",\"@id\":\"https:\/\/bramasole.ee\/en\/Toode\/juusturiiv-rotary-grater-romano\/\",\"url\":\"https:\/\/bramasole.ee\/en\/Toode\/juusturiiv-rotary-grater-romano\/\",\"name\":\"Juusturiiv Rotary Grater Romano\",\"isPartOf\":{\"@id\":\"https:\/\/bramasole.ee\/en\/#website\"},\"primaryImageOfPage\":{\"@id\":\"https:\/\/bramasole.ee\/en\/Toode\/juusturiiv-rotary-grater-romano\/#primaryimage\"},\"image\":{\"@id\":\"https:\/\/bramasole.ee\/en\/Toode\/juusturiiv-rotary-grater-romano\/#primaryimage\"},\"thumbnailUrl\":\"https:\/\/bramasole.ee\/wp-content\/uploads\/2025\/02\/853805_rotary_grater_Romano.jpg\",\"datePublished\":\"2025-02-11T13:02:01+00:00\",\"dateModified\":\"2025-02-11T13:07:19+00:00\",\"description\":\"Juusturiiv sobib suurep\u00e4raselt Parmigiano Reggiano kui Pecorino juustu riivimiseks. Kingiidee endale, s\u00f5brale ja kallimale.\",\"breadcrumb\":{\"@id\":\"https:\/\/bramasole.ee\/en\/Toode\/juusturiiv-rotary-grater-romano\/#breadcrumb\"},\"inLanguage\":\"en-US\",\"potentialAction\":[{\"@type\":\"ReadAction\",\"target\":[\"https:\/\/bramasole.ee\/en\/Toode\/juusturiiv-rotary-grater-romano\/\"]}]},{\"@type\":\"ImageObject\",\"inLanguage\":\"en-US\",\"@id\":\"https:\/\/bramasole.ee\/en\/Toode\/juusturiiv-rotary-grater-romano\/#primaryimage\",\"url\":\"https:\/\/bramasole.ee\/wp-content\/uploads\/2025\/02\/853805_rotary_grater_Romano.jpg\",\"contentUrl\":\"https:\/\/bramasole.ee\/wp-content\/uploads\/2025\/02\/853805_rotary_grater_Romano.jpg\",\"width\":551,\"height\":551,\"caption\":\"Juusturiiv Parmigiana Reggiano\"},{\"@type\":\"BreadcrumbList\",\"@id\":\"https:\/\/bramasole.ee\/en\/Toode\/juusturiiv-rotary-grater-romano\/#breadcrumb\",\"itemListElement\":[{\"@type\":\"ListItem\",\"position\":1,\"name\":\"Home\",\"item\":\"https:\/\/bramasole.ee\/en\/\"},{\"@type\":\"ListItem\",\"position\":2,\"name\":\"VEINIPOOD\",\"item\":\"https:\/\/bramasole.ee\/veinipood\/\"},{\"@type\":\"ListItem\",\"position\":3,\"name\":\"Juusturiiv Rotary Grater Romano\"}]},{\"@type\":\"WebSite\",\"@id\":\"https:\/\/bramasole.ee\/en\/#website\",\"url\":\"https:\/\/bramasole.ee\/en\/\",\"name\":\"Bramasole\",\"description\":\"Bramasole veinipood - ainult hea vein!\",\"publisher\":{\"@id\":\"https:\/\/bramasole.ee\/en\/#organization\"},\"alternateName\":\"Bramasole veinid\",\"potentialAction\":[{\"@type\":\"SearchAction\",\"target\":{\"@type\":\"EntryPoint\",\"urlTemplate\":\"https:\/\/bramasole.ee\/en\/?s={search_term_string}\"},\"query-input\":{\"@type\":\"PropertyValueSpecification\",\"valueRequired\":true,\"valueName\":\"search_term_string\"}}],\"inLanguage\":\"en-US\"},{\"@type\":\"Organization\",\"@id\":\"https:\/\/bramasole.ee\/en\/#organization\",\"name\":\"Bramasole\",\"url\":\"https:\/\/bramasole.ee\/en\/\",\"logo\":{\"@type\":\"ImageObject\",\"inLanguage\":\"en-US\",\"@id\":\"https:\/\/bramasole.ee\/en\/#\/schema\/logo\/image\/\",\"url\":\"https:\/\/bramasole.ee\/wp-content\/uploads\/2023\/04\/House_of_bramasole_logo.png\",\"contentUrl\":\"https:\/\/bramasole.ee\/wp-content\/uploads\/2023\/04\/House_of_bramasole_logo.png\",\"width\":1031,\"height\":257,\"caption\":\"Bramasole\"},\"image\":{\"@id\":\"https:\/\/bramasole.ee\/en\/#\/schema\/logo\/image\/\"},\"sameAs\":[\"https:\/\/www.facebook.com\/houseofbramasole\",\"https:\/\/www.instagram.com\/houseofbramasole\/\"]}]}<\/script>\n<meta property=\"product:price:amount\" content=\"25.90\" \/>\n<meta property=\"product:price:currency\" content=\"EUR\" \/>\n<meta property=\"og:availability\" content=\"instock\" \/>\n<meta property=\"product:availability\" content=\"instock\" \/>\n<meta property=\"product:retailer_item_id\" content=\"853805\" \/>\n<meta property=\"product:condition\" content=\"new\" \/>\n<!-- \/ Yoast SEO Premium plugin. -->","yoast_head_json":{"title":"Juusturiiv Rotary Grater Romano","description":"Juusturiiv sobib suurep\u00e4raselt Parmigiano Reggiano kui Pecorino juustu riivimiseks. Kingiidee endale, s\u00f5brale ja kallimale.","robots":{"index":"index","follow":"follow","max-snippet":"max-snippet:-1","max-image-preview":"max-image-preview:large","max-video-preview":"max-video-preview:-1"},"canonical":"https:\/\/bramasole.ee\/en\/Toode\/juusturiiv-rotary-grater-romano\/","og_locale":"en_US","og_type":"article","og_title":"Juusturiiv Rotary Grater Romano","og_description":"Juusturiiv sobib suurep\u00e4raselt Parmigiano Reggiano kui Pecorino juustu riivimiseks. Kingiidee endale, s\u00f5brale ja kallimale.","og_url":"https:\/\/bramasole.ee\/en\/Toode\/juusturiiv-rotary-grater-romano\/","og_site_name":"Bramasole","article_publisher":"https:\/\/www.facebook.com\/houseofbramasole","article_modified_time":"2025-02-11T13:07:19+00:00","og_image":[{"width":551,"height":551,"url":"https:\/\/bramasole.ee\/wp-content\/uploads\/2025\/02\/853805_rotary_grater_Romano.jpg","type":"image\/jpeg"}],"twitter_card":"summary_large_image","twitter_misc":{"Price":"&euro;25.90","Availability":"In stock"},"schema":{"@context":"https:\/\/schema.org","@graph":[{"@type":"WebPage","@id":"https:\/\/bramasole.ee\/en\/Toode\/juusturiiv-rotary-grater-romano\/","url":"https:\/\/bramasole.ee\/en\/Toode\/juusturiiv-rotary-grater-romano\/","name":"Juusturiiv Rotary Grater Romano","isPartOf":{"@id":"https:\/\/bramasole.ee\/en\/#website"},"primaryImageOfPage":{"@id":"https:\/\/bramasole.ee\/en\/Toode\/juusturiiv-rotary-grater-romano\/#primaryimage"},"image":{"@id":"https:\/\/bramasole.ee\/en\/Toode\/juusturiiv-rotary-grater-romano\/#primaryimage"},"thumbnailUrl":"https:\/\/bramasole.ee\/wp-content\/uploads\/2025\/02\/853805_rotary_grater_Romano.jpg","datePublished":"2025-02-11T13:02:01+00:00","dateModified":"2025-02-11T13:07:19+00:00","description":"Juusturiiv sobib suurep\u00e4raselt Parmigiano Reggiano kui Pecorino juustu riivimiseks. Kingiidee endale, s\u00f5brale ja kallimale.","breadcrumb":{"@id":"https:\/\/bramasole.ee\/en\/Toode\/juusturiiv-rotary-grater-romano\/#breadcrumb"},"inLanguage":"en-US","potentialAction":[{"@type":"ReadAction","target":["https:\/\/bramasole.ee\/en\/Toode\/juusturiiv-rotary-grater-romano\/"]}]},{"@type":"ImageObject","inLanguage":"en-US","@id":"https:\/\/bramasole.ee\/en\/Toode\/juusturiiv-rotary-grater-romano\/#primaryimage","url":"https:\/\/bramasole.ee\/wp-content\/uploads\/2025\/02\/853805_rotary_grater_Romano.jpg","contentUrl":"https:\/\/bramasole.ee\/wp-content\/uploads\/2025\/02\/853805_rotary_grater_Romano.jpg","width":551,"height":551,"caption":"Juusturiiv Parmigiana Reggiano"},{"@type":"BreadcrumbList","@id":"https:\/\/bramasole.ee\/en\/Toode\/juusturiiv-rotary-grater-romano\/#breadcrumb","itemListElement":[{"@type":"ListItem","position":1,"name":"Home","item":"https:\/\/bramasole.ee\/en\/"},{"@type":"ListItem","position":2,"name":"VEINIPOOD","item":"https:\/\/bramasole.ee\/veinipood\/"},{"@type":"ListItem","position":3,"name":"Juusturiiv Rotary Grater Romano"}]},{"@type":"WebSite","@id":"https:\/\/bramasole.ee\/en\/#website","url":"https:\/\/bramasole.ee\/en\/","name":"Bramasole","description":"Bramasole veinipood - ainult hea vein!","publisher":{"@id":"https:\/\/bramasole.ee\/en\/#organization"},"alternateName":"Bramasole veinid","potentialAction":[{"@type":"SearchAction","target":{"@type":"EntryPoint","urlTemplate":"https:\/\/bramasole.ee\/en\/?s={search_term_string}"},"query-input":{"@type":"PropertyValueSpecification","valueRequired":true,"valueName":"search_term_string"}}],"inLanguage":"en-US"},{"@type":"Organization","@id":"https:\/\/bramasole.ee\/en\/#organization","name":"Bramasole","url":"https:\/\/bramasole.ee\/en\/","logo":{"@type":"ImageObject","inLanguage":"en-US","@id":"https:\/\/bramasole.ee\/en\/#\/schema\/logo\/image\/","url":"https:\/\/bramasole.ee\/wp-content\/uploads\/2023\/04\/House_of_bramasole_logo.png","contentUrl":"https:\/\/bramasole.ee\/wp-content\/uploads\/2023\/04\/House_of_bramasole_logo.png","width":1031,"height":257,"caption":"Bramasole"},"image":{"@id":"https:\/\/bramasole.ee\/en\/#\/schema\/logo\/image\/"},"sameAs":["https:\/\/www.facebook.com\/houseofbramasole","https:\/\/www.instagram.com\/houseofbramasole\/"]}]},"product_price_amount":"25.90","product_price_currency":"EUR","og_availability":"instock","product_availability":"instock","product_retailer_item_id":"853805","product_condition":"new"},"_links":{"self":[{"href":"https:\/\/bramasole.ee\/en\/wp-json\/wp\/v2\/product\/56699","targetHints":{"allow":["GET"]}}],"collection":[{"href":"https:\/\/bramasole.ee\/en\/wp-json\/wp\/v2\/product"}],"about":[{"href":"https:\/\/bramasole.ee\/en\/wp-json\/wp\/v2\/types\/product"}],"replies":[{"embeddable":true,"href":"https:\/\/bramasole.ee\/en\/wp-json\/wp\/v2\/comments?post=56699"}],"wp:featuredmedia":[{"embeddable":true,"href":"https:\/\/bramasole.ee\/en\/wp-json\/wp\/v2\/media\/56700"}],"wp:attachment":[{"href":"https:\/\/bramasole.ee\/en\/wp-json\/wp\/v2\/media?parent=56699"}],"wp:term":[{"taxonomy":"product_brand","embeddable":true,"href":"https:\/\/bramasole.ee\/en\/wp-json\/wp\/v2\/product_brand?post=56699"},{"taxonomy":"product_cat","embeddable":true,"href":"https:\/\/bramasole.ee\/en\/wp-json\/wp\/v2\/product_cat?post=56699"},{"taxonomy":"product_tag","embeddable":true,"href":"https:\/\/bramasole.ee\/en\/wp-json\/wp\/v2\/product_tag?post=56699"}],"curies":[{"name":"wp","href":"https:\/\/api.w.org\/{rel}","templated":true}]}}