{"id":56669,"date":"2025-02-11T14:16:10","date_gmt":"2025-02-11T12:16:10","guid":{"rendered":"https:\/\/bramasole.ee\/?post_type=product&#038;p=56669"},"modified":"2025-02-11T14:20:42","modified_gmt":"2025-02-11T12:20:42","slug":"fonduukomplekt-fondue-set-bianco-13-l","status":"publish","type":"product","link":"https:\/\/bramasole.ee\/en\/Toode\/fonduukomplekt-fondue-set-bianco-13-l\/","title":{"rendered":"Fond\u00fc\u00fckomplekt Fondue Set Bianco 1,3 L"},"content":{"rendered":"<h3><span style=\"color: #800080;\">Fond\u00fc\u00fckomplekt Fondue Set Bianco 1,3 L<\/span><\/h3>\n<p>Valge keraamiline fond\u00fc\u00fckomplekt on ideaalne kui tulemas\u00a0 k\u00fclalised. Kui soovid kiiresti valmistada maitsva viimase hetke \u00f5htus\u00f6\u00f6gi kerge vaevaga. See Bianco ond\u00fc\u00fcpott v\u00f5imaldab sul \u00fcllatada k\u00fclalisi juustufond\u00fc\u00fcga ning meelelahutuslik \u00f5htu on tagatud.<\/p>\n<p>Juustufond\u00fc\u00fcsse v\u00f5id dippida\u00a0 porgandit, peeti, kapsast, lillkapsast, paprikat, kurki seeni, saia jne.<\/p>\n<p>K\u00fc\u00fcnlad loovad ideaalse meeleolu. Fond\u00fc\u00fckomplekt on ka hea kingitus.<\/p>\n<p>Komplektis 4 kahvlikest.<\/p>\n","protected":false},"excerpt":{"rendered":"<p>Valge keraamiline fond\u00fc\u00fckomplekt juustufond\u00fc\u00fc valmistamiseks.<\/p>\n<p>&nbsp;<\/p>\n","protected":false},"featured_media":56670,"comment_status":"open","ping_status":"closed","template":"","meta":[],"product_brand":[],"product_cat":[616],"product_tag":[],"class_list":{"0":"post-56669","1":"product","2":"type-product","3":"status-publish","4":"has-post-thumbnail","6":"product_cat-juustutarvikud","7":"description-off","9":"first","10":"instock","11":"taxable","12":"shipping-taxable","13":"purchasable","14":"product-type-simple"},"yoast_head":"<!-- This site is optimized with the Yoast SEO Premium plugin v23.0 (Yoast SEO v25.3.1) - https:\/\/yoast.com\/wordpress\/plugins\/seo\/ -->\n<title>Fond\u00fc\u00fckomplekt Fondue Set Bianco 1,3 L<\/title>\n<meta name=\"description\" content=\"Fond\u00fc\u00fckomplekt - kvaliteetne Boska toode juustufond\u00fc\u00fc valmistamiseks. K\u00f5igile juustus\u00f5pradele - juustunoad, juusturiivid, fond\u00fc\u00fcpotid, serveerimisalused.\" \/>\n<meta name=\"robots\" content=\"index, follow, max-snippet:-1, max-image-preview:large, max-video-preview:-1\" \/>\n<link rel=\"canonical\" href=\"https:\/\/bramasole.ee\/en\/Toode\/fonduukomplekt-fondue-set-bianco-13-l\/\" \/>\n<meta property=\"og:locale\" content=\"en_US\" \/>\n<meta property=\"og:type\" content=\"article\" \/>\n<meta property=\"og:title\" content=\"Fond\u00fc\u00fckomplekt Fondue Set Bianco 1,3 L\" \/>\n<meta property=\"og:description\" content=\"Fond\u00fc\u00fckomplekt - kvaliteetne Boska toode juustufond\u00fc\u00fc valmistamiseks. K\u00f5igile juustus\u00f5pradele - juustunoad, juusturiivid, fond\u00fc\u00fcpotid, serveerimisalused.\" \/>\n<meta property=\"og:url\" content=\"https:\/\/bramasole.ee\/en\/Toode\/fonduukomplekt-fondue-set-bianco-13-l\/\" \/>\n<meta property=\"og:site_name\" content=\"Bramasole\" \/>\n<meta property=\"article:publisher\" content=\"https:\/\/www.facebook.com\/houseofbramasole\" \/>\n<meta property=\"article:modified_time\" content=\"2025-02-11T12:20:42+00:00\" \/>\n<meta property=\"og:image\" content=\"https:\/\/bramasole.ee\/wp-content\/uploads\/2025\/02\/340029_FondueSetBianco.jpg\" \/>\n\t<meta property=\"og:image:width\" content=\"551\" \/>\n\t<meta property=\"og:image:height\" content=\"551\" \/>\n\t<meta property=\"og:image:type\" content=\"image\/jpeg\" \/>\n<meta name=\"twitter:card\" content=\"summary_large_image\" \/>\n<meta name=\"twitter:label1\" content=\"Price\" \/>\n\t<meta name=\"twitter:data1\" content=\"&euro;59.90\" \/>\n\t<meta name=\"twitter:label2\" content=\"Availability\" \/>\n\t<meta name=\"twitter:data2\" content=\"In stock\" \/>\n<script type=\"application\/ld+json\" class=\"yoast-schema-graph\">{\"@context\":\"https:\/\/schema.org\",\"@graph\":[{\"@type\":\"WebPage\",\"@id\":\"https:\/\/bramasole.ee\/en\/Toode\/fonduukomplekt-fondue-set-bianco-13-l\/\",\"url\":\"https:\/\/bramasole.ee\/en\/Toode\/fonduukomplekt-fondue-set-bianco-13-l\/\",\"name\":\"Fond\u00fc\u00fckomplekt Fondue Set Bianco 1,3 L\",\"isPartOf\":{\"@id\":\"https:\/\/bramasole.ee\/en\/#website\"},\"primaryImageOfPage\":{\"@id\":\"https:\/\/bramasole.ee\/en\/Toode\/fonduukomplekt-fondue-set-bianco-13-l\/#primaryimage\"},\"image\":{\"@id\":\"https:\/\/bramasole.ee\/en\/Toode\/fonduukomplekt-fondue-set-bianco-13-l\/#primaryimage\"},\"thumbnailUrl\":\"https:\/\/bramasole.ee\/wp-content\/uploads\/2025\/02\/340029_FondueSetBianco.jpg\",\"datePublished\":\"2025-02-11T12:16:10+00:00\",\"dateModified\":\"2025-02-11T12:20:42+00:00\",\"description\":\"Fond\u00fc\u00fckomplekt - kvaliteetne Boska toode juustufond\u00fc\u00fc valmistamiseks. K\u00f5igile juustus\u00f5pradele - juustunoad, juusturiivid, fond\u00fc\u00fcpotid, serveerimisalused.\",\"breadcrumb\":{\"@id\":\"https:\/\/bramasole.ee\/en\/Toode\/fonduukomplekt-fondue-set-bianco-13-l\/#breadcrumb\"},\"inLanguage\":\"en-US\",\"potentialAction\":[{\"@type\":\"ReadAction\",\"target\":[\"https:\/\/bramasole.ee\/en\/Toode\/fonduukomplekt-fondue-set-bianco-13-l\/\"]}]},{\"@type\":\"ImageObject\",\"inLanguage\":\"en-US\",\"@id\":\"https:\/\/bramasole.ee\/en\/Toode\/fonduukomplekt-fondue-set-bianco-13-l\/#primaryimage\",\"url\":\"https:\/\/bramasole.ee\/wp-content\/uploads\/2025\/02\/340029_FondueSetBianco.jpg\",\"contentUrl\":\"https:\/\/bramasole.ee\/wp-content\/uploads\/2025\/02\/340029_FondueSetBianco.jpg\",\"width\":551,\"height\":551,\"caption\":\"Fond\u00fc\u00fcomplekt Boska\"},{\"@type\":\"BreadcrumbList\",\"@id\":\"https:\/\/bramasole.ee\/en\/Toode\/fonduukomplekt-fondue-set-bianco-13-l\/#breadcrumb\",\"itemListElement\":[{\"@type\":\"ListItem\",\"position\":1,\"name\":\"Home\",\"item\":\"https:\/\/bramasole.ee\/en\/\"},{\"@type\":\"ListItem\",\"position\":2,\"name\":\"VEINIPOOD\",\"item\":\"https:\/\/bramasole.ee\/veinipood\/\"},{\"@type\":\"ListItem\",\"position\":3,\"name\":\"Fond\u00fc\u00fckomplekt Fondue Set Bianco 1,3 L\"}]},{\"@type\":\"WebSite\",\"@id\":\"https:\/\/bramasole.ee\/en\/#website\",\"url\":\"https:\/\/bramasole.ee\/en\/\",\"name\":\"Bramasole\",\"description\":\"Bramasole veinipood - ainult hea vein!\",\"publisher\":{\"@id\":\"https:\/\/bramasole.ee\/en\/#organization\"},\"alternateName\":\"Bramasole veinid\",\"potentialAction\":[{\"@type\":\"SearchAction\",\"target\":{\"@type\":\"EntryPoint\",\"urlTemplate\":\"https:\/\/bramasole.ee\/en\/?s={search_term_string}\"},\"query-input\":{\"@type\":\"PropertyValueSpecification\",\"valueRequired\":true,\"valueName\":\"search_term_string\"}}],\"inLanguage\":\"en-US\"},{\"@type\":\"Organization\",\"@id\":\"https:\/\/bramasole.ee\/en\/#organization\",\"name\":\"Bramasole\",\"url\":\"https:\/\/bramasole.ee\/en\/\",\"logo\":{\"@type\":\"ImageObject\",\"inLanguage\":\"en-US\",\"@id\":\"https:\/\/bramasole.ee\/en\/#\/schema\/logo\/image\/\",\"url\":\"https:\/\/bramasole.ee\/wp-content\/uploads\/2023\/04\/House_of_bramasole_logo.png\",\"contentUrl\":\"https:\/\/bramasole.ee\/wp-content\/uploads\/2023\/04\/House_of_bramasole_logo.png\",\"width\":1031,\"height\":257,\"caption\":\"Bramasole\"},\"image\":{\"@id\":\"https:\/\/bramasole.ee\/en\/#\/schema\/logo\/image\/\"},\"sameAs\":[\"https:\/\/www.facebook.com\/houseofbramasole\",\"https:\/\/www.instagram.com\/houseofbramasole\/\"]}]}<\/script>\n<meta property=\"product:price:amount\" content=\"59.90\" \/>\n<meta property=\"product:price:currency\" content=\"EUR\" \/>\n<meta property=\"og:availability\" content=\"instock\" \/>\n<meta property=\"product:availability\" content=\"instock\" \/>\n<meta property=\"product:retailer_item_id\" content=\"340029\" \/>\n<meta property=\"product:condition\" content=\"new\" \/>\n<!-- \/ Yoast SEO Premium plugin. -->","yoast_head_json":{"title":"Fond\u00fc\u00fckomplekt Fondue Set Bianco 1,3 L","description":"Fond\u00fc\u00fckomplekt - kvaliteetne Boska toode juustufond\u00fc\u00fc valmistamiseks. K\u00f5igile juustus\u00f5pradele - juustunoad, juusturiivid, fond\u00fc\u00fcpotid, serveerimisalused.","robots":{"index":"index","follow":"follow","max-snippet":"max-snippet:-1","max-image-preview":"max-image-preview:large","max-video-preview":"max-video-preview:-1"},"canonical":"https:\/\/bramasole.ee\/en\/Toode\/fonduukomplekt-fondue-set-bianco-13-l\/","og_locale":"en_US","og_type":"article","og_title":"Fond\u00fc\u00fckomplekt Fondue Set Bianco 1,3 L","og_description":"Fond\u00fc\u00fckomplekt - kvaliteetne Boska toode juustufond\u00fc\u00fc valmistamiseks. K\u00f5igile juustus\u00f5pradele - juustunoad, juusturiivid, fond\u00fc\u00fcpotid, serveerimisalused.","og_url":"https:\/\/bramasole.ee\/en\/Toode\/fonduukomplekt-fondue-set-bianco-13-l\/","og_site_name":"Bramasole","article_publisher":"https:\/\/www.facebook.com\/houseofbramasole","article_modified_time":"2025-02-11T12:20:42+00:00","og_image":[{"width":551,"height":551,"url":"https:\/\/bramasole.ee\/wp-content\/uploads\/2025\/02\/340029_FondueSetBianco.jpg","type":"image\/jpeg"}],"twitter_card":"summary_large_image","twitter_misc":{"Price":"&euro;59.90","Availability":"In stock"},"schema":{"@context":"https:\/\/schema.org","@graph":[{"@type":"WebPage","@id":"https:\/\/bramasole.ee\/en\/Toode\/fonduukomplekt-fondue-set-bianco-13-l\/","url":"https:\/\/bramasole.ee\/en\/Toode\/fonduukomplekt-fondue-set-bianco-13-l\/","name":"Fond\u00fc\u00fckomplekt Fondue Set Bianco 1,3 L","isPartOf":{"@id":"https:\/\/bramasole.ee\/en\/#website"},"primaryImageOfPage":{"@id":"https:\/\/bramasole.ee\/en\/Toode\/fonduukomplekt-fondue-set-bianco-13-l\/#primaryimage"},"image":{"@id":"https:\/\/bramasole.ee\/en\/Toode\/fonduukomplekt-fondue-set-bianco-13-l\/#primaryimage"},"thumbnailUrl":"https:\/\/bramasole.ee\/wp-content\/uploads\/2025\/02\/340029_FondueSetBianco.jpg","datePublished":"2025-02-11T12:16:10+00:00","dateModified":"2025-02-11T12:20:42+00:00","description":"Fond\u00fc\u00fckomplekt - kvaliteetne Boska toode juustufond\u00fc\u00fc valmistamiseks. K\u00f5igile juustus\u00f5pradele - juustunoad, juusturiivid, fond\u00fc\u00fcpotid, serveerimisalused.","breadcrumb":{"@id":"https:\/\/bramasole.ee\/en\/Toode\/fonduukomplekt-fondue-set-bianco-13-l\/#breadcrumb"},"inLanguage":"en-US","potentialAction":[{"@type":"ReadAction","target":["https:\/\/bramasole.ee\/en\/Toode\/fonduukomplekt-fondue-set-bianco-13-l\/"]}]},{"@type":"ImageObject","inLanguage":"en-US","@id":"https:\/\/bramasole.ee\/en\/Toode\/fonduukomplekt-fondue-set-bianco-13-l\/#primaryimage","url":"https:\/\/bramasole.ee\/wp-content\/uploads\/2025\/02\/340029_FondueSetBianco.jpg","contentUrl":"https:\/\/bramasole.ee\/wp-content\/uploads\/2025\/02\/340029_FondueSetBianco.jpg","width":551,"height":551,"caption":"Fond\u00fc\u00fcomplekt Boska"},{"@type":"BreadcrumbList","@id":"https:\/\/bramasole.ee\/en\/Toode\/fonduukomplekt-fondue-set-bianco-13-l\/#breadcrumb","itemListElement":[{"@type":"ListItem","position":1,"name":"Home","item":"https:\/\/bramasole.ee\/en\/"},{"@type":"ListItem","position":2,"name":"VEINIPOOD","item":"https:\/\/bramasole.ee\/veinipood\/"},{"@type":"ListItem","position":3,"name":"Fond\u00fc\u00fckomplekt Fondue Set Bianco 1,3 L"}]},{"@type":"WebSite","@id":"https:\/\/bramasole.ee\/en\/#website","url":"https:\/\/bramasole.ee\/en\/","name":"Bramasole","description":"Bramasole veinipood - ainult hea vein!","publisher":{"@id":"https:\/\/bramasole.ee\/en\/#organization"},"alternateName":"Bramasole veinid","potentialAction":[{"@type":"SearchAction","target":{"@type":"EntryPoint","urlTemplate":"https:\/\/bramasole.ee\/en\/?s={search_term_string}"},"query-input":{"@type":"PropertyValueSpecification","valueRequired":true,"valueName":"search_term_string"}}],"inLanguage":"en-US"},{"@type":"Organization","@id":"https:\/\/bramasole.ee\/en\/#organization","name":"Bramasole","url":"https:\/\/bramasole.ee\/en\/","logo":{"@type":"ImageObject","inLanguage":"en-US","@id":"https:\/\/bramasole.ee\/en\/#\/schema\/logo\/image\/","url":"https:\/\/bramasole.ee\/wp-content\/uploads\/2023\/04\/House_of_bramasole_logo.png","contentUrl":"https:\/\/bramasole.ee\/wp-content\/uploads\/2023\/04\/House_of_bramasole_logo.png","width":1031,"height":257,"caption":"Bramasole"},"image":{"@id":"https:\/\/bramasole.ee\/en\/#\/schema\/logo\/image\/"},"sameAs":["https:\/\/www.facebook.com\/houseofbramasole","https:\/\/www.instagram.com\/houseofbramasole\/"]}]},"product_price_amount":"59.90","product_price_currency":"EUR","og_availability":"instock","product_availability":"instock","product_retailer_item_id":"340029","product_condition":"new"},"_links":{"self":[{"href":"https:\/\/bramasole.ee\/en\/wp-json\/wp\/v2\/product\/56669","targetHints":{"allow":["GET"]}}],"collection":[{"href":"https:\/\/bramasole.ee\/en\/wp-json\/wp\/v2\/product"}],"about":[{"href":"https:\/\/bramasole.ee\/en\/wp-json\/wp\/v2\/types\/product"}],"replies":[{"embeddable":true,"href":"https:\/\/bramasole.ee\/en\/wp-json\/wp\/v2\/comments?post=56669"}],"wp:featuredmedia":[{"embeddable":true,"href":"https:\/\/bramasole.ee\/en\/wp-json\/wp\/v2\/media\/56670"}],"wp:attachment":[{"href":"https:\/\/bramasole.ee\/en\/wp-json\/wp\/v2\/media?parent=56669"}],"wp:term":[{"taxonomy":"product_brand","embeddable":true,"href":"https:\/\/bramasole.ee\/en\/wp-json\/wp\/v2\/product_brand?post=56669"},{"taxonomy":"product_cat","embeddable":true,"href":"https:\/\/bramasole.ee\/en\/wp-json\/wp\/v2\/product_cat?post=56669"},{"taxonomy":"product_tag","embeddable":true,"href":"https:\/\/bramasole.ee\/en\/wp-json\/wp\/v2\/product_tag?post=56669"}],"curies":[{"name":"wp","href":"https:\/\/api.w.org\/{rel}","templated":true}]}}