{"id":56634,"date":"2025-01-31T13:56:42","date_gmt":"2025-01-31T11:56:42","guid":{"rendered":"https:\/\/bramasole.ee\/?post_type=product&#038;p=56634"},"modified":"2025-01-31T14:06:37","modified_gmt":"2025-01-31T12:06:37","slug":"alsacei-veiniohtu-maitsed-ajalugu-ja-elamused","status":"publish","type":"product","link":"https:\/\/bramasole.ee\/en\/Toode\/alsacei-veiniohtu-maitsed-ajalugu-ja-elamused\/","title":{"rendered":"Alsace\u2019i veini\u00f5htu: Maitsed, ajalugu ja elamused!"},"content":{"rendered":"<h2 class=\"mb-4\" style=\"text-align: center;\"><span style=\"color: #993366;\">Alsace\u2019i veini\u00f5htu: Maitsed, ajalugu ja elamused!<\/span><\/h2>\n<p>Mis ootab Sind &#8220;Alsace&#8217;i Veini\u00f5htul&#8221;? \ud83c\udf77\u2728<\/p>\n<p>Tule ja avasta Alsace\u2019i veini- ja toidumaailm t\u00e4ies hiilguses! Sellel eksklusiivsel \u00f5htul saad nautida 6 erilist veini, mis viivad sind otse Alsace\u2019i s\u00fcdamesse. Aga see pole k\u00f5ik! Lisaks veinide degusteerimisele pakume kergelt kr\u00f5bedaid Flammkucheneid ja ampse, mis viivad maitsemeeled otse Prantsuse ja Saksa k\u00f6\u00f6ki.<\/p>\n<p>Kuna meil on ka omajagu ajalugu jagada, viime Sind l\u00e4bi Alsace&#8217;i rikka ajaloo, r\u00e4\u00e4gime kohaliku veinivalmistamise traditsioonidest ja piirkonna ainulaadsest kultuurist. Seda k\u00f5ike t\u00e4iendab soe ja s\u00f5bralik \u00f5hkkond, kus vein, toit ja head jutud muudavad \u00f5htu meeldej\u00e4\u00e4vaks.<\/p>\n<p>Ja peale planeeritud kava on k\u00f5igil osalejatel veel v\u00f5imalus omavahel vestelda ja veini nautida, jagada muljeid ning \u00f5htust kogemust.<\/p>\n<p>\u00c4ra maga maha seda ainulaadset veini\u00f5htut \u2013 Sind ootab Alsace oma maitsetega House of Bramasole`s &#8211; 2,5 tundi t\u00e4is veini- ja toidunaudingut, maitsete avastusi ja meelelahutust!<\/p>\n<p>&nbsp;<\/p>\n<p>\ud83e\udd42\u00a0<b>Degusteerime 6 Scheidecker &amp; Fils Alsace AOC ainulaadseid veine<\/b>\u00a0\u2013 1 Cremant, 3 valget veini, 1 roosa vein ja 1 punane vein, mis peegeldavad Alsace\u2019i piirkonna rikkalikku veinikultuuri.<br \/>\n\ud83d\udd25\u00a0<b>Maitse autentset Flammkucheni ehk Tarte Flamb\u00e8e<\/b>\u00a0\u2013 \u00f5hukesel kr\u00f5bedal p\u00f5hjal \u201eAlsace\u2019i pitsa\u201c, mis viib sind otse Prantsusmaa ja Saksamaa maitseteni.<br \/>\n\ud83d\udcd6\u00a0<b>Avasta Alsace\u2019i ajaloolised lood<\/b>\u00a0\u2013 p\u00f5nevad faktid, legendid ja veinide ja toitumine kujunemine l\u00e4bi sajandite.<br \/>\n\ud83c\udf89\u00a0<b>Meelelahutus ja hea seltskond<\/b>\u00a0\u2013 m\u00f5nus ja hubane atmosf\u00e4\u00e4r, vaba vestlus veinis\u00f5pradega pika laua \u00e4\u00e4res.<\/p>\n<p>\ud83d\udccd\u00a0<b>House of Bramasole<\/b><\/p>\n<p><b>\u2705 Hind osalejale 49.-\u00a0<\/b><\/p>\n<p>\u23f3\u00a0<b>Kestus:<\/b>\u00a02,5h ja soovi korral\u00a01h vaba aega nautimiseks koos teiste osalistega<\/p>\n<ul>\n<li>K\u00fclalised saavad nautida oma lemmikveine uuesti ( siis tuleb veini juba osta )ning vestelda teineteisega rahulikus ja meeldivas atmosf\u00e4\u00e4ris.<\/li>\n<li>V\u00f5imalus soetada kaasa kvaliteetseid Alsace\u2019i veine ja gurmeetooteid\u00a0<strong>soodushinnaga<\/strong><\/li>\n<\/ul>\n<p>\ud83c\udf9f\u00a0<b>Kohtade arv piiratud \u2013 broneeri varakult!<\/b><\/p>\n<p>&nbsp;<\/p>\n<p>\ud83d\udc49\u00a0<b>Broneeri koht kohe! Piletid v\u00fcid osta kohe siit v\u00f5i Fienta lehelt.<\/b><\/p>\n<p><a href=\"https:\/\/fienta.com\/et\/alsace-i-veiniohtu-maitsed-ajalugu-ja-elamused\"><b>https:\/\/fienta.com\/et\/alsace-i-veiniohtu-maitsed-ajalugu-ja-elamused<\/b><\/a><\/p>\n<p>V\u00f5i k\u00fcsi lisa \u2013 info@bramasole.ee<\/p>\n","protected":false},"excerpt":{"rendered":"<h3>Asukoht: House of Bramasole<\/h3>\n<p>Mis ootab Sind &#8220;Alsace&#8217;i Veini\u00f5htul&#8221;? \ud83c\udf77\u2728<\/p>\n<p>Tule ja avasta Alsace\u2019i veini- ja toidumaailm t\u00e4ies hiilguses! Sellel eksklusiivsel \u00f5htul saad nautida 6 erilist veini, mis viivad sind otse Alsace\u2019i s\u00fcdamesse. Aga see pole k\u00f5ik! Lisaks veinide degusteerimisele pakume kergelt kr\u00f5bedaid Flammkucheneid ja ampse, mis viivad maitsemeeled otse Prantsuse ja Saksa k\u00f6\u00f6ki.<\/p>\n<p>Kuna meil on ka omajagu ajalugu jagada, viime Sind l\u00e4bi Alsace&#8217;i rikka ajaloo, r\u00e4\u00e4gime kohaliku veinivalmistamise traditsioonidest ja piirkonna ainulaadsest kultuurist. Seda k\u00f5ike t\u00e4iendab soe ja s\u00f5bralik \u00f5hkkond, kus vein, toit ja head jutud muudavad \u00f5htu meeldej\u00e4\u00e4vaks.<\/p>\n<p>Ja peale planeeritud kava on k\u00f5igil osalejatel veel v\u00f5imalus omavahel vestelda ja veini nautida, jagada muljeid ning \u00f5htust kogemust.<\/p>\n<p>\u00c4ra maga maha seda ainulaadset veini\u00f5htut \u2013 Sind ootab Alsace oma maitsetega House of Bramasole`s &#8211; 2,5 tundi t\u00e4is veini- ja toidunaudingut, maitsete avastusi ja meelelahutust!<\/p>\n<p>&nbsp;<\/p>\n<p>&nbsp;<\/p>\n","protected":false},"featured_media":56635,"comment_status":"open","ping_status":"closed","template":"","meta":[],"product_brand":[],"product_cat":[579,577],"product_tag":[633,634],"class_list":{"0":"post-56634","1":"product","2":"type-product","3":"status-publish","4":"has-post-thumbnail","6":"product_cat-uritused-ja-sundmused","7":"product_cat-veiniohtud","8":"product_tag-alsace","9":"product_tag-veiniohtu","10":"description-off","12":"first","13":"instock","14":"downloadable","15":"taxable","16":"shipping-taxable","17":"purchasable","18":"product-type-ticket-event"},"yoast_head":"<!-- This site is optimized with the Yoast SEO Premium plugin v23.0 (Yoast SEO v25.3.1) - https:\/\/yoast.com\/wordpress\/plugins\/seo\/ -->\n<title>Alsace\u2019i veini\u00f5htu: Maitsed, ajalugu ja elamused! - Bramasole<\/title>\n<meta name=\"description\" content=\"Alsace\u2019i veini\u00f5htu: Maitsed, ajalugu ja elamused! Tule naudi meeldej\u00e4\u00e4vat \u00f5htut, kus veinid, maitsed ja lood loovad t\u00e4iusliku atmosf\u00e4\u00e4ri!\" \/>\n<meta name=\"robots\" content=\"index, follow, max-snippet:-1, max-image-preview:large, max-video-preview:-1\" \/>\n<link rel=\"canonical\" href=\"https:\/\/bramasole.ee\/en\/Toode\/alsacei-veiniohtu-maitsed-ajalugu-ja-elamused\/\" \/>\n<meta property=\"og:locale\" content=\"en_US\" \/>\n<meta property=\"og:type\" content=\"article\" \/>\n<meta property=\"og:title\" content=\"Alsace\u2019i veini\u00f5htu: Maitsed, ajalugu ja elamused!\" \/>\n<meta property=\"og:description\" content=\"Alsace\u2019i veini\u00f5htu: Maitsed, ajalugu ja elamused! Tule naudi meeldej\u00e4\u00e4vat \u00f5htut, kus veinid, maitsed ja lood loovad t\u00e4iusliku atmosf\u00e4\u00e4ri!\" \/>\n<meta property=\"og:url\" content=\"https:\/\/bramasole.ee\/en\/Toode\/alsacei-veiniohtu-maitsed-ajalugu-ja-elamused\/\" \/>\n<meta property=\"og:site_name\" content=\"Bramasole\" \/>\n<meta property=\"article:publisher\" content=\"https:\/\/www.facebook.com\/houseofbramasole\" \/>\n<meta property=\"article:modified_time\" content=\"2025-01-31T12:06:37+00:00\" \/>\n<meta property=\"og:image\" content=\"https:\/\/bramasole.ee\/wp-content\/uploads\/2025\/01\/Alsace-veiniohtu-20.veebruar2025-e1738324985667.png\" \/>\n\t<meta property=\"og:image:width\" content=\"1800\" \/>\n\t<meta property=\"og:image:height\" content=\"1013\" \/>\n\t<meta property=\"og:image:type\" content=\"image\/png\" \/>\n<meta name=\"twitter:card\" content=\"summary_large_image\" \/>\n<meta name=\"twitter:label1\" content=\"Price\" \/>\n\t<meta name=\"twitter:data1\" content=\"&euro;49.00\" \/>\n\t<meta name=\"twitter:label2\" content=\"Availability\" \/>\n\t<meta name=\"twitter:data2\" content=\"In stock\" \/>\n<script type=\"application\/ld+json\" class=\"yoast-schema-graph\">{\"@context\":\"https:\/\/schema.org\",\"@graph\":[{\"@type\":\"WebPage\",\"@id\":\"https:\/\/bramasole.ee\/en\/Toode\/alsacei-veiniohtu-maitsed-ajalugu-ja-elamused\/\",\"url\":\"https:\/\/bramasole.ee\/en\/Toode\/alsacei-veiniohtu-maitsed-ajalugu-ja-elamused\/\",\"name\":\"Alsace\u2019i veini\u00f5htu: Maitsed, ajalugu ja elamused! - Bramasole\",\"isPartOf\":{\"@id\":\"https:\/\/bramasole.ee\/en\/#website\"},\"primaryImageOfPage\":{\"@id\":\"https:\/\/bramasole.ee\/en\/Toode\/alsacei-veiniohtu-maitsed-ajalugu-ja-elamused\/#primaryimage\"},\"image\":{\"@id\":\"https:\/\/bramasole.ee\/en\/Toode\/alsacei-veiniohtu-maitsed-ajalugu-ja-elamused\/#primaryimage\"},\"thumbnailUrl\":\"https:\/\/bramasole.ee\/wp-content\/uploads\/2025\/01\/Alsace-veiniohtu-20.veebruar2025-e1738324985667.png\",\"datePublished\":\"2025-01-31T11:56:42+00:00\",\"dateModified\":\"2025-01-31T12:06:37+00:00\",\"description\":\"Alsace\u2019i veini\u00f5htu: Maitsed, ajalugu ja elamused! Tule naudi meeldej\u00e4\u00e4vat \u00f5htut, kus veinid, maitsed ja lood loovad t\u00e4iusliku atmosf\u00e4\u00e4ri!\",\"breadcrumb\":{\"@id\":\"https:\/\/bramasole.ee\/en\/Toode\/alsacei-veiniohtu-maitsed-ajalugu-ja-elamused\/#breadcrumb\"},\"inLanguage\":\"en-US\",\"potentialAction\":[{\"@type\":\"ReadAction\",\"target\":[\"https:\/\/bramasole.ee\/en\/Toode\/alsacei-veiniohtu-maitsed-ajalugu-ja-elamused\/\"]}]},{\"@type\":\"ImageObject\",\"inLanguage\":\"en-US\",\"@id\":\"https:\/\/bramasole.ee\/en\/Toode\/alsacei-veiniohtu-maitsed-ajalugu-ja-elamused\/#primaryimage\",\"url\":\"https:\/\/bramasole.ee\/wp-content\/uploads\/2025\/01\/Alsace-veiniohtu-20.veebruar2025-e1738324985667.png\",\"contentUrl\":\"https:\/\/bramasole.ee\/wp-content\/uploads\/2025\/01\/Alsace-veiniohtu-20.veebruar2025-e1738324985667.png\",\"width\":1800,\"height\":1013,\"caption\":\"Alsace veinio\u0303htu 20.veebruar2025\"},{\"@type\":\"BreadcrumbList\",\"@id\":\"https:\/\/bramasole.ee\/en\/Toode\/alsacei-veiniohtu-maitsed-ajalugu-ja-elamused\/#breadcrumb\",\"itemListElement\":[{\"@type\":\"ListItem\",\"position\":1,\"name\":\"Home\",\"item\":\"https:\/\/bramasole.ee\/en\/\"},{\"@type\":\"ListItem\",\"position\":2,\"name\":\"VEINIPOOD\",\"item\":\"https:\/\/bramasole.ee\/veinipood\/\"},{\"@type\":\"ListItem\",\"position\":3,\"name\":\"Alsace\u2019i veini\u00f5htu: Maitsed, ajalugu ja elamused!\"}]},{\"@type\":\"WebSite\",\"@id\":\"https:\/\/bramasole.ee\/en\/#website\",\"url\":\"https:\/\/bramasole.ee\/en\/\",\"name\":\"Bramasole\",\"description\":\"Bramasole veinipood - ainult hea vein!\",\"publisher\":{\"@id\":\"https:\/\/bramasole.ee\/en\/#organization\"},\"alternateName\":\"Bramasole veinid\",\"potentialAction\":[{\"@type\":\"SearchAction\",\"target\":{\"@type\":\"EntryPoint\",\"urlTemplate\":\"https:\/\/bramasole.ee\/en\/?s={search_term_string}\"},\"query-input\":{\"@type\":\"PropertyValueSpecification\",\"valueRequired\":true,\"valueName\":\"search_term_string\"}}],\"inLanguage\":\"en-US\"},{\"@type\":\"Organization\",\"@id\":\"https:\/\/bramasole.ee\/en\/#organization\",\"name\":\"Bramasole\",\"url\":\"https:\/\/bramasole.ee\/en\/\",\"logo\":{\"@type\":\"ImageObject\",\"inLanguage\":\"en-US\",\"@id\":\"https:\/\/bramasole.ee\/en\/#\/schema\/logo\/image\/\",\"url\":\"https:\/\/bramasole.ee\/wp-content\/uploads\/2023\/04\/House_of_bramasole_logo.png\",\"contentUrl\":\"https:\/\/bramasole.ee\/wp-content\/uploads\/2023\/04\/House_of_bramasole_logo.png\",\"width\":1031,\"height\":257,\"caption\":\"Bramasole\"},\"image\":{\"@id\":\"https:\/\/bramasole.ee\/en\/#\/schema\/logo\/image\/\"},\"sameAs\":[\"https:\/\/www.facebook.com\/houseofbramasole\",\"https:\/\/www.instagram.com\/houseofbramasole\/\"]}]}<\/script>\n<meta property=\"product:price:amount\" content=\"49.00\" \/>\n<meta property=\"product:price:currency\" content=\"EUR\" \/>\n<meta property=\"og:availability\" content=\"instock\" \/>\n<meta property=\"product:availability\" content=\"instock\" \/>\n<meta property=\"product:condition\" content=\"new\" \/>\n<!-- \/ Yoast SEO Premium plugin. -->","yoast_head_json":{"title":"Alsace\u2019i veini\u00f5htu: Maitsed, ajalugu ja elamused! - Bramasole","description":"Alsace\u2019i veini\u00f5htu: Maitsed, ajalugu ja elamused! Tule naudi meeldej\u00e4\u00e4vat \u00f5htut, kus veinid, maitsed ja lood loovad t\u00e4iusliku atmosf\u00e4\u00e4ri!","robots":{"index":"index","follow":"follow","max-snippet":"max-snippet:-1","max-image-preview":"max-image-preview:large","max-video-preview":"max-video-preview:-1"},"canonical":"https:\/\/bramasole.ee\/en\/Toode\/alsacei-veiniohtu-maitsed-ajalugu-ja-elamused\/","og_locale":"en_US","og_type":"article","og_title":"Alsace\u2019i veini\u00f5htu: Maitsed, ajalugu ja elamused!","og_description":"Alsace\u2019i veini\u00f5htu: Maitsed, ajalugu ja elamused! Tule naudi meeldej\u00e4\u00e4vat \u00f5htut, kus veinid, maitsed ja lood loovad t\u00e4iusliku atmosf\u00e4\u00e4ri!","og_url":"https:\/\/bramasole.ee\/en\/Toode\/alsacei-veiniohtu-maitsed-ajalugu-ja-elamused\/","og_site_name":"Bramasole","article_publisher":"https:\/\/www.facebook.com\/houseofbramasole","article_modified_time":"2025-01-31T12:06:37+00:00","og_image":[{"width":1800,"height":1013,"url":"https:\/\/bramasole.ee\/wp-content\/uploads\/2025\/01\/Alsace-veiniohtu-20.veebruar2025-e1738324985667.png","type":"image\/png"}],"twitter_card":"summary_large_image","twitter_misc":{"Price":"&euro;49.00","Availability":"In stock"},"schema":{"@context":"https:\/\/schema.org","@graph":[{"@type":"WebPage","@id":"https:\/\/bramasole.ee\/en\/Toode\/alsacei-veiniohtu-maitsed-ajalugu-ja-elamused\/","url":"https:\/\/bramasole.ee\/en\/Toode\/alsacei-veiniohtu-maitsed-ajalugu-ja-elamused\/","name":"Alsace\u2019i veini\u00f5htu: Maitsed, ajalugu ja elamused! - Bramasole","isPartOf":{"@id":"https:\/\/bramasole.ee\/en\/#website"},"primaryImageOfPage":{"@id":"https:\/\/bramasole.ee\/en\/Toode\/alsacei-veiniohtu-maitsed-ajalugu-ja-elamused\/#primaryimage"},"image":{"@id":"https:\/\/bramasole.ee\/en\/Toode\/alsacei-veiniohtu-maitsed-ajalugu-ja-elamused\/#primaryimage"},"thumbnailUrl":"https:\/\/bramasole.ee\/wp-content\/uploads\/2025\/01\/Alsace-veiniohtu-20.veebruar2025-e1738324985667.png","datePublished":"2025-01-31T11:56:42+00:00","dateModified":"2025-01-31T12:06:37+00:00","description":"Alsace\u2019i veini\u00f5htu: Maitsed, ajalugu ja elamused! Tule naudi meeldej\u00e4\u00e4vat \u00f5htut, kus veinid, maitsed ja lood loovad t\u00e4iusliku atmosf\u00e4\u00e4ri!","breadcrumb":{"@id":"https:\/\/bramasole.ee\/en\/Toode\/alsacei-veiniohtu-maitsed-ajalugu-ja-elamused\/#breadcrumb"},"inLanguage":"en-US","potentialAction":[{"@type":"ReadAction","target":["https:\/\/bramasole.ee\/en\/Toode\/alsacei-veiniohtu-maitsed-ajalugu-ja-elamused\/"]}]},{"@type":"ImageObject","inLanguage":"en-US","@id":"https:\/\/bramasole.ee\/en\/Toode\/alsacei-veiniohtu-maitsed-ajalugu-ja-elamused\/#primaryimage","url":"https:\/\/bramasole.ee\/wp-content\/uploads\/2025\/01\/Alsace-veiniohtu-20.veebruar2025-e1738324985667.png","contentUrl":"https:\/\/bramasole.ee\/wp-content\/uploads\/2025\/01\/Alsace-veiniohtu-20.veebruar2025-e1738324985667.png","width":1800,"height":1013,"caption":"Alsace veinio\u0303htu 20.veebruar2025"},{"@type":"BreadcrumbList","@id":"https:\/\/bramasole.ee\/en\/Toode\/alsacei-veiniohtu-maitsed-ajalugu-ja-elamused\/#breadcrumb","itemListElement":[{"@type":"ListItem","position":1,"name":"Home","item":"https:\/\/bramasole.ee\/en\/"},{"@type":"ListItem","position":2,"name":"VEINIPOOD","item":"https:\/\/bramasole.ee\/veinipood\/"},{"@type":"ListItem","position":3,"name":"Alsace\u2019i veini\u00f5htu: Maitsed, ajalugu ja elamused!"}]},{"@type":"WebSite","@id":"https:\/\/bramasole.ee\/en\/#website","url":"https:\/\/bramasole.ee\/en\/","name":"Bramasole","description":"Bramasole veinipood - ainult hea vein!","publisher":{"@id":"https:\/\/bramasole.ee\/en\/#organization"},"alternateName":"Bramasole veinid","potentialAction":[{"@type":"SearchAction","target":{"@type":"EntryPoint","urlTemplate":"https:\/\/bramasole.ee\/en\/?s={search_term_string}"},"query-input":{"@type":"PropertyValueSpecification","valueRequired":true,"valueName":"search_term_string"}}],"inLanguage":"en-US"},{"@type":"Organization","@id":"https:\/\/bramasole.ee\/en\/#organization","name":"Bramasole","url":"https:\/\/bramasole.ee\/en\/","logo":{"@type":"ImageObject","inLanguage":"en-US","@id":"https:\/\/bramasole.ee\/en\/#\/schema\/logo\/image\/","url":"https:\/\/bramasole.ee\/wp-content\/uploads\/2023\/04\/House_of_bramasole_logo.png","contentUrl":"https:\/\/bramasole.ee\/wp-content\/uploads\/2023\/04\/House_of_bramasole_logo.png","width":1031,"height":257,"caption":"Bramasole"},"image":{"@id":"https:\/\/bramasole.ee\/en\/#\/schema\/logo\/image\/"},"sameAs":["https:\/\/www.facebook.com\/houseofbramasole","https:\/\/www.instagram.com\/houseofbramasole\/"]}]},"product_price_amount":"49.00","product_price_currency":"EUR","og_availability":"instock","product_availability":"instock","product_condition":"new"},"_links":{"self":[{"href":"https:\/\/bramasole.ee\/en\/wp-json\/wp\/v2\/product\/56634","targetHints":{"allow":["GET"]}}],"collection":[{"href":"https:\/\/bramasole.ee\/en\/wp-json\/wp\/v2\/product"}],"about":[{"href":"https:\/\/bramasole.ee\/en\/wp-json\/wp\/v2\/types\/product"}],"replies":[{"embeddable":true,"href":"https:\/\/bramasole.ee\/en\/wp-json\/wp\/v2\/comments?post=56634"}],"wp:featuredmedia":[{"embeddable":true,"href":"https:\/\/bramasole.ee\/en\/wp-json\/wp\/v2\/media\/56635"}],"wp:attachment":[{"href":"https:\/\/bramasole.ee\/en\/wp-json\/wp\/v2\/media?parent=56634"}],"wp:term":[{"taxonomy":"product_brand","embeddable":true,"href":"https:\/\/bramasole.ee\/en\/wp-json\/wp\/v2\/product_brand?post=56634"},{"taxonomy":"product_cat","embeddable":true,"href":"https:\/\/bramasole.ee\/en\/wp-json\/wp\/v2\/product_cat?post=56634"},{"taxonomy":"product_tag","embeddable":true,"href":"https:\/\/bramasole.ee\/en\/wp-json\/wp\/v2\/product_tag?post=56634"}],"curies":[{"name":"wp","href":"https:\/\/api.w.org\/{rel}","templated":true}]}}