{"id":56579,"date":"2025-01-10T11:20:10","date_gmt":"2025-01-10T09:20:10","guid":{"rendered":"https:\/\/bramasole.ee\/?post_type=product&#038;p=56579"},"modified":"2026-01-26T09:49:52","modified_gmt":"2026-01-26T07:49:52","slug":"juustuloikur-cheese-curler-amigo","status":"publish","type":"product","link":"https:\/\/bramasole.ee\/en\/Toode\/juustuloikur-cheese-curler-amigo\/","title":{"rendered":"Juustul\u00f5ikur Cheese Curler Amigo"},"content":{"rendered":"<h3><span style=\"color: #800080;\">Juustul\u00f5ikur Cheese Curler Amigo<\/span><\/h3>\n<p>Suurep\u00e4rane juustul\u00f5ikur juustu l\u00f5ikamiseks. Selle juustunoaga saad teha ahvatlevad &#8221; juustulilled&#8221;. See l\u00f5ikur on ideaalne just T\u00eate de Moine juustuga ning ka \u0161okolaadi l\u00f5ikamiseks.<\/p>\n","protected":false},"excerpt":{"rendered":"<p>Suurep\u00e4rane juustul\u00f5ikur juustu l\u00f5ikamiseks. Selle juustunoaga saad teha ahvatlevad &#8221; juustulilled&#8221;. See l\u00f5ikur on ideaalne just T\u00eate de Moine juustuga ning ka \u0161okolaadi l\u00f5ikamiseks.<\/p>\n<p>&nbsp;<\/p>\n","protected":false},"featured_media":56580,"comment_status":"open","ping_status":"closed","template":"","meta":[],"product_brand":[],"product_cat":[616],"product_tag":[],"class_list":{"0":"post-56579","1":"product","2":"type-product","3":"status-publish","4":"has-post-thumbnail","6":"product_cat-juustutarvikud","7":"description-off","9":"first","10":"outofstock","11":"taxable","12":"shipping-taxable","13":"purchasable","14":"product-type-simple"},"yoast_head":"<!-- This site is optimized with the Yoast SEO Premium plugin v23.0 (Yoast SEO v25.3.1) - https:\/\/yoast.com\/wordpress\/plugins\/seo\/ -->\n<title>Juustul\u00f5ikur Cheese Curler Amigo<\/title>\n<meta name=\"description\" content=\"Juustul\u00f5ikur Boska Amigo T\u00eate de Moine juustu nimg \u0161okolaadi l\u00f5ikamiseks. Juustus\u00f5pradele - juustunoad, juusturiivid, fond\u00fc\u00fcpotid, serveerimisalused.\" \/>\n<meta name=\"robots\" content=\"index, follow, max-snippet:-1, max-image-preview:large, max-video-preview:-1\" \/>\n<link rel=\"canonical\" href=\"https:\/\/bramasole.ee\/en\/Toode\/juustuloikur-cheese-curler-amigo\/\" \/>\n<meta property=\"og:locale\" content=\"en_US\" \/>\n<meta property=\"og:type\" content=\"article\" \/>\n<meta property=\"og:title\" content=\"Juustul\u00f5ikur Cheese Curler Amigo\" \/>\n<meta property=\"og:description\" content=\"Juustul\u00f5ikur Boska Amigo T\u00eate de Moine juustu nimg \u0161okolaadi l\u00f5ikamiseks. Juustus\u00f5pradele - juustunoad, juusturiivid, fond\u00fc\u00fcpotid, serveerimisalused.\" \/>\n<meta property=\"og:url\" content=\"https:\/\/bramasole.ee\/en\/Toode\/juustuloikur-cheese-curler-amigo\/\" \/>\n<meta property=\"og:site_name\" content=\"Bramasole\" \/>\n<meta property=\"article:publisher\" content=\"https:\/\/www.facebook.com\/houseofbramasole\" \/>\n<meta property=\"article:modified_time\" content=\"2026-01-26T07:49:52+00:00\" \/>\n<meta property=\"og:image\" content=\"https:\/\/bramasole.ee\/wp-content\/uploads\/2025\/01\/850510-BOSKACheeseCurlerAmigo_1.webp\" \/>\n\t<meta property=\"og:image:width\" content=\"1200\" \/>\n\t<meta property=\"og:image:height\" content=\"1200\" \/>\n\t<meta property=\"og:image:type\" content=\"image\/webp\" \/>\n<meta name=\"twitter:card\" content=\"summary_large_image\" \/>\n<meta name=\"twitter:label1\" content=\"Price\" \/>\n\t<meta name=\"twitter:data1\" content=\"&euro;36.90\" \/>\n\t<meta name=\"twitter:label2\" content=\"Availability\" \/>\n\t<meta name=\"twitter:data2\" content=\"Out of stock\" \/>\n<script type=\"application\/ld+json\" class=\"yoast-schema-graph\">{\"@context\":\"https:\/\/schema.org\",\"@graph\":[{\"@type\":\"WebPage\",\"@id\":\"https:\/\/bramasole.ee\/en\/Toode\/juustuloikur-cheese-curler-amigo\/\",\"url\":\"https:\/\/bramasole.ee\/en\/Toode\/juustuloikur-cheese-curler-amigo\/\",\"name\":\"Juustul\u00f5ikur Cheese Curler Amigo\",\"isPartOf\":{\"@id\":\"https:\/\/bramasole.ee\/en\/#website\"},\"primaryImageOfPage\":{\"@id\":\"https:\/\/bramasole.ee\/en\/Toode\/juustuloikur-cheese-curler-amigo\/#primaryimage\"},\"image\":{\"@id\":\"https:\/\/bramasole.ee\/en\/Toode\/juustuloikur-cheese-curler-amigo\/#primaryimage\"},\"thumbnailUrl\":\"https:\/\/bramasole.ee\/wp-content\/uploads\/2025\/01\/850510-BOSKACheeseCurlerAmigo_1.webp\",\"datePublished\":\"2025-01-10T09:20:10+00:00\",\"dateModified\":\"2026-01-26T07:49:52+00:00\",\"description\":\"Juustul\u00f5ikur Boska Amigo T\u00eate de Moine juustu nimg \u0161okolaadi l\u00f5ikamiseks. Juustus\u00f5pradele - juustunoad, juusturiivid, fond\u00fc\u00fcpotid, serveerimisalused.\",\"breadcrumb\":{\"@id\":\"https:\/\/bramasole.ee\/en\/Toode\/juustuloikur-cheese-curler-amigo\/#breadcrumb\"},\"inLanguage\":\"en-US\",\"potentialAction\":[{\"@type\":\"ReadAction\",\"target\":[\"https:\/\/bramasole.ee\/en\/Toode\/juustuloikur-cheese-curler-amigo\/\"]}]},{\"@type\":\"ImageObject\",\"inLanguage\":\"en-US\",\"@id\":\"https:\/\/bramasole.ee\/en\/Toode\/juustuloikur-cheese-curler-amigo\/#primaryimage\",\"url\":\"https:\/\/bramasole.ee\/wp-content\/uploads\/2025\/01\/850510-BOSKACheeseCurlerAmigo_1.webp\",\"contentUrl\":\"https:\/\/bramasole.ee\/wp-content\/uploads\/2025\/01\/850510-BOSKACheeseCurlerAmigo_1.webp\",\"width\":1200,\"height\":1200,\"caption\":\"Juustul\u00f5ikur Amigo Boska\"},{\"@type\":\"BreadcrumbList\",\"@id\":\"https:\/\/bramasole.ee\/en\/Toode\/juustuloikur-cheese-curler-amigo\/#breadcrumb\",\"itemListElement\":[{\"@type\":\"ListItem\",\"position\":1,\"name\":\"Home\",\"item\":\"https:\/\/bramasole.ee\/en\/\"},{\"@type\":\"ListItem\",\"position\":2,\"name\":\"VEINIPOOD\",\"item\":\"https:\/\/bramasole.ee\/veinipood\/\"},{\"@type\":\"ListItem\",\"position\":3,\"name\":\"Juustul\u00f5ikur Cheese Curler Amigo\"}]},{\"@type\":\"WebSite\",\"@id\":\"https:\/\/bramasole.ee\/en\/#website\",\"url\":\"https:\/\/bramasole.ee\/en\/\",\"name\":\"Bramasole\",\"description\":\"Bramasole veinipood - ainult hea vein!\",\"publisher\":{\"@id\":\"https:\/\/bramasole.ee\/en\/#organization\"},\"alternateName\":\"Bramasole veinid\",\"potentialAction\":[{\"@type\":\"SearchAction\",\"target\":{\"@type\":\"EntryPoint\",\"urlTemplate\":\"https:\/\/bramasole.ee\/en\/?s={search_term_string}\"},\"query-input\":{\"@type\":\"PropertyValueSpecification\",\"valueRequired\":true,\"valueName\":\"search_term_string\"}}],\"inLanguage\":\"en-US\"},{\"@type\":\"Organization\",\"@id\":\"https:\/\/bramasole.ee\/en\/#organization\",\"name\":\"Bramasole\",\"url\":\"https:\/\/bramasole.ee\/en\/\",\"logo\":{\"@type\":\"ImageObject\",\"inLanguage\":\"en-US\",\"@id\":\"https:\/\/bramasole.ee\/en\/#\/schema\/logo\/image\/\",\"url\":\"https:\/\/bramasole.ee\/wp-content\/uploads\/2023\/04\/House_of_bramasole_logo.png\",\"contentUrl\":\"https:\/\/bramasole.ee\/wp-content\/uploads\/2023\/04\/House_of_bramasole_logo.png\",\"width\":1031,\"height\":257,\"caption\":\"Bramasole\"},\"image\":{\"@id\":\"https:\/\/bramasole.ee\/en\/#\/schema\/logo\/image\/\"},\"sameAs\":[\"https:\/\/www.facebook.com\/houseofbramasole\",\"https:\/\/www.instagram.com\/houseofbramasole\/\"]}]}<\/script>\n<meta property=\"product:price:amount\" content=\"36.90\" \/>\n<meta property=\"product:price:currency\" content=\"EUR\" \/>\n<meta property=\"og:availability\" content=\"out of stock\" \/>\n<meta property=\"product:availability\" content=\"out of stock\" \/>\n<meta property=\"product:retailer_item_id\" content=\"850510\" \/>\n<meta property=\"product:condition\" content=\"new\" \/>\n<!-- \/ Yoast SEO Premium plugin. -->","yoast_head_json":{"title":"Juustul\u00f5ikur Cheese Curler Amigo","description":"Juustul\u00f5ikur Boska Amigo T\u00eate de Moine juustu nimg \u0161okolaadi l\u00f5ikamiseks. Juustus\u00f5pradele - juustunoad, juusturiivid, fond\u00fc\u00fcpotid, serveerimisalused.","robots":{"index":"index","follow":"follow","max-snippet":"max-snippet:-1","max-image-preview":"max-image-preview:large","max-video-preview":"max-video-preview:-1"},"canonical":"https:\/\/bramasole.ee\/en\/Toode\/juustuloikur-cheese-curler-amigo\/","og_locale":"en_US","og_type":"article","og_title":"Juustul\u00f5ikur Cheese Curler Amigo","og_description":"Juustul\u00f5ikur Boska Amigo T\u00eate de Moine juustu nimg \u0161okolaadi l\u00f5ikamiseks. Juustus\u00f5pradele - juustunoad, juusturiivid, fond\u00fc\u00fcpotid, serveerimisalused.","og_url":"https:\/\/bramasole.ee\/en\/Toode\/juustuloikur-cheese-curler-amigo\/","og_site_name":"Bramasole","article_publisher":"https:\/\/www.facebook.com\/houseofbramasole","article_modified_time":"2026-01-26T07:49:52+00:00","og_image":[{"width":1200,"height":1200,"url":"https:\/\/bramasole.ee\/wp-content\/uploads\/2025\/01\/850510-BOSKACheeseCurlerAmigo_1.webp","type":"image\/webp"}],"twitter_card":"summary_large_image","twitter_misc":{"Price":"&euro;36.90","Availability":"Out of stock"},"schema":{"@context":"https:\/\/schema.org","@graph":[{"@type":"WebPage","@id":"https:\/\/bramasole.ee\/en\/Toode\/juustuloikur-cheese-curler-amigo\/","url":"https:\/\/bramasole.ee\/en\/Toode\/juustuloikur-cheese-curler-amigo\/","name":"Juustul\u00f5ikur Cheese Curler Amigo","isPartOf":{"@id":"https:\/\/bramasole.ee\/en\/#website"},"primaryImageOfPage":{"@id":"https:\/\/bramasole.ee\/en\/Toode\/juustuloikur-cheese-curler-amigo\/#primaryimage"},"image":{"@id":"https:\/\/bramasole.ee\/en\/Toode\/juustuloikur-cheese-curler-amigo\/#primaryimage"},"thumbnailUrl":"https:\/\/bramasole.ee\/wp-content\/uploads\/2025\/01\/850510-BOSKACheeseCurlerAmigo_1.webp","datePublished":"2025-01-10T09:20:10+00:00","dateModified":"2026-01-26T07:49:52+00:00","description":"Juustul\u00f5ikur Boska Amigo T\u00eate de Moine juustu nimg \u0161okolaadi l\u00f5ikamiseks. Juustus\u00f5pradele - juustunoad, juusturiivid, fond\u00fc\u00fcpotid, serveerimisalused.","breadcrumb":{"@id":"https:\/\/bramasole.ee\/en\/Toode\/juustuloikur-cheese-curler-amigo\/#breadcrumb"},"inLanguage":"en-US","potentialAction":[{"@type":"ReadAction","target":["https:\/\/bramasole.ee\/en\/Toode\/juustuloikur-cheese-curler-amigo\/"]}]},{"@type":"ImageObject","inLanguage":"en-US","@id":"https:\/\/bramasole.ee\/en\/Toode\/juustuloikur-cheese-curler-amigo\/#primaryimage","url":"https:\/\/bramasole.ee\/wp-content\/uploads\/2025\/01\/850510-BOSKACheeseCurlerAmigo_1.webp","contentUrl":"https:\/\/bramasole.ee\/wp-content\/uploads\/2025\/01\/850510-BOSKACheeseCurlerAmigo_1.webp","width":1200,"height":1200,"caption":"Juustul\u00f5ikur Amigo Boska"},{"@type":"BreadcrumbList","@id":"https:\/\/bramasole.ee\/en\/Toode\/juustuloikur-cheese-curler-amigo\/#breadcrumb","itemListElement":[{"@type":"ListItem","position":1,"name":"Home","item":"https:\/\/bramasole.ee\/en\/"},{"@type":"ListItem","position":2,"name":"VEINIPOOD","item":"https:\/\/bramasole.ee\/veinipood\/"},{"@type":"ListItem","position":3,"name":"Juustul\u00f5ikur Cheese Curler Amigo"}]},{"@type":"WebSite","@id":"https:\/\/bramasole.ee\/en\/#website","url":"https:\/\/bramasole.ee\/en\/","name":"Bramasole","description":"Bramasole veinipood - ainult hea vein!","publisher":{"@id":"https:\/\/bramasole.ee\/en\/#organization"},"alternateName":"Bramasole veinid","potentialAction":[{"@type":"SearchAction","target":{"@type":"EntryPoint","urlTemplate":"https:\/\/bramasole.ee\/en\/?s={search_term_string}"},"query-input":{"@type":"PropertyValueSpecification","valueRequired":true,"valueName":"search_term_string"}}],"inLanguage":"en-US"},{"@type":"Organization","@id":"https:\/\/bramasole.ee\/en\/#organization","name":"Bramasole","url":"https:\/\/bramasole.ee\/en\/","logo":{"@type":"ImageObject","inLanguage":"en-US","@id":"https:\/\/bramasole.ee\/en\/#\/schema\/logo\/image\/","url":"https:\/\/bramasole.ee\/wp-content\/uploads\/2023\/04\/House_of_bramasole_logo.png","contentUrl":"https:\/\/bramasole.ee\/wp-content\/uploads\/2023\/04\/House_of_bramasole_logo.png","width":1031,"height":257,"caption":"Bramasole"},"image":{"@id":"https:\/\/bramasole.ee\/en\/#\/schema\/logo\/image\/"},"sameAs":["https:\/\/www.facebook.com\/houseofbramasole","https:\/\/www.instagram.com\/houseofbramasole\/"]}]},"product_price_amount":"36.90","product_price_currency":"EUR","og_availability":"out of stock","product_availability":"out of stock","product_retailer_item_id":"850510","product_condition":"new"},"_links":{"self":[{"href":"https:\/\/bramasole.ee\/en\/wp-json\/wp\/v2\/product\/56579","targetHints":{"allow":["GET"]}}],"collection":[{"href":"https:\/\/bramasole.ee\/en\/wp-json\/wp\/v2\/product"}],"about":[{"href":"https:\/\/bramasole.ee\/en\/wp-json\/wp\/v2\/types\/product"}],"replies":[{"embeddable":true,"href":"https:\/\/bramasole.ee\/en\/wp-json\/wp\/v2\/comments?post=56579"}],"wp:featuredmedia":[{"embeddable":true,"href":"https:\/\/bramasole.ee\/en\/wp-json\/wp\/v2\/media\/56580"}],"wp:attachment":[{"href":"https:\/\/bramasole.ee\/en\/wp-json\/wp\/v2\/media?parent=56579"}],"wp:term":[{"taxonomy":"product_brand","embeddable":true,"href":"https:\/\/bramasole.ee\/en\/wp-json\/wp\/v2\/product_brand?post=56579"},{"taxonomy":"product_cat","embeddable":true,"href":"https:\/\/bramasole.ee\/en\/wp-json\/wp\/v2\/product_cat?post=56579"},{"taxonomy":"product_tag","embeddable":true,"href":"https:\/\/bramasole.ee\/en\/wp-json\/wp\/v2\/product_tag?post=56579"}],"curies":[{"name":"wp","href":"https:\/\/api.w.org\/{rel}","templated":true}]}}