{"id":56425,"date":"2024-11-14T16:18:58","date_gmt":"2024-11-14T14:18:58","guid":{"rendered":"https:\/\/bramasole.ee\/?post_type=product&#038;p=56425"},"modified":"2024-11-14T16:24:06","modified_gmt":"2024-11-14T14:24:06","slug":"pasta-tagliatelle-uovo-al-tartufo-munapasta-truhvliga","status":"publish","type":"product","link":"https:\/\/bramasole.ee\/en\/Toode\/pasta-tagliatelle-uovo-al-tartufo-munapasta-truhvliga\/","title":{"rendered":"Pasta Tagliatelle Uovo Al Tartufo\/ munapasta tr\u00fchvliga 250 gr."},"content":{"rendered":"<h3>Pasta Tagliatelle Uovo Al Tartufo\/ munapasta tr\u00fchvliga 250 gr.<\/h3>\n<p>Koostis: K\u00f5va nisujahu, muna 23%, suvine tr\u00fchvel (Tuber aestivum Vitt.) 2%, l\u00f5hna- ja maitseaine. See v\u00f5ib sisaldada kala, piima, molluskite, soja ja sinepi j\u00e4lgi.<\/p>\n<p>Proovi kindlasti ka meie teisi maitsvaid tooteid. Meie gurmeetooted on maitsvad ja kvaliteetsed!<\/p>\n","protected":false},"excerpt":{"rendered":"<p>Pasta otse Itaaliast, Piemonte s\u00fcdamest. Tee endale maitsev pasta kerge vaevaga.<\/p>\n","protected":false},"featured_media":56426,"comment_status":"open","ping_status":"closed","template":"","meta":[],"product_brand":[],"product_cat":[298,304],"product_tag":[457,461,586,585,591,462,592],"class_list":{"0":"post-56425","1":"product","2":"type-product","3":"status-publish","4":"has-post-thumbnail","6":"product_cat-gurmeetooted","7":"product_cat-pasta-ja-riis","8":"product_tag-gurmeetoode","9":"product_tag-itaalia-maitsed","10":"product_tag-munapasta","11":"product_tag-pasta","12":"product_tag-truffle","13":"product_tag-truhvel","14":"product_tag-truhvlipasta","15":"description-off","17":"first","18":"instock","19":"taxable","20":"shipping-taxable","21":"purchasable","22":"product-type-simple"},"yoast_head":"<!-- This site is optimized with the Yoast SEO Premium plugin v23.0 (Yoast SEO v25.3.1) - https:\/\/yoast.com\/wordpress\/plugins\/seo\/ -->\n<title>Pasta Tagliatelle Uovo Al Tartufo\/ munapasta tr\u00fchvliga 250 gr.<\/title>\n<meta name=\"description\" content=\"Pasta Tagliatelle Nero di Seppia Itaaliast. Imelised Itaalia maitsed. V\u00f5i hoopis kingitus? Gurmeetooted otse Itaaliast! House of Bramasole veinipood\" \/>\n<meta name=\"robots\" content=\"index, follow, max-snippet:-1, max-image-preview:large, max-video-preview:-1\" \/>\n<link rel=\"canonical\" href=\"https:\/\/bramasole.ee\/en\/Toode\/pasta-tagliatelle-uovo-al-tartufo-munapasta-truhvliga\/\" \/>\n<meta property=\"og:locale\" content=\"en_US\" \/>\n<meta property=\"og:type\" content=\"article\" \/>\n<meta property=\"og:title\" content=\"Pasta Tagliatelle Uovo Al Tartufo\/ munapasta tr\u00fchvliga 250 gr.\" \/>\n<meta property=\"og:description\" content=\"Pasta Tagliatelle Nero di Seppia Itaaliast. Imelised Itaalia maitsed. V\u00f5i hoopis kingitus? Gurmeetooted otse Itaaliast! House of Bramasole veinipood\" \/>\n<meta property=\"og:url\" content=\"https:\/\/bramasole.ee\/en\/Toode\/pasta-tagliatelle-uovo-al-tartufo-munapasta-truhvliga\/\" \/>\n<meta property=\"og:site_name\" content=\"Bramasole\" \/>\n<meta property=\"article:publisher\" content=\"https:\/\/www.facebook.com\/houseofbramasole\" \/>\n<meta property=\"article:modified_time\" content=\"2024-11-14T14:24:06+00:00\" \/>\n<meta property=\"og:image\" content=\"https:\/\/bramasole.ee\/wp-content\/uploads\/2024\/11\/E362E4E2-7E53-4840-B155-A8EBA03C2FFF_1_105_c.jpeg\" \/>\n\t<meta property=\"og:image:width\" content=\"768\" \/>\n\t<meta property=\"og:image:height\" content=\"1024\" \/>\n\t<meta property=\"og:image:type\" content=\"image\/jpeg\" \/>\n<meta name=\"twitter:card\" content=\"summary_large_image\" \/>\n<meta name=\"twitter:label1\" content=\"Price\" \/>\n\t<meta name=\"twitter:data1\" content=\"&euro;9.80\" \/>\n\t<meta name=\"twitter:label2\" content=\"Availability\" \/>\n\t<meta name=\"twitter:data2\" content=\"In stock\" \/>\n<script type=\"application\/ld+json\" class=\"yoast-schema-graph\">{\"@context\":\"https:\/\/schema.org\",\"@graph\":[{\"@type\":\"WebPage\",\"@id\":\"https:\/\/bramasole.ee\/en\/Toode\/pasta-tagliatelle-uovo-al-tartufo-munapasta-truhvliga\/\",\"url\":\"https:\/\/bramasole.ee\/en\/Toode\/pasta-tagliatelle-uovo-al-tartufo-munapasta-truhvliga\/\",\"name\":\"Pasta Tagliatelle Uovo Al Tartufo\/ munapasta tr\u00fchvliga 250 gr.\",\"isPartOf\":{\"@id\":\"https:\/\/bramasole.ee\/en\/#website\"},\"primaryImageOfPage\":{\"@id\":\"https:\/\/bramasole.ee\/en\/Toode\/pasta-tagliatelle-uovo-al-tartufo-munapasta-truhvliga\/#primaryimage\"},\"image\":{\"@id\":\"https:\/\/bramasole.ee\/en\/Toode\/pasta-tagliatelle-uovo-al-tartufo-munapasta-truhvliga\/#primaryimage\"},\"thumbnailUrl\":\"https:\/\/bramasole.ee\/wp-content\/uploads\/2024\/11\/E362E4E2-7E53-4840-B155-A8EBA03C2FFF_1_105_c.jpeg\",\"datePublished\":\"2024-11-14T14:18:58+00:00\",\"dateModified\":\"2024-11-14T14:24:06+00:00\",\"description\":\"Pasta Tagliatelle Nero di Seppia Itaaliast. Imelised Itaalia maitsed. V\u00f5i hoopis kingitus? Gurmeetooted otse Itaaliast! House of Bramasole veinipood\",\"breadcrumb\":{\"@id\":\"https:\/\/bramasole.ee\/en\/Toode\/pasta-tagliatelle-uovo-al-tartufo-munapasta-truhvliga\/#breadcrumb\"},\"inLanguage\":\"en-US\",\"potentialAction\":[{\"@type\":\"ReadAction\",\"target\":[\"https:\/\/bramasole.ee\/en\/Toode\/pasta-tagliatelle-uovo-al-tartufo-munapasta-truhvliga\/\"]}]},{\"@type\":\"ImageObject\",\"inLanguage\":\"en-US\",\"@id\":\"https:\/\/bramasole.ee\/en\/Toode\/pasta-tagliatelle-uovo-al-tartufo-munapasta-truhvliga\/#primaryimage\",\"url\":\"https:\/\/bramasole.ee\/wp-content\/uploads\/2024\/11\/E362E4E2-7E53-4840-B155-A8EBA03C2FFF_1_105_c.jpeg\",\"contentUrl\":\"https:\/\/bramasole.ee\/wp-content\/uploads\/2024\/11\/E362E4E2-7E53-4840-B155-A8EBA03C2FFF_1_105_c.jpeg\",\"width\":768,\"height\":1024,\"caption\":\"Tr\u00fchvlipasta - House of Bramasole\"},{\"@type\":\"BreadcrumbList\",\"@id\":\"https:\/\/bramasole.ee\/en\/Toode\/pasta-tagliatelle-uovo-al-tartufo-munapasta-truhvliga\/#breadcrumb\",\"itemListElement\":[{\"@type\":\"ListItem\",\"position\":1,\"name\":\"Home\",\"item\":\"https:\/\/bramasole.ee\/en\/\"},{\"@type\":\"ListItem\",\"position\":2,\"name\":\"VEINIPOOD\",\"item\":\"https:\/\/bramasole.ee\/veinipood\/\"},{\"@type\":\"ListItem\",\"position\":3,\"name\":\"Pasta Tagliatelle Uovo Al Tartufo\/ munapasta tr\u00fchvliga 250 gr.\"}]},{\"@type\":\"WebSite\",\"@id\":\"https:\/\/bramasole.ee\/en\/#website\",\"url\":\"https:\/\/bramasole.ee\/en\/\",\"name\":\"Bramasole\",\"description\":\"Bramasole veinipood - ainult hea vein!\",\"publisher\":{\"@id\":\"https:\/\/bramasole.ee\/en\/#organization\"},\"alternateName\":\"Bramasole veinid\",\"potentialAction\":[{\"@type\":\"SearchAction\",\"target\":{\"@type\":\"EntryPoint\",\"urlTemplate\":\"https:\/\/bramasole.ee\/en\/?s={search_term_string}\"},\"query-input\":{\"@type\":\"PropertyValueSpecification\",\"valueRequired\":true,\"valueName\":\"search_term_string\"}}],\"inLanguage\":\"en-US\"},{\"@type\":\"Organization\",\"@id\":\"https:\/\/bramasole.ee\/en\/#organization\",\"name\":\"Bramasole\",\"url\":\"https:\/\/bramasole.ee\/en\/\",\"logo\":{\"@type\":\"ImageObject\",\"inLanguage\":\"en-US\",\"@id\":\"https:\/\/bramasole.ee\/en\/#\/schema\/logo\/image\/\",\"url\":\"https:\/\/bramasole.ee\/wp-content\/uploads\/2023\/04\/House_of_bramasole_logo.png\",\"contentUrl\":\"https:\/\/bramasole.ee\/wp-content\/uploads\/2023\/04\/House_of_bramasole_logo.png\",\"width\":1031,\"height\":257,\"caption\":\"Bramasole\"},\"image\":{\"@id\":\"https:\/\/bramasole.ee\/en\/#\/schema\/logo\/image\/\"},\"sameAs\":[\"https:\/\/www.facebook.com\/houseofbramasole\",\"https:\/\/www.instagram.com\/houseofbramasole\/\"]}]}<\/script>\n<meta property=\"product:price:amount\" content=\"9.80\" \/>\n<meta property=\"product:price:currency\" content=\"EUR\" \/>\n<meta property=\"og:availability\" content=\"instock\" \/>\n<meta property=\"product:availability\" content=\"instock\" \/>\n<meta property=\"product:retailer_item_id\" content=\"3725\" \/>\n<meta property=\"product:condition\" content=\"new\" \/>\n<!-- \/ Yoast SEO Premium plugin. -->","yoast_head_json":{"title":"Pasta Tagliatelle Uovo Al Tartufo\/ munapasta tr\u00fchvliga 250 gr.","description":"Pasta Tagliatelle Nero di Seppia Itaaliast. Imelised Itaalia maitsed. V\u00f5i hoopis kingitus? Gurmeetooted otse Itaaliast! House of Bramasole veinipood","robots":{"index":"index","follow":"follow","max-snippet":"max-snippet:-1","max-image-preview":"max-image-preview:large","max-video-preview":"max-video-preview:-1"},"canonical":"https:\/\/bramasole.ee\/en\/Toode\/pasta-tagliatelle-uovo-al-tartufo-munapasta-truhvliga\/","og_locale":"en_US","og_type":"article","og_title":"Pasta Tagliatelle Uovo Al Tartufo\/ munapasta tr\u00fchvliga 250 gr.","og_description":"Pasta Tagliatelle Nero di Seppia Itaaliast. Imelised Itaalia maitsed. V\u00f5i hoopis kingitus? Gurmeetooted otse Itaaliast! House of Bramasole veinipood","og_url":"https:\/\/bramasole.ee\/en\/Toode\/pasta-tagliatelle-uovo-al-tartufo-munapasta-truhvliga\/","og_site_name":"Bramasole","article_publisher":"https:\/\/www.facebook.com\/houseofbramasole","article_modified_time":"2024-11-14T14:24:06+00:00","og_image":[{"width":768,"height":1024,"url":"https:\/\/bramasole.ee\/wp-content\/uploads\/2024\/11\/E362E4E2-7E53-4840-B155-A8EBA03C2FFF_1_105_c.jpeg","type":"image\/jpeg"}],"twitter_card":"summary_large_image","twitter_misc":{"Price":"&euro;9.80","Availability":"In stock"},"schema":{"@context":"https:\/\/schema.org","@graph":[{"@type":"WebPage","@id":"https:\/\/bramasole.ee\/en\/Toode\/pasta-tagliatelle-uovo-al-tartufo-munapasta-truhvliga\/","url":"https:\/\/bramasole.ee\/en\/Toode\/pasta-tagliatelle-uovo-al-tartufo-munapasta-truhvliga\/","name":"Pasta Tagliatelle Uovo Al Tartufo\/ munapasta tr\u00fchvliga 250 gr.","isPartOf":{"@id":"https:\/\/bramasole.ee\/en\/#website"},"primaryImageOfPage":{"@id":"https:\/\/bramasole.ee\/en\/Toode\/pasta-tagliatelle-uovo-al-tartufo-munapasta-truhvliga\/#primaryimage"},"image":{"@id":"https:\/\/bramasole.ee\/en\/Toode\/pasta-tagliatelle-uovo-al-tartufo-munapasta-truhvliga\/#primaryimage"},"thumbnailUrl":"https:\/\/bramasole.ee\/wp-content\/uploads\/2024\/11\/E362E4E2-7E53-4840-B155-A8EBA03C2FFF_1_105_c.jpeg","datePublished":"2024-11-14T14:18:58+00:00","dateModified":"2024-11-14T14:24:06+00:00","description":"Pasta Tagliatelle Nero di Seppia Itaaliast. Imelised Itaalia maitsed. V\u00f5i hoopis kingitus? Gurmeetooted otse Itaaliast! House of Bramasole veinipood","breadcrumb":{"@id":"https:\/\/bramasole.ee\/en\/Toode\/pasta-tagliatelle-uovo-al-tartufo-munapasta-truhvliga\/#breadcrumb"},"inLanguage":"en-US","potentialAction":[{"@type":"ReadAction","target":["https:\/\/bramasole.ee\/en\/Toode\/pasta-tagliatelle-uovo-al-tartufo-munapasta-truhvliga\/"]}]},{"@type":"ImageObject","inLanguage":"en-US","@id":"https:\/\/bramasole.ee\/en\/Toode\/pasta-tagliatelle-uovo-al-tartufo-munapasta-truhvliga\/#primaryimage","url":"https:\/\/bramasole.ee\/wp-content\/uploads\/2024\/11\/E362E4E2-7E53-4840-B155-A8EBA03C2FFF_1_105_c.jpeg","contentUrl":"https:\/\/bramasole.ee\/wp-content\/uploads\/2024\/11\/E362E4E2-7E53-4840-B155-A8EBA03C2FFF_1_105_c.jpeg","width":768,"height":1024,"caption":"Tr\u00fchvlipasta - House of Bramasole"},{"@type":"BreadcrumbList","@id":"https:\/\/bramasole.ee\/en\/Toode\/pasta-tagliatelle-uovo-al-tartufo-munapasta-truhvliga\/#breadcrumb","itemListElement":[{"@type":"ListItem","position":1,"name":"Home","item":"https:\/\/bramasole.ee\/en\/"},{"@type":"ListItem","position":2,"name":"VEINIPOOD","item":"https:\/\/bramasole.ee\/veinipood\/"},{"@type":"ListItem","position":3,"name":"Pasta Tagliatelle Uovo Al Tartufo\/ munapasta tr\u00fchvliga 250 gr."}]},{"@type":"WebSite","@id":"https:\/\/bramasole.ee\/en\/#website","url":"https:\/\/bramasole.ee\/en\/","name":"Bramasole","description":"Bramasole veinipood - ainult hea vein!","publisher":{"@id":"https:\/\/bramasole.ee\/en\/#organization"},"alternateName":"Bramasole veinid","potentialAction":[{"@type":"SearchAction","target":{"@type":"EntryPoint","urlTemplate":"https:\/\/bramasole.ee\/en\/?s={search_term_string}"},"query-input":{"@type":"PropertyValueSpecification","valueRequired":true,"valueName":"search_term_string"}}],"inLanguage":"en-US"},{"@type":"Organization","@id":"https:\/\/bramasole.ee\/en\/#organization","name":"Bramasole","url":"https:\/\/bramasole.ee\/en\/","logo":{"@type":"ImageObject","inLanguage":"en-US","@id":"https:\/\/bramasole.ee\/en\/#\/schema\/logo\/image\/","url":"https:\/\/bramasole.ee\/wp-content\/uploads\/2023\/04\/House_of_bramasole_logo.png","contentUrl":"https:\/\/bramasole.ee\/wp-content\/uploads\/2023\/04\/House_of_bramasole_logo.png","width":1031,"height":257,"caption":"Bramasole"},"image":{"@id":"https:\/\/bramasole.ee\/en\/#\/schema\/logo\/image\/"},"sameAs":["https:\/\/www.facebook.com\/houseofbramasole","https:\/\/www.instagram.com\/houseofbramasole\/"]}]},"product_price_amount":"9.80","product_price_currency":"EUR","og_availability":"instock","product_availability":"instock","product_retailer_item_id":"3725","product_condition":"new"},"_links":{"self":[{"href":"https:\/\/bramasole.ee\/en\/wp-json\/wp\/v2\/product\/56425","targetHints":{"allow":["GET"]}}],"collection":[{"href":"https:\/\/bramasole.ee\/en\/wp-json\/wp\/v2\/product"}],"about":[{"href":"https:\/\/bramasole.ee\/en\/wp-json\/wp\/v2\/types\/product"}],"replies":[{"embeddable":true,"href":"https:\/\/bramasole.ee\/en\/wp-json\/wp\/v2\/comments?post=56425"}],"wp:featuredmedia":[{"embeddable":true,"href":"https:\/\/bramasole.ee\/en\/wp-json\/wp\/v2\/media\/56426"}],"wp:attachment":[{"href":"https:\/\/bramasole.ee\/en\/wp-json\/wp\/v2\/media?parent=56425"}],"wp:term":[{"taxonomy":"product_brand","embeddable":true,"href":"https:\/\/bramasole.ee\/en\/wp-json\/wp\/v2\/product_brand?post=56425"},{"taxonomy":"product_cat","embeddable":true,"href":"https:\/\/bramasole.ee\/en\/wp-json\/wp\/v2\/product_cat?post=56425"},{"taxonomy":"product_tag","embeddable":true,"href":"https:\/\/bramasole.ee\/en\/wp-json\/wp\/v2\/product_tag?post=56425"}],"curies":[{"name":"wp","href":"https:\/\/api.w.org\/{rel}","templated":true}]}}