{"id":56416,"date":"2024-11-14T15:31:37","date_gmt":"2024-11-14T13:31:37","guid":{"rendered":"https:\/\/bramasole.ee\/?post_type=product&#038;p=56416"},"modified":"2024-11-14T16:32:22","modified_gmt":"2024-11-14T14:32:22","slug":"pasta-tagliatelle-kakaoga-250-gr","status":"publish","type":"product","link":"https:\/\/bramasole.ee\/en\/Toode\/pasta-tagliatelle-kakaoga-250-gr\/","title":{"rendered":"Pasta Tagliatelle kakaoga 250 gr."},"content":{"rendered":"<h3>Pasta Tagliatelle kakaoga 250 gr.<\/h3>\n<p>See pasta on imeline, proovi sellist retsepti:<\/p>\n<h3><span style=\"color: #800080;\"><strong>Kakaopasta Gorgonzola ja kreekap\u00e4hkliga<\/strong><\/span><\/h3>\n<p>Keeda pastat pakil m\u00e4rgitud aja, kui aeg t\u00e4is, t\u00f5sta tangidega teise kastrulli ( \u00e4ra kurna ), lisa oliivi\u00f5li, sega rahulikult. Kui vaja lisa natuke keeduvett. Lisa Gorgonzola sinihalltusjuustu t\u00fckke. Sega \u00f5rnalt. Serveeri ja raputa peale hakitud kreekap\u00e4hkleid ja nirista peale vedelat mett.<\/p>\n<p>See on lihtsalt imeline \ud83d\ude42<\/p>\n<p>Proovi kindlasti ka meie teisi maitsvaid tooteid. Meie gurmeetooted on maitsvad ja kvaliteetsed!<\/p>\n","protected":false},"excerpt":{"rendered":"<p>Pasta otse Itaaliast, Piemonte s\u00fcdamest. Tee endale maitsev pasta kerge vaevaga.<\/p>\n","protected":false},"featured_media":56428,"comment_status":"open","ping_status":"closed","template":"","meta":[],"product_brand":[],"product_cat":[298,304],"product_tag":[457,461,587,586,585],"class_list":{"0":"post-56416","1":"product","2":"type-product","3":"status-publish","4":"has-post-thumbnail","6":"product_cat-gurmeetooted","7":"product_cat-pasta-ja-riis","8":"product_tag-gurmeetoode","9":"product_tag-itaalia-maitsed","10":"product_tag-kakao","11":"product_tag-munapasta","12":"product_tag-pasta","13":"description-off","15":"first","16":"instock","17":"taxable","18":"shipping-taxable","19":"purchasable","20":"product-type-simple"},"yoast_head":"<!-- This site is optimized with the Yoast SEO Premium plugin v23.0 (Yoast SEO v25.3.1) - https:\/\/yoast.com\/wordpress\/plugins\/seo\/ -->\n<title>Pasta Tagliatelle kakaoga 250 gr.<\/title>\n<meta name=\"description\" content=\"Pasta Itaaliast. Kakaopasa, imelised Itaalia maitsed. V\u00f5i hoopis kingitus? Gurmeetooted otse Itaaliast! House of Bramasole veinipood\" \/>\n<meta name=\"robots\" content=\"index, follow, max-snippet:-1, max-image-preview:large, max-video-preview:-1\" \/>\n<link rel=\"canonical\" href=\"https:\/\/bramasole.ee\/en\/Toode\/pasta-tagliatelle-kakaoga-250-gr\/\" \/>\n<meta property=\"og:locale\" content=\"en_US\" \/>\n<meta property=\"og:type\" content=\"article\" \/>\n<meta property=\"og:title\" content=\"Pasta Tagliatelle kakaoga 250 gr.\" \/>\n<meta property=\"og:description\" content=\"Pasta Itaaliast. Kakaopasa, imelised Itaalia maitsed. V\u00f5i hoopis kingitus? Gurmeetooted otse Itaaliast! House of Bramasole veinipood\" \/>\n<meta property=\"og:url\" content=\"https:\/\/bramasole.ee\/en\/Toode\/pasta-tagliatelle-kakaoga-250-gr\/\" \/>\n<meta property=\"og:site_name\" content=\"Bramasole\" \/>\n<meta property=\"article:publisher\" content=\"https:\/\/www.facebook.com\/houseofbramasole\" \/>\n<meta property=\"article:modified_time\" content=\"2024-11-14T14:32:22+00:00\" \/>\n<meta property=\"og:image\" content=\"https:\/\/bramasole.ee\/wp-content\/uploads\/2024\/11\/EC507887-F7DE-4807-A646-DF27E853EE4B_1_105_c.jpeg\" \/>\n\t<meta property=\"og:image:width\" content=\"768\" \/>\n\t<meta property=\"og:image:height\" content=\"1024\" \/>\n\t<meta property=\"og:image:type\" content=\"image\/jpeg\" \/>\n<meta name=\"twitter:card\" content=\"summary_large_image\" \/>\n<meta name=\"twitter:label1\" content=\"Price\" \/>\n\t<meta name=\"twitter:data1\" content=\"&euro;5.60\" \/>\n\t<meta name=\"twitter:label2\" content=\"Availability\" \/>\n\t<meta name=\"twitter:data2\" content=\"In stock\" \/>\n<script type=\"application\/ld+json\" class=\"yoast-schema-graph\">{\"@context\":\"https:\/\/schema.org\",\"@graph\":[{\"@type\":\"WebPage\",\"@id\":\"https:\/\/bramasole.ee\/en\/Toode\/pasta-tagliatelle-kakaoga-250-gr\/\",\"url\":\"https:\/\/bramasole.ee\/en\/Toode\/pasta-tagliatelle-kakaoga-250-gr\/\",\"name\":\"Pasta Tagliatelle kakaoga 250 gr.\",\"isPartOf\":{\"@id\":\"https:\/\/bramasole.ee\/en\/#website\"},\"primaryImageOfPage\":{\"@id\":\"https:\/\/bramasole.ee\/en\/Toode\/pasta-tagliatelle-kakaoga-250-gr\/#primaryimage\"},\"image\":{\"@id\":\"https:\/\/bramasole.ee\/en\/Toode\/pasta-tagliatelle-kakaoga-250-gr\/#primaryimage\"},\"thumbnailUrl\":\"https:\/\/bramasole.ee\/wp-content\/uploads\/2024\/11\/EC507887-F7DE-4807-A646-DF27E853EE4B_1_105_c.jpeg\",\"datePublished\":\"2024-11-14T13:31:37+00:00\",\"dateModified\":\"2024-11-14T14:32:22+00:00\",\"description\":\"Pasta Itaaliast. Kakaopasa, imelised Itaalia maitsed. V\u00f5i hoopis kingitus? Gurmeetooted otse Itaaliast! House of Bramasole veinipood\",\"breadcrumb\":{\"@id\":\"https:\/\/bramasole.ee\/en\/Toode\/pasta-tagliatelle-kakaoga-250-gr\/#breadcrumb\"},\"inLanguage\":\"en-US\",\"potentialAction\":[{\"@type\":\"ReadAction\",\"target\":[\"https:\/\/bramasole.ee\/en\/Toode\/pasta-tagliatelle-kakaoga-250-gr\/\"]}]},{\"@type\":\"ImageObject\",\"inLanguage\":\"en-US\",\"@id\":\"https:\/\/bramasole.ee\/en\/Toode\/pasta-tagliatelle-kakaoga-250-gr\/#primaryimage\",\"url\":\"https:\/\/bramasole.ee\/wp-content\/uploads\/2024\/11\/EC507887-F7DE-4807-A646-DF27E853EE4B_1_105_c.jpeg\",\"contentUrl\":\"https:\/\/bramasole.ee\/wp-content\/uploads\/2024\/11\/EC507887-F7DE-4807-A646-DF27E853EE4B_1_105_c.jpeg\",\"width\":768,\"height\":1024,\"caption\":\"Kakaopasta - House of Bramasole\"},{\"@type\":\"BreadcrumbList\",\"@id\":\"https:\/\/bramasole.ee\/en\/Toode\/pasta-tagliatelle-kakaoga-250-gr\/#breadcrumb\",\"itemListElement\":[{\"@type\":\"ListItem\",\"position\":1,\"name\":\"Home\",\"item\":\"https:\/\/bramasole.ee\/en\/\"},{\"@type\":\"ListItem\",\"position\":2,\"name\":\"VEINIPOOD\",\"item\":\"https:\/\/bramasole.ee\/veinipood\/\"},{\"@type\":\"ListItem\",\"position\":3,\"name\":\"Pasta Tagliatelle kakaoga 250 gr.\"}]},{\"@type\":\"WebSite\",\"@id\":\"https:\/\/bramasole.ee\/en\/#website\",\"url\":\"https:\/\/bramasole.ee\/en\/\",\"name\":\"Bramasole\",\"description\":\"Bramasole veinipood - ainult hea vein!\",\"publisher\":{\"@id\":\"https:\/\/bramasole.ee\/en\/#organization\"},\"alternateName\":\"Bramasole veinid\",\"potentialAction\":[{\"@type\":\"SearchAction\",\"target\":{\"@type\":\"EntryPoint\",\"urlTemplate\":\"https:\/\/bramasole.ee\/en\/?s={search_term_string}\"},\"query-input\":{\"@type\":\"PropertyValueSpecification\",\"valueRequired\":true,\"valueName\":\"search_term_string\"}}],\"inLanguage\":\"en-US\"},{\"@type\":\"Organization\",\"@id\":\"https:\/\/bramasole.ee\/en\/#organization\",\"name\":\"Bramasole\",\"url\":\"https:\/\/bramasole.ee\/en\/\",\"logo\":{\"@type\":\"ImageObject\",\"inLanguage\":\"en-US\",\"@id\":\"https:\/\/bramasole.ee\/en\/#\/schema\/logo\/image\/\",\"url\":\"https:\/\/bramasole.ee\/wp-content\/uploads\/2023\/04\/House_of_bramasole_logo.png\",\"contentUrl\":\"https:\/\/bramasole.ee\/wp-content\/uploads\/2023\/04\/House_of_bramasole_logo.png\",\"width\":1031,\"height\":257,\"caption\":\"Bramasole\"},\"image\":{\"@id\":\"https:\/\/bramasole.ee\/en\/#\/schema\/logo\/image\/\"},\"sameAs\":[\"https:\/\/www.facebook.com\/houseofbramasole\",\"https:\/\/www.instagram.com\/houseofbramasole\/\"]}]}<\/script>\n<meta property=\"product:price:amount\" content=\"5.60\" \/>\n<meta property=\"product:price:currency\" content=\"EUR\" \/>\n<meta property=\"og:availability\" content=\"instock\" \/>\n<meta property=\"product:availability\" content=\"instock\" \/>\n<meta property=\"product:retailer_item_id\" content=\"3545\" \/>\n<meta property=\"product:condition\" content=\"new\" \/>\n<!-- \/ Yoast SEO Premium plugin. -->","yoast_head_json":{"title":"Pasta Tagliatelle kakaoga 250 gr.","description":"Pasta Itaaliast. Kakaopasa, imelised Itaalia maitsed. V\u00f5i hoopis kingitus? Gurmeetooted otse Itaaliast! House of Bramasole veinipood","robots":{"index":"index","follow":"follow","max-snippet":"max-snippet:-1","max-image-preview":"max-image-preview:large","max-video-preview":"max-video-preview:-1"},"canonical":"https:\/\/bramasole.ee\/en\/Toode\/pasta-tagliatelle-kakaoga-250-gr\/","og_locale":"en_US","og_type":"article","og_title":"Pasta Tagliatelle kakaoga 250 gr.","og_description":"Pasta Itaaliast. Kakaopasa, imelised Itaalia maitsed. V\u00f5i hoopis kingitus? Gurmeetooted otse Itaaliast! House of Bramasole veinipood","og_url":"https:\/\/bramasole.ee\/en\/Toode\/pasta-tagliatelle-kakaoga-250-gr\/","og_site_name":"Bramasole","article_publisher":"https:\/\/www.facebook.com\/houseofbramasole","article_modified_time":"2024-11-14T14:32:22+00:00","og_image":[{"width":768,"height":1024,"url":"https:\/\/bramasole.ee\/wp-content\/uploads\/2024\/11\/EC507887-F7DE-4807-A646-DF27E853EE4B_1_105_c.jpeg","type":"image\/jpeg"}],"twitter_card":"summary_large_image","twitter_misc":{"Price":"&euro;5.60","Availability":"In stock"},"schema":{"@context":"https:\/\/schema.org","@graph":[{"@type":"WebPage","@id":"https:\/\/bramasole.ee\/en\/Toode\/pasta-tagliatelle-kakaoga-250-gr\/","url":"https:\/\/bramasole.ee\/en\/Toode\/pasta-tagliatelle-kakaoga-250-gr\/","name":"Pasta Tagliatelle kakaoga 250 gr.","isPartOf":{"@id":"https:\/\/bramasole.ee\/en\/#website"},"primaryImageOfPage":{"@id":"https:\/\/bramasole.ee\/en\/Toode\/pasta-tagliatelle-kakaoga-250-gr\/#primaryimage"},"image":{"@id":"https:\/\/bramasole.ee\/en\/Toode\/pasta-tagliatelle-kakaoga-250-gr\/#primaryimage"},"thumbnailUrl":"https:\/\/bramasole.ee\/wp-content\/uploads\/2024\/11\/EC507887-F7DE-4807-A646-DF27E853EE4B_1_105_c.jpeg","datePublished":"2024-11-14T13:31:37+00:00","dateModified":"2024-11-14T14:32:22+00:00","description":"Pasta Itaaliast. Kakaopasa, imelised Itaalia maitsed. V\u00f5i hoopis kingitus? Gurmeetooted otse Itaaliast! House of Bramasole veinipood","breadcrumb":{"@id":"https:\/\/bramasole.ee\/en\/Toode\/pasta-tagliatelle-kakaoga-250-gr\/#breadcrumb"},"inLanguage":"en-US","potentialAction":[{"@type":"ReadAction","target":["https:\/\/bramasole.ee\/en\/Toode\/pasta-tagliatelle-kakaoga-250-gr\/"]}]},{"@type":"ImageObject","inLanguage":"en-US","@id":"https:\/\/bramasole.ee\/en\/Toode\/pasta-tagliatelle-kakaoga-250-gr\/#primaryimage","url":"https:\/\/bramasole.ee\/wp-content\/uploads\/2024\/11\/EC507887-F7DE-4807-A646-DF27E853EE4B_1_105_c.jpeg","contentUrl":"https:\/\/bramasole.ee\/wp-content\/uploads\/2024\/11\/EC507887-F7DE-4807-A646-DF27E853EE4B_1_105_c.jpeg","width":768,"height":1024,"caption":"Kakaopasta - House of Bramasole"},{"@type":"BreadcrumbList","@id":"https:\/\/bramasole.ee\/en\/Toode\/pasta-tagliatelle-kakaoga-250-gr\/#breadcrumb","itemListElement":[{"@type":"ListItem","position":1,"name":"Home","item":"https:\/\/bramasole.ee\/en\/"},{"@type":"ListItem","position":2,"name":"VEINIPOOD","item":"https:\/\/bramasole.ee\/veinipood\/"},{"@type":"ListItem","position":3,"name":"Pasta Tagliatelle kakaoga 250 gr."}]},{"@type":"WebSite","@id":"https:\/\/bramasole.ee\/en\/#website","url":"https:\/\/bramasole.ee\/en\/","name":"Bramasole","description":"Bramasole veinipood - ainult hea vein!","publisher":{"@id":"https:\/\/bramasole.ee\/en\/#organization"},"alternateName":"Bramasole veinid","potentialAction":[{"@type":"SearchAction","target":{"@type":"EntryPoint","urlTemplate":"https:\/\/bramasole.ee\/en\/?s={search_term_string}"},"query-input":{"@type":"PropertyValueSpecification","valueRequired":true,"valueName":"search_term_string"}}],"inLanguage":"en-US"},{"@type":"Organization","@id":"https:\/\/bramasole.ee\/en\/#organization","name":"Bramasole","url":"https:\/\/bramasole.ee\/en\/","logo":{"@type":"ImageObject","inLanguage":"en-US","@id":"https:\/\/bramasole.ee\/en\/#\/schema\/logo\/image\/","url":"https:\/\/bramasole.ee\/wp-content\/uploads\/2023\/04\/House_of_bramasole_logo.png","contentUrl":"https:\/\/bramasole.ee\/wp-content\/uploads\/2023\/04\/House_of_bramasole_logo.png","width":1031,"height":257,"caption":"Bramasole"},"image":{"@id":"https:\/\/bramasole.ee\/en\/#\/schema\/logo\/image\/"},"sameAs":["https:\/\/www.facebook.com\/houseofbramasole","https:\/\/www.instagram.com\/houseofbramasole\/"]}]},"product_price_amount":"5.60","product_price_currency":"EUR","og_availability":"instock","product_availability":"instock","product_retailer_item_id":"3545","product_condition":"new"},"_links":{"self":[{"href":"https:\/\/bramasole.ee\/en\/wp-json\/wp\/v2\/product\/56416","targetHints":{"allow":["GET"]}}],"collection":[{"href":"https:\/\/bramasole.ee\/en\/wp-json\/wp\/v2\/product"}],"about":[{"href":"https:\/\/bramasole.ee\/en\/wp-json\/wp\/v2\/types\/product"}],"replies":[{"embeddable":true,"href":"https:\/\/bramasole.ee\/en\/wp-json\/wp\/v2\/comments?post=56416"}],"wp:featuredmedia":[{"embeddable":true,"href":"https:\/\/bramasole.ee\/en\/wp-json\/wp\/v2\/media\/56428"}],"wp:attachment":[{"href":"https:\/\/bramasole.ee\/en\/wp-json\/wp\/v2\/media?parent=56416"}],"wp:term":[{"taxonomy":"product_brand","embeddable":true,"href":"https:\/\/bramasole.ee\/en\/wp-json\/wp\/v2\/product_brand?post=56416"},{"taxonomy":"product_cat","embeddable":true,"href":"https:\/\/bramasole.ee\/en\/wp-json\/wp\/v2\/product_cat?post=56416"},{"taxonomy":"product_tag","embeddable":true,"href":"https:\/\/bramasole.ee\/en\/wp-json\/wp\/v2\/product_tag?post=56416"}],"curies":[{"name":"wp","href":"https:\/\/api.w.org\/{rel}","templated":true}]}}