{"id":56410,"date":"2024-11-14T13:18:07","date_gmt":"2024-11-14T11:18:07","guid":{"rendered":"https:\/\/bramasole.ee\/?post_type=product&#038;p=56410"},"modified":"2024-11-14T14:05:04","modified_gmt":"2024-11-14T12:05:04","slug":"pasta-tagliolini-rustici-uovo-munapasta","status":"publish","type":"product","link":"https:\/\/bramasole.ee\/en\/Toode\/pasta-tagliolini-rustici-uovo-munapasta\/","title":{"rendered":"Pasta Tagliolini Rustici Uovo ( munapasta ) 250 gr."},"content":{"rendered":"<h3>Pasta Tagliolini Rustici Uovo ( munapasta ) 250 gr.<\/h3>\n<p>&nbsp;<\/p>\n<p>Koostis:<\/p>\n<p>K\u00f5va nisujahu, muna 23%. See v\u00f5ib sisaldada kala, piima, molluskite, soja ja sinepi j\u00e4lgi.<\/p>\n<p>Proovi kindlasti ka meie teisi maitsvaid tooteid. Meie gurmeetooted on maitsvad ja kvaliteetsed!<\/p>\n","protected":false},"excerpt":{"rendered":"<p>Pasta otse Itaaliast, Piemonte s\u00fcdamest. Tee endale maitsev pasta kerge vaevaga.<\/p>\n","protected":false},"featured_media":56411,"comment_status":"open","ping_status":"closed","template":"","meta":[],"product_brand":[],"product_cat":[298,304],"product_tag":[457,461,586,585],"class_list":{"0":"post-56410","1":"product","2":"type-product","3":"status-publish","4":"has-post-thumbnail","6":"product_cat-gurmeetooted","7":"product_cat-pasta-ja-riis","8":"product_tag-gurmeetoode","9":"product_tag-itaalia-maitsed","10":"product_tag-munapasta","11":"product_tag-pasta","12":"description-off","14":"first","15":"instock","16":"taxable","17":"shipping-taxable","18":"purchasable","19":"product-type-simple"},"yoast_head":"<!-- This site is optimized with the Yoast SEO Premium plugin v23.0 (Yoast SEO v25.3.1) - https:\/\/yoast.com\/wordpress\/plugins\/seo\/ -->\n<title>Pasta Tagliolini Rustici Uovo ( munapasta ) 250 gr.<\/title>\n<meta name=\"description\" content=\"Pasta Itaaliast. T\u00f5eliselt maitsev munapasta. Tee kodus ise suurep\u00e4rane pasta. V\u00f5i hoopis kingitus? Gurmeetooted otse Itaaliast! House of Bramasole veinipood\" \/>\n<meta name=\"robots\" content=\"index, follow, max-snippet:-1, max-image-preview:large, max-video-preview:-1\" \/>\n<link rel=\"canonical\" href=\"https:\/\/bramasole.ee\/en\/Toode\/pasta-tagliolini-rustici-uovo-munapasta\/\" \/>\n<meta property=\"og:locale\" content=\"en_US\" \/>\n<meta property=\"og:type\" content=\"article\" \/>\n<meta property=\"og:title\" content=\"Pasta Tagliolini Rustici Uovo ( munapasta ) 250 gr.\" \/>\n<meta property=\"og:description\" content=\"Pasta Itaaliast. T\u00f5eliselt maitsev munapasta. Tee kodus ise suurep\u00e4rane pasta. V\u00f5i hoopis kingitus? Gurmeetooted otse Itaaliast! House of Bramasole veinipood\" \/>\n<meta property=\"og:url\" content=\"https:\/\/bramasole.ee\/en\/Toode\/pasta-tagliolini-rustici-uovo-munapasta\/\" \/>\n<meta property=\"og:site_name\" content=\"Bramasole\" \/>\n<meta property=\"article:publisher\" content=\"https:\/\/www.facebook.com\/houseofbramasole\" \/>\n<meta property=\"article:modified_time\" content=\"2024-11-14T12:05:04+00:00\" \/>\n<meta property=\"og:image\" content=\"https:\/\/bramasole.ee\/wp-content\/uploads\/2024\/11\/FEF9E1D6-D6F8-4BC3-ADB9-5FC3DEB02172_1_105_c.jpeg\" \/>\n\t<meta property=\"og:image:width\" content=\"768\" \/>\n\t<meta property=\"og:image:height\" content=\"1024\" \/>\n\t<meta property=\"og:image:type\" content=\"image\/jpeg\" \/>\n<meta name=\"twitter:card\" content=\"summary_large_image\" \/>\n<meta name=\"twitter:label1\" content=\"Price\" \/>\n\t<meta name=\"twitter:data1\" content=\"&euro;5.60\" \/>\n\t<meta name=\"twitter:label2\" content=\"Availability\" \/>\n\t<meta name=\"twitter:data2\" content=\"In stock\" \/>\n<script type=\"application\/ld+json\" class=\"yoast-schema-graph\">{\"@context\":\"https:\/\/schema.org\",\"@graph\":[{\"@type\":\"WebPage\",\"@id\":\"https:\/\/bramasole.ee\/en\/Toode\/pasta-tagliolini-rustici-uovo-munapasta\/\",\"url\":\"https:\/\/bramasole.ee\/en\/Toode\/pasta-tagliolini-rustici-uovo-munapasta\/\",\"name\":\"Pasta Tagliolini Rustici Uovo ( munapasta ) 250 gr.\",\"isPartOf\":{\"@id\":\"https:\/\/bramasole.ee\/en\/#website\"},\"primaryImageOfPage\":{\"@id\":\"https:\/\/bramasole.ee\/en\/Toode\/pasta-tagliolini-rustici-uovo-munapasta\/#primaryimage\"},\"image\":{\"@id\":\"https:\/\/bramasole.ee\/en\/Toode\/pasta-tagliolini-rustici-uovo-munapasta\/#primaryimage\"},\"thumbnailUrl\":\"https:\/\/bramasole.ee\/wp-content\/uploads\/2024\/11\/FEF9E1D6-D6F8-4BC3-ADB9-5FC3DEB02172_1_105_c.jpeg\",\"datePublished\":\"2024-11-14T11:18:07+00:00\",\"dateModified\":\"2024-11-14T12:05:04+00:00\",\"description\":\"Pasta Itaaliast. T\u00f5eliselt maitsev munapasta. Tee kodus ise suurep\u00e4rane pasta. V\u00f5i hoopis kingitus? Gurmeetooted otse Itaaliast! House of Bramasole veinipood\",\"breadcrumb\":{\"@id\":\"https:\/\/bramasole.ee\/en\/Toode\/pasta-tagliolini-rustici-uovo-munapasta\/#breadcrumb\"},\"inLanguage\":\"en-US\",\"potentialAction\":[{\"@type\":\"ReadAction\",\"target\":[\"https:\/\/bramasole.ee\/en\/Toode\/pasta-tagliolini-rustici-uovo-munapasta\/\"]}]},{\"@type\":\"ImageObject\",\"inLanguage\":\"en-US\",\"@id\":\"https:\/\/bramasole.ee\/en\/Toode\/pasta-tagliolini-rustici-uovo-munapasta\/#primaryimage\",\"url\":\"https:\/\/bramasole.ee\/wp-content\/uploads\/2024\/11\/FEF9E1D6-D6F8-4BC3-ADB9-5FC3DEB02172_1_105_c.jpeg\",\"contentUrl\":\"https:\/\/bramasole.ee\/wp-content\/uploads\/2024\/11\/FEF9E1D6-D6F8-4BC3-ADB9-5FC3DEB02172_1_105_c.jpeg\",\"width\":768,\"height\":1024,\"caption\":\"Itaalia pasta - house of Bramasole\"},{\"@type\":\"BreadcrumbList\",\"@id\":\"https:\/\/bramasole.ee\/en\/Toode\/pasta-tagliolini-rustici-uovo-munapasta\/#breadcrumb\",\"itemListElement\":[{\"@type\":\"ListItem\",\"position\":1,\"name\":\"Home\",\"item\":\"https:\/\/bramasole.ee\/en\/\"},{\"@type\":\"ListItem\",\"position\":2,\"name\":\"VEINIPOOD\",\"item\":\"https:\/\/bramasole.ee\/veinipood\/\"},{\"@type\":\"ListItem\",\"position\":3,\"name\":\"Pasta Tagliolini Rustici Uovo ( munapasta ) 250 gr.\"}]},{\"@type\":\"WebSite\",\"@id\":\"https:\/\/bramasole.ee\/en\/#website\",\"url\":\"https:\/\/bramasole.ee\/en\/\",\"name\":\"Bramasole\",\"description\":\"Bramasole veinipood - ainult hea vein!\",\"publisher\":{\"@id\":\"https:\/\/bramasole.ee\/en\/#organization\"},\"alternateName\":\"Bramasole veinid\",\"potentialAction\":[{\"@type\":\"SearchAction\",\"target\":{\"@type\":\"EntryPoint\",\"urlTemplate\":\"https:\/\/bramasole.ee\/en\/?s={search_term_string}\"},\"query-input\":{\"@type\":\"PropertyValueSpecification\",\"valueRequired\":true,\"valueName\":\"search_term_string\"}}],\"inLanguage\":\"en-US\"},{\"@type\":\"Organization\",\"@id\":\"https:\/\/bramasole.ee\/en\/#organization\",\"name\":\"Bramasole\",\"url\":\"https:\/\/bramasole.ee\/en\/\",\"logo\":{\"@type\":\"ImageObject\",\"inLanguage\":\"en-US\",\"@id\":\"https:\/\/bramasole.ee\/en\/#\/schema\/logo\/image\/\",\"url\":\"https:\/\/bramasole.ee\/wp-content\/uploads\/2023\/04\/House_of_bramasole_logo.png\",\"contentUrl\":\"https:\/\/bramasole.ee\/wp-content\/uploads\/2023\/04\/House_of_bramasole_logo.png\",\"width\":1031,\"height\":257,\"caption\":\"Bramasole\"},\"image\":{\"@id\":\"https:\/\/bramasole.ee\/en\/#\/schema\/logo\/image\/\"},\"sameAs\":[\"https:\/\/www.facebook.com\/houseofbramasole\",\"https:\/\/www.instagram.com\/houseofbramasole\/\"]}]}<\/script>\n<meta property=\"product:price:amount\" content=\"5.60\" \/>\n<meta property=\"product:price:currency\" content=\"EUR\" \/>\n<meta property=\"og:availability\" content=\"instock\" \/>\n<meta property=\"product:availability\" content=\"instock\" \/>\n<meta property=\"product:retailer_item_id\" content=\"3605\" \/>\n<meta property=\"product:condition\" content=\"new\" \/>\n<!-- \/ Yoast SEO Premium plugin. -->","yoast_head_json":{"title":"Pasta Tagliolini Rustici Uovo ( munapasta ) 250 gr.","description":"Pasta Itaaliast. T\u00f5eliselt maitsev munapasta. Tee kodus ise suurep\u00e4rane pasta. V\u00f5i hoopis kingitus? Gurmeetooted otse Itaaliast! House of Bramasole veinipood","robots":{"index":"index","follow":"follow","max-snippet":"max-snippet:-1","max-image-preview":"max-image-preview:large","max-video-preview":"max-video-preview:-1"},"canonical":"https:\/\/bramasole.ee\/en\/Toode\/pasta-tagliolini-rustici-uovo-munapasta\/","og_locale":"en_US","og_type":"article","og_title":"Pasta Tagliolini Rustici Uovo ( munapasta ) 250 gr.","og_description":"Pasta Itaaliast. T\u00f5eliselt maitsev munapasta. Tee kodus ise suurep\u00e4rane pasta. V\u00f5i hoopis kingitus? Gurmeetooted otse Itaaliast! House of Bramasole veinipood","og_url":"https:\/\/bramasole.ee\/en\/Toode\/pasta-tagliolini-rustici-uovo-munapasta\/","og_site_name":"Bramasole","article_publisher":"https:\/\/www.facebook.com\/houseofbramasole","article_modified_time":"2024-11-14T12:05:04+00:00","og_image":[{"width":768,"height":1024,"url":"https:\/\/bramasole.ee\/wp-content\/uploads\/2024\/11\/FEF9E1D6-D6F8-4BC3-ADB9-5FC3DEB02172_1_105_c.jpeg","type":"image\/jpeg"}],"twitter_card":"summary_large_image","twitter_misc":{"Price":"&euro;5.60","Availability":"In stock"},"schema":{"@context":"https:\/\/schema.org","@graph":[{"@type":"WebPage","@id":"https:\/\/bramasole.ee\/en\/Toode\/pasta-tagliolini-rustici-uovo-munapasta\/","url":"https:\/\/bramasole.ee\/en\/Toode\/pasta-tagliolini-rustici-uovo-munapasta\/","name":"Pasta Tagliolini Rustici Uovo ( munapasta ) 250 gr.","isPartOf":{"@id":"https:\/\/bramasole.ee\/en\/#website"},"primaryImageOfPage":{"@id":"https:\/\/bramasole.ee\/en\/Toode\/pasta-tagliolini-rustici-uovo-munapasta\/#primaryimage"},"image":{"@id":"https:\/\/bramasole.ee\/en\/Toode\/pasta-tagliolini-rustici-uovo-munapasta\/#primaryimage"},"thumbnailUrl":"https:\/\/bramasole.ee\/wp-content\/uploads\/2024\/11\/FEF9E1D6-D6F8-4BC3-ADB9-5FC3DEB02172_1_105_c.jpeg","datePublished":"2024-11-14T11:18:07+00:00","dateModified":"2024-11-14T12:05:04+00:00","description":"Pasta Itaaliast. T\u00f5eliselt maitsev munapasta. Tee kodus ise suurep\u00e4rane pasta. V\u00f5i hoopis kingitus? Gurmeetooted otse Itaaliast! House of Bramasole veinipood","breadcrumb":{"@id":"https:\/\/bramasole.ee\/en\/Toode\/pasta-tagliolini-rustici-uovo-munapasta\/#breadcrumb"},"inLanguage":"en-US","potentialAction":[{"@type":"ReadAction","target":["https:\/\/bramasole.ee\/en\/Toode\/pasta-tagliolini-rustici-uovo-munapasta\/"]}]},{"@type":"ImageObject","inLanguage":"en-US","@id":"https:\/\/bramasole.ee\/en\/Toode\/pasta-tagliolini-rustici-uovo-munapasta\/#primaryimage","url":"https:\/\/bramasole.ee\/wp-content\/uploads\/2024\/11\/FEF9E1D6-D6F8-4BC3-ADB9-5FC3DEB02172_1_105_c.jpeg","contentUrl":"https:\/\/bramasole.ee\/wp-content\/uploads\/2024\/11\/FEF9E1D6-D6F8-4BC3-ADB9-5FC3DEB02172_1_105_c.jpeg","width":768,"height":1024,"caption":"Itaalia pasta - house of Bramasole"},{"@type":"BreadcrumbList","@id":"https:\/\/bramasole.ee\/en\/Toode\/pasta-tagliolini-rustici-uovo-munapasta\/#breadcrumb","itemListElement":[{"@type":"ListItem","position":1,"name":"Home","item":"https:\/\/bramasole.ee\/en\/"},{"@type":"ListItem","position":2,"name":"VEINIPOOD","item":"https:\/\/bramasole.ee\/veinipood\/"},{"@type":"ListItem","position":3,"name":"Pasta Tagliolini Rustici Uovo ( munapasta ) 250 gr."}]},{"@type":"WebSite","@id":"https:\/\/bramasole.ee\/en\/#website","url":"https:\/\/bramasole.ee\/en\/","name":"Bramasole","description":"Bramasole veinipood - ainult hea vein!","publisher":{"@id":"https:\/\/bramasole.ee\/en\/#organization"},"alternateName":"Bramasole veinid","potentialAction":[{"@type":"SearchAction","target":{"@type":"EntryPoint","urlTemplate":"https:\/\/bramasole.ee\/en\/?s={search_term_string}"},"query-input":{"@type":"PropertyValueSpecification","valueRequired":true,"valueName":"search_term_string"}}],"inLanguage":"en-US"},{"@type":"Organization","@id":"https:\/\/bramasole.ee\/en\/#organization","name":"Bramasole","url":"https:\/\/bramasole.ee\/en\/","logo":{"@type":"ImageObject","inLanguage":"en-US","@id":"https:\/\/bramasole.ee\/en\/#\/schema\/logo\/image\/","url":"https:\/\/bramasole.ee\/wp-content\/uploads\/2023\/04\/House_of_bramasole_logo.png","contentUrl":"https:\/\/bramasole.ee\/wp-content\/uploads\/2023\/04\/House_of_bramasole_logo.png","width":1031,"height":257,"caption":"Bramasole"},"image":{"@id":"https:\/\/bramasole.ee\/en\/#\/schema\/logo\/image\/"},"sameAs":["https:\/\/www.facebook.com\/houseofbramasole","https:\/\/www.instagram.com\/houseofbramasole\/"]}]},"product_price_amount":"5.60","product_price_currency":"EUR","og_availability":"instock","product_availability":"instock","product_retailer_item_id":"3605","product_condition":"new"},"_links":{"self":[{"href":"https:\/\/bramasole.ee\/en\/wp-json\/wp\/v2\/product\/56410","targetHints":{"allow":["GET"]}}],"collection":[{"href":"https:\/\/bramasole.ee\/en\/wp-json\/wp\/v2\/product"}],"about":[{"href":"https:\/\/bramasole.ee\/en\/wp-json\/wp\/v2\/types\/product"}],"replies":[{"embeddable":true,"href":"https:\/\/bramasole.ee\/en\/wp-json\/wp\/v2\/comments?post=56410"}],"wp:featuredmedia":[{"embeddable":true,"href":"https:\/\/bramasole.ee\/en\/wp-json\/wp\/v2\/media\/56411"}],"wp:attachment":[{"href":"https:\/\/bramasole.ee\/en\/wp-json\/wp\/v2\/media?parent=56410"}],"wp:term":[{"taxonomy":"product_brand","embeddable":true,"href":"https:\/\/bramasole.ee\/en\/wp-json\/wp\/v2\/product_brand?post=56410"},{"taxonomy":"product_cat","embeddable":true,"href":"https:\/\/bramasole.ee\/en\/wp-json\/wp\/v2\/product_cat?post=56410"},{"taxonomy":"product_tag","embeddable":true,"href":"https:\/\/bramasole.ee\/en\/wp-json\/wp\/v2\/product_tag?post=56410"}],"curies":[{"name":"wp","href":"https:\/\/api.w.org\/{rel}","templated":true}]}}