{"id":56402,"date":"2024-11-14T09:12:06","date_gmt":"2024-11-14T07:12:06","guid":{"rendered":"https:\/\/bramasole.ee\/?post_type=product&#038;p=56402"},"modified":"2024-12-12T11:05:22","modified_gmt":"2024-12-12T09:05:22","slug":"truhvlid-valge-sokolaadiga-200-gr","status":"publish","type":"product","link":"https:\/\/bramasole.ee\/en\/Toode\/truhvlid-valge-sokolaadiga-200-gr\/","title":{"rendered":"Tr\u00fchvlid valge \u0161okolaadiga 200 gr."},"content":{"rendered":"<h3>Tr\u00fchvlid valge \u0161okolaadiga 200 gr.<\/h3>\n<p>T\u00f5eliselt nauditavad \u0161okolaaditr\u00fchvlid.<\/p>\n<p>Koostis:<\/p>\n<p>Valge \u0161okolaad 36% (suhkur, kakaov\u00f5i, piimapulber, emulgaator: p\u00e4evalilleletsitiin, looduslik vanilje maitseaine), sarapuup\u00e4hklid 25%, tuhksuhkur, dekstroos, p\u00e4hkligraanulid (gl\u00fckoosisiirup, suhkur, mesi, sarapuup\u00e4hklid 13%, \u017eelatiin, l\u00f5hna- ja maitseaine ), invertsuhkur. V\u00f5ib sisaldada osakesi p\u00e4hklitest, sojast, munast ja gluteenist.<\/p>\n<p>Proovi kindlasti ka meie teisi maitsvaid tooteid. Meie gurmeetooted on maitsvad ja kvaliteetsed!<\/p>\n","protected":false},"excerpt":{"rendered":"<p>\u0160okolaaditr\u00fchvlid valge \u0161okolaadiga otse Itaaliast, Piemonte s\u00fcdamest. Suurep\u00e4rane kingitus!<\/p>\n","protected":false},"featured_media":56403,"comment_status":"open","ping_status":"closed","template":"","meta":[],"product_brand":[],"product_cat":[298,516],"product_tag":[457,461,518,582,584,583],"class_list":{"0":"post-56402","1":"product","2":"type-product","3":"status-publish","4":"has-post-thumbnail","6":"product_cat-gurmeetooted","7":"product_cat-sokolaad-dessert","8":"product_tag-gurmeetoode","9":"product_tag-itaalia-maitsed","10":"product_tag-sokolaad","11":"product_tag-sokolaadipralinee","12":"product_tag-sokolaaditruhvlid","13":"product_tag-truhvlid","14":"description-off","16":"first","17":"instock","18":"taxable","19":"shipping-taxable","20":"purchasable","21":"product-type-simple"},"yoast_head":"<!-- This site is optimized with the Yoast SEO Premium plugin v23.0 (Yoast SEO v25.3.1) - https:\/\/yoast.com\/wordpress\/plugins\/seo\/ -->\n<title>Tr\u00fchvlid valge \u0161okolaadiga 200 gr. - House of Bramasole<\/title>\n<meta name=\"description\" content=\"Tr\u00fchvlid valge \u0161okolaadiga. \u0160okolaaditr\u00fchvlid t\u00f5elisele gurmaanile. Naudi ise v\u00f5i kingi s\u00f5brale v\u00f5i kallimale. Gurmeetooted otse Itaaliast!\" \/>\n<meta name=\"robots\" content=\"index, follow, max-snippet:-1, max-image-preview:large, max-video-preview:-1\" \/>\n<link rel=\"canonical\" href=\"https:\/\/bramasole.ee\/en\/Toode\/truhvlid-valge-sokolaadiga-200-gr\/\" \/>\n<meta property=\"og:locale\" content=\"en_US\" \/>\n<meta property=\"og:type\" content=\"article\" \/>\n<meta property=\"og:title\" content=\"Tr\u00fchvlid valge \u0161okolaadiga 200 gr.\" \/>\n<meta property=\"og:description\" content=\"Tr\u00fchvlid valge \u0161okolaadiga. \u0160okolaaditr\u00fchvlid t\u00f5elisele gurmaanile. Naudi ise v\u00f5i kingi s\u00f5brale v\u00f5i kallimale. Gurmeetooted otse Itaaliast!\" \/>\n<meta property=\"og:url\" content=\"https:\/\/bramasole.ee\/en\/Toode\/truhvlid-valge-sokolaadiga-200-gr\/\" \/>\n<meta property=\"og:site_name\" content=\"Bramasole\" \/>\n<meta property=\"article:publisher\" content=\"https:\/\/www.facebook.com\/houseofbramasole\" \/>\n<meta property=\"article:modified_time\" content=\"2024-12-12T09:05:22+00:00\" \/>\n<meta property=\"og:image\" content=\"https:\/\/bramasole.ee\/wp-content\/uploads\/2024\/11\/B6897A89-D705-4702-89DA-16A533F7C093_1_105_c.jpeg\" \/>\n\t<meta property=\"og:image:width\" content=\"768\" \/>\n\t<meta property=\"og:image:height\" content=\"1024\" \/>\n\t<meta property=\"og:image:type\" content=\"image\/jpeg\" \/>\n<meta name=\"twitter:card\" content=\"summary_large_image\" \/>\n<meta name=\"twitter:label1\" content=\"Price\" \/>\n\t<meta name=\"twitter:data1\" content=\"&euro;11.50\" \/>\n\t<meta name=\"twitter:label2\" content=\"Availability\" \/>\n\t<meta name=\"twitter:data2\" content=\"In stock\" \/>\n<script type=\"application\/ld+json\" class=\"yoast-schema-graph\">{\"@context\":\"https:\/\/schema.org\",\"@graph\":[{\"@type\":\"WebPage\",\"@id\":\"https:\/\/bramasole.ee\/en\/Toode\/truhvlid-valge-sokolaadiga-200-gr\/\",\"url\":\"https:\/\/bramasole.ee\/en\/Toode\/truhvlid-valge-sokolaadiga-200-gr\/\",\"name\":\"Tr\u00fchvlid valge \u0161okolaadiga 200 gr. - House of Bramasole\",\"isPartOf\":{\"@id\":\"https:\/\/bramasole.ee\/en\/#website\"},\"primaryImageOfPage\":{\"@id\":\"https:\/\/bramasole.ee\/en\/Toode\/truhvlid-valge-sokolaadiga-200-gr\/#primaryimage\"},\"image\":{\"@id\":\"https:\/\/bramasole.ee\/en\/Toode\/truhvlid-valge-sokolaadiga-200-gr\/#primaryimage\"},\"thumbnailUrl\":\"https:\/\/bramasole.ee\/wp-content\/uploads\/2024\/11\/B6897A89-D705-4702-89DA-16A533F7C093_1_105_c.jpeg\",\"datePublished\":\"2024-11-14T07:12:06+00:00\",\"dateModified\":\"2024-12-12T09:05:22+00:00\",\"description\":\"Tr\u00fchvlid valge \u0161okolaadiga. \u0160okolaaditr\u00fchvlid t\u00f5elisele gurmaanile. Naudi ise v\u00f5i kingi s\u00f5brale v\u00f5i kallimale. Gurmeetooted otse Itaaliast!\",\"breadcrumb\":{\"@id\":\"https:\/\/bramasole.ee\/en\/Toode\/truhvlid-valge-sokolaadiga-200-gr\/#breadcrumb\"},\"inLanguage\":\"en-US\",\"potentialAction\":[{\"@type\":\"ReadAction\",\"target\":[\"https:\/\/bramasole.ee\/en\/Toode\/truhvlid-valge-sokolaadiga-200-gr\/\"]}]},{\"@type\":\"ImageObject\",\"inLanguage\":\"en-US\",\"@id\":\"https:\/\/bramasole.ee\/en\/Toode\/truhvlid-valge-sokolaadiga-200-gr\/#primaryimage\",\"url\":\"https:\/\/bramasole.ee\/wp-content\/uploads\/2024\/11\/B6897A89-D705-4702-89DA-16A533F7C093_1_105_c.jpeg\",\"contentUrl\":\"https:\/\/bramasole.ee\/wp-content\/uploads\/2024\/11\/B6897A89-D705-4702-89DA-16A533F7C093_1_105_c.jpeg\",\"width\":768,\"height\":1024,\"caption\":\"\u0160okolaaditr\u00fchvlid valge \u0161okolaadiga\"},{\"@type\":\"BreadcrumbList\",\"@id\":\"https:\/\/bramasole.ee\/en\/Toode\/truhvlid-valge-sokolaadiga-200-gr\/#breadcrumb\",\"itemListElement\":[{\"@type\":\"ListItem\",\"position\":1,\"name\":\"Home\",\"item\":\"https:\/\/bramasole.ee\/en\/\"},{\"@type\":\"ListItem\",\"position\":2,\"name\":\"VEINIPOOD\",\"item\":\"https:\/\/bramasole.ee\/veinipood\/\"},{\"@type\":\"ListItem\",\"position\":3,\"name\":\"Tr\u00fchvlid valge \u0161okolaadiga 200 gr.\"}]},{\"@type\":\"WebSite\",\"@id\":\"https:\/\/bramasole.ee\/en\/#website\",\"url\":\"https:\/\/bramasole.ee\/en\/\",\"name\":\"Bramasole\",\"description\":\"Bramasole veinipood - ainult hea vein!\",\"publisher\":{\"@id\":\"https:\/\/bramasole.ee\/en\/#organization\"},\"alternateName\":\"Bramasole veinid\",\"potentialAction\":[{\"@type\":\"SearchAction\",\"target\":{\"@type\":\"EntryPoint\",\"urlTemplate\":\"https:\/\/bramasole.ee\/en\/?s={search_term_string}\"},\"query-input\":{\"@type\":\"PropertyValueSpecification\",\"valueRequired\":true,\"valueName\":\"search_term_string\"}}],\"inLanguage\":\"en-US\"},{\"@type\":\"Organization\",\"@id\":\"https:\/\/bramasole.ee\/en\/#organization\",\"name\":\"Bramasole\",\"url\":\"https:\/\/bramasole.ee\/en\/\",\"logo\":{\"@type\":\"ImageObject\",\"inLanguage\":\"en-US\",\"@id\":\"https:\/\/bramasole.ee\/en\/#\/schema\/logo\/image\/\",\"url\":\"https:\/\/bramasole.ee\/wp-content\/uploads\/2023\/04\/House_of_bramasole_logo.png\",\"contentUrl\":\"https:\/\/bramasole.ee\/wp-content\/uploads\/2023\/04\/House_of_bramasole_logo.png\",\"width\":1031,\"height\":257,\"caption\":\"Bramasole\"},\"image\":{\"@id\":\"https:\/\/bramasole.ee\/en\/#\/schema\/logo\/image\/\"},\"sameAs\":[\"https:\/\/www.facebook.com\/houseofbramasole\",\"https:\/\/www.instagram.com\/houseofbramasole\/\"]}]}<\/script>\n<meta property=\"product:price:amount\" content=\"11.50\" \/>\n<meta property=\"product:price:currency\" content=\"EUR\" \/>\n<meta property=\"og:availability\" content=\"instock\" \/>\n<meta property=\"product:availability\" content=\"instock\" \/>\n<meta property=\"product:retailer_item_id\" content=\"32\" \/>\n<meta property=\"product:condition\" content=\"new\" \/>\n<!-- \/ Yoast SEO Premium plugin. -->","yoast_head_json":{"title":"Tr\u00fchvlid valge \u0161okolaadiga 200 gr. - House of Bramasole","description":"Tr\u00fchvlid valge \u0161okolaadiga. \u0160okolaaditr\u00fchvlid t\u00f5elisele gurmaanile. Naudi ise v\u00f5i kingi s\u00f5brale v\u00f5i kallimale. Gurmeetooted otse Itaaliast!","robots":{"index":"index","follow":"follow","max-snippet":"max-snippet:-1","max-image-preview":"max-image-preview:large","max-video-preview":"max-video-preview:-1"},"canonical":"https:\/\/bramasole.ee\/en\/Toode\/truhvlid-valge-sokolaadiga-200-gr\/","og_locale":"en_US","og_type":"article","og_title":"Tr\u00fchvlid valge \u0161okolaadiga 200 gr.","og_description":"Tr\u00fchvlid valge \u0161okolaadiga. \u0160okolaaditr\u00fchvlid t\u00f5elisele gurmaanile. Naudi ise v\u00f5i kingi s\u00f5brale v\u00f5i kallimale. Gurmeetooted otse Itaaliast!","og_url":"https:\/\/bramasole.ee\/en\/Toode\/truhvlid-valge-sokolaadiga-200-gr\/","og_site_name":"Bramasole","article_publisher":"https:\/\/www.facebook.com\/houseofbramasole","article_modified_time":"2024-12-12T09:05:22+00:00","og_image":[{"width":768,"height":1024,"url":"https:\/\/bramasole.ee\/wp-content\/uploads\/2024\/11\/B6897A89-D705-4702-89DA-16A533F7C093_1_105_c.jpeg","type":"image\/jpeg"}],"twitter_card":"summary_large_image","twitter_misc":{"Price":"&euro;11.50","Availability":"In stock"},"schema":{"@context":"https:\/\/schema.org","@graph":[{"@type":"WebPage","@id":"https:\/\/bramasole.ee\/en\/Toode\/truhvlid-valge-sokolaadiga-200-gr\/","url":"https:\/\/bramasole.ee\/en\/Toode\/truhvlid-valge-sokolaadiga-200-gr\/","name":"Tr\u00fchvlid valge \u0161okolaadiga 200 gr. - House of Bramasole","isPartOf":{"@id":"https:\/\/bramasole.ee\/en\/#website"},"primaryImageOfPage":{"@id":"https:\/\/bramasole.ee\/en\/Toode\/truhvlid-valge-sokolaadiga-200-gr\/#primaryimage"},"image":{"@id":"https:\/\/bramasole.ee\/en\/Toode\/truhvlid-valge-sokolaadiga-200-gr\/#primaryimage"},"thumbnailUrl":"https:\/\/bramasole.ee\/wp-content\/uploads\/2024\/11\/B6897A89-D705-4702-89DA-16A533F7C093_1_105_c.jpeg","datePublished":"2024-11-14T07:12:06+00:00","dateModified":"2024-12-12T09:05:22+00:00","description":"Tr\u00fchvlid valge \u0161okolaadiga. \u0160okolaaditr\u00fchvlid t\u00f5elisele gurmaanile. Naudi ise v\u00f5i kingi s\u00f5brale v\u00f5i kallimale. Gurmeetooted otse Itaaliast!","breadcrumb":{"@id":"https:\/\/bramasole.ee\/en\/Toode\/truhvlid-valge-sokolaadiga-200-gr\/#breadcrumb"},"inLanguage":"en-US","potentialAction":[{"@type":"ReadAction","target":["https:\/\/bramasole.ee\/en\/Toode\/truhvlid-valge-sokolaadiga-200-gr\/"]}]},{"@type":"ImageObject","inLanguage":"en-US","@id":"https:\/\/bramasole.ee\/en\/Toode\/truhvlid-valge-sokolaadiga-200-gr\/#primaryimage","url":"https:\/\/bramasole.ee\/wp-content\/uploads\/2024\/11\/B6897A89-D705-4702-89DA-16A533F7C093_1_105_c.jpeg","contentUrl":"https:\/\/bramasole.ee\/wp-content\/uploads\/2024\/11\/B6897A89-D705-4702-89DA-16A533F7C093_1_105_c.jpeg","width":768,"height":1024,"caption":"\u0160okolaaditr\u00fchvlid valge \u0161okolaadiga"},{"@type":"BreadcrumbList","@id":"https:\/\/bramasole.ee\/en\/Toode\/truhvlid-valge-sokolaadiga-200-gr\/#breadcrumb","itemListElement":[{"@type":"ListItem","position":1,"name":"Home","item":"https:\/\/bramasole.ee\/en\/"},{"@type":"ListItem","position":2,"name":"VEINIPOOD","item":"https:\/\/bramasole.ee\/veinipood\/"},{"@type":"ListItem","position":3,"name":"Tr\u00fchvlid valge \u0161okolaadiga 200 gr."}]},{"@type":"WebSite","@id":"https:\/\/bramasole.ee\/en\/#website","url":"https:\/\/bramasole.ee\/en\/","name":"Bramasole","description":"Bramasole veinipood - ainult hea vein!","publisher":{"@id":"https:\/\/bramasole.ee\/en\/#organization"},"alternateName":"Bramasole veinid","potentialAction":[{"@type":"SearchAction","target":{"@type":"EntryPoint","urlTemplate":"https:\/\/bramasole.ee\/en\/?s={search_term_string}"},"query-input":{"@type":"PropertyValueSpecification","valueRequired":true,"valueName":"search_term_string"}}],"inLanguage":"en-US"},{"@type":"Organization","@id":"https:\/\/bramasole.ee\/en\/#organization","name":"Bramasole","url":"https:\/\/bramasole.ee\/en\/","logo":{"@type":"ImageObject","inLanguage":"en-US","@id":"https:\/\/bramasole.ee\/en\/#\/schema\/logo\/image\/","url":"https:\/\/bramasole.ee\/wp-content\/uploads\/2023\/04\/House_of_bramasole_logo.png","contentUrl":"https:\/\/bramasole.ee\/wp-content\/uploads\/2023\/04\/House_of_bramasole_logo.png","width":1031,"height":257,"caption":"Bramasole"},"image":{"@id":"https:\/\/bramasole.ee\/en\/#\/schema\/logo\/image\/"},"sameAs":["https:\/\/www.facebook.com\/houseofbramasole","https:\/\/www.instagram.com\/houseofbramasole\/"]}]},"product_price_amount":"11.50","product_price_currency":"EUR","og_availability":"instock","product_availability":"instock","product_retailer_item_id":"32","product_condition":"new"},"_links":{"self":[{"href":"https:\/\/bramasole.ee\/en\/wp-json\/wp\/v2\/product\/56402","targetHints":{"allow":["GET"]}}],"collection":[{"href":"https:\/\/bramasole.ee\/en\/wp-json\/wp\/v2\/product"}],"about":[{"href":"https:\/\/bramasole.ee\/en\/wp-json\/wp\/v2\/types\/product"}],"replies":[{"embeddable":true,"href":"https:\/\/bramasole.ee\/en\/wp-json\/wp\/v2\/comments?post=56402"}],"wp:featuredmedia":[{"embeddable":true,"href":"https:\/\/bramasole.ee\/en\/wp-json\/wp\/v2\/media\/56403"}],"wp:attachment":[{"href":"https:\/\/bramasole.ee\/en\/wp-json\/wp\/v2\/media?parent=56402"}],"wp:term":[{"taxonomy":"product_brand","embeddable":true,"href":"https:\/\/bramasole.ee\/en\/wp-json\/wp\/v2\/product_brand?post=56402"},{"taxonomy":"product_cat","embeddable":true,"href":"https:\/\/bramasole.ee\/en\/wp-json\/wp\/v2\/product_cat?post=56402"},{"taxonomy":"product_tag","embeddable":true,"href":"https:\/\/bramasole.ee\/en\/wp-json\/wp\/v2\/product_tag?post=56402"}],"curies":[{"name":"wp","href":"https:\/\/api.w.org\/{rel}","templated":true}]}}