{"id":56368,"date":"2024-10-24T13:23:21","date_gmt":"2024-10-24T10:23:21","guid":{"rendered":"https:\/\/bramasole.ee\/?post_type=product&#038;p=56368"},"modified":"2025-02-21T09:15:08","modified_gmt":"2025-02-21T07:15:08","slug":"champagne-michel-laval-degustatsioon","status":"publish","type":"product","link":"https:\/\/bramasole.ee\/en\/Toode\/champagne-michel-laval-degustatsioon\/","title":{"rendered":"Champagne Michel Laval degustatsioon"},"content":{"rendered":"<h3 style=\"text-align: center;\"><span style=\"color: #800080;\">Bramasole veinid tutvustab Champagne Michel Laval veinimaja \u0161ampanjasid.<\/span><\/h3>\n<p dir=\"ltr\">Laval perekonna lugu sai alguse umbes 1870. aastal, kui meie vanavanavanaisa Jules p\u00e4ris 40 aakrit p\u00f5llumaad. Koos oma poja,\u00a0 Julesiga ( h\u00fc\u00fcdnimega Lucien ) , otsustasid nad hakata kasvatama viinamarju. Sellest algas perekonna teekond, mis on n\u00fc\u00fcdseks mitme p\u00f5lvkonna jooksul v\u00e4lja kujunenud silmapaistvaks viinamarjakasvatuseks.<\/p>\n<p dir=\"ltr\">Aastal 1948 tegid meie vanavanemad Roger ja Fabienne (Lucieni t\u00fctar) olulise otsuse, hakates ise \u0161ampanjat tootma. See t\u00e4histas perekonna jaoks s\u00fcmboolset p\u00f6\u00f6rdepunkti \u2013 nad soovisid maitsta oma t\u00f6\u00f6 vilju ja luua midagi t\u00f5eliselt oman\u00e4olist.<\/p>\n<p dir=\"ltr\">Roger ei v\u00e4sinud kunagi Boursault\u2019i piirkonna rikkaliku ja mitmekesise terroiri avastamisest, et luua \u0161ampanjasid, mis kannaksid endas perekonna isikup\u00e4ra ja traditsioone.<\/p>\n<p dir=\"ltr\">1979. aastal v\u00f5ttis Michel, Rogeri ja Fabienne\u2019i poeg, pereettev\u00f5tte juhtimise \u00fcle ning l\u00f5i oma br\u00e4ndi &#8220;Champagne Michel Laval&#8221;. Sellega j\u00e4tkas ta perekonna v\u00e4\u00e4rtuste hoidmist ja edasiviimist, viies samal ajal viinamarjakasvatuse ja p\u00f5lluharimise praktikad uuele tasemele.<\/p>\n<p dir=\"ltr\">T\u00e4na pakume teha tutvust kahe generatsiooni valmistatud \u0161ampanjadega, kus isa ja tema poeg ning t\u00fctar on kasutanud erinevaid viinamarjasegusid ja ka veinistiil on erinev.<\/p>\n<p dir=\"ltr\">Tule ja naudi eksklusiivset Champagne Michel Laval degustatsiooni! Avasta \u0161ampanja peened mullid, tsitruselised noodid ja luksuslik maitse koos maitsvate suupistetega. Broneeri oma koht ja koge t\u00f5elist Prantsuse elegantsi!<\/p>\n<p dir=\"ltr\">Laua saad broneerida: hello@cestlaviecafe.ee<\/p>\n","protected":false},"excerpt":{"rendered":"<h3>Asukoht: C\u2019est La Vie kohvik-restoran, Suur-Karja 5, Tallinn<\/h3>\n<p>Tule ja naudi eksklusiivset Champagne Michel Laval degustatsiooni! Avasta \u0161ampanja peened mullid, tsitruselised noodid ja luksuslik maitse koos maitsvate suupistetega. Broneeri oma koht ja koge t\u00f5elist Prantsuse elegantsi!<\/p>\n<p>&nbsp;<\/p>\n<p>&nbsp;<\/p>\n","protected":false},"featured_media":56358,"comment_status":"open","ping_status":"closed","template":"","meta":[],"product_brand":[],"product_cat":[579,577],"product_tag":[],"class_list":{"0":"post-56368","1":"product","2":"type-product","3":"status-publish","4":"has-post-thumbnail","6":"product_cat-uritused-ja-sundmused","7":"product_cat-veiniohtud","8":"description-off","10":"first","11":"outofstock","12":"downloadable","13":"taxable","14":"shipping-taxable","15":"purchasable","16":"product-type-ticket-event"},"yoast_head":"<!-- This site is optimized with the Yoast SEO Premium plugin v23.0 (Yoast SEO v25.3.1) - https:\/\/yoast.com\/wordpress\/plugins\/seo\/ -->\n<title>Champagne Michel Laval degustatsioon - Bramasole<\/title>\n<meta name=\"description\" content=\"Tule ja naudi eksklusiivset Champagne Michel Laval degustatsiooni! Avasta \u0161ampanja peened mullid, tsitruselised noodid ja luksuslik maitse.\" \/>\n<meta name=\"robots\" content=\"index, follow, max-snippet:-1, max-image-preview:large, max-video-preview:-1\" \/>\n<link rel=\"canonical\" href=\"https:\/\/bramasole.ee\/en\/Toode\/champagne-michel-laval-degustatsioon\/\" \/>\n<meta property=\"og:locale\" content=\"en_US\" \/>\n<meta property=\"og:type\" content=\"article\" \/>\n<meta property=\"og:title\" content=\"Champagne Michel Laval degustatsioon\" \/>\n<meta property=\"og:description\" content=\"Tule ja naudi eksklusiivset Champagne Michel Laval degustatsiooni! Avasta \u0161ampanja peened mullid, tsitruselised noodid ja luksuslik maitse.\" \/>\n<meta property=\"og:url\" content=\"https:\/\/bramasole.ee\/en\/Toode\/champagne-michel-laval-degustatsioon\/\" \/>\n<meta property=\"og:site_name\" content=\"Bramasole\" \/>\n<meta property=\"article:publisher\" content=\"https:\/\/www.facebook.com\/houseofbramasole\" \/>\n<meta property=\"article:modified_time\" content=\"2025-02-21T07:15:08+00:00\" \/>\n<meta property=\"og:image\" content=\"https:\/\/bramasole.ee\/wp-content\/uploads\/2024\/10\/MICHEL-LAVAL-LOGO.jpg\" \/>\n\t<meta property=\"og:image:width\" content=\"656\" \/>\n\t<meta property=\"og:image:height\" content=\"290\" \/>\n\t<meta property=\"og:image:type\" content=\"image\/jpeg\" \/>\n<meta name=\"twitter:card\" content=\"summary_large_image\" \/>\n<meta name=\"twitter:label1\" content=\"Price\" \/>\n\t<meta name=\"twitter:data1\" content=\"&euro;49.00\" \/>\n\t<meta name=\"twitter:label2\" content=\"Availability\" \/>\n\t<meta name=\"twitter:data2\" content=\"Out of stock\" \/>\n<script type=\"application\/ld+json\" class=\"yoast-schema-graph\">{\"@context\":\"https:\/\/schema.org\",\"@graph\":[{\"@type\":\"WebPage\",\"@id\":\"https:\/\/bramasole.ee\/en\/Toode\/champagne-michel-laval-degustatsioon\/\",\"url\":\"https:\/\/bramasole.ee\/en\/Toode\/champagne-michel-laval-degustatsioon\/\",\"name\":\"Champagne Michel Laval degustatsioon - Bramasole\",\"isPartOf\":{\"@id\":\"https:\/\/bramasole.ee\/en\/#website\"},\"primaryImageOfPage\":{\"@id\":\"https:\/\/bramasole.ee\/en\/Toode\/champagne-michel-laval-degustatsioon\/#primaryimage\"},\"image\":{\"@id\":\"https:\/\/bramasole.ee\/en\/Toode\/champagne-michel-laval-degustatsioon\/#primaryimage\"},\"thumbnailUrl\":\"https:\/\/bramasole.ee\/wp-content\/uploads\/2024\/10\/MICHEL-LAVAL-LOGO.jpg\",\"datePublished\":\"2024-10-24T10:23:21+00:00\",\"dateModified\":\"2025-02-21T07:15:08+00:00\",\"description\":\"Tule ja naudi eksklusiivset Champagne Michel Laval degustatsiooni! Avasta \u0161ampanja peened mullid, tsitruselised noodid ja luksuslik maitse.\",\"breadcrumb\":{\"@id\":\"https:\/\/bramasole.ee\/en\/Toode\/champagne-michel-laval-degustatsioon\/#breadcrumb\"},\"inLanguage\":\"en-US\",\"potentialAction\":[{\"@type\":\"ReadAction\",\"target\":[\"https:\/\/bramasole.ee\/en\/Toode\/champagne-michel-laval-degustatsioon\/\"]}]},{\"@type\":\"ImageObject\",\"inLanguage\":\"en-US\",\"@id\":\"https:\/\/bramasole.ee\/en\/Toode\/champagne-michel-laval-degustatsioon\/#primaryimage\",\"url\":\"https:\/\/bramasole.ee\/wp-content\/uploads\/2024\/10\/MICHEL-LAVAL-LOGO.jpg\",\"contentUrl\":\"https:\/\/bramasole.ee\/wp-content\/uploads\/2024\/10\/MICHEL-LAVAL-LOGO.jpg\",\"width\":656,\"height\":290,\"caption\":\"Screenshot\"},{\"@type\":\"BreadcrumbList\",\"@id\":\"https:\/\/bramasole.ee\/en\/Toode\/champagne-michel-laval-degustatsioon\/#breadcrumb\",\"itemListElement\":[{\"@type\":\"ListItem\",\"position\":1,\"name\":\"Home\",\"item\":\"https:\/\/bramasole.ee\/en\/\"},{\"@type\":\"ListItem\",\"position\":2,\"name\":\"VEINIPOOD\",\"item\":\"https:\/\/bramasole.ee\/veinipood\/\"},{\"@type\":\"ListItem\",\"position\":3,\"name\":\"Champagne Michel Laval degustatsioon\"}]},{\"@type\":\"WebSite\",\"@id\":\"https:\/\/bramasole.ee\/en\/#website\",\"url\":\"https:\/\/bramasole.ee\/en\/\",\"name\":\"Bramasole\",\"description\":\"Bramasole veinipood - ainult hea vein!\",\"publisher\":{\"@id\":\"https:\/\/bramasole.ee\/en\/#organization\"},\"alternateName\":\"Bramasole veinid\",\"potentialAction\":[{\"@type\":\"SearchAction\",\"target\":{\"@type\":\"EntryPoint\",\"urlTemplate\":\"https:\/\/bramasole.ee\/en\/?s={search_term_string}\"},\"query-input\":{\"@type\":\"PropertyValueSpecification\",\"valueRequired\":true,\"valueName\":\"search_term_string\"}}],\"inLanguage\":\"en-US\"},{\"@type\":\"Organization\",\"@id\":\"https:\/\/bramasole.ee\/en\/#organization\",\"name\":\"Bramasole\",\"url\":\"https:\/\/bramasole.ee\/en\/\",\"logo\":{\"@type\":\"ImageObject\",\"inLanguage\":\"en-US\",\"@id\":\"https:\/\/bramasole.ee\/en\/#\/schema\/logo\/image\/\",\"url\":\"https:\/\/bramasole.ee\/wp-content\/uploads\/2023\/04\/House_of_bramasole_logo.png\",\"contentUrl\":\"https:\/\/bramasole.ee\/wp-content\/uploads\/2023\/04\/House_of_bramasole_logo.png\",\"width\":1031,\"height\":257,\"caption\":\"Bramasole\"},\"image\":{\"@id\":\"https:\/\/bramasole.ee\/en\/#\/schema\/logo\/image\/\"},\"sameAs\":[\"https:\/\/www.facebook.com\/houseofbramasole\",\"https:\/\/www.instagram.com\/houseofbramasole\/\"]}]}<\/script>\n<meta property=\"product:price:amount\" content=\"49.00\" \/>\n<meta property=\"product:price:currency\" content=\"EUR\" \/>\n<meta property=\"og:availability\" content=\"out of stock\" \/>\n<meta property=\"product:availability\" content=\"out of stock\" \/>\n<meta property=\"product:condition\" content=\"new\" \/>\n<!-- \/ Yoast SEO Premium plugin. -->","yoast_head_json":{"title":"Champagne Michel Laval degustatsioon - Bramasole","description":"Tule ja naudi eksklusiivset Champagne Michel Laval degustatsiooni! Avasta \u0161ampanja peened mullid, tsitruselised noodid ja luksuslik maitse.","robots":{"index":"index","follow":"follow","max-snippet":"max-snippet:-1","max-image-preview":"max-image-preview:large","max-video-preview":"max-video-preview:-1"},"canonical":"https:\/\/bramasole.ee\/en\/Toode\/champagne-michel-laval-degustatsioon\/","og_locale":"en_US","og_type":"article","og_title":"Champagne Michel Laval degustatsioon","og_description":"Tule ja naudi eksklusiivset Champagne Michel Laval degustatsiooni! Avasta \u0161ampanja peened mullid, tsitruselised noodid ja luksuslik maitse.","og_url":"https:\/\/bramasole.ee\/en\/Toode\/champagne-michel-laval-degustatsioon\/","og_site_name":"Bramasole","article_publisher":"https:\/\/www.facebook.com\/houseofbramasole","article_modified_time":"2025-02-21T07:15:08+00:00","og_image":[{"width":656,"height":290,"url":"https:\/\/bramasole.ee\/wp-content\/uploads\/2024\/10\/MICHEL-LAVAL-LOGO.jpg","type":"image\/jpeg"}],"twitter_card":"summary_large_image","twitter_misc":{"Price":"&euro;49.00","Availability":"Out of stock"},"schema":{"@context":"https:\/\/schema.org","@graph":[{"@type":"WebPage","@id":"https:\/\/bramasole.ee\/en\/Toode\/champagne-michel-laval-degustatsioon\/","url":"https:\/\/bramasole.ee\/en\/Toode\/champagne-michel-laval-degustatsioon\/","name":"Champagne Michel Laval degustatsioon - Bramasole","isPartOf":{"@id":"https:\/\/bramasole.ee\/en\/#website"},"primaryImageOfPage":{"@id":"https:\/\/bramasole.ee\/en\/Toode\/champagne-michel-laval-degustatsioon\/#primaryimage"},"image":{"@id":"https:\/\/bramasole.ee\/en\/Toode\/champagne-michel-laval-degustatsioon\/#primaryimage"},"thumbnailUrl":"https:\/\/bramasole.ee\/wp-content\/uploads\/2024\/10\/MICHEL-LAVAL-LOGO.jpg","datePublished":"2024-10-24T10:23:21+00:00","dateModified":"2025-02-21T07:15:08+00:00","description":"Tule ja naudi eksklusiivset Champagne Michel Laval degustatsiooni! Avasta \u0161ampanja peened mullid, tsitruselised noodid ja luksuslik maitse.","breadcrumb":{"@id":"https:\/\/bramasole.ee\/en\/Toode\/champagne-michel-laval-degustatsioon\/#breadcrumb"},"inLanguage":"en-US","potentialAction":[{"@type":"ReadAction","target":["https:\/\/bramasole.ee\/en\/Toode\/champagne-michel-laval-degustatsioon\/"]}]},{"@type":"ImageObject","inLanguage":"en-US","@id":"https:\/\/bramasole.ee\/en\/Toode\/champagne-michel-laval-degustatsioon\/#primaryimage","url":"https:\/\/bramasole.ee\/wp-content\/uploads\/2024\/10\/MICHEL-LAVAL-LOGO.jpg","contentUrl":"https:\/\/bramasole.ee\/wp-content\/uploads\/2024\/10\/MICHEL-LAVAL-LOGO.jpg","width":656,"height":290,"caption":"Screenshot"},{"@type":"BreadcrumbList","@id":"https:\/\/bramasole.ee\/en\/Toode\/champagne-michel-laval-degustatsioon\/#breadcrumb","itemListElement":[{"@type":"ListItem","position":1,"name":"Home","item":"https:\/\/bramasole.ee\/en\/"},{"@type":"ListItem","position":2,"name":"VEINIPOOD","item":"https:\/\/bramasole.ee\/veinipood\/"},{"@type":"ListItem","position":3,"name":"Champagne Michel Laval degustatsioon"}]},{"@type":"WebSite","@id":"https:\/\/bramasole.ee\/en\/#website","url":"https:\/\/bramasole.ee\/en\/","name":"Bramasole","description":"Bramasole veinipood - ainult hea vein!","publisher":{"@id":"https:\/\/bramasole.ee\/en\/#organization"},"alternateName":"Bramasole veinid","potentialAction":[{"@type":"SearchAction","target":{"@type":"EntryPoint","urlTemplate":"https:\/\/bramasole.ee\/en\/?s={search_term_string}"},"query-input":{"@type":"PropertyValueSpecification","valueRequired":true,"valueName":"search_term_string"}}],"inLanguage":"en-US"},{"@type":"Organization","@id":"https:\/\/bramasole.ee\/en\/#organization","name":"Bramasole","url":"https:\/\/bramasole.ee\/en\/","logo":{"@type":"ImageObject","inLanguage":"en-US","@id":"https:\/\/bramasole.ee\/en\/#\/schema\/logo\/image\/","url":"https:\/\/bramasole.ee\/wp-content\/uploads\/2023\/04\/House_of_bramasole_logo.png","contentUrl":"https:\/\/bramasole.ee\/wp-content\/uploads\/2023\/04\/House_of_bramasole_logo.png","width":1031,"height":257,"caption":"Bramasole"},"image":{"@id":"https:\/\/bramasole.ee\/en\/#\/schema\/logo\/image\/"},"sameAs":["https:\/\/www.facebook.com\/houseofbramasole","https:\/\/www.instagram.com\/houseofbramasole\/"]}]},"product_price_amount":"49.00","product_price_currency":"EUR","og_availability":"out of stock","product_availability":"out of stock","product_condition":"new"},"_links":{"self":[{"href":"https:\/\/bramasole.ee\/en\/wp-json\/wp\/v2\/product\/56368","targetHints":{"allow":["GET"]}}],"collection":[{"href":"https:\/\/bramasole.ee\/en\/wp-json\/wp\/v2\/product"}],"about":[{"href":"https:\/\/bramasole.ee\/en\/wp-json\/wp\/v2\/types\/product"}],"replies":[{"embeddable":true,"href":"https:\/\/bramasole.ee\/en\/wp-json\/wp\/v2\/comments?post=56368"}],"wp:featuredmedia":[{"embeddable":true,"href":"https:\/\/bramasole.ee\/en\/wp-json\/wp\/v2\/media\/56358"}],"wp:attachment":[{"href":"https:\/\/bramasole.ee\/en\/wp-json\/wp\/v2\/media?parent=56368"}],"wp:term":[{"taxonomy":"product_brand","embeddable":true,"href":"https:\/\/bramasole.ee\/en\/wp-json\/wp\/v2\/product_brand?post=56368"},{"taxonomy":"product_cat","embeddable":true,"href":"https:\/\/bramasole.ee\/en\/wp-json\/wp\/v2\/product_cat?post=56368"},{"taxonomy":"product_tag","embeddable":true,"href":"https:\/\/bramasole.ee\/en\/wp-json\/wp\/v2\/product_tag?post=56368"}],"curies":[{"name":"wp","href":"https:\/\/api.w.org\/{rel}","templated":true}]}}