{"id":55994,"date":"2024-06-19T16:05:18","date_gmt":"2024-06-19T13:05:18","guid":{"rendered":"https:\/\/bramasole.ee\/?post_type=product&#038;p=55994"},"modified":"2025-01-10T11:06:42","modified_gmt":"2025-01-10T09:06:42","slug":"veiniklaas-bora-large-500-6-tk","status":"publish","type":"product","link":"https:\/\/bramasole.ee\/en\/Toode\/veiniklaas-bora-large-500-6-tk\/","title":{"rendered":"Veiniklaas Bora Large 500 ml, 6 tk."},"content":{"rendered":"<h3><span style=\"color: #993366;\">Veiniklaas Bora Large 500 ml, 6 tk.<\/span><\/h3>\n<p>Multifunctional, high performance stem glass with bold, linear and clean forms. Made with pull-stem production technology where the bowl and stem are made in a single piece, the glass is robust and its laser-cut mouth give it a particularly fine and delicate rim that heighten the wine-tasting experience. Bora Large is perfect for the enjoyment of aged and full-bodied wines as well as sparkling wines and original aperitifs. Recommended for tasting of still and sparkling wines, champagne and aperitifs. Material Glass.<\/p>\n","protected":false},"excerpt":{"rendered":"<h3><span style=\"color: #993366;\">Veinklaas Bora Large 500 ml,<\/span><\/h3>\n<p>See klaas sobib ka ideaalselt t\u00e4idlasemate ja v\u00e4\u00e4rikamate veinide serveerimiseks. Karbis on 6 klaasi.<\/p>\n<p>Klaas on sobiv nii koju, kui restorani.<\/p>\n","protected":false},"featured_media":55998,"comment_status":"open","ping_status":"closed","template":"","meta":[],"product_brand":[],"product_cat":[529,526,15],"product_tag":[],"class_list":{"0":"post-55994","1":"product","2":"type-product","3":"status-publish","4":"has-post-thumbnail","6":"product_cat-horeca-veiniklaasid","7":"product_cat-veiniklaasid","8":"product_cat-maaramata","9":"description-off","11":"first","12":"instock","13":"taxable","14":"shipping-taxable","15":"purchasable","16":"product-type-simple"},"yoast_head":"<!-- This site is optimized with the Yoast SEO Premium plugin v23.0 (Yoast SEO v25.3.1) - https:\/\/yoast.com\/wordpress\/plugins\/seo\/ -->\n<title>Veiniklaas Bora Large 500 ml, 6 tk. - Bramasole<\/title>\n<meta name=\"description\" content=\"Veiniklaas Bora Large, igap\u00e4evaseks veini serveerimiseks. T\u00e4idlased ja v\u00e4\u00e4rikad veinid. Kvaliteetsed Itaalia veiniklaasid koju ja restorani.\" \/>\n<meta name=\"robots\" content=\"index, follow, max-snippet:-1, max-image-preview:large, max-video-preview:-1\" \/>\n<link rel=\"canonical\" href=\"https:\/\/bramasole.ee\/en\/Toode\/veiniklaas-bora-large-500-6-tk\/\" \/>\n<meta property=\"og:locale\" content=\"en_US\" \/>\n<meta property=\"og:type\" content=\"article\" \/>\n<meta property=\"og:title\" content=\"Veiniklaas Bora Large 500 ml, 6 tk.\" \/>\n<meta property=\"og:description\" content=\"Veiniklaas Bora Large, igap\u00e4evaseks veini serveerimiseks. T\u00e4idlased ja v\u00e4\u00e4rikad veinid. Kvaliteetsed Itaalia veiniklaasid koju ja restorani.\" \/>\n<meta property=\"og:url\" content=\"https:\/\/bramasole.ee\/en\/Toode\/veiniklaas-bora-large-500-6-tk\/\" \/>\n<meta property=\"og:site_name\" content=\"Bramasole\" \/>\n<meta property=\"article:publisher\" content=\"https:\/\/www.facebook.com\/houseofbramasole\" \/>\n<meta property=\"article:modified_time\" content=\"2025-01-10T09:06:42+00:00\" \/>\n<meta property=\"og:image\" content=\"https:\/\/bramasole.ee\/wp-content\/uploads\/2024\/06\/Bora-Large-1-uai-720x720-1.jpeg\" \/>\n\t<meta property=\"og:image:width\" content=\"720\" \/>\n\t<meta property=\"og:image:height\" content=\"720\" \/>\n\t<meta property=\"og:image:type\" content=\"image\/jpeg\" \/>\n<meta name=\"twitter:card\" content=\"summary_large_image\" \/>\n<meta name=\"twitter:label1\" content=\"Price\" \/>\n\t<meta name=\"twitter:data1\" content=\"&euro;31.20\" \/>\n\t<meta name=\"twitter:label2\" content=\"Availability\" \/>\n\t<meta name=\"twitter:data2\" content=\"In stock\" \/>\n<script type=\"application\/ld+json\" class=\"yoast-schema-graph\">{\"@context\":\"https:\/\/schema.org\",\"@graph\":[{\"@type\":\"WebPage\",\"@id\":\"https:\/\/bramasole.ee\/en\/Toode\/veiniklaas-bora-large-500-6-tk\/\",\"url\":\"https:\/\/bramasole.ee\/en\/Toode\/veiniklaas-bora-large-500-6-tk\/\",\"name\":\"Veiniklaas Bora Large 500 ml, 6 tk. - Bramasole\",\"isPartOf\":{\"@id\":\"https:\/\/bramasole.ee\/en\/#website\"},\"primaryImageOfPage\":{\"@id\":\"https:\/\/bramasole.ee\/en\/Toode\/veiniklaas-bora-large-500-6-tk\/#primaryimage\"},\"image\":{\"@id\":\"https:\/\/bramasole.ee\/en\/Toode\/veiniklaas-bora-large-500-6-tk\/#primaryimage\"},\"thumbnailUrl\":\"https:\/\/bramasole.ee\/wp-content\/uploads\/2024\/06\/Bora-Large-1-uai-720x720-1.jpeg\",\"datePublished\":\"2024-06-19T13:05:18+00:00\",\"dateModified\":\"2025-01-10T09:06:42+00:00\",\"description\":\"Veiniklaas Bora Large, igap\u00e4evaseks veini serveerimiseks. T\u00e4idlased ja v\u00e4\u00e4rikad veinid. Kvaliteetsed Itaalia veiniklaasid koju ja restorani.\",\"breadcrumb\":{\"@id\":\"https:\/\/bramasole.ee\/en\/Toode\/veiniklaas-bora-large-500-6-tk\/#breadcrumb\"},\"inLanguage\":\"en-US\",\"potentialAction\":[{\"@type\":\"ReadAction\",\"target\":[\"https:\/\/bramasole.ee\/en\/Toode\/veiniklaas-bora-large-500-6-tk\/\"]}]},{\"@type\":\"ImageObject\",\"inLanguage\":\"en-US\",\"@id\":\"https:\/\/bramasole.ee\/en\/Toode\/veiniklaas-bora-large-500-6-tk\/#primaryimage\",\"url\":\"https:\/\/bramasole.ee\/wp-content\/uploads\/2024\/06\/Bora-Large-1-uai-720x720-1.jpeg\",\"contentUrl\":\"https:\/\/bramasole.ee\/wp-content\/uploads\/2024\/06\/Bora-Large-1-uai-720x720-1.jpeg\",\"width\":720,\"height\":720,\"caption\":\"Bora-Large-veiniklaas\"},{\"@type\":\"BreadcrumbList\",\"@id\":\"https:\/\/bramasole.ee\/en\/Toode\/veiniklaas-bora-large-500-6-tk\/#breadcrumb\",\"itemListElement\":[{\"@type\":\"ListItem\",\"position\":1,\"name\":\"Home\",\"item\":\"https:\/\/bramasole.ee\/en\/\"},{\"@type\":\"ListItem\",\"position\":2,\"name\":\"VEINIPOOD\",\"item\":\"https:\/\/bramasole.ee\/veinipood\/\"},{\"@type\":\"ListItem\",\"position\":3,\"name\":\"Veiniklaas Bora Large 500 ml, 6 tk.\"}]},{\"@type\":\"WebSite\",\"@id\":\"https:\/\/bramasole.ee\/en\/#website\",\"url\":\"https:\/\/bramasole.ee\/en\/\",\"name\":\"Bramasole\",\"description\":\"Bramasole veinipood - ainult hea vein!\",\"publisher\":{\"@id\":\"https:\/\/bramasole.ee\/en\/#organization\"},\"alternateName\":\"Bramasole veinid\",\"potentialAction\":[{\"@type\":\"SearchAction\",\"target\":{\"@type\":\"EntryPoint\",\"urlTemplate\":\"https:\/\/bramasole.ee\/en\/?s={search_term_string}\"},\"query-input\":{\"@type\":\"PropertyValueSpecification\",\"valueRequired\":true,\"valueName\":\"search_term_string\"}}],\"inLanguage\":\"en-US\"},{\"@type\":\"Organization\",\"@id\":\"https:\/\/bramasole.ee\/en\/#organization\",\"name\":\"Bramasole\",\"url\":\"https:\/\/bramasole.ee\/en\/\",\"logo\":{\"@type\":\"ImageObject\",\"inLanguage\":\"en-US\",\"@id\":\"https:\/\/bramasole.ee\/en\/#\/schema\/logo\/image\/\",\"url\":\"https:\/\/bramasole.ee\/wp-content\/uploads\/2023\/04\/House_of_bramasole_logo.png\",\"contentUrl\":\"https:\/\/bramasole.ee\/wp-content\/uploads\/2023\/04\/House_of_bramasole_logo.png\",\"width\":1031,\"height\":257,\"caption\":\"Bramasole\"},\"image\":{\"@id\":\"https:\/\/bramasole.ee\/en\/#\/schema\/logo\/image\/\"},\"sameAs\":[\"https:\/\/www.facebook.com\/houseofbramasole\",\"https:\/\/www.instagram.com\/houseofbramasole\/\"]}]}<\/script>\n<meta property=\"product:price:amount\" content=\"31.20\" \/>\n<meta property=\"product:price:currency\" content=\"EUR\" \/>\n<meta property=\"og:availability\" content=\"instock\" \/>\n<meta property=\"product:availability\" content=\"instock\" \/>\n<meta property=\"product:retailer_item_id\" content=\"3323\" \/>\n<meta property=\"product:condition\" content=\"new\" \/>\n<!-- \/ Yoast SEO Premium plugin. -->","yoast_head_json":{"title":"Veiniklaas Bora Large 500 ml, 6 tk. - Bramasole","description":"Veiniklaas Bora Large, igap\u00e4evaseks veini serveerimiseks. T\u00e4idlased ja v\u00e4\u00e4rikad veinid. Kvaliteetsed Itaalia veiniklaasid koju ja restorani.","robots":{"index":"index","follow":"follow","max-snippet":"max-snippet:-1","max-image-preview":"max-image-preview:large","max-video-preview":"max-video-preview:-1"},"canonical":"https:\/\/bramasole.ee\/en\/Toode\/veiniklaas-bora-large-500-6-tk\/","og_locale":"en_US","og_type":"article","og_title":"Veiniklaas Bora Large 500 ml, 6 tk.","og_description":"Veiniklaas Bora Large, igap\u00e4evaseks veini serveerimiseks. T\u00e4idlased ja v\u00e4\u00e4rikad veinid. Kvaliteetsed Itaalia veiniklaasid koju ja restorani.","og_url":"https:\/\/bramasole.ee\/en\/Toode\/veiniklaas-bora-large-500-6-tk\/","og_site_name":"Bramasole","article_publisher":"https:\/\/www.facebook.com\/houseofbramasole","article_modified_time":"2025-01-10T09:06:42+00:00","og_image":[{"width":720,"height":720,"url":"https:\/\/bramasole.ee\/wp-content\/uploads\/2024\/06\/Bora-Large-1-uai-720x720-1.jpeg","type":"image\/jpeg"}],"twitter_card":"summary_large_image","twitter_misc":{"Price":"&euro;31.20","Availability":"In stock"},"schema":{"@context":"https:\/\/schema.org","@graph":[{"@type":"WebPage","@id":"https:\/\/bramasole.ee\/en\/Toode\/veiniklaas-bora-large-500-6-tk\/","url":"https:\/\/bramasole.ee\/en\/Toode\/veiniklaas-bora-large-500-6-tk\/","name":"Veiniklaas Bora Large 500 ml, 6 tk. - Bramasole","isPartOf":{"@id":"https:\/\/bramasole.ee\/en\/#website"},"primaryImageOfPage":{"@id":"https:\/\/bramasole.ee\/en\/Toode\/veiniklaas-bora-large-500-6-tk\/#primaryimage"},"image":{"@id":"https:\/\/bramasole.ee\/en\/Toode\/veiniklaas-bora-large-500-6-tk\/#primaryimage"},"thumbnailUrl":"https:\/\/bramasole.ee\/wp-content\/uploads\/2024\/06\/Bora-Large-1-uai-720x720-1.jpeg","datePublished":"2024-06-19T13:05:18+00:00","dateModified":"2025-01-10T09:06:42+00:00","description":"Veiniklaas Bora Large, igap\u00e4evaseks veini serveerimiseks. T\u00e4idlased ja v\u00e4\u00e4rikad veinid. Kvaliteetsed Itaalia veiniklaasid koju ja restorani.","breadcrumb":{"@id":"https:\/\/bramasole.ee\/en\/Toode\/veiniklaas-bora-large-500-6-tk\/#breadcrumb"},"inLanguage":"en-US","potentialAction":[{"@type":"ReadAction","target":["https:\/\/bramasole.ee\/en\/Toode\/veiniklaas-bora-large-500-6-tk\/"]}]},{"@type":"ImageObject","inLanguage":"en-US","@id":"https:\/\/bramasole.ee\/en\/Toode\/veiniklaas-bora-large-500-6-tk\/#primaryimage","url":"https:\/\/bramasole.ee\/wp-content\/uploads\/2024\/06\/Bora-Large-1-uai-720x720-1.jpeg","contentUrl":"https:\/\/bramasole.ee\/wp-content\/uploads\/2024\/06\/Bora-Large-1-uai-720x720-1.jpeg","width":720,"height":720,"caption":"Bora-Large-veiniklaas"},{"@type":"BreadcrumbList","@id":"https:\/\/bramasole.ee\/en\/Toode\/veiniklaas-bora-large-500-6-tk\/#breadcrumb","itemListElement":[{"@type":"ListItem","position":1,"name":"Home","item":"https:\/\/bramasole.ee\/en\/"},{"@type":"ListItem","position":2,"name":"VEINIPOOD","item":"https:\/\/bramasole.ee\/veinipood\/"},{"@type":"ListItem","position":3,"name":"Veiniklaas Bora Large 500 ml, 6 tk."}]},{"@type":"WebSite","@id":"https:\/\/bramasole.ee\/en\/#website","url":"https:\/\/bramasole.ee\/en\/","name":"Bramasole","description":"Bramasole veinipood - ainult hea vein!","publisher":{"@id":"https:\/\/bramasole.ee\/en\/#organization"},"alternateName":"Bramasole veinid","potentialAction":[{"@type":"SearchAction","target":{"@type":"EntryPoint","urlTemplate":"https:\/\/bramasole.ee\/en\/?s={search_term_string}"},"query-input":{"@type":"PropertyValueSpecification","valueRequired":true,"valueName":"search_term_string"}}],"inLanguage":"en-US"},{"@type":"Organization","@id":"https:\/\/bramasole.ee\/en\/#organization","name":"Bramasole","url":"https:\/\/bramasole.ee\/en\/","logo":{"@type":"ImageObject","inLanguage":"en-US","@id":"https:\/\/bramasole.ee\/en\/#\/schema\/logo\/image\/","url":"https:\/\/bramasole.ee\/wp-content\/uploads\/2023\/04\/House_of_bramasole_logo.png","contentUrl":"https:\/\/bramasole.ee\/wp-content\/uploads\/2023\/04\/House_of_bramasole_logo.png","width":1031,"height":257,"caption":"Bramasole"},"image":{"@id":"https:\/\/bramasole.ee\/en\/#\/schema\/logo\/image\/"},"sameAs":["https:\/\/www.facebook.com\/houseofbramasole","https:\/\/www.instagram.com\/houseofbramasole\/"]}]},"product_price_amount":"31.20","product_price_currency":"EUR","og_availability":"instock","product_availability":"instock","product_retailer_item_id":"3323","product_condition":"new"},"_links":{"self":[{"href":"https:\/\/bramasole.ee\/en\/wp-json\/wp\/v2\/product\/55994","targetHints":{"allow":["GET"]}}],"collection":[{"href":"https:\/\/bramasole.ee\/en\/wp-json\/wp\/v2\/product"}],"about":[{"href":"https:\/\/bramasole.ee\/en\/wp-json\/wp\/v2\/types\/product"}],"replies":[{"embeddable":true,"href":"https:\/\/bramasole.ee\/en\/wp-json\/wp\/v2\/comments?post=55994"}],"wp:featuredmedia":[{"embeddable":true,"href":"https:\/\/bramasole.ee\/en\/wp-json\/wp\/v2\/media\/55998"}],"wp:attachment":[{"href":"https:\/\/bramasole.ee\/en\/wp-json\/wp\/v2\/media?parent=55994"}],"wp:term":[{"taxonomy":"product_brand","embeddable":true,"href":"https:\/\/bramasole.ee\/en\/wp-json\/wp\/v2\/product_brand?post=55994"},{"taxonomy":"product_cat","embeddable":true,"href":"https:\/\/bramasole.ee\/en\/wp-json\/wp\/v2\/product_cat?post=55994"},{"taxonomy":"product_tag","embeddable":true,"href":"https:\/\/bramasole.ee\/en\/wp-json\/wp\/v2\/product_tag?post=55994"}],"curies":[{"name":"wp","href":"https:\/\/api.w.org\/{rel}","templated":true}]}}