{"id":55945,"date":"2024-06-19T12:26:30","date_gmt":"2024-06-19T09:26:30","guid":{"rendered":"https:\/\/bramasole.ee\/?post_type=product&#038;p=55945"},"modified":"2025-12-20T06:58:39","modified_gmt":"2025-12-20T04:58:39","slug":"veiniklaas-etoile-sparkle-xtreme-480-ml","status":"publish","type":"product","link":"https:\/\/bramasole.ee\/en\/Toode\/veiniklaas-etoile-sparkle-xtreme-480-ml\/","title":{"rendered":"Veiniklaas Etoil\u00e9 Sparkle Xtreme 480 ml, 6 tk."},"content":{"rendered":"<h3><span style=\"color: #993366;\">Veiniklaas Etoil\u00e9 Sparkle Xtreme 480 ml &#8211; 6 tk.<\/span><\/h3>\n<p>Stem glass with perfectly studied and balanced proportions, characterized by elements that recall the traditional Champagne coupe (such as the bowl) and the traditional flutes (such as the long stem). This glass is made of next generation mouth blown and handcrafted crystalline glass. Extraordinarily light, elegant and easy to handle. On the bottom of the bowl, can be found 7 laser-engraved dots that enahnce the perlage. This glass was designed to enahnce particularly complex, soft, and elegant sparkling wines and Champagnes. Perfect for tasting sparkling wines and Champagne. Material next generation mouth blown and handcrafted crystalline glass.<\/p>\n","protected":false},"excerpt":{"rendered":"<p>The perfect glass for sparkling wines, characterised by a bowl reminiscent of the Champagne coupe and a body height inspired by the f\u00fbte, available with the options of 1 or 7 laser-etched perlage points which intensify the tasting experience. Also excellent for particularly fresh and elegant white and red wines.<\/p>\n","protected":false},"featured_media":55955,"comment_status":"open","ping_status":"closed","template":"","meta":[],"product_brand":[],"product_cat":[527,526,15],"product_tag":[],"class_list":{"0":"post-55945","1":"product","2":"type-product","3":"status-publish","4":"has-post-thumbnail","6":"product_cat-high-performance-veiniklaasid","7":"product_cat-veiniklaasid","8":"product_cat-maaramata","9":"description-off","11":"first","12":"instock","13":"taxable","14":"shipping-taxable","15":"purchasable","16":"product-type-simple"},"yoast_head":"<!-- This site is optimized with the Yoast SEO Premium plugin v23.0 (Yoast SEO v25.3.1) - https:\/\/yoast.com\/wordpress\/plugins\/seo\/ -->\n<title>Veiniklaas Etoil\u00e9 Sparkle Xtreme 480 ml, 6 tk. - Bramasole<\/title>\n<meta name=\"description\" content=\"Veiniklaas Etoil\u00e8 Sparkle, efektne vahuveiniklaas, millel on 7 p\u00e4rlendavat punkti. Kvaliteetsed Itaalia professionaalsed veiniklaasid, Bramasole O\u00dc\" \/>\n<meta name=\"robots\" content=\"index, follow, max-snippet:-1, max-image-preview:large, max-video-preview:-1\" \/>\n<link rel=\"canonical\" href=\"https:\/\/bramasole.ee\/en\/Toode\/veiniklaas-etoile-sparkle-xtreme-480-ml\/\" \/>\n<meta property=\"og:locale\" content=\"en_US\" \/>\n<meta property=\"og:type\" content=\"article\" \/>\n<meta property=\"og:title\" content=\"Veiniklaas Etoil\u00e9 Sparkle Xtreme 480 ml, 6 tk.\" \/>\n<meta property=\"og:description\" content=\"Veiniklaas Etoil\u00e8 Sparkle, efektne vahuveiniklaas, millel on 7 p\u00e4rlendavat punkti. Kvaliteetsed Itaalia professionaalsed veiniklaasid, Bramasole O\u00dc\" \/>\n<meta property=\"og:url\" content=\"https:\/\/bramasole.ee\/en\/Toode\/veiniklaas-etoile-sparkle-xtreme-480-ml\/\" \/>\n<meta property=\"og:site_name\" content=\"Bramasole\" \/>\n<meta property=\"article:publisher\" content=\"https:\/\/www.facebook.com\/houseofbramasole\" \/>\n<meta property=\"article:modified_time\" content=\"2025-12-20T04:58:39+00:00\" \/>\n<meta property=\"og:image\" content=\"https:\/\/bramasole.ee\/wp-content\/uploads\/2024\/06\/EtoileSparkleXtreme-Veiniklaas.jpeg\" \/>\n\t<meta property=\"og:image:width\" content=\"2000\" \/>\n\t<meta property=\"og:image:height\" content=\"2000\" \/>\n\t<meta property=\"og:image:type\" content=\"image\/jpeg\" \/>\n<meta name=\"twitter:card\" content=\"summary_large_image\" \/>\n<meta name=\"twitter:label1\" content=\"Price\" \/>\n\t<meta name=\"twitter:data1\" content=\"&euro;81.00\" \/>\n\t<meta name=\"twitter:label2\" content=\"Availability\" \/>\n\t<meta name=\"twitter:data2\" content=\"In stock\" \/>\n<script type=\"application\/ld+json\" class=\"yoast-schema-graph\">{\"@context\":\"https:\/\/schema.org\",\"@graph\":[{\"@type\":\"WebPage\",\"@id\":\"https:\/\/bramasole.ee\/en\/Toode\/veiniklaas-etoile-sparkle-xtreme-480-ml\/\",\"url\":\"https:\/\/bramasole.ee\/en\/Toode\/veiniklaas-etoile-sparkle-xtreme-480-ml\/\",\"name\":\"Veiniklaas Etoil\u00e9 Sparkle Xtreme 480 ml, 6 tk. - Bramasole\",\"isPartOf\":{\"@id\":\"https:\/\/bramasole.ee\/en\/#website\"},\"primaryImageOfPage\":{\"@id\":\"https:\/\/bramasole.ee\/en\/Toode\/veiniklaas-etoile-sparkle-xtreme-480-ml\/#primaryimage\"},\"image\":{\"@id\":\"https:\/\/bramasole.ee\/en\/Toode\/veiniklaas-etoile-sparkle-xtreme-480-ml\/#primaryimage\"},\"thumbnailUrl\":\"https:\/\/bramasole.ee\/wp-content\/uploads\/2024\/06\/EtoileSparkleXtreme-Veiniklaas.jpeg\",\"datePublished\":\"2024-06-19T09:26:30+00:00\",\"dateModified\":\"2025-12-20T04:58:39+00:00\",\"description\":\"Veiniklaas Etoil\u00e8 Sparkle, efektne vahuveiniklaas, millel on 7 p\u00e4rlendavat punkti. Kvaliteetsed Itaalia professionaalsed veiniklaasid, Bramasole O\u00dc\",\"breadcrumb\":{\"@id\":\"https:\/\/bramasole.ee\/en\/Toode\/veiniklaas-etoile-sparkle-xtreme-480-ml\/#breadcrumb\"},\"inLanguage\":\"en-US\",\"potentialAction\":[{\"@type\":\"ReadAction\",\"target\":[\"https:\/\/bramasole.ee\/en\/Toode\/veiniklaas-etoile-sparkle-xtreme-480-ml\/\"]}]},{\"@type\":\"ImageObject\",\"inLanguage\":\"en-US\",\"@id\":\"https:\/\/bramasole.ee\/en\/Toode\/veiniklaas-etoile-sparkle-xtreme-480-ml\/#primaryimage\",\"url\":\"https:\/\/bramasole.ee\/wp-content\/uploads\/2024\/06\/EtoileSparkleXtreme-Veiniklaas.jpeg\",\"contentUrl\":\"https:\/\/bramasole.ee\/wp-content\/uploads\/2024\/06\/EtoileSparkleXtreme-Veiniklaas.jpeg\",\"width\":2000,\"height\":2000,\"caption\":\"Vahuveiniklaas\"},{\"@type\":\"BreadcrumbList\",\"@id\":\"https:\/\/bramasole.ee\/en\/Toode\/veiniklaas-etoile-sparkle-xtreme-480-ml\/#breadcrumb\",\"itemListElement\":[{\"@type\":\"ListItem\",\"position\":1,\"name\":\"Home\",\"item\":\"https:\/\/bramasole.ee\/en\/\"},{\"@type\":\"ListItem\",\"position\":2,\"name\":\"VEINIPOOD\",\"item\":\"https:\/\/bramasole.ee\/veinipood\/\"},{\"@type\":\"ListItem\",\"position\":3,\"name\":\"Veiniklaas Etoil\u00e9 Sparkle Xtreme 480 ml, 6 tk.\"}]},{\"@type\":\"WebSite\",\"@id\":\"https:\/\/bramasole.ee\/en\/#website\",\"url\":\"https:\/\/bramasole.ee\/en\/\",\"name\":\"Bramasole\",\"description\":\"Bramasole veinipood - ainult hea vein!\",\"publisher\":{\"@id\":\"https:\/\/bramasole.ee\/en\/#organization\"},\"alternateName\":\"Bramasole veinid\",\"potentialAction\":[{\"@type\":\"SearchAction\",\"target\":{\"@type\":\"EntryPoint\",\"urlTemplate\":\"https:\/\/bramasole.ee\/en\/?s={search_term_string}\"},\"query-input\":{\"@type\":\"PropertyValueSpecification\",\"valueRequired\":true,\"valueName\":\"search_term_string\"}}],\"inLanguage\":\"en-US\"},{\"@type\":\"Organization\",\"@id\":\"https:\/\/bramasole.ee\/en\/#organization\",\"name\":\"Bramasole\",\"url\":\"https:\/\/bramasole.ee\/en\/\",\"logo\":{\"@type\":\"ImageObject\",\"inLanguage\":\"en-US\",\"@id\":\"https:\/\/bramasole.ee\/en\/#\/schema\/logo\/image\/\",\"url\":\"https:\/\/bramasole.ee\/wp-content\/uploads\/2023\/04\/House_of_bramasole_logo.png\",\"contentUrl\":\"https:\/\/bramasole.ee\/wp-content\/uploads\/2023\/04\/House_of_bramasole_logo.png\",\"width\":1031,\"height\":257,\"caption\":\"Bramasole\"},\"image\":{\"@id\":\"https:\/\/bramasole.ee\/en\/#\/schema\/logo\/image\/\"},\"sameAs\":[\"https:\/\/www.facebook.com\/houseofbramasole\",\"https:\/\/www.instagram.com\/houseofbramasole\/\"]}]}<\/script>\n<meta property=\"product:price:amount\" content=\"81.00\" \/>\n<meta property=\"product:price:currency\" content=\"EUR\" \/>\n<meta property=\"og:availability\" content=\"instock\" \/>\n<meta property=\"product:availability\" content=\"instock\" \/>\n<meta property=\"product:retailer_item_id\" content=\"3055L\" \/>\n<meta property=\"product:condition\" content=\"new\" \/>\n<!-- \/ Yoast SEO Premium plugin. -->","yoast_head_json":{"title":"Veiniklaas Etoil\u00e9 Sparkle Xtreme 480 ml, 6 tk. - Bramasole","description":"Veiniklaas Etoil\u00e8 Sparkle, efektne vahuveiniklaas, millel on 7 p\u00e4rlendavat punkti. Kvaliteetsed Itaalia professionaalsed veiniklaasid, Bramasole O\u00dc","robots":{"index":"index","follow":"follow","max-snippet":"max-snippet:-1","max-image-preview":"max-image-preview:large","max-video-preview":"max-video-preview:-1"},"canonical":"https:\/\/bramasole.ee\/en\/Toode\/veiniklaas-etoile-sparkle-xtreme-480-ml\/","og_locale":"en_US","og_type":"article","og_title":"Veiniklaas Etoil\u00e9 Sparkle Xtreme 480 ml, 6 tk.","og_description":"Veiniklaas Etoil\u00e8 Sparkle, efektne vahuveiniklaas, millel on 7 p\u00e4rlendavat punkti. Kvaliteetsed Itaalia professionaalsed veiniklaasid, Bramasole O\u00dc","og_url":"https:\/\/bramasole.ee\/en\/Toode\/veiniklaas-etoile-sparkle-xtreme-480-ml\/","og_site_name":"Bramasole","article_publisher":"https:\/\/www.facebook.com\/houseofbramasole","article_modified_time":"2025-12-20T04:58:39+00:00","og_image":[{"width":2000,"height":2000,"url":"https:\/\/bramasole.ee\/wp-content\/uploads\/2024\/06\/EtoileSparkleXtreme-Veiniklaas.jpeg","type":"image\/jpeg"}],"twitter_card":"summary_large_image","twitter_misc":{"Price":"&euro;81.00","Availability":"In stock"},"schema":{"@context":"https:\/\/schema.org","@graph":[{"@type":"WebPage","@id":"https:\/\/bramasole.ee\/en\/Toode\/veiniklaas-etoile-sparkle-xtreme-480-ml\/","url":"https:\/\/bramasole.ee\/en\/Toode\/veiniklaas-etoile-sparkle-xtreme-480-ml\/","name":"Veiniklaas Etoil\u00e9 Sparkle Xtreme 480 ml, 6 tk. - Bramasole","isPartOf":{"@id":"https:\/\/bramasole.ee\/en\/#website"},"primaryImageOfPage":{"@id":"https:\/\/bramasole.ee\/en\/Toode\/veiniklaas-etoile-sparkle-xtreme-480-ml\/#primaryimage"},"image":{"@id":"https:\/\/bramasole.ee\/en\/Toode\/veiniklaas-etoile-sparkle-xtreme-480-ml\/#primaryimage"},"thumbnailUrl":"https:\/\/bramasole.ee\/wp-content\/uploads\/2024\/06\/EtoileSparkleXtreme-Veiniklaas.jpeg","datePublished":"2024-06-19T09:26:30+00:00","dateModified":"2025-12-20T04:58:39+00:00","description":"Veiniklaas Etoil\u00e8 Sparkle, efektne vahuveiniklaas, millel on 7 p\u00e4rlendavat punkti. Kvaliteetsed Itaalia professionaalsed veiniklaasid, Bramasole O\u00dc","breadcrumb":{"@id":"https:\/\/bramasole.ee\/en\/Toode\/veiniklaas-etoile-sparkle-xtreme-480-ml\/#breadcrumb"},"inLanguage":"en-US","potentialAction":[{"@type":"ReadAction","target":["https:\/\/bramasole.ee\/en\/Toode\/veiniklaas-etoile-sparkle-xtreme-480-ml\/"]}]},{"@type":"ImageObject","inLanguage":"en-US","@id":"https:\/\/bramasole.ee\/en\/Toode\/veiniklaas-etoile-sparkle-xtreme-480-ml\/#primaryimage","url":"https:\/\/bramasole.ee\/wp-content\/uploads\/2024\/06\/EtoileSparkleXtreme-Veiniklaas.jpeg","contentUrl":"https:\/\/bramasole.ee\/wp-content\/uploads\/2024\/06\/EtoileSparkleXtreme-Veiniklaas.jpeg","width":2000,"height":2000,"caption":"Vahuveiniklaas"},{"@type":"BreadcrumbList","@id":"https:\/\/bramasole.ee\/en\/Toode\/veiniklaas-etoile-sparkle-xtreme-480-ml\/#breadcrumb","itemListElement":[{"@type":"ListItem","position":1,"name":"Home","item":"https:\/\/bramasole.ee\/en\/"},{"@type":"ListItem","position":2,"name":"VEINIPOOD","item":"https:\/\/bramasole.ee\/veinipood\/"},{"@type":"ListItem","position":3,"name":"Veiniklaas Etoil\u00e9 Sparkle Xtreme 480 ml, 6 tk."}]},{"@type":"WebSite","@id":"https:\/\/bramasole.ee\/en\/#website","url":"https:\/\/bramasole.ee\/en\/","name":"Bramasole","description":"Bramasole veinipood - ainult hea vein!","publisher":{"@id":"https:\/\/bramasole.ee\/en\/#organization"},"alternateName":"Bramasole veinid","potentialAction":[{"@type":"SearchAction","target":{"@type":"EntryPoint","urlTemplate":"https:\/\/bramasole.ee\/en\/?s={search_term_string}"},"query-input":{"@type":"PropertyValueSpecification","valueRequired":true,"valueName":"search_term_string"}}],"inLanguage":"en-US"},{"@type":"Organization","@id":"https:\/\/bramasole.ee\/en\/#organization","name":"Bramasole","url":"https:\/\/bramasole.ee\/en\/","logo":{"@type":"ImageObject","inLanguage":"en-US","@id":"https:\/\/bramasole.ee\/en\/#\/schema\/logo\/image\/","url":"https:\/\/bramasole.ee\/wp-content\/uploads\/2023\/04\/House_of_bramasole_logo.png","contentUrl":"https:\/\/bramasole.ee\/wp-content\/uploads\/2023\/04\/House_of_bramasole_logo.png","width":1031,"height":257,"caption":"Bramasole"},"image":{"@id":"https:\/\/bramasole.ee\/en\/#\/schema\/logo\/image\/"},"sameAs":["https:\/\/www.facebook.com\/houseofbramasole","https:\/\/www.instagram.com\/houseofbramasole\/"]}]},"product_price_amount":"81.00","product_price_currency":"EUR","og_availability":"instock","product_availability":"instock","product_retailer_item_id":"3055L","product_condition":"new"},"_links":{"self":[{"href":"https:\/\/bramasole.ee\/en\/wp-json\/wp\/v2\/product\/55945","targetHints":{"allow":["GET"]}}],"collection":[{"href":"https:\/\/bramasole.ee\/en\/wp-json\/wp\/v2\/product"}],"about":[{"href":"https:\/\/bramasole.ee\/en\/wp-json\/wp\/v2\/types\/product"}],"replies":[{"embeddable":true,"href":"https:\/\/bramasole.ee\/en\/wp-json\/wp\/v2\/comments?post=55945"}],"wp:featuredmedia":[{"embeddable":true,"href":"https:\/\/bramasole.ee\/en\/wp-json\/wp\/v2\/media\/55955"}],"wp:attachment":[{"href":"https:\/\/bramasole.ee\/en\/wp-json\/wp\/v2\/media?parent=55945"}],"wp:term":[{"taxonomy":"product_brand","embeddable":true,"href":"https:\/\/bramasole.ee\/en\/wp-json\/wp\/v2\/product_brand?post=55945"},{"taxonomy":"product_cat","embeddable":true,"href":"https:\/\/bramasole.ee\/en\/wp-json\/wp\/v2\/product_cat?post=55945"},{"taxonomy":"product_tag","embeddable":true,"href":"https:\/\/bramasole.ee\/en\/wp-json\/wp\/v2\/product_tag?post=55945"}],"curies":[{"name":"wp","href":"https:\/\/api.w.org\/{rel}","templated":true}]}}