{"id":55761,"date":"2024-03-13T16:24:48","date_gmt":"2024-03-13T14:24:48","guid":{"rendered":"https:\/\/bramasole.ee\/?post_type=product&#038;p=55761"},"modified":"2024-10-15T12:45:35","modified_gmt":"2024-10-15T09:45:35","slug":"cabernet-sauvignon-igt-colline-pescaresi","status":"publish","type":"product","link":"https:\/\/bramasole.ee\/en\/toode\/cabernet-sauvignon-igt-colline-pescaresi\/","title":{"rendered":"Cabernet Sauvignon IGT Colline Pescaresi"},"content":{"rendered":"<h3>Cabernet Sauvignon IGT Colline Pescaresi Vigne Lomanegra<\/h3>\n<div><\/div>\n<div>Limiteeritud koguses Vigne Lomanegra veinid. \u00dcks nendest on see suurep\u00e4rane <strong>Cabernet\u00a0 Sauvignon.<\/strong><\/div>\n<div>See Itaalia Abruzzo piirkonnast p\u00e4rit punane vein on t\u00e4idlane ja j\u00f5uline punane vein, millel on k\u00fcpsete mustade marjade, ploomide ja musts\u00f5starde aroomid, mida t\u00e4iendavad v\u00fcrtsid ja \u00fcrdid. Maitses on tunda tasakaalustatud tanniine ja kerget tammevaniljet, millele lisandub elegantne happesus. L\u00f5ppmaitse on pikk ja meeldivalt suitsune, sobides h\u00e4sti rikkalike liharoogade ja k\u00fcpsete juustude k\u00f5rvale.<\/div>\n<div><\/div>\n<div>Veinimeister ise \u00fctleb:<\/div>\n<div>A pure <strong>Cabernet Sauvignon<\/strong>, produced from a single vineyard of a just a few hectares, with an aristocratic character and great aging potential.<\/div>\n","protected":false},"excerpt":{"rendered":"<p>Limiteeritud koguses Vigne Lomanegra veinid. \u00dcks nendest on see suurep\u00e4rane <strong>Cabernet Sauvignon <\/strong>Abruzzo piirkonnast.<\/p>\n","protected":false},"featured_media":55763,"comment_status":"closed","ping_status":"closed","template":"","meta":[],"product_brand":[],"product_cat":[139],"product_tag":[],"class_list":{"0":"post-55761","1":"product","2":"type-product","3":"status-publish","4":"has-post-thumbnail","6":"product_cat-red-wines-en","7":"description-off","9":"first","10":"instock","11":"taxable","12":"shipping-taxable","13":"purchasable","14":"product-type-simple"},"yoast_head":"<!-- This site is optimized with the Yoast SEO Premium plugin v23.0 (Yoast SEO v25.3.1) - https:\/\/yoast.com\/wordpress\/plugins\/seo\/ -->\n<title>Cabernet Sauvignon IGT Colline Pescaresi - Bramasole<\/title>\n<meta name=\"description\" content=\"Cabernet Sauvignon IGT Vigne Lomanegra- kvaliteetsed veinid Itaaliast. Punane kuiv vein. Veiniklubi liikmele alati lemmikvein -20% soodsam!\" \/>\n<meta name=\"robots\" content=\"index, follow, max-snippet:-1, max-image-preview:large, max-video-preview:-1\" \/>\n<link rel=\"canonical\" href=\"https:\/\/bramasole.ee\/en\/toode\/cabernet-sauvignon-igt-colline-pescaresi\/\" \/>\n<meta property=\"og:locale\" content=\"en_US\" \/>\n<meta property=\"og:type\" content=\"article\" \/>\n<meta property=\"og:title\" content=\"Cabernet Sauvignon IGT Colline Pescaresi\" \/>\n<meta property=\"og:description\" content=\"Cabernet Sauvignon IGT Vigne Lomanegra- kvaliteetsed veinid Itaaliast. Punane kuiv vein. Veiniklubi liikmele alati lemmikvein -20% soodsam!\" \/>\n<meta property=\"og:url\" content=\"https:\/\/bramasole.ee\/en\/toode\/cabernet-sauvignon-igt-colline-pescaresi\/\" \/>\n<meta property=\"og:site_name\" content=\"Bramasole\" \/>\n<meta property=\"article:publisher\" content=\"https:\/\/www.facebook.com\/houseofbramasole\" \/>\n<meta property=\"article:modified_time\" content=\"2024-10-15T09:45:35+00:00\" \/>\n<meta property=\"og:image\" content=\"https:\/\/bramasole.ee\/wp-content\/uploads\/2024\/03\/Cabernet-Sauvignon-Colline-Pescaresi_Bramasole.jpg\" \/>\n\t<meta property=\"og:image:width\" content=\"1100\" \/>\n\t<meta property=\"og:image:height\" content=\"1100\" \/>\n\t<meta property=\"og:image:type\" content=\"image\/jpeg\" \/>\n<meta name=\"twitter:card\" content=\"summary_large_image\" \/>\n<meta name=\"twitter:label1\" content=\"Price\" \/>\n\t<meta name=\"twitter:data1\" content=\"&euro;52.10\" \/>\n\t<meta name=\"twitter:label2\" content=\"Availability\" \/>\n\t<meta name=\"twitter:data2\" content=\"In stock\" \/>\n<script type=\"application\/ld+json\" class=\"yoast-schema-graph\">{\"@context\":\"https:\/\/schema.org\",\"@graph\":[{\"@type\":\"WebPage\",\"@id\":\"https:\/\/bramasole.ee\/en\/toode\/cabernet-sauvignon-igt-colline-pescaresi\/\",\"url\":\"https:\/\/bramasole.ee\/en\/toode\/cabernet-sauvignon-igt-colline-pescaresi\/\",\"name\":\"Cabernet Sauvignon IGT Colline Pescaresi - Bramasole\",\"isPartOf\":{\"@id\":\"https:\/\/bramasole.ee\/en\/#website\"},\"primaryImageOfPage\":{\"@id\":\"https:\/\/bramasole.ee\/en\/toode\/cabernet-sauvignon-igt-colline-pescaresi\/#primaryimage\"},\"image\":{\"@id\":\"https:\/\/bramasole.ee\/en\/toode\/cabernet-sauvignon-igt-colline-pescaresi\/#primaryimage\"},\"thumbnailUrl\":\"https:\/\/bramasole.ee\/wp-content\/uploads\/2024\/03\/Cabernet-Sauvignon-Colline-Pescaresi_Bramasole.jpg\",\"datePublished\":\"2024-03-13T14:24:48+00:00\",\"dateModified\":\"2024-10-15T09:45:35+00:00\",\"description\":\"Cabernet Sauvignon IGT Vigne Lomanegra- kvaliteetsed veinid Itaaliast. Punane kuiv vein. Veiniklubi liikmele alati lemmikvein -20% soodsam!\",\"breadcrumb\":{\"@id\":\"https:\/\/bramasole.ee\/en\/toode\/cabernet-sauvignon-igt-colline-pescaresi\/#breadcrumb\"},\"inLanguage\":\"en-US\",\"potentialAction\":[{\"@type\":\"ReadAction\",\"target\":[\"https:\/\/bramasole.ee\/en\/toode\/cabernet-sauvignon-igt-colline-pescaresi\/\"]}]},{\"@type\":\"ImageObject\",\"inLanguage\":\"en-US\",\"@id\":\"https:\/\/bramasole.ee\/en\/toode\/cabernet-sauvignon-igt-colline-pescaresi\/#primaryimage\",\"url\":\"https:\/\/bramasole.ee\/wp-content\/uploads\/2024\/03\/Cabernet-Sauvignon-Colline-Pescaresi_Bramasole.jpg\",\"contentUrl\":\"https:\/\/bramasole.ee\/wp-content\/uploads\/2024\/03\/Cabernet-Sauvignon-Colline-Pescaresi_Bramasole.jpg\",\"width\":1100,\"height\":1100,\"caption\":\"Cabernet Sauvignon\"},{\"@type\":\"BreadcrumbList\",\"@id\":\"https:\/\/bramasole.ee\/en\/toode\/cabernet-sauvignon-igt-colline-pescaresi\/#breadcrumb\",\"itemListElement\":[{\"@type\":\"ListItem\",\"position\":1,\"name\":\"Home\",\"item\":\"https:\/\/bramasole.ee\/en\/\"},{\"@type\":\"ListItem\",\"position\":2,\"name\":\"VEINIPOOD\",\"item\":\"https:\/\/bramasole.ee\/veinipood\/\"},{\"@type\":\"ListItem\",\"position\":3,\"name\":\"Cabernet Sauvignon IGT Colline Pescaresi\"}]},{\"@type\":\"WebSite\",\"@id\":\"https:\/\/bramasole.ee\/en\/#website\",\"url\":\"https:\/\/bramasole.ee\/en\/\",\"name\":\"Bramasole\",\"description\":\"Bramasole veinipood - ainult hea vein!\",\"publisher\":{\"@id\":\"https:\/\/bramasole.ee\/en\/#organization\"},\"alternateName\":\"Bramasole veinid\",\"potentialAction\":[{\"@type\":\"SearchAction\",\"target\":{\"@type\":\"EntryPoint\",\"urlTemplate\":\"https:\/\/bramasole.ee\/en\/?s={search_term_string}\"},\"query-input\":{\"@type\":\"PropertyValueSpecification\",\"valueRequired\":true,\"valueName\":\"search_term_string\"}}],\"inLanguage\":\"en-US\"},{\"@type\":\"Organization\",\"@id\":\"https:\/\/bramasole.ee\/en\/#organization\",\"name\":\"Bramasole\",\"url\":\"https:\/\/bramasole.ee\/en\/\",\"logo\":{\"@type\":\"ImageObject\",\"inLanguage\":\"en-US\",\"@id\":\"https:\/\/bramasole.ee\/en\/#\/schema\/logo\/image\/\",\"url\":\"https:\/\/bramasole.ee\/wp-content\/uploads\/2023\/04\/House_of_bramasole_logo.png\",\"contentUrl\":\"https:\/\/bramasole.ee\/wp-content\/uploads\/2023\/04\/House_of_bramasole_logo.png\",\"width\":1031,\"height\":257,\"caption\":\"Bramasole\"},\"image\":{\"@id\":\"https:\/\/bramasole.ee\/en\/#\/schema\/logo\/image\/\"},\"sameAs\":[\"https:\/\/www.facebook.com\/houseofbramasole\",\"https:\/\/www.instagram.com\/houseofbramasole\/\"]}]}<\/script>\n<meta property=\"product:price:amount\" content=\"52.10\" \/>\n<meta property=\"product:price:currency\" content=\"EUR\" \/>\n<meta property=\"og:availability\" content=\"instock\" \/>\n<meta property=\"product:availability\" content=\"instock\" \/>\n<meta property=\"product:condition\" content=\"new\" \/>\n<!-- \/ Yoast SEO Premium plugin. -->","yoast_head_json":{"title":"Cabernet Sauvignon IGT Colline Pescaresi - Bramasole","description":"Cabernet Sauvignon IGT Vigne Lomanegra- kvaliteetsed veinid Itaaliast. Punane kuiv vein. Veiniklubi liikmele alati lemmikvein -20% soodsam!","robots":{"index":"index","follow":"follow","max-snippet":"max-snippet:-1","max-image-preview":"max-image-preview:large","max-video-preview":"max-video-preview:-1"},"canonical":"https:\/\/bramasole.ee\/en\/toode\/cabernet-sauvignon-igt-colline-pescaresi\/","og_locale":"en_US","og_type":"article","og_title":"Cabernet Sauvignon IGT Colline Pescaresi","og_description":"Cabernet Sauvignon IGT Vigne Lomanegra- kvaliteetsed veinid Itaaliast. Punane kuiv vein. Veiniklubi liikmele alati lemmikvein -20% soodsam!","og_url":"https:\/\/bramasole.ee\/en\/toode\/cabernet-sauvignon-igt-colline-pescaresi\/","og_site_name":"Bramasole","article_publisher":"https:\/\/www.facebook.com\/houseofbramasole","article_modified_time":"2024-10-15T09:45:35+00:00","og_image":[{"width":1100,"height":1100,"url":"https:\/\/bramasole.ee\/wp-content\/uploads\/2024\/03\/Cabernet-Sauvignon-Colline-Pescaresi_Bramasole.jpg","type":"image\/jpeg"}],"twitter_card":"summary_large_image","twitter_misc":{"Price":"&euro;52.10","Availability":"In stock"},"schema":{"@context":"https:\/\/schema.org","@graph":[{"@type":"WebPage","@id":"https:\/\/bramasole.ee\/en\/toode\/cabernet-sauvignon-igt-colline-pescaresi\/","url":"https:\/\/bramasole.ee\/en\/toode\/cabernet-sauvignon-igt-colline-pescaresi\/","name":"Cabernet Sauvignon IGT Colline Pescaresi - Bramasole","isPartOf":{"@id":"https:\/\/bramasole.ee\/en\/#website"},"primaryImageOfPage":{"@id":"https:\/\/bramasole.ee\/en\/toode\/cabernet-sauvignon-igt-colline-pescaresi\/#primaryimage"},"image":{"@id":"https:\/\/bramasole.ee\/en\/toode\/cabernet-sauvignon-igt-colline-pescaresi\/#primaryimage"},"thumbnailUrl":"https:\/\/bramasole.ee\/wp-content\/uploads\/2024\/03\/Cabernet-Sauvignon-Colline-Pescaresi_Bramasole.jpg","datePublished":"2024-03-13T14:24:48+00:00","dateModified":"2024-10-15T09:45:35+00:00","description":"Cabernet Sauvignon IGT Vigne Lomanegra- kvaliteetsed veinid Itaaliast. Punane kuiv vein. Veiniklubi liikmele alati lemmikvein -20% soodsam!","breadcrumb":{"@id":"https:\/\/bramasole.ee\/en\/toode\/cabernet-sauvignon-igt-colline-pescaresi\/#breadcrumb"},"inLanguage":"en-US","potentialAction":[{"@type":"ReadAction","target":["https:\/\/bramasole.ee\/en\/toode\/cabernet-sauvignon-igt-colline-pescaresi\/"]}]},{"@type":"ImageObject","inLanguage":"en-US","@id":"https:\/\/bramasole.ee\/en\/toode\/cabernet-sauvignon-igt-colline-pescaresi\/#primaryimage","url":"https:\/\/bramasole.ee\/wp-content\/uploads\/2024\/03\/Cabernet-Sauvignon-Colline-Pescaresi_Bramasole.jpg","contentUrl":"https:\/\/bramasole.ee\/wp-content\/uploads\/2024\/03\/Cabernet-Sauvignon-Colline-Pescaresi_Bramasole.jpg","width":1100,"height":1100,"caption":"Cabernet Sauvignon"},{"@type":"BreadcrumbList","@id":"https:\/\/bramasole.ee\/en\/toode\/cabernet-sauvignon-igt-colline-pescaresi\/#breadcrumb","itemListElement":[{"@type":"ListItem","position":1,"name":"Home","item":"https:\/\/bramasole.ee\/en\/"},{"@type":"ListItem","position":2,"name":"VEINIPOOD","item":"https:\/\/bramasole.ee\/veinipood\/"},{"@type":"ListItem","position":3,"name":"Cabernet Sauvignon IGT Colline Pescaresi"}]},{"@type":"WebSite","@id":"https:\/\/bramasole.ee\/en\/#website","url":"https:\/\/bramasole.ee\/en\/","name":"Bramasole","description":"Bramasole veinipood - ainult hea vein!","publisher":{"@id":"https:\/\/bramasole.ee\/en\/#organization"},"alternateName":"Bramasole veinid","potentialAction":[{"@type":"SearchAction","target":{"@type":"EntryPoint","urlTemplate":"https:\/\/bramasole.ee\/en\/?s={search_term_string}"},"query-input":{"@type":"PropertyValueSpecification","valueRequired":true,"valueName":"search_term_string"}}],"inLanguage":"en-US"},{"@type":"Organization","@id":"https:\/\/bramasole.ee\/en\/#organization","name":"Bramasole","url":"https:\/\/bramasole.ee\/en\/","logo":{"@type":"ImageObject","inLanguage":"en-US","@id":"https:\/\/bramasole.ee\/en\/#\/schema\/logo\/image\/","url":"https:\/\/bramasole.ee\/wp-content\/uploads\/2023\/04\/House_of_bramasole_logo.png","contentUrl":"https:\/\/bramasole.ee\/wp-content\/uploads\/2023\/04\/House_of_bramasole_logo.png","width":1031,"height":257,"caption":"Bramasole"},"image":{"@id":"https:\/\/bramasole.ee\/en\/#\/schema\/logo\/image\/"},"sameAs":["https:\/\/www.facebook.com\/houseofbramasole","https:\/\/www.instagram.com\/houseofbramasole\/"]}]},"product_price_amount":"52.10","product_price_currency":"EUR","og_availability":"instock","product_availability":"instock","product_condition":"new"},"_links":{"self":[{"href":"https:\/\/bramasole.ee\/en\/wp-json\/wp\/v2\/product\/55761","targetHints":{"allow":["GET"]}}],"collection":[{"href":"https:\/\/bramasole.ee\/en\/wp-json\/wp\/v2\/product"}],"about":[{"href":"https:\/\/bramasole.ee\/en\/wp-json\/wp\/v2\/types\/product"}],"replies":[{"embeddable":true,"href":"https:\/\/bramasole.ee\/en\/wp-json\/wp\/v2\/comments?post=55761"}],"wp:featuredmedia":[{"embeddable":true,"href":"https:\/\/bramasole.ee\/en\/wp-json\/wp\/v2\/media\/55763"}],"wp:attachment":[{"href":"https:\/\/bramasole.ee\/en\/wp-json\/wp\/v2\/media?parent=55761"}],"wp:term":[{"taxonomy":"product_brand","embeddable":true,"href":"https:\/\/bramasole.ee\/en\/wp-json\/wp\/v2\/product_brand?post=55761"},{"taxonomy":"product_cat","embeddable":true,"href":"https:\/\/bramasole.ee\/en\/wp-json\/wp\/v2\/product_cat?post=55761"},{"taxonomy":"product_tag","embeddable":true,"href":"https:\/\/bramasole.ee\/en\/wp-json\/wp\/v2\/product_tag?post=55761"}],"curies":[{"name":"wp","href":"https:\/\/api.w.org\/{rel}","templated":true}]}}