{"id":55704,"date":"2024-01-12T11:18:01","date_gmt":"2024-01-12T09:18:01","guid":{"rendered":"https:\/\/bramasole.ee\/?post_type=product&#038;p=55704"},"modified":"2024-12-12T11:06:14","modified_gmt":"2024-12-12T09:06:14","slug":"sokolaadisudamed-gianduja-200-gr","status":"publish","type":"product","link":"https:\/\/bramasole.ee\/en\/Toode\/sokolaadisudamed-gianduja-200-gr\/","title":{"rendered":"\u0160okolaadis\u00fcdamed Gianduja 200 gr."},"content":{"rendered":"<h3>\u0160okolaadis\u00fcdamed Gianduja pralinee 200 gr.<\/h3>\n<p>T\u00f5eliselt nauditavad \u0161okolaadi-p\u00e4hklikpralineed.<\/p>\n<p>Koostis:<\/p>\n<p>Piima\u0161okolaad 67% (suhkur, kakaov\u00f5i, t\u00e4ispiimapulber, kakaomass, emulgaator: sojaletsitiin, looduslik vanilje) sarapuup\u00e4hklikreem, madala rasvasisaldusega kakaopulber, vadakupulber, laktoos, sarapuup\u00e4hkel 2%, l\u00f5ssipulber, emulgaator p\u00e4evalilleletsitiin, looduslik l\u00f5hna- ja maitseaine), sarapuup\u00e4hklid 7,5%, tume \u0161okolaad (kakaopasta, suhkur, emulgaator: sojaletsitiin, looduslik vanilje), l\u00f5hna- ja maitseaine. Sarapuup\u00e4hklid t\u00e4idises 20%.<\/p>\n<p>Proovi kindlasti ka meie teisi maitsvaid tooteid. Meie gurmeetooted on maitsvad ja kvaliteetsed!<\/p>\n","protected":false},"excerpt":{"rendered":"<p>T\u00f5eliselt maitsvad \u0161okolaadis\u00fcdamed otse Itaaliast, Piemonte s\u00fcdamest. Pralinees on \u00fchendatud nii \u0161okolaad kui Gianduja p\u00e4hklikreem. Suurep\u00e4rane kingitus!<\/p>\n","protected":false},"featured_media":55705,"comment_status":"open","ping_status":"closed","template":"","meta":[],"product_brand":[],"product_cat":[298,516],"product_tag":[517,457,461,518],"class_list":{"0":"post-55704","1":"product","2":"type-product","3":"status-publish","4":"has-post-thumbnail","6":"product_cat-gurmeetooted","7":"product_cat-sokolaad-dessert","8":"product_tag-gianduja","9":"product_tag-gurmeetoode","10":"product_tag-itaalia-maitsed","11":"product_tag-sokolaad","12":"description-off","14":"first","15":"instock","16":"taxable","17":"shipping-taxable","18":"purchasable","19":"product-type-simple"},"yoast_head":"<!-- This site is optimized with the Yoast SEO Premium plugin v23.0 (Yoast SEO v25.3.1) - https:\/\/yoast.com\/wordpress\/plugins\/seo\/ -->\n<title>\u0160okolaadis\u00fcdamed Gianduja 200 gr. - House of Bramasole<\/title>\n<meta name=\"description\" content=\"\u0160okolaadis\u00fcdamed Gianduja pralinee. Itaalia kvaliteet, \u0161okolaad ja p\u00e4hklikreem \u00fcheskoos. Maitsvad pralineekommid. Suurep\u00e4rane nauditav kingitus!\" \/>\n<meta name=\"robots\" content=\"index, follow, max-snippet:-1, max-image-preview:large, max-video-preview:-1\" \/>\n<link rel=\"canonical\" href=\"https:\/\/bramasole.ee\/en\/Toode\/sokolaadisudamed-gianduja-200-gr\/\" \/>\n<meta property=\"og:locale\" content=\"en_US\" \/>\n<meta property=\"og:type\" content=\"article\" \/>\n<meta property=\"og:title\" content=\"\u0160okolaadis\u00fcdamed Gianduja 200 gr.\" \/>\n<meta property=\"og:description\" content=\"\u0160okolaadis\u00fcdamed Gianduja pralinee. Itaalia kvaliteet, \u0161okolaad ja p\u00e4hklikreem \u00fcheskoos. Maitsvad pralineekommid. Suurep\u00e4rane nauditav kingitus!\" \/>\n<meta property=\"og:url\" content=\"https:\/\/bramasole.ee\/en\/Toode\/sokolaadisudamed-gianduja-200-gr\/\" \/>\n<meta property=\"og:site_name\" content=\"Bramasole\" \/>\n<meta property=\"article:publisher\" content=\"https:\/\/www.facebook.com\/houseofbramasole\" \/>\n<meta property=\"article:modified_time\" content=\"2024-12-12T09:06:14+00:00\" \/>\n<meta property=\"og:image\" content=\"https:\/\/bramasole.ee\/wp-content\/uploads\/2024\/01\/Sokolaadisudamed.png\" \/>\n\t<meta property=\"og:image:width\" content=\"1100\" \/>\n\t<meta property=\"og:image:height\" content=\"1100\" \/>\n\t<meta property=\"og:image:type\" content=\"image\/png\" \/>\n<meta name=\"twitter:card\" content=\"summary_large_image\" \/>\n<meta name=\"twitter:label1\" content=\"Price\" \/>\n\t<meta name=\"twitter:data1\" content=\"&euro;10.50\" \/>\n\t<meta name=\"twitter:label2\" content=\"Availability\" \/>\n\t<meta name=\"twitter:data2\" content=\"In stock\" \/>\n<script type=\"application\/ld+json\" class=\"yoast-schema-graph\">{\"@context\":\"https:\/\/schema.org\",\"@graph\":[{\"@type\":\"WebPage\",\"@id\":\"https:\/\/bramasole.ee\/en\/Toode\/sokolaadisudamed-gianduja-200-gr\/\",\"url\":\"https:\/\/bramasole.ee\/en\/Toode\/sokolaadisudamed-gianduja-200-gr\/\",\"name\":\"\u0160okolaadis\u00fcdamed Gianduja 200 gr. - House of Bramasole\",\"isPartOf\":{\"@id\":\"https:\/\/bramasole.ee\/en\/#website\"},\"primaryImageOfPage\":{\"@id\":\"https:\/\/bramasole.ee\/en\/Toode\/sokolaadisudamed-gianduja-200-gr\/#primaryimage\"},\"image\":{\"@id\":\"https:\/\/bramasole.ee\/en\/Toode\/sokolaadisudamed-gianduja-200-gr\/#primaryimage\"},\"thumbnailUrl\":\"https:\/\/bramasole.ee\/wp-content\/uploads\/2024\/01\/Sokolaadisudamed.png\",\"datePublished\":\"2024-01-12T09:18:01+00:00\",\"dateModified\":\"2024-12-12T09:06:14+00:00\",\"description\":\"\u0160okolaadis\u00fcdamed Gianduja pralinee. Itaalia kvaliteet, \u0161okolaad ja p\u00e4hklikreem \u00fcheskoos. Maitsvad pralineekommid. Suurep\u00e4rane nauditav kingitus!\",\"breadcrumb\":{\"@id\":\"https:\/\/bramasole.ee\/en\/Toode\/sokolaadisudamed-gianduja-200-gr\/#breadcrumb\"},\"inLanguage\":\"en-US\",\"potentialAction\":[{\"@type\":\"ReadAction\",\"target\":[\"https:\/\/bramasole.ee\/en\/Toode\/sokolaadisudamed-gianduja-200-gr\/\"]}]},{\"@type\":\"ImageObject\",\"inLanguage\":\"en-US\",\"@id\":\"https:\/\/bramasole.ee\/en\/Toode\/sokolaadisudamed-gianduja-200-gr\/#primaryimage\",\"url\":\"https:\/\/bramasole.ee\/wp-content\/uploads\/2024\/01\/Sokolaadisudamed.png\",\"contentUrl\":\"https:\/\/bramasole.ee\/wp-content\/uploads\/2024\/01\/Sokolaadisudamed.png\",\"width\":1100,\"height\":1100,\"caption\":\"\u0160okolaadisu\u0308damed Gianduja pralinee\"},{\"@type\":\"BreadcrumbList\",\"@id\":\"https:\/\/bramasole.ee\/en\/Toode\/sokolaadisudamed-gianduja-200-gr\/#breadcrumb\",\"itemListElement\":[{\"@type\":\"ListItem\",\"position\":1,\"name\":\"Home\",\"item\":\"https:\/\/bramasole.ee\/en\/\"},{\"@type\":\"ListItem\",\"position\":2,\"name\":\"VEINIPOOD\",\"item\":\"https:\/\/bramasole.ee\/veinipood\/\"},{\"@type\":\"ListItem\",\"position\":3,\"name\":\"\u0160okolaadis\u00fcdamed Gianduja 200 gr.\"}]},{\"@type\":\"WebSite\",\"@id\":\"https:\/\/bramasole.ee\/en\/#website\",\"url\":\"https:\/\/bramasole.ee\/en\/\",\"name\":\"Bramasole\",\"description\":\"Bramasole veinipood - ainult hea vein!\",\"publisher\":{\"@id\":\"https:\/\/bramasole.ee\/en\/#organization\"},\"alternateName\":\"Bramasole veinid\",\"potentialAction\":[{\"@type\":\"SearchAction\",\"target\":{\"@type\":\"EntryPoint\",\"urlTemplate\":\"https:\/\/bramasole.ee\/en\/?s={search_term_string}\"},\"query-input\":{\"@type\":\"PropertyValueSpecification\",\"valueRequired\":true,\"valueName\":\"search_term_string\"}}],\"inLanguage\":\"en-US\"},{\"@type\":\"Organization\",\"@id\":\"https:\/\/bramasole.ee\/en\/#organization\",\"name\":\"Bramasole\",\"url\":\"https:\/\/bramasole.ee\/en\/\",\"logo\":{\"@type\":\"ImageObject\",\"inLanguage\":\"en-US\",\"@id\":\"https:\/\/bramasole.ee\/en\/#\/schema\/logo\/image\/\",\"url\":\"https:\/\/bramasole.ee\/wp-content\/uploads\/2023\/04\/House_of_bramasole_logo.png\",\"contentUrl\":\"https:\/\/bramasole.ee\/wp-content\/uploads\/2023\/04\/House_of_bramasole_logo.png\",\"width\":1031,\"height\":257,\"caption\":\"Bramasole\"},\"image\":{\"@id\":\"https:\/\/bramasole.ee\/en\/#\/schema\/logo\/image\/\"},\"sameAs\":[\"https:\/\/www.facebook.com\/houseofbramasole\",\"https:\/\/www.instagram.com\/houseofbramasole\/\"]}]}<\/script>\n<meta property=\"product:price:amount\" content=\"10.50\" \/>\n<meta property=\"product:price:currency\" content=\"EUR\" \/>\n<meta property=\"og:availability\" content=\"instock\" \/>\n<meta property=\"product:availability\" content=\"instock\" \/>\n<meta property=\"product:retailer_item_id\" content=\"4012\" \/>\n<meta property=\"product:condition\" content=\"new\" \/>\n<!-- \/ Yoast SEO Premium plugin. -->","yoast_head_json":{"title":"\u0160okolaadis\u00fcdamed Gianduja 200 gr. - House of Bramasole","description":"\u0160okolaadis\u00fcdamed Gianduja pralinee. Itaalia kvaliteet, \u0161okolaad ja p\u00e4hklikreem \u00fcheskoos. Maitsvad pralineekommid. Suurep\u00e4rane nauditav kingitus!","robots":{"index":"index","follow":"follow","max-snippet":"max-snippet:-1","max-image-preview":"max-image-preview:large","max-video-preview":"max-video-preview:-1"},"canonical":"https:\/\/bramasole.ee\/en\/Toode\/sokolaadisudamed-gianduja-200-gr\/","og_locale":"en_US","og_type":"article","og_title":"\u0160okolaadis\u00fcdamed Gianduja 200 gr.","og_description":"\u0160okolaadis\u00fcdamed Gianduja pralinee. Itaalia kvaliteet, \u0161okolaad ja p\u00e4hklikreem \u00fcheskoos. Maitsvad pralineekommid. Suurep\u00e4rane nauditav kingitus!","og_url":"https:\/\/bramasole.ee\/en\/Toode\/sokolaadisudamed-gianduja-200-gr\/","og_site_name":"Bramasole","article_publisher":"https:\/\/www.facebook.com\/houseofbramasole","article_modified_time":"2024-12-12T09:06:14+00:00","og_image":[{"width":1100,"height":1100,"url":"https:\/\/bramasole.ee\/wp-content\/uploads\/2024\/01\/Sokolaadisudamed.png","type":"image\/png"}],"twitter_card":"summary_large_image","twitter_misc":{"Price":"&euro;10.50","Availability":"In stock"},"schema":{"@context":"https:\/\/schema.org","@graph":[{"@type":"WebPage","@id":"https:\/\/bramasole.ee\/en\/Toode\/sokolaadisudamed-gianduja-200-gr\/","url":"https:\/\/bramasole.ee\/en\/Toode\/sokolaadisudamed-gianduja-200-gr\/","name":"\u0160okolaadis\u00fcdamed Gianduja 200 gr. - House of Bramasole","isPartOf":{"@id":"https:\/\/bramasole.ee\/en\/#website"},"primaryImageOfPage":{"@id":"https:\/\/bramasole.ee\/en\/Toode\/sokolaadisudamed-gianduja-200-gr\/#primaryimage"},"image":{"@id":"https:\/\/bramasole.ee\/en\/Toode\/sokolaadisudamed-gianduja-200-gr\/#primaryimage"},"thumbnailUrl":"https:\/\/bramasole.ee\/wp-content\/uploads\/2024\/01\/Sokolaadisudamed.png","datePublished":"2024-01-12T09:18:01+00:00","dateModified":"2024-12-12T09:06:14+00:00","description":"\u0160okolaadis\u00fcdamed Gianduja pralinee. Itaalia kvaliteet, \u0161okolaad ja p\u00e4hklikreem \u00fcheskoos. Maitsvad pralineekommid. Suurep\u00e4rane nauditav kingitus!","breadcrumb":{"@id":"https:\/\/bramasole.ee\/en\/Toode\/sokolaadisudamed-gianduja-200-gr\/#breadcrumb"},"inLanguage":"en-US","potentialAction":[{"@type":"ReadAction","target":["https:\/\/bramasole.ee\/en\/Toode\/sokolaadisudamed-gianduja-200-gr\/"]}]},{"@type":"ImageObject","inLanguage":"en-US","@id":"https:\/\/bramasole.ee\/en\/Toode\/sokolaadisudamed-gianduja-200-gr\/#primaryimage","url":"https:\/\/bramasole.ee\/wp-content\/uploads\/2024\/01\/Sokolaadisudamed.png","contentUrl":"https:\/\/bramasole.ee\/wp-content\/uploads\/2024\/01\/Sokolaadisudamed.png","width":1100,"height":1100,"caption":"\u0160okolaadisu\u0308damed Gianduja pralinee"},{"@type":"BreadcrumbList","@id":"https:\/\/bramasole.ee\/en\/Toode\/sokolaadisudamed-gianduja-200-gr\/#breadcrumb","itemListElement":[{"@type":"ListItem","position":1,"name":"Home","item":"https:\/\/bramasole.ee\/en\/"},{"@type":"ListItem","position":2,"name":"VEINIPOOD","item":"https:\/\/bramasole.ee\/veinipood\/"},{"@type":"ListItem","position":3,"name":"\u0160okolaadis\u00fcdamed Gianduja 200 gr."}]},{"@type":"WebSite","@id":"https:\/\/bramasole.ee\/en\/#website","url":"https:\/\/bramasole.ee\/en\/","name":"Bramasole","description":"Bramasole veinipood - ainult hea vein!","publisher":{"@id":"https:\/\/bramasole.ee\/en\/#organization"},"alternateName":"Bramasole veinid","potentialAction":[{"@type":"SearchAction","target":{"@type":"EntryPoint","urlTemplate":"https:\/\/bramasole.ee\/en\/?s={search_term_string}"},"query-input":{"@type":"PropertyValueSpecification","valueRequired":true,"valueName":"search_term_string"}}],"inLanguage":"en-US"},{"@type":"Organization","@id":"https:\/\/bramasole.ee\/en\/#organization","name":"Bramasole","url":"https:\/\/bramasole.ee\/en\/","logo":{"@type":"ImageObject","inLanguage":"en-US","@id":"https:\/\/bramasole.ee\/en\/#\/schema\/logo\/image\/","url":"https:\/\/bramasole.ee\/wp-content\/uploads\/2023\/04\/House_of_bramasole_logo.png","contentUrl":"https:\/\/bramasole.ee\/wp-content\/uploads\/2023\/04\/House_of_bramasole_logo.png","width":1031,"height":257,"caption":"Bramasole"},"image":{"@id":"https:\/\/bramasole.ee\/en\/#\/schema\/logo\/image\/"},"sameAs":["https:\/\/www.facebook.com\/houseofbramasole","https:\/\/www.instagram.com\/houseofbramasole\/"]}]},"product_price_amount":"10.50","product_price_currency":"EUR","og_availability":"instock","product_availability":"instock","product_retailer_item_id":"4012","product_condition":"new"},"_links":{"self":[{"href":"https:\/\/bramasole.ee\/en\/wp-json\/wp\/v2\/product\/55704","targetHints":{"allow":["GET"]}}],"collection":[{"href":"https:\/\/bramasole.ee\/en\/wp-json\/wp\/v2\/product"}],"about":[{"href":"https:\/\/bramasole.ee\/en\/wp-json\/wp\/v2\/types\/product"}],"replies":[{"embeddable":true,"href":"https:\/\/bramasole.ee\/en\/wp-json\/wp\/v2\/comments?post=55704"}],"wp:featuredmedia":[{"embeddable":true,"href":"https:\/\/bramasole.ee\/en\/wp-json\/wp\/v2\/media\/55705"}],"wp:attachment":[{"href":"https:\/\/bramasole.ee\/en\/wp-json\/wp\/v2\/media?parent=55704"}],"wp:term":[{"taxonomy":"product_brand","embeddable":true,"href":"https:\/\/bramasole.ee\/en\/wp-json\/wp\/v2\/product_brand?post=55704"},{"taxonomy":"product_cat","embeddable":true,"href":"https:\/\/bramasole.ee\/en\/wp-json\/wp\/v2\/product_cat?post=55704"},{"taxonomy":"product_tag","embeddable":true,"href":"https:\/\/bramasole.ee\/en\/wp-json\/wp\/v2\/product_tag?post=55704"}],"curies":[{"name":"wp","href":"https:\/\/api.w.org\/{rel}","templated":true}]}}