{"id":55266,"date":"2023-10-03T09:14:02","date_gmt":"2023-10-03T06:14:02","guid":{"rendered":"https:\/\/bramasole.ee\/?post_type=product&#038;p=55266"},"modified":"2024-01-02T16:07:06","modified_gmt":"2024-01-02T14:07:06","slug":"pesto-alla-genovese-90-gr","status":"publish","type":"product","link":"https:\/\/bramasole.ee\/en\/Toode\/pesto-alla-genovese-90-gr\/","title":{"rendered":"Pesto alla Genovese DOP 90 gr."},"content":{"rendered":"<div class=\"flex-1 overflow-hidden\">\n<div class=\"react-scroll-to-bottom--css-wxbaj-79elbk h-full dark:bg-gray-800\">\n<div class=\"react-scroll-to-bottom--css-wxbaj-1n7m0yu\">\n<div class=\"flex flex-col text-sm dark:bg-gray-800\">\n<div class=\"group w-full text-token-text-primary border-b border-black\/10 gizmo:border-0 dark:border-gray-900\/50 gizmo:dark:border-0 bg-gray-50 gizmo:bg-transparent dark:bg-[#444654] gizmo:dark:bg-transparent\" data-testid=\"conversation-turn-27\">\n<div class=\"p-4 justify-center text-base md:gap-6 md:py-6 m-auto\">\n<div class=\"flex flex-1 gap-4 text-base mx-auto md:gap-6 gizmo:gap-3 gizmo:md:px-5 gizmo:lg:px-1 gizmo:xl:px-5 md:max-w-2xl lg:max-w-[38rem] gizmo:md:max-w-3xl gizmo:lg:max-w-[40rem] gizmo:xl:max-w-[48rem] xl:max-w-3xl }\">\n<div class=\"relative flex w-[calc(100%-50px)] flex-col gap-1 gizmo:w-full md:gap-3 lg:w-[calc(100%-115px)] agent-turn\">\n<div class=\"flex-1 overflow-hidden\">\n<div class=\"react-scroll-to-bottom--css-wxbaj-79elbk h-full dark:bg-gray-800\">\n<div class=\"react-scroll-to-bottom--css-wxbaj-1n7m0yu\">\n<div class=\"flex flex-col text-sm dark:bg-gray-800\">\n<div class=\"group w-full text-token-text-primary border-b border-black\/10 gizmo:border-0 dark:border-gray-900\/50 gizmo:dark:border-0 bg-gray-50 gizmo:bg-transparent dark:bg-[#444654] gizmo:dark:bg-transparent\" data-testid=\"conversation-turn-29\">\n<div class=\"p-4 justify-center text-base md:gap-6 md:py-6 m-auto\">\n<div class=\"flex flex-1 gap-4 text-base mx-auto md:gap-6 gizmo:gap-3 gizmo:md:px-5 gizmo:lg:px-1 gizmo:xl:px-5 md:max-w-2xl lg:max-w-[38rem] gizmo:md:max-w-3xl gizmo:lg:max-w-[40rem] gizmo:xl:max-w-[48rem] xl:max-w-3xl }\">\n<div class=\"relative flex w-[calc(100%-50px)] flex-col gap-1 gizmo:w-full md:gap-3 lg:w-[calc(100%-115px)] agent-turn\">\n<div class=\"flex flex-grow flex-col gap-3 max-w-full\">\n<div class=\"min-h-[20px] flex flex-col items-start gap-3 overflow-x-auto whitespace-pre-wrap break-words\">\n<div class=\"markdown prose w-full break-words dark:prose-invert light\">\n<h5>Pesto alla Genovese DOP 90 gr. &#8211; Itaalia v\u00e4rskus Sinu k\u00f6\u00f6gis!<\/h5>\n<div class=\"flex-1 overflow-hidden\">\n<div class=\"react-scroll-to-bottom--css-wxbaj-79elbk h-full dark:bg-gray-800\">\n<div class=\"react-scroll-to-bottom--css-wxbaj-1n7m0yu\">\n<div class=\"flex flex-col text-sm dark:bg-gray-800\">\n<div class=\"group w-full text-token-text-primary border-b border-black\/10 gizmo:border-0 dark:border-gray-900\/50 gizmo:dark:border-0 bg-gray-50 gizmo:bg-transparent dark:bg-[#444654] gizmo:dark:bg-transparent\" data-testid=\"conversation-turn-33\">\n<div class=\"p-4 justify-center text-base md:gap-6 md:py-6 m-auto\">\n<div class=\"flex flex-1 gap-4 text-base mx-auto md:gap-6 gizmo:gap-3 gizmo:md:px-5 gizmo:lg:px-1 gizmo:xl:px-5 md:max-w-2xl lg:max-w-[38rem] gizmo:md:max-w-3xl gizmo:lg:max-w-[40rem] gizmo:xl:max-w-[48rem] xl:max-w-3xl }\">\n<div class=\"relative flex w-[calc(100%-50px)] flex-col gap-1 gizmo:w-full md:gap-3 lg:w-[calc(100%-115px)] agent-turn\">\n<p>Koge Itaalia p\u00e4ritolu maitseid ja v\u00e4rskust meie Pesto alla Genovese &#8216;ga, mis on valmistatud traditsiooniliste retseptide j\u00e4rgi, tuues esile Genova piirkonna kulinaarse p\u00e4randi. See roheline basiliikust valistatud pesto on ideaalne valik nii pastaroogadele kui ka erinevatele salatitele, suppidele, lisandiks lihale v\u00f5i k\u00f6\u00f6giviljadele.<\/p>\n<h4><span style=\"color: #993366;\">Maitsvad ja tervislikud Itaalia maitsed!<\/span><\/h4>\n<p><strong>Omadused:<\/strong><\/p>\n<ul>\n<li><strong>V\u00e4rsked koostisosad:<\/strong> Meie Pesto alla Genovese on valmistatud v\u00e4rsketest basiilikulehtedest, r\u00f6stitud seedrip\u00e4hklitest, Pecorino ja Grana Padano juustust, ja oliivi\u00f5list, et pakkuda t\u00f5elist Itaalia maitseelamust. \/ vaata koostist kirjelduse l\u00f5pust\/<\/li>\n<li><strong>Intensiivne aroom:<\/strong> Pesto rikkalik ja intensiivne aroom toob esile basiiliku v\u00e4rskuse ja juustu umaamisuse.<\/li>\n<li><strong>Mitmek\u00fclgne kasutamine:<\/strong> See pesto sobib suurep\u00e4raselt pastaroogadele, pitsadele, v\u00f5ileibadele ja isegi grillitud k\u00f6\u00f6giviljadele. Lase oma loovusel lennata!<\/li>\n<li><strong>Autentne Itaalia maitse:<\/strong> Oleme hoolikalt j\u00e4rginud Itaalia traditsioone, et tuua teieni pesto autentne maitse, mis kutsub esile Itaalia p\u00e4ikeselist s\u00fcdant.<\/li>\n<\/ul>\n<p><strong>Kuidas nautida:<\/strong><\/p>\n<p>Naudi\u00a0 rikkalikku maitset, segades seda al dente keedetud pastaga v\u00f5i m\u00e4\u00e4rides seda kr\u00f5beda saia peale. Tervita oma maitsemeeli umaamise delikatessiga, mis viib sind otse Itaalia maalilistesse \u00fcrdiaedadesse. Tuleta meelde p\u00e4ikest, merd ja puhtaid maitseid iga lusikat\u00e4iega!<\/p>\n<h4><span style=\"color: #993366;\">Maitsvad ja tervislikud Itaalia maitsed!<\/span><\/h4>\n<\/div>\n<\/div>\n<\/div>\n<\/div>\n<\/div>\n<\/div>\n<\/div>\n<\/div>\n<p><strong>Koostis:<\/strong> Oliivi\u00f5li, Genovese basiilik 25%, india p\u00e4hklid, ekstra neitsioliivi\u00f5li, sool, m\u00e4nniseemned, Grana Padano juust (piim, laap, sool, s\u00e4ilitusaine: lisosiimmunad), Pecorino juust (lambapiim, sool, laap), k\u00fc\u00fcslauk. See v\u00f5ib sisaldada j\u00e4lgi teistest p\u00e4hklitest ja maap\u00e4hklitest.<\/p>\n<p>Proovi kindlasti &#8211; t\u00f5elised Itaalia maitsed!<\/p>\n<\/div>\n<\/div>\n<\/div>\n<\/div>\n<\/div>\n<\/div>\n<\/div>\n<\/div>\n<\/div>\n<\/div>\n<\/div>\n<\/div>\n<\/div>\n<\/div>\n<\/div>\n<\/div>\n<\/div>\n<\/div>\n<\/div>\n","protected":false},"excerpt":{"rendered":"<p>Koge Itaalia p\u00e4ritolu maitseid ja v\u00e4rskust meie Pesto alla Genovese &#8216;ga, mis on valmistatud traditsiooniliste retseptide j\u00e4rgi, tuues esile Genova piirkonna kulinaarse p\u00e4randi. See roheline basiliikust valistatud pesto on ideaalne valik nii pastaroogadele kui ka erinevatele salatitele, suppidele, lisandiks lihale v\u00f5i k\u00f6\u00f6giviljadele.<\/p>\n","protected":false},"featured_media":55267,"comment_status":"open","ping_status":"closed","template":"","meta":[],"product_brand":[],"product_cat":[298,301],"product_tag":[459,457,461,472],"class_list":{"0":"post-55266","1":"product","2":"type-product","3":"status-publish","4":"has-post-thumbnail","6":"product_cat-gurmeetooted","7":"product_cat-pesto","8":"product_tag-delikatess","9":"product_tag-gurmeetoode","10":"product_tag-itaalia-maitsed","11":"product_tag-pesto","12":"description-off","14":"first","15":"instock","16":"taxable","17":"shipping-taxable","18":"purchasable","19":"product-type-simple"},"yoast_head":"<!-- This site is optimized with the Yoast SEO Premium plugin v23.0 (Yoast SEO v25.3.1) - https:\/\/yoast.com\/wordpress\/plugins\/seo\/ -->\n<title>Pesto alla Genovese. Itaalia maitsed!<\/title>\n<meta name=\"description\" content=\"Pesto alla Genovese - v\u00e4rskete basiilikulehtede, m\u00e4nniseemnete, Pecorino ja Grana Padano ja oliivi\u00f5li harmooniline kooslus. Tervislikud Itaalia maitsed!\" \/>\n<meta name=\"robots\" content=\"index, follow, max-snippet:-1, max-image-preview:large, max-video-preview:-1\" \/>\n<link rel=\"canonical\" href=\"https:\/\/bramasole.ee\/en\/Toode\/pesto-alla-genovese-90-gr\/\" \/>\n<meta property=\"og:locale\" content=\"en_US\" \/>\n<meta property=\"og:type\" content=\"article\" \/>\n<meta property=\"og:title\" content=\"Pesto alla Genovese DOP 90 gr.\" \/>\n<meta property=\"og:description\" content=\"Pesto alla Genovese - v\u00e4rskete basiilikulehtede, m\u00e4nniseemnete, Pecorino ja Grana Padano ja oliivi\u00f5li harmooniline kooslus. Tervislikud Itaalia maitsed!\" \/>\n<meta property=\"og:url\" content=\"https:\/\/bramasole.ee\/en\/Toode\/pesto-alla-genovese-90-gr\/\" \/>\n<meta property=\"og:site_name\" content=\"Bramasole\" \/>\n<meta property=\"article:publisher\" content=\"https:\/\/www.facebook.com\/houseofbramasole\" \/>\n<meta property=\"article:modified_time\" content=\"2024-01-02T14:07:06+00:00\" \/>\n<meta property=\"og:image\" content=\"https:\/\/bramasole.ee\/wp-content\/uploads\/2023\/10\/Pesto-alla-Genovese_748_749_GranCucina.jpg\" \/>\n\t<meta property=\"og:image:width\" content=\"900\" \/>\n\t<meta property=\"og:image:height\" content=\"900\" \/>\n\t<meta property=\"og:image:type\" content=\"image\/jpeg\" \/>\n<meta name=\"twitter:card\" content=\"summary_large_image\" \/>\n<meta name=\"twitter:label1\" content=\"Price\" \/>\n\t<meta name=\"twitter:data1\" content=\"&euro;5.20\" \/>\n\t<meta name=\"twitter:label2\" content=\"Availability\" \/>\n\t<meta name=\"twitter:data2\" content=\"In stock\" \/>\n<script type=\"application\/ld+json\" class=\"yoast-schema-graph\">{\"@context\":\"https:\/\/schema.org\",\"@graph\":[{\"@type\":\"WebPage\",\"@id\":\"https:\/\/bramasole.ee\/en\/Toode\/pesto-alla-genovese-90-gr\/\",\"url\":\"https:\/\/bramasole.ee\/en\/Toode\/pesto-alla-genovese-90-gr\/\",\"name\":\"Pesto alla Genovese. Itaalia maitsed!\",\"isPartOf\":{\"@id\":\"https:\/\/bramasole.ee\/en\/#website\"},\"primaryImageOfPage\":{\"@id\":\"https:\/\/bramasole.ee\/en\/Toode\/pesto-alla-genovese-90-gr\/#primaryimage\"},\"image\":{\"@id\":\"https:\/\/bramasole.ee\/en\/Toode\/pesto-alla-genovese-90-gr\/#primaryimage\"},\"thumbnailUrl\":\"https:\/\/bramasole.ee\/wp-content\/uploads\/2023\/10\/Pesto-alla-Genovese_748_749_GranCucina.jpg\",\"datePublished\":\"2023-10-03T06:14:02+00:00\",\"dateModified\":\"2024-01-02T14:07:06+00:00\",\"description\":\"Pesto alla Genovese - v\u00e4rskete basiilikulehtede, m\u00e4nniseemnete, Pecorino ja Grana Padano ja oliivi\u00f5li harmooniline kooslus. Tervislikud Itaalia maitsed!\",\"breadcrumb\":{\"@id\":\"https:\/\/bramasole.ee\/en\/Toode\/pesto-alla-genovese-90-gr\/#breadcrumb\"},\"inLanguage\":\"en-US\",\"potentialAction\":[{\"@type\":\"ReadAction\",\"target\":[\"https:\/\/bramasole.ee\/en\/Toode\/pesto-alla-genovese-90-gr\/\"]}]},{\"@type\":\"ImageObject\",\"inLanguage\":\"en-US\",\"@id\":\"https:\/\/bramasole.ee\/en\/Toode\/pesto-alla-genovese-90-gr\/#primaryimage\",\"url\":\"https:\/\/bramasole.ee\/wp-content\/uploads\/2023\/10\/Pesto-alla-Genovese_748_749_GranCucina.jpg\",\"contentUrl\":\"https:\/\/bramasole.ee\/wp-content\/uploads\/2023\/10\/Pesto-alla-Genovese_748_749_GranCucina.jpg\",\"width\":900,\"height\":900,\"caption\":\"Pesto alla Genovese\"},{\"@type\":\"BreadcrumbList\",\"@id\":\"https:\/\/bramasole.ee\/en\/Toode\/pesto-alla-genovese-90-gr\/#breadcrumb\",\"itemListElement\":[{\"@type\":\"ListItem\",\"position\":1,\"name\":\"Home\",\"item\":\"https:\/\/bramasole.ee\/en\/\"},{\"@type\":\"ListItem\",\"position\":2,\"name\":\"VEINIPOOD\",\"item\":\"https:\/\/bramasole.ee\/veinipood\/\"},{\"@type\":\"ListItem\",\"position\":3,\"name\":\"Pesto alla Genovese DOP 90 gr.\"}]},{\"@type\":\"WebSite\",\"@id\":\"https:\/\/bramasole.ee\/en\/#website\",\"url\":\"https:\/\/bramasole.ee\/en\/\",\"name\":\"Bramasole\",\"description\":\"Bramasole veinipood - ainult hea vein!\",\"publisher\":{\"@id\":\"https:\/\/bramasole.ee\/en\/#organization\"},\"alternateName\":\"Bramasole veinid\",\"potentialAction\":[{\"@type\":\"SearchAction\",\"target\":{\"@type\":\"EntryPoint\",\"urlTemplate\":\"https:\/\/bramasole.ee\/en\/?s={search_term_string}\"},\"query-input\":{\"@type\":\"PropertyValueSpecification\",\"valueRequired\":true,\"valueName\":\"search_term_string\"}}],\"inLanguage\":\"en-US\"},{\"@type\":\"Organization\",\"@id\":\"https:\/\/bramasole.ee\/en\/#organization\",\"name\":\"Bramasole\",\"url\":\"https:\/\/bramasole.ee\/en\/\",\"logo\":{\"@type\":\"ImageObject\",\"inLanguage\":\"en-US\",\"@id\":\"https:\/\/bramasole.ee\/en\/#\/schema\/logo\/image\/\",\"url\":\"https:\/\/bramasole.ee\/wp-content\/uploads\/2023\/04\/House_of_bramasole_logo.png\",\"contentUrl\":\"https:\/\/bramasole.ee\/wp-content\/uploads\/2023\/04\/House_of_bramasole_logo.png\",\"width\":1031,\"height\":257,\"caption\":\"Bramasole\"},\"image\":{\"@id\":\"https:\/\/bramasole.ee\/en\/#\/schema\/logo\/image\/\"},\"sameAs\":[\"https:\/\/www.facebook.com\/houseofbramasole\",\"https:\/\/www.instagram.com\/houseofbramasole\/\"]}]}<\/script>\n<meta property=\"product:price:amount\" content=\"5.20\" \/>\n<meta property=\"product:price:currency\" content=\"EUR\" \/>\n<meta property=\"og:availability\" content=\"instock\" \/>\n<meta property=\"product:availability\" content=\"instock\" \/>\n<meta property=\"product:retailer_item_id\" content=\"748\" \/>\n<meta property=\"product:condition\" content=\"new\" \/>\n<!-- \/ Yoast SEO Premium plugin. -->","yoast_head_json":{"title":"Pesto alla Genovese. Itaalia maitsed!","description":"Pesto alla Genovese - v\u00e4rskete basiilikulehtede, m\u00e4nniseemnete, Pecorino ja Grana Padano ja oliivi\u00f5li harmooniline kooslus. Tervislikud Itaalia maitsed!","robots":{"index":"index","follow":"follow","max-snippet":"max-snippet:-1","max-image-preview":"max-image-preview:large","max-video-preview":"max-video-preview:-1"},"canonical":"https:\/\/bramasole.ee\/en\/Toode\/pesto-alla-genovese-90-gr\/","og_locale":"en_US","og_type":"article","og_title":"Pesto alla Genovese DOP 90 gr.","og_description":"Pesto alla Genovese - v\u00e4rskete basiilikulehtede, m\u00e4nniseemnete, Pecorino ja Grana Padano ja oliivi\u00f5li harmooniline kooslus. Tervislikud Itaalia maitsed!","og_url":"https:\/\/bramasole.ee\/en\/Toode\/pesto-alla-genovese-90-gr\/","og_site_name":"Bramasole","article_publisher":"https:\/\/www.facebook.com\/houseofbramasole","article_modified_time":"2024-01-02T14:07:06+00:00","og_image":[{"width":900,"height":900,"url":"https:\/\/bramasole.ee\/wp-content\/uploads\/2023\/10\/Pesto-alla-Genovese_748_749_GranCucina.jpg","type":"image\/jpeg"}],"twitter_card":"summary_large_image","twitter_misc":{"Price":"&euro;5.20","Availability":"In stock"},"schema":{"@context":"https:\/\/schema.org","@graph":[{"@type":"WebPage","@id":"https:\/\/bramasole.ee\/en\/Toode\/pesto-alla-genovese-90-gr\/","url":"https:\/\/bramasole.ee\/en\/Toode\/pesto-alla-genovese-90-gr\/","name":"Pesto alla Genovese. Itaalia maitsed!","isPartOf":{"@id":"https:\/\/bramasole.ee\/en\/#website"},"primaryImageOfPage":{"@id":"https:\/\/bramasole.ee\/en\/Toode\/pesto-alla-genovese-90-gr\/#primaryimage"},"image":{"@id":"https:\/\/bramasole.ee\/en\/Toode\/pesto-alla-genovese-90-gr\/#primaryimage"},"thumbnailUrl":"https:\/\/bramasole.ee\/wp-content\/uploads\/2023\/10\/Pesto-alla-Genovese_748_749_GranCucina.jpg","datePublished":"2023-10-03T06:14:02+00:00","dateModified":"2024-01-02T14:07:06+00:00","description":"Pesto alla Genovese - v\u00e4rskete basiilikulehtede, m\u00e4nniseemnete, Pecorino ja Grana Padano ja oliivi\u00f5li harmooniline kooslus. Tervislikud Itaalia maitsed!","breadcrumb":{"@id":"https:\/\/bramasole.ee\/en\/Toode\/pesto-alla-genovese-90-gr\/#breadcrumb"},"inLanguage":"en-US","potentialAction":[{"@type":"ReadAction","target":["https:\/\/bramasole.ee\/en\/Toode\/pesto-alla-genovese-90-gr\/"]}]},{"@type":"ImageObject","inLanguage":"en-US","@id":"https:\/\/bramasole.ee\/en\/Toode\/pesto-alla-genovese-90-gr\/#primaryimage","url":"https:\/\/bramasole.ee\/wp-content\/uploads\/2023\/10\/Pesto-alla-Genovese_748_749_GranCucina.jpg","contentUrl":"https:\/\/bramasole.ee\/wp-content\/uploads\/2023\/10\/Pesto-alla-Genovese_748_749_GranCucina.jpg","width":900,"height":900,"caption":"Pesto alla Genovese"},{"@type":"BreadcrumbList","@id":"https:\/\/bramasole.ee\/en\/Toode\/pesto-alla-genovese-90-gr\/#breadcrumb","itemListElement":[{"@type":"ListItem","position":1,"name":"Home","item":"https:\/\/bramasole.ee\/en\/"},{"@type":"ListItem","position":2,"name":"VEINIPOOD","item":"https:\/\/bramasole.ee\/veinipood\/"},{"@type":"ListItem","position":3,"name":"Pesto alla Genovese DOP 90 gr."}]},{"@type":"WebSite","@id":"https:\/\/bramasole.ee\/en\/#website","url":"https:\/\/bramasole.ee\/en\/","name":"Bramasole","description":"Bramasole veinipood - ainult hea vein!","publisher":{"@id":"https:\/\/bramasole.ee\/en\/#organization"},"alternateName":"Bramasole veinid","potentialAction":[{"@type":"SearchAction","target":{"@type":"EntryPoint","urlTemplate":"https:\/\/bramasole.ee\/en\/?s={search_term_string}"},"query-input":{"@type":"PropertyValueSpecification","valueRequired":true,"valueName":"search_term_string"}}],"inLanguage":"en-US"},{"@type":"Organization","@id":"https:\/\/bramasole.ee\/en\/#organization","name":"Bramasole","url":"https:\/\/bramasole.ee\/en\/","logo":{"@type":"ImageObject","inLanguage":"en-US","@id":"https:\/\/bramasole.ee\/en\/#\/schema\/logo\/image\/","url":"https:\/\/bramasole.ee\/wp-content\/uploads\/2023\/04\/House_of_bramasole_logo.png","contentUrl":"https:\/\/bramasole.ee\/wp-content\/uploads\/2023\/04\/House_of_bramasole_logo.png","width":1031,"height":257,"caption":"Bramasole"},"image":{"@id":"https:\/\/bramasole.ee\/en\/#\/schema\/logo\/image\/"},"sameAs":["https:\/\/www.facebook.com\/houseofbramasole","https:\/\/www.instagram.com\/houseofbramasole\/"]}]},"product_price_amount":"5.20","product_price_currency":"EUR","og_availability":"instock","product_availability":"instock","product_retailer_item_id":"748","product_condition":"new"},"_links":{"self":[{"href":"https:\/\/bramasole.ee\/en\/wp-json\/wp\/v2\/product\/55266","targetHints":{"allow":["GET"]}}],"collection":[{"href":"https:\/\/bramasole.ee\/en\/wp-json\/wp\/v2\/product"}],"about":[{"href":"https:\/\/bramasole.ee\/en\/wp-json\/wp\/v2\/types\/product"}],"replies":[{"embeddable":true,"href":"https:\/\/bramasole.ee\/en\/wp-json\/wp\/v2\/comments?post=55266"}],"wp:featuredmedia":[{"embeddable":true,"href":"https:\/\/bramasole.ee\/en\/wp-json\/wp\/v2\/media\/55267"}],"wp:attachment":[{"href":"https:\/\/bramasole.ee\/en\/wp-json\/wp\/v2\/media?parent=55266"}],"wp:term":[{"taxonomy":"product_brand","embeddable":true,"href":"https:\/\/bramasole.ee\/en\/wp-json\/wp\/v2\/product_brand?post=55266"},{"taxonomy":"product_cat","embeddable":true,"href":"https:\/\/bramasole.ee\/en\/wp-json\/wp\/v2\/product_cat?post=55266"},{"taxonomy":"product_tag","embeddable":true,"href":"https:\/\/bramasole.ee\/en\/wp-json\/wp\/v2\/product_tag?post=55266"}],"curies":[{"name":"wp","href":"https:\/\/api.w.org\/{rel}","templated":true}]}}