{"id":55263,"date":"2023-10-03T08:53:06","date_gmt":"2023-10-03T05:53:06","guid":{"rendered":"https:\/\/bramasole.ee\/?post_type=product&#038;p=55263"},"modified":"2024-01-02T16:07:25","modified_gmt":"2024-01-02T14:07:25","slug":"tuunikala-majonees-salsa-tonnata-120-gr","status":"publish","type":"product","link":"https:\/\/bramasole.ee\/en\/Toode\/tuunikala-majonees-salsa-tonnata-120-gr\/","title":{"rendered":"Tuunikala majonees &#8211; salsa tonnata 120 gr."},"content":{"rendered":"<div class=\"flex-1 overflow-hidden\">\n<div class=\"react-scroll-to-bottom--css-wxbaj-79elbk h-full dark:bg-gray-800\">\n<div class=\"react-scroll-to-bottom--css-wxbaj-1n7m0yu\">\n<div class=\"flex flex-col text-sm dark:bg-gray-800\">\n<div class=\"group w-full text-token-text-primary border-b border-black\/10 gizmo:border-0 dark:border-gray-900\/50 gizmo:dark:border-0 bg-gray-50 gizmo:bg-transparent dark:bg-[#444654] gizmo:dark:bg-transparent\" data-testid=\"conversation-turn-27\">\n<div class=\"p-4 justify-center text-base md:gap-6 md:py-6 m-auto\">\n<div class=\"flex flex-1 gap-4 text-base mx-auto md:gap-6 gizmo:gap-3 gizmo:md:px-5 gizmo:lg:px-1 gizmo:xl:px-5 md:max-w-2xl lg:max-w-[38rem] gizmo:md:max-w-3xl gizmo:lg:max-w-[40rem] gizmo:xl:max-w-[48rem] xl:max-w-3xl }\">\n<div class=\"relative flex w-[calc(100%-50px)] flex-col gap-1 gizmo:w-full md:gap-3 lg:w-[calc(100%-115px)] agent-turn\">\n<div class=\"flex-1 overflow-hidden\">\n<div class=\"react-scroll-to-bottom--css-wxbaj-79elbk h-full dark:bg-gray-800\">\n<div class=\"react-scroll-to-bottom--css-wxbaj-1n7m0yu\">\n<div class=\"flex flex-col text-sm dark:bg-gray-800\">\n<div class=\"group w-full text-token-text-primary border-b border-black\/10 gizmo:border-0 dark:border-gray-900\/50 gizmo:dark:border-0 bg-gray-50 gizmo:bg-transparent dark:bg-[#444654] gizmo:dark:bg-transparent\" data-testid=\"conversation-turn-29\">\n<div class=\"p-4 justify-center text-base md:gap-6 md:py-6 m-auto\">\n<div class=\"flex flex-1 gap-4 text-base mx-auto md:gap-6 gizmo:gap-3 gizmo:md:px-5 gizmo:lg:px-1 gizmo:xl:px-5 md:max-w-2xl lg:max-w-[38rem] gizmo:md:max-w-3xl gizmo:lg:max-w-[40rem] gizmo:xl:max-w-[48rem] xl:max-w-3xl }\">\n<div class=\"relative flex w-[calc(100%-50px)] flex-col gap-1 gizmo:w-full md:gap-3 lg:w-[calc(100%-115px)] agent-turn\">\n<div class=\"flex flex-grow flex-col gap-3 max-w-full\">\n<div class=\"min-h-[20px] flex flex-col items-start gap-3 overflow-x-auto whitespace-pre-wrap break-words\">\n<div class=\"markdown prose w-full break-words dark:prose-invert light\">\n<h5>Tuunikala majonees &#8211; salsa tonnata 120 gr.<\/h5>\n<div class=\"flex-1 overflow-hidden\">\n<div class=\"react-scroll-to-bottom--css-wxbaj-79elbk h-full dark:bg-gray-800\">\n<div class=\"react-scroll-to-bottom--css-wxbaj-1n7m0yu\">\n<div class=\"flex flex-col text-sm dark:bg-gray-800\">\n<div class=\"group w-full text-token-text-primary border-b border-black\/10 gizmo:border-0 dark:border-gray-900\/50 gizmo:dark:border-0 bg-gray-50 gizmo:bg-transparent dark:bg-[#444654] gizmo:dark:bg-transparent\" data-testid=\"conversation-turn-33\">\n<div class=\"p-4 justify-center text-base md:gap-6 md:py-6 m-auto\">\n<div class=\"flex flex-1 gap-4 text-base mx-auto md:gap-6 gizmo:gap-3 gizmo:md:px-5 gizmo:lg:px-1 gizmo:xl:px-5 md:max-w-2xl lg:max-w-[38rem] gizmo:md:max-w-3xl gizmo:lg:max-w-[40rem] gizmo:xl:max-w-[48rem] xl:max-w-3xl }\">\n<div class=\"relative flex w-[calc(100%-50px)] flex-col gap-1 gizmo:w-full md:gap-3 lg:w-[calc(100%-115px)] agent-turn\">\n<div>\n<div>\n<div>\n<p>Koge t\u00f5elist Itaalia maitset meie tuunikala majoneesi ehk salsa tonnata kaudu, mis pakub unikaalset ja maitsek\u00fcllast elamust. See delikatess on loodud \u00fchendades maheda tuunikala ja rikkaliku majoneesi harmooniliseks maitsekoosluseks.<\/p>\n<h4><span style=\"color: #993366;\">Maitsvad ja tervislikud Itaalia maitsed!<\/span><\/h4>\n<p><strong>Omadused:<\/strong><\/p>\n<ul>\n<li><strong>Mereandide maitse<\/strong>: Tunneta Vahemere laineid igal suut\u00e4iel, kus kvaliteetne tuunikala annab sellele majoneesile meeldiva merelise n\u00fcansi.<\/li>\n<li><strong>Siidine tekstuur:<\/strong> Salsa tonnata pehme ja siidine tekstuur muudab selle ideaalseks dipikastmeks, mida nautida v\u00e4rske leiva v\u00f5i k\u00f6\u00f6giviljadega.<\/li>\n<li><strong>Harmoonilised koostisosad:<\/strong> Kvaliteetne majonees seguneb t\u00e4iuslikult tuunikalaga, tuues esile selle \u00f5rna maitse ja muutes selle kreemi vastupandamatuks.<\/li>\n<li><strong>Mitmek\u00fclgne kasutamine:<\/strong> Kasuta salsa tonnata&#8217;t pastaroogade, pitsade, salatite v\u00f5i liharoogade k\u00f5rval. See on suurep\u00e4rane ka suupisteteks ja v\u00f5ileibade t\u00e4idiseks. Suurep\u00e4rane kaaslane ka tuntud ja armastatud toidule Itaaliast &#8211; Vitello Tonnato<\/li>\n<\/ul>\n<p><strong>Kuidas nautida:<\/strong><\/p>\n<p>Naudi tuunikala majoneesi ehk salsa tonnata&#8217;t igal v\u00f5imalusel &#8211; alates suvistest piknikutest kuni pidulike s\u00fcndmusteni. M\u00e4\u00e4ri seda r\u00f6stsaiale, kasuta pasta kastmena v\u00f5i serveeri grillitud kala k\u00f5rvale. Seda Itaalia delikatessi saab kasutada loovalt, et tuua sinu toidulauale autentseid Itaalia maitseid ja r\u00f5\u00f5mu.<\/p>\n<\/div>\n<\/div>\n<\/div>\n<\/div>\n<\/div>\n<\/div>\n<\/div>\n<\/div>\n<\/div>\n<\/div>\n<\/div>\n<p><strong>Koostis:<\/strong> P\u00e4evalilleseemne\u00f5li, past\u00f6riseeritud muna 16%, veini\u00e4\u00e4dikas, tuunikala 4%, an\u0161oovised, kapparid, sool.<\/p>\n<p>Proovi kindlasti &#8211; t\u00f5elised Itaalia maitsed!<\/p>\n<\/div>\n<\/div>\n<\/div>\n<\/div>\n<\/div>\n<\/div>\n<\/div>\n<\/div>\n<\/div>\n<\/div>\n<\/div>\n<\/div>\n<\/div>\n<\/div>\n<\/div>\n<\/div>\n<\/div>\n<\/div>\n<\/div>\n","protected":false},"excerpt":{"rendered":"<p>Koge t\u00f5elist Itaalia maitset meie tuunikala majoneesi ehk salsa tonnata kaudu, mis pakub unikaalset ja maitsek\u00fcllast elamust. See delikatess on loodud \u00fchendades maheda tuunikala ja rikkaliku majoneesi harmooniliseks maitsekoosluseks.<\/p>\n","protected":false},"featured_media":55264,"comment_status":"open","ping_status":"closed","template":"","meta":[],"product_brand":[],"product_cat":[298,305,303,469],"product_tag":[459,457,461,470,471],"class_list":{"0":"post-55263","1":"product","2":"type-product","3":"status-publish","4":"has-post-thumbnail","6":"product_cat-gurmeetooted","7":"product_cat-kreemid","8":"product_cat-maarded-ja-voided","9":"product_cat-majonees","10":"product_tag-delikatess","11":"product_tag-gurmeetoode","12":"product_tag-itaalia-maitsed","13":"product_tag-majonees","14":"product_tag-vitello-tonnato","15":"description-off","17":"first","18":"instock","19":"taxable","20":"shipping-taxable","21":"purchasable","22":"product-type-simple"},"yoast_head":"<!-- This site is optimized with the Yoast SEO Premium plugin v23.0 (Yoast SEO v25.3.1) - https:\/\/yoast.com\/wordpress\/plugins\/seo\/ -->\n<title>Tuunikala majonees ehk salsa tonnata. Itaalia maitsed!<\/title>\n<meta name=\"description\" content=\"Tuunikala majonees ehk salsa tonnata - meeldiva merekala ja siidise majoneesi harmooniline kooslus. Tervislikud Itaalia maitsed!\" \/>\n<meta name=\"robots\" content=\"index, follow, max-snippet:-1, max-image-preview:large, max-video-preview:-1\" \/>\n<link rel=\"canonical\" href=\"https:\/\/bramasole.ee\/en\/Toode\/tuunikala-majonees-salsa-tonnata-120-gr\/\" \/>\n<meta property=\"og:locale\" content=\"en_US\" \/>\n<meta property=\"og:type\" content=\"article\" \/>\n<meta property=\"og:title\" content=\"Tuunikala majonees - salsa tonnata 120 gr.\" \/>\n<meta property=\"og:description\" content=\"Tuunikala majonees ehk salsa tonnata - meeldiva merekala ja siidise majoneesi harmooniline kooslus. Tervislikud Itaalia maitsed!\" \/>\n<meta property=\"og:url\" content=\"https:\/\/bramasole.ee\/en\/Toode\/tuunikala-majonees-salsa-tonnata-120-gr\/\" \/>\n<meta property=\"og:site_name\" content=\"Bramasole\" \/>\n<meta property=\"article:publisher\" content=\"https:\/\/www.facebook.com\/houseofbramasole\" \/>\n<meta property=\"article:modified_time\" content=\"2024-01-02T14:07:25+00:00\" \/>\n<meta property=\"og:image\" content=\"https:\/\/bramasole.ee\/wp-content\/uploads\/2023\/10\/Majonees-tuunikalaga_468_GranCucina.jpg\" \/>\n\t<meta property=\"og:image:width\" content=\"900\" \/>\n\t<meta property=\"og:image:height\" content=\"900\" \/>\n\t<meta property=\"og:image:type\" content=\"image\/jpeg\" \/>\n<meta name=\"twitter:card\" content=\"summary_large_image\" \/>\n<meta name=\"twitter:label1\" content=\"Price\" \/>\n\t<meta name=\"twitter:data1\" content=\"&euro;6.10\" \/>\n\t<meta name=\"twitter:label2\" content=\"Availability\" \/>\n\t<meta name=\"twitter:data2\" content=\"In stock\" \/>\n<script type=\"application\/ld+json\" class=\"yoast-schema-graph\">{\"@context\":\"https:\/\/schema.org\",\"@graph\":[{\"@type\":\"WebPage\",\"@id\":\"https:\/\/bramasole.ee\/en\/Toode\/tuunikala-majonees-salsa-tonnata-120-gr\/\",\"url\":\"https:\/\/bramasole.ee\/en\/Toode\/tuunikala-majonees-salsa-tonnata-120-gr\/\",\"name\":\"Tuunikala majonees ehk salsa tonnata. Itaalia maitsed!\",\"isPartOf\":{\"@id\":\"https:\/\/bramasole.ee\/en\/#website\"},\"primaryImageOfPage\":{\"@id\":\"https:\/\/bramasole.ee\/en\/Toode\/tuunikala-majonees-salsa-tonnata-120-gr\/#primaryimage\"},\"image\":{\"@id\":\"https:\/\/bramasole.ee\/en\/Toode\/tuunikala-majonees-salsa-tonnata-120-gr\/#primaryimage\"},\"thumbnailUrl\":\"https:\/\/bramasole.ee\/wp-content\/uploads\/2023\/10\/Majonees-tuunikalaga_468_GranCucina.jpg\",\"datePublished\":\"2023-10-03T05:53:06+00:00\",\"dateModified\":\"2024-01-02T14:07:25+00:00\",\"description\":\"Tuunikala majonees ehk salsa tonnata - meeldiva merekala ja siidise majoneesi harmooniline kooslus. Tervislikud Itaalia maitsed!\",\"breadcrumb\":{\"@id\":\"https:\/\/bramasole.ee\/en\/Toode\/tuunikala-majonees-salsa-tonnata-120-gr\/#breadcrumb\"},\"inLanguage\":\"en-US\",\"potentialAction\":[{\"@type\":\"ReadAction\",\"target\":[\"https:\/\/bramasole.ee\/en\/Toode\/tuunikala-majonees-salsa-tonnata-120-gr\/\"]}]},{\"@type\":\"ImageObject\",\"inLanguage\":\"en-US\",\"@id\":\"https:\/\/bramasole.ee\/en\/Toode\/tuunikala-majonees-salsa-tonnata-120-gr\/#primaryimage\",\"url\":\"https:\/\/bramasole.ee\/wp-content\/uploads\/2023\/10\/Majonees-tuunikalaga_468_GranCucina.jpg\",\"contentUrl\":\"https:\/\/bramasole.ee\/wp-content\/uploads\/2023\/10\/Majonees-tuunikalaga_468_GranCucina.jpg\",\"width\":900,\"height\":900,\"caption\":\"Majonees tuunikala salsa\"},{\"@type\":\"BreadcrumbList\",\"@id\":\"https:\/\/bramasole.ee\/en\/Toode\/tuunikala-majonees-salsa-tonnata-120-gr\/#breadcrumb\",\"itemListElement\":[{\"@type\":\"ListItem\",\"position\":1,\"name\":\"Home\",\"item\":\"https:\/\/bramasole.ee\/en\/\"},{\"@type\":\"ListItem\",\"position\":2,\"name\":\"VEINIPOOD\",\"item\":\"https:\/\/bramasole.ee\/veinipood\/\"},{\"@type\":\"ListItem\",\"position\":3,\"name\":\"Tuunikala majonees &#8211; salsa tonnata 120 gr.\"}]},{\"@type\":\"WebSite\",\"@id\":\"https:\/\/bramasole.ee\/en\/#website\",\"url\":\"https:\/\/bramasole.ee\/en\/\",\"name\":\"Bramasole\",\"description\":\"Bramasole veinipood - ainult hea vein!\",\"publisher\":{\"@id\":\"https:\/\/bramasole.ee\/en\/#organization\"},\"alternateName\":\"Bramasole veinid\",\"potentialAction\":[{\"@type\":\"SearchAction\",\"target\":{\"@type\":\"EntryPoint\",\"urlTemplate\":\"https:\/\/bramasole.ee\/en\/?s={search_term_string}\"},\"query-input\":{\"@type\":\"PropertyValueSpecification\",\"valueRequired\":true,\"valueName\":\"search_term_string\"}}],\"inLanguage\":\"en-US\"},{\"@type\":\"Organization\",\"@id\":\"https:\/\/bramasole.ee\/en\/#organization\",\"name\":\"Bramasole\",\"url\":\"https:\/\/bramasole.ee\/en\/\",\"logo\":{\"@type\":\"ImageObject\",\"inLanguage\":\"en-US\",\"@id\":\"https:\/\/bramasole.ee\/en\/#\/schema\/logo\/image\/\",\"url\":\"https:\/\/bramasole.ee\/wp-content\/uploads\/2023\/04\/House_of_bramasole_logo.png\",\"contentUrl\":\"https:\/\/bramasole.ee\/wp-content\/uploads\/2023\/04\/House_of_bramasole_logo.png\",\"width\":1031,\"height\":257,\"caption\":\"Bramasole\"},\"image\":{\"@id\":\"https:\/\/bramasole.ee\/en\/#\/schema\/logo\/image\/\"},\"sameAs\":[\"https:\/\/www.facebook.com\/houseofbramasole\",\"https:\/\/www.instagram.com\/houseofbramasole\/\"]}]}<\/script>\n<meta property=\"product:price:amount\" content=\"6.10\" \/>\n<meta property=\"product:price:currency\" content=\"EUR\" \/>\n<meta property=\"og:availability\" content=\"instock\" \/>\n<meta property=\"product:availability\" content=\"instock\" \/>\n<meta property=\"product:retailer_item_id\" content=\"468\" \/>\n<meta property=\"product:condition\" content=\"new\" \/>\n<!-- \/ Yoast SEO Premium plugin. -->","yoast_head_json":{"title":"Tuunikala majonees ehk salsa tonnata. Itaalia maitsed!","description":"Tuunikala majonees ehk salsa tonnata - meeldiva merekala ja siidise majoneesi harmooniline kooslus. Tervislikud Itaalia maitsed!","robots":{"index":"index","follow":"follow","max-snippet":"max-snippet:-1","max-image-preview":"max-image-preview:large","max-video-preview":"max-video-preview:-1"},"canonical":"https:\/\/bramasole.ee\/en\/Toode\/tuunikala-majonees-salsa-tonnata-120-gr\/","og_locale":"en_US","og_type":"article","og_title":"Tuunikala majonees - salsa tonnata 120 gr.","og_description":"Tuunikala majonees ehk salsa tonnata - meeldiva merekala ja siidise majoneesi harmooniline kooslus. Tervislikud Itaalia maitsed!","og_url":"https:\/\/bramasole.ee\/en\/Toode\/tuunikala-majonees-salsa-tonnata-120-gr\/","og_site_name":"Bramasole","article_publisher":"https:\/\/www.facebook.com\/houseofbramasole","article_modified_time":"2024-01-02T14:07:25+00:00","og_image":[{"width":900,"height":900,"url":"https:\/\/bramasole.ee\/wp-content\/uploads\/2023\/10\/Majonees-tuunikalaga_468_GranCucina.jpg","type":"image\/jpeg"}],"twitter_card":"summary_large_image","twitter_misc":{"Price":"&euro;6.10","Availability":"In stock"},"schema":{"@context":"https:\/\/schema.org","@graph":[{"@type":"WebPage","@id":"https:\/\/bramasole.ee\/en\/Toode\/tuunikala-majonees-salsa-tonnata-120-gr\/","url":"https:\/\/bramasole.ee\/en\/Toode\/tuunikala-majonees-salsa-tonnata-120-gr\/","name":"Tuunikala majonees ehk salsa tonnata. Itaalia maitsed!","isPartOf":{"@id":"https:\/\/bramasole.ee\/en\/#website"},"primaryImageOfPage":{"@id":"https:\/\/bramasole.ee\/en\/Toode\/tuunikala-majonees-salsa-tonnata-120-gr\/#primaryimage"},"image":{"@id":"https:\/\/bramasole.ee\/en\/Toode\/tuunikala-majonees-salsa-tonnata-120-gr\/#primaryimage"},"thumbnailUrl":"https:\/\/bramasole.ee\/wp-content\/uploads\/2023\/10\/Majonees-tuunikalaga_468_GranCucina.jpg","datePublished":"2023-10-03T05:53:06+00:00","dateModified":"2024-01-02T14:07:25+00:00","description":"Tuunikala majonees ehk salsa tonnata - meeldiva merekala ja siidise majoneesi harmooniline kooslus. Tervislikud Itaalia maitsed!","breadcrumb":{"@id":"https:\/\/bramasole.ee\/en\/Toode\/tuunikala-majonees-salsa-tonnata-120-gr\/#breadcrumb"},"inLanguage":"en-US","potentialAction":[{"@type":"ReadAction","target":["https:\/\/bramasole.ee\/en\/Toode\/tuunikala-majonees-salsa-tonnata-120-gr\/"]}]},{"@type":"ImageObject","inLanguage":"en-US","@id":"https:\/\/bramasole.ee\/en\/Toode\/tuunikala-majonees-salsa-tonnata-120-gr\/#primaryimage","url":"https:\/\/bramasole.ee\/wp-content\/uploads\/2023\/10\/Majonees-tuunikalaga_468_GranCucina.jpg","contentUrl":"https:\/\/bramasole.ee\/wp-content\/uploads\/2023\/10\/Majonees-tuunikalaga_468_GranCucina.jpg","width":900,"height":900,"caption":"Majonees tuunikala salsa"},{"@type":"BreadcrumbList","@id":"https:\/\/bramasole.ee\/en\/Toode\/tuunikala-majonees-salsa-tonnata-120-gr\/#breadcrumb","itemListElement":[{"@type":"ListItem","position":1,"name":"Home","item":"https:\/\/bramasole.ee\/en\/"},{"@type":"ListItem","position":2,"name":"VEINIPOOD","item":"https:\/\/bramasole.ee\/veinipood\/"},{"@type":"ListItem","position":3,"name":"Tuunikala majonees &#8211; salsa tonnata 120 gr."}]},{"@type":"WebSite","@id":"https:\/\/bramasole.ee\/en\/#website","url":"https:\/\/bramasole.ee\/en\/","name":"Bramasole","description":"Bramasole veinipood - ainult hea vein!","publisher":{"@id":"https:\/\/bramasole.ee\/en\/#organization"},"alternateName":"Bramasole veinid","potentialAction":[{"@type":"SearchAction","target":{"@type":"EntryPoint","urlTemplate":"https:\/\/bramasole.ee\/en\/?s={search_term_string}"},"query-input":{"@type":"PropertyValueSpecification","valueRequired":true,"valueName":"search_term_string"}}],"inLanguage":"en-US"},{"@type":"Organization","@id":"https:\/\/bramasole.ee\/en\/#organization","name":"Bramasole","url":"https:\/\/bramasole.ee\/en\/","logo":{"@type":"ImageObject","inLanguage":"en-US","@id":"https:\/\/bramasole.ee\/en\/#\/schema\/logo\/image\/","url":"https:\/\/bramasole.ee\/wp-content\/uploads\/2023\/04\/House_of_bramasole_logo.png","contentUrl":"https:\/\/bramasole.ee\/wp-content\/uploads\/2023\/04\/House_of_bramasole_logo.png","width":1031,"height":257,"caption":"Bramasole"},"image":{"@id":"https:\/\/bramasole.ee\/en\/#\/schema\/logo\/image\/"},"sameAs":["https:\/\/www.facebook.com\/houseofbramasole","https:\/\/www.instagram.com\/houseofbramasole\/"]}]},"product_price_amount":"6.10","product_price_currency":"EUR","og_availability":"instock","product_availability":"instock","product_retailer_item_id":"468","product_condition":"new"},"_links":{"self":[{"href":"https:\/\/bramasole.ee\/en\/wp-json\/wp\/v2\/product\/55263","targetHints":{"allow":["GET"]}}],"collection":[{"href":"https:\/\/bramasole.ee\/en\/wp-json\/wp\/v2\/product"}],"about":[{"href":"https:\/\/bramasole.ee\/en\/wp-json\/wp\/v2\/types\/product"}],"replies":[{"embeddable":true,"href":"https:\/\/bramasole.ee\/en\/wp-json\/wp\/v2\/comments?post=55263"}],"wp:featuredmedia":[{"embeddable":true,"href":"https:\/\/bramasole.ee\/en\/wp-json\/wp\/v2\/media\/55264"}],"wp:attachment":[{"href":"https:\/\/bramasole.ee\/en\/wp-json\/wp\/v2\/media?parent=55263"}],"wp:term":[{"taxonomy":"product_brand","embeddable":true,"href":"https:\/\/bramasole.ee\/en\/wp-json\/wp\/v2\/product_brand?post=55263"},{"taxonomy":"product_cat","embeddable":true,"href":"https:\/\/bramasole.ee\/en\/wp-json\/wp\/v2\/product_cat?post=55263"},{"taxonomy":"product_tag","embeddable":true,"href":"https:\/\/bramasole.ee\/en\/wp-json\/wp\/v2\/product_tag?post=55263"}],"curies":[{"name":"wp","href":"https:\/\/api.w.org\/{rel}","templated":true}]}}