{"id":55232,"date":"2023-09-28T11:20:46","date_gmt":"2023-09-28T08:20:46","guid":{"rendered":"https:\/\/bramasole.ee\/?post_type=product&#038;p=55232"},"modified":"2025-02-14T13:51:00","modified_gmt":"2025-02-14T11:51:00","slug":"klassikaline-bruschetta-kaste-180-gr","status":"publish","type":"product","link":"https:\/\/bramasole.ee\/en\/Toode\/klassikaline-bruschetta-kaste-180-gr\/","title":{"rendered":"Klassikaline Bruschetta kaste 180 gr."},"content":{"rendered":"<div class=\"flex-1 overflow-hidden\">\n<div class=\"react-scroll-to-bottom--css-wxbaj-79elbk h-full dark:bg-gray-800\">\n<div class=\"react-scroll-to-bottom--css-wxbaj-1n7m0yu\">\n<div class=\"flex flex-col text-sm dark:bg-gray-800\">\n<div class=\"group w-full text-token-text-primary border-b border-black\/10 gizmo:border-0 dark:border-gray-900\/50 gizmo:dark:border-0 bg-gray-50 gizmo:bg-transparent dark:bg-[#444654] gizmo:dark:bg-transparent\" data-testid=\"conversation-turn-27\">\n<div class=\"p-4 justify-center text-base md:gap-6 md:py-6 m-auto\">\n<div class=\"flex flex-1 gap-4 text-base mx-auto md:gap-6 gizmo:gap-3 gizmo:md:px-5 gizmo:lg:px-1 gizmo:xl:px-5 md:max-w-2xl lg:max-w-[38rem] gizmo:md:max-w-3xl gizmo:lg:max-w-[40rem] gizmo:xl:max-w-[48rem] xl:max-w-3xl }\">\n<div class=\"relative flex w-[calc(100%-50px)] flex-col gap-1 gizmo:w-full md:gap-3 lg:w-[calc(100%-115px)] agent-turn\">\n<div class=\"flex-1 overflow-hidden\">\n<div class=\"react-scroll-to-bottom--css-wxbaj-79elbk h-full dark:bg-gray-800\">\n<div class=\"react-scroll-to-bottom--css-wxbaj-1n7m0yu\">\n<div class=\"flex flex-col text-sm dark:bg-gray-800\">\n<div class=\"group w-full text-token-text-primary border-b border-black\/10 gizmo:border-0 dark:border-gray-900\/50 gizmo:dark:border-0 bg-gray-50 gizmo:bg-transparent dark:bg-[#444654] gizmo:dark:bg-transparent\" data-testid=\"conversation-turn-29\">\n<div class=\"p-4 justify-center text-base md:gap-6 md:py-6 m-auto\">\n<div class=\"flex flex-1 gap-4 text-base mx-auto md:gap-6 gizmo:gap-3 gizmo:md:px-5 gizmo:lg:px-1 gizmo:xl:px-5 md:max-w-2xl lg:max-w-[38rem] gizmo:md:max-w-3xl gizmo:lg:max-w-[40rem] gizmo:xl:max-w-[48rem] xl:max-w-3xl }\">\n<div class=\"relative flex w-[calc(100%-50px)] flex-col gap-1 gizmo:w-full md:gap-3 lg:w-[calc(100%-115px)] agent-turn\">\n<div class=\"flex flex-grow flex-col gap-3 max-w-full\">\n<div class=\"min-h-[20px] flex flex-col items-start gap-3 overflow-x-auto whitespace-pre-wrap break-words\">\n<div class=\"markdown prose w-full break-words dark:prose-invert light\">\n<h4>Klassikaline Bruschetta kaste 180 gr.<\/h4>\n<p>Tooge Itaalia maitsed oma k\u00f6\u00f6ki selle klassikalise Bruschetta kastmega, mis on maitsev ja tervislik. See kaste on loodud austades Itaalia kulinaarse p\u00e4randi p\u00f5hiv\u00e4\u00e4rtusi &#8211; alati v\u00e4rsked toorained ja h\u00f5rgud maitsed.<\/p>\n<h4><span style=\"color: #993366;\">Maitsvad ja tervislikud Itaalia maitsed!<\/span><\/h4>\n<p><strong>Omadused:<\/strong><\/p>\n<ul>\n<li><strong>\u00a0Itaalia maitse<\/strong>: Meie Bruschetta kaste on t\u00e4is autentseid Itaalia maitseid, mis toovad esile v\u00e4rskete \u00fcrtide, k\u00fcpsete tomatite ja h\u00f5rgu k\u00fc\u00fcslaugu harmoonilise koosluse.<\/li>\n<li><strong>Tervislik valik<\/strong>: See kaste on valmistatud tervisliku eluviisi austajatele, tegemata kompromisse maitses. See on madala kalorsusega ja sisaldab looduslikke koostisosi, mis on t\u00e4is vitamiine ja antioks\u00fcdante.<\/li>\n<li><strong>Mitmek\u00fclgne kasutamine:<\/strong> Kasutage seda kastet Bruschetta ( kr\u00f5be sai ) valmistamisel, kuid \u00e4rge piirduge sellega &#8211; see sobib suurep\u00e4raselt ka pastaroogade, salatite ja grillitud k\u00f6\u00f6giviljade k\u00f5rvale.<\/li>\n<li><strong>Suurep\u00e4rane maitseelamus:<\/strong> Iga lusikat\u00e4is meie klassikalist Bruschetta kastet pakub suurep\u00e4rast maitseelamust, mis \u00e4ratab teie maitsemeeli ellu ja viib teid otse Itaalia p\u00e4ikselistesse aedadesse.<\/li>\n<\/ul>\n<p><strong>Kuidas nautida:<\/strong><\/p>\n<p>Nautige seda kastet koos kr\u00f5beda ciabatta v\u00f5i v\u00e4rske baguettega, valmistades klassikaline Bruschetta. Lisage kastet oma lemmikpasta kastmeks, et anda sellele v\u00e4rsket, tomatist ja \u00fcrdist maitset. Klassikaline Bruschetta kaste on ideaalne viis tuua Itaalia maitsed otse teie k\u00f6\u00f6ki ja lisada tervislikku v\u00e4rskust igale roale.<\/p>\n<p>&nbsp;<\/p>\n<\/div>\n<\/div>\n<\/div>\n<\/div>\n<\/div>\n<\/div>\n<\/div>\n<\/div>\n<\/div>\n<\/div>\n<\/div>\n<p>Itaalia tomat 91%, k\u00fc\u00fcslauk, oliivi\u00f5li, sool, pune.<\/p>\n<\/div>\n<\/div>\n<\/div>\n<\/div>\n<\/div>\n<\/div>\n<\/div>\n<\/div>\n","protected":false},"excerpt":{"rendered":"<p>Meie klassikaline Bruschetta kaste on t\u00e4is autentseid Itaalia maitseid, mis toovad esile v\u00e4rskete \u00fcrtide, k\u00fcpsete tomatite ja h\u00f5rgu k\u00fc\u00fcslaugu harmoonilise koosluse.<\/p>\n","protected":false},"featured_media":55233,"comment_status":"open","ping_status":"closed","template":"","meta":[],"product_brand":[],"product_cat":[298,302,305,303],"product_tag":[468,459,457,461],"class_list":{"0":"post-55232","1":"product","2":"type-product","3":"status-publish","4":"has-post-thumbnail","6":"product_cat-gurmeetooted","7":"product_cat-gurmee","8":"product_cat-kreemid","9":"product_cat-maarded-ja-voided","10":"product_tag-bruschetta","11":"product_tag-delikatess","12":"product_tag-gurmeetoode","13":"product_tag-itaalia-maitsed","14":"description-off","16":"first","17":"instock","18":"taxable","19":"shipping-taxable","20":"purchasable","21":"product-type-simple"},"yoast_head":"<!-- This site is optimized with the Yoast SEO Premium plugin v23.0 (Yoast SEO v25.3.1) - https:\/\/yoast.com\/wordpress\/plugins\/seo\/ -->\n<title>Klassikaline Bruschetta kaste 180 gr. - tervislikud Itaalia maitsed!<\/title>\n<meta name=\"description\" content=\"Klassikaline Bruschetta kaste - autentsed Itaalia maitseid, mis toovad esile v\u00e4rskete \u00fcrtide, k\u00fcpsete tomatite ja h\u00f5rgu k\u00fc\u00fcslaugu harmoonilise koosluse.\" \/>\n<meta name=\"robots\" content=\"index, follow, max-snippet:-1, max-image-preview:large, max-video-preview:-1\" \/>\n<link rel=\"canonical\" href=\"https:\/\/bramasole.ee\/en\/Toode\/klassikaline-bruschetta-kaste-180-gr\/\" \/>\n<meta property=\"og:locale\" content=\"en_US\" \/>\n<meta property=\"og:type\" content=\"article\" \/>\n<meta property=\"og:title\" content=\"Klassikaline Bruschetta kaste 180 gr.\" \/>\n<meta property=\"og:description\" content=\"Klassikaline Bruschetta kaste - autentsed Itaalia maitseid, mis toovad esile v\u00e4rskete \u00fcrtide, k\u00fcpsete tomatite ja h\u00f5rgu k\u00fc\u00fcslaugu harmoonilise koosluse.\" \/>\n<meta property=\"og:url\" content=\"https:\/\/bramasole.ee\/en\/Toode\/klassikaline-bruschetta-kaste-180-gr\/\" \/>\n<meta property=\"og:site_name\" content=\"Bramasole\" \/>\n<meta property=\"article:publisher\" content=\"https:\/\/www.facebook.com\/houseofbramasole\" \/>\n<meta property=\"article:modified_time\" content=\"2025-02-14T11:51:00+00:00\" \/>\n<meta property=\"og:image\" content=\"https:\/\/bramasole.ee\/wp-content\/uploads\/2023\/09\/Klassikaline-Bruschetta-tomatikaste_802_GranCucina.jpg\" \/>\n\t<meta property=\"og:image:width\" content=\"900\" \/>\n\t<meta property=\"og:image:height\" content=\"900\" \/>\n\t<meta property=\"og:image:type\" content=\"image\/jpeg\" \/>\n<meta name=\"twitter:card\" content=\"summary_large_image\" \/>\n<meta name=\"twitter:label1\" content=\"Price\" \/>\n\t<meta name=\"twitter:data1\" content=\"&euro;4.90\" \/>\n\t<meta name=\"twitter:label2\" content=\"Availability\" \/>\n\t<meta name=\"twitter:data2\" content=\"In stock\" \/>\n<script type=\"application\/ld+json\" class=\"yoast-schema-graph\">{\"@context\":\"https:\/\/schema.org\",\"@graph\":[{\"@type\":\"WebPage\",\"@id\":\"https:\/\/bramasole.ee\/en\/Toode\/klassikaline-bruschetta-kaste-180-gr\/\",\"url\":\"https:\/\/bramasole.ee\/en\/Toode\/klassikaline-bruschetta-kaste-180-gr\/\",\"name\":\"Klassikaline Bruschetta kaste 180 gr. - tervislikud Itaalia maitsed!\",\"isPartOf\":{\"@id\":\"https:\/\/bramasole.ee\/en\/#website\"},\"primaryImageOfPage\":{\"@id\":\"https:\/\/bramasole.ee\/en\/Toode\/klassikaline-bruschetta-kaste-180-gr\/#primaryimage\"},\"image\":{\"@id\":\"https:\/\/bramasole.ee\/en\/Toode\/klassikaline-bruschetta-kaste-180-gr\/#primaryimage\"},\"thumbnailUrl\":\"https:\/\/bramasole.ee\/wp-content\/uploads\/2023\/09\/Klassikaline-Bruschetta-tomatikaste_802_GranCucina.jpg\",\"datePublished\":\"2023-09-28T08:20:46+00:00\",\"dateModified\":\"2025-02-14T11:51:00+00:00\",\"description\":\"Klassikaline Bruschetta kaste - autentsed Itaalia maitseid, mis toovad esile v\u00e4rskete \u00fcrtide, k\u00fcpsete tomatite ja h\u00f5rgu k\u00fc\u00fcslaugu harmoonilise koosluse.\",\"breadcrumb\":{\"@id\":\"https:\/\/bramasole.ee\/en\/Toode\/klassikaline-bruschetta-kaste-180-gr\/#breadcrumb\"},\"inLanguage\":\"en-US\",\"potentialAction\":[{\"@type\":\"ReadAction\",\"target\":[\"https:\/\/bramasole.ee\/en\/Toode\/klassikaline-bruschetta-kaste-180-gr\/\"]}]},{\"@type\":\"ImageObject\",\"inLanguage\":\"en-US\",\"@id\":\"https:\/\/bramasole.ee\/en\/Toode\/klassikaline-bruschetta-kaste-180-gr\/#primaryimage\",\"url\":\"https:\/\/bramasole.ee\/wp-content\/uploads\/2023\/09\/Klassikaline-Bruschetta-tomatikaste_802_GranCucina.jpg\",\"contentUrl\":\"https:\/\/bramasole.ee\/wp-content\/uploads\/2023\/09\/Klassikaline-Bruschetta-tomatikaste_802_GranCucina.jpg\",\"width\":900,\"height\":900,\"caption\":\"Klassikaline Bruschetta kaste\"},{\"@type\":\"BreadcrumbList\",\"@id\":\"https:\/\/bramasole.ee\/en\/Toode\/klassikaline-bruschetta-kaste-180-gr\/#breadcrumb\",\"itemListElement\":[{\"@type\":\"ListItem\",\"position\":1,\"name\":\"Home\",\"item\":\"https:\/\/bramasole.ee\/en\/\"},{\"@type\":\"ListItem\",\"position\":2,\"name\":\"VEINIPOOD\",\"item\":\"https:\/\/bramasole.ee\/veinipood\/\"},{\"@type\":\"ListItem\",\"position\":3,\"name\":\"Klassikaline Bruschetta kaste 180 gr.\"}]},{\"@type\":\"WebSite\",\"@id\":\"https:\/\/bramasole.ee\/en\/#website\",\"url\":\"https:\/\/bramasole.ee\/en\/\",\"name\":\"Bramasole\",\"description\":\"Bramasole veinipood - ainult hea vein!\",\"publisher\":{\"@id\":\"https:\/\/bramasole.ee\/en\/#organization\"},\"alternateName\":\"Bramasole veinid\",\"potentialAction\":[{\"@type\":\"SearchAction\",\"target\":{\"@type\":\"EntryPoint\",\"urlTemplate\":\"https:\/\/bramasole.ee\/en\/?s={search_term_string}\"},\"query-input\":{\"@type\":\"PropertyValueSpecification\",\"valueRequired\":true,\"valueName\":\"search_term_string\"}}],\"inLanguage\":\"en-US\"},{\"@type\":\"Organization\",\"@id\":\"https:\/\/bramasole.ee\/en\/#organization\",\"name\":\"Bramasole\",\"url\":\"https:\/\/bramasole.ee\/en\/\",\"logo\":{\"@type\":\"ImageObject\",\"inLanguage\":\"en-US\",\"@id\":\"https:\/\/bramasole.ee\/en\/#\/schema\/logo\/image\/\",\"url\":\"https:\/\/bramasole.ee\/wp-content\/uploads\/2023\/04\/House_of_bramasole_logo.png\",\"contentUrl\":\"https:\/\/bramasole.ee\/wp-content\/uploads\/2023\/04\/House_of_bramasole_logo.png\",\"width\":1031,\"height\":257,\"caption\":\"Bramasole\"},\"image\":{\"@id\":\"https:\/\/bramasole.ee\/en\/#\/schema\/logo\/image\/\"},\"sameAs\":[\"https:\/\/www.facebook.com\/houseofbramasole\",\"https:\/\/www.instagram.com\/houseofbramasole\/\"]}]}<\/script>\n<meta property=\"product:price:amount\" content=\"4.90\" \/>\n<meta property=\"product:price:currency\" content=\"EUR\" \/>\n<meta property=\"og:availability\" content=\"instock\" \/>\n<meta property=\"product:availability\" content=\"instock\" \/>\n<meta property=\"product:retailer_item_id\" content=\"802\" \/>\n<meta property=\"product:condition\" content=\"new\" \/>\n<!-- \/ Yoast SEO Premium plugin. -->","yoast_head_json":{"title":"Klassikaline Bruschetta kaste 180 gr. - tervislikud Itaalia maitsed!","description":"Klassikaline Bruschetta kaste - autentsed Itaalia maitseid, mis toovad esile v\u00e4rskete \u00fcrtide, k\u00fcpsete tomatite ja h\u00f5rgu k\u00fc\u00fcslaugu harmoonilise koosluse.","robots":{"index":"index","follow":"follow","max-snippet":"max-snippet:-1","max-image-preview":"max-image-preview:large","max-video-preview":"max-video-preview:-1"},"canonical":"https:\/\/bramasole.ee\/en\/Toode\/klassikaline-bruschetta-kaste-180-gr\/","og_locale":"en_US","og_type":"article","og_title":"Klassikaline Bruschetta kaste 180 gr.","og_description":"Klassikaline Bruschetta kaste - autentsed Itaalia maitseid, mis toovad esile v\u00e4rskete \u00fcrtide, k\u00fcpsete tomatite ja h\u00f5rgu k\u00fc\u00fcslaugu harmoonilise koosluse.","og_url":"https:\/\/bramasole.ee\/en\/Toode\/klassikaline-bruschetta-kaste-180-gr\/","og_site_name":"Bramasole","article_publisher":"https:\/\/www.facebook.com\/houseofbramasole","article_modified_time":"2025-02-14T11:51:00+00:00","og_image":[{"width":900,"height":900,"url":"https:\/\/bramasole.ee\/wp-content\/uploads\/2023\/09\/Klassikaline-Bruschetta-tomatikaste_802_GranCucina.jpg","type":"image\/jpeg"}],"twitter_card":"summary_large_image","twitter_misc":{"Price":"&euro;4.90","Availability":"In stock"},"schema":{"@context":"https:\/\/schema.org","@graph":[{"@type":"WebPage","@id":"https:\/\/bramasole.ee\/en\/Toode\/klassikaline-bruschetta-kaste-180-gr\/","url":"https:\/\/bramasole.ee\/en\/Toode\/klassikaline-bruschetta-kaste-180-gr\/","name":"Klassikaline Bruschetta kaste 180 gr. - tervislikud Itaalia maitsed!","isPartOf":{"@id":"https:\/\/bramasole.ee\/en\/#website"},"primaryImageOfPage":{"@id":"https:\/\/bramasole.ee\/en\/Toode\/klassikaline-bruschetta-kaste-180-gr\/#primaryimage"},"image":{"@id":"https:\/\/bramasole.ee\/en\/Toode\/klassikaline-bruschetta-kaste-180-gr\/#primaryimage"},"thumbnailUrl":"https:\/\/bramasole.ee\/wp-content\/uploads\/2023\/09\/Klassikaline-Bruschetta-tomatikaste_802_GranCucina.jpg","datePublished":"2023-09-28T08:20:46+00:00","dateModified":"2025-02-14T11:51:00+00:00","description":"Klassikaline Bruschetta kaste - autentsed Itaalia maitseid, mis toovad esile v\u00e4rskete \u00fcrtide, k\u00fcpsete tomatite ja h\u00f5rgu k\u00fc\u00fcslaugu harmoonilise koosluse.","breadcrumb":{"@id":"https:\/\/bramasole.ee\/en\/Toode\/klassikaline-bruschetta-kaste-180-gr\/#breadcrumb"},"inLanguage":"en-US","potentialAction":[{"@type":"ReadAction","target":["https:\/\/bramasole.ee\/en\/Toode\/klassikaline-bruschetta-kaste-180-gr\/"]}]},{"@type":"ImageObject","inLanguage":"en-US","@id":"https:\/\/bramasole.ee\/en\/Toode\/klassikaline-bruschetta-kaste-180-gr\/#primaryimage","url":"https:\/\/bramasole.ee\/wp-content\/uploads\/2023\/09\/Klassikaline-Bruschetta-tomatikaste_802_GranCucina.jpg","contentUrl":"https:\/\/bramasole.ee\/wp-content\/uploads\/2023\/09\/Klassikaline-Bruschetta-tomatikaste_802_GranCucina.jpg","width":900,"height":900,"caption":"Klassikaline Bruschetta kaste"},{"@type":"BreadcrumbList","@id":"https:\/\/bramasole.ee\/en\/Toode\/klassikaline-bruschetta-kaste-180-gr\/#breadcrumb","itemListElement":[{"@type":"ListItem","position":1,"name":"Home","item":"https:\/\/bramasole.ee\/en\/"},{"@type":"ListItem","position":2,"name":"VEINIPOOD","item":"https:\/\/bramasole.ee\/veinipood\/"},{"@type":"ListItem","position":3,"name":"Klassikaline Bruschetta kaste 180 gr."}]},{"@type":"WebSite","@id":"https:\/\/bramasole.ee\/en\/#website","url":"https:\/\/bramasole.ee\/en\/","name":"Bramasole","description":"Bramasole veinipood - ainult hea vein!","publisher":{"@id":"https:\/\/bramasole.ee\/en\/#organization"},"alternateName":"Bramasole veinid","potentialAction":[{"@type":"SearchAction","target":{"@type":"EntryPoint","urlTemplate":"https:\/\/bramasole.ee\/en\/?s={search_term_string}"},"query-input":{"@type":"PropertyValueSpecification","valueRequired":true,"valueName":"search_term_string"}}],"inLanguage":"en-US"},{"@type":"Organization","@id":"https:\/\/bramasole.ee\/en\/#organization","name":"Bramasole","url":"https:\/\/bramasole.ee\/en\/","logo":{"@type":"ImageObject","inLanguage":"en-US","@id":"https:\/\/bramasole.ee\/en\/#\/schema\/logo\/image\/","url":"https:\/\/bramasole.ee\/wp-content\/uploads\/2023\/04\/House_of_bramasole_logo.png","contentUrl":"https:\/\/bramasole.ee\/wp-content\/uploads\/2023\/04\/House_of_bramasole_logo.png","width":1031,"height":257,"caption":"Bramasole"},"image":{"@id":"https:\/\/bramasole.ee\/en\/#\/schema\/logo\/image\/"},"sameAs":["https:\/\/www.facebook.com\/houseofbramasole","https:\/\/www.instagram.com\/houseofbramasole\/"]}]},"product_price_amount":"4.90","product_price_currency":"EUR","og_availability":"instock","product_availability":"instock","product_retailer_item_id":"802","product_condition":"new"},"_links":{"self":[{"href":"https:\/\/bramasole.ee\/en\/wp-json\/wp\/v2\/product\/55232","targetHints":{"allow":["GET"]}}],"collection":[{"href":"https:\/\/bramasole.ee\/en\/wp-json\/wp\/v2\/product"}],"about":[{"href":"https:\/\/bramasole.ee\/en\/wp-json\/wp\/v2\/types\/product"}],"replies":[{"embeddable":true,"href":"https:\/\/bramasole.ee\/en\/wp-json\/wp\/v2\/comments?post=55232"}],"wp:featuredmedia":[{"embeddable":true,"href":"https:\/\/bramasole.ee\/en\/wp-json\/wp\/v2\/media\/55233"}],"wp:attachment":[{"href":"https:\/\/bramasole.ee\/en\/wp-json\/wp\/v2\/media?parent=55232"}],"wp:term":[{"taxonomy":"product_brand","embeddable":true,"href":"https:\/\/bramasole.ee\/en\/wp-json\/wp\/v2\/product_brand?post=55232"},{"taxonomy":"product_cat","embeddable":true,"href":"https:\/\/bramasole.ee\/en\/wp-json\/wp\/v2\/product_cat?post=55232"},{"taxonomy":"product_tag","embeddable":true,"href":"https:\/\/bramasole.ee\/en\/wp-json\/wp\/v2\/product_tag?post=55232"}],"curies":[{"name":"wp","href":"https:\/\/api.w.org\/{rel}","templated":true}]}}