{"id":55225,"date":"2023-09-28T09:57:04","date_gmt":"2023-09-28T06:57:04","guid":{"rendered":"https:\/\/bramasole.ee\/?post_type=product&#038;p=55225"},"modified":"2024-12-12T11:10:49","modified_gmt":"2024-12-12T09:10:49","slug":"parmesan-juustukreem-120-gr","status":"publish","type":"product","link":"https:\/\/bramasole.ee\/en\/Toode\/parmesan-juustukreem-120-gr\/","title":{"rendered":"Parmesan juustukreem 120 gr."},"content":{"rendered":"<h4>Parmesani juustukreem on rikkalik ja maitsev kulinaarne nauding.<\/h4>\n<p>See kreemjas delikatess on valmistatud k\u00f5rgekvaliteedilisest Parmesani juustust, mis on Itaalia juustumaailma t\u00f5eline p\u00e4rl.<\/p>\n<p><strong>Omadused:<\/strong><\/p>\n<ul>\n<li><strong>Intensiivne maitse<\/strong>: Parmesani juustukreem pakub rikkalikku ja v\u00f5imsat parmesani maitset, mis paneb su maitsemeeled tantsima.<\/li>\n<li><strong>Kreemjas konsistents:<\/strong> Selle kreemjas &#8211;\u00a0 siidine konsistents muudab selle lihtsaks kasutamiseks erinevates retseptides.<\/li>\n<li><strong>Mitmek\u00fclgne kasutamine:<\/strong> Parmesani juustukreem sobib suurep\u00e4raselt paljude roogade t\u00e4iustamiseks. Kasuta seda pastakastmetes, risottodes, suppides, salatikastmetes v\u00f5i isegi kastmena liha- ja mereandidele.<\/li>\n<li><strong>K\u00f5rge kvaliteet:<\/strong> Valmistatud autentse Parmesani juustu baasil, mis on tuntud oma ainulaadse maitse ja kvaliteedi poolest.<\/li>\n<\/ul>\n<p><strong>Kuidas nautida:<\/strong><\/p>\n<p>Naudi Parmesani juustukreemi pastaroogade k\u00f5rvale, nirista seda grillitud k\u00f6\u00f6giviljadele ( soojenda enne, et juustukreem muutuks vedelamaks) v\u00f5i kasuta maitsestamiseks. See on suurep\u00e4rane ka dipikastmena kr\u00f5bedate saiakeste v\u00f5i k\u00f6\u00f6giviljade jaoks.<\/p>\n<p>Parmesani juustukreem lisab igale toidule rikkaliku ja maitsva n\u00fcansi, mis r\u00f5\u00f5mustab nii gurmaane kui ka igap\u00e4evaseid toidunautijaid. Tervita oma maitsemeeli selle imelise Itaalia delikatessiga!<\/p>\n<p>Koor, Parmigiano Reggiano juust (piim, sool, laap) 40%, happesuse regulaator: sidrunhape.<\/p>\n","protected":false},"excerpt":{"rendered":"<p>Parmesani juustukreem on rikkalik ja maitsev kulinaarne nauding.<\/p>\n<p>See kreemjas delikatess on valmistatud k\u00f5rgekvaliteedilisest Parmesani juustust, mis on Itaalia juustumaailma t\u00f5eline p\u00e4rl.<\/p>\n","protected":false},"featured_media":55226,"comment_status":"open","ping_status":"closed","template":"","meta":[],"product_brand":[],"product_cat":[298,305,303],"product_tag":[459,457,461,456,458,460],"class_list":{"0":"post-55225","1":"product","2":"type-product","3":"status-publish","4":"has-post-thumbnail","6":"product_cat-gurmeetooted","7":"product_cat-kreemid","8":"product_cat-maarded-ja-voided","9":"product_tag-delikatess","10":"product_tag-gurmeetoode","11":"product_tag-itaalia-maitsed","12":"product_tag-juustukreem","13":"product_tag-parmesan","14":"product_tag-parmigiano-reggiano","15":"description-off","17":"first","18":"instock","19":"taxable","20":"shipping-taxable","21":"purchasable","22":"product-type-simple"},"yoast_head":"<!-- This site is optimized with the Yoast SEO Premium plugin v23.0 (Yoast SEO v25.3.1) - https:\/\/yoast.com\/wordpress\/plugins\/seo\/ -->\n<title>Parmesan juustukreem 120 gr. - gurmeetooted - Bramasole veinipood<\/title>\n<meta name=\"description\" content=\"Parmesan juustukreem - rikkaliku maitsega, suurep\u00e4rane lisand pastale, salatile. Avasta autentse Parmigiano Reggiano juustu kreemja naudingu maailm!\" \/>\n<meta name=\"robots\" content=\"index, follow, max-snippet:-1, max-image-preview:large, max-video-preview:-1\" \/>\n<link rel=\"canonical\" href=\"https:\/\/bramasole.ee\/en\/Toode\/parmesan-juustukreem-120-gr\/\" \/>\n<meta property=\"og:locale\" content=\"en_US\" \/>\n<meta property=\"og:type\" content=\"article\" \/>\n<meta property=\"og:title\" content=\"Parmesan juustukreem 120 gr.\" \/>\n<meta property=\"og:description\" content=\"Parmesan juustukreem - rikkaliku maitsega, suurep\u00e4rane lisand pastale, salatile. Avasta autentse Parmigiano Reggiano juustu kreemja naudingu maailm!\" \/>\n<meta property=\"og:url\" content=\"https:\/\/bramasole.ee\/en\/Toode\/parmesan-juustukreem-120-gr\/\" \/>\n<meta property=\"og:site_name\" content=\"Bramasole\" \/>\n<meta property=\"article:publisher\" content=\"https:\/\/www.facebook.com\/houseofbramasole\" \/>\n<meta property=\"article:modified_time\" content=\"2024-12-12T09:10:49+00:00\" \/>\n<meta property=\"og:image\" content=\"https:\/\/bramasole.ee\/wp-content\/uploads\/2023\/09\/Juustukreem_parmesan_4302_GranCucina.jpg\" \/>\n\t<meta property=\"og:image:width\" content=\"900\" \/>\n\t<meta property=\"og:image:height\" content=\"900\" \/>\n\t<meta property=\"og:image:type\" content=\"image\/jpeg\" \/>\n<meta name=\"twitter:card\" content=\"summary_large_image\" \/>\n<meta name=\"twitter:label1\" content=\"Price\" \/>\n\t<meta name=\"twitter:data1\" content=\"&euro;10.50\" \/>\n\t<meta name=\"twitter:label2\" content=\"Availability\" \/>\n\t<meta name=\"twitter:data2\" content=\"In stock\" \/>\n<script type=\"application\/ld+json\" class=\"yoast-schema-graph\">{\"@context\":\"https:\/\/schema.org\",\"@graph\":[{\"@type\":\"WebPage\",\"@id\":\"https:\/\/bramasole.ee\/en\/Toode\/parmesan-juustukreem-120-gr\/\",\"url\":\"https:\/\/bramasole.ee\/en\/Toode\/parmesan-juustukreem-120-gr\/\",\"name\":\"Parmesan juustukreem 120 gr. - gurmeetooted - Bramasole veinipood\",\"isPartOf\":{\"@id\":\"https:\/\/bramasole.ee\/en\/#website\"},\"primaryImageOfPage\":{\"@id\":\"https:\/\/bramasole.ee\/en\/Toode\/parmesan-juustukreem-120-gr\/#primaryimage\"},\"image\":{\"@id\":\"https:\/\/bramasole.ee\/en\/Toode\/parmesan-juustukreem-120-gr\/#primaryimage\"},\"thumbnailUrl\":\"https:\/\/bramasole.ee\/wp-content\/uploads\/2023\/09\/Juustukreem_parmesan_4302_GranCucina.jpg\",\"datePublished\":\"2023-09-28T06:57:04+00:00\",\"dateModified\":\"2024-12-12T09:10:49+00:00\",\"description\":\"Parmesan juustukreem - rikkaliku maitsega, suurep\u00e4rane lisand pastale, salatile. Avasta autentse Parmigiano Reggiano juustu kreemja naudingu maailm!\",\"breadcrumb\":{\"@id\":\"https:\/\/bramasole.ee\/en\/Toode\/parmesan-juustukreem-120-gr\/#breadcrumb\"},\"inLanguage\":\"en-US\",\"potentialAction\":[{\"@type\":\"ReadAction\",\"target\":[\"https:\/\/bramasole.ee\/en\/Toode\/parmesan-juustukreem-120-gr\/\"]}]},{\"@type\":\"ImageObject\",\"inLanguage\":\"en-US\",\"@id\":\"https:\/\/bramasole.ee\/en\/Toode\/parmesan-juustukreem-120-gr\/#primaryimage\",\"url\":\"https:\/\/bramasole.ee\/wp-content\/uploads\/2023\/09\/Juustukreem_parmesan_4302_GranCucina.jpg\",\"contentUrl\":\"https:\/\/bramasole.ee\/wp-content\/uploads\/2023\/09\/Juustukreem_parmesan_4302_GranCucina.jpg\",\"width\":900,\"height\":900,\"caption\":\"Parmesan juustukreem\"},{\"@type\":\"BreadcrumbList\",\"@id\":\"https:\/\/bramasole.ee\/en\/Toode\/parmesan-juustukreem-120-gr\/#breadcrumb\",\"itemListElement\":[{\"@type\":\"ListItem\",\"position\":1,\"name\":\"Home\",\"item\":\"https:\/\/bramasole.ee\/en\/\"},{\"@type\":\"ListItem\",\"position\":2,\"name\":\"VEINIPOOD\",\"item\":\"https:\/\/bramasole.ee\/veinipood\/\"},{\"@type\":\"ListItem\",\"position\":3,\"name\":\"Parmesan juustukreem 120 gr.\"}]},{\"@type\":\"WebSite\",\"@id\":\"https:\/\/bramasole.ee\/en\/#website\",\"url\":\"https:\/\/bramasole.ee\/en\/\",\"name\":\"Bramasole\",\"description\":\"Bramasole veinipood - ainult hea vein!\",\"publisher\":{\"@id\":\"https:\/\/bramasole.ee\/en\/#organization\"},\"alternateName\":\"Bramasole veinid\",\"potentialAction\":[{\"@type\":\"SearchAction\",\"target\":{\"@type\":\"EntryPoint\",\"urlTemplate\":\"https:\/\/bramasole.ee\/en\/?s={search_term_string}\"},\"query-input\":{\"@type\":\"PropertyValueSpecification\",\"valueRequired\":true,\"valueName\":\"search_term_string\"}}],\"inLanguage\":\"en-US\"},{\"@type\":\"Organization\",\"@id\":\"https:\/\/bramasole.ee\/en\/#organization\",\"name\":\"Bramasole\",\"url\":\"https:\/\/bramasole.ee\/en\/\",\"logo\":{\"@type\":\"ImageObject\",\"inLanguage\":\"en-US\",\"@id\":\"https:\/\/bramasole.ee\/en\/#\/schema\/logo\/image\/\",\"url\":\"https:\/\/bramasole.ee\/wp-content\/uploads\/2023\/04\/House_of_bramasole_logo.png\",\"contentUrl\":\"https:\/\/bramasole.ee\/wp-content\/uploads\/2023\/04\/House_of_bramasole_logo.png\",\"width\":1031,\"height\":257,\"caption\":\"Bramasole\"},\"image\":{\"@id\":\"https:\/\/bramasole.ee\/en\/#\/schema\/logo\/image\/\"},\"sameAs\":[\"https:\/\/www.facebook.com\/houseofbramasole\",\"https:\/\/www.instagram.com\/houseofbramasole\/\"]}]}<\/script>\n<meta property=\"product:price:amount\" content=\"10.50\" \/>\n<meta property=\"product:price:currency\" content=\"EUR\" \/>\n<meta property=\"og:availability\" content=\"instock\" \/>\n<meta property=\"product:availability\" content=\"instock\" \/>\n<meta property=\"product:retailer_item_id\" content=\"4302\" \/>\n<meta property=\"product:condition\" content=\"new\" \/>\n<!-- \/ Yoast SEO Premium plugin. -->","yoast_head_json":{"title":"Parmesan juustukreem 120 gr. - gurmeetooted - Bramasole veinipood","description":"Parmesan juustukreem - rikkaliku maitsega, suurep\u00e4rane lisand pastale, salatile. Avasta autentse Parmigiano Reggiano juustu kreemja naudingu maailm!","robots":{"index":"index","follow":"follow","max-snippet":"max-snippet:-1","max-image-preview":"max-image-preview:large","max-video-preview":"max-video-preview:-1"},"canonical":"https:\/\/bramasole.ee\/en\/Toode\/parmesan-juustukreem-120-gr\/","og_locale":"en_US","og_type":"article","og_title":"Parmesan juustukreem 120 gr.","og_description":"Parmesan juustukreem - rikkaliku maitsega, suurep\u00e4rane lisand pastale, salatile. Avasta autentse Parmigiano Reggiano juustu kreemja naudingu maailm!","og_url":"https:\/\/bramasole.ee\/en\/Toode\/parmesan-juustukreem-120-gr\/","og_site_name":"Bramasole","article_publisher":"https:\/\/www.facebook.com\/houseofbramasole","article_modified_time":"2024-12-12T09:10:49+00:00","og_image":[{"width":900,"height":900,"url":"https:\/\/bramasole.ee\/wp-content\/uploads\/2023\/09\/Juustukreem_parmesan_4302_GranCucina.jpg","type":"image\/jpeg"}],"twitter_card":"summary_large_image","twitter_misc":{"Price":"&euro;10.50","Availability":"In stock"},"schema":{"@context":"https:\/\/schema.org","@graph":[{"@type":"WebPage","@id":"https:\/\/bramasole.ee\/en\/Toode\/parmesan-juustukreem-120-gr\/","url":"https:\/\/bramasole.ee\/en\/Toode\/parmesan-juustukreem-120-gr\/","name":"Parmesan juustukreem 120 gr. - gurmeetooted - Bramasole veinipood","isPartOf":{"@id":"https:\/\/bramasole.ee\/en\/#website"},"primaryImageOfPage":{"@id":"https:\/\/bramasole.ee\/en\/Toode\/parmesan-juustukreem-120-gr\/#primaryimage"},"image":{"@id":"https:\/\/bramasole.ee\/en\/Toode\/parmesan-juustukreem-120-gr\/#primaryimage"},"thumbnailUrl":"https:\/\/bramasole.ee\/wp-content\/uploads\/2023\/09\/Juustukreem_parmesan_4302_GranCucina.jpg","datePublished":"2023-09-28T06:57:04+00:00","dateModified":"2024-12-12T09:10:49+00:00","description":"Parmesan juustukreem - rikkaliku maitsega, suurep\u00e4rane lisand pastale, salatile. Avasta autentse Parmigiano Reggiano juustu kreemja naudingu maailm!","breadcrumb":{"@id":"https:\/\/bramasole.ee\/en\/Toode\/parmesan-juustukreem-120-gr\/#breadcrumb"},"inLanguage":"en-US","potentialAction":[{"@type":"ReadAction","target":["https:\/\/bramasole.ee\/en\/Toode\/parmesan-juustukreem-120-gr\/"]}]},{"@type":"ImageObject","inLanguage":"en-US","@id":"https:\/\/bramasole.ee\/en\/Toode\/parmesan-juustukreem-120-gr\/#primaryimage","url":"https:\/\/bramasole.ee\/wp-content\/uploads\/2023\/09\/Juustukreem_parmesan_4302_GranCucina.jpg","contentUrl":"https:\/\/bramasole.ee\/wp-content\/uploads\/2023\/09\/Juustukreem_parmesan_4302_GranCucina.jpg","width":900,"height":900,"caption":"Parmesan juustukreem"},{"@type":"BreadcrumbList","@id":"https:\/\/bramasole.ee\/en\/Toode\/parmesan-juustukreem-120-gr\/#breadcrumb","itemListElement":[{"@type":"ListItem","position":1,"name":"Home","item":"https:\/\/bramasole.ee\/en\/"},{"@type":"ListItem","position":2,"name":"VEINIPOOD","item":"https:\/\/bramasole.ee\/veinipood\/"},{"@type":"ListItem","position":3,"name":"Parmesan juustukreem 120 gr."}]},{"@type":"WebSite","@id":"https:\/\/bramasole.ee\/en\/#website","url":"https:\/\/bramasole.ee\/en\/","name":"Bramasole","description":"Bramasole veinipood - ainult hea vein!","publisher":{"@id":"https:\/\/bramasole.ee\/en\/#organization"},"alternateName":"Bramasole veinid","potentialAction":[{"@type":"SearchAction","target":{"@type":"EntryPoint","urlTemplate":"https:\/\/bramasole.ee\/en\/?s={search_term_string}"},"query-input":{"@type":"PropertyValueSpecification","valueRequired":true,"valueName":"search_term_string"}}],"inLanguage":"en-US"},{"@type":"Organization","@id":"https:\/\/bramasole.ee\/en\/#organization","name":"Bramasole","url":"https:\/\/bramasole.ee\/en\/","logo":{"@type":"ImageObject","inLanguage":"en-US","@id":"https:\/\/bramasole.ee\/en\/#\/schema\/logo\/image\/","url":"https:\/\/bramasole.ee\/wp-content\/uploads\/2023\/04\/House_of_bramasole_logo.png","contentUrl":"https:\/\/bramasole.ee\/wp-content\/uploads\/2023\/04\/House_of_bramasole_logo.png","width":1031,"height":257,"caption":"Bramasole"},"image":{"@id":"https:\/\/bramasole.ee\/en\/#\/schema\/logo\/image\/"},"sameAs":["https:\/\/www.facebook.com\/houseofbramasole","https:\/\/www.instagram.com\/houseofbramasole\/"]}]},"product_price_amount":"10.50","product_price_currency":"EUR","og_availability":"instock","product_availability":"instock","product_retailer_item_id":"4302","product_condition":"new"},"_links":{"self":[{"href":"https:\/\/bramasole.ee\/en\/wp-json\/wp\/v2\/product\/55225","targetHints":{"allow":["GET"]}}],"collection":[{"href":"https:\/\/bramasole.ee\/en\/wp-json\/wp\/v2\/product"}],"about":[{"href":"https:\/\/bramasole.ee\/en\/wp-json\/wp\/v2\/types\/product"}],"replies":[{"embeddable":true,"href":"https:\/\/bramasole.ee\/en\/wp-json\/wp\/v2\/comments?post=55225"}],"wp:featuredmedia":[{"embeddable":true,"href":"https:\/\/bramasole.ee\/en\/wp-json\/wp\/v2\/media\/55226"}],"wp:attachment":[{"href":"https:\/\/bramasole.ee\/en\/wp-json\/wp\/v2\/media?parent=55225"}],"wp:term":[{"taxonomy":"product_brand","embeddable":true,"href":"https:\/\/bramasole.ee\/en\/wp-json\/wp\/v2\/product_brand?post=55225"},{"taxonomy":"product_cat","embeddable":true,"href":"https:\/\/bramasole.ee\/en\/wp-json\/wp\/v2\/product_cat?post=55225"},{"taxonomy":"product_tag","embeddable":true,"href":"https:\/\/bramasole.ee\/en\/wp-json\/wp\/v2\/product_tag?post=55225"}],"curies":[{"name":"wp","href":"https:\/\/api.w.org\/{rel}","templated":true}]}}