{"id":55222,"date":"2023-09-27T07:35:29","date_gmt":"2023-09-27T04:35:29","guid":{"rendered":"https:\/\/bramasole.ee\/?post_type=product&#038;p=55222"},"modified":"2024-12-12T11:11:34","modified_gmt":"2024-12-12T09:11:34","slug":"juustufonduu-truhvliga-130-gr","status":"publish","type":"product","link":"https:\/\/bramasole.ee\/en\/Toode\/juustufonduu-truhvliga-130-gr\/","title":{"rendered":"Juustufond\u00fc\u00fc tr\u00fchvliga 130 gr."},"content":{"rendered":"<p>Juustufond\u00fc\u00fc tr\u00fchvliga\u00a0 on rikkaliku maitse ja tekstuuriga. Valmista h\u00f5rgutavaid ja maitsvaid\u00a0 roogasid, nagu pasta v\u00f5i risoto. Juustufond\u00fc\u00fc sobib ka suupistetele, sulatades saab sinna sisse pista erinevaid k\u00fcpsiseid, grissiinisid v\u00f5i k\u00f6\u00f6givilju.<\/p>\n<p>Juust (past\u00f6riseeritud piim, sool, laap) 47%, koor, vesi, suvine tr\u00fchvel 1%, emulgeerivad soolad: naatriumtsitraat, l\u00f5hna- ja maitseaine.<\/p>\n","protected":false},"excerpt":{"rendered":"<p>Juustufond\u00fc\u00fc tr\u00fchvliga on rikkaliku maitse ja tekstuuriga. Valmista h\u00f5rgutavaid ja maitsvaid\u00a0 roogasid, nagu pasta v\u00f5i risoto.<\/p>\n","protected":false},"featured_media":55223,"comment_status":"open","ping_status":"closed","template":"","meta":[],"product_brand":[],"product_cat":[298,305,303],"product_tag":[459,457,461,456,462],"class_list":{"0":"post-55222","1":"product","2":"type-product","3":"status-publish","4":"has-post-thumbnail","6":"product_cat-gurmeetooted","7":"product_cat-kreemid","8":"product_cat-maarded-ja-voided","9":"product_tag-delikatess","10":"product_tag-gurmeetoode","11":"product_tag-itaalia-maitsed","12":"product_tag-juustukreem","13":"product_tag-truhvel","14":"description-off","16":"first","17":"instock","18":"taxable","19":"shipping-taxable","20":"purchasable","21":"product-type-simple"},"yoast_head":"<!-- This site is optimized with the Yoast SEO Premium plugin v23.0 (Yoast SEO v25.3.1) - https:\/\/yoast.com\/wordpress\/plugins\/seo\/ -->\n<title>Juustufond\u00fc\u00fc tr\u00fchvliga 130 gr. - gurmeetooted - Bramasole veinipood<\/title>\n<meta name=\"description\" content=\"Juustufond\u00fc\u00fc tr\u00fchvliga - maitsvad gurmeetooted! Maitsek\u00fcllane juustufond\u00fc\u00fc sobib alati, tee maitsev pearoog v\u00f5i s\u00f6\u00f6 erinevate k\u00fcpsiste, saia v\u00f5i k\u00f6\u00f6giviljadega.\" \/>\n<meta name=\"robots\" content=\"index, follow, max-snippet:-1, max-image-preview:large, max-video-preview:-1\" \/>\n<link rel=\"canonical\" href=\"https:\/\/bramasole.ee\/en\/Toode\/juustufonduu-truhvliga-130-gr\/\" \/>\n<meta property=\"og:locale\" content=\"en_US\" \/>\n<meta property=\"og:type\" content=\"article\" \/>\n<meta property=\"og:title\" content=\"Juustufond\u00fc\u00fc tr\u00fchvliga 130 gr.\" \/>\n<meta property=\"og:description\" content=\"Juustufond\u00fc\u00fc tr\u00fchvliga - maitsvad gurmeetooted! Maitsek\u00fcllane juustufond\u00fc\u00fc sobib alati, tee maitsev pearoog v\u00f5i s\u00f6\u00f6 erinevate k\u00fcpsiste, saia v\u00f5i k\u00f6\u00f6giviljadega.\" \/>\n<meta property=\"og:url\" content=\"https:\/\/bramasole.ee\/en\/Toode\/juustufonduu-truhvliga-130-gr\/\" \/>\n<meta property=\"og:site_name\" content=\"Bramasole\" \/>\n<meta property=\"article:publisher\" content=\"https:\/\/www.facebook.com\/houseofbramasole\" \/>\n<meta property=\"article:modified_time\" content=\"2024-12-12T09:11:34+00:00\" \/>\n<meta property=\"og:image\" content=\"https:\/\/bramasole.ee\/wp-content\/uploads\/2023\/09\/Juustufonduu-truhvliga_43063_GranCucina.jpg\" \/>\n\t<meta property=\"og:image:width\" content=\"900\" \/>\n\t<meta property=\"og:image:height\" content=\"900\" \/>\n\t<meta property=\"og:image:type\" content=\"image\/jpeg\" \/>\n<meta name=\"twitter:card\" content=\"summary_large_image\" \/>\n<meta name=\"twitter:label1\" content=\"Price\" \/>\n\t<meta name=\"twitter:data1\" content=\"&euro;9.65\" \/>\n\t<meta name=\"twitter:label2\" content=\"Availability\" \/>\n\t<meta name=\"twitter:data2\" content=\"In stock\" \/>\n<script type=\"application\/ld+json\" class=\"yoast-schema-graph\">{\"@context\":\"https:\/\/schema.org\",\"@graph\":[{\"@type\":\"WebPage\",\"@id\":\"https:\/\/bramasole.ee\/en\/Toode\/juustufonduu-truhvliga-130-gr\/\",\"url\":\"https:\/\/bramasole.ee\/en\/Toode\/juustufonduu-truhvliga-130-gr\/\",\"name\":\"Juustufond\u00fc\u00fc tr\u00fchvliga 130 gr. - gurmeetooted - Bramasole veinipood\",\"isPartOf\":{\"@id\":\"https:\/\/bramasole.ee\/en\/#website\"},\"primaryImageOfPage\":{\"@id\":\"https:\/\/bramasole.ee\/en\/Toode\/juustufonduu-truhvliga-130-gr\/#primaryimage\"},\"image\":{\"@id\":\"https:\/\/bramasole.ee\/en\/Toode\/juustufonduu-truhvliga-130-gr\/#primaryimage\"},\"thumbnailUrl\":\"https:\/\/bramasole.ee\/wp-content\/uploads\/2023\/09\/Juustufonduu-truhvliga_43063_GranCucina.jpg\",\"datePublished\":\"2023-09-27T04:35:29+00:00\",\"dateModified\":\"2024-12-12T09:11:34+00:00\",\"description\":\"Juustufond\u00fc\u00fc tr\u00fchvliga - maitsvad gurmeetooted! Maitsek\u00fcllane juustufond\u00fc\u00fc sobib alati, tee maitsev pearoog v\u00f5i s\u00f6\u00f6 erinevate k\u00fcpsiste, saia v\u00f5i k\u00f6\u00f6giviljadega.\",\"breadcrumb\":{\"@id\":\"https:\/\/bramasole.ee\/en\/Toode\/juustufonduu-truhvliga-130-gr\/#breadcrumb\"},\"inLanguage\":\"en-US\",\"potentialAction\":[{\"@type\":\"ReadAction\",\"target\":[\"https:\/\/bramasole.ee\/en\/Toode\/juustufonduu-truhvliga-130-gr\/\"]}]},{\"@type\":\"ImageObject\",\"inLanguage\":\"en-US\",\"@id\":\"https:\/\/bramasole.ee\/en\/Toode\/juustufonduu-truhvliga-130-gr\/#primaryimage\",\"url\":\"https:\/\/bramasole.ee\/wp-content\/uploads\/2023\/09\/Juustufonduu-truhvliga_43063_GranCucina.jpg\",\"contentUrl\":\"https:\/\/bramasole.ee\/wp-content\/uploads\/2023\/09\/Juustufonduu-truhvliga_43063_GranCucina.jpg\",\"width\":900,\"height\":900,\"caption\":\"juustufond\u00fc\u00fc\"},{\"@type\":\"BreadcrumbList\",\"@id\":\"https:\/\/bramasole.ee\/en\/Toode\/juustufonduu-truhvliga-130-gr\/#breadcrumb\",\"itemListElement\":[{\"@type\":\"ListItem\",\"position\":1,\"name\":\"Home\",\"item\":\"https:\/\/bramasole.ee\/en\/\"},{\"@type\":\"ListItem\",\"position\":2,\"name\":\"VEINIPOOD\",\"item\":\"https:\/\/bramasole.ee\/veinipood\/\"},{\"@type\":\"ListItem\",\"position\":3,\"name\":\"Juustufond\u00fc\u00fc tr\u00fchvliga 130 gr.\"}]},{\"@type\":\"WebSite\",\"@id\":\"https:\/\/bramasole.ee\/en\/#website\",\"url\":\"https:\/\/bramasole.ee\/en\/\",\"name\":\"Bramasole\",\"description\":\"Bramasole veinipood - ainult hea vein!\",\"publisher\":{\"@id\":\"https:\/\/bramasole.ee\/en\/#organization\"},\"alternateName\":\"Bramasole veinid\",\"potentialAction\":[{\"@type\":\"SearchAction\",\"target\":{\"@type\":\"EntryPoint\",\"urlTemplate\":\"https:\/\/bramasole.ee\/en\/?s={search_term_string}\"},\"query-input\":{\"@type\":\"PropertyValueSpecification\",\"valueRequired\":true,\"valueName\":\"search_term_string\"}}],\"inLanguage\":\"en-US\"},{\"@type\":\"Organization\",\"@id\":\"https:\/\/bramasole.ee\/en\/#organization\",\"name\":\"Bramasole\",\"url\":\"https:\/\/bramasole.ee\/en\/\",\"logo\":{\"@type\":\"ImageObject\",\"inLanguage\":\"en-US\",\"@id\":\"https:\/\/bramasole.ee\/en\/#\/schema\/logo\/image\/\",\"url\":\"https:\/\/bramasole.ee\/wp-content\/uploads\/2023\/04\/House_of_bramasole_logo.png\",\"contentUrl\":\"https:\/\/bramasole.ee\/wp-content\/uploads\/2023\/04\/House_of_bramasole_logo.png\",\"width\":1031,\"height\":257,\"caption\":\"Bramasole\"},\"image\":{\"@id\":\"https:\/\/bramasole.ee\/en\/#\/schema\/logo\/image\/\"},\"sameAs\":[\"https:\/\/www.facebook.com\/houseofbramasole\",\"https:\/\/www.instagram.com\/houseofbramasole\/\"]}]}<\/script>\n<meta property=\"product:price:amount\" content=\"9.65\" \/>\n<meta property=\"product:price:currency\" content=\"EUR\" \/>\n<meta property=\"og:availability\" content=\"instock\" \/>\n<meta property=\"product:availability\" content=\"instock\" \/>\n<meta property=\"product:retailer_item_id\" content=\"43063\" \/>\n<meta property=\"product:condition\" content=\"new\" \/>\n<!-- \/ Yoast SEO Premium plugin. -->","yoast_head_json":{"title":"Juustufond\u00fc\u00fc tr\u00fchvliga 130 gr. - gurmeetooted - Bramasole veinipood","description":"Juustufond\u00fc\u00fc tr\u00fchvliga - maitsvad gurmeetooted! Maitsek\u00fcllane juustufond\u00fc\u00fc sobib alati, tee maitsev pearoog v\u00f5i s\u00f6\u00f6 erinevate k\u00fcpsiste, saia v\u00f5i k\u00f6\u00f6giviljadega.","robots":{"index":"index","follow":"follow","max-snippet":"max-snippet:-1","max-image-preview":"max-image-preview:large","max-video-preview":"max-video-preview:-1"},"canonical":"https:\/\/bramasole.ee\/en\/Toode\/juustufonduu-truhvliga-130-gr\/","og_locale":"en_US","og_type":"article","og_title":"Juustufond\u00fc\u00fc tr\u00fchvliga 130 gr.","og_description":"Juustufond\u00fc\u00fc tr\u00fchvliga - maitsvad gurmeetooted! Maitsek\u00fcllane juustufond\u00fc\u00fc sobib alati, tee maitsev pearoog v\u00f5i s\u00f6\u00f6 erinevate k\u00fcpsiste, saia v\u00f5i k\u00f6\u00f6giviljadega.","og_url":"https:\/\/bramasole.ee\/en\/Toode\/juustufonduu-truhvliga-130-gr\/","og_site_name":"Bramasole","article_publisher":"https:\/\/www.facebook.com\/houseofbramasole","article_modified_time":"2024-12-12T09:11:34+00:00","og_image":[{"width":900,"height":900,"url":"https:\/\/bramasole.ee\/wp-content\/uploads\/2023\/09\/Juustufonduu-truhvliga_43063_GranCucina.jpg","type":"image\/jpeg"}],"twitter_card":"summary_large_image","twitter_misc":{"Price":"&euro;9.65","Availability":"In stock"},"schema":{"@context":"https:\/\/schema.org","@graph":[{"@type":"WebPage","@id":"https:\/\/bramasole.ee\/en\/Toode\/juustufonduu-truhvliga-130-gr\/","url":"https:\/\/bramasole.ee\/en\/Toode\/juustufonduu-truhvliga-130-gr\/","name":"Juustufond\u00fc\u00fc tr\u00fchvliga 130 gr. - gurmeetooted - Bramasole veinipood","isPartOf":{"@id":"https:\/\/bramasole.ee\/en\/#website"},"primaryImageOfPage":{"@id":"https:\/\/bramasole.ee\/en\/Toode\/juustufonduu-truhvliga-130-gr\/#primaryimage"},"image":{"@id":"https:\/\/bramasole.ee\/en\/Toode\/juustufonduu-truhvliga-130-gr\/#primaryimage"},"thumbnailUrl":"https:\/\/bramasole.ee\/wp-content\/uploads\/2023\/09\/Juustufonduu-truhvliga_43063_GranCucina.jpg","datePublished":"2023-09-27T04:35:29+00:00","dateModified":"2024-12-12T09:11:34+00:00","description":"Juustufond\u00fc\u00fc tr\u00fchvliga - maitsvad gurmeetooted! Maitsek\u00fcllane juustufond\u00fc\u00fc sobib alati, tee maitsev pearoog v\u00f5i s\u00f6\u00f6 erinevate k\u00fcpsiste, saia v\u00f5i k\u00f6\u00f6giviljadega.","breadcrumb":{"@id":"https:\/\/bramasole.ee\/en\/Toode\/juustufonduu-truhvliga-130-gr\/#breadcrumb"},"inLanguage":"en-US","potentialAction":[{"@type":"ReadAction","target":["https:\/\/bramasole.ee\/en\/Toode\/juustufonduu-truhvliga-130-gr\/"]}]},{"@type":"ImageObject","inLanguage":"en-US","@id":"https:\/\/bramasole.ee\/en\/Toode\/juustufonduu-truhvliga-130-gr\/#primaryimage","url":"https:\/\/bramasole.ee\/wp-content\/uploads\/2023\/09\/Juustufonduu-truhvliga_43063_GranCucina.jpg","contentUrl":"https:\/\/bramasole.ee\/wp-content\/uploads\/2023\/09\/Juustufonduu-truhvliga_43063_GranCucina.jpg","width":900,"height":900,"caption":"juustufond\u00fc\u00fc"},{"@type":"BreadcrumbList","@id":"https:\/\/bramasole.ee\/en\/Toode\/juustufonduu-truhvliga-130-gr\/#breadcrumb","itemListElement":[{"@type":"ListItem","position":1,"name":"Home","item":"https:\/\/bramasole.ee\/en\/"},{"@type":"ListItem","position":2,"name":"VEINIPOOD","item":"https:\/\/bramasole.ee\/veinipood\/"},{"@type":"ListItem","position":3,"name":"Juustufond\u00fc\u00fc tr\u00fchvliga 130 gr."}]},{"@type":"WebSite","@id":"https:\/\/bramasole.ee\/en\/#website","url":"https:\/\/bramasole.ee\/en\/","name":"Bramasole","description":"Bramasole veinipood - ainult hea vein!","publisher":{"@id":"https:\/\/bramasole.ee\/en\/#organization"},"alternateName":"Bramasole veinid","potentialAction":[{"@type":"SearchAction","target":{"@type":"EntryPoint","urlTemplate":"https:\/\/bramasole.ee\/en\/?s={search_term_string}"},"query-input":{"@type":"PropertyValueSpecification","valueRequired":true,"valueName":"search_term_string"}}],"inLanguage":"en-US"},{"@type":"Organization","@id":"https:\/\/bramasole.ee\/en\/#organization","name":"Bramasole","url":"https:\/\/bramasole.ee\/en\/","logo":{"@type":"ImageObject","inLanguage":"en-US","@id":"https:\/\/bramasole.ee\/en\/#\/schema\/logo\/image\/","url":"https:\/\/bramasole.ee\/wp-content\/uploads\/2023\/04\/House_of_bramasole_logo.png","contentUrl":"https:\/\/bramasole.ee\/wp-content\/uploads\/2023\/04\/House_of_bramasole_logo.png","width":1031,"height":257,"caption":"Bramasole"},"image":{"@id":"https:\/\/bramasole.ee\/en\/#\/schema\/logo\/image\/"},"sameAs":["https:\/\/www.facebook.com\/houseofbramasole","https:\/\/www.instagram.com\/houseofbramasole\/"]}]},"product_price_amount":"9.65","product_price_currency":"EUR","og_availability":"instock","product_availability":"instock","product_retailer_item_id":"43063","product_condition":"new"},"_links":{"self":[{"href":"https:\/\/bramasole.ee\/en\/wp-json\/wp\/v2\/product\/55222","targetHints":{"allow":["GET"]}}],"collection":[{"href":"https:\/\/bramasole.ee\/en\/wp-json\/wp\/v2\/product"}],"about":[{"href":"https:\/\/bramasole.ee\/en\/wp-json\/wp\/v2\/types\/product"}],"replies":[{"embeddable":true,"href":"https:\/\/bramasole.ee\/en\/wp-json\/wp\/v2\/comments?post=55222"}],"wp:featuredmedia":[{"embeddable":true,"href":"https:\/\/bramasole.ee\/en\/wp-json\/wp\/v2\/media\/55223"}],"wp:attachment":[{"href":"https:\/\/bramasole.ee\/en\/wp-json\/wp\/v2\/media?parent=55222"}],"wp:term":[{"taxonomy":"product_brand","embeddable":true,"href":"https:\/\/bramasole.ee\/en\/wp-json\/wp\/v2\/product_brand?post=55222"},{"taxonomy":"product_cat","embeddable":true,"href":"https:\/\/bramasole.ee\/en\/wp-json\/wp\/v2\/product_cat?post=55222"},{"taxonomy":"product_tag","embeddable":true,"href":"https:\/\/bramasole.ee\/en\/wp-json\/wp\/v2\/product_tag?post=55222"}],"curies":[{"name":"wp","href":"https:\/\/api.w.org\/{rel}","templated":true}]}}