{"id":3125,"date":"2023-09-04T15:07:12","date_gmt":"2023-09-04T12:07:12","guid":{"rendered":"https:\/\/bramasole.ee\/?post_type=product&#038;p=3125"},"modified":"2025-02-14T15:13:10","modified_gmt":"2025-02-14T13:13:10","slug":"mesi-sitsiilia-apelsiniga-250-gr","status":"publish","type":"product","link":"https:\/\/bramasole.ee\/en\/Toode\/mesi-sitsiilia-apelsiniga-250-gr\/","title":{"rendered":"Mesi Sitsiilia apelsiniga 250 gr."},"content":{"rendered":"<h3>Mesi Sitsiilia apelsiniga &#8211; looduse magusaim kingitus<\/h3>\n<p>Tervita looduse puhtaimat ja maitsvaimat kingitust meie Gran Cucina erilise meega, mis on rikastatud Sitsiilia apelsinide mahlase magususega. See maitsev h\u00f5rgutis on valminud hoolikalt korjatud apelsinide ja kvaliteetse mee koosluses, et tuua sinuni suurep\u00e4rane maitseelamus.<\/p>\n<p>Miks valida meie Gran Cucina Sitsiilia apelsiniga mesi?<\/p>\n<ul>\n<li><strong>V\u00e4rsked Sitsiilia apelsinid:<\/strong> Kasutame ainult k\u00f5ige k\u00fcpsemaid ja mahlasemaid Sitsiilia apelsine, et lisada meelele s\u00e4rtsakas tsitruseline maitse.<\/li>\n<li><strong>Looduslik magusus:<\/strong> Mesi annab meie tootele naturaalse ja \u00f5rna magususe, mis t\u00e4iustab suhkruta magustoite, jooke ja roogasid.<\/li>\n<li><strong>Tervislik alternatiiv:<\/strong> Meie mesi on loomulik suhkruasendaja, mis on rikkalikult vitamiinide ja antioks\u00fcdantidega ning tuntud tervislike omaduste poolest.<\/li>\n<li><strong>Mitmek\u00fclgne k\u00f6\u00f6gis:<\/strong> Kasuta seda mett tee magustajana, hommikuti jogurti ja m\u00fcsliga v\u00f5i lisandina salatikastmetes. V\u00f5imalused on l\u00f5putud!<\/li>\n<li><strong>Suurep\u00e4rane kingitus:<\/strong> Mesi maitseb k\u00f5igile ja teeb tuju r\u00f5\u00f5msaks igal inimesel.<\/li>\n<\/ul>\n<p>Osta meie Sitsiilia apelsiniga mett ja naudi looduse poolt pakutavat puhtaimat magusust. See sobib suurep\u00e4raselt hommikuhelvestele, magustoitudele v\u00f5i isegi lihtsalt lusikaga nautimiseks.<\/p>\n<p>Meie mesi Sitsiilia apelsinidega on looduslik ning tervislik ja maitsev alternatiiv suhkrule, mis lisab sinu igap\u00e4evastele roogadele ja jookidele unustamatu maitse. V\u00f5ta see maitsev kingitus loodusest juba t\u00e4na!<\/p>\n<p>Proovi kindlasti ka meie teisi maitsvaid tooteid. Meie gurmeetooted on maitsvad ja kvaliteetsed!<\/p>\n","protected":false},"excerpt":{"rendered":"<p>Avasta loodusliku magususe ja v\u00e4rskuse t\u00e4iuslik kooslus meie Sitsiilia apelsinidega rikastatud mees. See maitsvate tsitruseliste nootidega meekombinatsioon pakub t\u00f5elist maitseelamust. Osta meie Sitsiilia apelsiniga mett ja naudi looduse puhtaimat kingitust oma k\u00f6\u00f6gis. Looduslik, tervislik ja t\u00e4iesti s\u00f5ltuvust tekitav &#8211; proovi seda t\u00e4na!<\/p>\n<p>&nbsp;<\/p>\n","protected":false},"featured_media":3126,"comment_status":"open","ping_status":"closed","template":"","meta":[],"product_brand":[],"product_cat":[298,339],"product_tag":[457,461,463,464],"class_list":{"0":"post-3125","1":"product","2":"type-product","3":"status-publish","4":"has-post-thumbnail","6":"product_cat-gurmeetooted","7":"product_cat-mesi","8":"product_tag-gurmeetoode","9":"product_tag-itaalia-maitsed","10":"product_tag-mesi","11":"product_tag-sitsiilia","12":"description-off","14":"first","15":"instock","16":"taxable","17":"shipping-taxable","18":"purchasable","19":"product-type-simple"},"yoast_head":"<!-- This site is optimized with the Yoast SEO Premium plugin v23.0 (Yoast SEO v25.3.1) - https:\/\/yoast.com\/wordpress\/plugins\/seo\/ -->\n<title>Mesi Sitsiilia apelsiniga 250 gr. - gurmeetooted - Bramasole veinipood<\/title>\n<meta name=\"description\" content=\"Mesi Sitsiilia apelsiniga - tervita looduse puhtaimat ja maitsvaimat kingitust Itaalia erilise meega. Looduslik, tervislik ja s\u00f5ltuvust tekitav - proovi seda t\u00e4na!\" \/>\n<meta name=\"robots\" content=\"index, follow, max-snippet:-1, max-image-preview:large, max-video-preview:-1\" \/>\n<link rel=\"canonical\" href=\"https:\/\/bramasole.ee\/en\/Toode\/mesi-sitsiilia-apelsiniga-250-gr\/\" \/>\n<meta property=\"og:locale\" content=\"en_US\" \/>\n<meta property=\"og:type\" content=\"article\" \/>\n<meta property=\"og:title\" content=\"Mesi Sitsiilia apelsiniga 250 gr.\" \/>\n<meta property=\"og:description\" content=\"Mesi Sitsiilia apelsiniga - tervita looduse puhtaimat ja maitsvaimat kingitust Itaalia erilise meega. Looduslik, tervislik ja s\u00f5ltuvust tekitav - proovi seda t\u00e4na!\" \/>\n<meta property=\"og:url\" content=\"https:\/\/bramasole.ee\/en\/Toode\/mesi-sitsiilia-apelsiniga-250-gr\/\" \/>\n<meta property=\"og:site_name\" content=\"Bramasole\" \/>\n<meta property=\"article:publisher\" content=\"https:\/\/www.facebook.com\/houseofbramasole\" \/>\n<meta property=\"article:modified_time\" content=\"2025-02-14T13:13:10+00:00\" \/>\n<meta property=\"og:image\" content=\"https:\/\/bramasole.ee\/wp-content\/uploads\/2023\/09\/Mesi-Sitsiilia-apelsinidega_89_GranCucina.jpg\" \/>\n\t<meta property=\"og:image:width\" content=\"900\" \/>\n\t<meta property=\"og:image:height\" content=\"900\" \/>\n\t<meta property=\"og:image:type\" content=\"image\/jpeg\" \/>\n<meta name=\"twitter:card\" content=\"summary_large_image\" \/>\n<meta name=\"twitter:label1\" content=\"Price\" \/>\n\t<meta name=\"twitter:data1\" content=\"&euro;9.10\" \/>\n\t<meta name=\"twitter:label2\" content=\"Availability\" \/>\n\t<meta name=\"twitter:data2\" content=\"In stock\" \/>\n<script type=\"application\/ld+json\" class=\"yoast-schema-graph\">{\"@context\":\"https:\/\/schema.org\",\"@graph\":[{\"@type\":\"WebPage\",\"@id\":\"https:\/\/bramasole.ee\/en\/Toode\/mesi-sitsiilia-apelsiniga-250-gr\/\",\"url\":\"https:\/\/bramasole.ee\/en\/Toode\/mesi-sitsiilia-apelsiniga-250-gr\/\",\"name\":\"Mesi Sitsiilia apelsiniga 250 gr. - gurmeetooted - Bramasole veinipood\",\"isPartOf\":{\"@id\":\"https:\/\/bramasole.ee\/en\/#website\"},\"primaryImageOfPage\":{\"@id\":\"https:\/\/bramasole.ee\/en\/Toode\/mesi-sitsiilia-apelsiniga-250-gr\/#primaryimage\"},\"image\":{\"@id\":\"https:\/\/bramasole.ee\/en\/Toode\/mesi-sitsiilia-apelsiniga-250-gr\/#primaryimage\"},\"thumbnailUrl\":\"https:\/\/bramasole.ee\/wp-content\/uploads\/2023\/09\/Mesi-Sitsiilia-apelsinidega_89_GranCucina.jpg\",\"datePublished\":\"2023-09-04T12:07:12+00:00\",\"dateModified\":\"2025-02-14T13:13:10+00:00\",\"description\":\"Mesi Sitsiilia apelsiniga - tervita looduse puhtaimat ja maitsvaimat kingitust Itaalia erilise meega. Looduslik, tervislik ja s\u00f5ltuvust tekitav - proovi seda t\u00e4na!\",\"breadcrumb\":{\"@id\":\"https:\/\/bramasole.ee\/en\/Toode\/mesi-sitsiilia-apelsiniga-250-gr\/#breadcrumb\"},\"inLanguage\":\"en-US\",\"potentialAction\":[{\"@type\":\"ReadAction\",\"target\":[\"https:\/\/bramasole.ee\/en\/Toode\/mesi-sitsiilia-apelsiniga-250-gr\/\"]}]},{\"@type\":\"ImageObject\",\"inLanguage\":\"en-US\",\"@id\":\"https:\/\/bramasole.ee\/en\/Toode\/mesi-sitsiilia-apelsiniga-250-gr\/#primaryimage\",\"url\":\"https:\/\/bramasole.ee\/wp-content\/uploads\/2023\/09\/Mesi-Sitsiilia-apelsinidega_89_GranCucina.jpg\",\"contentUrl\":\"https:\/\/bramasole.ee\/wp-content\/uploads\/2023\/09\/Mesi-Sitsiilia-apelsinidega_89_GranCucina.jpg\",\"width\":900,\"height\":900,\"caption\":\"Mesi Sitsiilia apelsiniga\"},{\"@type\":\"BreadcrumbList\",\"@id\":\"https:\/\/bramasole.ee\/en\/Toode\/mesi-sitsiilia-apelsiniga-250-gr\/#breadcrumb\",\"itemListElement\":[{\"@type\":\"ListItem\",\"position\":1,\"name\":\"Home\",\"item\":\"https:\/\/bramasole.ee\/en\/\"},{\"@type\":\"ListItem\",\"position\":2,\"name\":\"VEINIPOOD\",\"item\":\"https:\/\/bramasole.ee\/veinipood\/\"},{\"@type\":\"ListItem\",\"position\":3,\"name\":\"Mesi Sitsiilia apelsiniga 250 gr.\"}]},{\"@type\":\"WebSite\",\"@id\":\"https:\/\/bramasole.ee\/en\/#website\",\"url\":\"https:\/\/bramasole.ee\/en\/\",\"name\":\"Bramasole\",\"description\":\"Bramasole veinipood - ainult hea vein!\",\"publisher\":{\"@id\":\"https:\/\/bramasole.ee\/en\/#organization\"},\"alternateName\":\"Bramasole veinid\",\"potentialAction\":[{\"@type\":\"SearchAction\",\"target\":{\"@type\":\"EntryPoint\",\"urlTemplate\":\"https:\/\/bramasole.ee\/en\/?s={search_term_string}\"},\"query-input\":{\"@type\":\"PropertyValueSpecification\",\"valueRequired\":true,\"valueName\":\"search_term_string\"}}],\"inLanguage\":\"en-US\"},{\"@type\":\"Organization\",\"@id\":\"https:\/\/bramasole.ee\/en\/#organization\",\"name\":\"Bramasole\",\"url\":\"https:\/\/bramasole.ee\/en\/\",\"logo\":{\"@type\":\"ImageObject\",\"inLanguage\":\"en-US\",\"@id\":\"https:\/\/bramasole.ee\/en\/#\/schema\/logo\/image\/\",\"url\":\"https:\/\/bramasole.ee\/wp-content\/uploads\/2023\/04\/House_of_bramasole_logo.png\",\"contentUrl\":\"https:\/\/bramasole.ee\/wp-content\/uploads\/2023\/04\/House_of_bramasole_logo.png\",\"width\":1031,\"height\":257,\"caption\":\"Bramasole\"},\"image\":{\"@id\":\"https:\/\/bramasole.ee\/en\/#\/schema\/logo\/image\/\"},\"sameAs\":[\"https:\/\/www.facebook.com\/houseofbramasole\",\"https:\/\/www.instagram.com\/houseofbramasole\/\"]}]}<\/script>\n<meta property=\"product:price:amount\" content=\"9.10\" \/>\n<meta property=\"product:price:currency\" content=\"EUR\" \/>\n<meta property=\"og:availability\" content=\"instock\" \/>\n<meta property=\"product:availability\" content=\"instock\" \/>\n<meta property=\"product:retailer_item_id\" content=\"89\" \/>\n<meta property=\"product:condition\" content=\"new\" \/>\n<!-- \/ Yoast SEO Premium plugin. -->","yoast_head_json":{"title":"Mesi Sitsiilia apelsiniga 250 gr. - gurmeetooted - Bramasole veinipood","description":"Mesi Sitsiilia apelsiniga - tervita looduse puhtaimat ja maitsvaimat kingitust Itaalia erilise meega. Looduslik, tervislik ja s\u00f5ltuvust tekitav - proovi seda t\u00e4na!","robots":{"index":"index","follow":"follow","max-snippet":"max-snippet:-1","max-image-preview":"max-image-preview:large","max-video-preview":"max-video-preview:-1"},"canonical":"https:\/\/bramasole.ee\/en\/Toode\/mesi-sitsiilia-apelsiniga-250-gr\/","og_locale":"en_US","og_type":"article","og_title":"Mesi Sitsiilia apelsiniga 250 gr.","og_description":"Mesi Sitsiilia apelsiniga - tervita looduse puhtaimat ja maitsvaimat kingitust Itaalia erilise meega. Looduslik, tervislik ja s\u00f5ltuvust tekitav - proovi seda t\u00e4na!","og_url":"https:\/\/bramasole.ee\/en\/Toode\/mesi-sitsiilia-apelsiniga-250-gr\/","og_site_name":"Bramasole","article_publisher":"https:\/\/www.facebook.com\/houseofbramasole","article_modified_time":"2025-02-14T13:13:10+00:00","og_image":[{"width":900,"height":900,"url":"https:\/\/bramasole.ee\/wp-content\/uploads\/2023\/09\/Mesi-Sitsiilia-apelsinidega_89_GranCucina.jpg","type":"image\/jpeg"}],"twitter_card":"summary_large_image","twitter_misc":{"Price":"&euro;9.10","Availability":"In stock"},"schema":{"@context":"https:\/\/schema.org","@graph":[{"@type":"WebPage","@id":"https:\/\/bramasole.ee\/en\/Toode\/mesi-sitsiilia-apelsiniga-250-gr\/","url":"https:\/\/bramasole.ee\/en\/Toode\/mesi-sitsiilia-apelsiniga-250-gr\/","name":"Mesi Sitsiilia apelsiniga 250 gr. - gurmeetooted - Bramasole veinipood","isPartOf":{"@id":"https:\/\/bramasole.ee\/en\/#website"},"primaryImageOfPage":{"@id":"https:\/\/bramasole.ee\/en\/Toode\/mesi-sitsiilia-apelsiniga-250-gr\/#primaryimage"},"image":{"@id":"https:\/\/bramasole.ee\/en\/Toode\/mesi-sitsiilia-apelsiniga-250-gr\/#primaryimage"},"thumbnailUrl":"https:\/\/bramasole.ee\/wp-content\/uploads\/2023\/09\/Mesi-Sitsiilia-apelsinidega_89_GranCucina.jpg","datePublished":"2023-09-04T12:07:12+00:00","dateModified":"2025-02-14T13:13:10+00:00","description":"Mesi Sitsiilia apelsiniga - tervita looduse puhtaimat ja maitsvaimat kingitust Itaalia erilise meega. Looduslik, tervislik ja s\u00f5ltuvust tekitav - proovi seda t\u00e4na!","breadcrumb":{"@id":"https:\/\/bramasole.ee\/en\/Toode\/mesi-sitsiilia-apelsiniga-250-gr\/#breadcrumb"},"inLanguage":"en-US","potentialAction":[{"@type":"ReadAction","target":["https:\/\/bramasole.ee\/en\/Toode\/mesi-sitsiilia-apelsiniga-250-gr\/"]}]},{"@type":"ImageObject","inLanguage":"en-US","@id":"https:\/\/bramasole.ee\/en\/Toode\/mesi-sitsiilia-apelsiniga-250-gr\/#primaryimage","url":"https:\/\/bramasole.ee\/wp-content\/uploads\/2023\/09\/Mesi-Sitsiilia-apelsinidega_89_GranCucina.jpg","contentUrl":"https:\/\/bramasole.ee\/wp-content\/uploads\/2023\/09\/Mesi-Sitsiilia-apelsinidega_89_GranCucina.jpg","width":900,"height":900,"caption":"Mesi Sitsiilia apelsiniga"},{"@type":"BreadcrumbList","@id":"https:\/\/bramasole.ee\/en\/Toode\/mesi-sitsiilia-apelsiniga-250-gr\/#breadcrumb","itemListElement":[{"@type":"ListItem","position":1,"name":"Home","item":"https:\/\/bramasole.ee\/en\/"},{"@type":"ListItem","position":2,"name":"VEINIPOOD","item":"https:\/\/bramasole.ee\/veinipood\/"},{"@type":"ListItem","position":3,"name":"Mesi Sitsiilia apelsiniga 250 gr."}]},{"@type":"WebSite","@id":"https:\/\/bramasole.ee\/en\/#website","url":"https:\/\/bramasole.ee\/en\/","name":"Bramasole","description":"Bramasole veinipood - ainult hea vein!","publisher":{"@id":"https:\/\/bramasole.ee\/en\/#organization"},"alternateName":"Bramasole veinid","potentialAction":[{"@type":"SearchAction","target":{"@type":"EntryPoint","urlTemplate":"https:\/\/bramasole.ee\/en\/?s={search_term_string}"},"query-input":{"@type":"PropertyValueSpecification","valueRequired":true,"valueName":"search_term_string"}}],"inLanguage":"en-US"},{"@type":"Organization","@id":"https:\/\/bramasole.ee\/en\/#organization","name":"Bramasole","url":"https:\/\/bramasole.ee\/en\/","logo":{"@type":"ImageObject","inLanguage":"en-US","@id":"https:\/\/bramasole.ee\/en\/#\/schema\/logo\/image\/","url":"https:\/\/bramasole.ee\/wp-content\/uploads\/2023\/04\/House_of_bramasole_logo.png","contentUrl":"https:\/\/bramasole.ee\/wp-content\/uploads\/2023\/04\/House_of_bramasole_logo.png","width":1031,"height":257,"caption":"Bramasole"},"image":{"@id":"https:\/\/bramasole.ee\/en\/#\/schema\/logo\/image\/"},"sameAs":["https:\/\/www.facebook.com\/houseofbramasole","https:\/\/www.instagram.com\/houseofbramasole\/"]}]},"product_price_amount":"9.10","product_price_currency":"EUR","og_availability":"instock","product_availability":"instock","product_retailer_item_id":"89","product_condition":"new"},"_links":{"self":[{"href":"https:\/\/bramasole.ee\/en\/wp-json\/wp\/v2\/product\/3125","targetHints":{"allow":["GET"]}}],"collection":[{"href":"https:\/\/bramasole.ee\/en\/wp-json\/wp\/v2\/product"}],"about":[{"href":"https:\/\/bramasole.ee\/en\/wp-json\/wp\/v2\/types\/product"}],"replies":[{"embeddable":true,"href":"https:\/\/bramasole.ee\/en\/wp-json\/wp\/v2\/comments?post=3125"}],"wp:featuredmedia":[{"embeddable":true,"href":"https:\/\/bramasole.ee\/en\/wp-json\/wp\/v2\/media\/3126"}],"wp:attachment":[{"href":"https:\/\/bramasole.ee\/en\/wp-json\/wp\/v2\/media?parent=3125"}],"wp:term":[{"taxonomy":"product_brand","embeddable":true,"href":"https:\/\/bramasole.ee\/en\/wp-json\/wp\/v2\/product_brand?post=3125"},{"taxonomy":"product_cat","embeddable":true,"href":"https:\/\/bramasole.ee\/en\/wp-json\/wp\/v2\/product_cat?post=3125"},{"taxonomy":"product_tag","embeddable":true,"href":"https:\/\/bramasole.ee\/en\/wp-json\/wp\/v2\/product_tag?post=3125"}],"curies":[{"name":"wp","href":"https:\/\/api.w.org\/{rel}","templated":true}]}}