{"id":3120,"date":"2023-09-04T12:31:12","date_gmt":"2023-09-04T09:31:12","guid":{"rendered":"https:\/\/bramasole.ee\/?post_type=product&#038;p=3120"},"modified":"2024-08-02T09:47:36","modified_gmt":"2024-08-02T06:47:36","slug":"grillitud-artisokid-280-gr","status":"publish","type":"product","link":"https:\/\/bramasole.ee\/en\/Toode\/grillitud-artisokid-280-gr\/","title":{"rendered":"Grillitud arti\u0161okid 280 gr"},"content":{"rendered":"<p>Tervita oma maitsemeeli meie rikkalike grillitud arti\u0161okkidega oliivi\u00f5lis. Need maitsvad delikatessid on valmistatud hoolikalt valitud v\u00e4rsketest arti\u0161okis\u00fcdamikest ja k\u00f5rgekvaliteedilisest ekstra neitsioliivi\u00f5list, et tuua sinuni t\u00f5eline Itaalia maitseelamus. Gran Cucina gurmeetooted r\u00f5\u00f5mustavad Su kokkamist!<\/p>\n<h4><span style=\"color: #800080;\">Tervislikud ja maitsvad Itaalia maitsed Sinu toidulaule!<\/span><\/h4>\n<h4>Miks valida Gran Cucina grillitud arti\u0161okid?<\/h4>\n<ul>\n<li><strong>Kvaliteetne koostis:<\/strong> Kasutame ainult parimaid arti\u0161okkide s\u00fcdameid, mis on hoolikalt valitud.<\/li>\n<li><strong>Rikkalik maitse:<\/strong> Grillimine annab arti\u0161okkidele s\u00fcgavama maitse ja kr\u00f5beda tekstuuri, mis muudab need suurep\u00e4raseks suupisteks v\u00f5i pearoaks.<\/li>\n<li><strong>Oliivi\u00f5li h\u00f5ng:<\/strong> Meie grillitud arti\u0161okid on konserveeritud kvaliteetsesse ekstra neitsioliivi\u00f5liga, mis lisab nende maitsele rikkaliku ja \u00f5rna h\u00f5ngu.<\/li>\n<li><strong>Mitmek\u00fclgsus k\u00f6\u00f6gis:<\/strong> Kasuta arti\u0161okke pitsade, salatite, pastaroogade v\u00f5i iseseisva suupistena. Nende maitse on v\u00f5rratu.<\/li>\n<\/ul>\n<p><strong>Koostis:<\/strong> Arti\u0161okk 55%, oliivi\u00f5li, veini\u00e4\u00e4dikas, sool, ekstra neitsioliivi\u00f5li, petersell, k\u00fc\u00fcslauk, happesuse regulaator: E330, antioks\u00fcdant: E300. See toode v\u00f5ib sisaldada sellerit.<\/p>\n<p>Proovi kindlasti ka meie teisi maitsvaid tooteid. Meie gurmeetooted on maitsvad ja kvaliteetsed!<\/p>\n","protected":false},"excerpt":{"rendered":"<p>Tervita oma maitsemeeli meie rikkalike grillitud arti\u0161okkidega oliivi\u00f5lis.<\/p>\n<p>&nbsp;<\/p>\n","protected":false},"featured_media":3121,"comment_status":"open","ping_status":"closed","template":"","meta":[],"product_brand":[],"product_cat":[298,302],"product_tag":[465,459,457,461],"class_list":{"0":"post-3120","1":"product","2":"type-product","3":"status-publish","4":"has-post-thumbnail","6":"product_cat-gurmeetooted","7":"product_cat-gurmee","8":"product_tag-artisokk","9":"product_tag-delikatess","10":"product_tag-gurmeetoode","11":"product_tag-itaalia-maitsed","12":"description-off","14":"first","15":"instock","16":"taxable","17":"shipping-taxable","18":"purchasable","19":"product-type-simple"},"yoast_head":"<!-- This site is optimized with the Yoast SEO Premium plugin v23.0 (Yoast SEO v25.3.1) - https:\/\/yoast.com\/wordpress\/plugins\/seo\/ -->\n<title>Grillitud arti\u0161okid 280 gr - tervislikud ja maitsvad Itaalia maitsed!<\/title>\n<meta name=\"description\" content=\"Grillitud arti\u0161okid, mis on konserveeritud rikkalikus oliivi\u00f5lis. Itaalia kvaliteetsed ja tervislikud arti\u0161okis\u00fcdamed rikastavad toidulauda. Kokka r\u00f5\u00f5muga!\" \/>\n<meta name=\"robots\" content=\"index, follow, max-snippet:-1, max-image-preview:large, max-video-preview:-1\" \/>\n<link rel=\"canonical\" href=\"https:\/\/bramasole.ee\/en\/Toode\/grillitud-artisokid-280-gr\/\" \/>\n<meta property=\"og:locale\" content=\"en_US\" \/>\n<meta property=\"og:type\" content=\"article\" \/>\n<meta property=\"og:title\" content=\"Grillitud arti\u0161okid 280 gr\" \/>\n<meta property=\"og:description\" content=\"Grillitud arti\u0161okid, mis on konserveeritud rikkalikus oliivi\u00f5lis. Itaalia kvaliteetsed ja tervislikud arti\u0161okis\u00fcdamed rikastavad toidulauda. Kokka r\u00f5\u00f5muga!\" \/>\n<meta property=\"og:url\" content=\"https:\/\/bramasole.ee\/en\/Toode\/grillitud-artisokid-280-gr\/\" \/>\n<meta property=\"og:site_name\" content=\"Bramasole\" \/>\n<meta property=\"article:publisher\" content=\"https:\/\/www.facebook.com\/houseofbramasole\" \/>\n<meta property=\"article:modified_time\" content=\"2024-08-02T06:47:36+00:00\" \/>\n<meta property=\"og:image\" content=\"https:\/\/bramasole.ee\/wp-content\/uploads\/2023\/09\/Grillitud-artisokid_738_GranCucina.jpg\" \/>\n\t<meta property=\"og:image:width\" content=\"900\" \/>\n\t<meta property=\"og:image:height\" content=\"900\" \/>\n\t<meta property=\"og:image:type\" content=\"image\/jpeg\" \/>\n<meta name=\"twitter:card\" content=\"summary_large_image\" \/>\n<meta name=\"twitter:label1\" content=\"Price\" \/>\n\t<meta name=\"twitter:data1\" content=\"&euro;9.70\" \/>\n\t<meta name=\"twitter:label2\" content=\"Availability\" \/>\n\t<meta name=\"twitter:data2\" content=\"In stock\" \/>\n<script type=\"application\/ld+json\" class=\"yoast-schema-graph\">{\"@context\":\"https:\/\/schema.org\",\"@graph\":[{\"@type\":\"WebPage\",\"@id\":\"https:\/\/bramasole.ee\/en\/Toode\/grillitud-artisokid-280-gr\/\",\"url\":\"https:\/\/bramasole.ee\/en\/Toode\/grillitud-artisokid-280-gr\/\",\"name\":\"Grillitud arti\u0161okid 280 gr - tervislikud ja maitsvad Itaalia maitsed!\",\"isPartOf\":{\"@id\":\"https:\/\/bramasole.ee\/en\/#website\"},\"primaryImageOfPage\":{\"@id\":\"https:\/\/bramasole.ee\/en\/Toode\/grillitud-artisokid-280-gr\/#primaryimage\"},\"image\":{\"@id\":\"https:\/\/bramasole.ee\/en\/Toode\/grillitud-artisokid-280-gr\/#primaryimage\"},\"thumbnailUrl\":\"https:\/\/bramasole.ee\/wp-content\/uploads\/2023\/09\/Grillitud-artisokid_738_GranCucina.jpg\",\"datePublished\":\"2023-09-04T09:31:12+00:00\",\"dateModified\":\"2024-08-02T06:47:36+00:00\",\"description\":\"Grillitud arti\u0161okid, mis on konserveeritud rikkalikus oliivi\u00f5lis. Itaalia kvaliteetsed ja tervislikud arti\u0161okis\u00fcdamed rikastavad toidulauda. Kokka r\u00f5\u00f5muga!\",\"breadcrumb\":{\"@id\":\"https:\/\/bramasole.ee\/en\/Toode\/grillitud-artisokid-280-gr\/#breadcrumb\"},\"inLanguage\":\"en-US\",\"potentialAction\":[{\"@type\":\"ReadAction\",\"target\":[\"https:\/\/bramasole.ee\/en\/Toode\/grillitud-artisokid-280-gr\/\"]}]},{\"@type\":\"ImageObject\",\"inLanguage\":\"en-US\",\"@id\":\"https:\/\/bramasole.ee\/en\/Toode\/grillitud-artisokid-280-gr\/#primaryimage\",\"url\":\"https:\/\/bramasole.ee\/wp-content\/uploads\/2023\/09\/Grillitud-artisokid_738_GranCucina.jpg\",\"contentUrl\":\"https:\/\/bramasole.ee\/wp-content\/uploads\/2023\/09\/Grillitud-artisokid_738_GranCucina.jpg\",\"width\":900,\"height\":900,\"caption\":\"Grillitud arti\u0161okid\"},{\"@type\":\"BreadcrumbList\",\"@id\":\"https:\/\/bramasole.ee\/en\/Toode\/grillitud-artisokid-280-gr\/#breadcrumb\",\"itemListElement\":[{\"@type\":\"ListItem\",\"position\":1,\"name\":\"Home\",\"item\":\"https:\/\/bramasole.ee\/en\/\"},{\"@type\":\"ListItem\",\"position\":2,\"name\":\"VEINIPOOD\",\"item\":\"https:\/\/bramasole.ee\/veinipood\/\"},{\"@type\":\"ListItem\",\"position\":3,\"name\":\"Grillitud arti\u0161okid 280 gr\"}]},{\"@type\":\"WebSite\",\"@id\":\"https:\/\/bramasole.ee\/en\/#website\",\"url\":\"https:\/\/bramasole.ee\/en\/\",\"name\":\"Bramasole\",\"description\":\"Bramasole veinipood - ainult hea vein!\",\"publisher\":{\"@id\":\"https:\/\/bramasole.ee\/en\/#organization\"},\"alternateName\":\"Bramasole veinid\",\"potentialAction\":[{\"@type\":\"SearchAction\",\"target\":{\"@type\":\"EntryPoint\",\"urlTemplate\":\"https:\/\/bramasole.ee\/en\/?s={search_term_string}\"},\"query-input\":{\"@type\":\"PropertyValueSpecification\",\"valueRequired\":true,\"valueName\":\"search_term_string\"}}],\"inLanguage\":\"en-US\"},{\"@type\":\"Organization\",\"@id\":\"https:\/\/bramasole.ee\/en\/#organization\",\"name\":\"Bramasole\",\"url\":\"https:\/\/bramasole.ee\/en\/\",\"logo\":{\"@type\":\"ImageObject\",\"inLanguage\":\"en-US\",\"@id\":\"https:\/\/bramasole.ee\/en\/#\/schema\/logo\/image\/\",\"url\":\"https:\/\/bramasole.ee\/wp-content\/uploads\/2023\/04\/House_of_bramasole_logo.png\",\"contentUrl\":\"https:\/\/bramasole.ee\/wp-content\/uploads\/2023\/04\/House_of_bramasole_logo.png\",\"width\":1031,\"height\":257,\"caption\":\"Bramasole\"},\"image\":{\"@id\":\"https:\/\/bramasole.ee\/en\/#\/schema\/logo\/image\/\"},\"sameAs\":[\"https:\/\/www.facebook.com\/houseofbramasole\",\"https:\/\/www.instagram.com\/houseofbramasole\/\"]}]}<\/script>\n<meta property=\"product:price:amount\" content=\"9.70\" \/>\n<meta property=\"product:price:currency\" content=\"EUR\" \/>\n<meta property=\"og:availability\" content=\"instock\" \/>\n<meta property=\"product:availability\" content=\"instock\" \/>\n<meta property=\"product:retailer_item_id\" content=\"738\" \/>\n<meta property=\"product:condition\" content=\"new\" \/>\n<!-- \/ Yoast SEO Premium plugin. -->","yoast_head_json":{"title":"Grillitud arti\u0161okid 280 gr - tervislikud ja maitsvad Itaalia maitsed!","description":"Grillitud arti\u0161okid, mis on konserveeritud rikkalikus oliivi\u00f5lis. Itaalia kvaliteetsed ja tervislikud arti\u0161okis\u00fcdamed rikastavad toidulauda. Kokka r\u00f5\u00f5muga!","robots":{"index":"index","follow":"follow","max-snippet":"max-snippet:-1","max-image-preview":"max-image-preview:large","max-video-preview":"max-video-preview:-1"},"canonical":"https:\/\/bramasole.ee\/en\/Toode\/grillitud-artisokid-280-gr\/","og_locale":"en_US","og_type":"article","og_title":"Grillitud arti\u0161okid 280 gr","og_description":"Grillitud arti\u0161okid, mis on konserveeritud rikkalikus oliivi\u00f5lis. Itaalia kvaliteetsed ja tervislikud arti\u0161okis\u00fcdamed rikastavad toidulauda. Kokka r\u00f5\u00f5muga!","og_url":"https:\/\/bramasole.ee\/en\/Toode\/grillitud-artisokid-280-gr\/","og_site_name":"Bramasole","article_publisher":"https:\/\/www.facebook.com\/houseofbramasole","article_modified_time":"2024-08-02T06:47:36+00:00","og_image":[{"width":900,"height":900,"url":"https:\/\/bramasole.ee\/wp-content\/uploads\/2023\/09\/Grillitud-artisokid_738_GranCucina.jpg","type":"image\/jpeg"}],"twitter_card":"summary_large_image","twitter_misc":{"Price":"&euro;9.70","Availability":"In stock"},"schema":{"@context":"https:\/\/schema.org","@graph":[{"@type":"WebPage","@id":"https:\/\/bramasole.ee\/en\/Toode\/grillitud-artisokid-280-gr\/","url":"https:\/\/bramasole.ee\/en\/Toode\/grillitud-artisokid-280-gr\/","name":"Grillitud arti\u0161okid 280 gr - tervislikud ja maitsvad Itaalia maitsed!","isPartOf":{"@id":"https:\/\/bramasole.ee\/en\/#website"},"primaryImageOfPage":{"@id":"https:\/\/bramasole.ee\/en\/Toode\/grillitud-artisokid-280-gr\/#primaryimage"},"image":{"@id":"https:\/\/bramasole.ee\/en\/Toode\/grillitud-artisokid-280-gr\/#primaryimage"},"thumbnailUrl":"https:\/\/bramasole.ee\/wp-content\/uploads\/2023\/09\/Grillitud-artisokid_738_GranCucina.jpg","datePublished":"2023-09-04T09:31:12+00:00","dateModified":"2024-08-02T06:47:36+00:00","description":"Grillitud arti\u0161okid, mis on konserveeritud rikkalikus oliivi\u00f5lis. Itaalia kvaliteetsed ja tervislikud arti\u0161okis\u00fcdamed rikastavad toidulauda. Kokka r\u00f5\u00f5muga!","breadcrumb":{"@id":"https:\/\/bramasole.ee\/en\/Toode\/grillitud-artisokid-280-gr\/#breadcrumb"},"inLanguage":"en-US","potentialAction":[{"@type":"ReadAction","target":["https:\/\/bramasole.ee\/en\/Toode\/grillitud-artisokid-280-gr\/"]}]},{"@type":"ImageObject","inLanguage":"en-US","@id":"https:\/\/bramasole.ee\/en\/Toode\/grillitud-artisokid-280-gr\/#primaryimage","url":"https:\/\/bramasole.ee\/wp-content\/uploads\/2023\/09\/Grillitud-artisokid_738_GranCucina.jpg","contentUrl":"https:\/\/bramasole.ee\/wp-content\/uploads\/2023\/09\/Grillitud-artisokid_738_GranCucina.jpg","width":900,"height":900,"caption":"Grillitud arti\u0161okid"},{"@type":"BreadcrumbList","@id":"https:\/\/bramasole.ee\/en\/Toode\/grillitud-artisokid-280-gr\/#breadcrumb","itemListElement":[{"@type":"ListItem","position":1,"name":"Home","item":"https:\/\/bramasole.ee\/en\/"},{"@type":"ListItem","position":2,"name":"VEINIPOOD","item":"https:\/\/bramasole.ee\/veinipood\/"},{"@type":"ListItem","position":3,"name":"Grillitud arti\u0161okid 280 gr"}]},{"@type":"WebSite","@id":"https:\/\/bramasole.ee\/en\/#website","url":"https:\/\/bramasole.ee\/en\/","name":"Bramasole","description":"Bramasole veinipood - ainult hea vein!","publisher":{"@id":"https:\/\/bramasole.ee\/en\/#organization"},"alternateName":"Bramasole veinid","potentialAction":[{"@type":"SearchAction","target":{"@type":"EntryPoint","urlTemplate":"https:\/\/bramasole.ee\/en\/?s={search_term_string}"},"query-input":{"@type":"PropertyValueSpecification","valueRequired":true,"valueName":"search_term_string"}}],"inLanguage":"en-US"},{"@type":"Organization","@id":"https:\/\/bramasole.ee\/en\/#organization","name":"Bramasole","url":"https:\/\/bramasole.ee\/en\/","logo":{"@type":"ImageObject","inLanguage":"en-US","@id":"https:\/\/bramasole.ee\/en\/#\/schema\/logo\/image\/","url":"https:\/\/bramasole.ee\/wp-content\/uploads\/2023\/04\/House_of_bramasole_logo.png","contentUrl":"https:\/\/bramasole.ee\/wp-content\/uploads\/2023\/04\/House_of_bramasole_logo.png","width":1031,"height":257,"caption":"Bramasole"},"image":{"@id":"https:\/\/bramasole.ee\/en\/#\/schema\/logo\/image\/"},"sameAs":["https:\/\/www.facebook.com\/houseofbramasole","https:\/\/www.instagram.com\/houseofbramasole\/"]}]},"product_price_amount":"9.70","product_price_currency":"EUR","og_availability":"instock","product_availability":"instock","product_retailer_item_id":"738","product_condition":"new"},"_links":{"self":[{"href":"https:\/\/bramasole.ee\/en\/wp-json\/wp\/v2\/product\/3120","targetHints":{"allow":["GET"]}}],"collection":[{"href":"https:\/\/bramasole.ee\/en\/wp-json\/wp\/v2\/product"}],"about":[{"href":"https:\/\/bramasole.ee\/en\/wp-json\/wp\/v2\/types\/product"}],"replies":[{"embeddable":true,"href":"https:\/\/bramasole.ee\/en\/wp-json\/wp\/v2\/comments?post=3120"}],"wp:featuredmedia":[{"embeddable":true,"href":"https:\/\/bramasole.ee\/en\/wp-json\/wp\/v2\/media\/3121"}],"wp:attachment":[{"href":"https:\/\/bramasole.ee\/en\/wp-json\/wp\/v2\/media?parent=3120"}],"wp:term":[{"taxonomy":"product_brand","embeddable":true,"href":"https:\/\/bramasole.ee\/en\/wp-json\/wp\/v2\/product_brand?post=3120"},{"taxonomy":"product_cat","embeddable":true,"href":"https:\/\/bramasole.ee\/en\/wp-json\/wp\/v2\/product_cat?post=3120"},{"taxonomy":"product_tag","embeddable":true,"href":"https:\/\/bramasole.ee\/en\/wp-json\/wp\/v2\/product_tag?post=3120"}],"curies":[{"name":"wp","href":"https:\/\/api.w.org\/{rel}","templated":true}]}}