{"id":2868,"date":"2023-08-05T16:01:51","date_gmt":"2023-08-05T13:01:51","guid":{"rendered":"https:\/\/bramasole.ee\/?post_type=product&#038;p=2868"},"modified":"2025-02-14T13:44:52","modified_gmt":"2025-02-14T11:44:52","slug":"puravikukreem-porcini-80-gr","status":"publish","type":"product","link":"https:\/\/bramasole.ee\/en\/Toode\/puravikukreem-porcini-80-gr\/","title":{"rendered":"Puravikukreem &#8220;Porcini&#8221; 80 gr."},"content":{"rendered":"<div class=\"flex-1 overflow-hidden\">\n<div class=\"react-scroll-to-bottom--css-wxbaj-79elbk h-full dark:bg-gray-800\">\n<div class=\"react-scroll-to-bottom--css-wxbaj-1n7m0yu\">\n<div class=\"flex flex-col text-sm dark:bg-gray-800\">\n<div class=\"group w-full text-token-text-primary border-b border-black\/10 gizmo:border-0 dark:border-gray-900\/50 gizmo:dark:border-0 bg-gray-50 gizmo:bg-transparent dark:bg-[#444654] gizmo:dark:bg-transparent\" data-testid=\"conversation-turn-27\">\n<div class=\"p-4 justify-center text-base md:gap-6 md:py-6 m-auto\">\n<div class=\"flex flex-1 gap-4 text-base mx-auto md:gap-6 gizmo:gap-3 gizmo:md:px-5 gizmo:lg:px-1 gizmo:xl:px-5 md:max-w-2xl lg:max-w-[38rem] gizmo:md:max-w-3xl gizmo:lg:max-w-[40rem] gizmo:xl:max-w-[48rem] xl:max-w-3xl }\">\n<div class=\"relative flex w-[calc(100%-50px)] flex-col gap-1 gizmo:w-full md:gap-3 lg:w-[calc(100%-115px)] agent-turn\">\n<div>\n<div>\n<div>\n<h4>Puravikukreem &#8220;Porcini&#8221; &#8211; s\u00fcdamega valmistatud seenekreem, millega muudad oma toiduelamuse eriliseks naudinguks.<\/h4>\n<p>Puravikukreem toob Itaalia maitsed otse sinu k\u00f6\u00f6ki. See maagiline kreem on valmistatud hoolikalt korjatud puravikest ( itaalia keeles porcini ), need seened on tuntud oma ainulaadse h\u00f5rgu maitse poolest.<\/p>\n<h4><span style=\"color: #800080;\">Tervislikud ja maitsvad Itaalia maitsed Sinu toidulaual!<\/span><\/h4>\n<p><strong>Omadused:<\/strong><\/p>\n<ul>\n<li><strong>Rikkalik metsamaitse:<\/strong> Puravikukreem &#8220;Porcini&#8221; viib Sind justkui Itaalia metsarajale r\u00e4ndama, tuues esile rikkaliku ja k\u00fcllusliku maitse.<\/li>\n<li><strong>Kreemjas konsistents:<\/strong> Selle kreemi pehme tekstuur muudab selleheaks kaaslaseks erinevate Itaalia roogade t\u00e4iustamiseks.<\/li>\n<li><strong>Mitmek\u00fclgne kasutamine:<\/strong> Kasuta seda puravikukreemi pastakastmetes, risottodes, suppides, pitsaa peal v\u00f5i kastmena liha- ja mereandidele. See on t\u00f5eline kulinaarne maitseelamus!<\/li>\n<li><strong>Autentsed Itaalia maitsed:<\/strong> &#8220;Porcini&#8221; seenekreem toob sinuni autentsed Itaalia metsamaitseid, mis panevad su maitsemeeli tantsima.<\/li>\n<\/ul>\n<p><strong>Kuidas nautida:<\/strong><\/p>\n<p>Naudi &#8220;Porcini&#8221; puravikukreemi oma lemmikroogade juurde, et lisada neile Itaalia metsade v\u00f5lu ja s\u00fcgavust. M\u00e4\u00e4ri seda v\u00e4rsketele saiakestele ja maiusta.<\/p>\n<p>Puravikukreem sisaldab &#8211; oliivi\u00f5li, puravikud 38%, kuivatatud puravikud 4%, sool, k\u00fc\u00fcslauk, happesuse regulaator: sidrunhape.<\/p>\n<\/div>\n<\/div>\n<\/div>\n<\/div>\n<\/div>\n<\/div>\n<\/div>\n<\/div>\n<\/div>\n<\/div>\n<\/div>\n","protected":false},"excerpt":{"rendered":"<p>Puravikukreem &#8221; Porcini&#8221; on valmistatud v\u00e4rsketest ja kuivatatud puravikest. Seenekreem on rikkaliku maitse ja tekstuuriga.<\/p>\n","protected":false},"featured_media":55300,"comment_status":"open","ping_status":"closed","template":"","meta":[],"product_brand":[],"product_cat":[298,305,303],"product_tag":[459,457,461,467],"class_list":{"0":"post-2868","1":"product","2":"type-product","3":"status-publish","4":"has-post-thumbnail","6":"product_cat-gurmeetooted","7":"product_cat-kreemid","8":"product_cat-maarded-ja-voided","9":"product_tag-delikatess","10":"product_tag-gurmeetoode","11":"product_tag-itaalia-maitsed","12":"product_tag-puravikud","13":"description-off","15":"first","16":"instock","17":"taxable","18":"shipping-taxable","19":"purchasable","20":"product-type-simple"},"yoast_head":"<!-- This site is optimized with the Yoast SEO Premium plugin v23.0 (Yoast SEO v25.3.1) - https:\/\/yoast.com\/wordpress\/plugins\/seo\/ -->\n<title>Puravikukreem &quot;Porcini&quot; 80 gr. - maitsvad, tervislikud Itaalia maitsed!<\/title>\n<meta name=\"description\" content=\"Puravikukreem &quot; Porcini&quot; - t\u00f5eline gurmee! Maitsek\u00fcllane seenekreem t\u00e4iustab Sinu pasta, risoto, supi v\u00f5i lihtsalt naudi v\u00e4rske saiaga. Itaalia maitsed!\" \/>\n<meta name=\"robots\" content=\"index, follow, max-snippet:-1, max-image-preview:large, max-video-preview:-1\" \/>\n<link rel=\"canonical\" href=\"https:\/\/bramasole.ee\/en\/Toode\/puravikukreem-porcini-80-gr\/\" \/>\n<meta property=\"og:locale\" content=\"en_US\" \/>\n<meta property=\"og:type\" content=\"article\" \/>\n<meta property=\"og:title\" content=\"Puravikukreem &quot;Porcini&quot; 80 gr.\" \/>\n<meta property=\"og:description\" content=\"Puravikukreem &quot; Porcini&quot; - t\u00f5eline gurmee! Maitsek\u00fcllane seenekreem t\u00e4iustab Sinu pasta, risoto, supi v\u00f5i lihtsalt naudi v\u00e4rske saiaga. Itaalia maitsed!\" \/>\n<meta property=\"og:url\" content=\"https:\/\/bramasole.ee\/en\/Toode\/puravikukreem-porcini-80-gr\/\" \/>\n<meta property=\"og:site_name\" content=\"Bramasole\" \/>\n<meta property=\"article:publisher\" content=\"https:\/\/www.facebook.com\/houseofbramasole\" \/>\n<meta property=\"article:modified_time\" content=\"2025-02-14T11:44:52+00:00\" \/>\n<meta property=\"og:image\" content=\"https:\/\/bramasole.ee\/wp-content\/uploads\/2023\/08\/Puravikukreem_porcini_850.jpg\" \/>\n\t<meta property=\"og:image:width\" content=\"900\" \/>\n\t<meta property=\"og:image:height\" content=\"900\" \/>\n\t<meta property=\"og:image:type\" content=\"image\/jpeg\" \/>\n<meta name=\"twitter:card\" content=\"summary_large_image\" \/>\n<meta name=\"twitter:label1\" content=\"Price\" \/>\n\t<meta name=\"twitter:data1\" content=\"&euro;7.95\" \/>\n\t<meta name=\"twitter:label2\" content=\"Availability\" \/>\n\t<meta name=\"twitter:data2\" content=\"In stock\" \/>\n<script type=\"application\/ld+json\" class=\"yoast-schema-graph\">{\"@context\":\"https:\/\/schema.org\",\"@graph\":[{\"@type\":\"WebPage\",\"@id\":\"https:\/\/bramasole.ee\/en\/Toode\/puravikukreem-porcini-80-gr\/\",\"url\":\"https:\/\/bramasole.ee\/en\/Toode\/puravikukreem-porcini-80-gr\/\",\"name\":\"Puravikukreem \\\"Porcini\\\" 80 gr. - maitsvad, tervislikud Itaalia maitsed!\",\"isPartOf\":{\"@id\":\"https:\/\/bramasole.ee\/en\/#website\"},\"primaryImageOfPage\":{\"@id\":\"https:\/\/bramasole.ee\/en\/Toode\/puravikukreem-porcini-80-gr\/#primaryimage\"},\"image\":{\"@id\":\"https:\/\/bramasole.ee\/en\/Toode\/puravikukreem-porcini-80-gr\/#primaryimage\"},\"thumbnailUrl\":\"https:\/\/bramasole.ee\/wp-content\/uploads\/2023\/08\/Puravikukreem_porcini_850.jpg\",\"datePublished\":\"2023-08-05T13:01:51+00:00\",\"dateModified\":\"2025-02-14T11:44:52+00:00\",\"description\":\"Puravikukreem \\\" Porcini\\\" - t\u00f5eline gurmee! Maitsek\u00fcllane seenekreem t\u00e4iustab Sinu pasta, risoto, supi v\u00f5i lihtsalt naudi v\u00e4rske saiaga. Itaalia maitsed!\",\"breadcrumb\":{\"@id\":\"https:\/\/bramasole.ee\/en\/Toode\/puravikukreem-porcini-80-gr\/#breadcrumb\"},\"inLanguage\":\"en-US\",\"potentialAction\":[{\"@type\":\"ReadAction\",\"target\":[\"https:\/\/bramasole.ee\/en\/Toode\/puravikukreem-porcini-80-gr\/\"]}]},{\"@type\":\"ImageObject\",\"inLanguage\":\"en-US\",\"@id\":\"https:\/\/bramasole.ee\/en\/Toode\/puravikukreem-porcini-80-gr\/#primaryimage\",\"url\":\"https:\/\/bramasole.ee\/wp-content\/uploads\/2023\/08\/Puravikukreem_porcini_850.jpg\",\"contentUrl\":\"https:\/\/bramasole.ee\/wp-content\/uploads\/2023\/08\/Puravikukreem_porcini_850.jpg\",\"width\":900,\"height\":900,\"caption\":\"puravikukreem Porcini\"},{\"@type\":\"BreadcrumbList\",\"@id\":\"https:\/\/bramasole.ee\/en\/Toode\/puravikukreem-porcini-80-gr\/#breadcrumb\",\"itemListElement\":[{\"@type\":\"ListItem\",\"position\":1,\"name\":\"Home\",\"item\":\"https:\/\/bramasole.ee\/en\/\"},{\"@type\":\"ListItem\",\"position\":2,\"name\":\"VEINIPOOD\",\"item\":\"https:\/\/bramasole.ee\/veinipood\/\"},{\"@type\":\"ListItem\",\"position\":3,\"name\":\"Puravikukreem &#8220;Porcini&#8221; 80 gr.\"}]},{\"@type\":\"WebSite\",\"@id\":\"https:\/\/bramasole.ee\/en\/#website\",\"url\":\"https:\/\/bramasole.ee\/en\/\",\"name\":\"Bramasole\",\"description\":\"Bramasole veinipood - ainult hea vein!\",\"publisher\":{\"@id\":\"https:\/\/bramasole.ee\/en\/#organization\"},\"alternateName\":\"Bramasole veinid\",\"potentialAction\":[{\"@type\":\"SearchAction\",\"target\":{\"@type\":\"EntryPoint\",\"urlTemplate\":\"https:\/\/bramasole.ee\/en\/?s={search_term_string}\"},\"query-input\":{\"@type\":\"PropertyValueSpecification\",\"valueRequired\":true,\"valueName\":\"search_term_string\"}}],\"inLanguage\":\"en-US\"},{\"@type\":\"Organization\",\"@id\":\"https:\/\/bramasole.ee\/en\/#organization\",\"name\":\"Bramasole\",\"url\":\"https:\/\/bramasole.ee\/en\/\",\"logo\":{\"@type\":\"ImageObject\",\"inLanguage\":\"en-US\",\"@id\":\"https:\/\/bramasole.ee\/en\/#\/schema\/logo\/image\/\",\"url\":\"https:\/\/bramasole.ee\/wp-content\/uploads\/2023\/04\/House_of_bramasole_logo.png\",\"contentUrl\":\"https:\/\/bramasole.ee\/wp-content\/uploads\/2023\/04\/House_of_bramasole_logo.png\",\"width\":1031,\"height\":257,\"caption\":\"Bramasole\"},\"image\":{\"@id\":\"https:\/\/bramasole.ee\/en\/#\/schema\/logo\/image\/\"},\"sameAs\":[\"https:\/\/www.facebook.com\/houseofbramasole\",\"https:\/\/www.instagram.com\/houseofbramasole\/\"]}]}<\/script>\n<meta property=\"product:price:amount\" content=\"7.95\" \/>\n<meta property=\"product:price:currency\" content=\"EUR\" \/>\n<meta property=\"og:availability\" content=\"instock\" \/>\n<meta property=\"product:availability\" content=\"instock\" \/>\n<meta property=\"product:retailer_item_id\" content=\"850\" \/>\n<meta property=\"product:condition\" content=\"new\" \/>\n<!-- \/ Yoast SEO Premium plugin. -->","yoast_head_json":{"title":"Puravikukreem \"Porcini\" 80 gr. - maitsvad, tervislikud Itaalia maitsed!","description":"Puravikukreem \" Porcini\" - t\u00f5eline gurmee! Maitsek\u00fcllane seenekreem t\u00e4iustab Sinu pasta, risoto, supi v\u00f5i lihtsalt naudi v\u00e4rske saiaga. Itaalia maitsed!","robots":{"index":"index","follow":"follow","max-snippet":"max-snippet:-1","max-image-preview":"max-image-preview:large","max-video-preview":"max-video-preview:-1"},"canonical":"https:\/\/bramasole.ee\/en\/Toode\/puravikukreem-porcini-80-gr\/","og_locale":"en_US","og_type":"article","og_title":"Puravikukreem \"Porcini\" 80 gr.","og_description":"Puravikukreem \" Porcini\" - t\u00f5eline gurmee! Maitsek\u00fcllane seenekreem t\u00e4iustab Sinu pasta, risoto, supi v\u00f5i lihtsalt naudi v\u00e4rske saiaga. Itaalia maitsed!","og_url":"https:\/\/bramasole.ee\/en\/Toode\/puravikukreem-porcini-80-gr\/","og_site_name":"Bramasole","article_publisher":"https:\/\/www.facebook.com\/houseofbramasole","article_modified_time":"2025-02-14T11:44:52+00:00","og_image":[{"width":900,"height":900,"url":"https:\/\/bramasole.ee\/wp-content\/uploads\/2023\/08\/Puravikukreem_porcini_850.jpg","type":"image\/jpeg"}],"twitter_card":"summary_large_image","twitter_misc":{"Price":"&euro;7.95","Availability":"In stock"},"schema":{"@context":"https:\/\/schema.org","@graph":[{"@type":"WebPage","@id":"https:\/\/bramasole.ee\/en\/Toode\/puravikukreem-porcini-80-gr\/","url":"https:\/\/bramasole.ee\/en\/Toode\/puravikukreem-porcini-80-gr\/","name":"Puravikukreem \"Porcini\" 80 gr. - maitsvad, tervislikud Itaalia maitsed!","isPartOf":{"@id":"https:\/\/bramasole.ee\/en\/#website"},"primaryImageOfPage":{"@id":"https:\/\/bramasole.ee\/en\/Toode\/puravikukreem-porcini-80-gr\/#primaryimage"},"image":{"@id":"https:\/\/bramasole.ee\/en\/Toode\/puravikukreem-porcini-80-gr\/#primaryimage"},"thumbnailUrl":"https:\/\/bramasole.ee\/wp-content\/uploads\/2023\/08\/Puravikukreem_porcini_850.jpg","datePublished":"2023-08-05T13:01:51+00:00","dateModified":"2025-02-14T11:44:52+00:00","description":"Puravikukreem \" Porcini\" - t\u00f5eline gurmee! Maitsek\u00fcllane seenekreem t\u00e4iustab Sinu pasta, risoto, supi v\u00f5i lihtsalt naudi v\u00e4rske saiaga. Itaalia maitsed!","breadcrumb":{"@id":"https:\/\/bramasole.ee\/en\/Toode\/puravikukreem-porcini-80-gr\/#breadcrumb"},"inLanguage":"en-US","potentialAction":[{"@type":"ReadAction","target":["https:\/\/bramasole.ee\/en\/Toode\/puravikukreem-porcini-80-gr\/"]}]},{"@type":"ImageObject","inLanguage":"en-US","@id":"https:\/\/bramasole.ee\/en\/Toode\/puravikukreem-porcini-80-gr\/#primaryimage","url":"https:\/\/bramasole.ee\/wp-content\/uploads\/2023\/08\/Puravikukreem_porcini_850.jpg","contentUrl":"https:\/\/bramasole.ee\/wp-content\/uploads\/2023\/08\/Puravikukreem_porcini_850.jpg","width":900,"height":900,"caption":"puravikukreem Porcini"},{"@type":"BreadcrumbList","@id":"https:\/\/bramasole.ee\/en\/Toode\/puravikukreem-porcini-80-gr\/#breadcrumb","itemListElement":[{"@type":"ListItem","position":1,"name":"Home","item":"https:\/\/bramasole.ee\/en\/"},{"@type":"ListItem","position":2,"name":"VEINIPOOD","item":"https:\/\/bramasole.ee\/veinipood\/"},{"@type":"ListItem","position":3,"name":"Puravikukreem &#8220;Porcini&#8221; 80 gr."}]},{"@type":"WebSite","@id":"https:\/\/bramasole.ee\/en\/#website","url":"https:\/\/bramasole.ee\/en\/","name":"Bramasole","description":"Bramasole veinipood - ainult hea vein!","publisher":{"@id":"https:\/\/bramasole.ee\/en\/#organization"},"alternateName":"Bramasole veinid","potentialAction":[{"@type":"SearchAction","target":{"@type":"EntryPoint","urlTemplate":"https:\/\/bramasole.ee\/en\/?s={search_term_string}"},"query-input":{"@type":"PropertyValueSpecification","valueRequired":true,"valueName":"search_term_string"}}],"inLanguage":"en-US"},{"@type":"Organization","@id":"https:\/\/bramasole.ee\/en\/#organization","name":"Bramasole","url":"https:\/\/bramasole.ee\/en\/","logo":{"@type":"ImageObject","inLanguage":"en-US","@id":"https:\/\/bramasole.ee\/en\/#\/schema\/logo\/image\/","url":"https:\/\/bramasole.ee\/wp-content\/uploads\/2023\/04\/House_of_bramasole_logo.png","contentUrl":"https:\/\/bramasole.ee\/wp-content\/uploads\/2023\/04\/House_of_bramasole_logo.png","width":1031,"height":257,"caption":"Bramasole"},"image":{"@id":"https:\/\/bramasole.ee\/en\/#\/schema\/logo\/image\/"},"sameAs":["https:\/\/www.facebook.com\/houseofbramasole","https:\/\/www.instagram.com\/houseofbramasole\/"]}]},"product_price_amount":"7.95","product_price_currency":"EUR","og_availability":"instock","product_availability":"instock","product_retailer_item_id":"850","product_condition":"new"},"_links":{"self":[{"href":"https:\/\/bramasole.ee\/en\/wp-json\/wp\/v2\/product\/2868","targetHints":{"allow":["GET"]}}],"collection":[{"href":"https:\/\/bramasole.ee\/en\/wp-json\/wp\/v2\/product"}],"about":[{"href":"https:\/\/bramasole.ee\/en\/wp-json\/wp\/v2\/types\/product"}],"replies":[{"embeddable":true,"href":"https:\/\/bramasole.ee\/en\/wp-json\/wp\/v2\/comments?post=2868"}],"wp:featuredmedia":[{"embeddable":true,"href":"https:\/\/bramasole.ee\/en\/wp-json\/wp\/v2\/media\/55300"}],"wp:attachment":[{"href":"https:\/\/bramasole.ee\/en\/wp-json\/wp\/v2\/media?parent=2868"}],"wp:term":[{"taxonomy":"product_brand","embeddable":true,"href":"https:\/\/bramasole.ee\/en\/wp-json\/wp\/v2\/product_brand?post=2868"},{"taxonomy":"product_cat","embeddable":true,"href":"https:\/\/bramasole.ee\/en\/wp-json\/wp\/v2\/product_cat?post=2868"},{"taxonomy":"product_tag","embeddable":true,"href":"https:\/\/bramasole.ee\/en\/wp-json\/wp\/v2\/product_tag?post=2868"}],"curies":[{"name":"wp","href":"https:\/\/api.w.org\/{rel}","templated":true}]}}