{"id":2366,"date":"2023-05-16T12:19:37","date_gmt":"2023-05-16T09:19:37","guid":{"rendered":"https:\/\/bramasole.ee\/?post_type=product&#038;p=2366"},"modified":"2023-05-16T17:38:22","modified_gmt":"2023-05-16T14:38:22","slug":"riesling-alsace-aoc-domaine-scheidecker-fils","status":"publish","type":"product","link":"https:\/\/bramasole.ee\/en\/toode\/riesling-alsace-aoc-domaine-scheidecker-fils\/","title":{"rendered":"Riesling Alsace AOC Domaine Scheidecker &#038; Fils"},"content":{"rendered":"<p>[vc_row content_placement=&#8221;middle&#8221; css_animation=&#8221;&#8221; css=&#8221;.vc_custom_1460727920666{padding-top: 0px !important;padding-bottom: 0px !important;background-color: #f2f2f2 !important;}&#8221;][vc_column css_animation=&#8221;&#8221; css=&#8221;.vc_custom_1460636569719{padding: 20% !important;}&#8221; offset=&#8221;vc_col-lg-6 vc_col-md-6&#8243;][title_subtitle add_subtitle=&#8221;use_subtitle&#8221; css_animation=&#8221;&#8221; title=&#8221;Tasting notes&#8221; subtitle=&#8221;Wine specs&#8221;][vc_column_text css_animation=&#8221;&#8221; css=&#8221;.vc_custom_1684233346609{margin-bottom: 0px !important;}&#8221;]<strong>Color<\/strong> &#8211; Pale yellow color, throwing in greenish and shimmering shades<\/p>\n<p><strong>Nose<\/strong> &#8211; an elegant bouquet can be felt in the aroma &#8211; fresh, fruity. You can feel citrus, peach, pear. White flowers and linden blossoms.<\/p>\n<p><strong>Taste<\/strong> &#8211; Semi-dry Riesling with rich taste, good acidity, familiar citrus fruits, peach, pear.[\/vc_column_text][\/vc_column][vc_column css_animation=&#8221;&#8221; css=&#8221;.vc_custom_1684229597302{padding-top: 0px !important;padding-right: 0px !important;padding-bottom: 0px !important;padding-left: 0px !important;background-image: url(https:\/\/bramasole.ee\/wp-content\/uploads\/2023\/05\/Riesling-Alsace-AOC.png?id=2371) !important;background-position: center !important;background-repeat: no-repeat !important;background-size: cover !important;}&#8221; offset=&#8221;vc_col-lg-6 vc_col-md-6 vc_hidden-sm vc_hidden-xs&#8221;][vc_empty_space height=&#8221;700px&#8221;][\/vc_column][\/vc_row][vc_row content_placement=&#8221;middle&#8221; css_animation=&#8221;&#8221; css=&#8221;.vc_custom_1460727927848{padding-top: 0px !important;padding-bottom: 0px !important;background-color: #f2f2f2 !important;}&#8221;][vc_column css_animation=&#8221;&#8221; css=&#8221;.vc_custom_1684230441686{padding-top: 0px !important;padding-right: 0px !important;padding-bottom: 0px !important;padding-left: 0px !important;background-image: url(https:\/\/bramasole.ee\/wp-content\/uploads\/2023\/05\/Riesling-Alsace-AOC.png?id=2371) !important;background-position: center !important;background-repeat: no-repeat !important;background-size: cover !important;}&#8221; offset=&#8221;vc_col-lg-6 vc_col-md-6 vc_hidden-sm vc_hidden-xs&#8221;][vc_empty_space height=&#8221;700px&#8221;][\/vc_column][vc_column css_animation=&#8221;&#8221; css=&#8221;.vc_custom_1678270655307{padding-top: 0% !important;padding-right: 20% !important;padding-bottom: 0% !important;padding-left: 20% !important;}&#8221; offset=&#8221;vc_col-lg-6 vc_col-md-6&#8243;][vc_column_text css_animation=&#8221;&#8221; css=&#8221;.vc_custom_1684247895971{padding-top: 0px !important;}&#8221;]<\/p>\n<h3>How to match Riesling Alsace AOC?<\/h3>\n<p>Serve Riesling wine chilled at 5-7 degrees. Riesling goes well with all meals from the Alsace region. To fish and seafood (shells and shellfish), to fish and white meat and to foods made from poultry. Classic Riesling is of course a good and solid choice for chopped cabbage and roast pork.[\/vc_column_text][\/vc_column][\/vc_row][vc_row content_placement=&#8221;middle&#8221; css_animation=&#8221;&#8221; css=&#8221;.vc_custom_1460727935440{padding-top: 0px !important;padding-bottom: 0px !important;background-color: #f2f2f2 !important;}&#8221;][vc_column css_animation=&#8221;&#8221; css=&#8221;.vc_custom_1460636587092{padding: 20% !important;}&#8221; offset=&#8221;vc_col-lg-6 vc_col-md-6&#8243;][title_subtitle title_type=&#8221;h3&#8243; add_subtitle=&#8221;use_subtitle&#8221; css_animation=&#8221;&#8221; title=&#8221;Veinimeistri m\u00e4rkused&#8221; subtitle=&#8221;Wine specs&#8221;][vc_column_text css_animation=&#8221;&#8221;]<\/p>\n<h4>Ajalugu<\/h4>\n<p>Riesling on viinamrjasortide &#8220;par excellence&#8221;, k\u00f5ikidele on teada ning n\u00f5ustuvad, et Reini org on selle viinamarjasordi h\u00e4ll. Meie piirkonnas 15. sajandi l\u00f5pust loodud Alsace Rieslingit mainiti 16. sajandil, kuigi selle kasvatamine arenes v\u00e4lja alles 19. sajandi teisel poolel.<\/p>\n<h4>Viinamarjaistanduses.<\/h4>\n<p>Riesling on Sylvaneri k\u00f5rval Alsace&#8217;i sortidest uusim. Viinamarjad vajavad oma k\u00fcpsuse saavutamiseks jahedaid \u00f6id ja &#8220;terroir&#8221; mida Alsace piirkond pakub, polegi v\u00f5rdset. Seega ideealne kasvukeskkond hea Rieslingu valmistamiseks.[\/vc_column_text][\/vc_column][vc_column css_animation=&#8221;&#8221; css=&#8221;.vc_custom_1684227898455{padding-top: 0px !important;padding-right: 0px !important;padding-bottom: 0px !important;padding-left: 0px !important;background-image: url(https:\/\/bramasole.ee\/wp-content\/uploads\/2023\/05\/FamilleCave_HD_sRGB.jpg?id=2357) !important;background-position: center !important;background-repeat: no-repeat !important;background-size: cover !important;}&#8221; offset=&#8221;vc_col-lg-6 vc_col-md-6 vc_hidden-sm vc_hidden-xs&#8221;][vc_empty_space height=&#8221;700px&#8221;][\/vc_column][\/vc_row]<\/p>\n","protected":false},"excerpt":{"rendered":"<p>Classic Riesling AOC from the Alsace region of France.<\/p>\n<p>&nbsp;<\/p>\n<p>&nbsp;<\/p>\n","protected":false},"featured_media":2372,"comment_status":"closed","ping_status":"closed","template":"","meta":[],"product_brand":[],"product_cat":[124],"product_tag":[],"class_list":{"0":"post-2366","1":"product","2":"type-product","3":"status-publish","4":"has-post-thumbnail","6":"product_cat-white-wines-en","7":"description-off","9":"first","10":"outofstock","11":"taxable","12":"shipping-taxable","13":"purchasable","14":"product-type-simple"},"yoast_head":"<!-- This site is optimized with the Yoast SEO Premium plugin v23.0 (Yoast SEO v25.3.1) - https:\/\/yoast.com\/wordpress\/plugins\/seo\/ -->\n<title>Riesling Alsace AOC Domaine Scheidecker &amp; Fils - Bramasole<\/title>\n<meta name=\"description\" content=\"Riesling Alsace AOC Domaine Scheidecker &amp; Fils- quality wines from France and Italy. Wine club member always -20% discount! www.bramasole.ee\" \/>\n<meta name=\"robots\" content=\"index, follow, max-snippet:-1, max-image-preview:large, max-video-preview:-1\" \/>\n<link rel=\"canonical\" href=\"https:\/\/bramasole.ee\/en\/toode\/riesling-alsace-aoc-domaine-scheidecker-fils\/\" \/>\n<meta property=\"og:locale\" content=\"en_US\" \/>\n<meta property=\"og:type\" content=\"article\" \/>\n<meta property=\"og:title\" content=\"Riesling Alsace AOC Domaine Scheidecker &amp; Fils\" \/>\n<meta property=\"og:description\" content=\"Riesling Alsace AOC Domaine Scheidecker &amp; Fils- quality wines from France and Italy. Wine club member always -20% discount! www.bramasole.ee\" \/>\n<meta property=\"og:url\" content=\"https:\/\/bramasole.ee\/en\/toode\/riesling-alsace-aoc-domaine-scheidecker-fils\/\" \/>\n<meta property=\"og:site_name\" content=\"Bramasole\" \/>\n<meta property=\"article:publisher\" content=\"https:\/\/www.facebook.com\/houseofbramasole\" \/>\n<meta property=\"article:modified_time\" content=\"2023-05-16T14:38:22+00:00\" \/>\n<meta property=\"og:image\" content=\"https:\/\/bramasole.ee\/wp-content\/uploads\/2023\/05\/Riesling-Alsace-AOC.png\" \/>\n\t<meta property=\"og:image:width\" content=\"1100\" \/>\n\t<meta property=\"og:image:height\" content=\"1100\" \/>\n\t<meta property=\"og:image:type\" content=\"image\/png\" \/>\n<meta name=\"twitter:card\" content=\"summary_large_image\" \/>\n<meta name=\"twitter:label1\" content=\"Price\" \/>\n\t<meta name=\"twitter:data1\" content=\"&euro;18.50\" \/>\n\t<meta name=\"twitter:label2\" content=\"Availability\" \/>\n\t<meta name=\"twitter:data2\" content=\"Out of stock\" \/>\n<script type=\"application\/ld+json\" class=\"yoast-schema-graph\">{\"@context\":\"https:\/\/schema.org\",\"@graph\":[{\"@type\":\"WebPage\",\"@id\":\"https:\/\/bramasole.ee\/en\/toode\/riesling-alsace-aoc-domaine-scheidecker-fils\/\",\"url\":\"https:\/\/bramasole.ee\/en\/toode\/riesling-alsace-aoc-domaine-scheidecker-fils\/\",\"name\":\"Riesling Alsace AOC Domaine Scheidecker & Fils - Bramasole\",\"isPartOf\":{\"@id\":\"https:\/\/bramasole.ee\/en\/#website\"},\"primaryImageOfPage\":{\"@id\":\"https:\/\/bramasole.ee\/en\/toode\/riesling-alsace-aoc-domaine-scheidecker-fils\/#primaryimage\"},\"image\":{\"@id\":\"https:\/\/bramasole.ee\/en\/toode\/riesling-alsace-aoc-domaine-scheidecker-fils\/#primaryimage\"},\"thumbnailUrl\":\"https:\/\/bramasole.ee\/wp-content\/uploads\/2023\/05\/Riesling-Alsace-AOC.png\",\"datePublished\":\"2023-05-16T09:19:37+00:00\",\"dateModified\":\"2023-05-16T14:38:22+00:00\",\"description\":\"Riesling Alsace AOC Domaine Scheidecker & Fils- quality wines from France and Italy. Wine club member always -20% discount! www.bramasole.ee\",\"breadcrumb\":{\"@id\":\"https:\/\/bramasole.ee\/en\/toode\/riesling-alsace-aoc-domaine-scheidecker-fils\/#breadcrumb\"},\"inLanguage\":\"en-US\",\"potentialAction\":[{\"@type\":\"ReadAction\",\"target\":[\"https:\/\/bramasole.ee\/en\/toode\/riesling-alsace-aoc-domaine-scheidecker-fils\/\"]}]},{\"@type\":\"ImageObject\",\"inLanguage\":\"en-US\",\"@id\":\"https:\/\/bramasole.ee\/en\/toode\/riesling-alsace-aoc-domaine-scheidecker-fils\/#primaryimage\",\"url\":\"https:\/\/bramasole.ee\/wp-content\/uploads\/2023\/05\/Riesling-Alsace-AOC.png\",\"contentUrl\":\"https:\/\/bramasole.ee\/wp-content\/uploads\/2023\/05\/Riesling-Alsace-AOC.png\",\"width\":1100,\"height\":1100,\"caption\":\"Riesling Alsace AOC Bramasole veinid\"},{\"@type\":\"BreadcrumbList\",\"@id\":\"https:\/\/bramasole.ee\/en\/toode\/riesling-alsace-aoc-domaine-scheidecker-fils\/#breadcrumb\",\"itemListElement\":[{\"@type\":\"ListItem\",\"position\":1,\"name\":\"Home\",\"item\":\"https:\/\/bramasole.ee\/en\/\"},{\"@type\":\"ListItem\",\"position\":2,\"name\":\"VEINIPOOD\",\"item\":\"https:\/\/bramasole.ee\/veinipood\/\"},{\"@type\":\"ListItem\",\"position\":3,\"name\":\"Riesling Alsace AOC Domaine Scheidecker &#038; Fils\"}]},{\"@type\":\"WebSite\",\"@id\":\"https:\/\/bramasole.ee\/en\/#website\",\"url\":\"https:\/\/bramasole.ee\/en\/\",\"name\":\"Bramasole\",\"description\":\"Bramasole veinipood - ainult hea vein!\",\"publisher\":{\"@id\":\"https:\/\/bramasole.ee\/en\/#organization\"},\"alternateName\":\"Bramasole veinid\",\"potentialAction\":[{\"@type\":\"SearchAction\",\"target\":{\"@type\":\"EntryPoint\",\"urlTemplate\":\"https:\/\/bramasole.ee\/en\/?s={search_term_string}\"},\"query-input\":{\"@type\":\"PropertyValueSpecification\",\"valueRequired\":true,\"valueName\":\"search_term_string\"}}],\"inLanguage\":\"en-US\"},{\"@type\":\"Organization\",\"@id\":\"https:\/\/bramasole.ee\/en\/#organization\",\"name\":\"Bramasole\",\"url\":\"https:\/\/bramasole.ee\/en\/\",\"logo\":{\"@type\":\"ImageObject\",\"inLanguage\":\"en-US\",\"@id\":\"https:\/\/bramasole.ee\/en\/#\/schema\/logo\/image\/\",\"url\":\"https:\/\/bramasole.ee\/wp-content\/uploads\/2023\/04\/House_of_bramasole_logo.png\",\"contentUrl\":\"https:\/\/bramasole.ee\/wp-content\/uploads\/2023\/04\/House_of_bramasole_logo.png\",\"width\":1031,\"height\":257,\"caption\":\"Bramasole\"},\"image\":{\"@id\":\"https:\/\/bramasole.ee\/en\/#\/schema\/logo\/image\/\"},\"sameAs\":[\"https:\/\/www.facebook.com\/houseofbramasole\",\"https:\/\/www.instagram.com\/houseofbramasole\/\"]}]}<\/script>\n<meta property=\"product:price:amount\" content=\"18.50\" \/>\n<meta property=\"product:price:currency\" content=\"EUR\" \/>\n<meta property=\"og:availability\" content=\"out of stock\" \/>\n<meta property=\"product:availability\" content=\"out of stock\" \/>\n<meta property=\"product:condition\" content=\"new\" \/>\n<!-- \/ Yoast SEO Premium plugin. -->","yoast_head_json":{"title":"Riesling Alsace AOC Domaine Scheidecker & Fils - Bramasole","description":"Riesling Alsace AOC Domaine Scheidecker & Fils- quality wines from France and Italy. Wine club member always -20% discount! www.bramasole.ee","robots":{"index":"index","follow":"follow","max-snippet":"max-snippet:-1","max-image-preview":"max-image-preview:large","max-video-preview":"max-video-preview:-1"},"canonical":"https:\/\/bramasole.ee\/en\/toode\/riesling-alsace-aoc-domaine-scheidecker-fils\/","og_locale":"en_US","og_type":"article","og_title":"Riesling Alsace AOC Domaine Scheidecker & Fils","og_description":"Riesling Alsace AOC Domaine Scheidecker & Fils- quality wines from France and Italy. Wine club member always -20% discount! www.bramasole.ee","og_url":"https:\/\/bramasole.ee\/en\/toode\/riesling-alsace-aoc-domaine-scheidecker-fils\/","og_site_name":"Bramasole","article_publisher":"https:\/\/www.facebook.com\/houseofbramasole","article_modified_time":"2023-05-16T14:38:22+00:00","og_image":[{"width":1100,"height":1100,"url":"https:\/\/bramasole.ee\/wp-content\/uploads\/2023\/05\/Riesling-Alsace-AOC.png","type":"image\/png"}],"twitter_card":"summary_large_image","twitter_misc":{"Price":"&euro;18.50","Availability":"Out of stock"},"schema":{"@context":"https:\/\/schema.org","@graph":[{"@type":"WebPage","@id":"https:\/\/bramasole.ee\/en\/toode\/riesling-alsace-aoc-domaine-scheidecker-fils\/","url":"https:\/\/bramasole.ee\/en\/toode\/riesling-alsace-aoc-domaine-scheidecker-fils\/","name":"Riesling Alsace AOC Domaine Scheidecker & Fils - Bramasole","isPartOf":{"@id":"https:\/\/bramasole.ee\/en\/#website"},"primaryImageOfPage":{"@id":"https:\/\/bramasole.ee\/en\/toode\/riesling-alsace-aoc-domaine-scheidecker-fils\/#primaryimage"},"image":{"@id":"https:\/\/bramasole.ee\/en\/toode\/riesling-alsace-aoc-domaine-scheidecker-fils\/#primaryimage"},"thumbnailUrl":"https:\/\/bramasole.ee\/wp-content\/uploads\/2023\/05\/Riesling-Alsace-AOC.png","datePublished":"2023-05-16T09:19:37+00:00","dateModified":"2023-05-16T14:38:22+00:00","description":"Riesling Alsace AOC Domaine Scheidecker & Fils- quality wines from France and Italy. Wine club member always -20% discount! www.bramasole.ee","breadcrumb":{"@id":"https:\/\/bramasole.ee\/en\/toode\/riesling-alsace-aoc-domaine-scheidecker-fils\/#breadcrumb"},"inLanguage":"en-US","potentialAction":[{"@type":"ReadAction","target":["https:\/\/bramasole.ee\/en\/toode\/riesling-alsace-aoc-domaine-scheidecker-fils\/"]}]},{"@type":"ImageObject","inLanguage":"en-US","@id":"https:\/\/bramasole.ee\/en\/toode\/riesling-alsace-aoc-domaine-scheidecker-fils\/#primaryimage","url":"https:\/\/bramasole.ee\/wp-content\/uploads\/2023\/05\/Riesling-Alsace-AOC.png","contentUrl":"https:\/\/bramasole.ee\/wp-content\/uploads\/2023\/05\/Riesling-Alsace-AOC.png","width":1100,"height":1100,"caption":"Riesling Alsace AOC Bramasole veinid"},{"@type":"BreadcrumbList","@id":"https:\/\/bramasole.ee\/en\/toode\/riesling-alsace-aoc-domaine-scheidecker-fils\/#breadcrumb","itemListElement":[{"@type":"ListItem","position":1,"name":"Home","item":"https:\/\/bramasole.ee\/en\/"},{"@type":"ListItem","position":2,"name":"VEINIPOOD","item":"https:\/\/bramasole.ee\/veinipood\/"},{"@type":"ListItem","position":3,"name":"Riesling Alsace AOC Domaine Scheidecker &#038; Fils"}]},{"@type":"WebSite","@id":"https:\/\/bramasole.ee\/en\/#website","url":"https:\/\/bramasole.ee\/en\/","name":"Bramasole","description":"Bramasole veinipood - ainult hea vein!","publisher":{"@id":"https:\/\/bramasole.ee\/en\/#organization"},"alternateName":"Bramasole veinid","potentialAction":[{"@type":"SearchAction","target":{"@type":"EntryPoint","urlTemplate":"https:\/\/bramasole.ee\/en\/?s={search_term_string}"},"query-input":{"@type":"PropertyValueSpecification","valueRequired":true,"valueName":"search_term_string"}}],"inLanguage":"en-US"},{"@type":"Organization","@id":"https:\/\/bramasole.ee\/en\/#organization","name":"Bramasole","url":"https:\/\/bramasole.ee\/en\/","logo":{"@type":"ImageObject","inLanguage":"en-US","@id":"https:\/\/bramasole.ee\/en\/#\/schema\/logo\/image\/","url":"https:\/\/bramasole.ee\/wp-content\/uploads\/2023\/04\/House_of_bramasole_logo.png","contentUrl":"https:\/\/bramasole.ee\/wp-content\/uploads\/2023\/04\/House_of_bramasole_logo.png","width":1031,"height":257,"caption":"Bramasole"},"image":{"@id":"https:\/\/bramasole.ee\/en\/#\/schema\/logo\/image\/"},"sameAs":["https:\/\/www.facebook.com\/houseofbramasole","https:\/\/www.instagram.com\/houseofbramasole\/"]}]},"product_price_amount":"18.50","product_price_currency":"EUR","og_availability":"out of stock","product_availability":"out of stock","product_condition":"new"},"_links":{"self":[{"href":"https:\/\/bramasole.ee\/en\/wp-json\/wp\/v2\/product\/2366","targetHints":{"allow":["GET"]}}],"collection":[{"href":"https:\/\/bramasole.ee\/en\/wp-json\/wp\/v2\/product"}],"about":[{"href":"https:\/\/bramasole.ee\/en\/wp-json\/wp\/v2\/types\/product"}],"replies":[{"embeddable":true,"href":"https:\/\/bramasole.ee\/en\/wp-json\/wp\/v2\/comments?post=2366"}],"wp:featuredmedia":[{"embeddable":true,"href":"https:\/\/bramasole.ee\/en\/wp-json\/wp\/v2\/media\/2372"}],"wp:attachment":[{"href":"https:\/\/bramasole.ee\/en\/wp-json\/wp\/v2\/media?parent=2366"}],"wp:term":[{"taxonomy":"product_brand","embeddable":true,"href":"https:\/\/bramasole.ee\/en\/wp-json\/wp\/v2\/product_brand?post=2366"},{"taxonomy":"product_cat","embeddable":true,"href":"https:\/\/bramasole.ee\/en\/wp-json\/wp\/v2\/product_cat?post=2366"},{"taxonomy":"product_tag","embeddable":true,"href":"https:\/\/bramasole.ee\/en\/wp-json\/wp\/v2\/product_tag?post=2366"}],"curies":[{"name":"wp","href":"https:\/\/api.w.org\/{rel}","templated":true}]}}