{"id":2156,"date":"2023-04-28T11:54:41","date_gmt":"2023-04-28T08:54:41","guid":{"rendered":"https:\/\/bramasole.ee\/?post_type=product&#038;p=2156"},"modified":"2023-05-03T18:15:44","modified_gmt":"2023-05-03T15:15:44","slug":"primitivo-igt-bio-3-l-bib","status":"publish","type":"product","link":"https:\/\/bramasole.ee\/en\/toode\/primitivo-igt-bio-3-l-bib\/","title":{"rendered":"Primitivo IGT BIO, 3 L BIB"},"content":{"rendered":"<p>[vc_row content_placement=&#8221;middle&#8221; css_animation=&#8221;&#8221; css=&#8221;.vc_custom_1460727920666{padding-top: 0px !important;padding-bottom: 0px !important;background-color: #f2f2f2 !important;}&#8221;][vc_column css_animation=&#8221;&#8221;][vc_column_text css_animation=&#8221;&#8221;]<\/p>\n<h2>Primitivo IGT Bag in Box vein BIO<\/h2>\n<p><strong>V\u00e4rvus:<\/strong> <span style=\"color: #000000;\">intensiivne, rubiinpunane, kerge lillaka varjundiga<\/span><br \/>\n<span style=\"color: #000000;\"><strong>Aroom:<\/strong> Intensiivne, k\u00fcpsete punaste puuviljade aroom, nagu mustikad, kirsid, ploomid. Kannikese l\u00f5hn.<\/span><br \/>\n<span style=\"color: #000000;\"><strong>Maitse<\/strong>: Vein on meeldivalt puuviljane, heas tasakaalus tanniinidega.\u00a0 \u00a0Maitses on tunda samu noote, mis aroomis. L\u00f5pumaitses tunda ka mineraalsust.<\/span><\/p>\n<p>Range kontrolli\u00a0 j\u00e4rgi kasvatatud Primitivo viinamarjadest toodetud mahe vein, mis tagab \u00fclima austuse \u00fcmbritseva keskkonna vastu. Viinamarjad korjatakse k\u00e4sitsi oktoobri esimese k\u00fcmne p\u00e4eva jooksul.<\/p>\n<p><strong>Veini valmistamine<\/strong><br \/>\nSeda veini valmistatakse\u00a0 terasvaatides ja kui malolaktiline k\u00e4\u00e4rimine on l\u00f5ppenud, laagerdatakse veini veel 4 kuud betoonvaatides. Vein\u00a0 pakendatakse hermeetiliselt.<\/p>\n<p><strong>Primitivo<\/strong> IGT veini naudi 14-16 kraadi juures.<\/p>\n<p>Sobib suurep\u00e4raselt h\u00e4sti maitsestatud roogade ja intensiivsete juustudega, aga ka aperitiivide, eelroogade, taimetoitude, grill- v\u00f5i k\u00fcpsetatud lihaga. Juustud on alati Primitivo veini s\u00f5brad, samuti prosciutto sink ja muud lihal\u00f5iked.[\/vc_column_text][\/vc_column][\/vc_row][vc_row content_placement=&#8221;middle&#8221; css_animation=&#8221;&#8221; css=&#8221;.vc_custom_1460727920666{padding-top: 0px !important;padding-bottom: 0px !important;background-color: #f2f2f2 !important;}&#8221;][vc_column css_animation=&#8221;&#8221; css=&#8221;.vc_custom_1460636569719{padding: 20% !important;}&#8221; offset=&#8221;vc_col-lg-6 vc_col-md-6&#8243;][title_subtitle add_subtitle=&#8221;use_subtitle&#8221; css_animation=&#8221;&#8221; title=&#8221;Tasting notes&#8221; subtitle=&#8221;Wine specs&#8221;][vc_column_text css_animation=&#8221;&#8221; css=&#8221;.vc_custom_1682674211246{margin-bottom: 0px !important;}&#8221;]<strong>V\u00e4rvus:<\/strong> <span style=\"color: #000000;\">intensiivne, rubiinpunane, kerge lillaka varjundiga<\/span><br \/>\n<span style=\"color: #000000;\"><strong>Aroom:<\/strong> Intensiivne, k\u00fcpsete punaste puuviljade aroom, nagu mustikad, kirsid, ploomid. Kannikese l\u00f5hn.<\/span><br \/>\n<span style=\"color: #000000;\"><strong>Maitse<\/strong>: Vein on meeldivalt puuviljane, heas tasakaalus tanniinidega.\u00a0 \u00a0Maitses on tunda samu noote, mis aroomis. L\u00f5pumaitses tunda ka mineraalsust.<\/span>[\/vc_column_text][\/vc_column][vc_column css_animation=&#8221;&#8221; css=&#8221;.vc_custom_1678775715185{padding-top: 0px !important;padding-right: 0px !important;padding-bottom: 0px !important;padding-left: 0px !important;background-image: url(https:\/\/bramasole.ee\/wp-content\/uploads\/2023\/03\/montepulciano_viinamarjakobarad.jpeg?id=1551) !important;background-position: center !important;background-repeat: no-repeat !important;background-size: cover !important;}&#8221; offset=&#8221;vc_col-lg-6 vc_col-md-6 vc_hidden-sm vc_hidden-xs&#8221;][vc_empty_space height=&#8221;700px&#8221;][\/vc_column][\/vc_row][vc_row content_placement=&#8221;middle&#8221; css_animation=&#8221;&#8221; css=&#8221;.vc_custom_1460727927848{padding-top: 0px !important;padding-bottom: 0px !important;background-color: #f2f2f2 !important;}&#8221;][vc_column css_animation=&#8221;&#8221; css=&#8221;.vc_custom_1682674378519{padding-top: 0px !important;padding-right: 0px !important;padding-bottom: 0px !important;padding-left: 0px !important;background-image: url(https:\/\/bramasole.ee\/wp-content\/uploads\/2023\/04\/primitivo_viinamari.jpeg?id=2161) !important;background-position: center !important;background-repeat: no-repeat !important;background-size: cover !important;}&#8221; offset=&#8221;vc_col-lg-6 vc_col-md-6 vc_hidden-sm vc_hidden-xs&#8221;][vc_empty_space height=&#8221;700px&#8221;][\/vc_column][vc_column css_animation=&#8221;&#8221; css=&#8221;.vc_custom_1460636579755{padding: 20% !important;}&#8221; offset=&#8221;vc_col-lg-6 vc_col-md-6&#8243;][vc_column_text css_animation=&#8221;&#8221;]<\/p>\n<div id=\"text-3371001175\" class=\"text\">\n<h2>Kuidas sobitada Primitivo veini?<\/h2>\n<p><span style=\"color: #000000;\"><strong>Primitivo<\/strong> IGT veini naudi 14-16 kraadi juures.<\/span><\/p>\n<p><span style=\"color: #000000;\">Sobib suurep\u00e4raselt h\u00e4sti maitsestatud roogade ja intensiivsete juustudega, aga ka aperitiivide, eelroogade, taimetoitude, grill- v\u00f5i k\u00fcpsetatud lihaga. Juustud on alati Primitivo veini s\u00f5brad, samuti prosciutto sink ja muud lihal\u00f5iked.<\/span><\/p>\n<p>We picture it with Arrosticini of lamb with mint sauce.<\/p>\n<\/div>\n<p>[\/vc_column_text][\/vc_column][\/vc_row][vc_row content_placement=&#8221;middle&#8221; css_animation=&#8221;&#8221; css=&#8221;.vc_custom_1460727935440{padding-top: 0px !important;padding-bottom: 0px !important;background-color: #f2f2f2 !important;}&#8221;][vc_column css_animation=&#8221;&#8221; css=&#8221;.vc_custom_1460636587092{padding: 20% !important;}&#8221; offset=&#8221;vc_col-lg-6 vc_col-md-6&#8243;][vc_column_text css_animation=&#8221;&#8221;]<\/p>\n<h3>Grape variety characteristics<\/h3>\n<p><span style=\"color: #000000;\"><strong>Harvest<\/strong><\/span><br \/>\n<span style=\"color: #000000;\">This wine is produced with Primitivo grapes, farmed according to a strict organic protocol, which guarantees the utmost respect for the surrounding environment. Hand-harvested during the first ten days of October.<\/span><\/p>\n<p><span style=\"color: #000000;\"><strong>Vinification<\/strong><\/span><br \/>\n<span style=\"color: #000000;\">It is vinified in thermo-conditioned steel vats, and once the malolactic fermentation is complete, the wine is aged for a further 4 months in concrete vats. Then the bag is filled with wine in the total absence of oxygen.<\/span><\/p>\n<p>[\/vc_column_text][vc_btn title=&#8221;MORE&#8221; shape=&#8221;square&#8221; color=&#8221;black&#8221; css_animation=&#8221;&#8221; link=&#8221;title:Montepulciano%20d%E2%80%99Abruzzo|&#8221;][\/vc_column][vc_column css_animation=&#8221;&#8221; css=&#8221;.vc_custom_1682674760555{padding-top: 0px !important;padding-right: 0px !important;padding-bottom: 0px !important;padding-left: 0px !important;background-image: url(https:\/\/bramasole.ee\/wp-content\/uploads\/2023\/04\/primitivo_viinamarjad_2.jpeg?id=2163) !important;background-position: center !important;background-repeat: no-repeat !important;background-size: cover !important;}&#8221; offset=&#8221;vc_col-lg-6 vc_col-md-6 vc_hidden-sm vc_hidden-xs&#8221;][vc_empty_space height=&#8221;700px&#8221;][\/vc_column][\/vc_row]<\/p>\n","protected":false},"excerpt":{"rendered":"<p>Primitivo is a wine with ancient origins and typical characteristics of a southern product. In Italy, its region of origin is Puglia and over the years, it has been appreciated all over the world.<\/p>\n","protected":false},"featured_media":2160,"comment_status":"closed","ping_status":"closed","template":"","meta":[],"product_brand":[],"product_cat":[139,220],"product_tag":[],"class_list":{"0":"post-2156","1":"product","2":"type-product","3":"status-publish","4":"has-post-thumbnail","6":"product_cat-red-wines-en","7":"product_cat-bag-in-box-wines-en","8":"description-off","10":"first","11":"outofstock","12":"taxable","13":"shipping-taxable","14":"purchasable","15":"product-type-simple"},"yoast_head":"<!-- This site is optimized with the Yoast SEO Premium plugin v23.0 (Yoast SEO v25.3.1) - https:\/\/yoast.com\/wordpress\/plugins\/seo\/ -->\n<title>Primitivo IGT BIO, 3 L BIB - Bramasole<\/title>\n<meta name=\"robots\" content=\"index, follow, max-snippet:-1, max-image-preview:large, max-video-preview:-1\" \/>\n<link rel=\"canonical\" href=\"https:\/\/bramasole.ee\/en\/toode\/primitivo-igt-bio-3-l-bib\/\" \/>\n<meta property=\"og:locale\" content=\"en_US\" \/>\n<meta property=\"og:type\" content=\"article\" \/>\n<meta property=\"og:title\" content=\"Primitivo IGT BIO, 3 L BIB\" \/>\n<meta property=\"og:description\" content=\"Primitivo is a wine with ancient origins and typical characteristics of a southern product. In Italy, its region of origin is Puglia and over the years, it has been appreciated all over the world.\" \/>\n<meta property=\"og:url\" content=\"https:\/\/bramasole.ee\/en\/toode\/primitivo-igt-bio-3-l-bib\/\" \/>\n<meta property=\"og:site_name\" content=\"Bramasole\" \/>\n<meta property=\"article:publisher\" content=\"https:\/\/www.facebook.com\/houseofbramasole\" \/>\n<meta property=\"article:modified_time\" content=\"2023-05-03T15:15:44+00:00\" \/>\n<meta property=\"og:image\" content=\"https:\/\/bramasole.ee\/wp-content\/uploads\/2023\/04\/primitivo-3L.jpg\" \/>\n\t<meta property=\"og:image:width\" content=\"650\" \/>\n\t<meta property=\"og:image:height\" content=\"890\" \/>\n\t<meta property=\"og:image:type\" content=\"image\/jpeg\" \/>\n<meta name=\"twitter:card\" content=\"summary_large_image\" \/>\n<meta name=\"twitter:label1\" content=\"Price\" \/>\n\t<meta name=\"twitter:data1\" content=\"&euro;49.20\" \/>\n\t<meta name=\"twitter:label2\" content=\"Availability\" \/>\n\t<meta name=\"twitter:data2\" content=\"Out of stock\" \/>\n<script type=\"application\/ld+json\" class=\"yoast-schema-graph\">{\"@context\":\"https:\/\/schema.org\",\"@graph\":[{\"@type\":\"WebPage\",\"@id\":\"https:\/\/bramasole.ee\/en\/toode\/primitivo-igt-bio-3-l-bib\/\",\"url\":\"https:\/\/bramasole.ee\/en\/toode\/primitivo-igt-bio-3-l-bib\/\",\"name\":\"Primitivo IGT BIO, 3 L BIB - Bramasole\",\"isPartOf\":{\"@id\":\"https:\/\/bramasole.ee\/en\/#website\"},\"primaryImageOfPage\":{\"@id\":\"https:\/\/bramasole.ee\/en\/toode\/primitivo-igt-bio-3-l-bib\/#primaryimage\"},\"image\":{\"@id\":\"https:\/\/bramasole.ee\/en\/toode\/primitivo-igt-bio-3-l-bib\/#primaryimage\"},\"thumbnailUrl\":\"https:\/\/bramasole.ee\/wp-content\/uploads\/2023\/04\/primitivo-3L.jpg\",\"datePublished\":\"2023-04-28T08:54:41+00:00\",\"dateModified\":\"2023-05-03T15:15:44+00:00\",\"breadcrumb\":{\"@id\":\"https:\/\/bramasole.ee\/en\/toode\/primitivo-igt-bio-3-l-bib\/#breadcrumb\"},\"inLanguage\":\"en-US\",\"potentialAction\":[{\"@type\":\"ReadAction\",\"target\":[\"https:\/\/bramasole.ee\/en\/toode\/primitivo-igt-bio-3-l-bib\/\"]}]},{\"@type\":\"ImageObject\",\"inLanguage\":\"en-US\",\"@id\":\"https:\/\/bramasole.ee\/en\/toode\/primitivo-igt-bio-3-l-bib\/#primaryimage\",\"url\":\"https:\/\/bramasole.ee\/wp-content\/uploads\/2023\/04\/primitivo-3L.jpg\",\"contentUrl\":\"https:\/\/bramasole.ee\/wp-content\/uploads\/2023\/04\/primitivo-3L.jpg\",\"width\":650,\"height\":890,\"caption\":\"Primitivo_bramasole_bib\"},{\"@type\":\"BreadcrumbList\",\"@id\":\"https:\/\/bramasole.ee\/en\/toode\/primitivo-igt-bio-3-l-bib\/#breadcrumb\",\"itemListElement\":[{\"@type\":\"ListItem\",\"position\":1,\"name\":\"Home\",\"item\":\"https:\/\/bramasole.ee\/en\/\"},{\"@type\":\"ListItem\",\"position\":2,\"name\":\"VEINIPOOD\",\"item\":\"https:\/\/bramasole.ee\/veinipood\/\"},{\"@type\":\"ListItem\",\"position\":3,\"name\":\"Primitivo IGT BIO, 3 L BIB\"}]},{\"@type\":\"WebSite\",\"@id\":\"https:\/\/bramasole.ee\/en\/#website\",\"url\":\"https:\/\/bramasole.ee\/en\/\",\"name\":\"Bramasole\",\"description\":\"Bramasole veinipood - ainult hea vein!\",\"publisher\":{\"@id\":\"https:\/\/bramasole.ee\/en\/#organization\"},\"alternateName\":\"Bramasole veinid\",\"potentialAction\":[{\"@type\":\"SearchAction\",\"target\":{\"@type\":\"EntryPoint\",\"urlTemplate\":\"https:\/\/bramasole.ee\/en\/?s={search_term_string}\"},\"query-input\":{\"@type\":\"PropertyValueSpecification\",\"valueRequired\":true,\"valueName\":\"search_term_string\"}}],\"inLanguage\":\"en-US\"},{\"@type\":\"Organization\",\"@id\":\"https:\/\/bramasole.ee\/en\/#organization\",\"name\":\"Bramasole\",\"url\":\"https:\/\/bramasole.ee\/en\/\",\"logo\":{\"@type\":\"ImageObject\",\"inLanguage\":\"en-US\",\"@id\":\"https:\/\/bramasole.ee\/en\/#\/schema\/logo\/image\/\",\"url\":\"https:\/\/bramasole.ee\/wp-content\/uploads\/2023\/04\/House_of_bramasole_logo.png\",\"contentUrl\":\"https:\/\/bramasole.ee\/wp-content\/uploads\/2023\/04\/House_of_bramasole_logo.png\",\"width\":1031,\"height\":257,\"caption\":\"Bramasole\"},\"image\":{\"@id\":\"https:\/\/bramasole.ee\/en\/#\/schema\/logo\/image\/\"},\"sameAs\":[\"https:\/\/www.facebook.com\/houseofbramasole\",\"https:\/\/www.instagram.com\/houseofbramasole\/\"]}]}<\/script>\n<meta property=\"product:price:amount\" content=\"49.20\" \/>\n<meta property=\"product:price:currency\" content=\"EUR\" \/>\n<meta property=\"og:availability\" content=\"out of stock\" \/>\n<meta property=\"product:availability\" content=\"out of stock\" \/>\n<meta property=\"product:condition\" content=\"new\" \/>\n<!-- \/ Yoast SEO Premium plugin. -->","yoast_head_json":{"title":"Primitivo IGT BIO, 3 L BIB - Bramasole","robots":{"index":"index","follow":"follow","max-snippet":"max-snippet:-1","max-image-preview":"max-image-preview:large","max-video-preview":"max-video-preview:-1"},"canonical":"https:\/\/bramasole.ee\/en\/toode\/primitivo-igt-bio-3-l-bib\/","og_locale":"en_US","og_type":"article","og_title":"Primitivo IGT BIO, 3 L BIB","og_description":"Primitivo is a wine with ancient origins and typical characteristics of a southern product. In Italy, its region of origin is Puglia and over the years, it has been appreciated all over the world.","og_url":"https:\/\/bramasole.ee\/en\/toode\/primitivo-igt-bio-3-l-bib\/","og_site_name":"Bramasole","article_publisher":"https:\/\/www.facebook.com\/houseofbramasole","article_modified_time":"2023-05-03T15:15:44+00:00","og_image":[{"width":650,"height":890,"url":"https:\/\/bramasole.ee\/wp-content\/uploads\/2023\/04\/primitivo-3L.jpg","type":"image\/jpeg"}],"twitter_card":"summary_large_image","twitter_misc":{"Price":"&euro;49.20","Availability":"Out of stock"},"schema":{"@context":"https:\/\/schema.org","@graph":[{"@type":"WebPage","@id":"https:\/\/bramasole.ee\/en\/toode\/primitivo-igt-bio-3-l-bib\/","url":"https:\/\/bramasole.ee\/en\/toode\/primitivo-igt-bio-3-l-bib\/","name":"Primitivo IGT BIO, 3 L BIB - Bramasole","isPartOf":{"@id":"https:\/\/bramasole.ee\/en\/#website"},"primaryImageOfPage":{"@id":"https:\/\/bramasole.ee\/en\/toode\/primitivo-igt-bio-3-l-bib\/#primaryimage"},"image":{"@id":"https:\/\/bramasole.ee\/en\/toode\/primitivo-igt-bio-3-l-bib\/#primaryimage"},"thumbnailUrl":"https:\/\/bramasole.ee\/wp-content\/uploads\/2023\/04\/primitivo-3L.jpg","datePublished":"2023-04-28T08:54:41+00:00","dateModified":"2023-05-03T15:15:44+00:00","breadcrumb":{"@id":"https:\/\/bramasole.ee\/en\/toode\/primitivo-igt-bio-3-l-bib\/#breadcrumb"},"inLanguage":"en-US","potentialAction":[{"@type":"ReadAction","target":["https:\/\/bramasole.ee\/en\/toode\/primitivo-igt-bio-3-l-bib\/"]}]},{"@type":"ImageObject","inLanguage":"en-US","@id":"https:\/\/bramasole.ee\/en\/toode\/primitivo-igt-bio-3-l-bib\/#primaryimage","url":"https:\/\/bramasole.ee\/wp-content\/uploads\/2023\/04\/primitivo-3L.jpg","contentUrl":"https:\/\/bramasole.ee\/wp-content\/uploads\/2023\/04\/primitivo-3L.jpg","width":650,"height":890,"caption":"Primitivo_bramasole_bib"},{"@type":"BreadcrumbList","@id":"https:\/\/bramasole.ee\/en\/toode\/primitivo-igt-bio-3-l-bib\/#breadcrumb","itemListElement":[{"@type":"ListItem","position":1,"name":"Home","item":"https:\/\/bramasole.ee\/en\/"},{"@type":"ListItem","position":2,"name":"VEINIPOOD","item":"https:\/\/bramasole.ee\/veinipood\/"},{"@type":"ListItem","position":3,"name":"Primitivo IGT BIO, 3 L BIB"}]},{"@type":"WebSite","@id":"https:\/\/bramasole.ee\/en\/#website","url":"https:\/\/bramasole.ee\/en\/","name":"Bramasole","description":"Bramasole veinipood - ainult hea vein!","publisher":{"@id":"https:\/\/bramasole.ee\/en\/#organization"},"alternateName":"Bramasole veinid","potentialAction":[{"@type":"SearchAction","target":{"@type":"EntryPoint","urlTemplate":"https:\/\/bramasole.ee\/en\/?s={search_term_string}"},"query-input":{"@type":"PropertyValueSpecification","valueRequired":true,"valueName":"search_term_string"}}],"inLanguage":"en-US"},{"@type":"Organization","@id":"https:\/\/bramasole.ee\/en\/#organization","name":"Bramasole","url":"https:\/\/bramasole.ee\/en\/","logo":{"@type":"ImageObject","inLanguage":"en-US","@id":"https:\/\/bramasole.ee\/en\/#\/schema\/logo\/image\/","url":"https:\/\/bramasole.ee\/wp-content\/uploads\/2023\/04\/House_of_bramasole_logo.png","contentUrl":"https:\/\/bramasole.ee\/wp-content\/uploads\/2023\/04\/House_of_bramasole_logo.png","width":1031,"height":257,"caption":"Bramasole"},"image":{"@id":"https:\/\/bramasole.ee\/en\/#\/schema\/logo\/image\/"},"sameAs":["https:\/\/www.facebook.com\/houseofbramasole","https:\/\/www.instagram.com\/houseofbramasole\/"]}]},"product_price_amount":"49.20","product_price_currency":"EUR","og_availability":"out of stock","product_availability":"out of stock","product_condition":"new"},"_links":{"self":[{"href":"https:\/\/bramasole.ee\/en\/wp-json\/wp\/v2\/product\/2156","targetHints":{"allow":["GET"]}}],"collection":[{"href":"https:\/\/bramasole.ee\/en\/wp-json\/wp\/v2\/product"}],"about":[{"href":"https:\/\/bramasole.ee\/en\/wp-json\/wp\/v2\/types\/product"}],"replies":[{"embeddable":true,"href":"https:\/\/bramasole.ee\/en\/wp-json\/wp\/v2\/comments?post=2156"}],"wp:featuredmedia":[{"embeddable":true,"href":"https:\/\/bramasole.ee\/en\/wp-json\/wp\/v2\/media\/2160"}],"wp:attachment":[{"href":"https:\/\/bramasole.ee\/en\/wp-json\/wp\/v2\/media?parent=2156"}],"wp:term":[{"taxonomy":"product_brand","embeddable":true,"href":"https:\/\/bramasole.ee\/en\/wp-json\/wp\/v2\/product_brand?post=2156"},{"taxonomy":"product_cat","embeddable":true,"href":"https:\/\/bramasole.ee\/en\/wp-json\/wp\/v2\/product_cat?post=2156"},{"taxonomy":"product_tag","embeddable":true,"href":"https:\/\/bramasole.ee\/en\/wp-json\/wp\/v2\/product_tag?post=2156"}],"curies":[{"name":"wp","href":"https:\/\/api.w.org\/{rel}","templated":true}]}}