{"id":2123,"date":"2023-04-23T12:21:11","date_gmt":"2023-04-23T09:21:11","guid":{"rendered":"https:\/\/bramasole.ee\/?post_type=product&#038;p=2123"},"modified":"2023-05-03T18:16:39","modified_gmt":"2023-05-03T15:16:39","slug":"prosecco-doc-gold-treviso-brut","status":"publish","type":"product","link":"https:\/\/bramasole.ee\/en\/toode\/prosecco-doc-gold-treviso-brut\/","title":{"rendered":"Prosecco DOC Gold Treviso Brut"},"content":{"rendered":"<p>[vc_row content_placement=&#8221;middle&#8221; css_animation=&#8221;&#8221; css=&#8221;.vc_custom_1460727920666{padding-top: 0px !important;padding-bottom: 0px !important;background-color: #f2f2f2 !important;}&#8221;][vc_column css_animation=&#8221;&#8221; css=&#8221;.vc_custom_1460636569719{padding: 20% !important;}&#8221; offset=&#8221;vc_col-lg-6 vc_col-md-6&#8243;][title_subtitle add_subtitle=&#8221;use_subtitle&#8221; css_animation=&#8221;&#8221; title=&#8221;Tasting notes&#8221; subtitle=&#8221;Wine specs&#8221;][vc_column_text css_animation=&#8221;&#8221; css=&#8221;.vc_custom_1682243084617{margin-bottom: 0px !important;}&#8221;]<strong>V\u00e4rvus:<\/strong> s\u00e4rav \u00f5lgkollane.<br \/>\n<strong>Aroom:<\/strong> \u00f5rna kollase \u00f5una ja pirni mahlakas bukett, mis viib sordi aromaatsete tunnusteni.<br \/>\n<strong>Maitse:<\/strong> maitsele \u00f5rn, kargete puuviljaste nootidega, mida saadavad meeldivad happelised noodid ja kerged vahutavad mullid. Hele maitsega, kuiv, elegantne v\u00e4ga peene ja elava perlaa\u017eiga.[\/vc_column_text][\/vc_column][vc_column css_animation=&#8221;&#8221; css=&#8221;.vc_custom_1682242820331{padding-top: 0px !important;padding-right: 0px !important;padding-bottom: 0px !important;padding-left: 0px !important;background-image: url(https:\/\/bramasole.ee\/wp-content\/uploads\/2023\/04\/Prosecco-DOC-Gold-Brut_2-scaled.jpg?id=2130) !important;background-position: center !important;background-repeat: no-repeat !important;background-size: cover !important;}&#8221; offset=&#8221;vc_col-lg-6 vc_col-md-6 vc_hidden-sm vc_hidden-xs&#8221;][vc_empty_space height=&#8221;700px&#8221;][\/vc_column][\/vc_row][vc_row content_placement=&#8221;middle&#8221; css_animation=&#8221;&#8221; css=&#8221;.vc_custom_1460727927848{padding-top: 0px !important;padding-bottom: 0px !important;background-color: #f2f2f2 !important;}&#8221;][vc_column css_animation=&#8221;&#8221; css=&#8221;.vc_custom_1682242844445{padding-top: 0px !important;padding-right: 0px !important;padding-bottom: 0px !important;padding-left: 0px !important;background-image: url(https:\/\/bramasole.ee\/wp-content\/uploads\/2023\/04\/Prosecco-DOC-Gold-Brut&#8211;scaled.jpg?id=2132) !important;background-position: center !important;background-repeat: no-repeat !important;background-size: cover !important;}&#8221; offset=&#8221;vc_col-lg-6 vc_col-md-6 vc_hidden-sm vc_hidden-xs&#8221;][vc_empty_space height=&#8221;700px&#8221;][\/vc_column][vc_column css_animation=&#8221;&#8221; css=&#8221;.vc_custom_1678270655307{padding-top: 0% !important;padding-right: 20% !important;padding-bottom: 0% !important;padding-left: 20% !important;}&#8221; offset=&#8221;vc_col-lg-6 vc_col-md-6&#8243;][vc_column_text css_animation=&#8221;&#8221; css=&#8221;.vc_custom_1682242981226{padding-top: 0px !important;}&#8221;]<\/p>\n<h3>Toidusoovitused<\/h3>\n<p>Suurep\u00e4rane aperitiiv. See on vahuvein, mis sobib ideaalselt igaks s\u00fcndmuseks. Sobib eriti h\u00e4sti igat t\u00fc\u00fcpi mereandide ja kalaga.<\/p>\n<p>Tiramisu ja muude kreemised magustoitud koos v\u00e4rskete maasikatega.<\/p>\n<p>Prosecco`t serveeri jahutatult,\u00a0 4\u00b0C kraadi juures.<\/p>\n<p>\u00c4\u00e4rmiselt elegantselt kuldne pudel sobib piduliku s\u00fcndmuse juurde. Pudeli v\u00e4limus ei j\u00e4ta kedagi k\u00fcmaks ja selle p\u00e4rline v\u00e4rske mull r\u00f5\u00f5mustab igat Prosecco s\u00f5pra![\/vc_column_text][\/vc_column][\/vc_row][vc_row content_placement=&#8221;middle&#8221; css_animation=&#8221;&#8221; css=&#8221;.vc_custom_1460727935440{padding-top: 0px !important;padding-bottom: 0px !important;background-color: #f2f2f2 !important;}&#8221;][vc_column css_animation=&#8221;&#8221; css=&#8221;.vc_custom_1460636587092{padding: 20% !important;}&#8221; offset=&#8221;vc_col-lg-6 vc_col-md-6&#8243;][title_subtitle title_type=&#8221;h3&#8243; add_subtitle=&#8221;use_subtitle&#8221; css_animation=&#8221;&#8221; title=&#8221;Winemaker notes&#8221; subtitle=&#8221;Wine specs&#8221;][vc_column_text css_animation=&#8221;&#8221;]<b>Vineyard<\/b><\/p>\n<p>Growing Region: Motta di Livenza &#8211; Treviso Province &#8211; Veneto Region<br \/>\nAltitude: 9 m A.M.S.L.<br \/>\nSoil: Motta di Livenza Vineyard Soil &#8211; flood plain origins of natural clay and limestone.<br \/>\nExposure: east\/west<br \/>\nTrellis System: sylvoz<br \/>\nPlant Density: 3.000 plants per hectare<br \/>\nAge of vines: 40\/23\/15 years<\/p>\n<p><b>Vinification<\/b><\/p>\n<p>The fermentation in stainless steel vats, using selected yeasts at controlled temperature, was followed by the sparkling process in pressurized tanks using the &#8216;Charmat method&#8217;.[\/vc_column_text][\/vc_column][vc_column css_animation=&#8221;&#8221; css=&#8221;.vc_custom_1678273972618{padding-top: 0px !important;padding-right: 0px !important;padding-bottom: 0px !important;padding-left: 0px !important;background-image: url(https:\/\/bramasole.ee\/wp-content\/uploads\/2023\/03\/Pecorino_action.jpeg?id=1448) !important;background-position: center !important;background-repeat: no-repeat !important;background-size: cover !important;}&#8221; offset=&#8221;vc_col-lg-6 vc_col-md-6 vc_hidden-sm vc_hidden-xs&#8221;][vc_empty_space height=&#8221;700px&#8221;][\/vc_column][\/vc_row]<\/p>\n","protected":false},"excerpt":{"rendered":"<p>Fine perlage, delicate but typical aroma, perfectly dry on the taste. A Prosecco brut, challenging and impressive especially when paired with shellfish and sashimi.<\/p>\n","protected":false},"featured_media":2129,"comment_status":"closed","ping_status":"closed","template":"","meta":[],"product_brand":[],"product_cat":[144],"product_tag":[],"class_list":{"0":"post-2123","1":"product","2":"type-product","3":"status-publish","4":"has-post-thumbnail","6":"product_cat-sparkling-wine","7":"description-off","9":"first","10":"instock","11":"taxable","12":"shipping-taxable","13":"purchasable","14":"product-type-simple"},"yoast_head":"<!-- This site is optimized with the Yoast SEO Premium plugin v23.0 (Yoast SEO v25.3.1) - https:\/\/yoast.com\/wordpress\/plugins\/seo\/ -->\n<title>Prosecco DOC Gold Treviso Brut - Bramasole<\/title>\n<meta name=\"robots\" content=\"index, follow, max-snippet:-1, max-image-preview:large, max-video-preview:-1\" \/>\n<link rel=\"canonical\" href=\"https:\/\/bramasole.ee\/en\/toode\/prosecco-doc-gold-treviso-brut\/\" \/>\n<meta property=\"og:locale\" content=\"en_US\" \/>\n<meta property=\"og:type\" content=\"article\" \/>\n<meta property=\"og:title\" content=\"Prosecco DOC Gold Treviso Brut\" \/>\n<meta property=\"og:description\" content=\"Fine perlage, delicate but typical aroma, perfectly dry on the taste. A Prosecco brut, challenging and impressive especially when paired with shellfish and sashimi.\" \/>\n<meta property=\"og:url\" content=\"https:\/\/bramasole.ee\/en\/toode\/prosecco-doc-gold-treviso-brut\/\" \/>\n<meta property=\"og:site_name\" content=\"Bramasole\" \/>\n<meta property=\"article:publisher\" content=\"https:\/\/www.facebook.com\/houseofbramasole\" \/>\n<meta property=\"article:modified_time\" content=\"2023-05-03T15:16:39+00:00\" \/>\n<meta property=\"og:image\" content=\"https:\/\/bramasole.ee\/wp-content\/uploads\/2023\/04\/Prosecco-DOC-Brut-Gold-Moletto-e1693854517178.jpeg\" \/>\n\t<meta property=\"og:image:width\" content=\"900\" \/>\n\t<meta property=\"og:image:height\" content=\"1273\" \/>\n\t<meta property=\"og:image:type\" content=\"image\/jpeg\" \/>\n<meta name=\"twitter:card\" content=\"summary_large_image\" \/>\n<meta name=\"twitter:label1\" content=\"Price\" \/>\n\t<meta name=\"twitter:data1\" content=\"&euro;24.60\" \/>\n\t<meta name=\"twitter:label2\" content=\"Availability\" \/>\n\t<meta name=\"twitter:data2\" content=\"In stock\" \/>\n<script type=\"application\/ld+json\" class=\"yoast-schema-graph\">{\"@context\":\"https:\/\/schema.org\",\"@graph\":[{\"@type\":\"WebPage\",\"@id\":\"https:\/\/bramasole.ee\/en\/toode\/prosecco-doc-gold-treviso-brut\/\",\"url\":\"https:\/\/bramasole.ee\/en\/toode\/prosecco-doc-gold-treviso-brut\/\",\"name\":\"Prosecco DOC Gold Treviso Brut - Bramasole\",\"isPartOf\":{\"@id\":\"https:\/\/bramasole.ee\/en\/#website\"},\"primaryImageOfPage\":{\"@id\":\"https:\/\/bramasole.ee\/en\/toode\/prosecco-doc-gold-treviso-brut\/#primaryimage\"},\"image\":{\"@id\":\"https:\/\/bramasole.ee\/en\/toode\/prosecco-doc-gold-treviso-brut\/#primaryimage\"},\"thumbnailUrl\":\"https:\/\/bramasole.ee\/wp-content\/uploads\/2023\/04\/Prosecco-DOC-Brut-Gold-Moletto-e1693854517178.jpeg\",\"datePublished\":\"2023-04-23T09:21:11+00:00\",\"dateModified\":\"2023-05-03T15:16:39+00:00\",\"breadcrumb\":{\"@id\":\"https:\/\/bramasole.ee\/en\/toode\/prosecco-doc-gold-treviso-brut\/#breadcrumb\"},\"inLanguage\":\"en-US\",\"potentialAction\":[{\"@type\":\"ReadAction\",\"target\":[\"https:\/\/bramasole.ee\/en\/toode\/prosecco-doc-gold-treviso-brut\/\"]}]},{\"@type\":\"ImageObject\",\"inLanguage\":\"en-US\",\"@id\":\"https:\/\/bramasole.ee\/en\/toode\/prosecco-doc-gold-treviso-brut\/#primaryimage\",\"url\":\"https:\/\/bramasole.ee\/wp-content\/uploads\/2023\/04\/Prosecco-DOC-Brut-Gold-Moletto-e1693854517178.jpeg\",\"contentUrl\":\"https:\/\/bramasole.ee\/wp-content\/uploads\/2023\/04\/Prosecco-DOC-Brut-Gold-Moletto-e1693854517178.jpeg\",\"width\":900,\"height\":1273,\"caption\":\"Prosecco DOC Gold Brut\"},{\"@type\":\"BreadcrumbList\",\"@id\":\"https:\/\/bramasole.ee\/en\/toode\/prosecco-doc-gold-treviso-brut\/#breadcrumb\",\"itemListElement\":[{\"@type\":\"ListItem\",\"position\":1,\"name\":\"Home\",\"item\":\"https:\/\/bramasole.ee\/en\/\"},{\"@type\":\"ListItem\",\"position\":2,\"name\":\"VEINIPOOD\",\"item\":\"https:\/\/bramasole.ee\/veinipood\/\"},{\"@type\":\"ListItem\",\"position\":3,\"name\":\"Prosecco DOC Gold Treviso Brut\"}]},{\"@type\":\"WebSite\",\"@id\":\"https:\/\/bramasole.ee\/en\/#website\",\"url\":\"https:\/\/bramasole.ee\/en\/\",\"name\":\"Bramasole\",\"description\":\"Bramasole veinipood - ainult hea vein!\",\"publisher\":{\"@id\":\"https:\/\/bramasole.ee\/en\/#organization\"},\"alternateName\":\"Bramasole veinid\",\"potentialAction\":[{\"@type\":\"SearchAction\",\"target\":{\"@type\":\"EntryPoint\",\"urlTemplate\":\"https:\/\/bramasole.ee\/en\/?s={search_term_string}\"},\"query-input\":{\"@type\":\"PropertyValueSpecification\",\"valueRequired\":true,\"valueName\":\"search_term_string\"}}],\"inLanguage\":\"en-US\"},{\"@type\":\"Organization\",\"@id\":\"https:\/\/bramasole.ee\/en\/#organization\",\"name\":\"Bramasole\",\"url\":\"https:\/\/bramasole.ee\/en\/\",\"logo\":{\"@type\":\"ImageObject\",\"inLanguage\":\"en-US\",\"@id\":\"https:\/\/bramasole.ee\/en\/#\/schema\/logo\/image\/\",\"url\":\"https:\/\/bramasole.ee\/wp-content\/uploads\/2023\/04\/House_of_bramasole_logo.png\",\"contentUrl\":\"https:\/\/bramasole.ee\/wp-content\/uploads\/2023\/04\/House_of_bramasole_logo.png\",\"width\":1031,\"height\":257,\"caption\":\"Bramasole\"},\"image\":{\"@id\":\"https:\/\/bramasole.ee\/en\/#\/schema\/logo\/image\/\"},\"sameAs\":[\"https:\/\/www.facebook.com\/houseofbramasole\",\"https:\/\/www.instagram.com\/houseofbramasole\/\"]}]}<\/script>\n<meta property=\"product:price:amount\" content=\"24.60\" \/>\n<meta property=\"product:price:currency\" content=\"EUR\" \/>\n<meta property=\"og:availability\" content=\"instock\" \/>\n<meta property=\"product:availability\" content=\"instock\" \/>\n<meta property=\"product:retailer_item_id\" content=\"31093\" \/>\n<meta property=\"product:condition\" content=\"new\" \/>\n<!-- \/ Yoast SEO Premium plugin. -->","yoast_head_json":{"title":"Prosecco DOC Gold Treviso Brut - Bramasole","robots":{"index":"index","follow":"follow","max-snippet":"max-snippet:-1","max-image-preview":"max-image-preview:large","max-video-preview":"max-video-preview:-1"},"canonical":"https:\/\/bramasole.ee\/en\/toode\/prosecco-doc-gold-treviso-brut\/","og_locale":"en_US","og_type":"article","og_title":"Prosecco DOC Gold Treviso Brut","og_description":"Fine perlage, delicate but typical aroma, perfectly dry on the taste. A Prosecco brut, challenging and impressive especially when paired with shellfish and sashimi.","og_url":"https:\/\/bramasole.ee\/en\/toode\/prosecco-doc-gold-treviso-brut\/","og_site_name":"Bramasole","article_publisher":"https:\/\/www.facebook.com\/houseofbramasole","article_modified_time":"2023-05-03T15:16:39+00:00","og_image":[{"width":900,"height":1273,"url":"https:\/\/bramasole.ee\/wp-content\/uploads\/2023\/04\/Prosecco-DOC-Brut-Gold-Moletto-e1693854517178.jpeg","type":"image\/jpeg"}],"twitter_card":"summary_large_image","twitter_misc":{"Price":"&euro;24.60","Availability":"In stock"},"schema":{"@context":"https:\/\/schema.org","@graph":[{"@type":"WebPage","@id":"https:\/\/bramasole.ee\/en\/toode\/prosecco-doc-gold-treviso-brut\/","url":"https:\/\/bramasole.ee\/en\/toode\/prosecco-doc-gold-treviso-brut\/","name":"Prosecco DOC Gold Treviso Brut - Bramasole","isPartOf":{"@id":"https:\/\/bramasole.ee\/en\/#website"},"primaryImageOfPage":{"@id":"https:\/\/bramasole.ee\/en\/toode\/prosecco-doc-gold-treviso-brut\/#primaryimage"},"image":{"@id":"https:\/\/bramasole.ee\/en\/toode\/prosecco-doc-gold-treviso-brut\/#primaryimage"},"thumbnailUrl":"https:\/\/bramasole.ee\/wp-content\/uploads\/2023\/04\/Prosecco-DOC-Brut-Gold-Moletto-e1693854517178.jpeg","datePublished":"2023-04-23T09:21:11+00:00","dateModified":"2023-05-03T15:16:39+00:00","breadcrumb":{"@id":"https:\/\/bramasole.ee\/en\/toode\/prosecco-doc-gold-treviso-brut\/#breadcrumb"},"inLanguage":"en-US","potentialAction":[{"@type":"ReadAction","target":["https:\/\/bramasole.ee\/en\/toode\/prosecco-doc-gold-treviso-brut\/"]}]},{"@type":"ImageObject","inLanguage":"en-US","@id":"https:\/\/bramasole.ee\/en\/toode\/prosecco-doc-gold-treviso-brut\/#primaryimage","url":"https:\/\/bramasole.ee\/wp-content\/uploads\/2023\/04\/Prosecco-DOC-Brut-Gold-Moletto-e1693854517178.jpeg","contentUrl":"https:\/\/bramasole.ee\/wp-content\/uploads\/2023\/04\/Prosecco-DOC-Brut-Gold-Moletto-e1693854517178.jpeg","width":900,"height":1273,"caption":"Prosecco DOC Gold Brut"},{"@type":"BreadcrumbList","@id":"https:\/\/bramasole.ee\/en\/toode\/prosecco-doc-gold-treviso-brut\/#breadcrumb","itemListElement":[{"@type":"ListItem","position":1,"name":"Home","item":"https:\/\/bramasole.ee\/en\/"},{"@type":"ListItem","position":2,"name":"VEINIPOOD","item":"https:\/\/bramasole.ee\/veinipood\/"},{"@type":"ListItem","position":3,"name":"Prosecco DOC Gold Treviso Brut"}]},{"@type":"WebSite","@id":"https:\/\/bramasole.ee\/en\/#website","url":"https:\/\/bramasole.ee\/en\/","name":"Bramasole","description":"Bramasole veinipood - ainult hea vein!","publisher":{"@id":"https:\/\/bramasole.ee\/en\/#organization"},"alternateName":"Bramasole veinid","potentialAction":[{"@type":"SearchAction","target":{"@type":"EntryPoint","urlTemplate":"https:\/\/bramasole.ee\/en\/?s={search_term_string}"},"query-input":{"@type":"PropertyValueSpecification","valueRequired":true,"valueName":"search_term_string"}}],"inLanguage":"en-US"},{"@type":"Organization","@id":"https:\/\/bramasole.ee\/en\/#organization","name":"Bramasole","url":"https:\/\/bramasole.ee\/en\/","logo":{"@type":"ImageObject","inLanguage":"en-US","@id":"https:\/\/bramasole.ee\/en\/#\/schema\/logo\/image\/","url":"https:\/\/bramasole.ee\/wp-content\/uploads\/2023\/04\/House_of_bramasole_logo.png","contentUrl":"https:\/\/bramasole.ee\/wp-content\/uploads\/2023\/04\/House_of_bramasole_logo.png","width":1031,"height":257,"caption":"Bramasole"},"image":{"@id":"https:\/\/bramasole.ee\/en\/#\/schema\/logo\/image\/"},"sameAs":["https:\/\/www.facebook.com\/houseofbramasole","https:\/\/www.instagram.com\/houseofbramasole\/"]}]},"product_price_amount":"24.60","product_price_currency":"EUR","og_availability":"instock","product_availability":"instock","product_retailer_item_id":"31093","product_condition":"new"},"_links":{"self":[{"href":"https:\/\/bramasole.ee\/en\/wp-json\/wp\/v2\/product\/2123","targetHints":{"allow":["GET"]}}],"collection":[{"href":"https:\/\/bramasole.ee\/en\/wp-json\/wp\/v2\/product"}],"about":[{"href":"https:\/\/bramasole.ee\/en\/wp-json\/wp\/v2\/types\/product"}],"replies":[{"embeddable":true,"href":"https:\/\/bramasole.ee\/en\/wp-json\/wp\/v2\/comments?post=2123"}],"wp:featuredmedia":[{"embeddable":true,"href":"https:\/\/bramasole.ee\/en\/wp-json\/wp\/v2\/media\/2129"}],"wp:attachment":[{"href":"https:\/\/bramasole.ee\/en\/wp-json\/wp\/v2\/media?parent=2123"}],"wp:term":[{"taxonomy":"product_brand","embeddable":true,"href":"https:\/\/bramasole.ee\/en\/wp-json\/wp\/v2\/product_brand?post=2123"},{"taxonomy":"product_cat","embeddable":true,"href":"https:\/\/bramasole.ee\/en\/wp-json\/wp\/v2\/product_cat?post=2123"},{"taxonomy":"product_tag","embeddable":true,"href":"https:\/\/bramasole.ee\/en\/wp-json\/wp\/v2\/product_tag?post=2123"}],"curies":[{"name":"wp","href":"https:\/\/api.w.org\/{rel}","templated":true}]}}