{"id":2109,"date":"2023-04-23T11:42:32","date_gmt":"2023-04-23T08:42:32","guid":{"rendered":"https:\/\/bramasole.ee\/?post_type=product&#038;p=2109"},"modified":"2023-05-03T18:17:10","modified_gmt":"2023-05-03T15:17:10","slug":"prosecco-doc-treviso-extra-dry","status":"publish","type":"product","link":"https:\/\/bramasole.ee\/en\/toode\/prosecco-doc-treviso-extra-dry\/","title":{"rendered":"Prosecco DOC Treviso Extra Dry"},"content":{"rendered":"<p>[vc_row content_placement=&#8221;middle&#8221; css_animation=&#8221;&#8221; css=&#8221;.vc_custom_1460727920666{padding-top: 0px !important;padding-bottom: 0px !important;background-color: #f2f2f2 !important;}&#8221;][vc_column css_animation=&#8221;&#8221; css=&#8221;.vc_custom_1460636569719{padding: 20% !important;}&#8221; offset=&#8221;vc_col-lg-6 vc_col-md-6&#8243;][title_subtitle add_subtitle=&#8221;use_subtitle&#8221; css_animation=&#8221;&#8221; title=&#8221;Tasting notes&#8221; subtitle=&#8221;Wine specs&#8221;][vc_column_text css_animation=&#8221;&#8221; css=&#8221;.vc_custom_1682241017764{margin-bottom: 0px !important;}&#8221;]<strong>V\u00e4rvus:<\/strong> kahvatu \u00f5lgkollane.<br \/>\n<strong>Aroom:<\/strong> v\u00e4rske,selgelt puuviljane ning s\u00e4rtsakas.<br \/>\n<strong>Maitse:<\/strong> sametine vahuvein.Maitses tunda kargust, meeldivalt hapukas. Vein on kuiv ning elegantne.[\/vc_column_text][\/vc_column][vc_column css_animation=&#8221;&#8221; css=&#8221;.vc_custom_1682240228045{padding-top: 0px !important;padding-right: 0px !important;padding-bottom: 0px !important;padding-left: 0px !important;background-image: url(https:\/\/bramasole.ee\/wp-content\/uploads\/2023\/04\/Prosecco_extra-dry_moletto_2-scaled.jpg?id=2116) !important;background-position: center !important;background-repeat: no-repeat !important;background-size: cover !important;}&#8221; offset=&#8221;vc_col-lg-6 vc_col-md-6 vc_hidden-sm vc_hidden-xs&#8221;][vc_empty_space height=&#8221;700px&#8221;][\/vc_column][\/vc_row][vc_row content_placement=&#8221;middle&#8221; css_animation=&#8221;&#8221; css=&#8221;.vc_custom_1460727927848{padding-top: 0px !important;padding-bottom: 0px !important;background-color: #f2f2f2 !important;}&#8221;][vc_column css_animation=&#8221;&#8221; css=&#8221;.vc_custom_1682240268225{padding-top: 0px !important;padding-right: 0px !important;padding-bottom: 0px !important;padding-left: 0px !important;background-image: url(https:\/\/bramasole.ee\/wp-content\/uploads\/2023\/04\/Prosecco_extra_dry_moletto-scaled.jpg?id=2118) !important;background-position: center !important;background-repeat: no-repeat !important;background-size: cover !important;}&#8221; offset=&#8221;vc_col-lg-6 vc_col-md-6 vc_hidden-sm vc_hidden-xs&#8221;][vc_empty_space height=&#8221;700px&#8221;][\/vc_column][vc_column css_animation=&#8221;&#8221; css=&#8221;.vc_custom_1678270655307{padding-top: 0% !important;padding-right: 20% !important;padding-bottom: 0% !important;padding-left: 20% !important;}&#8221; offset=&#8221;vc_col-lg-6 vc_col-md-6&#8243;][vc_column_text css_animation=&#8221;&#8221; css=&#8221;.vc_custom_1682241239209{padding-top: 0px !important;}&#8221;]<\/p>\n<h3>Toidusoovitused<\/h3>\n<p>Suurep\u00e4rane aperitiiv. See on vahuvein, mis sobib ideaalselt igaks s\u00fcndmuseks. Sobib eriti h\u00e4sti igat t\u00fc\u00fcpi mereandide ja kalaga.<\/p>\n<p>Tiramisu ja muude kreemiste magustoitude juurde hea kaaslane.<\/p>\n<p>Prosecco`t serveeri jahutatult,\u00a0 4\u00b0C kraadi juures.[\/vc_column_text][\/vc_column][\/vc_row][vc_row content_placement=&#8221;middle&#8221; css_animation=&#8221;&#8221; css=&#8221;.vc_custom_1460727935440{padding-top: 0px !important;padding-bottom: 0px !important;background-color: #f2f2f2 !important;}&#8221;][vc_column css_animation=&#8221;&#8221; css=&#8221;.vc_custom_1460636587092{padding: 20% !important;}&#8221; offset=&#8221;vc_col-lg-6 vc_col-md-6&#8243;][title_subtitle title_type=&#8221;h3&#8243; add_subtitle=&#8221;use_subtitle&#8221; css_animation=&#8221;&#8221; title=&#8221;Winemaker notes&#8221; subtitle=&#8221;Wine specs&#8221;][vc_column_text css_animation=&#8221;&#8221;]<b>Vineyard<\/b><\/p>\n<p>Growing Region: Motta di Livenza &#8211; Treviso Province &#8211; Veneto Region<br \/>\nAltitude: 9 m A.M.S.L.<br \/>\nSoil: Motta di Livenza Vineyard Soil &#8211; flood plain origins of natural clay and limestone.<br \/>\nExposure: east\/west<br \/>\nTrellis System: sylvoz<br \/>\nPlant Density: 3.000 plants per hectare<br \/>\nAge of vines: 40\/23\/15 years<\/p>\n<p><b>Vinification<\/b><\/p>\n<p>The fermentation in stainless steel vats, using selected yeasts at controlled temperature, was followed by the sparkling process in pressurized tanks using the &#8216;Charmat method&#8217;.[\/vc_column_text][\/vc_column][vc_column css_animation=&#8221;&#8221; css=&#8221;.vc_custom_1678273972618{padding-top: 0px !important;padding-right: 0px !important;padding-bottom: 0px !important;padding-left: 0px !important;background-image: url(https:\/\/bramasole.ee\/wp-content\/uploads\/2023\/03\/Pecorino_action.jpeg?id=1448) !important;background-position: center !important;background-repeat: no-repeat !important;background-size: cover !important;}&#8221; offset=&#8221;vc_col-lg-6 vc_col-md-6 vc_hidden-sm vc_hidden-xs&#8221;][vc_empty_space height=&#8221;700px&#8221;][\/vc_column][\/vc_row]<\/p>\n","protected":false},"excerpt":{"rendered":"<p>Its unique qualities are clearly perceptible. Very fruity, fresh, gently dry, graciously full-bodied. An adaptable and very pleasing \u2018spumante\u2019. An excellent aperitif. It is a sparkling wine perfect for any occasion.<\/p>\n","protected":false},"featured_media":2115,"comment_status":"closed","ping_status":"closed","template":"","meta":[],"product_brand":[],"product_cat":[144],"product_tag":[],"class_list":{"0":"post-2109","1":"product","2":"type-product","3":"status-publish","4":"has-post-thumbnail","6":"product_cat-sparkling-wine","7":"description-off","9":"first","10":"instock","11":"taxable","12":"shipping-taxable","13":"purchasable","14":"product-type-simple"},"yoast_head":"<!-- This site is optimized with the Yoast SEO Premium plugin v23.0 (Yoast SEO v25.3.1) - https:\/\/yoast.com\/wordpress\/plugins\/seo\/ -->\n<title>Prosecco DOC Treviso Extra Dry - Bramasole<\/title>\n<meta name=\"robots\" content=\"index, follow, max-snippet:-1, max-image-preview:large, max-video-preview:-1\" \/>\n<link rel=\"canonical\" href=\"https:\/\/bramasole.ee\/en\/toode\/prosecco-doc-treviso-extra-dry\/\" \/>\n<meta property=\"og:locale\" content=\"en_US\" \/>\n<meta property=\"og:type\" content=\"article\" \/>\n<meta property=\"og:title\" content=\"Prosecco DOC Treviso Extra Dry\" \/>\n<meta property=\"og:description\" content=\"Its unique qualities are clearly perceptible. Very fruity, fresh, gently dry, graciously full-bodied. An adaptable and very pleasing \u2018spumante\u2019. An excellent aperitif. It is a sparkling wine perfect for any occasion.\" \/>\n<meta property=\"og:url\" content=\"https:\/\/bramasole.ee\/en\/toode\/prosecco-doc-treviso-extra-dry\/\" \/>\n<meta property=\"og:site_name\" content=\"Bramasole\" \/>\n<meta property=\"article:publisher\" content=\"https:\/\/www.facebook.com\/houseofbramasole\" \/>\n<meta property=\"article:modified_time\" content=\"2023-05-03T15:17:10+00:00\" \/>\n<meta property=\"og:image\" content=\"https:\/\/bramasole.ee\/wp-content\/uploads\/2023\/04\/Prosecco-DOC-extra-dry.jpeg\" \/>\n\t<meta property=\"og:image:width\" content=\"1240\" \/>\n\t<meta property=\"og:image:height\" content=\"1754\" \/>\n\t<meta property=\"og:image:type\" content=\"image\/jpeg\" \/>\n<meta name=\"twitter:card\" content=\"summary_large_image\" \/>\n<meta name=\"twitter:label1\" content=\"Price\" \/>\n\t<meta name=\"twitter:data1\" content=\"&euro;15.90\" \/>\n\t<meta name=\"twitter:label2\" content=\"Availability\" \/>\n\t<meta name=\"twitter:data2\" content=\"In stock\" \/>\n<script type=\"application\/ld+json\" class=\"yoast-schema-graph\">{\"@context\":\"https:\/\/schema.org\",\"@graph\":[{\"@type\":\"WebPage\",\"@id\":\"https:\/\/bramasole.ee\/en\/toode\/prosecco-doc-treviso-extra-dry\/\",\"url\":\"https:\/\/bramasole.ee\/en\/toode\/prosecco-doc-treviso-extra-dry\/\",\"name\":\"Prosecco DOC Treviso Extra Dry - Bramasole\",\"isPartOf\":{\"@id\":\"https:\/\/bramasole.ee\/en\/#website\"},\"primaryImageOfPage\":{\"@id\":\"https:\/\/bramasole.ee\/en\/toode\/prosecco-doc-treviso-extra-dry\/#primaryimage\"},\"image\":{\"@id\":\"https:\/\/bramasole.ee\/en\/toode\/prosecco-doc-treviso-extra-dry\/#primaryimage\"},\"thumbnailUrl\":\"https:\/\/bramasole.ee\/wp-content\/uploads\/2023\/04\/Prosecco-DOC-extra-dry.jpeg\",\"datePublished\":\"2023-04-23T08:42:32+00:00\",\"dateModified\":\"2023-05-03T15:17:10+00:00\",\"breadcrumb\":{\"@id\":\"https:\/\/bramasole.ee\/en\/toode\/prosecco-doc-treviso-extra-dry\/#breadcrumb\"},\"inLanguage\":\"en-US\",\"potentialAction\":[{\"@type\":\"ReadAction\",\"target\":[\"https:\/\/bramasole.ee\/en\/toode\/prosecco-doc-treviso-extra-dry\/\"]}]},{\"@type\":\"ImageObject\",\"inLanguage\":\"en-US\",\"@id\":\"https:\/\/bramasole.ee\/en\/toode\/prosecco-doc-treviso-extra-dry\/#primaryimage\",\"url\":\"https:\/\/bramasole.ee\/wp-content\/uploads\/2023\/04\/Prosecco-DOC-extra-dry.jpeg\",\"contentUrl\":\"https:\/\/bramasole.ee\/wp-content\/uploads\/2023\/04\/Prosecco-DOC-extra-dry.jpeg\",\"width\":1240,\"height\":1754,\"caption\":\"Prosecco DOC extra dry\"},{\"@type\":\"BreadcrumbList\",\"@id\":\"https:\/\/bramasole.ee\/en\/toode\/prosecco-doc-treviso-extra-dry\/#breadcrumb\",\"itemListElement\":[{\"@type\":\"ListItem\",\"position\":1,\"name\":\"Home\",\"item\":\"https:\/\/bramasole.ee\/en\/\"},{\"@type\":\"ListItem\",\"position\":2,\"name\":\"VEINIPOOD\",\"item\":\"https:\/\/bramasole.ee\/veinipood\/\"},{\"@type\":\"ListItem\",\"position\":3,\"name\":\"Prosecco DOC Treviso Extra Dry\"}]},{\"@type\":\"WebSite\",\"@id\":\"https:\/\/bramasole.ee\/en\/#website\",\"url\":\"https:\/\/bramasole.ee\/en\/\",\"name\":\"Bramasole\",\"description\":\"Bramasole veinipood - ainult hea vein!\",\"publisher\":{\"@id\":\"https:\/\/bramasole.ee\/en\/#organization\"},\"alternateName\":\"Bramasole veinid\",\"potentialAction\":[{\"@type\":\"SearchAction\",\"target\":{\"@type\":\"EntryPoint\",\"urlTemplate\":\"https:\/\/bramasole.ee\/en\/?s={search_term_string}\"},\"query-input\":{\"@type\":\"PropertyValueSpecification\",\"valueRequired\":true,\"valueName\":\"search_term_string\"}}],\"inLanguage\":\"en-US\"},{\"@type\":\"Organization\",\"@id\":\"https:\/\/bramasole.ee\/en\/#organization\",\"name\":\"Bramasole\",\"url\":\"https:\/\/bramasole.ee\/en\/\",\"logo\":{\"@type\":\"ImageObject\",\"inLanguage\":\"en-US\",\"@id\":\"https:\/\/bramasole.ee\/en\/#\/schema\/logo\/image\/\",\"url\":\"https:\/\/bramasole.ee\/wp-content\/uploads\/2023\/04\/House_of_bramasole_logo.png\",\"contentUrl\":\"https:\/\/bramasole.ee\/wp-content\/uploads\/2023\/04\/House_of_bramasole_logo.png\",\"width\":1031,\"height\":257,\"caption\":\"Bramasole\"},\"image\":{\"@id\":\"https:\/\/bramasole.ee\/en\/#\/schema\/logo\/image\/\"},\"sameAs\":[\"https:\/\/www.facebook.com\/houseofbramasole\",\"https:\/\/www.instagram.com\/houseofbramasole\/\"]}]}<\/script>\n<meta property=\"product:price:amount\" content=\"15.90\" \/>\n<meta property=\"product:price:currency\" content=\"EUR\" \/>\n<meta property=\"og:availability\" content=\"instock\" \/>\n<meta property=\"product:availability\" content=\"instock\" \/>\n<meta property=\"product:retailer_item_id\" content=\"32896\" \/>\n<meta property=\"product:condition\" content=\"new\" \/>\n<!-- \/ Yoast SEO Premium plugin. -->","yoast_head_json":{"title":"Prosecco DOC Treviso Extra Dry - Bramasole","robots":{"index":"index","follow":"follow","max-snippet":"max-snippet:-1","max-image-preview":"max-image-preview:large","max-video-preview":"max-video-preview:-1"},"canonical":"https:\/\/bramasole.ee\/en\/toode\/prosecco-doc-treviso-extra-dry\/","og_locale":"en_US","og_type":"article","og_title":"Prosecco DOC Treviso Extra Dry","og_description":"Its unique qualities are clearly perceptible. Very fruity, fresh, gently dry, graciously full-bodied. An adaptable and very pleasing \u2018spumante\u2019. An excellent aperitif. It is a sparkling wine perfect for any occasion.","og_url":"https:\/\/bramasole.ee\/en\/toode\/prosecco-doc-treviso-extra-dry\/","og_site_name":"Bramasole","article_publisher":"https:\/\/www.facebook.com\/houseofbramasole","article_modified_time":"2023-05-03T15:17:10+00:00","og_image":[{"width":1240,"height":1754,"url":"https:\/\/bramasole.ee\/wp-content\/uploads\/2023\/04\/Prosecco-DOC-extra-dry.jpeg","type":"image\/jpeg"}],"twitter_card":"summary_large_image","twitter_misc":{"Price":"&euro;15.90","Availability":"In stock"},"schema":{"@context":"https:\/\/schema.org","@graph":[{"@type":"WebPage","@id":"https:\/\/bramasole.ee\/en\/toode\/prosecco-doc-treviso-extra-dry\/","url":"https:\/\/bramasole.ee\/en\/toode\/prosecco-doc-treviso-extra-dry\/","name":"Prosecco DOC Treviso Extra Dry - Bramasole","isPartOf":{"@id":"https:\/\/bramasole.ee\/en\/#website"},"primaryImageOfPage":{"@id":"https:\/\/bramasole.ee\/en\/toode\/prosecco-doc-treviso-extra-dry\/#primaryimage"},"image":{"@id":"https:\/\/bramasole.ee\/en\/toode\/prosecco-doc-treviso-extra-dry\/#primaryimage"},"thumbnailUrl":"https:\/\/bramasole.ee\/wp-content\/uploads\/2023\/04\/Prosecco-DOC-extra-dry.jpeg","datePublished":"2023-04-23T08:42:32+00:00","dateModified":"2023-05-03T15:17:10+00:00","breadcrumb":{"@id":"https:\/\/bramasole.ee\/en\/toode\/prosecco-doc-treviso-extra-dry\/#breadcrumb"},"inLanguage":"en-US","potentialAction":[{"@type":"ReadAction","target":["https:\/\/bramasole.ee\/en\/toode\/prosecco-doc-treviso-extra-dry\/"]}]},{"@type":"ImageObject","inLanguage":"en-US","@id":"https:\/\/bramasole.ee\/en\/toode\/prosecco-doc-treviso-extra-dry\/#primaryimage","url":"https:\/\/bramasole.ee\/wp-content\/uploads\/2023\/04\/Prosecco-DOC-extra-dry.jpeg","contentUrl":"https:\/\/bramasole.ee\/wp-content\/uploads\/2023\/04\/Prosecco-DOC-extra-dry.jpeg","width":1240,"height":1754,"caption":"Prosecco DOC extra dry"},{"@type":"BreadcrumbList","@id":"https:\/\/bramasole.ee\/en\/toode\/prosecco-doc-treviso-extra-dry\/#breadcrumb","itemListElement":[{"@type":"ListItem","position":1,"name":"Home","item":"https:\/\/bramasole.ee\/en\/"},{"@type":"ListItem","position":2,"name":"VEINIPOOD","item":"https:\/\/bramasole.ee\/veinipood\/"},{"@type":"ListItem","position":3,"name":"Prosecco DOC Treviso Extra Dry"}]},{"@type":"WebSite","@id":"https:\/\/bramasole.ee\/en\/#website","url":"https:\/\/bramasole.ee\/en\/","name":"Bramasole","description":"Bramasole veinipood - ainult hea vein!","publisher":{"@id":"https:\/\/bramasole.ee\/en\/#organization"},"alternateName":"Bramasole veinid","potentialAction":[{"@type":"SearchAction","target":{"@type":"EntryPoint","urlTemplate":"https:\/\/bramasole.ee\/en\/?s={search_term_string}"},"query-input":{"@type":"PropertyValueSpecification","valueRequired":true,"valueName":"search_term_string"}}],"inLanguage":"en-US"},{"@type":"Organization","@id":"https:\/\/bramasole.ee\/en\/#organization","name":"Bramasole","url":"https:\/\/bramasole.ee\/en\/","logo":{"@type":"ImageObject","inLanguage":"en-US","@id":"https:\/\/bramasole.ee\/en\/#\/schema\/logo\/image\/","url":"https:\/\/bramasole.ee\/wp-content\/uploads\/2023\/04\/House_of_bramasole_logo.png","contentUrl":"https:\/\/bramasole.ee\/wp-content\/uploads\/2023\/04\/House_of_bramasole_logo.png","width":1031,"height":257,"caption":"Bramasole"},"image":{"@id":"https:\/\/bramasole.ee\/en\/#\/schema\/logo\/image\/"},"sameAs":["https:\/\/www.facebook.com\/houseofbramasole","https:\/\/www.instagram.com\/houseofbramasole\/"]}]},"product_price_amount":"15.90","product_price_currency":"EUR","og_availability":"instock","product_availability":"instock","product_retailer_item_id":"32896","product_condition":"new"},"_links":{"self":[{"href":"https:\/\/bramasole.ee\/en\/wp-json\/wp\/v2\/product\/2109","targetHints":{"allow":["GET"]}}],"collection":[{"href":"https:\/\/bramasole.ee\/en\/wp-json\/wp\/v2\/product"}],"about":[{"href":"https:\/\/bramasole.ee\/en\/wp-json\/wp\/v2\/types\/product"}],"replies":[{"embeddable":true,"href":"https:\/\/bramasole.ee\/en\/wp-json\/wp\/v2\/comments?post=2109"}],"wp:featuredmedia":[{"embeddable":true,"href":"https:\/\/bramasole.ee\/en\/wp-json\/wp\/v2\/media\/2115"}],"wp:attachment":[{"href":"https:\/\/bramasole.ee\/en\/wp-json\/wp\/v2\/media?parent=2109"}],"wp:term":[{"taxonomy":"product_brand","embeddable":true,"href":"https:\/\/bramasole.ee\/en\/wp-json\/wp\/v2\/product_brand?post=2109"},{"taxonomy":"product_cat","embeddable":true,"href":"https:\/\/bramasole.ee\/en\/wp-json\/wp\/v2\/product_cat?post=2109"},{"taxonomy":"product_tag","embeddable":true,"href":"https:\/\/bramasole.ee\/en\/wp-json\/wp\/v2\/product_tag?post=2109"}],"curies":[{"name":"wp","href":"https:\/\/api.w.org\/{rel}","templated":true}]}}