{"id":1886,"date":"2023-03-08T08:42:15","date_gmt":"2023-03-08T06:42:15","guid":{"rendered":"https:\/\/bramasole.ee\/toode\/bakan-montepulciano-dabruzzo-bio-docg\/"},"modified":"2024-01-02T15:45:46","modified_gmt":"2024-01-02T13:45:46","slug":"bakan-montepulciano-dabruzzo-bio-docg","status":"publish","type":"product","link":"https:\/\/bramasole.ee\/en\/toode\/bakan-montepulciano-dabruzzo-bio-docg\/","title":{"rendered":"Bak\u00e0n Montepulciano D\u2019Abruzzo BIO,  DOCG"},"content":{"rendered":"<p>T\u00e4idlane ja rikkalik Bak\u00e1n Montepulciano DOCG veinis harmoonitsevad nii v\u00e4rskus kui puuviljasus.<\/p>\n<p><strong>V\u00e4limus<\/strong> &#8211; rubiinpunane<\/p>\n<p><strong>Aroom<\/strong> &#8211; l\u00f5hnanootidest leiad p\u00f5ldmarja ja tumed ploomid, lillel\u00f5hnadest roosi ja kannikest<\/p>\n<p><strong>Maitse<\/strong> &#8211; k\u00fcpsed tumedad puuviljad &#8211; p\u00f5ldmari ning ploom, kakao ja kohvi, pisut soolakust ning v\u00fcrtsi<\/p>\n<p><strong>Toidusoovitused Bak\u00e1n Montepulciano d\u2019Abruzzo DOCG<\/strong><\/p>\n<p>Montepulciano veini ava juba varem enne selle nautimist v\u00f5i dekanteeri. Vein avaneb nauditavaks ning seej\u00e4rel serveeri 16-18 kraadi juures, suures laia \u00e4\u00e4rega punase veiniklaasis.<\/p>\n<p>Sobib h\u00e4sti h\u00e4sti maitsek\u00fcllaste roogadega: aperitiivid, eelroad, taimetoit, punane liha ning keskmise ja pika laagerdumisega juust.<\/p>\n<p>Itaalia stiilis eelroad ( prosciutto, singiviilud, pepperoni ), pasta alla carbonara, grillitud lammas, maksast valmistatud h\u00f5rgutised v\u00f5i k\u00fcps Pecorino juust.<\/p>\n<p>Proovida tasuks ka k\u00fcpsetatud\u00a0 Camembert juustuga.<\/p>\n<h4>Veinimeistri m\u00e4rkused<\/h4>\n<p>The vine has found wide diffusion in Abruzzo and along the Adriatic coast. The variety is fairly homogeneous, the differential characters concern the shape of the bunch, the presence of green millerandage before maturation, the ripening time and the organoleptic characteristics of the product.<\/p>\n<p>Apex bud is expanded, cottony, presenting fluff on the underside. Leaves are medium-sized, pentagonal, five-lobed, flat, very dark green in colour, cottony surface on the under side.<\/p>\n<p>Cluster: medium, more or less compact, cylindrical to conical shape, often winged. Berry: medium, semi-oval, black-purple, not too easy to detach; skin: consistent; velvety, pulp: juicy, slightly pinkish, of simple flavour.<\/p>\n","protected":false},"excerpt":{"rendered":"<p><span style=\"color: #000000;\">Montepulciano d`Abruzzo on armastatud t\u00e4idlane, maitsek\u00fcllane ning puuviljane punane kuiv vein.\u00a0<\/span><\/p>\n","protected":false},"featured_media":2468,"comment_status":"closed","ping_status":"closed","template":"","meta":[],"product_brand":[],"product_cat":[139],"product_tag":[],"class_list":{"0":"post-1886","1":"product","2":"type-product","3":"status-publish","4":"has-post-thumbnail","6":"product_cat-red-wines-en","7":"description-off","9":"first","10":"instock","11":"taxable","12":"shipping-taxable","13":"purchasable","14":"product-type-simple"},"yoast_head":"<!-- This site is optimized with the Yoast SEO Premium plugin v23.0 (Yoast SEO v25.3.1) - https:\/\/yoast.com\/wordpress\/plugins\/seo\/ -->\n<title>Bak\u00e0n Montepulciano D\u2019Abruzzo BIO, DOCG - Bramasole<\/title>\n<meta name=\"description\" content=\"Bakan Montepulciano BIO DOCG punane kuiv vein. Kvaliteetsed veinid Itaaliast ja Prantsusmaalt. Veiniklubi liikmele alati -20% soodsam!\" \/>\n<meta name=\"robots\" content=\"index, follow, max-snippet:-1, max-image-preview:large, max-video-preview:-1\" \/>\n<link rel=\"canonical\" href=\"https:\/\/bramasole.ee\/en\/toode\/bakan-montepulciano-dabruzzo-bio-docg\/\" \/>\n<meta property=\"og:locale\" content=\"en_US\" \/>\n<meta property=\"og:type\" content=\"article\" \/>\n<meta property=\"og:title\" content=\"Bak\u00e0n Montepulciano D\u2019Abruzzo BIO, DOCG\" \/>\n<meta property=\"og:description\" content=\"Bakan Montepulciano BIO DOCG punane kuiv vein. Kvaliteetsed veinid Itaaliast ja Prantsusmaalt. Veiniklubi liikmele alati -20% soodsam!\" \/>\n<meta property=\"og:url\" content=\"https:\/\/bramasole.ee\/en\/toode\/bakan-montepulciano-dabruzzo-bio-docg\/\" \/>\n<meta property=\"og:site_name\" content=\"Bramasole\" \/>\n<meta property=\"article:publisher\" content=\"https:\/\/www.facebook.com\/houseofbramasole\" \/>\n<meta property=\"article:modified_time\" content=\"2024-01-02T13:45:46+00:00\" \/>\n<meta property=\"og:image\" content=\"https:\/\/bramasole.ee\/wp-content\/uploads\/2023\/03\/torri-cantine-bakan-montepulciano-docg-bott.jpeg\" \/>\n\t<meta property=\"og:image:width\" content=\"650\" \/>\n\t<meta property=\"og:image:height\" content=\"890\" \/>\n\t<meta property=\"og:image:type\" content=\"image\/jpeg\" \/>\n<meta name=\"twitter:card\" content=\"summary_large_image\" \/>\n<meta name=\"twitter:label1\" content=\"Price\" \/>\n\t<meta name=\"twitter:data1\" content=\"&euro;23.70\" \/>\n\t<meta name=\"twitter:label2\" content=\"Availability\" \/>\n\t<meta name=\"twitter:data2\" content=\"In stock\" \/>\n<script type=\"application\/ld+json\" class=\"yoast-schema-graph\">{\"@context\":\"https:\/\/schema.org\",\"@graph\":[{\"@type\":\"WebPage\",\"@id\":\"https:\/\/bramasole.ee\/en\/toode\/bakan-montepulciano-dabruzzo-bio-docg\/\",\"url\":\"https:\/\/bramasole.ee\/en\/toode\/bakan-montepulciano-dabruzzo-bio-docg\/\",\"name\":\"Bak\u00e0n Montepulciano D\u2019Abruzzo BIO, DOCG - Bramasole\",\"isPartOf\":{\"@id\":\"https:\/\/bramasole.ee\/en\/#website\"},\"primaryImageOfPage\":{\"@id\":\"https:\/\/bramasole.ee\/en\/toode\/bakan-montepulciano-dabruzzo-bio-docg\/#primaryimage\"},\"image\":{\"@id\":\"https:\/\/bramasole.ee\/en\/toode\/bakan-montepulciano-dabruzzo-bio-docg\/#primaryimage\"},\"thumbnailUrl\":\"https:\/\/bramasole.ee\/wp-content\/uploads\/2023\/03\/torri-cantine-bakan-montepulciano-docg-bott.jpeg\",\"datePublished\":\"2023-03-08T06:42:15+00:00\",\"dateModified\":\"2024-01-02T13:45:46+00:00\",\"description\":\"Bakan Montepulciano BIO DOCG punane kuiv vein. Kvaliteetsed veinid Itaaliast ja Prantsusmaalt. Veiniklubi liikmele alati -20% soodsam!\",\"breadcrumb\":{\"@id\":\"https:\/\/bramasole.ee\/en\/toode\/bakan-montepulciano-dabruzzo-bio-docg\/#breadcrumb\"},\"inLanguage\":\"en-US\",\"potentialAction\":[{\"@type\":\"ReadAction\",\"target\":[\"https:\/\/bramasole.ee\/en\/toode\/bakan-montepulciano-dabruzzo-bio-docg\/\"]}]},{\"@type\":\"ImageObject\",\"inLanguage\":\"en-US\",\"@id\":\"https:\/\/bramasole.ee\/en\/toode\/bakan-montepulciano-dabruzzo-bio-docg\/#primaryimage\",\"url\":\"https:\/\/bramasole.ee\/wp-content\/uploads\/2023\/03\/torri-cantine-bakan-montepulciano-docg-bott.jpeg\",\"contentUrl\":\"https:\/\/bramasole.ee\/wp-content\/uploads\/2023\/03\/torri-cantine-bakan-montepulciano-docg-bott.jpeg\",\"width\":650,\"height\":890,\"caption\":\"Montepulciano vein\"},{\"@type\":\"BreadcrumbList\",\"@id\":\"https:\/\/bramasole.ee\/en\/toode\/bakan-montepulciano-dabruzzo-bio-docg\/#breadcrumb\",\"itemListElement\":[{\"@type\":\"ListItem\",\"position\":1,\"name\":\"Home\",\"item\":\"https:\/\/bramasole.ee\/en\/\"},{\"@type\":\"ListItem\",\"position\":2,\"name\":\"VEINIPOOD\",\"item\":\"https:\/\/bramasole.ee\/veinipood\/\"},{\"@type\":\"ListItem\",\"position\":3,\"name\":\"Bak\u00e0n Montepulciano D\u2019Abruzzo BIO, DOCG\"}]},{\"@type\":\"WebSite\",\"@id\":\"https:\/\/bramasole.ee\/en\/#website\",\"url\":\"https:\/\/bramasole.ee\/en\/\",\"name\":\"Bramasole\",\"description\":\"Bramasole veinipood - ainult hea vein!\",\"publisher\":{\"@id\":\"https:\/\/bramasole.ee\/en\/#organization\"},\"alternateName\":\"Bramasole veinid\",\"potentialAction\":[{\"@type\":\"SearchAction\",\"target\":{\"@type\":\"EntryPoint\",\"urlTemplate\":\"https:\/\/bramasole.ee\/en\/?s={search_term_string}\"},\"query-input\":{\"@type\":\"PropertyValueSpecification\",\"valueRequired\":true,\"valueName\":\"search_term_string\"}}],\"inLanguage\":\"en-US\"},{\"@type\":\"Organization\",\"@id\":\"https:\/\/bramasole.ee\/en\/#organization\",\"name\":\"Bramasole\",\"url\":\"https:\/\/bramasole.ee\/en\/\",\"logo\":{\"@type\":\"ImageObject\",\"inLanguage\":\"en-US\",\"@id\":\"https:\/\/bramasole.ee\/en\/#\/schema\/logo\/image\/\",\"url\":\"https:\/\/bramasole.ee\/wp-content\/uploads\/2023\/04\/House_of_bramasole_logo.png\",\"contentUrl\":\"https:\/\/bramasole.ee\/wp-content\/uploads\/2023\/04\/House_of_bramasole_logo.png\",\"width\":1031,\"height\":257,\"caption\":\"Bramasole\"},\"image\":{\"@id\":\"https:\/\/bramasole.ee\/en\/#\/schema\/logo\/image\/\"},\"sameAs\":[\"https:\/\/www.facebook.com\/houseofbramasole\",\"https:\/\/www.instagram.com\/houseofbramasole\/\"]}]}<\/script>\n<meta property=\"product:price:amount\" content=\"23.70\" \/>\n<meta property=\"product:price:currency\" content=\"EUR\" \/>\n<meta property=\"og:availability\" content=\"instock\" \/>\n<meta property=\"product:availability\" content=\"instock\" \/>\n<meta property=\"product:condition\" content=\"new\" \/>\n<!-- \/ Yoast SEO Premium plugin. -->","yoast_head_json":{"title":"Bak\u00e0n Montepulciano D\u2019Abruzzo BIO, DOCG - Bramasole","description":"Bakan Montepulciano BIO DOCG punane kuiv vein. Kvaliteetsed veinid Itaaliast ja Prantsusmaalt. Veiniklubi liikmele alati -20% soodsam!","robots":{"index":"index","follow":"follow","max-snippet":"max-snippet:-1","max-image-preview":"max-image-preview:large","max-video-preview":"max-video-preview:-1"},"canonical":"https:\/\/bramasole.ee\/en\/toode\/bakan-montepulciano-dabruzzo-bio-docg\/","og_locale":"en_US","og_type":"article","og_title":"Bak\u00e0n Montepulciano D\u2019Abruzzo BIO, DOCG","og_description":"Bakan Montepulciano BIO DOCG punane kuiv vein. Kvaliteetsed veinid Itaaliast ja Prantsusmaalt. Veiniklubi liikmele alati -20% soodsam!","og_url":"https:\/\/bramasole.ee\/en\/toode\/bakan-montepulciano-dabruzzo-bio-docg\/","og_site_name":"Bramasole","article_publisher":"https:\/\/www.facebook.com\/houseofbramasole","article_modified_time":"2024-01-02T13:45:46+00:00","og_image":[{"width":650,"height":890,"url":"https:\/\/bramasole.ee\/wp-content\/uploads\/2023\/03\/torri-cantine-bakan-montepulciano-docg-bott.jpeg","type":"image\/jpeg"}],"twitter_card":"summary_large_image","twitter_misc":{"Price":"&euro;23.70","Availability":"In stock"},"schema":{"@context":"https:\/\/schema.org","@graph":[{"@type":"WebPage","@id":"https:\/\/bramasole.ee\/en\/toode\/bakan-montepulciano-dabruzzo-bio-docg\/","url":"https:\/\/bramasole.ee\/en\/toode\/bakan-montepulciano-dabruzzo-bio-docg\/","name":"Bak\u00e0n Montepulciano D\u2019Abruzzo BIO, DOCG - Bramasole","isPartOf":{"@id":"https:\/\/bramasole.ee\/en\/#website"},"primaryImageOfPage":{"@id":"https:\/\/bramasole.ee\/en\/toode\/bakan-montepulciano-dabruzzo-bio-docg\/#primaryimage"},"image":{"@id":"https:\/\/bramasole.ee\/en\/toode\/bakan-montepulciano-dabruzzo-bio-docg\/#primaryimage"},"thumbnailUrl":"https:\/\/bramasole.ee\/wp-content\/uploads\/2023\/03\/torri-cantine-bakan-montepulciano-docg-bott.jpeg","datePublished":"2023-03-08T06:42:15+00:00","dateModified":"2024-01-02T13:45:46+00:00","description":"Bakan Montepulciano BIO DOCG punane kuiv vein. Kvaliteetsed veinid Itaaliast ja Prantsusmaalt. Veiniklubi liikmele alati -20% soodsam!","breadcrumb":{"@id":"https:\/\/bramasole.ee\/en\/toode\/bakan-montepulciano-dabruzzo-bio-docg\/#breadcrumb"},"inLanguage":"en-US","potentialAction":[{"@type":"ReadAction","target":["https:\/\/bramasole.ee\/en\/toode\/bakan-montepulciano-dabruzzo-bio-docg\/"]}]},{"@type":"ImageObject","inLanguage":"en-US","@id":"https:\/\/bramasole.ee\/en\/toode\/bakan-montepulciano-dabruzzo-bio-docg\/#primaryimage","url":"https:\/\/bramasole.ee\/wp-content\/uploads\/2023\/03\/torri-cantine-bakan-montepulciano-docg-bott.jpeg","contentUrl":"https:\/\/bramasole.ee\/wp-content\/uploads\/2023\/03\/torri-cantine-bakan-montepulciano-docg-bott.jpeg","width":650,"height":890,"caption":"Montepulciano vein"},{"@type":"BreadcrumbList","@id":"https:\/\/bramasole.ee\/en\/toode\/bakan-montepulciano-dabruzzo-bio-docg\/#breadcrumb","itemListElement":[{"@type":"ListItem","position":1,"name":"Home","item":"https:\/\/bramasole.ee\/en\/"},{"@type":"ListItem","position":2,"name":"VEINIPOOD","item":"https:\/\/bramasole.ee\/veinipood\/"},{"@type":"ListItem","position":3,"name":"Bak\u00e0n Montepulciano D\u2019Abruzzo BIO, DOCG"}]},{"@type":"WebSite","@id":"https:\/\/bramasole.ee\/en\/#website","url":"https:\/\/bramasole.ee\/en\/","name":"Bramasole","description":"Bramasole veinipood - ainult hea vein!","publisher":{"@id":"https:\/\/bramasole.ee\/en\/#organization"},"alternateName":"Bramasole veinid","potentialAction":[{"@type":"SearchAction","target":{"@type":"EntryPoint","urlTemplate":"https:\/\/bramasole.ee\/en\/?s={search_term_string}"},"query-input":{"@type":"PropertyValueSpecification","valueRequired":true,"valueName":"search_term_string"}}],"inLanguage":"en-US"},{"@type":"Organization","@id":"https:\/\/bramasole.ee\/en\/#organization","name":"Bramasole","url":"https:\/\/bramasole.ee\/en\/","logo":{"@type":"ImageObject","inLanguage":"en-US","@id":"https:\/\/bramasole.ee\/en\/#\/schema\/logo\/image\/","url":"https:\/\/bramasole.ee\/wp-content\/uploads\/2023\/04\/House_of_bramasole_logo.png","contentUrl":"https:\/\/bramasole.ee\/wp-content\/uploads\/2023\/04\/House_of_bramasole_logo.png","width":1031,"height":257,"caption":"Bramasole"},"image":{"@id":"https:\/\/bramasole.ee\/en\/#\/schema\/logo\/image\/"},"sameAs":["https:\/\/www.facebook.com\/houseofbramasole","https:\/\/www.instagram.com\/houseofbramasole\/"]}]},"product_price_amount":"23.70","product_price_currency":"EUR","og_availability":"instock","product_availability":"instock","product_condition":"new"},"_links":{"self":[{"href":"https:\/\/bramasole.ee\/en\/wp-json\/wp\/v2\/product\/1886","targetHints":{"allow":["GET"]}}],"collection":[{"href":"https:\/\/bramasole.ee\/en\/wp-json\/wp\/v2\/product"}],"about":[{"href":"https:\/\/bramasole.ee\/en\/wp-json\/wp\/v2\/types\/product"}],"replies":[{"embeddable":true,"href":"https:\/\/bramasole.ee\/en\/wp-json\/wp\/v2\/comments?post=1886"}],"wp:featuredmedia":[{"embeddable":true,"href":"https:\/\/bramasole.ee\/en\/wp-json\/wp\/v2\/media\/2468"}],"wp:attachment":[{"href":"https:\/\/bramasole.ee\/en\/wp-json\/wp\/v2\/media?parent=1886"}],"wp:term":[{"taxonomy":"product_brand","embeddable":true,"href":"https:\/\/bramasole.ee\/en\/wp-json\/wp\/v2\/product_brand?post=1886"},{"taxonomy":"product_cat","embeddable":true,"href":"https:\/\/bramasole.ee\/en\/wp-json\/wp\/v2\/product_cat?post=1886"},{"taxonomy":"product_tag","embeddable":true,"href":"https:\/\/bramasole.ee\/en\/wp-json\/wp\/v2\/product_tag?post=1886"}],"curies":[{"name":"wp","href":"https:\/\/api.w.org\/{rel}","templated":true}]}}