{"id":1882,"date":"2023-03-08T10:42:19","date_gmt":"2023-03-08T08:42:19","guid":{"rendered":"https:\/\/bramasole.ee\/toode\/turan-montepulciano-dabruzzo-bio-docg\/"},"modified":"2024-01-02T15:45:30","modified_gmt":"2024-01-02T13:45:30","slug":"turan-montepulciano-dabruzzo-bio-docg","status":"publish","type":"product","link":"https:\/\/bramasole.ee\/en\/toode\/turan-montepulciano-dabruzzo-bio-docg\/","title":{"rendered":"Turan Montepulciano D\u2019Abruzzo BIO,  DOCG"},"content":{"rendered":"<h3>Montepulciano d\u2019Abruzzo DOCG<\/h3>\n<p><strong>V\u00c4RV<\/strong> &#8211; S\u00e4rav rubiinpunane<\/p>\n<p><strong>AROOM<\/strong> &#8211; Kannikese\u00f5ied, k\u00fcpsed mustikad, marjad, v\u00fcrtsid, pipar, kohv.<\/p>\n<p><strong>MAITSE<\/strong> &#8211; T\u00e4idlane, sametine, maitse kinnitab aroomi omadusi..<\/p>\n<p>The Montepulciano d\u2019Abruzzo DOCG of Cantine Torri originates in the area of Martinsicuro, in the province of Teramo. The vine is almost fifty years old and grows at an altitude of 290 meters above sea level, extraordinarily exposed to the south-south-east.<\/p>\n<p>100% Montepulciano d\u2019Abruzzo grapes, manually selected from the row and harvested around half of October, from certified organic farming.<\/p>\n<p>It is vinified in temperature-controlled steel vats, and at the end of malolactic fermentation, the wine will rest in cement vats for at least 6 months, then mature in large 50hl oak casks for the next 18 months and age in bottles for a further period of no less than 6 months.On the palate, it confirms the pleasant notes of chocolate and coffee plus intense balsamic notes.<\/p>\n<p>&nbsp;<\/p>\n<h3>Toidusoovitus<br \/>\nTuran Montepulciano d\u2019Abruzzo DOCG<\/h3>\n<p>Vein, mis vajab aega, et k\u00f5ik parimad pooled esile tuleks, seega on vajalik see veidi enne serveerimist avada, hoides veini temperatuuri vahemikus 16 \u00b0 kuni 18 \u00b0 ja kasutades laia servaga suurt klaasi v\u00f5i dekanterit.<\/p>\n<p>Veini v\u00f5ib nautida nii \u00fcksi kui ka heas seltskonnas, eelistatavalt koos maitsvate roogadega. Sobib ka aperitiivide, eelroogade, punase liha, taimetoidu ja pool- kuni pikaajaliselt laagerdunud juustudega.<\/p>\n<p>Proovi n\u00e4iteks Itaalia eelroogasid, lasanje Bolognese, r\u00f6stitud lambaliha, melanzane parmigano. Samuti intensiivsete juustudega nagu gorgonzola v\u00f5i pecorino.<\/p>\n<p>Selle juurde sobitaksime esimese k\u00e4iguna n\u00e4iteks pastaroa k\u00f5rvitsa ja kukeseente rigatoni.<\/p>\n<h4><strong>Characteristics of vine<\/strong><\/h4>\n<p>The vine has found wide diffusion in Abruzzo and along the Adriatic coast. The variety is fairly homogeneous, the differential characters concern the shape of the bunch, the presence of green millerandage before maturation, the ripening time and the organoleptic characteristics of the product.<\/p>\n<p>Apex bud is expanded, cottony, presenting fluff on the underside. Leaves are medium-sized, pentagonal, five-lobed, flat, very dark green in colour, cottony surface on the under side.<\/p>\n<p>Cluster: medium, more or less compact, cylindrical to conical shape, often winged. Berry: medium, semi-oval, black-purple, not too easy to detach; skin: consistent; velvety, pulp: juicy, slightly pinkish, of simple flavour.<\/p>\n","protected":false},"excerpt":{"rendered":"<p>Itaalia p\u00e4ritolu klassikaline Montepulciano vein pakub rikkalikku ja maitserohket kogemust, mis kutsub esile Abruzzo p\u00e4ikese ja mulla parimad omadused.<\/p>\n","protected":false},"featured_media":1677,"comment_status":"closed","ping_status":"closed","template":"","meta":[],"product_brand":[],"product_cat":[139],"product_tag":[],"class_list":{"0":"post-1882","1":"product","2":"type-product","3":"status-publish","4":"has-post-thumbnail","6":"product_cat-red-wines-en","7":"description-off","9":"first","10":"instock","11":"taxable","12":"shipping-taxable","13":"purchasable","14":"product-type-simple"},"yoast_head":"<!-- This site is optimized with the Yoast SEO Premium plugin v23.0 (Yoast SEO v25.3.1) - https:\/\/yoast.com\/wordpress\/plugins\/seo\/ -->\n<title>Turan Montepulciano D\u2019Abruzzo BIO, DOCG - Bramasole<\/title>\n<meta name=\"description\" content=\"Turan Montepulciano punane kuiv vein Abruzzo piirkonnast. Kvaliteetsed veinid - Prantsusmaa ja Itaalia veinid. Veiniklubi liikmetele alati -20% soodsam!\" \/>\n<meta name=\"robots\" content=\"index, follow, max-snippet:-1, max-image-preview:large, max-video-preview:-1\" \/>\n<link rel=\"canonical\" href=\"https:\/\/bramasole.ee\/en\/toode\/turan-montepulciano-dabruzzo-bio-docg\/\" \/>\n<meta property=\"og:locale\" content=\"en_US\" \/>\n<meta property=\"og:type\" content=\"article\" \/>\n<meta property=\"og:title\" content=\"Turan Montepulciano D\u2019Abruzzo BIO, DOCG\" \/>\n<meta property=\"og:description\" content=\"Turan Montepulciano punane kuiv vein Abruzzo piirkonnast. Kvaliteetsed veinid - Prantsusmaa ja Itaalia veinid. Veiniklubi liikmetele alati -20% soodsam!\" \/>\n<meta property=\"og:url\" content=\"https:\/\/bramasole.ee\/en\/toode\/turan-montepulciano-dabruzzo-bio-docg\/\" \/>\n<meta property=\"og:site_name\" content=\"Bramasole\" \/>\n<meta property=\"article:publisher\" content=\"https:\/\/www.facebook.com\/houseofbramasole\" \/>\n<meta property=\"article:modified_time\" content=\"2024-01-02T13:45:30+00:00\" \/>\n<meta property=\"og:image\" content=\"https:\/\/bramasole.ee\/wp-content\/uploads\/2023\/03\/torri-cantine-turan-montepulciano-docg-bott.jpeg\" \/>\n\t<meta property=\"og:image:width\" content=\"650\" \/>\n\t<meta property=\"og:image:height\" content=\"890\" \/>\n\t<meta property=\"og:image:type\" content=\"image\/jpeg\" \/>\n<meta name=\"twitter:card\" content=\"summary_large_image\" \/>\n<meta name=\"twitter:label1\" content=\"Price\" \/>\n\t<meta name=\"twitter:data1\" content=\"&euro;35.50\" \/>\n\t<meta name=\"twitter:label2\" content=\"Availability\" \/>\n\t<meta name=\"twitter:data2\" content=\"In stock\" \/>\n<script type=\"application\/ld+json\" class=\"yoast-schema-graph\">{\"@context\":\"https:\/\/schema.org\",\"@graph\":[{\"@type\":\"WebPage\",\"@id\":\"https:\/\/bramasole.ee\/en\/toode\/turan-montepulciano-dabruzzo-bio-docg\/\",\"url\":\"https:\/\/bramasole.ee\/en\/toode\/turan-montepulciano-dabruzzo-bio-docg\/\",\"name\":\"Turan Montepulciano D\u2019Abruzzo BIO, DOCG - Bramasole\",\"isPartOf\":{\"@id\":\"https:\/\/bramasole.ee\/en\/#website\"},\"primaryImageOfPage\":{\"@id\":\"https:\/\/bramasole.ee\/en\/toode\/turan-montepulciano-dabruzzo-bio-docg\/#primaryimage\"},\"image\":{\"@id\":\"https:\/\/bramasole.ee\/en\/toode\/turan-montepulciano-dabruzzo-bio-docg\/#primaryimage\"},\"thumbnailUrl\":\"https:\/\/bramasole.ee\/wp-content\/uploads\/2023\/03\/torri-cantine-turan-montepulciano-docg-bott.jpeg\",\"datePublished\":\"2023-03-08T08:42:19+00:00\",\"dateModified\":\"2024-01-02T13:45:30+00:00\",\"description\":\"Turan Montepulciano punane kuiv vein Abruzzo piirkonnast. Kvaliteetsed veinid - Prantsusmaa ja Itaalia veinid. Veiniklubi liikmetele alati -20% soodsam!\",\"breadcrumb\":{\"@id\":\"https:\/\/bramasole.ee\/en\/toode\/turan-montepulciano-dabruzzo-bio-docg\/#breadcrumb\"},\"inLanguage\":\"en-US\",\"potentialAction\":[{\"@type\":\"ReadAction\",\"target\":[\"https:\/\/bramasole.ee\/en\/toode\/turan-montepulciano-dabruzzo-bio-docg\/\"]}]},{\"@type\":\"ImageObject\",\"inLanguage\":\"en-US\",\"@id\":\"https:\/\/bramasole.ee\/en\/toode\/turan-montepulciano-dabruzzo-bio-docg\/#primaryimage\",\"url\":\"https:\/\/bramasole.ee\/wp-content\/uploads\/2023\/03\/torri-cantine-turan-montepulciano-docg-bott.jpeg\",\"contentUrl\":\"https:\/\/bramasole.ee\/wp-content\/uploads\/2023\/03\/torri-cantine-turan-montepulciano-docg-bott.jpeg\",\"width\":650,\"height\":890},{\"@type\":\"BreadcrumbList\",\"@id\":\"https:\/\/bramasole.ee\/en\/toode\/turan-montepulciano-dabruzzo-bio-docg\/#breadcrumb\",\"itemListElement\":[{\"@type\":\"ListItem\",\"position\":1,\"name\":\"Home\",\"item\":\"https:\/\/bramasole.ee\/en\/\"},{\"@type\":\"ListItem\",\"position\":2,\"name\":\"VEINIPOOD\",\"item\":\"https:\/\/bramasole.ee\/veinipood\/\"},{\"@type\":\"ListItem\",\"position\":3,\"name\":\"Turan Montepulciano D\u2019Abruzzo BIO, DOCG\"}]},{\"@type\":\"WebSite\",\"@id\":\"https:\/\/bramasole.ee\/en\/#website\",\"url\":\"https:\/\/bramasole.ee\/en\/\",\"name\":\"Bramasole\",\"description\":\"Bramasole veinipood - ainult hea vein!\",\"publisher\":{\"@id\":\"https:\/\/bramasole.ee\/en\/#organization\"},\"alternateName\":\"Bramasole veinid\",\"potentialAction\":[{\"@type\":\"SearchAction\",\"target\":{\"@type\":\"EntryPoint\",\"urlTemplate\":\"https:\/\/bramasole.ee\/en\/?s={search_term_string}\"},\"query-input\":{\"@type\":\"PropertyValueSpecification\",\"valueRequired\":true,\"valueName\":\"search_term_string\"}}],\"inLanguage\":\"en-US\"},{\"@type\":\"Organization\",\"@id\":\"https:\/\/bramasole.ee\/en\/#organization\",\"name\":\"Bramasole\",\"url\":\"https:\/\/bramasole.ee\/en\/\",\"logo\":{\"@type\":\"ImageObject\",\"inLanguage\":\"en-US\",\"@id\":\"https:\/\/bramasole.ee\/en\/#\/schema\/logo\/image\/\",\"url\":\"https:\/\/bramasole.ee\/wp-content\/uploads\/2023\/04\/House_of_bramasole_logo.png\",\"contentUrl\":\"https:\/\/bramasole.ee\/wp-content\/uploads\/2023\/04\/House_of_bramasole_logo.png\",\"width\":1031,\"height\":257,\"caption\":\"Bramasole\"},\"image\":{\"@id\":\"https:\/\/bramasole.ee\/en\/#\/schema\/logo\/image\/\"},\"sameAs\":[\"https:\/\/www.facebook.com\/houseofbramasole\",\"https:\/\/www.instagram.com\/houseofbramasole\/\"]}]}<\/script>\n<meta property=\"product:price:amount\" content=\"35.50\" \/>\n<meta property=\"product:price:currency\" content=\"EUR\" \/>\n<meta property=\"og:availability\" content=\"instock\" \/>\n<meta property=\"product:availability\" content=\"instock\" \/>\n<meta property=\"product:condition\" content=\"new\" \/>\n<!-- \/ Yoast SEO Premium plugin. -->","yoast_head_json":{"title":"Turan Montepulciano D\u2019Abruzzo BIO, DOCG - Bramasole","description":"Turan Montepulciano punane kuiv vein Abruzzo piirkonnast. Kvaliteetsed veinid - Prantsusmaa ja Itaalia veinid. Veiniklubi liikmetele alati -20% soodsam!","robots":{"index":"index","follow":"follow","max-snippet":"max-snippet:-1","max-image-preview":"max-image-preview:large","max-video-preview":"max-video-preview:-1"},"canonical":"https:\/\/bramasole.ee\/en\/toode\/turan-montepulciano-dabruzzo-bio-docg\/","og_locale":"en_US","og_type":"article","og_title":"Turan Montepulciano D\u2019Abruzzo BIO, DOCG","og_description":"Turan Montepulciano punane kuiv vein Abruzzo piirkonnast. Kvaliteetsed veinid - Prantsusmaa ja Itaalia veinid. Veiniklubi liikmetele alati -20% soodsam!","og_url":"https:\/\/bramasole.ee\/en\/toode\/turan-montepulciano-dabruzzo-bio-docg\/","og_site_name":"Bramasole","article_publisher":"https:\/\/www.facebook.com\/houseofbramasole","article_modified_time":"2024-01-02T13:45:30+00:00","og_image":[{"width":650,"height":890,"url":"https:\/\/bramasole.ee\/wp-content\/uploads\/2023\/03\/torri-cantine-turan-montepulciano-docg-bott.jpeg","type":"image\/jpeg"}],"twitter_card":"summary_large_image","twitter_misc":{"Price":"&euro;35.50","Availability":"In stock"},"schema":{"@context":"https:\/\/schema.org","@graph":[{"@type":"WebPage","@id":"https:\/\/bramasole.ee\/en\/toode\/turan-montepulciano-dabruzzo-bio-docg\/","url":"https:\/\/bramasole.ee\/en\/toode\/turan-montepulciano-dabruzzo-bio-docg\/","name":"Turan Montepulciano D\u2019Abruzzo BIO, DOCG - Bramasole","isPartOf":{"@id":"https:\/\/bramasole.ee\/en\/#website"},"primaryImageOfPage":{"@id":"https:\/\/bramasole.ee\/en\/toode\/turan-montepulciano-dabruzzo-bio-docg\/#primaryimage"},"image":{"@id":"https:\/\/bramasole.ee\/en\/toode\/turan-montepulciano-dabruzzo-bio-docg\/#primaryimage"},"thumbnailUrl":"https:\/\/bramasole.ee\/wp-content\/uploads\/2023\/03\/torri-cantine-turan-montepulciano-docg-bott.jpeg","datePublished":"2023-03-08T08:42:19+00:00","dateModified":"2024-01-02T13:45:30+00:00","description":"Turan Montepulciano punane kuiv vein Abruzzo piirkonnast. Kvaliteetsed veinid - Prantsusmaa ja Itaalia veinid. Veiniklubi liikmetele alati -20% soodsam!","breadcrumb":{"@id":"https:\/\/bramasole.ee\/en\/toode\/turan-montepulciano-dabruzzo-bio-docg\/#breadcrumb"},"inLanguage":"en-US","potentialAction":[{"@type":"ReadAction","target":["https:\/\/bramasole.ee\/en\/toode\/turan-montepulciano-dabruzzo-bio-docg\/"]}]},{"@type":"ImageObject","inLanguage":"en-US","@id":"https:\/\/bramasole.ee\/en\/toode\/turan-montepulciano-dabruzzo-bio-docg\/#primaryimage","url":"https:\/\/bramasole.ee\/wp-content\/uploads\/2023\/03\/torri-cantine-turan-montepulciano-docg-bott.jpeg","contentUrl":"https:\/\/bramasole.ee\/wp-content\/uploads\/2023\/03\/torri-cantine-turan-montepulciano-docg-bott.jpeg","width":650,"height":890},{"@type":"BreadcrumbList","@id":"https:\/\/bramasole.ee\/en\/toode\/turan-montepulciano-dabruzzo-bio-docg\/#breadcrumb","itemListElement":[{"@type":"ListItem","position":1,"name":"Home","item":"https:\/\/bramasole.ee\/en\/"},{"@type":"ListItem","position":2,"name":"VEINIPOOD","item":"https:\/\/bramasole.ee\/veinipood\/"},{"@type":"ListItem","position":3,"name":"Turan Montepulciano D\u2019Abruzzo BIO, DOCG"}]},{"@type":"WebSite","@id":"https:\/\/bramasole.ee\/en\/#website","url":"https:\/\/bramasole.ee\/en\/","name":"Bramasole","description":"Bramasole veinipood - ainult hea vein!","publisher":{"@id":"https:\/\/bramasole.ee\/en\/#organization"},"alternateName":"Bramasole veinid","potentialAction":[{"@type":"SearchAction","target":{"@type":"EntryPoint","urlTemplate":"https:\/\/bramasole.ee\/en\/?s={search_term_string}"},"query-input":{"@type":"PropertyValueSpecification","valueRequired":true,"valueName":"search_term_string"}}],"inLanguage":"en-US"},{"@type":"Organization","@id":"https:\/\/bramasole.ee\/en\/#organization","name":"Bramasole","url":"https:\/\/bramasole.ee\/en\/","logo":{"@type":"ImageObject","inLanguage":"en-US","@id":"https:\/\/bramasole.ee\/en\/#\/schema\/logo\/image\/","url":"https:\/\/bramasole.ee\/wp-content\/uploads\/2023\/04\/House_of_bramasole_logo.png","contentUrl":"https:\/\/bramasole.ee\/wp-content\/uploads\/2023\/04\/House_of_bramasole_logo.png","width":1031,"height":257,"caption":"Bramasole"},"image":{"@id":"https:\/\/bramasole.ee\/en\/#\/schema\/logo\/image\/"},"sameAs":["https:\/\/www.facebook.com\/houseofbramasole","https:\/\/www.instagram.com\/houseofbramasole\/"]}]},"product_price_amount":"35.50","product_price_currency":"EUR","og_availability":"instock","product_availability":"instock","product_condition":"new"},"_links":{"self":[{"href":"https:\/\/bramasole.ee\/en\/wp-json\/wp\/v2\/product\/1882","targetHints":{"allow":["GET"]}}],"collection":[{"href":"https:\/\/bramasole.ee\/en\/wp-json\/wp\/v2\/product"}],"about":[{"href":"https:\/\/bramasole.ee\/en\/wp-json\/wp\/v2\/types\/product"}],"replies":[{"embeddable":true,"href":"https:\/\/bramasole.ee\/en\/wp-json\/wp\/v2\/comments?post=1882"}],"wp:featuredmedia":[{"embeddable":true,"href":"https:\/\/bramasole.ee\/en\/wp-json\/wp\/v2\/media\/1677"}],"wp:attachment":[{"href":"https:\/\/bramasole.ee\/en\/wp-json\/wp\/v2\/media?parent=1882"}],"wp:term":[{"taxonomy":"product_brand","embeddable":true,"href":"https:\/\/bramasole.ee\/en\/wp-json\/wp\/v2\/product_brand?post=1882"},{"taxonomy":"product_cat","embeddable":true,"href":"https:\/\/bramasole.ee\/en\/wp-json\/wp\/v2\/product_cat?post=1882"},{"taxonomy":"product_tag","embeddable":true,"href":"https:\/\/bramasole.ee\/en\/wp-json\/wp\/v2\/product_tag?post=1882"}],"curies":[{"name":"wp","href":"https:\/\/api.w.org\/{rel}","templated":true}]}}