{"id":1873,"date":"2023-03-13T10:49:20","date_gmt":"2023-03-13T08:49:20","guid":{"rendered":"https:\/\/bramasole.ee\/toode\/primitivo-1967-igt-puglia\/"},"modified":"2024-01-02T15:45:13","modified_gmt":"2024-01-02T13:45:13","slug":"primitivo-1967-igt-puglia","status":"publish","type":"product","link":"https:\/\/bramasole.ee\/en\/toode\/primitivo-1967-igt-puglia\/","title":{"rendered":"Primitivo 1967 IGT Puglia"},"content":{"rendered":"<h4>PRIMITIVO 1967 IGT<\/h4>\n<p>V\u00e4rvus: S\u00fcgav rubiinpunane, lillakate varjunditega.<br \/>\nAroom: Intensiivne,aroomis tunda v\u00e4rsked ja mahlased marjad-puuviljad nagu mustikad, musts\u00f5strad, ploomid, kirsid, mustad kirsid, marjad. Veinis leiad ka kannikeste l\u00f5hna.<br \/>\nMaitse: Kuiv ja elav, v\u00e4rske ja maitserikas \u00fcheaegselt. Vein on tasakaalustatud, pehme ja \u00fcmar. T\u00e4idlane vein, mis kinnitab aroomi noote, lisades sellele veel meeldiva muraka ja \u00f5rna m\u00f5rkja alatooni.<\/p>\n<h3>Viinamarjad<\/h3>\n<p>Viinamarjad p\u00e4rinevad piirkonnast, mis on eriti sobilik veinivalmistamiseks, vanadest viinapuudest, mis asuvad ideaalsel k\u00f5rgusel, et tagada suurep\u00e4rane temperatuuride k\u00f5ikumine ja kus viinamarjad saavad nautida suurep\u00e4rast p\u00e4ikesevalgust. Primitivo viinamarjad, korjatakse kahes jaos, esimene augustis ja teine umbes septembri keskel, rangelt k\u00e4sitsi.<\/p>\n<h3>Veinivalmistamine<\/h3>\n<p>Veinivalmistamine toimub termoreguleeritavates terasvaatides, millele j\u00e4rgneb malolaktiline k\u00e4\u00e4ritamine ja v\u00e4hemalt 4-kuuline laagerdumine tsemendivaatides enne villimist t\u00e4ielikus hapniku puudumises.<\/p>\n<h3>Kuidas sobitada meie Primitivo veini?<\/h3>\n<p>Serveeri seda veini temperatuuril 14\u00b0-16\u00b0, v\u00f5imalusel kaunis laias klaasis, ja alati m\u00f5ni minut enne serveerimist avatuna, et veinis avaneks parimad omadused. See on t\u00e4iuslik kaaslane h\u00e4sti struktureeritud, maitsvatele roogadele ja l\u00f5hnarikastele juustudele, kuid sobib ka aperitiivide, eelroogade, taimetoitude, grillitud liha v\u00f5i k\u00fcpsetatud liha ning keskmise ja kauemalt k\u00fcpsetatud juustudega.<\/p>\n<div class=\"flex-1 overflow-hidden\">\n<div class=\"react-scroll-to-bottom--css-ryjul-79elbk h-full dark:bg-gray-800\">\n<div class=\"react-scroll-to-bottom--css-ryjul-1n7m0yu\">\n<div class=\"flex flex-col text-sm dark:bg-gray-800\">\n<div class=\"group w-full text-token-text-primary border-b border-black\/10 dark:border-gray-900\/50 bg-gray-50 dark:bg-[#444654]\" data-testid=\"conversation-turn-5\">\n<div class=\"p-4 justify-center text-base md:gap-6 md:py-6 m-auto\">\n<div class=\"flex flex-1 gap-4 text-base mx-auto md:gap-6 md:max-w-2xl lg:max-w-[38rem] xl:max-w-3xl }\">\n<div class=\"relative flex w-[calc(100%-50px)] flex-col gap-1 md:gap-3 lg:w-[calc(100%-115px)]\">\n<div class=\"flex flex-grow flex-col gap-3 max-w-full\">\n<div class=\"min-h-[20px] flex flex-col items-start gap-3 overflow-x-auto whitespace-pre-wrap break-words\">\n<div class=\"result-streaming markdown prose w-full break-words dark:prose-invert light\">\n<p>Kujutle maitsvaid k\u00f6\u00f6giviljadest eelroogasid, spargli risotot, lammas kartulitega, t\u00e4idetud k\u00fcpsetatud kalkunit v\u00f5i ricotta ja seentega.<\/p>\n<p>Elegantne ja meeldiv, samaegselt puuviljane punane kuiv vein. Pehmete tanniinidega ja kestva maitsebuketiga.<\/p>\n<\/div>\n<\/div>\n<\/div>\n<\/div>\n<\/div>\n<\/div>\n<\/div>\n<\/div>\n<\/div>\n<\/div>\n<\/div>\n","protected":false},"excerpt":{"rendered":"<p>Maitsev ja rikkalik Primitivo vein, mis pakub suurep\u00e4rast maitseelamust. Selle punase veini marjane bukett on t\u00e4is musts\u00f5straid, ploomi ja vaarikaid, mida tasakaalustavad pehmed tanniinid. Ideaalne kaaslaseks liha- ja pastaroogadele v\u00f5i nauditavaks nautimiseks omaette.<\/p>\n","protected":false},"featured_media":1694,"comment_status":"closed","ping_status":"closed","template":"","meta":[],"product_brand":[],"product_cat":[139],"product_tag":[],"class_list":{"0":"post-1873","1":"product","2":"type-product","3":"status-publish","4":"has-post-thumbnail","6":"product_cat-red-wines-en","7":"description-off","9":"first","10":"instock","11":"taxable","12":"shipping-taxable","13":"purchasable","14":"product-type-simple"},"yoast_head":"<!-- This site is optimized with the Yoast SEO Premium plugin v23.0 (Yoast SEO v25.3.1) - https:\/\/yoast.com\/wordpress\/plugins\/seo\/ -->\n<title>Primitivo 1967 IGT Puglia - Bramasole<\/title>\n<meta name=\"description\" content=\"Primitivo 1967 IGT punane kuiv vein Pugliast. Kvaliteetsed Itaalia ja Prantsusmaa veinid. Veiniklubi liikmele alati lemmikvein -20% soodsam!\" \/>\n<meta name=\"robots\" content=\"index, follow, max-snippet:-1, max-image-preview:large, max-video-preview:-1\" \/>\n<link rel=\"canonical\" href=\"https:\/\/bramasole.ee\/en\/toode\/primitivo-1967-igt-puglia\/\" \/>\n<meta property=\"og:locale\" content=\"en_US\" \/>\n<meta property=\"og:type\" content=\"article\" \/>\n<meta property=\"og:title\" content=\"Primitivo 1967 IGT Puglia\" \/>\n<meta property=\"og:description\" content=\"Primitivo 1967 IGT punane kuiv vein Pugliast. Kvaliteetsed Itaalia ja Prantsusmaa veinid. Veiniklubi liikmele alati lemmikvein -20% soodsam!\" \/>\n<meta property=\"og:url\" content=\"https:\/\/bramasole.ee\/en\/toode\/primitivo-1967-igt-puglia\/\" \/>\n<meta property=\"og:site_name\" content=\"Bramasole\" \/>\n<meta property=\"article:publisher\" content=\"https:\/\/www.facebook.com\/houseofbramasole\" \/>\n<meta property=\"article:modified_time\" content=\"2024-01-02T13:45:13+00:00\" \/>\n<meta property=\"og:image\" content=\"https:\/\/bramasole.ee\/wp-content\/uploads\/2023\/03\/1967-primitivo_vein_bramasole.jpeg\" \/>\n\t<meta property=\"og:image:width\" content=\"650\" \/>\n\t<meta property=\"og:image:height\" content=\"890\" \/>\n\t<meta property=\"og:image:type\" content=\"image\/jpeg\" \/>\n<meta name=\"twitter:card\" content=\"summary_large_image\" \/>\n<meta name=\"twitter:label1\" content=\"Price\" \/>\n\t<meta name=\"twitter:data1\" content=\"&euro;18.80\" \/>\n\t<meta name=\"twitter:label2\" content=\"Availability\" \/>\n\t<meta name=\"twitter:data2\" content=\"In stock\" \/>\n<script type=\"application\/ld+json\" class=\"yoast-schema-graph\">{\"@context\":\"https:\/\/schema.org\",\"@graph\":[{\"@type\":\"WebPage\",\"@id\":\"https:\/\/bramasole.ee\/en\/toode\/primitivo-1967-igt-puglia\/\",\"url\":\"https:\/\/bramasole.ee\/en\/toode\/primitivo-1967-igt-puglia\/\",\"name\":\"Primitivo 1967 IGT Puglia - Bramasole\",\"isPartOf\":{\"@id\":\"https:\/\/bramasole.ee\/en\/#website\"},\"primaryImageOfPage\":{\"@id\":\"https:\/\/bramasole.ee\/en\/toode\/primitivo-1967-igt-puglia\/#primaryimage\"},\"image\":{\"@id\":\"https:\/\/bramasole.ee\/en\/toode\/primitivo-1967-igt-puglia\/#primaryimage\"},\"thumbnailUrl\":\"https:\/\/bramasole.ee\/wp-content\/uploads\/2023\/03\/1967-primitivo_vein_bramasole.jpeg\",\"datePublished\":\"2023-03-13T08:49:20+00:00\",\"dateModified\":\"2024-01-02T13:45:13+00:00\",\"description\":\"Primitivo 1967 IGT punane kuiv vein Pugliast. Kvaliteetsed Itaalia ja Prantsusmaa veinid. Veiniklubi liikmele alati lemmikvein -20% soodsam!\",\"breadcrumb\":{\"@id\":\"https:\/\/bramasole.ee\/en\/toode\/primitivo-1967-igt-puglia\/#breadcrumb\"},\"inLanguage\":\"en-US\",\"potentialAction\":[{\"@type\":\"ReadAction\",\"target\":[\"https:\/\/bramasole.ee\/en\/toode\/primitivo-1967-igt-puglia\/\"]}]},{\"@type\":\"ImageObject\",\"inLanguage\":\"en-US\",\"@id\":\"https:\/\/bramasole.ee\/en\/toode\/primitivo-1967-igt-puglia\/#primaryimage\",\"url\":\"https:\/\/bramasole.ee\/wp-content\/uploads\/2023\/03\/1967-primitivo_vein_bramasole.jpeg\",\"contentUrl\":\"https:\/\/bramasole.ee\/wp-content\/uploads\/2023\/03\/1967-primitivo_vein_bramasole.jpeg\",\"width\":650,\"height\":890},{\"@type\":\"BreadcrumbList\",\"@id\":\"https:\/\/bramasole.ee\/en\/toode\/primitivo-1967-igt-puglia\/#breadcrumb\",\"itemListElement\":[{\"@type\":\"ListItem\",\"position\":1,\"name\":\"Home\",\"item\":\"https:\/\/bramasole.ee\/en\/\"},{\"@type\":\"ListItem\",\"position\":2,\"name\":\"VEINIPOOD\",\"item\":\"https:\/\/bramasole.ee\/veinipood\/\"},{\"@type\":\"ListItem\",\"position\":3,\"name\":\"Primitivo 1967 IGT Puglia\"}]},{\"@type\":\"WebSite\",\"@id\":\"https:\/\/bramasole.ee\/en\/#website\",\"url\":\"https:\/\/bramasole.ee\/en\/\",\"name\":\"Bramasole\",\"description\":\"Bramasole veinipood - ainult hea vein!\",\"publisher\":{\"@id\":\"https:\/\/bramasole.ee\/en\/#organization\"},\"alternateName\":\"Bramasole veinid\",\"potentialAction\":[{\"@type\":\"SearchAction\",\"target\":{\"@type\":\"EntryPoint\",\"urlTemplate\":\"https:\/\/bramasole.ee\/en\/?s={search_term_string}\"},\"query-input\":{\"@type\":\"PropertyValueSpecification\",\"valueRequired\":true,\"valueName\":\"search_term_string\"}}],\"inLanguage\":\"en-US\"},{\"@type\":\"Organization\",\"@id\":\"https:\/\/bramasole.ee\/en\/#organization\",\"name\":\"Bramasole\",\"url\":\"https:\/\/bramasole.ee\/en\/\",\"logo\":{\"@type\":\"ImageObject\",\"inLanguage\":\"en-US\",\"@id\":\"https:\/\/bramasole.ee\/en\/#\/schema\/logo\/image\/\",\"url\":\"https:\/\/bramasole.ee\/wp-content\/uploads\/2023\/04\/House_of_bramasole_logo.png\",\"contentUrl\":\"https:\/\/bramasole.ee\/wp-content\/uploads\/2023\/04\/House_of_bramasole_logo.png\",\"width\":1031,\"height\":257,\"caption\":\"Bramasole\"},\"image\":{\"@id\":\"https:\/\/bramasole.ee\/en\/#\/schema\/logo\/image\/\"},\"sameAs\":[\"https:\/\/www.facebook.com\/houseofbramasole\",\"https:\/\/www.instagram.com\/houseofbramasole\/\"]}]}<\/script>\n<meta property=\"product:price:amount\" content=\"18.80\" \/>\n<meta property=\"product:price:currency\" content=\"EUR\" \/>\n<meta property=\"og:availability\" content=\"instock\" \/>\n<meta property=\"product:availability\" content=\"instock\" \/>\n<meta property=\"product:condition\" content=\"new\" \/>\n<!-- \/ Yoast SEO Premium plugin. -->","yoast_head_json":{"title":"Primitivo 1967 IGT Puglia - Bramasole","description":"Primitivo 1967 IGT punane kuiv vein Pugliast. Kvaliteetsed Itaalia ja Prantsusmaa veinid. Veiniklubi liikmele alati lemmikvein -20% soodsam!","robots":{"index":"index","follow":"follow","max-snippet":"max-snippet:-1","max-image-preview":"max-image-preview:large","max-video-preview":"max-video-preview:-1"},"canonical":"https:\/\/bramasole.ee\/en\/toode\/primitivo-1967-igt-puglia\/","og_locale":"en_US","og_type":"article","og_title":"Primitivo 1967 IGT Puglia","og_description":"Primitivo 1967 IGT punane kuiv vein Pugliast. Kvaliteetsed Itaalia ja Prantsusmaa veinid. Veiniklubi liikmele alati lemmikvein -20% soodsam!","og_url":"https:\/\/bramasole.ee\/en\/toode\/primitivo-1967-igt-puglia\/","og_site_name":"Bramasole","article_publisher":"https:\/\/www.facebook.com\/houseofbramasole","article_modified_time":"2024-01-02T13:45:13+00:00","og_image":[{"width":650,"height":890,"url":"https:\/\/bramasole.ee\/wp-content\/uploads\/2023\/03\/1967-primitivo_vein_bramasole.jpeg","type":"image\/jpeg"}],"twitter_card":"summary_large_image","twitter_misc":{"Price":"&euro;18.80","Availability":"In stock"},"schema":{"@context":"https:\/\/schema.org","@graph":[{"@type":"WebPage","@id":"https:\/\/bramasole.ee\/en\/toode\/primitivo-1967-igt-puglia\/","url":"https:\/\/bramasole.ee\/en\/toode\/primitivo-1967-igt-puglia\/","name":"Primitivo 1967 IGT Puglia - Bramasole","isPartOf":{"@id":"https:\/\/bramasole.ee\/en\/#website"},"primaryImageOfPage":{"@id":"https:\/\/bramasole.ee\/en\/toode\/primitivo-1967-igt-puglia\/#primaryimage"},"image":{"@id":"https:\/\/bramasole.ee\/en\/toode\/primitivo-1967-igt-puglia\/#primaryimage"},"thumbnailUrl":"https:\/\/bramasole.ee\/wp-content\/uploads\/2023\/03\/1967-primitivo_vein_bramasole.jpeg","datePublished":"2023-03-13T08:49:20+00:00","dateModified":"2024-01-02T13:45:13+00:00","description":"Primitivo 1967 IGT punane kuiv vein Pugliast. Kvaliteetsed Itaalia ja Prantsusmaa veinid. Veiniklubi liikmele alati lemmikvein -20% soodsam!","breadcrumb":{"@id":"https:\/\/bramasole.ee\/en\/toode\/primitivo-1967-igt-puglia\/#breadcrumb"},"inLanguage":"en-US","potentialAction":[{"@type":"ReadAction","target":["https:\/\/bramasole.ee\/en\/toode\/primitivo-1967-igt-puglia\/"]}]},{"@type":"ImageObject","inLanguage":"en-US","@id":"https:\/\/bramasole.ee\/en\/toode\/primitivo-1967-igt-puglia\/#primaryimage","url":"https:\/\/bramasole.ee\/wp-content\/uploads\/2023\/03\/1967-primitivo_vein_bramasole.jpeg","contentUrl":"https:\/\/bramasole.ee\/wp-content\/uploads\/2023\/03\/1967-primitivo_vein_bramasole.jpeg","width":650,"height":890},{"@type":"BreadcrumbList","@id":"https:\/\/bramasole.ee\/en\/toode\/primitivo-1967-igt-puglia\/#breadcrumb","itemListElement":[{"@type":"ListItem","position":1,"name":"Home","item":"https:\/\/bramasole.ee\/en\/"},{"@type":"ListItem","position":2,"name":"VEINIPOOD","item":"https:\/\/bramasole.ee\/veinipood\/"},{"@type":"ListItem","position":3,"name":"Primitivo 1967 IGT Puglia"}]},{"@type":"WebSite","@id":"https:\/\/bramasole.ee\/en\/#website","url":"https:\/\/bramasole.ee\/en\/","name":"Bramasole","description":"Bramasole veinipood - ainult hea vein!","publisher":{"@id":"https:\/\/bramasole.ee\/en\/#organization"},"alternateName":"Bramasole veinid","potentialAction":[{"@type":"SearchAction","target":{"@type":"EntryPoint","urlTemplate":"https:\/\/bramasole.ee\/en\/?s={search_term_string}"},"query-input":{"@type":"PropertyValueSpecification","valueRequired":true,"valueName":"search_term_string"}}],"inLanguage":"en-US"},{"@type":"Organization","@id":"https:\/\/bramasole.ee\/en\/#organization","name":"Bramasole","url":"https:\/\/bramasole.ee\/en\/","logo":{"@type":"ImageObject","inLanguage":"en-US","@id":"https:\/\/bramasole.ee\/en\/#\/schema\/logo\/image\/","url":"https:\/\/bramasole.ee\/wp-content\/uploads\/2023\/04\/House_of_bramasole_logo.png","contentUrl":"https:\/\/bramasole.ee\/wp-content\/uploads\/2023\/04\/House_of_bramasole_logo.png","width":1031,"height":257,"caption":"Bramasole"},"image":{"@id":"https:\/\/bramasole.ee\/en\/#\/schema\/logo\/image\/"},"sameAs":["https:\/\/www.facebook.com\/houseofbramasole","https:\/\/www.instagram.com\/houseofbramasole\/"]}]},"product_price_amount":"18.80","product_price_currency":"EUR","og_availability":"instock","product_availability":"instock","product_condition":"new"},"_links":{"self":[{"href":"https:\/\/bramasole.ee\/en\/wp-json\/wp\/v2\/product\/1873","targetHints":{"allow":["GET"]}}],"collection":[{"href":"https:\/\/bramasole.ee\/en\/wp-json\/wp\/v2\/product"}],"about":[{"href":"https:\/\/bramasole.ee\/en\/wp-json\/wp\/v2\/types\/product"}],"replies":[{"embeddable":true,"href":"https:\/\/bramasole.ee\/en\/wp-json\/wp\/v2\/comments?post=1873"}],"wp:featuredmedia":[{"embeddable":true,"href":"https:\/\/bramasole.ee\/en\/wp-json\/wp\/v2\/media\/1694"}],"wp:attachment":[{"href":"https:\/\/bramasole.ee\/en\/wp-json\/wp\/v2\/media?parent=1873"}],"wp:term":[{"taxonomy":"product_brand","embeddable":true,"href":"https:\/\/bramasole.ee\/en\/wp-json\/wp\/v2\/product_brand?post=1873"},{"taxonomy":"product_cat","embeddable":true,"href":"https:\/\/bramasole.ee\/en\/wp-json\/wp\/v2\/product_cat?post=1873"},{"taxonomy":"product_tag","embeddable":true,"href":"https:\/\/bramasole.ee\/en\/wp-json\/wp\/v2\/product_tag?post=1873"}],"curies":[{"name":"wp","href":"https:\/\/api.w.org\/{rel}","templated":true}]}}