{"id":1865,"date":"2023-03-13T12:30:22","date_gmt":"2023-03-13T10:30:22","guid":{"rendered":"https:\/\/bramasole.ee\/toode\/pinot-grigio-1967-igt\/"},"modified":"2024-03-13T08:47:10","modified_gmt":"2024-03-13T06:47:10","slug":"pinot-grigio-1967-igt","status":"publish","type":"product","link":"https:\/\/bramasole.ee\/en\/toode\/pinot-grigio-1967-igt\/","title":{"rendered":"Pinot Grigio 1967 IGT"},"content":{"rendered":"<h3>Pinot Grigio 1967 IGT<\/h3>\n<div><strong>V\u00e4rvus:\u00a0<\/strong>kristallselge \u00f5lgkollane kaunite kuldsete peegelduste ja suurep\u00e4rase tekstuuriga.<br \/>\n<strong>Aroom:<\/strong> intensiivne ja v\u00e4ga aromaatne. L\u00f5hnas tunda aprikoosi, virsiku, tsitruse, akaatsia, jasmiini energilise puuvilja- ja lillel\u00f5hna.<br \/>\n<strong>Maitse:<\/strong> hea v\u00e4rskus, mida toetab intensiivne mahlakus, mida tasakaalustab pehmus. Vein on aroomiga koosk\u00f5las ja pika mineraalse j\u00e4relmaitsega.<\/div>\n<div><\/div>\n<h4>Kuidas sobitada veini toiduga?<\/h4>\n<div>Vein, mida serveerida jahutatult, maksimaalselt 6-8 kraadi juures. Aperitiivide, suupistete, mereandide, taimetoitude, valge liha ja v\u00e4rskete v\u00f5i keskmise vanusega juustude k\u00f5rvale. Proovi n\u00e4iteks l\u00f5hega, risoto taleggio juustuga, kanafileed seente ja bambusev\u00f5rsetega. V\u00e4ga maitsev on Pinot Grigio lihtsa ricotta ja spinati pirukaga.<\/div>\n","protected":false},"excerpt":{"rendered":"<p>Pinot Grigio 1967 IGT &#8211; v\u00e4rske ja m\u00f5\u00f5duka mineraalsusega valge kuiv vein.<\/p>\n","protected":false},"featured_media":1703,"comment_status":"closed","ping_status":"closed","template":"","meta":[],"product_brand":[],"product_cat":[124],"product_tag":[],"class_list":{"0":"post-1865","1":"product","2":"type-product","3":"status-publish","4":"has-post-thumbnail","6":"product_cat-white-wines-en","7":"description-off","9":"first","10":"instock","11":"taxable","12":"shipping-taxable","13":"purchasable","14":"product-type-simple"},"yoast_head":"<!-- This site is optimized with the Yoast SEO Premium plugin v23.0 (Yoast SEO v25.3.1) - https:\/\/yoast.com\/wordpress\/plugins\/seo\/ -->\n<title>Pinot Grigio 1967 IGT - Bramasole<\/title>\n<meta name=\"description\" content=\"Pinot Grigio IGT - kvaliteetsed veinid Itaaliast. Pinot Grigio valge kuiv vein. Veiniklubi liikmele alati lemmikvein -20% soodsam!\" \/>\n<meta name=\"robots\" content=\"index, follow, max-snippet:-1, max-image-preview:large, max-video-preview:-1\" \/>\n<link rel=\"canonical\" href=\"https:\/\/bramasole.ee\/en\/toode\/pinot-grigio-1967-igt\/\" \/>\n<meta property=\"og:locale\" content=\"en_US\" \/>\n<meta property=\"og:type\" content=\"article\" \/>\n<meta property=\"og:title\" content=\"Pinot Grigio 1967 IGT\" \/>\n<meta property=\"og:description\" content=\"Pinot Grigio IGT - kvaliteetsed veinid Itaaliast. Pinot Grigio valge kuiv vein. Veiniklubi liikmele alati lemmikvein -20% soodsam!\" \/>\n<meta property=\"og:url\" content=\"https:\/\/bramasole.ee\/en\/toode\/pinot-grigio-1967-igt\/\" \/>\n<meta property=\"og:site_name\" content=\"Bramasole\" \/>\n<meta property=\"article:publisher\" content=\"https:\/\/www.facebook.com\/houseofbramasole\" \/>\n<meta property=\"article:modified_time\" content=\"2024-03-13T06:47:10+00:00\" \/>\n<meta property=\"og:image\" content=\"https:\/\/bramasole.ee\/wp-content\/uploads\/2023\/03\/1967-pinot-grigio-bramasole.jpeg\" \/>\n\t<meta property=\"og:image:width\" content=\"650\" \/>\n\t<meta property=\"og:image:height\" content=\"890\" \/>\n\t<meta property=\"og:image:type\" content=\"image\/jpeg\" \/>\n<meta name=\"twitter:card\" content=\"summary_large_image\" \/>\n<meta name=\"twitter:label1\" content=\"Price\" \/>\n\t<meta name=\"twitter:data1\" content=\"&euro;18.80\" \/>\n\t<meta name=\"twitter:label2\" content=\"Availability\" \/>\n\t<meta name=\"twitter:data2\" content=\"In stock\" \/>\n<script type=\"application\/ld+json\" class=\"yoast-schema-graph\">{\"@context\":\"https:\/\/schema.org\",\"@graph\":[{\"@type\":\"WebPage\",\"@id\":\"https:\/\/bramasole.ee\/en\/toode\/pinot-grigio-1967-igt\/\",\"url\":\"https:\/\/bramasole.ee\/en\/toode\/pinot-grigio-1967-igt\/\",\"name\":\"Pinot Grigio 1967 IGT - Bramasole\",\"isPartOf\":{\"@id\":\"https:\/\/bramasole.ee\/en\/#website\"},\"primaryImageOfPage\":{\"@id\":\"https:\/\/bramasole.ee\/en\/toode\/pinot-grigio-1967-igt\/#primaryimage\"},\"image\":{\"@id\":\"https:\/\/bramasole.ee\/en\/toode\/pinot-grigio-1967-igt\/#primaryimage\"},\"thumbnailUrl\":\"https:\/\/bramasole.ee\/wp-content\/uploads\/2023\/03\/1967-pinot-grigio-bramasole.jpeg\",\"datePublished\":\"2023-03-13T10:30:22+00:00\",\"dateModified\":\"2024-03-13T06:47:10+00:00\",\"description\":\"Pinot Grigio IGT - kvaliteetsed veinid Itaaliast. Pinot Grigio valge kuiv vein. Veiniklubi liikmele alati lemmikvein -20% soodsam!\",\"breadcrumb\":{\"@id\":\"https:\/\/bramasole.ee\/en\/toode\/pinot-grigio-1967-igt\/#breadcrumb\"},\"inLanguage\":\"en-US\",\"potentialAction\":[{\"@type\":\"ReadAction\",\"target\":[\"https:\/\/bramasole.ee\/en\/toode\/pinot-grigio-1967-igt\/\"]}]},{\"@type\":\"ImageObject\",\"inLanguage\":\"en-US\",\"@id\":\"https:\/\/bramasole.ee\/en\/toode\/pinot-grigio-1967-igt\/#primaryimage\",\"url\":\"https:\/\/bramasole.ee\/wp-content\/uploads\/2023\/03\/1967-pinot-grigio-bramasole.jpeg\",\"contentUrl\":\"https:\/\/bramasole.ee\/wp-content\/uploads\/2023\/03\/1967-pinot-grigio-bramasole.jpeg\",\"width\":650,\"height\":890},{\"@type\":\"BreadcrumbList\",\"@id\":\"https:\/\/bramasole.ee\/en\/toode\/pinot-grigio-1967-igt\/#breadcrumb\",\"itemListElement\":[{\"@type\":\"ListItem\",\"position\":1,\"name\":\"Home\",\"item\":\"https:\/\/bramasole.ee\/en\/\"},{\"@type\":\"ListItem\",\"position\":2,\"name\":\"VEINIPOOD\",\"item\":\"https:\/\/bramasole.ee\/veinipood\/\"},{\"@type\":\"ListItem\",\"position\":3,\"name\":\"Pinot Grigio 1967 IGT\"}]},{\"@type\":\"WebSite\",\"@id\":\"https:\/\/bramasole.ee\/en\/#website\",\"url\":\"https:\/\/bramasole.ee\/en\/\",\"name\":\"Bramasole\",\"description\":\"Bramasole veinipood - ainult hea vein!\",\"publisher\":{\"@id\":\"https:\/\/bramasole.ee\/en\/#organization\"},\"alternateName\":\"Bramasole veinid\",\"potentialAction\":[{\"@type\":\"SearchAction\",\"target\":{\"@type\":\"EntryPoint\",\"urlTemplate\":\"https:\/\/bramasole.ee\/en\/?s={search_term_string}\"},\"query-input\":{\"@type\":\"PropertyValueSpecification\",\"valueRequired\":true,\"valueName\":\"search_term_string\"}}],\"inLanguage\":\"en-US\"},{\"@type\":\"Organization\",\"@id\":\"https:\/\/bramasole.ee\/en\/#organization\",\"name\":\"Bramasole\",\"url\":\"https:\/\/bramasole.ee\/en\/\",\"logo\":{\"@type\":\"ImageObject\",\"inLanguage\":\"en-US\",\"@id\":\"https:\/\/bramasole.ee\/en\/#\/schema\/logo\/image\/\",\"url\":\"https:\/\/bramasole.ee\/wp-content\/uploads\/2023\/04\/House_of_bramasole_logo.png\",\"contentUrl\":\"https:\/\/bramasole.ee\/wp-content\/uploads\/2023\/04\/House_of_bramasole_logo.png\",\"width\":1031,\"height\":257,\"caption\":\"Bramasole\"},\"image\":{\"@id\":\"https:\/\/bramasole.ee\/en\/#\/schema\/logo\/image\/\"},\"sameAs\":[\"https:\/\/www.facebook.com\/houseofbramasole\",\"https:\/\/www.instagram.com\/houseofbramasole\/\"]}]}<\/script>\n<meta property=\"product:price:amount\" content=\"18.80\" \/>\n<meta property=\"product:price:currency\" content=\"EUR\" \/>\n<meta property=\"og:availability\" content=\"instock\" \/>\n<meta property=\"product:availability\" content=\"instock\" \/>\n<meta property=\"product:condition\" content=\"new\" \/>\n<!-- \/ Yoast SEO Premium plugin. -->","yoast_head_json":{"title":"Pinot Grigio 1967 IGT - Bramasole","description":"Pinot Grigio IGT - kvaliteetsed veinid Itaaliast. Pinot Grigio valge kuiv vein. Veiniklubi liikmele alati lemmikvein -20% soodsam!","robots":{"index":"index","follow":"follow","max-snippet":"max-snippet:-1","max-image-preview":"max-image-preview:large","max-video-preview":"max-video-preview:-1"},"canonical":"https:\/\/bramasole.ee\/en\/toode\/pinot-grigio-1967-igt\/","og_locale":"en_US","og_type":"article","og_title":"Pinot Grigio 1967 IGT","og_description":"Pinot Grigio IGT - kvaliteetsed veinid Itaaliast. Pinot Grigio valge kuiv vein. Veiniklubi liikmele alati lemmikvein -20% soodsam!","og_url":"https:\/\/bramasole.ee\/en\/toode\/pinot-grigio-1967-igt\/","og_site_name":"Bramasole","article_publisher":"https:\/\/www.facebook.com\/houseofbramasole","article_modified_time":"2024-03-13T06:47:10+00:00","og_image":[{"width":650,"height":890,"url":"https:\/\/bramasole.ee\/wp-content\/uploads\/2023\/03\/1967-pinot-grigio-bramasole.jpeg","type":"image\/jpeg"}],"twitter_card":"summary_large_image","twitter_misc":{"Price":"&euro;18.80","Availability":"In stock"},"schema":{"@context":"https:\/\/schema.org","@graph":[{"@type":"WebPage","@id":"https:\/\/bramasole.ee\/en\/toode\/pinot-grigio-1967-igt\/","url":"https:\/\/bramasole.ee\/en\/toode\/pinot-grigio-1967-igt\/","name":"Pinot Grigio 1967 IGT - Bramasole","isPartOf":{"@id":"https:\/\/bramasole.ee\/en\/#website"},"primaryImageOfPage":{"@id":"https:\/\/bramasole.ee\/en\/toode\/pinot-grigio-1967-igt\/#primaryimage"},"image":{"@id":"https:\/\/bramasole.ee\/en\/toode\/pinot-grigio-1967-igt\/#primaryimage"},"thumbnailUrl":"https:\/\/bramasole.ee\/wp-content\/uploads\/2023\/03\/1967-pinot-grigio-bramasole.jpeg","datePublished":"2023-03-13T10:30:22+00:00","dateModified":"2024-03-13T06:47:10+00:00","description":"Pinot Grigio IGT - kvaliteetsed veinid Itaaliast. Pinot Grigio valge kuiv vein. Veiniklubi liikmele alati lemmikvein -20% soodsam!","breadcrumb":{"@id":"https:\/\/bramasole.ee\/en\/toode\/pinot-grigio-1967-igt\/#breadcrumb"},"inLanguage":"en-US","potentialAction":[{"@type":"ReadAction","target":["https:\/\/bramasole.ee\/en\/toode\/pinot-grigio-1967-igt\/"]}]},{"@type":"ImageObject","inLanguage":"en-US","@id":"https:\/\/bramasole.ee\/en\/toode\/pinot-grigio-1967-igt\/#primaryimage","url":"https:\/\/bramasole.ee\/wp-content\/uploads\/2023\/03\/1967-pinot-grigio-bramasole.jpeg","contentUrl":"https:\/\/bramasole.ee\/wp-content\/uploads\/2023\/03\/1967-pinot-grigio-bramasole.jpeg","width":650,"height":890},{"@type":"BreadcrumbList","@id":"https:\/\/bramasole.ee\/en\/toode\/pinot-grigio-1967-igt\/#breadcrumb","itemListElement":[{"@type":"ListItem","position":1,"name":"Home","item":"https:\/\/bramasole.ee\/en\/"},{"@type":"ListItem","position":2,"name":"VEINIPOOD","item":"https:\/\/bramasole.ee\/veinipood\/"},{"@type":"ListItem","position":3,"name":"Pinot Grigio 1967 IGT"}]},{"@type":"WebSite","@id":"https:\/\/bramasole.ee\/en\/#website","url":"https:\/\/bramasole.ee\/en\/","name":"Bramasole","description":"Bramasole veinipood - ainult hea vein!","publisher":{"@id":"https:\/\/bramasole.ee\/en\/#organization"},"alternateName":"Bramasole veinid","potentialAction":[{"@type":"SearchAction","target":{"@type":"EntryPoint","urlTemplate":"https:\/\/bramasole.ee\/en\/?s={search_term_string}"},"query-input":{"@type":"PropertyValueSpecification","valueRequired":true,"valueName":"search_term_string"}}],"inLanguage":"en-US"},{"@type":"Organization","@id":"https:\/\/bramasole.ee\/en\/#organization","name":"Bramasole","url":"https:\/\/bramasole.ee\/en\/","logo":{"@type":"ImageObject","inLanguage":"en-US","@id":"https:\/\/bramasole.ee\/en\/#\/schema\/logo\/image\/","url":"https:\/\/bramasole.ee\/wp-content\/uploads\/2023\/04\/House_of_bramasole_logo.png","contentUrl":"https:\/\/bramasole.ee\/wp-content\/uploads\/2023\/04\/House_of_bramasole_logo.png","width":1031,"height":257,"caption":"Bramasole"},"image":{"@id":"https:\/\/bramasole.ee\/en\/#\/schema\/logo\/image\/"},"sameAs":["https:\/\/www.facebook.com\/houseofbramasole","https:\/\/www.instagram.com\/houseofbramasole\/"]}]},"product_price_amount":"18.80","product_price_currency":"EUR","og_availability":"instock","product_availability":"instock","product_condition":"new"},"_links":{"self":[{"href":"https:\/\/bramasole.ee\/en\/wp-json\/wp\/v2\/product\/1865","targetHints":{"allow":["GET"]}}],"collection":[{"href":"https:\/\/bramasole.ee\/en\/wp-json\/wp\/v2\/product"}],"about":[{"href":"https:\/\/bramasole.ee\/en\/wp-json\/wp\/v2\/types\/product"}],"replies":[{"embeddable":true,"href":"https:\/\/bramasole.ee\/en\/wp-json\/wp\/v2\/comments?post=1865"}],"wp:featuredmedia":[{"embeddable":true,"href":"https:\/\/bramasole.ee\/en\/wp-json\/wp\/v2\/media\/1703"}],"wp:attachment":[{"href":"https:\/\/bramasole.ee\/en\/wp-json\/wp\/v2\/media?parent=1865"}],"wp:term":[{"taxonomy":"product_brand","embeddable":true,"href":"https:\/\/bramasole.ee\/en\/wp-json\/wp\/v2\/product_brand?post=1865"},{"taxonomy":"product_cat","embeddable":true,"href":"https:\/\/bramasole.ee\/en\/wp-json\/wp\/v2\/product_cat?post=1865"},{"taxonomy":"product_tag","embeddable":true,"href":"https:\/\/bramasole.ee\/en\/wp-json\/wp\/v2\/product_tag?post=1865"}],"curies":[{"name":"wp","href":"https:\/\/api.w.org\/{rel}","templated":true}]}}