{"id":1861,"date":"2023-03-13T13:57:41","date_gmt":"2023-03-13T11:57:41","guid":{"rendered":"https:\/\/bramasole.ee\/toode\/pinot-grigio-ramato-1967-igt\/"},"modified":"2024-01-02T15:26:11","modified_gmt":"2024-01-02T13:26:11","slug":"pinot-grigio-ramato-1967-igt","status":"publish","type":"product","link":"https:\/\/bramasole.ee\/en\/toode\/pinot-grigio-ramato-1967-igt\/","title":{"rendered":"Pinot Grigio Ramato 1967 IGT"},"content":{"rendered":"<h2>Pinot Grigio 1967 Blush<\/h2>\n<p><strong>V\u00e4rvus:\u00a0<\/strong>v\u00e4ga hele ja vasekarva roosa.<br \/>\n<strong>Aroom:<\/strong> Intensiivne ja v\u00e4ga aromaatne l\u00f5hn. Tunda on puuviljade, vaarikate, aprikooside, vahemere taimede, \u00f5rnade mineraalide, balsamico ja v\u00fcrtsikate nootidega.<br \/>\n<strong>Maitse:<\/strong> M\u00f5\u00f5duka intensiivsusega, kaasahaarav v\u00e4rskus tasakaalus \u00f5rna pehmusega. Hea struktuuriga, elegantne, rafineeritud ja m\u00f5\u00f5dukalt mineraalne vein.<\/p>\n<h4>Kuidas sobitada \u2013 Pinot Grigio 1967 IGT?<\/h4>\n<p>Vein, mida serveerida jahutatult, maksimaalselt 6-8 kraadi juures, koos aperitiivide, suupistete, mereandide, taimetoitude, valge liha ja v\u00e4rskete v\u00f5i keskmise laagerdustega juustudega. N\u00e4iteks grillitud m\u00f5\u00f5kkala, tagliatelle pasta metsspargli ja kirsstomatitega, ambaliha on jumalik selle veiniga. Hilisel hommikus\u00f6\u00f6gil proovi hoopis praemuna ja spargliga.<\/p>\n<p>Elegantne, meeldiv ja mahlakas \u00fchtaegu. Peen ja intensiivne, pehmete tanniinide ning \u00fcmar vein, kestva maitsebuketiga.<\/p>\n","protected":false},"excerpt":{"rendered":"<h4>1967 PINOT GRIGIO BLUSH<\/h4>\n<p>Elegantne, meeldiv ja mahlakas \u00fchtaegu. Peen ja intensiivne, pehmete tanniinide ning \u00fcmar roosa vein, kestva maitsebuketiga.<\/p>\n","protected":false},"featured_media":1709,"comment_status":"closed","ping_status":"closed","template":"","meta":[],"product_brand":[],"product_cat":[153],"product_tag":[],"class_list":{"0":"post-1861","1":"product","2":"type-product","3":"status-publish","4":"has-post-thumbnail","6":"product_cat-rose-wines-en","7":"description-off","9":"first","10":"instock","11":"taxable","12":"shipping-taxable","13":"purchasable","14":"product-type-simple"},"yoast_head":"<!-- This site is optimized with the Yoast SEO Premium plugin v23.0 (Yoast SEO v25.3.1) - https:\/\/yoast.com\/wordpress\/plugins\/seo\/ -->\n<title>Pinot Grigio Ramato 1967 IGT - Bramasole<\/title>\n<meta name=\"description\" content=\"Pinot Grigio Ramato - kvaliteetsed veinid Itaaliast. Pinot Grigio Itaalia roosa vein. Veiniklubi liikmele alati lemmikvein -20% soodsam!\" \/>\n<meta name=\"robots\" content=\"index, follow, max-snippet:-1, max-image-preview:large, max-video-preview:-1\" \/>\n<link rel=\"canonical\" href=\"https:\/\/bramasole.ee\/en\/toode\/pinot-grigio-ramato-1967-igt\/\" \/>\n<meta property=\"og:locale\" content=\"en_US\" \/>\n<meta property=\"og:type\" content=\"article\" \/>\n<meta property=\"og:title\" content=\"Pinot Grigio Ramato 1967 IGT\" \/>\n<meta property=\"og:description\" content=\"Pinot Grigio Ramato - kvaliteetsed veinid Itaaliast. Pinot Grigio Itaalia roosa vein. Veiniklubi liikmele alati lemmikvein -20% soodsam!\" \/>\n<meta property=\"og:url\" content=\"https:\/\/bramasole.ee\/en\/toode\/pinot-grigio-ramato-1967-igt\/\" \/>\n<meta property=\"og:site_name\" content=\"Bramasole\" \/>\n<meta property=\"article:publisher\" content=\"https:\/\/www.facebook.com\/houseofbramasole\" \/>\n<meta property=\"article:modified_time\" content=\"2024-01-02T13:26:11+00:00\" \/>\n<meta property=\"og:image\" content=\"https:\/\/bramasole.ee\/wp-content\/uploads\/2023\/03\/1967-pinot-grigio-ramato.jpeg\" \/>\n\t<meta property=\"og:image:width\" content=\"650\" \/>\n\t<meta property=\"og:image:height\" content=\"890\" \/>\n\t<meta property=\"og:image:type\" content=\"image\/jpeg\" \/>\n<meta name=\"twitter:card\" content=\"summary_large_image\" \/>\n<meta name=\"twitter:label1\" content=\"Price\" \/>\n\t<meta name=\"twitter:data1\" content=\"&euro;18.80\" \/>\n\t<meta name=\"twitter:label2\" content=\"Availability\" \/>\n\t<meta name=\"twitter:data2\" content=\"In stock\" \/>\n<script type=\"application\/ld+json\" class=\"yoast-schema-graph\">{\"@context\":\"https:\/\/schema.org\",\"@graph\":[{\"@type\":\"WebPage\",\"@id\":\"https:\/\/bramasole.ee\/en\/toode\/pinot-grigio-ramato-1967-igt\/\",\"url\":\"https:\/\/bramasole.ee\/en\/toode\/pinot-grigio-ramato-1967-igt\/\",\"name\":\"Pinot Grigio Ramato 1967 IGT - Bramasole\",\"isPartOf\":{\"@id\":\"https:\/\/bramasole.ee\/en\/#website\"},\"primaryImageOfPage\":{\"@id\":\"https:\/\/bramasole.ee\/en\/toode\/pinot-grigio-ramato-1967-igt\/#primaryimage\"},\"image\":{\"@id\":\"https:\/\/bramasole.ee\/en\/toode\/pinot-grigio-ramato-1967-igt\/#primaryimage\"},\"thumbnailUrl\":\"https:\/\/bramasole.ee\/wp-content\/uploads\/2023\/03\/1967-pinot-grigio-ramato.jpeg\",\"datePublished\":\"2023-03-13T11:57:41+00:00\",\"dateModified\":\"2024-01-02T13:26:11+00:00\",\"description\":\"Pinot Grigio Ramato - kvaliteetsed veinid Itaaliast. Pinot Grigio Itaalia roosa vein. Veiniklubi liikmele alati lemmikvein -20% soodsam!\",\"breadcrumb\":{\"@id\":\"https:\/\/bramasole.ee\/en\/toode\/pinot-grigio-ramato-1967-igt\/#breadcrumb\"},\"inLanguage\":\"en-US\",\"potentialAction\":[{\"@type\":\"ReadAction\",\"target\":[\"https:\/\/bramasole.ee\/en\/toode\/pinot-grigio-ramato-1967-igt\/\"]}]},{\"@type\":\"ImageObject\",\"inLanguage\":\"en-US\",\"@id\":\"https:\/\/bramasole.ee\/en\/toode\/pinot-grigio-ramato-1967-igt\/#primaryimage\",\"url\":\"https:\/\/bramasole.ee\/wp-content\/uploads\/2023\/03\/1967-pinot-grigio-ramato.jpeg\",\"contentUrl\":\"https:\/\/bramasole.ee\/wp-content\/uploads\/2023\/03\/1967-pinot-grigio-ramato.jpeg\",\"width\":650,\"height\":890},{\"@type\":\"BreadcrumbList\",\"@id\":\"https:\/\/bramasole.ee\/en\/toode\/pinot-grigio-ramato-1967-igt\/#breadcrumb\",\"itemListElement\":[{\"@type\":\"ListItem\",\"position\":1,\"name\":\"Home\",\"item\":\"https:\/\/bramasole.ee\/en\/\"},{\"@type\":\"ListItem\",\"position\":2,\"name\":\"VEINIPOOD\",\"item\":\"https:\/\/bramasole.ee\/veinipood\/\"},{\"@type\":\"ListItem\",\"position\":3,\"name\":\"Pinot Grigio Ramato 1967 IGT\"}]},{\"@type\":\"WebSite\",\"@id\":\"https:\/\/bramasole.ee\/en\/#website\",\"url\":\"https:\/\/bramasole.ee\/en\/\",\"name\":\"Bramasole\",\"description\":\"Bramasole veinipood - ainult hea vein!\",\"publisher\":{\"@id\":\"https:\/\/bramasole.ee\/en\/#organization\"},\"alternateName\":\"Bramasole veinid\",\"potentialAction\":[{\"@type\":\"SearchAction\",\"target\":{\"@type\":\"EntryPoint\",\"urlTemplate\":\"https:\/\/bramasole.ee\/en\/?s={search_term_string}\"},\"query-input\":{\"@type\":\"PropertyValueSpecification\",\"valueRequired\":true,\"valueName\":\"search_term_string\"}}],\"inLanguage\":\"en-US\"},{\"@type\":\"Organization\",\"@id\":\"https:\/\/bramasole.ee\/en\/#organization\",\"name\":\"Bramasole\",\"url\":\"https:\/\/bramasole.ee\/en\/\",\"logo\":{\"@type\":\"ImageObject\",\"inLanguage\":\"en-US\",\"@id\":\"https:\/\/bramasole.ee\/en\/#\/schema\/logo\/image\/\",\"url\":\"https:\/\/bramasole.ee\/wp-content\/uploads\/2023\/04\/House_of_bramasole_logo.png\",\"contentUrl\":\"https:\/\/bramasole.ee\/wp-content\/uploads\/2023\/04\/House_of_bramasole_logo.png\",\"width\":1031,\"height\":257,\"caption\":\"Bramasole\"},\"image\":{\"@id\":\"https:\/\/bramasole.ee\/en\/#\/schema\/logo\/image\/\"},\"sameAs\":[\"https:\/\/www.facebook.com\/houseofbramasole\",\"https:\/\/www.instagram.com\/houseofbramasole\/\"]}]}<\/script>\n<meta property=\"product:price:amount\" content=\"18.80\" \/>\n<meta property=\"product:price:currency\" content=\"EUR\" \/>\n<meta property=\"og:availability\" content=\"instock\" \/>\n<meta property=\"product:availability\" content=\"instock\" \/>\n<meta property=\"product:condition\" content=\"new\" \/>\n<!-- \/ Yoast SEO Premium plugin. -->","yoast_head_json":{"title":"Pinot Grigio Ramato 1967 IGT - Bramasole","description":"Pinot Grigio Ramato - kvaliteetsed veinid Itaaliast. Pinot Grigio Itaalia roosa vein. Veiniklubi liikmele alati lemmikvein -20% soodsam!","robots":{"index":"index","follow":"follow","max-snippet":"max-snippet:-1","max-image-preview":"max-image-preview:large","max-video-preview":"max-video-preview:-1"},"canonical":"https:\/\/bramasole.ee\/en\/toode\/pinot-grigio-ramato-1967-igt\/","og_locale":"en_US","og_type":"article","og_title":"Pinot Grigio Ramato 1967 IGT","og_description":"Pinot Grigio Ramato - kvaliteetsed veinid Itaaliast. Pinot Grigio Itaalia roosa vein. Veiniklubi liikmele alati lemmikvein -20% soodsam!","og_url":"https:\/\/bramasole.ee\/en\/toode\/pinot-grigio-ramato-1967-igt\/","og_site_name":"Bramasole","article_publisher":"https:\/\/www.facebook.com\/houseofbramasole","article_modified_time":"2024-01-02T13:26:11+00:00","og_image":[{"width":650,"height":890,"url":"https:\/\/bramasole.ee\/wp-content\/uploads\/2023\/03\/1967-pinot-grigio-ramato.jpeg","type":"image\/jpeg"}],"twitter_card":"summary_large_image","twitter_misc":{"Price":"&euro;18.80","Availability":"In stock"},"schema":{"@context":"https:\/\/schema.org","@graph":[{"@type":"WebPage","@id":"https:\/\/bramasole.ee\/en\/toode\/pinot-grigio-ramato-1967-igt\/","url":"https:\/\/bramasole.ee\/en\/toode\/pinot-grigio-ramato-1967-igt\/","name":"Pinot Grigio Ramato 1967 IGT - Bramasole","isPartOf":{"@id":"https:\/\/bramasole.ee\/en\/#website"},"primaryImageOfPage":{"@id":"https:\/\/bramasole.ee\/en\/toode\/pinot-grigio-ramato-1967-igt\/#primaryimage"},"image":{"@id":"https:\/\/bramasole.ee\/en\/toode\/pinot-grigio-ramato-1967-igt\/#primaryimage"},"thumbnailUrl":"https:\/\/bramasole.ee\/wp-content\/uploads\/2023\/03\/1967-pinot-grigio-ramato.jpeg","datePublished":"2023-03-13T11:57:41+00:00","dateModified":"2024-01-02T13:26:11+00:00","description":"Pinot Grigio Ramato - kvaliteetsed veinid Itaaliast. Pinot Grigio Itaalia roosa vein. Veiniklubi liikmele alati lemmikvein -20% soodsam!","breadcrumb":{"@id":"https:\/\/bramasole.ee\/en\/toode\/pinot-grigio-ramato-1967-igt\/#breadcrumb"},"inLanguage":"en-US","potentialAction":[{"@type":"ReadAction","target":["https:\/\/bramasole.ee\/en\/toode\/pinot-grigio-ramato-1967-igt\/"]}]},{"@type":"ImageObject","inLanguage":"en-US","@id":"https:\/\/bramasole.ee\/en\/toode\/pinot-grigio-ramato-1967-igt\/#primaryimage","url":"https:\/\/bramasole.ee\/wp-content\/uploads\/2023\/03\/1967-pinot-grigio-ramato.jpeg","contentUrl":"https:\/\/bramasole.ee\/wp-content\/uploads\/2023\/03\/1967-pinot-grigio-ramato.jpeg","width":650,"height":890},{"@type":"BreadcrumbList","@id":"https:\/\/bramasole.ee\/en\/toode\/pinot-grigio-ramato-1967-igt\/#breadcrumb","itemListElement":[{"@type":"ListItem","position":1,"name":"Home","item":"https:\/\/bramasole.ee\/en\/"},{"@type":"ListItem","position":2,"name":"VEINIPOOD","item":"https:\/\/bramasole.ee\/veinipood\/"},{"@type":"ListItem","position":3,"name":"Pinot Grigio Ramato 1967 IGT"}]},{"@type":"WebSite","@id":"https:\/\/bramasole.ee\/en\/#website","url":"https:\/\/bramasole.ee\/en\/","name":"Bramasole","description":"Bramasole veinipood - ainult hea vein!","publisher":{"@id":"https:\/\/bramasole.ee\/en\/#organization"},"alternateName":"Bramasole veinid","potentialAction":[{"@type":"SearchAction","target":{"@type":"EntryPoint","urlTemplate":"https:\/\/bramasole.ee\/en\/?s={search_term_string}"},"query-input":{"@type":"PropertyValueSpecification","valueRequired":true,"valueName":"search_term_string"}}],"inLanguage":"en-US"},{"@type":"Organization","@id":"https:\/\/bramasole.ee\/en\/#organization","name":"Bramasole","url":"https:\/\/bramasole.ee\/en\/","logo":{"@type":"ImageObject","inLanguage":"en-US","@id":"https:\/\/bramasole.ee\/en\/#\/schema\/logo\/image\/","url":"https:\/\/bramasole.ee\/wp-content\/uploads\/2023\/04\/House_of_bramasole_logo.png","contentUrl":"https:\/\/bramasole.ee\/wp-content\/uploads\/2023\/04\/House_of_bramasole_logo.png","width":1031,"height":257,"caption":"Bramasole"},"image":{"@id":"https:\/\/bramasole.ee\/en\/#\/schema\/logo\/image\/"},"sameAs":["https:\/\/www.facebook.com\/houseofbramasole","https:\/\/www.instagram.com\/houseofbramasole\/"]}]},"product_price_amount":"18.80","product_price_currency":"EUR","og_availability":"instock","product_availability":"instock","product_condition":"new"},"_links":{"self":[{"href":"https:\/\/bramasole.ee\/en\/wp-json\/wp\/v2\/product\/1861","targetHints":{"allow":["GET"]}}],"collection":[{"href":"https:\/\/bramasole.ee\/en\/wp-json\/wp\/v2\/product"}],"about":[{"href":"https:\/\/bramasole.ee\/en\/wp-json\/wp\/v2\/types\/product"}],"replies":[{"embeddable":true,"href":"https:\/\/bramasole.ee\/en\/wp-json\/wp\/v2\/comments?post=1861"}],"wp:featuredmedia":[{"embeddable":true,"href":"https:\/\/bramasole.ee\/en\/wp-json\/wp\/v2\/media\/1709"}],"wp:attachment":[{"href":"https:\/\/bramasole.ee\/en\/wp-json\/wp\/v2\/media?parent=1861"}],"wp:term":[{"taxonomy":"product_brand","embeddable":true,"href":"https:\/\/bramasole.ee\/en\/wp-json\/wp\/v2\/product_brand?post=1861"},{"taxonomy":"product_cat","embeddable":true,"href":"https:\/\/bramasole.ee\/en\/wp-json\/wp\/v2\/product_cat?post=1861"},{"taxonomy":"product_tag","embeddable":true,"href":"https:\/\/bramasole.ee\/en\/wp-json\/wp\/v2\/product_tag?post=1861"}],"curies":[{"name":"wp","href":"https:\/\/api.w.org\/{rel}","templated":true}]}}