{"id":1856,"date":"2023-03-13T14:39:46","date_gmt":"2023-03-13T12:39:46","guid":{"rendered":"https:\/\/bramasole.ee\/toode\/bakan-pecorino-brut-spumante-bio\/"},"modified":"2024-01-02T15:44:10","modified_gmt":"2024-01-02T13:44:10","slug":"bakan-pecorino-brut-spumante-bio","status":"publish","type":"product","link":"https:\/\/bramasole.ee\/en\/toode\/bakan-pecorino-brut-spumante-bio\/","title":{"rendered":"Bakan Pecorino Brut Spumante Bio"},"content":{"rendered":"<h2>Bak\u00e1n Pecorino Brut vahuvein<\/h2>\n<p><strong>V\u00e4rv:<\/strong> helendav kahvatukollane &#8211; \u00f5lgkollane, p\u00e4rlendava mulliga<br \/>\n<strong>Aroom:<\/strong> elegantne, v\u00e4rske ja aroomikas, l\u00f5hnas tunada vaalged lille\u00f5ied, jasmiin, samuti eristad heledad puuviljad\u00a0 &#8211; valge virsik ja aprikoos.<br \/>\n<strong>Maitse:<\/strong> \u00dclevoolav v\u00e4rskus koos puuviljasuse ning merelise soolasusega. Maitsetes samuti heledad puuviljad, esile tuleb lisaks tsitruselisi.<\/p>\n<p><strong>Viinamarjade kasvatamine<\/strong><\/p>\n<p>Viinamajad kasvavad Abruzzzo piirkonnas. Viinapuud kasavad ideaalsel k\u00f5rgusel, kliima pakub ideaalset temperatuurivahemikku ja suurep\u00e4rast valgust<\/p>\n<p>Pecorino viinamarjadest valmistatud kvaliteetvahuvein, mis on saadud rangelt k\u00e4sitsi korjatud. Korje septembri esimesel k\u00fcmnel p\u00e4eval. Meie Pecorino Spumante vahuvein on Bio \/ Organic sertifikaadiga, mis tagab \u00fclima lugupidamise \u00fcmbritseva keskkonna vastu.<\/p>\n<p><strong>Veinivalmistamine<\/strong><\/p>\n<p>Vein on valminud terasvaatides, seej\u00e4rel k\u00e4\u00e4ritamine Martinotti-Charmati meetodil v\u00e4hemalt 3 kuud autoklaavides ning seej\u00e4rel &#8220;<em>isobaric<\/em>&#8221; villimine pudelitesse ning korgistamine.<\/p>\n<p><strong>Kuidas ja millega sobitada\u00a0 Bak\u00e1n PECORINO spumante brut vahuveini?<\/strong><br \/>\nVahuvein, mida serveerida jahutatult 4-6 kraadi juures. Pecorino mull on peot\u00e4ht &#8211; algusest l\u00f5puni \ud83d\ude42 aperitiivide, eelroogade, mereandide, taimetoitude, liha ja juustu k\u00f5rvale. Kujutage ise kihisevat ja p\u00e4rlendavat vahuveini ette grillitud krevettidega v\u00f5i ricotta ravioolidega.<\/p>\n<p>Suurep\u00e4rane kooslus Pecorino Brut vahuvein koos Pecorino juustuga.<\/p>\n","protected":false},"excerpt":{"rendered":"<h4>Pecorino Brut Spunante Torri Cantine<\/h4>\n<p>&#8211; vahuvein on elegantse ja p\u00e4rlendava mulliga. Meeldivalt puuviljane, mereliselt mineraalne v\u00e4ikese v\u00fcrtsika noodiga. Nautimiseks igal ajal.<\/p>\n","protected":false},"featured_media":1716,"comment_status":"closed","ping_status":"closed","template":"","meta":[],"product_brand":[],"product_cat":[144],"product_tag":[],"class_list":{"0":"post-1856","1":"product","2":"type-product","3":"status-publish","4":"has-post-thumbnail","6":"product_cat-sparkling-wine","7":"description-off","9":"first","10":"instock","11":"taxable","12":"shipping-taxable","13":"purchasable","14":"product-type-simple"},"yoast_head":"<!-- This site is optimized with the Yoast SEO Premium plugin v23.0 (Yoast SEO v25.3.1) - https:\/\/yoast.com\/wordpress\/plugins\/seo\/ -->\n<title>Bakan Pecorino Brut Spumante Bio - Bramasole<\/title>\n<meta name=\"description\" content=\"Bakan Pecorino Brut Spumante BIO - kvaliteetne vahuvein Itaaliast. Veiniklubi liikmele alati k\u00f5ik tooted -20% soodsamad! Vahuvein ja mull Sinu peole!\" \/>\n<meta name=\"robots\" content=\"index, follow, max-snippet:-1, max-image-preview:large, max-video-preview:-1\" \/>\n<link rel=\"canonical\" href=\"https:\/\/bramasole.ee\/en\/toode\/bakan-pecorino-brut-spumante-bio\/\" \/>\n<meta property=\"og:locale\" content=\"en_US\" \/>\n<meta property=\"og:type\" content=\"article\" \/>\n<meta property=\"og:title\" content=\"Bakan Pecorino Brut Spumante Bio\" \/>\n<meta property=\"og:description\" content=\"Bakan Pecorino Brut Spumante BIO - kvaliteetne vahuvein Itaaliast. Veiniklubi liikmele alati k\u00f5ik tooted -20% soodsamad! Vahuvein ja mull Sinu peole!\" \/>\n<meta property=\"og:url\" content=\"https:\/\/bramasole.ee\/en\/toode\/bakan-pecorino-brut-spumante-bio\/\" \/>\n<meta property=\"og:site_name\" content=\"Bramasole\" \/>\n<meta property=\"article:publisher\" content=\"https:\/\/www.facebook.com\/houseofbramasole\" \/>\n<meta property=\"article:modified_time\" content=\"2024-01-02T13:44:10+00:00\" \/>\n<meta property=\"og:image\" content=\"https:\/\/bramasole.ee\/wp-content\/uploads\/2023\/03\/torri-cantine-bakan-pecorino-brut-spumante.jpeg\" \/>\n\t<meta property=\"og:image:width\" content=\"650\" \/>\n\t<meta property=\"og:image:height\" content=\"890\" \/>\n\t<meta property=\"og:image:type\" content=\"image\/jpeg\" \/>\n<meta name=\"twitter:card\" content=\"summary_large_image\" \/>\n<meta name=\"twitter:label1\" content=\"Price\" \/>\n\t<meta name=\"twitter:data1\" content=\"&euro;23.40\" \/>\n\t<meta name=\"twitter:label2\" content=\"Availability\" \/>\n\t<meta name=\"twitter:data2\" content=\"In stock\" \/>\n<script type=\"application\/ld+json\" class=\"yoast-schema-graph\">{\"@context\":\"https:\/\/schema.org\",\"@graph\":[{\"@type\":\"WebPage\",\"@id\":\"https:\/\/bramasole.ee\/en\/toode\/bakan-pecorino-brut-spumante-bio\/\",\"url\":\"https:\/\/bramasole.ee\/en\/toode\/bakan-pecorino-brut-spumante-bio\/\",\"name\":\"Bakan Pecorino Brut Spumante Bio - Bramasole\",\"isPartOf\":{\"@id\":\"https:\/\/bramasole.ee\/en\/#website\"},\"primaryImageOfPage\":{\"@id\":\"https:\/\/bramasole.ee\/en\/toode\/bakan-pecorino-brut-spumante-bio\/#primaryimage\"},\"image\":{\"@id\":\"https:\/\/bramasole.ee\/en\/toode\/bakan-pecorino-brut-spumante-bio\/#primaryimage\"},\"thumbnailUrl\":\"https:\/\/bramasole.ee\/wp-content\/uploads\/2023\/03\/torri-cantine-bakan-pecorino-brut-spumante.jpeg\",\"datePublished\":\"2023-03-13T12:39:46+00:00\",\"dateModified\":\"2024-01-02T13:44:10+00:00\",\"description\":\"Bakan Pecorino Brut Spumante BIO - kvaliteetne vahuvein Itaaliast. Veiniklubi liikmele alati k\u00f5ik tooted -20% soodsamad! Vahuvein ja mull Sinu peole!\",\"breadcrumb\":{\"@id\":\"https:\/\/bramasole.ee\/en\/toode\/bakan-pecorino-brut-spumante-bio\/#breadcrumb\"},\"inLanguage\":\"en-US\",\"potentialAction\":[{\"@type\":\"ReadAction\",\"target\":[\"https:\/\/bramasole.ee\/en\/toode\/bakan-pecorino-brut-spumante-bio\/\"]}]},{\"@type\":\"ImageObject\",\"inLanguage\":\"en-US\",\"@id\":\"https:\/\/bramasole.ee\/en\/toode\/bakan-pecorino-brut-spumante-bio\/#primaryimage\",\"url\":\"https:\/\/bramasole.ee\/wp-content\/uploads\/2023\/03\/torri-cantine-bakan-pecorino-brut-spumante.jpeg\",\"contentUrl\":\"https:\/\/bramasole.ee\/wp-content\/uploads\/2023\/03\/torri-cantine-bakan-pecorino-brut-spumante.jpeg\",\"width\":650,\"height\":890},{\"@type\":\"BreadcrumbList\",\"@id\":\"https:\/\/bramasole.ee\/en\/toode\/bakan-pecorino-brut-spumante-bio\/#breadcrumb\",\"itemListElement\":[{\"@type\":\"ListItem\",\"position\":1,\"name\":\"Home\",\"item\":\"https:\/\/bramasole.ee\/en\/\"},{\"@type\":\"ListItem\",\"position\":2,\"name\":\"VEINIPOOD\",\"item\":\"https:\/\/bramasole.ee\/veinipood\/\"},{\"@type\":\"ListItem\",\"position\":3,\"name\":\"Bakan Pecorino Brut Spumante Bio\"}]},{\"@type\":\"WebSite\",\"@id\":\"https:\/\/bramasole.ee\/en\/#website\",\"url\":\"https:\/\/bramasole.ee\/en\/\",\"name\":\"Bramasole\",\"description\":\"Bramasole veinipood - ainult hea vein!\",\"publisher\":{\"@id\":\"https:\/\/bramasole.ee\/en\/#organization\"},\"alternateName\":\"Bramasole veinid\",\"potentialAction\":[{\"@type\":\"SearchAction\",\"target\":{\"@type\":\"EntryPoint\",\"urlTemplate\":\"https:\/\/bramasole.ee\/en\/?s={search_term_string}\"},\"query-input\":{\"@type\":\"PropertyValueSpecification\",\"valueRequired\":true,\"valueName\":\"search_term_string\"}}],\"inLanguage\":\"en-US\"},{\"@type\":\"Organization\",\"@id\":\"https:\/\/bramasole.ee\/en\/#organization\",\"name\":\"Bramasole\",\"url\":\"https:\/\/bramasole.ee\/en\/\",\"logo\":{\"@type\":\"ImageObject\",\"inLanguage\":\"en-US\",\"@id\":\"https:\/\/bramasole.ee\/en\/#\/schema\/logo\/image\/\",\"url\":\"https:\/\/bramasole.ee\/wp-content\/uploads\/2023\/04\/House_of_bramasole_logo.png\",\"contentUrl\":\"https:\/\/bramasole.ee\/wp-content\/uploads\/2023\/04\/House_of_bramasole_logo.png\",\"width\":1031,\"height\":257,\"caption\":\"Bramasole\"},\"image\":{\"@id\":\"https:\/\/bramasole.ee\/en\/#\/schema\/logo\/image\/\"},\"sameAs\":[\"https:\/\/www.facebook.com\/houseofbramasole\",\"https:\/\/www.instagram.com\/houseofbramasole\/\"]}]}<\/script>\n<meta property=\"product:price:amount\" content=\"23.40\" \/>\n<meta property=\"product:price:currency\" content=\"EUR\" \/>\n<meta property=\"og:availability\" content=\"instock\" \/>\n<meta property=\"product:availability\" content=\"instock\" \/>\n<meta property=\"product:condition\" content=\"new\" \/>\n<!-- \/ Yoast SEO Premium plugin. -->","yoast_head_json":{"title":"Bakan Pecorino Brut Spumante Bio - Bramasole","description":"Bakan Pecorino Brut Spumante BIO - kvaliteetne vahuvein Itaaliast. Veiniklubi liikmele alati k\u00f5ik tooted -20% soodsamad! Vahuvein ja mull Sinu peole!","robots":{"index":"index","follow":"follow","max-snippet":"max-snippet:-1","max-image-preview":"max-image-preview:large","max-video-preview":"max-video-preview:-1"},"canonical":"https:\/\/bramasole.ee\/en\/toode\/bakan-pecorino-brut-spumante-bio\/","og_locale":"en_US","og_type":"article","og_title":"Bakan Pecorino Brut Spumante Bio","og_description":"Bakan Pecorino Brut Spumante BIO - kvaliteetne vahuvein Itaaliast. Veiniklubi liikmele alati k\u00f5ik tooted -20% soodsamad! Vahuvein ja mull Sinu peole!","og_url":"https:\/\/bramasole.ee\/en\/toode\/bakan-pecorino-brut-spumante-bio\/","og_site_name":"Bramasole","article_publisher":"https:\/\/www.facebook.com\/houseofbramasole","article_modified_time":"2024-01-02T13:44:10+00:00","og_image":[{"width":650,"height":890,"url":"https:\/\/bramasole.ee\/wp-content\/uploads\/2023\/03\/torri-cantine-bakan-pecorino-brut-spumante.jpeg","type":"image\/jpeg"}],"twitter_card":"summary_large_image","twitter_misc":{"Price":"&euro;23.40","Availability":"In stock"},"schema":{"@context":"https:\/\/schema.org","@graph":[{"@type":"WebPage","@id":"https:\/\/bramasole.ee\/en\/toode\/bakan-pecorino-brut-spumante-bio\/","url":"https:\/\/bramasole.ee\/en\/toode\/bakan-pecorino-brut-spumante-bio\/","name":"Bakan Pecorino Brut Spumante Bio - Bramasole","isPartOf":{"@id":"https:\/\/bramasole.ee\/en\/#website"},"primaryImageOfPage":{"@id":"https:\/\/bramasole.ee\/en\/toode\/bakan-pecorino-brut-spumante-bio\/#primaryimage"},"image":{"@id":"https:\/\/bramasole.ee\/en\/toode\/bakan-pecorino-brut-spumante-bio\/#primaryimage"},"thumbnailUrl":"https:\/\/bramasole.ee\/wp-content\/uploads\/2023\/03\/torri-cantine-bakan-pecorino-brut-spumante.jpeg","datePublished":"2023-03-13T12:39:46+00:00","dateModified":"2024-01-02T13:44:10+00:00","description":"Bakan Pecorino Brut Spumante BIO - kvaliteetne vahuvein Itaaliast. Veiniklubi liikmele alati k\u00f5ik tooted -20% soodsamad! Vahuvein ja mull Sinu peole!","breadcrumb":{"@id":"https:\/\/bramasole.ee\/en\/toode\/bakan-pecorino-brut-spumante-bio\/#breadcrumb"},"inLanguage":"en-US","potentialAction":[{"@type":"ReadAction","target":["https:\/\/bramasole.ee\/en\/toode\/bakan-pecorino-brut-spumante-bio\/"]}]},{"@type":"ImageObject","inLanguage":"en-US","@id":"https:\/\/bramasole.ee\/en\/toode\/bakan-pecorino-brut-spumante-bio\/#primaryimage","url":"https:\/\/bramasole.ee\/wp-content\/uploads\/2023\/03\/torri-cantine-bakan-pecorino-brut-spumante.jpeg","contentUrl":"https:\/\/bramasole.ee\/wp-content\/uploads\/2023\/03\/torri-cantine-bakan-pecorino-brut-spumante.jpeg","width":650,"height":890},{"@type":"BreadcrumbList","@id":"https:\/\/bramasole.ee\/en\/toode\/bakan-pecorino-brut-spumante-bio\/#breadcrumb","itemListElement":[{"@type":"ListItem","position":1,"name":"Home","item":"https:\/\/bramasole.ee\/en\/"},{"@type":"ListItem","position":2,"name":"VEINIPOOD","item":"https:\/\/bramasole.ee\/veinipood\/"},{"@type":"ListItem","position":3,"name":"Bakan Pecorino Brut Spumante Bio"}]},{"@type":"WebSite","@id":"https:\/\/bramasole.ee\/en\/#website","url":"https:\/\/bramasole.ee\/en\/","name":"Bramasole","description":"Bramasole veinipood - ainult hea vein!","publisher":{"@id":"https:\/\/bramasole.ee\/en\/#organization"},"alternateName":"Bramasole veinid","potentialAction":[{"@type":"SearchAction","target":{"@type":"EntryPoint","urlTemplate":"https:\/\/bramasole.ee\/en\/?s={search_term_string}"},"query-input":{"@type":"PropertyValueSpecification","valueRequired":true,"valueName":"search_term_string"}}],"inLanguage":"en-US"},{"@type":"Organization","@id":"https:\/\/bramasole.ee\/en\/#organization","name":"Bramasole","url":"https:\/\/bramasole.ee\/en\/","logo":{"@type":"ImageObject","inLanguage":"en-US","@id":"https:\/\/bramasole.ee\/en\/#\/schema\/logo\/image\/","url":"https:\/\/bramasole.ee\/wp-content\/uploads\/2023\/04\/House_of_bramasole_logo.png","contentUrl":"https:\/\/bramasole.ee\/wp-content\/uploads\/2023\/04\/House_of_bramasole_logo.png","width":1031,"height":257,"caption":"Bramasole"},"image":{"@id":"https:\/\/bramasole.ee\/en\/#\/schema\/logo\/image\/"},"sameAs":["https:\/\/www.facebook.com\/houseofbramasole","https:\/\/www.instagram.com\/houseofbramasole\/"]}]},"product_price_amount":"23.40","product_price_currency":"EUR","og_availability":"instock","product_availability":"instock","product_condition":"new"},"_links":{"self":[{"href":"https:\/\/bramasole.ee\/en\/wp-json\/wp\/v2\/product\/1856","targetHints":{"allow":["GET"]}}],"collection":[{"href":"https:\/\/bramasole.ee\/en\/wp-json\/wp\/v2\/product"}],"about":[{"href":"https:\/\/bramasole.ee\/en\/wp-json\/wp\/v2\/types\/product"}],"replies":[{"embeddable":true,"href":"https:\/\/bramasole.ee\/en\/wp-json\/wp\/v2\/comments?post=1856"}],"wp:featuredmedia":[{"embeddable":true,"href":"https:\/\/bramasole.ee\/en\/wp-json\/wp\/v2\/media\/1716"}],"wp:attachment":[{"href":"https:\/\/bramasole.ee\/en\/wp-json\/wp\/v2\/media?parent=1856"}],"wp:term":[{"taxonomy":"product_brand","embeddable":true,"href":"https:\/\/bramasole.ee\/en\/wp-json\/wp\/v2\/product_brand?post=1856"},{"taxonomy":"product_cat","embeddable":true,"href":"https:\/\/bramasole.ee\/en\/wp-json\/wp\/v2\/product_cat?post=1856"},{"taxonomy":"product_tag","embeddable":true,"href":"https:\/\/bramasole.ee\/en\/wp-json\/wp\/v2\/product_tag?post=1856"}],"curies":[{"name":"wp","href":"https:\/\/api.w.org\/{rel}","templated":true}]}}