{"id":1853,"date":"2023-03-13T15:43:25","date_gmt":"2023-03-13T13:43:25","guid":{"rendered":"https:\/\/bramasole.ee\/toode\/prosecco-brut-doc-rose-torri-cantine\/"},"modified":"2024-01-02T15:25:39","modified_gmt":"2024-01-02T13:25:39","slug":"prosecco-brut-doc-rose-torri-cantine","status":"publish","type":"product","link":"https:\/\/bramasole.ee\/en\/toode\/prosecco-brut-doc-rose-torri-cantine\/","title":{"rendered":"Prosecco Brut DOC Rose, Torri Cantine"},"content":{"rendered":"<h3>Sparkling Wine Prosecco DOC Rose<\/h3>\n<p><strong>V\u00e4rvus:<\/strong> kahvaturoosa, elava perlaa\u017eiga, elegantne mull<\/p>\n<div class=\"\">\n<div class=\"\">\n<div class=\"\">\n<div class=\"\"><strong>Aroom:<\/strong> m\u00f5\u00f5dukalt intensiivne, kuid eriti elegantsete ja kaasahaaravate v\u00e4rskete vaarikate, marjade, punase virsiku, s\u00f5stra ja roosi\u00f5ie l\u00f5hnaga<br \/>\n<strong>Maitse:<\/strong> maitses on tunda m\u00f5nusat kihisemist, v\u00e4rskust ja elegantsi, mis muudab selle veini ideaalselt tasakaalustatuks.<\/div>\n<div><\/div>\n<\/div>\n<\/div>\n<\/div>\n<div class=\"\">\n<div class=\"\">\n<div class=\"\">\n<h4>Kuidas kombineerida meie Prosecco DOC brut ros\u00e9 veini?<\/h4>\n<p>Prosecco serveerida k\u00fclmalt, maksimaalselt 4-6 kraadi juures ning piisavalt k\u00f5rge ja kitsa klaasiga, et saaks hinnata perlage ja aroome, koos aperitiivide, eelroogade, kalaroogade, taimetoitlaste, liha ja juustudega. Proovi tuunikalast suupistetega, roosa pipraga k\u00fcpsetatud l\u00f5hepihvidega, homaariga linguine pasta, grillitudk\u00f6\u00f6giviljaroad, r\u00f6stitud sink v\u00f5i Abruzzo kitsejuust.<\/p>\n<\/div>\n<\/div>\n<\/div>\n<p>&nbsp;<\/p>\n","protected":false},"excerpt":{"rendered":"<p>Prosecco Brut DOC Ros\u00e8<\/p>\n<p>Prosecco on vaieldamatult populaarseim vahuvein maailmas.<\/p>\n","protected":false},"featured_media":1725,"comment_status":"closed","ping_status":"closed","template":"","meta":[],"product_brand":[],"product_cat":[144],"product_tag":[],"class_list":{"0":"post-1853","1":"product","2":"type-product","3":"status-publish","4":"has-post-thumbnail","6":"product_cat-sparkling-wine","7":"description-off","9":"first","10":"instock","11":"taxable","12":"shipping-taxable","13":"purchasable","14":"product-type-simple"},"yoast_head":"<!-- This site is optimized with the Yoast SEO Premium plugin v23.0 (Yoast SEO v25.3.1) - https:\/\/yoast.com\/wordpress\/plugins\/seo\/ -->\n<title>Prosecco Brut DOC Rose, Torri Cantine - Bramasole<\/title>\n<meta name=\"description\" content=\"Prosecco Brut DOC Ros\u00e8- kvaliteetsed veinid Itaaliast. Prosecco - Itaalia vahuvein. Veiniklubi liikmele alati -20% soodsam! www.bramasole.ee\" \/>\n<meta name=\"robots\" content=\"index, follow, max-snippet:-1, max-image-preview:large, max-video-preview:-1\" \/>\n<link rel=\"canonical\" href=\"https:\/\/bramasole.ee\/en\/toode\/prosecco-brut-doc-rose-torri-cantine\/\" \/>\n<meta property=\"og:locale\" content=\"en_US\" \/>\n<meta property=\"og:type\" content=\"article\" \/>\n<meta property=\"og:title\" content=\"Prosecco Brut DOC Rose, Torri Cantine\" \/>\n<meta property=\"og:description\" content=\"Prosecco Brut DOC Ros\u00e8- kvaliteetsed veinid Itaaliast. Prosecco - Itaalia vahuvein. Veiniklubi liikmele alati -20% soodsam! www.bramasole.ee\" \/>\n<meta property=\"og:url\" content=\"https:\/\/bramasole.ee\/en\/toode\/prosecco-brut-doc-rose-torri-cantine\/\" \/>\n<meta property=\"og:site_name\" content=\"Bramasole\" \/>\n<meta property=\"article:publisher\" content=\"https:\/\/www.facebook.com\/houseofbramasole\" \/>\n<meta property=\"article:modified_time\" content=\"2024-01-02T13:25:39+00:00\" \/>\n<meta property=\"og:image\" content=\"https:\/\/bramasole.ee\/wp-content\/uploads\/2023\/03\/torri-cantine-store-torri-cantine-prosecco-doc-rose-1.jpeg\" \/>\n\t<meta property=\"og:image:width\" content=\"650\" \/>\n\t<meta property=\"og:image:height\" content=\"890\" \/>\n\t<meta property=\"og:image:type\" content=\"image\/jpeg\" \/>\n<meta name=\"twitter:card\" content=\"summary_large_image\" \/>\n<meta name=\"twitter:label1\" content=\"Price\" \/>\n\t<meta name=\"twitter:data1\" content=\"&euro;22.40\" \/>\n\t<meta name=\"twitter:label2\" content=\"Availability\" \/>\n\t<meta name=\"twitter:data2\" content=\"In stock\" \/>\n<script type=\"application\/ld+json\" class=\"yoast-schema-graph\">{\"@context\":\"https:\/\/schema.org\",\"@graph\":[{\"@type\":\"WebPage\",\"@id\":\"https:\/\/bramasole.ee\/en\/toode\/prosecco-brut-doc-rose-torri-cantine\/\",\"url\":\"https:\/\/bramasole.ee\/en\/toode\/prosecco-brut-doc-rose-torri-cantine\/\",\"name\":\"Prosecco Brut DOC Rose, Torri Cantine - Bramasole\",\"isPartOf\":{\"@id\":\"https:\/\/bramasole.ee\/en\/#website\"},\"primaryImageOfPage\":{\"@id\":\"https:\/\/bramasole.ee\/en\/toode\/prosecco-brut-doc-rose-torri-cantine\/#primaryimage\"},\"image\":{\"@id\":\"https:\/\/bramasole.ee\/en\/toode\/prosecco-brut-doc-rose-torri-cantine\/#primaryimage\"},\"thumbnailUrl\":\"https:\/\/bramasole.ee\/wp-content\/uploads\/2023\/03\/torri-cantine-store-torri-cantine-prosecco-doc-rose-1.jpeg\",\"datePublished\":\"2023-03-13T13:43:25+00:00\",\"dateModified\":\"2024-01-02T13:25:39+00:00\",\"description\":\"Prosecco Brut DOC Ros\u00e8- kvaliteetsed veinid Itaaliast. Prosecco - Itaalia vahuvein. Veiniklubi liikmele alati -20% soodsam! www.bramasole.ee\",\"breadcrumb\":{\"@id\":\"https:\/\/bramasole.ee\/en\/toode\/prosecco-brut-doc-rose-torri-cantine\/#breadcrumb\"},\"inLanguage\":\"en-US\",\"potentialAction\":[{\"@type\":\"ReadAction\",\"target\":[\"https:\/\/bramasole.ee\/en\/toode\/prosecco-brut-doc-rose-torri-cantine\/\"]}]},{\"@type\":\"ImageObject\",\"inLanguage\":\"en-US\",\"@id\":\"https:\/\/bramasole.ee\/en\/toode\/prosecco-brut-doc-rose-torri-cantine\/#primaryimage\",\"url\":\"https:\/\/bramasole.ee\/wp-content\/uploads\/2023\/03\/torri-cantine-store-torri-cantine-prosecco-doc-rose-1.jpeg\",\"contentUrl\":\"https:\/\/bramasole.ee\/wp-content\/uploads\/2023\/03\/torri-cantine-store-torri-cantine-prosecco-doc-rose-1.jpeg\",\"width\":650,\"height\":890},{\"@type\":\"BreadcrumbList\",\"@id\":\"https:\/\/bramasole.ee\/en\/toode\/prosecco-brut-doc-rose-torri-cantine\/#breadcrumb\",\"itemListElement\":[{\"@type\":\"ListItem\",\"position\":1,\"name\":\"Home\",\"item\":\"https:\/\/bramasole.ee\/en\/\"},{\"@type\":\"ListItem\",\"position\":2,\"name\":\"VEINIPOOD\",\"item\":\"https:\/\/bramasole.ee\/veinipood\/\"},{\"@type\":\"ListItem\",\"position\":3,\"name\":\"Prosecco Brut DOC Rose, Torri Cantine\"}]},{\"@type\":\"WebSite\",\"@id\":\"https:\/\/bramasole.ee\/en\/#website\",\"url\":\"https:\/\/bramasole.ee\/en\/\",\"name\":\"Bramasole\",\"description\":\"Bramasole veinipood - ainult hea vein!\",\"publisher\":{\"@id\":\"https:\/\/bramasole.ee\/en\/#organization\"},\"alternateName\":\"Bramasole veinid\",\"potentialAction\":[{\"@type\":\"SearchAction\",\"target\":{\"@type\":\"EntryPoint\",\"urlTemplate\":\"https:\/\/bramasole.ee\/en\/?s={search_term_string}\"},\"query-input\":{\"@type\":\"PropertyValueSpecification\",\"valueRequired\":true,\"valueName\":\"search_term_string\"}}],\"inLanguage\":\"en-US\"},{\"@type\":\"Organization\",\"@id\":\"https:\/\/bramasole.ee\/en\/#organization\",\"name\":\"Bramasole\",\"url\":\"https:\/\/bramasole.ee\/en\/\",\"logo\":{\"@type\":\"ImageObject\",\"inLanguage\":\"en-US\",\"@id\":\"https:\/\/bramasole.ee\/en\/#\/schema\/logo\/image\/\",\"url\":\"https:\/\/bramasole.ee\/wp-content\/uploads\/2023\/04\/House_of_bramasole_logo.png\",\"contentUrl\":\"https:\/\/bramasole.ee\/wp-content\/uploads\/2023\/04\/House_of_bramasole_logo.png\",\"width\":1031,\"height\":257,\"caption\":\"Bramasole\"},\"image\":{\"@id\":\"https:\/\/bramasole.ee\/en\/#\/schema\/logo\/image\/\"},\"sameAs\":[\"https:\/\/www.facebook.com\/houseofbramasole\",\"https:\/\/www.instagram.com\/houseofbramasole\/\"]}]}<\/script>\n<meta property=\"product:price:amount\" content=\"22.40\" \/>\n<meta property=\"product:price:currency\" content=\"EUR\" \/>\n<meta property=\"og:availability\" content=\"instock\" \/>\n<meta property=\"product:availability\" content=\"instock\" \/>\n<meta property=\"product:condition\" content=\"new\" \/>\n<!-- \/ Yoast SEO Premium plugin. -->","yoast_head_json":{"title":"Prosecco Brut DOC Rose, Torri Cantine - Bramasole","description":"Prosecco Brut DOC Ros\u00e8- kvaliteetsed veinid Itaaliast. Prosecco - Itaalia vahuvein. Veiniklubi liikmele alati -20% soodsam! www.bramasole.ee","robots":{"index":"index","follow":"follow","max-snippet":"max-snippet:-1","max-image-preview":"max-image-preview:large","max-video-preview":"max-video-preview:-1"},"canonical":"https:\/\/bramasole.ee\/en\/toode\/prosecco-brut-doc-rose-torri-cantine\/","og_locale":"en_US","og_type":"article","og_title":"Prosecco Brut DOC Rose, Torri Cantine","og_description":"Prosecco Brut DOC Ros\u00e8- kvaliteetsed veinid Itaaliast. Prosecco - Itaalia vahuvein. Veiniklubi liikmele alati -20% soodsam! www.bramasole.ee","og_url":"https:\/\/bramasole.ee\/en\/toode\/prosecco-brut-doc-rose-torri-cantine\/","og_site_name":"Bramasole","article_publisher":"https:\/\/www.facebook.com\/houseofbramasole","article_modified_time":"2024-01-02T13:25:39+00:00","og_image":[{"width":650,"height":890,"url":"https:\/\/bramasole.ee\/wp-content\/uploads\/2023\/03\/torri-cantine-store-torri-cantine-prosecco-doc-rose-1.jpeg","type":"image\/jpeg"}],"twitter_card":"summary_large_image","twitter_misc":{"Price":"&euro;22.40","Availability":"In stock"},"schema":{"@context":"https:\/\/schema.org","@graph":[{"@type":"WebPage","@id":"https:\/\/bramasole.ee\/en\/toode\/prosecco-brut-doc-rose-torri-cantine\/","url":"https:\/\/bramasole.ee\/en\/toode\/prosecco-brut-doc-rose-torri-cantine\/","name":"Prosecco Brut DOC Rose, Torri Cantine - Bramasole","isPartOf":{"@id":"https:\/\/bramasole.ee\/en\/#website"},"primaryImageOfPage":{"@id":"https:\/\/bramasole.ee\/en\/toode\/prosecco-brut-doc-rose-torri-cantine\/#primaryimage"},"image":{"@id":"https:\/\/bramasole.ee\/en\/toode\/prosecco-brut-doc-rose-torri-cantine\/#primaryimage"},"thumbnailUrl":"https:\/\/bramasole.ee\/wp-content\/uploads\/2023\/03\/torri-cantine-store-torri-cantine-prosecco-doc-rose-1.jpeg","datePublished":"2023-03-13T13:43:25+00:00","dateModified":"2024-01-02T13:25:39+00:00","description":"Prosecco Brut DOC Ros\u00e8- kvaliteetsed veinid Itaaliast. Prosecco - Itaalia vahuvein. Veiniklubi liikmele alati -20% soodsam! www.bramasole.ee","breadcrumb":{"@id":"https:\/\/bramasole.ee\/en\/toode\/prosecco-brut-doc-rose-torri-cantine\/#breadcrumb"},"inLanguage":"en-US","potentialAction":[{"@type":"ReadAction","target":["https:\/\/bramasole.ee\/en\/toode\/prosecco-brut-doc-rose-torri-cantine\/"]}]},{"@type":"ImageObject","inLanguage":"en-US","@id":"https:\/\/bramasole.ee\/en\/toode\/prosecco-brut-doc-rose-torri-cantine\/#primaryimage","url":"https:\/\/bramasole.ee\/wp-content\/uploads\/2023\/03\/torri-cantine-store-torri-cantine-prosecco-doc-rose-1.jpeg","contentUrl":"https:\/\/bramasole.ee\/wp-content\/uploads\/2023\/03\/torri-cantine-store-torri-cantine-prosecco-doc-rose-1.jpeg","width":650,"height":890},{"@type":"BreadcrumbList","@id":"https:\/\/bramasole.ee\/en\/toode\/prosecco-brut-doc-rose-torri-cantine\/#breadcrumb","itemListElement":[{"@type":"ListItem","position":1,"name":"Home","item":"https:\/\/bramasole.ee\/en\/"},{"@type":"ListItem","position":2,"name":"VEINIPOOD","item":"https:\/\/bramasole.ee\/veinipood\/"},{"@type":"ListItem","position":3,"name":"Prosecco Brut DOC Rose, Torri Cantine"}]},{"@type":"WebSite","@id":"https:\/\/bramasole.ee\/en\/#website","url":"https:\/\/bramasole.ee\/en\/","name":"Bramasole","description":"Bramasole veinipood - ainult hea vein!","publisher":{"@id":"https:\/\/bramasole.ee\/en\/#organization"},"alternateName":"Bramasole veinid","potentialAction":[{"@type":"SearchAction","target":{"@type":"EntryPoint","urlTemplate":"https:\/\/bramasole.ee\/en\/?s={search_term_string}"},"query-input":{"@type":"PropertyValueSpecification","valueRequired":true,"valueName":"search_term_string"}}],"inLanguage":"en-US"},{"@type":"Organization","@id":"https:\/\/bramasole.ee\/en\/#organization","name":"Bramasole","url":"https:\/\/bramasole.ee\/en\/","logo":{"@type":"ImageObject","inLanguage":"en-US","@id":"https:\/\/bramasole.ee\/en\/#\/schema\/logo\/image\/","url":"https:\/\/bramasole.ee\/wp-content\/uploads\/2023\/04\/House_of_bramasole_logo.png","contentUrl":"https:\/\/bramasole.ee\/wp-content\/uploads\/2023\/04\/House_of_bramasole_logo.png","width":1031,"height":257,"caption":"Bramasole"},"image":{"@id":"https:\/\/bramasole.ee\/en\/#\/schema\/logo\/image\/"},"sameAs":["https:\/\/www.facebook.com\/houseofbramasole","https:\/\/www.instagram.com\/houseofbramasole\/"]}]},"product_price_amount":"22.40","product_price_currency":"EUR","og_availability":"instock","product_availability":"instock","product_condition":"new"},"_links":{"self":[{"href":"https:\/\/bramasole.ee\/en\/wp-json\/wp\/v2\/product\/1853","targetHints":{"allow":["GET"]}}],"collection":[{"href":"https:\/\/bramasole.ee\/en\/wp-json\/wp\/v2\/product"}],"about":[{"href":"https:\/\/bramasole.ee\/en\/wp-json\/wp\/v2\/types\/product"}],"replies":[{"embeddable":true,"href":"https:\/\/bramasole.ee\/en\/wp-json\/wp\/v2\/comments?post=1853"}],"wp:featuredmedia":[{"embeddable":true,"href":"https:\/\/bramasole.ee\/en\/wp-json\/wp\/v2\/media\/1725"}],"wp:attachment":[{"href":"https:\/\/bramasole.ee\/en\/wp-json\/wp\/v2\/media?parent=1853"}],"wp:term":[{"taxonomy":"product_brand","embeddable":true,"href":"https:\/\/bramasole.ee\/en\/wp-json\/wp\/v2\/product_brand?post=1853"},{"taxonomy":"product_cat","embeddable":true,"href":"https:\/\/bramasole.ee\/en\/wp-json\/wp\/v2\/product_cat?post=1853"},{"taxonomy":"product_tag","embeddable":true,"href":"https:\/\/bramasole.ee\/en\/wp-json\/wp\/v2\/product_tag?post=1853"}],"curies":[{"name":"wp","href":"https:\/\/api.w.org\/{rel}","templated":true}]}}