{"id":1846,"date":"2023-03-14T08:39:23","date_gmt":"2023-03-14T06:39:23","guid":{"rendered":"https:\/\/bramasole.ee\/toode\/pecorino-dabruzzo-bio-igt-3-l\/"},"modified":"2023-05-02T08:42:45","modified_gmt":"2023-05-02T05:42:45","slug":"pecorino-dabruzzo-bio-igt-3-l","status":"publish","type":"product","link":"https:\/\/bramasole.ee\/en\/toode\/pecorino-dabruzzo-bio-igt-3-l\/","title":{"rendered":"Pecorino D\u2019Abruzzo BIO, IGT 3 L"},"content":{"rendered":"<p>[vc_row content_placement=&#8221;middle&#8221; css_animation=&#8221;&#8221; css=&#8221;.vc_custom_1460727920666{padding-top: 0px !important;padding-bottom: 0px !important;background-color: #f2f2f2 !important;}&#8221;][vc_column css_animation=&#8221;&#8221;][vc_column_text css_animation=&#8221;&#8221; css=&#8221;.vc_custom_1682679390395{margin-right: 10px !important;border-right-width: 10px !important;padding-right: 10px !important;}&#8221;]<\/p>\n<h3 style=\"text-align: left;\">Pecorino d\u2019Abruzzo IGT BIO<\/h3>\n<p>Torri Cantine\u2019i veinimaja Pecorino d\u2019Abruzzo IGT v\u00f5rsub 30-aastastest viinapuudest, mis asuvad 290 m k\u00f5rgusel merepinnast ja on suurep\u00e4rase l\u00f5una-kagusuunalise vaatega.<\/p>\n<p>Anarcano ja Controguerra piirkonnas, Teramo provintsis, kasvavad Pecorino viinamarjad koos Abruzzi Pergola p\u00f5him\u00f5tetel. See 100% Pecorino viinamarjadest vein on k\u00e4sitsi korjatud septembri esimesel 10-l p\u00e4eval ning valmistatud t\u00e4ielikult orgaaniliselt ( BIO )<\/p>\n<p>Vein on valminud roostevabast terasest vaatides, seej\u00e4rel on vein laageerdunud 2 kuud tsemendist mahutites. Vein on pakendatud hermeetiliselt.[\/vc_column_text][\/vc_column][\/vc_row][vc_row content_placement=&#8221;middle&#8221; css_animation=&#8221;&#8221; css=&#8221;.vc_custom_1460727920666{padding-top: 0px !important;padding-bottom: 0px !important;background-color: #f2f2f2 !important;}&#8221;][vc_column css_animation=&#8221;&#8221; css=&#8221;.vc_custom_1460636569719{padding: 20% !important;}&#8221; offset=&#8221;vc_col-lg-6 vc_col-md-6&#8243;][title_subtitle add_subtitle=&#8221;use_subtitle&#8221; css_animation=&#8221;&#8221; title=&#8221;Veini omadused&#8221; subtitle=&#8221;Wine specs&#8221;][vc_column_text css_animation=&#8221;&#8221; css=&#8221;.vc_custom_1679305644417{margin-bottom: 0px !important;}&#8221;]H\u00e4sti tasakaalus s\u00e4rtsakas valge kuiv vein. Veinile omane mineraalsus ja metsiikute p\u00f5llulillede aroom teeb veinist nauditava karakteriga veini.<\/p>\n<p>V\u00c4RV \u2013 Kahvatu \u00f5lgkollane<\/p>\n<p>AROOM \u2013 Metsikud p\u00f5llulilled, k\u00fcpsed puuviljad, mineraalsus<\/p>\n<p>MAITSE \u2013 Kollased k\u00fcpsed puuviljad nagu kollane virsik, \u00f5un, pirn[\/vc_column_text][\/vc_column][vc_column css_animation=&#8221;&#8221; css=&#8221;.vc_custom_1678777133409{padding-top: 0px !important;padding-right: 0px !important;padding-bottom: 0px !important;padding-left: 0px !important;background-image: url(https:\/\/bramasole.ee\/wp-content\/uploads\/2023\/03\/Pecorino-pakiveinid.jpeg?id=1561) !important;background-position: center !important;background-repeat: no-repeat !important;background-size: cover !important;}&#8221; offset=&#8221;vc_col-lg-6 vc_col-md-6 vc_hidden-sm vc_hidden-xs&#8221;][vc_empty_space height=&#8221;700px&#8221;][\/vc_column][\/vc_row][vc_row content_placement=&#8221;middle&#8221; css_animation=&#8221;&#8221; css=&#8221;.vc_custom_1460727927848{padding-top: 0px !important;padding-bottom: 0px !important;background-color: #f2f2f2 !important;}&#8221;][vc_column css_animation=&#8221;&#8221; css=&#8221;.vc_custom_1678777184798{padding-top: 0px !important;padding-right: 0px !important;padding-bottom: 0px !important;padding-left: 0px !important;background-image: url(https:\/\/bramasole.ee\/wp-content\/uploads\/2023\/03\/pecorino_veiniistandus.jpeg?id=1447) !important;background-position: center !important;background-repeat: no-repeat !important;background-size: cover !important;}&#8221; offset=&#8221;vc_col-lg-6 vc_col-md-6 vc_hidden-sm vc_hidden-xs&#8221;][vc_empty_space height=&#8221;700px&#8221;][\/vc_column][vc_column css_animation=&#8221;&#8221; css=&#8221;.vc_custom_1460636579755{padding: 20% !important;}&#8221; offset=&#8221;vc_col-lg-6 vc_col-md-6&#8243;][vc_column_text css_animation=&#8221;&#8221;]<\/p>\n<div id=\"text-3371001175\" class=\"text\">\n<h2>Toidusoovitused<br \/>\nPecorino IGT<\/h2>\n<p>Veini serveerida jahutatult, maksimaalselt 6-8 kraadi juures, koos aperitiivide, suupistete, mereandide, taimetoitude, valge liha ja v\u00e4rskete v\u00f5i keskmise laagerdustega juustudega. Proovi kindlasti Pecorino juustu!<\/p>\n<p>M\u00f5elgem m\u00f5nusatele mereandidele, karpidele, dentex ( ahven ) safraniga, k\u00f5rvitsa risotole, grillitud kukeseentele v\u00f5i m\u00f5nusale v\u00e4rskele ricottale kirsstomatitega.<\/p>\n<p>Vali Pecorino vein kalap\u00f5histe toitude ja v\u00e4rskete mereandide juurde.<\/p>\n<p>Pastadest proovi kindlasti \u2013<\/p>\n<ul>\n<li>klassikaline mereannipasta \u2013\u00a0<em>linguine allo scoglio<\/em><\/li>\n<li>kitsepiima ricotta ravioolid<\/li>\n<li>cannelloni`d seentega<\/li>\n<\/ul>\n<p>Maitseb h\u00e4sti ka n\u00e4iteks r\u00f6stitud kukeseente v\u00f5i grillitud juurviljadega. Suvel tasub nautida kitsejuustu \u2013 maasikasalatiga. Valge liha juurde hea kaaslane.<\/p>\n<\/div>\n<p>[\/vc_column_text][\/vc_column][\/vc_row][vc_row content_placement=&#8221;middle&#8221; css_animation=&#8221;&#8221; css=&#8221;.vc_custom_1460727935440{padding-top: 0px !important;padding-bottom: 0px !important;background-color: #f2f2f2 !important;}&#8221;][vc_column css_animation=&#8221;&#8221; css=&#8221;.vc_custom_1460636587092{padding: 20% !important;}&#8221; offset=&#8221;vc_col-lg-6 vc_col-md-6&#8243;][title_subtitle add_subtitle=&#8221;use_subtitle&#8221; css_animation=&#8221;&#8221; title=&#8221;Winemaker notes&#8221; subtitle=&#8221;Wine specs&#8221;][vc_column_text css_animation=&#8221;&#8221;]<\/p>\n<h3>Veinivalmistaja t\u00e4helepanekud<\/h3>\n<h4>Viinamarjasordi omadused<\/h4>\n<p>Pecorino viinamarjadest valmistatud vein on kahvatukollase v\u00e4rvusega, k\u00f5rge happesusega, puuviljase, v\u00e4rske aroomi ning v\u00fcrtsikate nootidega.<\/p>\n<p>Hea struktuuriga viinamarjad. Pecorino viinamarjadest saab toota suurep\u00e4raseid h\u00e4sti vananevaid kuivasid veine ja k\u00f5rgkvaliteediga vahuveine.[\/vc_column_text][vc_btn title=&#8221;LOE ROHKEM&#8221; shape=&#8221;square&#8221; color=&#8221;black&#8221; css_animation=&#8221;&#8221; link=&#8221;url:https%3A%2F%2Fbramasole.ee%2Fpecorino-abruzzo%2F|title:Montepulciano%20d%E2%80%99Abruzzo|&#8221;][\/vc_column][vc_column css_animation=&#8221;&#8221; css=&#8221;.vc_custom_1678777231674{padding-top: 0px !important;padding-right: 0px !important;padding-bottom: 0px !important;padding-left: 0px !important;background-image: url(https:\/\/bramasole.ee\/wp-content\/uploads\/2023\/03\/pecorino_viinamarjakobar.jpeg?id=1527) !important;background-position: center !important;background-repeat: no-repeat !important;background-size: cover !important;}&#8221; offset=&#8221;vc_col-lg-6 vc_col-md-6 vc_hidden-sm vc_hidden-xs&#8221;][vc_empty_space height=&#8221;700px&#8221;][\/vc_column][\/vc_row][vc_row css_animation=&#8221;&#8221;][vc_column width=&#8221;2\/3&#8243; css_animation=&#8221;&#8221;][vc_column_text css_animation=&#8221;&#8221;]<\/p>\n<h4 class=\"uppercase\">VEINIKASTIDE EELISED<\/h4>\n<p class=\"uppercase\">Bag-In-Box ehk pakivein on t\u00e4nu vaakumile parim lahendus koduseks kasutamiseks m\u00f5eldud veini p\u00fcsiva kvaliteedi tagamiseks. Naudi klaasi veini igal ajal, ilma et peaksite pudelit avama. \u00dclej\u00e4\u00e4nud toode ei oks\u00fcdeeru ega saastu v\u00e4liskeskkonnagakuna kraan ei lase \u00f5hku sisse. Suurep\u00e4rane lahendus suuremale seltskonnale.<\/p>\n<p>[\/vc_column_text][\/vc_column][vc_column width=&#8221;1\/3&#8243; css_animation=&#8221;&#8221;][vc_single_image image=&#8221;1560&#8243; img_size=&#8221;large&#8221; css_animation=&#8221;&#8221;][\/vc_column][\/vc_row]<\/p>\n","protected":false},"excerpt":{"rendered":"<p>It originates from one of the most suitable areas of Abruzzo for growing wine, from an old vineyard trained with the Tendon-system, at an ideal altitude to ensure a formidable thermal excursion and with a magnificent exposure.<\/p>\n","protected":false},"featured_media":1738,"comment_status":"closed","ping_status":"closed","template":"","meta":[],"product_brand":[],"product_cat":[124,220],"product_tag":[],"class_list":{"0":"post-1846","1":"product","2":"type-product","3":"status-publish","4":"has-post-thumbnail","6":"product_cat-white-wines-en","7":"product_cat-bag-in-box-wines-en","8":"description-off","10":"first","11":"outofstock","12":"taxable","13":"shipping-taxable","14":"purchasable","15":"product-type-simple"},"yoast_head":"<!-- This site is optimized with the Yoast SEO Premium plugin v23.0 (Yoast SEO v25.3.1) - https:\/\/yoast.com\/wordpress\/plugins\/seo\/ -->\n<title>Pecorino D\u2019Abruzzo BIO, IGT 3 L - Bramasole<\/title>\n<meta name=\"robots\" content=\"index, follow, max-snippet:-1, max-image-preview:large, max-video-preview:-1\" \/>\n<link rel=\"canonical\" href=\"https:\/\/bramasole.ee\/en\/toode\/pecorino-dabruzzo-bio-igt-3-l\/\" \/>\n<meta property=\"og:locale\" content=\"en_US\" \/>\n<meta property=\"og:type\" content=\"article\" \/>\n<meta property=\"og:title\" content=\"Pecorino D\u2019Abruzzo BIO, IGT 3 L\" \/>\n<meta property=\"og:description\" content=\"It originates from one of the most suitable areas of Abruzzo for growing wine, from an old vineyard trained with the Tendon-system, at an ideal altitude to ensure a formidable thermal excursion and with a magnificent exposure.\" \/>\n<meta property=\"og:url\" content=\"https:\/\/bramasole.ee\/en\/toode\/pecorino-dabruzzo-bio-igt-3-l\/\" \/>\n<meta property=\"og:site_name\" content=\"Bramasole\" \/>\n<meta property=\"article:publisher\" content=\"https:\/\/www.facebook.com\/houseofbramasole\" \/>\n<meta property=\"article:modified_time\" content=\"2023-05-02T05:42:45+00:00\" \/>\n<meta property=\"og:image\" content=\"https:\/\/bramasole.ee\/wp-content\/uploads\/2023\/03\/PECORINO-3L-bramasole-1.jpeg\" \/>\n\t<meta property=\"og:image:width\" content=\"650\" \/>\n\t<meta property=\"og:image:height\" content=\"890\" \/>\n\t<meta property=\"og:image:type\" content=\"image\/jpeg\" \/>\n<meta name=\"twitter:card\" content=\"summary_large_image\" \/>\n<meta name=\"twitter:label1\" content=\"Price\" \/>\n\t<meta name=\"twitter:data1\" content=\"&euro;44.10\" \/>\n\t<meta name=\"twitter:label2\" content=\"Availability\" \/>\n\t<meta name=\"twitter:data2\" content=\"Out of stock\" \/>\n<script type=\"application\/ld+json\" class=\"yoast-schema-graph\">{\"@context\":\"https:\/\/schema.org\",\"@graph\":[{\"@type\":\"WebPage\",\"@id\":\"https:\/\/bramasole.ee\/en\/toode\/pecorino-dabruzzo-bio-igt-3-l\/\",\"url\":\"https:\/\/bramasole.ee\/en\/toode\/pecorino-dabruzzo-bio-igt-3-l\/\",\"name\":\"Pecorino D\u2019Abruzzo BIO, IGT 3 L - Bramasole\",\"isPartOf\":{\"@id\":\"https:\/\/bramasole.ee\/en\/#website\"},\"primaryImageOfPage\":{\"@id\":\"https:\/\/bramasole.ee\/en\/toode\/pecorino-dabruzzo-bio-igt-3-l\/#primaryimage\"},\"image\":{\"@id\":\"https:\/\/bramasole.ee\/en\/toode\/pecorino-dabruzzo-bio-igt-3-l\/#primaryimage\"},\"thumbnailUrl\":\"https:\/\/bramasole.ee\/wp-content\/uploads\/2023\/03\/PECORINO-3L-bramasole-1.jpeg\",\"datePublished\":\"2023-03-14T06:39:23+00:00\",\"dateModified\":\"2023-05-02T05:42:45+00:00\",\"breadcrumb\":{\"@id\":\"https:\/\/bramasole.ee\/en\/toode\/pecorino-dabruzzo-bio-igt-3-l\/#breadcrumb\"},\"inLanguage\":\"en-US\",\"potentialAction\":[{\"@type\":\"ReadAction\",\"target\":[\"https:\/\/bramasole.ee\/en\/toode\/pecorino-dabruzzo-bio-igt-3-l\/\"]}]},{\"@type\":\"ImageObject\",\"inLanguage\":\"en-US\",\"@id\":\"https:\/\/bramasole.ee\/en\/toode\/pecorino-dabruzzo-bio-igt-3-l\/#primaryimage\",\"url\":\"https:\/\/bramasole.ee\/wp-content\/uploads\/2023\/03\/PECORINO-3L-bramasole-1.jpeg\",\"contentUrl\":\"https:\/\/bramasole.ee\/wp-content\/uploads\/2023\/03\/PECORINO-3L-bramasole-1.jpeg\",\"width\":650,\"height\":890},{\"@type\":\"BreadcrumbList\",\"@id\":\"https:\/\/bramasole.ee\/en\/toode\/pecorino-dabruzzo-bio-igt-3-l\/#breadcrumb\",\"itemListElement\":[{\"@type\":\"ListItem\",\"position\":1,\"name\":\"Home\",\"item\":\"https:\/\/bramasole.ee\/en\/\"},{\"@type\":\"ListItem\",\"position\":2,\"name\":\"VEINIPOOD\",\"item\":\"https:\/\/bramasole.ee\/veinipood\/\"},{\"@type\":\"ListItem\",\"position\":3,\"name\":\"Pecorino D\u2019Abruzzo BIO, IGT 3 L\"}]},{\"@type\":\"WebSite\",\"@id\":\"https:\/\/bramasole.ee\/en\/#website\",\"url\":\"https:\/\/bramasole.ee\/en\/\",\"name\":\"Bramasole\",\"description\":\"Bramasole veinipood - ainult hea vein!\",\"publisher\":{\"@id\":\"https:\/\/bramasole.ee\/en\/#organization\"},\"alternateName\":\"Bramasole veinid\",\"potentialAction\":[{\"@type\":\"SearchAction\",\"target\":{\"@type\":\"EntryPoint\",\"urlTemplate\":\"https:\/\/bramasole.ee\/en\/?s={search_term_string}\"},\"query-input\":{\"@type\":\"PropertyValueSpecification\",\"valueRequired\":true,\"valueName\":\"search_term_string\"}}],\"inLanguage\":\"en-US\"},{\"@type\":\"Organization\",\"@id\":\"https:\/\/bramasole.ee\/en\/#organization\",\"name\":\"Bramasole\",\"url\":\"https:\/\/bramasole.ee\/en\/\",\"logo\":{\"@type\":\"ImageObject\",\"inLanguage\":\"en-US\",\"@id\":\"https:\/\/bramasole.ee\/en\/#\/schema\/logo\/image\/\",\"url\":\"https:\/\/bramasole.ee\/wp-content\/uploads\/2023\/04\/House_of_bramasole_logo.png\",\"contentUrl\":\"https:\/\/bramasole.ee\/wp-content\/uploads\/2023\/04\/House_of_bramasole_logo.png\",\"width\":1031,\"height\":257,\"caption\":\"Bramasole\"},\"image\":{\"@id\":\"https:\/\/bramasole.ee\/en\/#\/schema\/logo\/image\/\"},\"sameAs\":[\"https:\/\/www.facebook.com\/houseofbramasole\",\"https:\/\/www.instagram.com\/houseofbramasole\/\"]}]}<\/script>\n<meta property=\"product:price:amount\" content=\"44.10\" \/>\n<meta property=\"product:price:currency\" content=\"EUR\" \/>\n<meta property=\"og:availability\" content=\"out of stock\" \/>\n<meta property=\"product:availability\" content=\"out of stock\" \/>\n<meta property=\"product:condition\" content=\"new\" \/>\n<!-- \/ Yoast SEO Premium plugin. -->","yoast_head_json":{"title":"Pecorino D\u2019Abruzzo BIO, IGT 3 L - Bramasole","robots":{"index":"index","follow":"follow","max-snippet":"max-snippet:-1","max-image-preview":"max-image-preview:large","max-video-preview":"max-video-preview:-1"},"canonical":"https:\/\/bramasole.ee\/en\/toode\/pecorino-dabruzzo-bio-igt-3-l\/","og_locale":"en_US","og_type":"article","og_title":"Pecorino D\u2019Abruzzo BIO, IGT 3 L","og_description":"It originates from one of the most suitable areas of Abruzzo for growing wine, from an old vineyard trained with the Tendon-system, at an ideal altitude to ensure a formidable thermal excursion and with a magnificent exposure.","og_url":"https:\/\/bramasole.ee\/en\/toode\/pecorino-dabruzzo-bio-igt-3-l\/","og_site_name":"Bramasole","article_publisher":"https:\/\/www.facebook.com\/houseofbramasole","article_modified_time":"2023-05-02T05:42:45+00:00","og_image":[{"width":650,"height":890,"url":"https:\/\/bramasole.ee\/wp-content\/uploads\/2023\/03\/PECORINO-3L-bramasole-1.jpeg","type":"image\/jpeg"}],"twitter_card":"summary_large_image","twitter_misc":{"Price":"&euro;44.10","Availability":"Out of stock"},"schema":{"@context":"https:\/\/schema.org","@graph":[{"@type":"WebPage","@id":"https:\/\/bramasole.ee\/en\/toode\/pecorino-dabruzzo-bio-igt-3-l\/","url":"https:\/\/bramasole.ee\/en\/toode\/pecorino-dabruzzo-bio-igt-3-l\/","name":"Pecorino D\u2019Abruzzo BIO, IGT 3 L - Bramasole","isPartOf":{"@id":"https:\/\/bramasole.ee\/en\/#website"},"primaryImageOfPage":{"@id":"https:\/\/bramasole.ee\/en\/toode\/pecorino-dabruzzo-bio-igt-3-l\/#primaryimage"},"image":{"@id":"https:\/\/bramasole.ee\/en\/toode\/pecorino-dabruzzo-bio-igt-3-l\/#primaryimage"},"thumbnailUrl":"https:\/\/bramasole.ee\/wp-content\/uploads\/2023\/03\/PECORINO-3L-bramasole-1.jpeg","datePublished":"2023-03-14T06:39:23+00:00","dateModified":"2023-05-02T05:42:45+00:00","breadcrumb":{"@id":"https:\/\/bramasole.ee\/en\/toode\/pecorino-dabruzzo-bio-igt-3-l\/#breadcrumb"},"inLanguage":"en-US","potentialAction":[{"@type":"ReadAction","target":["https:\/\/bramasole.ee\/en\/toode\/pecorino-dabruzzo-bio-igt-3-l\/"]}]},{"@type":"ImageObject","inLanguage":"en-US","@id":"https:\/\/bramasole.ee\/en\/toode\/pecorino-dabruzzo-bio-igt-3-l\/#primaryimage","url":"https:\/\/bramasole.ee\/wp-content\/uploads\/2023\/03\/PECORINO-3L-bramasole-1.jpeg","contentUrl":"https:\/\/bramasole.ee\/wp-content\/uploads\/2023\/03\/PECORINO-3L-bramasole-1.jpeg","width":650,"height":890},{"@type":"BreadcrumbList","@id":"https:\/\/bramasole.ee\/en\/toode\/pecorino-dabruzzo-bio-igt-3-l\/#breadcrumb","itemListElement":[{"@type":"ListItem","position":1,"name":"Home","item":"https:\/\/bramasole.ee\/en\/"},{"@type":"ListItem","position":2,"name":"VEINIPOOD","item":"https:\/\/bramasole.ee\/veinipood\/"},{"@type":"ListItem","position":3,"name":"Pecorino D\u2019Abruzzo BIO, IGT 3 L"}]},{"@type":"WebSite","@id":"https:\/\/bramasole.ee\/en\/#website","url":"https:\/\/bramasole.ee\/en\/","name":"Bramasole","description":"Bramasole veinipood - ainult hea vein!","publisher":{"@id":"https:\/\/bramasole.ee\/en\/#organization"},"alternateName":"Bramasole veinid","potentialAction":[{"@type":"SearchAction","target":{"@type":"EntryPoint","urlTemplate":"https:\/\/bramasole.ee\/en\/?s={search_term_string}"},"query-input":{"@type":"PropertyValueSpecification","valueRequired":true,"valueName":"search_term_string"}}],"inLanguage":"en-US"},{"@type":"Organization","@id":"https:\/\/bramasole.ee\/en\/#organization","name":"Bramasole","url":"https:\/\/bramasole.ee\/en\/","logo":{"@type":"ImageObject","inLanguage":"en-US","@id":"https:\/\/bramasole.ee\/en\/#\/schema\/logo\/image\/","url":"https:\/\/bramasole.ee\/wp-content\/uploads\/2023\/04\/House_of_bramasole_logo.png","contentUrl":"https:\/\/bramasole.ee\/wp-content\/uploads\/2023\/04\/House_of_bramasole_logo.png","width":1031,"height":257,"caption":"Bramasole"},"image":{"@id":"https:\/\/bramasole.ee\/en\/#\/schema\/logo\/image\/"},"sameAs":["https:\/\/www.facebook.com\/houseofbramasole","https:\/\/www.instagram.com\/houseofbramasole\/"]}]},"product_price_amount":"44.10","product_price_currency":"EUR","og_availability":"out of stock","product_availability":"out of stock","product_condition":"new"},"_links":{"self":[{"href":"https:\/\/bramasole.ee\/en\/wp-json\/wp\/v2\/product\/1846","targetHints":{"allow":["GET"]}}],"collection":[{"href":"https:\/\/bramasole.ee\/en\/wp-json\/wp\/v2\/product"}],"about":[{"href":"https:\/\/bramasole.ee\/en\/wp-json\/wp\/v2\/types\/product"}],"replies":[{"embeddable":true,"href":"https:\/\/bramasole.ee\/en\/wp-json\/wp\/v2\/comments?post=1846"}],"wp:featuredmedia":[{"embeddable":true,"href":"https:\/\/bramasole.ee\/en\/wp-json\/wp\/v2\/media\/1738"}],"wp:attachment":[{"href":"https:\/\/bramasole.ee\/en\/wp-json\/wp\/v2\/media?parent=1846"}],"wp:term":[{"taxonomy":"product_brand","embeddable":true,"href":"https:\/\/bramasole.ee\/en\/wp-json\/wp\/v2\/product_brand?post=1846"},{"taxonomy":"product_cat","embeddable":true,"href":"https:\/\/bramasole.ee\/en\/wp-json\/wp\/v2\/product_cat?post=1846"},{"taxonomy":"product_tag","embeddable":true,"href":"https:\/\/bramasole.ee\/en\/wp-json\/wp\/v2\/product_tag?post=1846"}],"curies":[{"name":"wp","href":"https:\/\/api.w.org\/{rel}","templated":true}]}}