{"id":1368,"date":"2023-01-12T11:18:54","date_gmt":"2023-01-12T09:18:54","guid":{"rendered":"https:\/\/bramasole.ee\/?post_type=product&#038;p=1368"},"modified":"2024-03-13T08:42:37","modified_gmt":"2024-03-13T06:42:37","slug":"raboso-piave-doc","status":"publish","type":"product","link":"https:\/\/bramasole.ee\/en\/Toode\/raboso-piave-doc\/","title":{"rendered":"Raboso Piave DOC"},"content":{"rendered":"<h4>Raboso Piave DOC &#8211; punane kuiv vein.<\/h4>\n<p>Veinil on s\u00fcgav granaatpunane toon erksa rubiinpunase peegeldusega. Sametiselt pehme maitsega, veinis on tunda kirssi ja ploomi. See vein on tasakaalus, maitses v\u00e4rskeid k\u00fcpseid marju koos tumeda kakao rikkaliku aktsendiga.<\/p>\n<p>Intrigeeriv ja maitsvalt ahvatlev vein. Aroomid tumedast \u0161okolaadist, ploomist, mustast kirsist, seedripuud ja estragoni. Intensiivne l\u00f5hnabukett marjadest, v\u00e4rskeist \u00fcrtidest. R\u00f6stiste nootidega, lisandiks mineraalsus.<\/p>\n<p>Raboso on kohalik vein, Marca Trevigiana s\u00fcmbol. Kohalike v\u00e4\u00e4rtuste ja traditsioonide austamine on p\u00f5hiline: happesus, tanniinid ja maitse on elegantne ja tasakaalustatud. Tanniinid on pehmed t\u00e4nu pikaajalisele laagerdumisele puitvaatides. Valmistatud 100% Raboso Veronese viinamarjadest ja laagerdunud 7 aastat kasutatud tammevaatides. See on vein, mis on m\u00f5eldud pikaks elueaks. Veini arenedes tuleb esile veelgi rohkem n\u00fcansse. Sobib suurep\u00e4raselt grillitud liha, hautiste, punase liha hautiste ja vanemate juustudega.<\/p>\n","protected":false},"excerpt":{"rendered":"<h4>Raboso Piave DOC &#8211; punane kuiv vein.<\/h4>\n<p>Intrigeeriv ja maitsvalt ahvatlev vein. Aroomid tumedast \u0161okolaadist, ploomist, mustast kirsist, seedripuud ja estragoni. Intensiivne l\u00f5hnabukett marjadest, v\u00e4rskeist \u00fcrtidest. R\u00f6stiste nootidega, lisandiks mineraalsus.<\/p>\n<p>&nbsp;<\/p>\n","protected":false},"featured_media":1371,"comment_status":"closed","ping_status":"closed","template":"","meta":[],"product_brand":[],"product_cat":[17],"product_tag":[],"class_list":{"0":"post-1368","1":"product","2":"type-product","3":"status-publish","4":"has-post-thumbnail","6":"product_cat-punane-vein","7":"description-off","9":"first","10":"instock","11":"taxable","12":"shipping-taxable","13":"purchasable","14":"product-type-simple"},"yoast_head":"<!-- This site is optimized with the Yoast SEO Premium plugin v23.0 (Yoast SEO v25.3.1) - https:\/\/yoast.com\/wordpress\/plugins\/seo\/ -->\n<title>Raboso Piave DOC - Bramasole<\/title>\n<meta name=\"description\" content=\"Raboso Piave DOC - kuiv punane vein. Kvalieetveinid Itaaliast ja Prantsusmaalt. Veiniklubiliikmele e-poest 20% soodsam! www.bramasole.ee\" \/>\n<meta name=\"robots\" content=\"index, follow, max-snippet:-1, max-image-preview:large, max-video-preview:-1\" \/>\n<link rel=\"canonical\" href=\"https:\/\/bramasole.ee\/en\/Toode\/raboso-piave-doc\/\" \/>\n<meta property=\"og:locale\" content=\"en_US\" \/>\n<meta property=\"og:type\" content=\"article\" \/>\n<meta property=\"og:title\" content=\"Raboso Piave DOC\" \/>\n<meta property=\"og:description\" content=\"Raboso Piave DOC - kuiv punane vein. Kvalieetveinid Itaaliast ja Prantsusmaalt. Veiniklubiliikmele e-poest 20% soodsam! www.bramasole.ee\" \/>\n<meta property=\"og:url\" content=\"https:\/\/bramasole.ee\/en\/Toode\/raboso-piave-doc\/\" \/>\n<meta property=\"og:site_name\" content=\"Bramasole\" \/>\n<meta property=\"article:publisher\" content=\"https:\/\/www.facebook.com\/houseofbramasole\" \/>\n<meta property=\"article:modified_time\" content=\"2024-03-13T06:42:37+00:00\" \/>\n<meta property=\"og:image\" content=\"https:\/\/bramasole.ee\/wp-content\/uploads\/2023\/01\/Raboso-Moletto-Bramasole.jpeg\" \/>\n\t<meta property=\"og:image:width\" content=\"1240\" \/>\n\t<meta property=\"og:image:height\" content=\"1754\" \/>\n\t<meta property=\"og:image:type\" content=\"image\/jpeg\" \/>\n<meta name=\"twitter:card\" content=\"summary_large_image\" \/>\n<meta name=\"twitter:label1\" content=\"Price\" \/>\n\t<meta name=\"twitter:data1\" content=\"&euro;22.60\" \/>\n\t<meta name=\"twitter:label2\" content=\"Availability\" \/>\n\t<meta name=\"twitter:data2\" content=\"In stock\" \/>\n<script type=\"application\/ld+json\" class=\"yoast-schema-graph\">{\"@context\":\"https:\/\/schema.org\",\"@graph\":[{\"@type\":\"WebPage\",\"@id\":\"https:\/\/bramasole.ee\/en\/Toode\/raboso-piave-doc\/\",\"url\":\"https:\/\/bramasole.ee\/en\/Toode\/raboso-piave-doc\/\",\"name\":\"Raboso Piave DOC - Bramasole\",\"isPartOf\":{\"@id\":\"https:\/\/bramasole.ee\/en\/#website\"},\"primaryImageOfPage\":{\"@id\":\"https:\/\/bramasole.ee\/en\/Toode\/raboso-piave-doc\/#primaryimage\"},\"image\":{\"@id\":\"https:\/\/bramasole.ee\/en\/Toode\/raboso-piave-doc\/#primaryimage\"},\"thumbnailUrl\":\"https:\/\/bramasole.ee\/wp-content\/uploads\/2023\/01\/Raboso-Moletto-Bramasole.jpeg\",\"datePublished\":\"2023-01-12T09:18:54+00:00\",\"dateModified\":\"2024-03-13T06:42:37+00:00\",\"description\":\"Raboso Piave DOC - kuiv punane vein. Kvalieetveinid Itaaliast ja Prantsusmaalt. Veiniklubiliikmele e-poest 20% soodsam! www.bramasole.ee\",\"breadcrumb\":{\"@id\":\"https:\/\/bramasole.ee\/en\/Toode\/raboso-piave-doc\/#breadcrumb\"},\"inLanguage\":\"en-US\",\"potentialAction\":[{\"@type\":\"ReadAction\",\"target\":[\"https:\/\/bramasole.ee\/en\/Toode\/raboso-piave-doc\/\"]}]},{\"@type\":\"ImageObject\",\"inLanguage\":\"en-US\",\"@id\":\"https:\/\/bramasole.ee\/en\/Toode\/raboso-piave-doc\/#primaryimage\",\"url\":\"https:\/\/bramasole.ee\/wp-content\/uploads\/2023\/01\/Raboso-Moletto-Bramasole.jpeg\",\"contentUrl\":\"https:\/\/bramasole.ee\/wp-content\/uploads\/2023\/01\/Raboso-Moletto-Bramasole.jpeg\",\"width\":1240,\"height\":1754,\"caption\":\"Raboso Veronese Moletto\"},{\"@type\":\"BreadcrumbList\",\"@id\":\"https:\/\/bramasole.ee\/en\/Toode\/raboso-piave-doc\/#breadcrumb\",\"itemListElement\":[{\"@type\":\"ListItem\",\"position\":1,\"name\":\"Home\",\"item\":\"https:\/\/bramasole.ee\/en\/\"},{\"@type\":\"ListItem\",\"position\":2,\"name\":\"VEINIPOOD\",\"item\":\"https:\/\/bramasole.ee\/veinipood\/\"},{\"@type\":\"ListItem\",\"position\":3,\"name\":\"Raboso Piave DOC\"}]},{\"@type\":\"WebSite\",\"@id\":\"https:\/\/bramasole.ee\/en\/#website\",\"url\":\"https:\/\/bramasole.ee\/en\/\",\"name\":\"Bramasole\",\"description\":\"Bramasole veinipood - ainult hea vein!\",\"publisher\":{\"@id\":\"https:\/\/bramasole.ee\/en\/#organization\"},\"alternateName\":\"Bramasole veinid\",\"potentialAction\":[{\"@type\":\"SearchAction\",\"target\":{\"@type\":\"EntryPoint\",\"urlTemplate\":\"https:\/\/bramasole.ee\/en\/?s={search_term_string}\"},\"query-input\":{\"@type\":\"PropertyValueSpecification\",\"valueRequired\":true,\"valueName\":\"search_term_string\"}}],\"inLanguage\":\"en-US\"},{\"@type\":\"Organization\",\"@id\":\"https:\/\/bramasole.ee\/en\/#organization\",\"name\":\"Bramasole\",\"url\":\"https:\/\/bramasole.ee\/en\/\",\"logo\":{\"@type\":\"ImageObject\",\"inLanguage\":\"en-US\",\"@id\":\"https:\/\/bramasole.ee\/en\/#\/schema\/logo\/image\/\",\"url\":\"https:\/\/bramasole.ee\/wp-content\/uploads\/2023\/04\/House_of_bramasole_logo.png\",\"contentUrl\":\"https:\/\/bramasole.ee\/wp-content\/uploads\/2023\/04\/House_of_bramasole_logo.png\",\"width\":1031,\"height\":257,\"caption\":\"Bramasole\"},\"image\":{\"@id\":\"https:\/\/bramasole.ee\/en\/#\/schema\/logo\/image\/\"},\"sameAs\":[\"https:\/\/www.facebook.com\/houseofbramasole\",\"https:\/\/www.instagram.com\/houseofbramasole\/\"]}]}<\/script>\n<meta property=\"product:price:amount\" content=\"22.60\" \/>\n<meta property=\"product:price:currency\" content=\"EUR\" \/>\n<meta property=\"og:availability\" content=\"instock\" \/>\n<meta property=\"product:availability\" content=\"instock\" \/>\n<meta property=\"product:retailer_item_id\" content=\"13922\" \/>\n<meta property=\"product:condition\" content=\"new\" \/>\n<!-- \/ Yoast SEO Premium plugin. -->","yoast_head_json":{"title":"Raboso Piave DOC - Bramasole","description":"Raboso Piave DOC - kuiv punane vein. Kvalieetveinid Itaaliast ja Prantsusmaalt. Veiniklubiliikmele e-poest 20% soodsam! www.bramasole.ee","robots":{"index":"index","follow":"follow","max-snippet":"max-snippet:-1","max-image-preview":"max-image-preview:large","max-video-preview":"max-video-preview:-1"},"canonical":"https:\/\/bramasole.ee\/en\/Toode\/raboso-piave-doc\/","og_locale":"en_US","og_type":"article","og_title":"Raboso Piave DOC","og_description":"Raboso Piave DOC - kuiv punane vein. Kvalieetveinid Itaaliast ja Prantsusmaalt. Veiniklubiliikmele e-poest 20% soodsam! www.bramasole.ee","og_url":"https:\/\/bramasole.ee\/en\/Toode\/raboso-piave-doc\/","og_site_name":"Bramasole","article_publisher":"https:\/\/www.facebook.com\/houseofbramasole","article_modified_time":"2024-03-13T06:42:37+00:00","og_image":[{"width":1240,"height":1754,"url":"https:\/\/bramasole.ee\/wp-content\/uploads\/2023\/01\/Raboso-Moletto-Bramasole.jpeg","type":"image\/jpeg"}],"twitter_card":"summary_large_image","twitter_misc":{"Price":"&euro;22.60","Availability":"In stock"},"schema":{"@context":"https:\/\/schema.org","@graph":[{"@type":"WebPage","@id":"https:\/\/bramasole.ee\/en\/Toode\/raboso-piave-doc\/","url":"https:\/\/bramasole.ee\/en\/Toode\/raboso-piave-doc\/","name":"Raboso Piave DOC - Bramasole","isPartOf":{"@id":"https:\/\/bramasole.ee\/en\/#website"},"primaryImageOfPage":{"@id":"https:\/\/bramasole.ee\/en\/Toode\/raboso-piave-doc\/#primaryimage"},"image":{"@id":"https:\/\/bramasole.ee\/en\/Toode\/raboso-piave-doc\/#primaryimage"},"thumbnailUrl":"https:\/\/bramasole.ee\/wp-content\/uploads\/2023\/01\/Raboso-Moletto-Bramasole.jpeg","datePublished":"2023-01-12T09:18:54+00:00","dateModified":"2024-03-13T06:42:37+00:00","description":"Raboso Piave DOC - kuiv punane vein. Kvalieetveinid Itaaliast ja Prantsusmaalt. Veiniklubiliikmele e-poest 20% soodsam! www.bramasole.ee","breadcrumb":{"@id":"https:\/\/bramasole.ee\/en\/Toode\/raboso-piave-doc\/#breadcrumb"},"inLanguage":"en-US","potentialAction":[{"@type":"ReadAction","target":["https:\/\/bramasole.ee\/en\/Toode\/raboso-piave-doc\/"]}]},{"@type":"ImageObject","inLanguage":"en-US","@id":"https:\/\/bramasole.ee\/en\/Toode\/raboso-piave-doc\/#primaryimage","url":"https:\/\/bramasole.ee\/wp-content\/uploads\/2023\/01\/Raboso-Moletto-Bramasole.jpeg","contentUrl":"https:\/\/bramasole.ee\/wp-content\/uploads\/2023\/01\/Raboso-Moletto-Bramasole.jpeg","width":1240,"height":1754,"caption":"Raboso Veronese Moletto"},{"@type":"BreadcrumbList","@id":"https:\/\/bramasole.ee\/en\/Toode\/raboso-piave-doc\/#breadcrumb","itemListElement":[{"@type":"ListItem","position":1,"name":"Home","item":"https:\/\/bramasole.ee\/en\/"},{"@type":"ListItem","position":2,"name":"VEINIPOOD","item":"https:\/\/bramasole.ee\/veinipood\/"},{"@type":"ListItem","position":3,"name":"Raboso Piave DOC"}]},{"@type":"WebSite","@id":"https:\/\/bramasole.ee\/en\/#website","url":"https:\/\/bramasole.ee\/en\/","name":"Bramasole","description":"Bramasole veinipood - ainult hea vein!","publisher":{"@id":"https:\/\/bramasole.ee\/en\/#organization"},"alternateName":"Bramasole veinid","potentialAction":[{"@type":"SearchAction","target":{"@type":"EntryPoint","urlTemplate":"https:\/\/bramasole.ee\/en\/?s={search_term_string}"},"query-input":{"@type":"PropertyValueSpecification","valueRequired":true,"valueName":"search_term_string"}}],"inLanguage":"en-US"},{"@type":"Organization","@id":"https:\/\/bramasole.ee\/en\/#organization","name":"Bramasole","url":"https:\/\/bramasole.ee\/en\/","logo":{"@type":"ImageObject","inLanguage":"en-US","@id":"https:\/\/bramasole.ee\/en\/#\/schema\/logo\/image\/","url":"https:\/\/bramasole.ee\/wp-content\/uploads\/2023\/04\/House_of_bramasole_logo.png","contentUrl":"https:\/\/bramasole.ee\/wp-content\/uploads\/2023\/04\/House_of_bramasole_logo.png","width":1031,"height":257,"caption":"Bramasole"},"image":{"@id":"https:\/\/bramasole.ee\/en\/#\/schema\/logo\/image\/"},"sameAs":["https:\/\/www.facebook.com\/houseofbramasole","https:\/\/www.instagram.com\/houseofbramasole\/"]}]},"product_price_amount":"22.60","product_price_currency":"EUR","og_availability":"instock","product_availability":"instock","product_retailer_item_id":"13922","product_condition":"new"},"_links":{"self":[{"href":"https:\/\/bramasole.ee\/en\/wp-json\/wp\/v2\/product\/1368","targetHints":{"allow":["GET"]}}],"collection":[{"href":"https:\/\/bramasole.ee\/en\/wp-json\/wp\/v2\/product"}],"about":[{"href":"https:\/\/bramasole.ee\/en\/wp-json\/wp\/v2\/types\/product"}],"replies":[{"embeddable":true,"href":"https:\/\/bramasole.ee\/en\/wp-json\/wp\/v2\/comments?post=1368"}],"wp:featuredmedia":[{"embeddable":true,"href":"https:\/\/bramasole.ee\/en\/wp-json\/wp\/v2\/media\/1371"}],"wp:attachment":[{"href":"https:\/\/bramasole.ee\/en\/wp-json\/wp\/v2\/media?parent=1368"}],"wp:term":[{"taxonomy":"product_brand","embeddable":true,"href":"https:\/\/bramasole.ee\/en\/wp-json\/wp\/v2\/product_brand?post=1368"},{"taxonomy":"product_cat","embeddable":true,"href":"https:\/\/bramasole.ee\/en\/wp-json\/wp\/v2\/product_cat?post=1368"},{"taxonomy":"product_tag","embeddable":true,"href":"https:\/\/bramasole.ee\/en\/wp-json\/wp\/v2\/product_tag?post=1368"}],"curies":[{"name":"wp","href":"https:\/\/api.w.org\/{rel}","templated":true}]}}