{"id":2251,"date":"2023-01-03T14:21:15","date_gmt":"2023-01-03T12:21:15","guid":{"rendered":"https:\/\/bramasole.ee\/privaatsustingimused\/"},"modified":"2023-05-03T10:25:47","modified_gmt":"2023-05-03T07:25:47","slug":"privacy-terms","status":"publish","type":"page","link":"https:\/\/bramasole.ee\/en\/privacy-terms\/","title":{"rendered":"Privacy Terms"},"content":{"rendered":"<p>[vc_row css_animation=&#8221;&#8221;][vc_column css_animation=&#8221;&#8221;][vc_column_text css_animation=&#8221;&#8221;]<\/p>\r\n<h5 style=\"text-align: justify;\"><span class=\"zn-uppercase zn-fontweight zn-lineheight\" style=\"color: #000000; text-transform: uppercase; font-weight: 600; line-height: 22px; font-family: 'Open Sans'; font-size: 16px;\">ISIKUANDMETE KOGUMINE JA KASUTAMINE<\/span><\/h5>\r\n<p style=\"text-align: justify;\"><span class=\"zn-lineheight\" style=\"line-height: 22px; font-family: 'Open Sans'; font-size: 16px; color: #000000;\">Isikuandmed on Teie, kui eraisikuga konkreetselt v\u00f5i kaudselt seostatavad andmed, mida Bramasole O\u00dc kogub ja t\u00f6\u00f6tleb \u00fcksikisikuga s\u00f5lmitud lepingu t\u00e4itmiseks v\u00f5i temaga \u00fchenduse v\u00f5tmiseks ning seadustest tulenevate kohustuste t\u00e4itmiseks. Isikuandmete kogumine v\u00f5ib toimuda ostu\u00a0v\u00f5i\u00a0tellimuse\u00a0esitamisel meie e-poes v\u00f5i\u00a0kauplustes.<\/span><\/p>\r\n<p><span style=\"color: #000000; font-family: 'Open Sans'; font-size: 17px;\">\u201cBramasole O\u00dc on isikuandmete vastutav t\u00f6\u00f6tleja, Bramasole O\u00dc edastab maksete teostamiseks vajalikud isikuandmed volitatud t\u00f6\u00f6tleja Esto AS-le.\u201d<\/span><\/p>\r\n<p style=\"text-align: justify;\"><span class=\"zn-lineheight\" style=\"color: #000000; line-height: 22px; font-size: 16px;\"><span class=\"zn-fontweight\" style=\"font-weight: 600;\">Kogutavad isikuandmed on: Teie nimi, postiaadress, tarneaadress,\u00a0telefoninumber,\u00a0e-posti\u00a0aadress.<\/span><\/span><\/p>\r\n<p style=\"text-align: justify;\"><span class=\"zn-fontweight zn-uppercase zn-lineheight\" style=\"color: #000000; font-weight: 600; text-transform: uppercase; line-height: 22px; font-size: 16px;\">MUUDE ANDMETE KOGUMINE<\/span><\/p>\r\n<p style=\"text-align: left;\"><span style=\"color: #000000; font-family: 'Open Sans'; font-size: 16px;\">V\u00f5ime koguda ka andmeid klienditegevuste kohta meie veebisaidil. Need andmed koondatakse ja neid kasutatakse selleks, et saaksime klientidele edastada kasulikumat teavet ja saaksime teada, millised veebisaidi, toodete ja teenuste osad on k\u00f5ige huvipakkuvamad. Koondandmeid k\u00e4sitletakse selles privaatsuspoliitikas isikustamata andmetena.<\/span><\/p>\r\n<p style=\"text-align: left;\"><span class=\"zn-uppercase zn-fontweight\" style=\"color: #000000; text-transform: uppercase; font-weight: 600; font-size: 16px;\">KOGUTUD ISIKUANDMETE KASUTAMINE JA S\u00c4ILITAMINE<\/span><\/p>\r\n<p style=\"text-align: left;\"><span style=\"font-family: 'Open Sans'; font-size: 16px; color: #000000;\">Kogutud isikuandmete\u00a0<span class=\"zn-lineheight zn-letterspacing\" style=\"line-height: 19.5px; letter-spacing: 0px;\">abil<\/span> saame teavitada kliente tooteuudistest, kampaaniatest ja tulevastest pakkumistest. Klient, kes ei soovi olla meie uudiskirjaloendis v\u00f5i saada teavitusi teda huvitada v\u00f5ivatest toodetest, saab ennast adressaatide sihtr\u00fchmast igal ajal eemaldada. Kogutud isikuandmeid kasutame ka kauba kohaletoimetamiseks ning kliendi ees v\u00f5etud kohustuste t\u00e4itmiseks. Privaatsuspoliitika tingimustega n\u00f5ustumisel annab klient n\u00f5usoleku enda andmete t\u00f6\u00f6tlemiseks. V\u00f5ite alati oma n\u00f5usoleku tagasi v\u00f5tta kirjalikku taasesitamist v\u00f5imaldavas vormis avalduse tegemisega. Tagasiulatuvat j\u00f5udu avaldusel ega n\u00f5usoleku tagasiv\u00f5tmisel ei ole. Kliendi paremaks teenindamiseks v\u00f5ime avaldada teavet kasutajate kohta kolmandale osapoolele, kes osutab Bramasole O\u00dc\u2019le teenuseid ning on lepinguga kohustunud hoidma jagatud teavet konfidentsiaalsena. Kolmandaks osapooleks on n\u00e4iteks meie partner, kelle \u00fclesanneteks on m\u00fc\u00fcdavate kaupade transport ning Esto\u00a0 AS.\u00a0\u00a0Kliendi isikuandmeid s\u00e4ilitame kuni klient avaldab soovi andmete kustutamiseks. Andmeid, mida oleme kohustatud s\u00e4ilitama \u00f5igusaktidest tulenevalt (nt. raamatupidamisandmed), s\u00e4ilitab Bramasole O\u00dc \u00f5igusaktides s\u00e4testatud n\u00f5uetest l\u00e4htuvalt.<\/span><\/p>\r\n<p style=\"text-align: left;\"><span style=\"color: #000000; font-family: 'Open Sans'; font-size: 16px;\">\u2022 Kliendil on \u00f5igus saada teavet milliseid andmeid ja kuidas me t\u00f6\u00f6tleme.<\/span><\/p>\r\n<p style=\"text-align: left;\"><span style=\"color: #000000; font-family: 'Open Sans'; font-size: 16px;\">\u2022 Kliendil on \u00f5igus n\u00f5uda oma andmete t\u00f6\u00f6tlemise l\u00f5petamist.<\/span><\/p>\r\n<p style=\"text-align: left;\"><span style=\"color: #000000; font-family: 'Open Sans'; font-size: 16px;\">\u2022 Kliendil on \u00f5igus n\u00f5uda oma isikuandmete kustutamist.<\/span><\/p>\r\n<p style=\"text-align: left;\"><span style=\"color: #000000; font-family: 'Open Sans'; font-size: 16px;\">\u2022 Kliendil on \u00f5igus p\u00f6\u00f6rduda oma \u00f5iguste kaitsmiseks Andmekaitse Inspektisooni v\u00f5i kohtu poole. Teabe saamisks peate esitama digiallkirjastatud p\u00e4ringu e-posti aadressile info@miaviagastro.ee. Teie p\u00e4ringule vastatakse hiljemalt 30 p\u00e4eva jooksul alates p\u00e4ringu k\u00e4ttesaamisest.<\/span><\/p>\r\n<p style=\"text-align: left;\"><span style=\"color: #000000; font-family: 'Open Sans'; font-size: 16px;\">Isikuandmete kaitse Bramasole O\u00dc rakendab k\u00f5iki ettevaatusabin\u00f5usid (sh administratiivsed, tehnilised ja f\u00fc\u00fcsilised meetmed) kliendi isikuandmete kaitsmiseks. Juurdep\u00e4\u00e4s andmete muutmiseks ja t\u00f6\u00f6tlemiseks on ainult selleks volitatud isikutel.<\/span><\/p>\r\n<p style=\"text-align: left;\"><span class=\"zn-uppercase zn-fontweight\" style=\"color: #000000; text-transform: uppercase; font-weight: 600; font-size: 16px;\">PRIVAATSUSPOLIITIKA TINGIMUSED JA MUUDATUSED<\/span><\/p>\r\n<p style=\"text-align: left;\"><span style=\"color: #000000; font-family: 'Open Sans'; font-size: 16px;\">Meie e-poes ostu v\u00f5i tellimuse sooritamisega olete k\u00e4esolevate p\u00f5him\u00f5tete ja tingimustega tutvunud ning nendega n\u00f5ustunud. J\u00e4tame endale \u00f5iguse vajadusel privaatsuspoliitika \u00fcldtingimusi muuta, kuid anname oma parima, et hoida meie privaatsuspoliitika ajakohase ja Teile k\u00e4ttesaadavana meie kodulehel. Kliendi isikuandmete vastutavaks t\u00f6\u00f6tlejaks on Bramasole O\u00dc. K\u00f5igi privaatsuspoliitika v\u00f5i andmet\u00f6\u00f6tluse kohta tekkivate k\u00fcsimuste v\u00f5i muredega palume v\u00f5tta \u00fchendust aadressil info@bramasole.ee<\/span><\/p>\r\n<!-- \/wp:post-content -->\r\n<p>&nbsp;<\/p>\r\n<p>[\/vc_column_text][\/vc_column][\/vc_row]<\/p>","protected":false},"excerpt":{"rendered":"<p>[vc_row css_animation=&#8221;&#8221;][vc_column css_animation=&#8221;&#8221;][vc_column_text css_animation=&#8221;&#8221;] ISIKUANDMETE KOGUMINE JA KASUTAMINE Isikuandmed on Teie, kui eraisikuga konkreetselt v\u00f5i kaudselt seostatavad andmed, mida Bramasole O\u00dc kogub ja t\u00f6\u00f6tleb \u00fcksikisikuga s\u00f5lmitud lepingu t\u00e4itmiseks v\u00f5i temaga&hellip;<\/p>\n","protected":false},"author":1,"featured_media":0,"parent":0,"menu_order":0,"comment_status":"closed","ping_status":"open","template":"","meta":{"footnotes":""},"class_list":["post-2251","page","type-page","status-publish","hentry","description-off"],"yoast_head":"<!-- This site is optimized with the Yoast SEO Premium plugin v23.0 (Yoast SEO v25.3.1) - https:\/\/yoast.com\/wordpress\/plugins\/seo\/ -->\n<title>Privacy Terms - Bramasole<\/title>\n<meta name=\"robots\" content=\"index, follow, max-snippet:-1, max-image-preview:large, max-video-preview:-1\" \/>\n<link rel=\"canonical\" href=\"https:\/\/bramasole.ee\/en\/privacy-terms\/\" \/>\n<meta property=\"og:locale\" content=\"en_US\" \/>\n<meta property=\"og:type\" content=\"article\" \/>\n<meta property=\"og:title\" content=\"Privacy Terms\" \/>\n<meta property=\"og:description\" content=\"[vc_row css_animation=&#8221;&#8221;][vc_column css_animation=&#8221;&#8221;][vc_column_text css_animation=&#8221;&#8221;] ISIKUANDMETE KOGUMINE JA KASUTAMINE Isikuandmed on Teie, kui eraisikuga konkreetselt v\u00f5i kaudselt seostatavad andmed, mida Bramasole O\u00dc kogub ja t\u00f6\u00f6tleb \u00fcksikisikuga s\u00f5lmitud lepingu t\u00e4itmiseks v\u00f5i temaga&hellip;\" \/>\n<meta property=\"og:url\" content=\"https:\/\/bramasole.ee\/en\/privacy-terms\/\" \/>\n<meta property=\"og:site_name\" content=\"Bramasole\" \/>\n<meta property=\"article:publisher\" content=\"https:\/\/www.facebook.com\/houseofbramasole\" \/>\n<meta property=\"article:modified_time\" content=\"2023-05-03T07:25:47+00:00\" \/>\n<meta property=\"og:image\" content=\"https:\/\/bramasole.ee\/wp-content\/uploads\/2023\/04\/House_of_bramasole_logo.png\" \/>\n\t<meta property=\"og:image:width\" content=\"1031\" \/>\n\t<meta property=\"og:image:height\" content=\"257\" \/>\n\t<meta property=\"og:image:type\" content=\"image\/png\" \/>\n<meta name=\"twitter:card\" content=\"summary_large_image\" \/>\n<meta name=\"twitter:label1\" content=\"Est. reading time\" \/>\n\t<meta name=\"twitter:data1\" content=\"2 minutes\" \/>\n<script type=\"application\/ld+json\" class=\"yoast-schema-graph\">{\"@context\":\"https:\/\/schema.org\",\"@graph\":[{\"@type\":\"WebPage\",\"@id\":\"https:\/\/bramasole.ee\/en\/privacy-terms\/\",\"url\":\"https:\/\/bramasole.ee\/en\/privacy-terms\/\",\"name\":\"Privacy Terms - Bramasole\",\"isPartOf\":{\"@id\":\"https:\/\/bramasole.ee\/en\/#website\"},\"datePublished\":\"2023-01-03T12:21:15+00:00\",\"dateModified\":\"2023-05-03T07:25:47+00:00\",\"breadcrumb\":{\"@id\":\"https:\/\/bramasole.ee\/en\/privacy-terms\/#breadcrumb\"},\"inLanguage\":\"en-US\",\"potentialAction\":[{\"@type\":\"ReadAction\",\"target\":[\"https:\/\/bramasole.ee\/en\/privacy-terms\/\"]}]},{\"@type\":\"BreadcrumbList\",\"@id\":\"https:\/\/bramasole.ee\/en\/privacy-terms\/#breadcrumb\",\"itemListElement\":[{\"@type\":\"ListItem\",\"position\":1,\"name\":\"Home\",\"item\":\"https:\/\/bramasole.ee\/en\/\"},{\"@type\":\"ListItem\",\"position\":2,\"name\":\"Privacy Terms\"}]},{\"@type\":\"WebSite\",\"@id\":\"https:\/\/bramasole.ee\/en\/#website\",\"url\":\"https:\/\/bramasole.ee\/en\/\",\"name\":\"Bramasole\",\"description\":\"Bramasole veinipood - ainult hea vein!\",\"publisher\":{\"@id\":\"https:\/\/bramasole.ee\/en\/#organization\"},\"alternateName\":\"Bramasole veinid\",\"potentialAction\":[{\"@type\":\"SearchAction\",\"target\":{\"@type\":\"EntryPoint\",\"urlTemplate\":\"https:\/\/bramasole.ee\/en\/?s={search_term_string}\"},\"query-input\":{\"@type\":\"PropertyValueSpecification\",\"valueRequired\":true,\"valueName\":\"search_term_string\"}}],\"inLanguage\":\"en-US\"},{\"@type\":\"Organization\",\"@id\":\"https:\/\/bramasole.ee\/en\/#organization\",\"name\":\"Bramasole\",\"url\":\"https:\/\/bramasole.ee\/en\/\",\"logo\":{\"@type\":\"ImageObject\",\"inLanguage\":\"en-US\",\"@id\":\"https:\/\/bramasole.ee\/en\/#\/schema\/logo\/image\/\",\"url\":\"https:\/\/bramasole.ee\/wp-content\/uploads\/2023\/04\/House_of_bramasole_logo.png\",\"contentUrl\":\"https:\/\/bramasole.ee\/wp-content\/uploads\/2023\/04\/House_of_bramasole_logo.png\",\"width\":1031,\"height\":257,\"caption\":\"Bramasole\"},\"image\":{\"@id\":\"https:\/\/bramasole.ee\/en\/#\/schema\/logo\/image\/\"},\"sameAs\":[\"https:\/\/www.facebook.com\/houseofbramasole\",\"https:\/\/www.instagram.com\/houseofbramasole\/\"]}]}<\/script>\n<!-- \/ Yoast SEO Premium plugin. -->","yoast_head_json":{"title":"Privacy Terms - Bramasole","robots":{"index":"index","follow":"follow","max-snippet":"max-snippet:-1","max-image-preview":"max-image-preview:large","max-video-preview":"max-video-preview:-1"},"canonical":"https:\/\/bramasole.ee\/en\/privacy-terms\/","og_locale":"en_US","og_type":"article","og_title":"Privacy Terms","og_description":"[vc_row css_animation=&#8221;&#8221;][vc_column css_animation=&#8221;&#8221;][vc_column_text css_animation=&#8221;&#8221;] ISIKUANDMETE KOGUMINE JA KASUTAMINE Isikuandmed on Teie, kui eraisikuga konkreetselt v\u00f5i kaudselt seostatavad andmed, mida Bramasole O\u00dc kogub ja t\u00f6\u00f6tleb \u00fcksikisikuga s\u00f5lmitud lepingu t\u00e4itmiseks v\u00f5i temaga&hellip;","og_url":"https:\/\/bramasole.ee\/en\/privacy-terms\/","og_site_name":"Bramasole","article_publisher":"https:\/\/www.facebook.com\/houseofbramasole","article_modified_time":"2023-05-03T07:25:47+00:00","og_image":[{"width":1031,"height":257,"url":"https:\/\/bramasole.ee\/wp-content\/uploads\/2023\/04\/House_of_bramasole_logo.png","type":"image\/png"}],"twitter_card":"summary_large_image","twitter_misc":{"Est. reading time":"2 minutes"},"schema":{"@context":"https:\/\/schema.org","@graph":[{"@type":"WebPage","@id":"https:\/\/bramasole.ee\/en\/privacy-terms\/","url":"https:\/\/bramasole.ee\/en\/privacy-terms\/","name":"Privacy Terms - Bramasole","isPartOf":{"@id":"https:\/\/bramasole.ee\/en\/#website"},"datePublished":"2023-01-03T12:21:15+00:00","dateModified":"2023-05-03T07:25:47+00:00","breadcrumb":{"@id":"https:\/\/bramasole.ee\/en\/privacy-terms\/#breadcrumb"},"inLanguage":"en-US","potentialAction":[{"@type":"ReadAction","target":["https:\/\/bramasole.ee\/en\/privacy-terms\/"]}]},{"@type":"BreadcrumbList","@id":"https:\/\/bramasole.ee\/en\/privacy-terms\/#breadcrumb","itemListElement":[{"@type":"ListItem","position":1,"name":"Home","item":"https:\/\/bramasole.ee\/en\/"},{"@type":"ListItem","position":2,"name":"Privacy Terms"}]},{"@type":"WebSite","@id":"https:\/\/bramasole.ee\/en\/#website","url":"https:\/\/bramasole.ee\/en\/","name":"Bramasole","description":"Bramasole veinipood - ainult hea vein!","publisher":{"@id":"https:\/\/bramasole.ee\/en\/#organization"},"alternateName":"Bramasole veinid","potentialAction":[{"@type":"SearchAction","target":{"@type":"EntryPoint","urlTemplate":"https:\/\/bramasole.ee\/en\/?s={search_term_string}"},"query-input":{"@type":"PropertyValueSpecification","valueRequired":true,"valueName":"search_term_string"}}],"inLanguage":"en-US"},{"@type":"Organization","@id":"https:\/\/bramasole.ee\/en\/#organization","name":"Bramasole","url":"https:\/\/bramasole.ee\/en\/","logo":{"@type":"ImageObject","inLanguage":"en-US","@id":"https:\/\/bramasole.ee\/en\/#\/schema\/logo\/image\/","url":"https:\/\/bramasole.ee\/wp-content\/uploads\/2023\/04\/House_of_bramasole_logo.png","contentUrl":"https:\/\/bramasole.ee\/wp-content\/uploads\/2023\/04\/House_of_bramasole_logo.png","width":1031,"height":257,"caption":"Bramasole"},"image":{"@id":"https:\/\/bramasole.ee\/en\/#\/schema\/logo\/image\/"},"sameAs":["https:\/\/www.facebook.com\/houseofbramasole","https:\/\/www.instagram.com\/houseofbramasole\/"]}]}},"_links":{"self":[{"href":"https:\/\/bramasole.ee\/en\/wp-json\/wp\/v2\/pages\/2251","targetHints":{"allow":["GET"]}}],"collection":[{"href":"https:\/\/bramasole.ee\/en\/wp-json\/wp\/v2\/pages"}],"about":[{"href":"https:\/\/bramasole.ee\/en\/wp-json\/wp\/v2\/types\/page"}],"author":[{"embeddable":true,"href":"https:\/\/bramasole.ee\/en\/wp-json\/wp\/v2\/users\/1"}],"replies":[{"embeddable":true,"href":"https:\/\/bramasole.ee\/en\/wp-json\/wp\/v2\/comments?post=2251"}],"version-history":[{"count":2,"href":"https:\/\/bramasole.ee\/en\/wp-json\/wp\/v2\/pages\/2251\/revisions"}],"predecessor-version":[{"id":2253,"href":"https:\/\/bramasole.ee\/en\/wp-json\/wp\/v2\/pages\/2251\/revisions\/2253"}],"wp:attachment":[{"href":"https:\/\/bramasole.ee\/en\/wp-json\/wp\/v2\/media?parent=2251"}],"curies":[{"name":"wp","href":"https:\/\/api.w.org\/{rel}","templated":true}]}}