{"id":2248,"date":"2023-03-22T15:19:53","date_gmt":"2023-03-22T13:19:53","guid":{"rendered":"https:\/\/bramasole.ee\/muugitingimused\/"},"modified":"2023-05-03T10:23:27","modified_gmt":"2023-05-03T07:23:27","slug":"terms-of-sale","status":"publish","type":"page","link":"https:\/\/bramasole.ee\/en\/terms-of-sale\/","title":{"rendered":"Terms of sale"},"content":{"rendered":"<p>[vc_row css_animation=&#8221;&#8221;][vc_column css_animation=&#8221;&#8221;][vc_column_text css_animation=&#8221;&#8221;]<\/p>\n<p style=\"font-size: 13px; text-align: start;\"><span class=\"zn-uppercase zn-fontweight\" style=\"text-transform: uppercase; color: #000000; font-weight: 500;\">VEEBIPOE<span class=\"zn-fontweight\" style=\"font-weight: bold;\"> BRAMASOLE.EE<\/span>\u00a0(EDASPIDI VEEBIPOOD) OMANIK ON BRAMASOLE OU\u0308, REG. NR. 14537206, ASUKOHAGA LASNAM\u00c4E TN. 4 A, TALLINN.<\/span><\/p>\n<p style=\"font-size: 13px; text-align: start;\"><span class=\"zn-uppercase zn-fontweight\" style=\"text-transform: uppercase; color: #000000; font-weight: 500;\"><span style=\"font-weight: bolder;\">MU\u0308U\u0308GILEPINGU KEHTIVUS, KAUBA- JA HINNAINFO<\/span><\/span><\/p>\n<ol style=\"font-size: 13px; text-align: start;\">\n<li><span style=\"color: #000000;\">Mu\u0308u\u0308gitingimused kehtivad Veebipoest kaupade ostmisel.<\/span><\/li>\n<li><span style=\"color: #000000;\">Veebipoes mu\u0308u\u0308davate toodete hinnad on ma\u0308rgitud eurodes toodete juurde.<\/span><\/li>\n<li><span style=\"color: #000000;\">Kauba k\u00e4ttetoimetamine toimub koost\u00f6\u00f6partnerite Smartpost, Lakilog O\u00dc vahendusel.\u00a0<\/span><\/li>\n<li><span style=\"color: #000000;\">Teave kauba kohta on esitatud Veebipoes vahetult kauba juures.<\/span><\/li>\n<li><span style=\"color: #000000;\">Tootefotod on illustratiivsed ja v\u00f5ivad n\u00e4it. v\u00e4rvitooni v\u00f5rra erineda tegelikust.<\/span><\/li>\n<\/ol>\n<p style=\"font-size: 13px; text-align: start;\"><span class=\"zn-uppercase zn-fontweight\" style=\"color: #000000; text-transform: uppercase; font-weight: 500;\"><span style=\"font-weight: bolder;\">TELLIMUSE VORMISTAMINE<\/span><\/span><\/p>\n<ol style=\"font-size: 13px; text-align: start;\">\n<li><span style=\"color: #000000;\">Kauba tellimiseks tuleb lisada soovitud tooted ostukorvi. Tellimuse vormistamiseks tuleb ta\u0308ita no\u0303utud andmeva\u0308ljad ning valida sobiv toodete kohaletoimetamise viis. Seeja\u0308rel kuvatakse ekraanile tasu suurus, mille saab tasuda pangalingi kaudu vo\u0303i muu makselahenduse abil.<\/span><\/li>\n<li><span style=\"color: #000000;\">Leping jo\u0303ustub alates tasumisele kuuluva summa laekumisest Veebipoe arvelduskontole.<\/span><\/li>\n<li><span style=\"color: #000000;\">Kui tellitud kaupa ei ole vo\u0303imalik tarnida seoses kauba lo\u0303ppemisega vo\u0303i muul po\u0303hjusel, teavitatakse sellest ostjat esimesel vo\u0303imalusel ning tagastatakse tasutud raha (sh kauba ka\u0308ttetoimetamise kulud) viivitamata, kuid mitte hiljem kui 14 pa\u0308eva jooksul teate saatmisest.<\/span><\/li>\n<\/ol>\n<p><span class=\"zn-uppercase\" style=\"text-transform: uppercase; color: #000000;\"><span style=\"font-weight: bolder;\">MAKSETINGIMUSED<\/span><\/span><\/p>\n<ol>\n<li><span style=\"color: #000000;\">www.bramasole.ee \/ Bramasole O\u00dc v\u00f5tab kliendilt vastu tellitud \/ ostetud kaupade eest makseid Esto AS vahendusel. V\u00f5imalik on sooritada maksed j\u00e4rgnevate pangalinkide kaudu &#8211;<\/span> &#8211; <b><span style=\"color: #000000;\">Eesti:<\/span><\/b><span style=\"color: #000000;\">\u00a0<a style=\"color: #000000;\" href=\"https:\/\/maksekeskus.ee\/swedbank-pangalink\">Swedbank<\/a>,\u00a0<a style=\"color: #000000;\" href=\"https:\/\/maksekeskus.ee\/seb-pangalink\/\">SEB<\/a>,\u00a0<a style=\"color: #000000;\" href=\"https:\/\/maksekeskus.ee\/luminor-pangalink\/\">Luminor<\/a>, LHV, Coop Pank, Pocopay<\/span><br \/>\n<span style=\"color: #000000;\"><b>Soome:<\/b>\u00a0Aktia, \u00c5landsbanken, Danske, Handelsbanken, Nordea, Oma S\u00e4\u00e4stopankki, Pohjola, POP Pankki, S-Pankki, S\u00e4\u00e4stopankki<\/span><\/li>\n<li><span style=\"color: #000000;\">ESTO j\u00e4relmaksu pakkujaks on ESTO AS (reg. kood 14180709)\u00a0<\/span><\/li>\n<\/ol>\n<p style=\"font-size: 13px; text-align: start;\"><span class=\"zn-uppercase\" style=\"text-transform: uppercase; color: #000000;\"><span style=\"font-weight: bolder;\">KOHALETOIMETAMINE<\/span><\/span><\/p>\n<ol style=\"font-size: 13px; text-align: start;\">\n<li><span style=\"color: #000000;\">Kaupu saadetakse ja\u0308rgmistesse riikidesse: Eesti<\/span><\/li>\n<li><span style=\"color: #000000;\">Kauba ka\u0308ttetoimetamise tasu so\u0303ltub ostja asukohast ning ka\u0308ttetoimetamise viisist. Ka\u0308ttetoimetamise tasu kuvatakse ostjale tellimuse vormistamisel.\u00a0<\/span><\/li>\n<li><span style=\"color: #000000;\">Kauba saatmiskulud kannab ostja ning vastav hinnainfo on kuvatud saatmisviisi juures. \u00dcle 100 \u20ac ostu puhul on saatmine Eesti piires tasuta.\u00a0 Tellides Smartposti pakiautomaati 2.99, kuller Tallinna piirides 5.- ja kuller \u00fclej\u00e4\u00e4nud Eestis 10.-\u00a0<\/span><\/li>\n<li><span style=\"color: #000000;\">Eesti sisesed, L\u00e4ti ja Leedu saadetised jo\u0303uavad u\u0308ldjuhul ostja ma\u0308a\u0308ratud sihtpunkti 1-5 to\u0308o\u0308pa\u0308eva jooksul alates mu\u0308u\u0308gilepingu jo\u0303ustumist.\u00a0<\/span><\/li>\n<li><span style=\"color: #000000;\">Tarneparneriteks on Itella Estonia O\u00dc ja\u00a0 Eesti Post As ( Omniva\u00a0 ), kullerteenus Lakilog O\u00dc<\/span><\/li>\n<\/ol>\n<p style=\"font-size: 13px; text-align: start;\"><span class=\"zn-uppercase\" style=\"color: #000000; text-transform: uppercase;\"><span style=\"font-weight: bolder;\">TAGANEMISO\u0303IGUS<\/span><\/span><\/p>\n<ol style=\"font-size: 13px; text-align: start;\">\n<li><span style=\"color: #000000;\">Pa\u0308rast tellimuse ka\u0308ttesaamist on ostjal o\u0303igus e-poes so\u0303lmitud lepingust taganeda 14 pa\u0308eva jooksul<\/span><\/li>\n<li><span style=\"color: #000000;\">Ostjal ei ole taganemise o\u0303igust h\u00fcgieenitoodetele.<\/span><\/li>\n<li><span style=\"color: #000000;\">Taganemiso\u0303igus ei kohaldu, kui ostjaks on juriidiline isik.<\/span><\/li>\n<li><span style=\"color: #000000;\">14-pa\u0308evase tagastamiso\u0303iguse kasutamiseks ei tohi tellitud kaupa kasutada muul viisil kui on vajalik kauba olemuses, omadustes ja toimimises veendumiseks viisil nagu see on lubatud kauba testimiseks fu\u0308u\u0308silises poes. Kauba tagasiv\u00f5tmiseks on n\u00f5ue, et pudelikork ei v\u00f5i olla avatud, pudelisilt ei v\u00f5i olla kahjustatud.<\/span><\/li>\n<li><span style=\"color: #000000;\">Kui kaupa on kasutatud muuks otstarbeks kui on vajalik kauba olemuses, omadustes ja toimimises veendumiseks vo\u0303i sellel on kasutamise vo\u0303i kulumise ma\u0308rke, on Veebipoel o\u0303igus alandada tagastatavat tasu vastavalt kauba va\u0308a\u0308rtuse va\u0308henemisele.<\/span><\/li>\n<li><span style=\"color: #000000;\">Kauba tagastamiseks tuleb teavitada m\u00fc\u00fcjat soovist kaup tagastada ja saata sooviavaldus e-posti aadressile info@bramasole.ee hiljemalt 14 pa\u0308eva jooksul kauba ka\u0308ttesaamisest.<\/span><\/li>\n<li><span style=\"color: #000000;\">Kauba tagastamise kulud kannab ostja, va\u0308lja arvatud juhul, kui tagastamise po\u0303hjus seisneb asjaolus, et tagastamisele kuuluv asi ei vasta tellitule (nt vale vo\u0303i defektiga asi).<\/span><\/li>\n<li><span style=\"color: #000000;\">Ostja peab kauba tagastama avalduse esitamisele ja\u0308rgneva 14 pa\u0308eva jooksul vo\u0303i esitama to\u0303endi, et ta on eelnimetatud perioodi jooksul kauba u\u0308le andnud kauba vedajale.<\/span><\/li>\n<li><span style=\"color: #000000;\">Veebipood tagastab tagastatava kauba ka\u0308ttesaamisel ostjale mitte hiljem, kui 14 pa\u0308eva mo\u0308o\u0308dumisel arvates taganemisavalduse saamisest, ko\u0303ik ostjalt lepingu alusel saadud tasud.<\/span><\/li>\n<li><span style=\"color: #000000;\">Veebipood vo\u0303ib keelduda tagasimaksete tegemisest seni, kuni on lepingu esemeks oleva asja tagasi saanud vo\u0303i kuni ostja on esitanud to\u0303endid, et on asja tagasi saatnud, so\u0303ltuvalt sellest, kumb toimub varem.<\/span><\/li>\n<li><span style=\"color: #000000;\">Kui ostja on so\u0303naselgelt valinud Veebipoe pakutud ko\u0303ige odavamast tavapa\u0308rasest asja ka\u0308ttetoimetamise viisist erineva ka\u0308ttetoimetamise viisi, ei pea Veebipood tarbijale tagastama kulu, mis u\u0308letab tavapa\u0308rase ka\u0308ttetoimetamise viisiga seotud kulu.<\/span><\/li>\n<li><span style=\"color: #000000;\">Veebipoel on o\u0303igus taganeda mu\u0308u\u0308gitehingust ning no\u0303uda ostjalt tagasi kaup, kui kauba hind veebipoes on eksituse to\u0303ttu ma\u0308rgitud oluliselt alla kauba turuhinna.<\/span><\/li>\n<\/ol>\n<p style=\"font-size: 13px; text-align: start;\"><span class=\"zn-uppercase\" style=\"color: #000000; text-transform: uppercase;\"><span style=\"font-weight: bolder;\">PRETENSIOONI ESITAMISE O\u0303IGUS<\/span><\/span><\/p>\n<ol style=\"font-size: 13px; text-align: start;\">\n<li><span style=\"color: #000000;\">Veebipood vastutab ostjale mu\u0308u\u0308dud kauba lepingutingimustele mittevastavuse vo\u0303i puuduse eest, mis oli olemas juba asja u\u0308leandmise hetkel ning mis ilmneb kuni kahe aasta jooksul, alates kauba u\u0308leandmisest ostjale. ellest esimese kuue kuu jooksul asja u\u0308leandmisest ostjale eeldatakse, et puudus oli olemas juba asja u\u0308leandmise ajal. Vastava eelduse u\u0308mberlu\u0308kkamine on Veebipoe kohustus.<\/span><\/li>\n<li><span style=\"color: #000000;\">Ostjal on o\u0303igus puuduse ilmnemisel po\u0308o\u0308rduda hiljemalt kahe kuu jooksul veebipoe poole, saates e-kirja aadressile info@bramasole.ee vo\u0303i helistada telefonil: +372 53 444 568<\/span><\/li>\n<li><span style=\"color: #000000;\">Veebipood ei vastuta puuduste eest, mis on tekkinud pa\u0308rast kauba u\u0308leandmist ostjale.<\/span><\/li>\n<li><span style=\"color: #000000;\">Kui Veebipoest ostetud kaubal on puudused, mille eest Veebipood vastutab, parandab vo\u0303i asendab Veebipood puudusega kauba. Kui kaupa ei ole vo\u0303imalik parandada ega asendada, tagastab Veebipood ostjale ko\u0303ik mu\u0308u\u0308gilepinguga kaasnenud tasud.<\/span><\/li>\n<li><span style=\"color: #000000;\">Veebipood vastab tarbija esitatud kaebusele kirjalikult vo\u0303i kirjalikku taasesitamist vo\u0303imaldavas vormis 15 pa\u0308eva jooksul.<\/span><\/li>\n<\/ol>\n<p style=\"font-size: 13px; text-align: start;\"><span class=\"zn-uppercase\" style=\"color: #000000; text-transform: uppercase;\"><span style=\"font-weight: bolder;\">OTSETURUSTUS JA ISIKUANDMETE TO\u0308O\u0308TLEMINE<\/span><\/span><\/p>\n<ol style=\"font-size: 13px; text-align: start;\">\n<li><span style=\"color: #000000;\">Veebipood kasutab ostja poolt sisestatud isikuandmeid (sh nimi, telefoninumber, aadress, e-maili aadress, pangarekvisiidid) ainult tellimuse to\u0308o\u0308tlemiseks ning kauba ostjale saatmiseks. Veebipood edastab isikuandmeid veoteenust pakkuvale ettevo\u0303tetele selleks, et kohale toimetada kaupa.<\/span><\/li>\n<li><span style=\"color: #000000;\">Veebipood saadab ostjale uudiskirju ning pakkumisi ostja e-maili aadressile ainult juhul, kui ostja on selleks avaldanud soovi sisestades veebilehel e-kirja aadressi ning andnud teada oma soovist otsepostituse teadete saamiseks.<\/span><\/li>\n<li><span style=\"color: #000000;\">Ostjal on igal ajal vo\u0303imalik loobuda e-postile saadetavatest pakkumistest ja uudiskirjadest andes sellest meile teada e-kirja teel vo\u0303i ja\u0308rgides pakkumisi sisaldava e-kirjas toodud juhiseid.<\/span><\/li>\n<\/ol>\n<p style=\"font-size: 13px; text-align: start;\"><span class=\"zn-uppercase\" style=\"color: #000000; text-transform: uppercase;\"><span style=\"font-weight: bolder;\">VAIDLUSTE LAHENDAMINE<\/span><\/span><\/p>\n<ol style=\"font-size: 13px; text-align: start;\">\n<li><span style=\"color: #000000;\">Kui ostjal on Veebipoe osas pretensioone, tuleb need saata e-kirja aadressile info@bramasole.ee vo\u0303i helistada telefonil: +372 53 444 568<\/span><\/li>\n<li><span style=\"color: #000000;\">Kui ostja ja Veebipood ei suuda lahenda vaidlust kokkuleppe teel, siis on ostjal vo\u0303imalik po\u0308o\u0308rduda Tarbijavaidluste komisjoni poole. Tarbijavaidluste komisjoni pa\u0308devuses on lahendada ostja ja Veebipoe vahel so\u0303lmitud lepingust tulenevaid vaidlusi. Ostja kaebuse la\u0308bivaatamine komisjonis on tasuta.<\/span><\/li>\n<li><span style=\"color: #000000;\">Ostja vo\u0303ib po\u0308o\u0308rduda Euroopa Liidu tarbijavaidlusi lahendava platvormi poole.\u00a0<\/span><\/li>\n<\/ol>\n<p>[\/vc_column_text][\/vc_column][\/vc_row]<\/p>\n","protected":false},"excerpt":{"rendered":"<p>[vc_row css_animation=&#8221;&#8221;][vc_column css_animation=&#8221;&#8221;][vc_column_text css_animation=&#8221;&#8221;] VEEBIPOE BRAMASOLE.EE\u00a0(EDASPIDI VEEBIPOOD) OMANIK ON BRAMASOLE OU\u0308, REG. NR. 14537206, ASUKOHAGA LASNAM\u00c4E TN. 4 A, TALLINN. MU\u0308U\u0308GILEPINGU KEHTIVUS, KAUBA- JA HINNAINFO Mu\u0308u\u0308gitingimused kehtivad Veebipoest kaupade ostmisel.&hellip;<\/p>\n","protected":false},"author":2,"featured_media":0,"parent":0,"menu_order":0,"comment_status":"closed","ping_status":"open","template":"","meta":{"footnotes":""},"class_list":["post-2248","page","type-page","status-publish","hentry","description-off"],"yoast_head":"<!-- This site is optimized with the Yoast SEO Premium plugin v23.0 (Yoast SEO v25.3.1) - https:\/\/yoast.com\/wordpress\/plugins\/seo\/ -->\n<title>Terms of sale - Bramasole<\/title>\n<meta name=\"robots\" content=\"index, follow, max-snippet:-1, max-image-preview:large, max-video-preview:-1\" \/>\n<link rel=\"canonical\" href=\"https:\/\/bramasole.ee\/en\/terms-of-sale\/\" \/>\n<meta property=\"og:locale\" content=\"en_US\" \/>\n<meta property=\"og:type\" content=\"article\" \/>\n<meta property=\"og:title\" content=\"Terms of sale\" \/>\n<meta property=\"og:description\" content=\"[vc_row css_animation=&#8221;&#8221;][vc_column css_animation=&#8221;&#8221;][vc_column_text css_animation=&#8221;&#8221;] VEEBIPOE BRAMASOLE.EE\u00a0(EDASPIDI VEEBIPOOD) OMANIK ON BRAMASOLE OU\u0308, REG. NR. 14537206, ASUKOHAGA LASNAM\u00c4E TN. 4 A, TALLINN. MU\u0308U\u0308GILEPINGU KEHTIVUS, KAUBA- JA HINNAINFO Mu\u0308u\u0308gitingimused kehtivad Veebipoest kaupade ostmisel.&hellip;\" \/>\n<meta property=\"og:url\" content=\"https:\/\/bramasole.ee\/en\/terms-of-sale\/\" \/>\n<meta property=\"og:site_name\" content=\"Bramasole\" \/>\n<meta property=\"article:publisher\" content=\"https:\/\/www.facebook.com\/houseofbramasole\" \/>\n<meta property=\"article:modified_time\" content=\"2023-05-03T07:23:27+00:00\" \/>\n<meta property=\"og:image\" content=\"https:\/\/bramasole.ee\/wp-content\/uploads\/2023\/04\/House_of_bramasole_logo.png\" \/>\n\t<meta property=\"og:image:width\" content=\"1031\" \/>\n\t<meta property=\"og:image:height\" content=\"257\" \/>\n\t<meta property=\"og:image:type\" content=\"image\/png\" \/>\n<meta name=\"twitter:card\" content=\"summary_large_image\" \/>\n<meta name=\"twitter:label1\" content=\"Est. reading time\" \/>\n\t<meta name=\"twitter:data1\" content=\"5 minutes\" \/>\n<script type=\"application\/ld+json\" class=\"yoast-schema-graph\">{\"@context\":\"https:\/\/schema.org\",\"@graph\":[{\"@type\":\"WebPage\",\"@id\":\"https:\/\/bramasole.ee\/en\/terms-of-sale\/\",\"url\":\"https:\/\/bramasole.ee\/en\/terms-of-sale\/\",\"name\":\"Terms of sale - Bramasole\",\"isPartOf\":{\"@id\":\"https:\/\/bramasole.ee\/en\/#website\"},\"datePublished\":\"2023-03-22T13:19:53+00:00\",\"dateModified\":\"2023-05-03T07:23:27+00:00\",\"breadcrumb\":{\"@id\":\"https:\/\/bramasole.ee\/en\/terms-of-sale\/#breadcrumb\"},\"inLanguage\":\"en-US\",\"potentialAction\":[{\"@type\":\"ReadAction\",\"target\":[\"https:\/\/bramasole.ee\/en\/terms-of-sale\/\"]}]},{\"@type\":\"BreadcrumbList\",\"@id\":\"https:\/\/bramasole.ee\/en\/terms-of-sale\/#breadcrumb\",\"itemListElement\":[{\"@type\":\"ListItem\",\"position\":1,\"name\":\"Home\",\"item\":\"https:\/\/bramasole.ee\/en\/\"},{\"@type\":\"ListItem\",\"position\":2,\"name\":\"Terms of sale\"}]},{\"@type\":\"WebSite\",\"@id\":\"https:\/\/bramasole.ee\/en\/#website\",\"url\":\"https:\/\/bramasole.ee\/en\/\",\"name\":\"Bramasole\",\"description\":\"Bramasole veinipood - ainult hea vein!\",\"publisher\":{\"@id\":\"https:\/\/bramasole.ee\/en\/#organization\"},\"alternateName\":\"Bramasole veinid\",\"potentialAction\":[{\"@type\":\"SearchAction\",\"target\":{\"@type\":\"EntryPoint\",\"urlTemplate\":\"https:\/\/bramasole.ee\/en\/?s={search_term_string}\"},\"query-input\":{\"@type\":\"PropertyValueSpecification\",\"valueRequired\":true,\"valueName\":\"search_term_string\"}}],\"inLanguage\":\"en-US\"},{\"@type\":\"Organization\",\"@id\":\"https:\/\/bramasole.ee\/en\/#organization\",\"name\":\"Bramasole\",\"url\":\"https:\/\/bramasole.ee\/en\/\",\"logo\":{\"@type\":\"ImageObject\",\"inLanguage\":\"en-US\",\"@id\":\"https:\/\/bramasole.ee\/en\/#\/schema\/logo\/image\/\",\"url\":\"https:\/\/bramasole.ee\/wp-content\/uploads\/2023\/04\/House_of_bramasole_logo.png\",\"contentUrl\":\"https:\/\/bramasole.ee\/wp-content\/uploads\/2023\/04\/House_of_bramasole_logo.png\",\"width\":1031,\"height\":257,\"caption\":\"Bramasole\"},\"image\":{\"@id\":\"https:\/\/bramasole.ee\/en\/#\/schema\/logo\/image\/\"},\"sameAs\":[\"https:\/\/www.facebook.com\/houseofbramasole\",\"https:\/\/www.instagram.com\/houseofbramasole\/\"]}]}<\/script>\n<!-- \/ Yoast SEO Premium plugin. -->","yoast_head_json":{"title":"Terms of sale - Bramasole","robots":{"index":"index","follow":"follow","max-snippet":"max-snippet:-1","max-image-preview":"max-image-preview:large","max-video-preview":"max-video-preview:-1"},"canonical":"https:\/\/bramasole.ee\/en\/terms-of-sale\/","og_locale":"en_US","og_type":"article","og_title":"Terms of sale","og_description":"[vc_row css_animation=&#8221;&#8221;][vc_column css_animation=&#8221;&#8221;][vc_column_text css_animation=&#8221;&#8221;] VEEBIPOE BRAMASOLE.EE\u00a0(EDASPIDI VEEBIPOOD) OMANIK ON BRAMASOLE OU\u0308, REG. NR. 14537206, ASUKOHAGA LASNAM\u00c4E TN. 4 A, TALLINN. MU\u0308U\u0308GILEPINGU KEHTIVUS, KAUBA- JA HINNAINFO Mu\u0308u\u0308gitingimused kehtivad Veebipoest kaupade ostmisel.&hellip;","og_url":"https:\/\/bramasole.ee\/en\/terms-of-sale\/","og_site_name":"Bramasole","article_publisher":"https:\/\/www.facebook.com\/houseofbramasole","article_modified_time":"2023-05-03T07:23:27+00:00","og_image":[{"width":1031,"height":257,"url":"https:\/\/bramasole.ee\/wp-content\/uploads\/2023\/04\/House_of_bramasole_logo.png","type":"image\/png"}],"twitter_card":"summary_large_image","twitter_misc":{"Est. reading time":"5 minutes"},"schema":{"@context":"https:\/\/schema.org","@graph":[{"@type":"WebPage","@id":"https:\/\/bramasole.ee\/en\/terms-of-sale\/","url":"https:\/\/bramasole.ee\/en\/terms-of-sale\/","name":"Terms of sale - Bramasole","isPartOf":{"@id":"https:\/\/bramasole.ee\/en\/#website"},"datePublished":"2023-03-22T13:19:53+00:00","dateModified":"2023-05-03T07:23:27+00:00","breadcrumb":{"@id":"https:\/\/bramasole.ee\/en\/terms-of-sale\/#breadcrumb"},"inLanguage":"en-US","potentialAction":[{"@type":"ReadAction","target":["https:\/\/bramasole.ee\/en\/terms-of-sale\/"]}]},{"@type":"BreadcrumbList","@id":"https:\/\/bramasole.ee\/en\/terms-of-sale\/#breadcrumb","itemListElement":[{"@type":"ListItem","position":1,"name":"Home","item":"https:\/\/bramasole.ee\/en\/"},{"@type":"ListItem","position":2,"name":"Terms of sale"}]},{"@type":"WebSite","@id":"https:\/\/bramasole.ee\/en\/#website","url":"https:\/\/bramasole.ee\/en\/","name":"Bramasole","description":"Bramasole veinipood - ainult hea vein!","publisher":{"@id":"https:\/\/bramasole.ee\/en\/#organization"},"alternateName":"Bramasole veinid","potentialAction":[{"@type":"SearchAction","target":{"@type":"EntryPoint","urlTemplate":"https:\/\/bramasole.ee\/en\/?s={search_term_string}"},"query-input":{"@type":"PropertyValueSpecification","valueRequired":true,"valueName":"search_term_string"}}],"inLanguage":"en-US"},{"@type":"Organization","@id":"https:\/\/bramasole.ee\/en\/#organization","name":"Bramasole","url":"https:\/\/bramasole.ee\/en\/","logo":{"@type":"ImageObject","inLanguage":"en-US","@id":"https:\/\/bramasole.ee\/en\/#\/schema\/logo\/image\/","url":"https:\/\/bramasole.ee\/wp-content\/uploads\/2023\/04\/House_of_bramasole_logo.png","contentUrl":"https:\/\/bramasole.ee\/wp-content\/uploads\/2023\/04\/House_of_bramasole_logo.png","width":1031,"height":257,"caption":"Bramasole"},"image":{"@id":"https:\/\/bramasole.ee\/en\/#\/schema\/logo\/image\/"},"sameAs":["https:\/\/www.facebook.com\/houseofbramasole","https:\/\/www.instagram.com\/houseofbramasole\/"]}]}},"_links":{"self":[{"href":"https:\/\/bramasole.ee\/en\/wp-json\/wp\/v2\/pages\/2248","targetHints":{"allow":["GET"]}}],"collection":[{"href":"https:\/\/bramasole.ee\/en\/wp-json\/wp\/v2\/pages"}],"about":[{"href":"https:\/\/bramasole.ee\/en\/wp-json\/wp\/v2\/types\/page"}],"author":[{"embeddable":true,"href":"https:\/\/bramasole.ee\/en\/wp-json\/wp\/v2\/users\/2"}],"replies":[{"embeddable":true,"href":"https:\/\/bramasole.ee\/en\/wp-json\/wp\/v2\/comments?post=2248"}],"version-history":[{"count":2,"href":"https:\/\/bramasole.ee\/en\/wp-json\/wp\/v2\/pages\/2248\/revisions"}],"predecessor-version":[{"id":2250,"href":"https:\/\/bramasole.ee\/en\/wp-json\/wp\/v2\/pages\/2248\/revisions\/2250"}],"wp:attachment":[{"href":"https:\/\/bramasole.ee\/en\/wp-json\/wp\/v2\/media?parent=2248"}],"curies":[{"name":"wp","href":"https:\/\/api.w.org\/{rel}","templated":true}]}}