{"id":2196,"date":"2018-05-07T13:59:37","date_gmt":"2018-05-07T10:59:37","guid":{"rendered":"https:\/\/bramasole.ee\/veiniklubi\/"},"modified":"2023-05-03T15:57:34","modified_gmt":"2023-05-03T12:57:34","slug":"wine-club","status":"publish","type":"page","link":"https:\/\/bramasole.ee\/en\/wine-club\/","title":{"rendered":"WINE CLUB"},"content":{"rendered":"<p>[vc_row css_animation=&#8221;&#8221; css=&#8221;.vc_custom_1526047811183{padding-bottom: 0px !important;}&#8221;][vc_column width=&#8221;1\/6&#8243; css_animation=&#8221;&#8221;][\/vc_column][vc_column width=&#8221;2\/3&#8243; css_animation=&#8221;&#8221; css=&#8221;.vc_custom_1526304946515{padding-right: 5% !important;padding-left: 5% !important;}&#8221;][title_subtitle align=&#8221;center&#8221; css_animation=&#8221;&#8221; title=&#8221;JOIN THE WINE CLUB!&#8221;][vc_column_text css_animation=&#8221;&#8221; css=&#8221;.vc_custom_1679486800465{margin-bottom: 0px !important;}&#8221;]<\/p>\n<p style=\"text-align: center;\">Liitudes House of Bramasole veiniklubiga on Sul ainult v\u00f5ita. Pakume k\u00f5igile meie veiniklubi liikmetele e-poest ostes p\u00fcsivat 20% soodustust.<\/p>\n<p style=\"text-align: center;\">Liitumine veiniklubiga on tasuta ja ei too kaasa kohustusi. Ainult v\u00f5imaluse nautida head veini.<\/p>\n<p style=\"text-align: center;\"><em>Valmis astuma klubiliikmeks? Liitu veiniklubiga.<\/em><\/p>\n<p>[\/vc_column_text][vc_btn title=&#8221;JOIN THE WINE CLUB&#8221; shape=&#8221;square&#8221; color=&#8221;black&#8221; align=&#8221;center&#8221; css_animation=&#8221;&#8221; link=&#8221;url:WINE%20CLUB%20MEMBERS|&#8221;][\/vc_column][vc_column width=&#8221;1\/6&#8243; css_animation=&#8221;&#8221;][\/vc_column][\/vc_row][vc_row equal_height=&#8221;yes&#8221; content_placement=&#8221;middle&#8221; css_animation=&#8221;&#8221; css=&#8221;.vc_custom_1526304651436{padding-top: 0px !important;padding-bottom: 0px !important;}&#8221;][vc_column css_animation=&#8221;&#8221; css=&#8221;.vc_custom_1679487351212{margin-top: 0px !important;margin-right: 0px !important;margin-bottom: 0px !important;margin-left: 0px !important;padding-top: 0px !important;padding-right: 0px !important;padding-bottom: 0px !important;padding-left: 0px !important;background-image: url(https:\/\/bramasole.ee\/wp-content\/uploads\/2023\/03\/Birgitt_sommeljee.jpeg?id=1572) !important;background-position: center !important;background-repeat: no-repeat !important;background-size: cover !important;}&#8221; offset=&#8221;vc_col-lg-6 vc_col-md-6&#8243;][vc_empty_space height=&#8221;500px&#8221;][\/vc_column][vc_column css_animation=&#8221;&#8221; css=&#8221;.vc_custom_1526667841739{padding-top: 20% !important;padding-right: 20% !important;padding-bottom: 20% !important;padding-left: 20% !important;background-color: #f1f1f1 !important;}&#8221; offset=&#8221;vc_col-lg-6 vc_col-md-6&#8243;][vc_wp_custommenu][title_subtitle align=&#8221;center&#8221; add_subtitle=&#8221;use_subtitle&#8221; css_animation=&#8221;&#8221; title=&#8221;Wine club member always &#8211; 20% discount&#8221; subtitle=&#8221;DISCOUNTS&#8221;][vc_column_text css_animation=&#8221;&#8221; css=&#8221;.vc_custom_1679488574423{margin-bottom: 90px !important;}&#8221;]<\/p>\n<p style=\"text-align: center;\">Klubiliikmele on alati k\u00f5ik tavahinnaga tooted v\u00e4hemalt\u00a0 20 % soodsamad. Olles House of Bramasole veiniklubi liige oled \u00fcks teadlik ja arukas veininautleja. Naudime koos head ja kvaliteetset veini!<\/p>\n<p>* \u00c4ra unusta, et tegemist on siiski alkoholiga, tarbime m\u00f5istlikult![\/vc_column_text][\/vc_column][\/vc_row][vc_row equal_height=&#8221;yes&#8221; content_placement=&#8221;middle&#8221; css_animation=&#8221;&#8221; css=&#8221;.vc_custom_1526041005372{padding-top: 0px !important;padding-bottom: 0px !important;}&#8221;][vc_column css_animation=&#8221;&#8221; css=&#8221;.vc_custom_1460370856484{padding-top: 20% !important;padding-right: 20% !important;padding-bottom: 20% !important;padding-left: 20% !important;background-color: #f1f1f1 !important;}&#8221; offset=&#8221;vc_col-lg-6 vc_col-md-6&#8243;][title_subtitle align=&#8221;center&#8221; add_subtitle=&#8221;use_subtitle&#8221; css_animation=&#8221;&#8221; title=&#8221;Exclusive events for club members!&#8221; subtitle=&#8221;Events&#8221;][vc_column_text css_animation=&#8221;&#8221; css=&#8221;.vc_custom_1679487797042{margin-bottom: 90px !important;}&#8221;]<\/p>\n<p style=\"text-align: center;\">Olles \u00fcks meie seast, saad alati v\u00f5imaluse osaleda House of Bramasole veini- ja toidu\u00fcritustel. Saad kindlasti esimesena toimuvatest \u00fcritustest esimesena teada!<\/p>\n<p>[\/vc_column_text][\/vc_column][vc_column css_animation=&#8221;&#8221; css=&#8221;.vc_custom_1679487833065{margin-top: 0px !important;margin-right: 0px !important;margin-bottom: 0px !important;margin-left: 0px !important;padding-top: 0px !important;padding-right: 0px !important;padding-bottom: 0px !important;padding-left: 0px !important;background-image: url(https:\/\/bramasole.ee\/wp-content\/uploads\/2023\/03\/Pecorino-Brut-spumante-sidrunitega.jpeg?id=1518) !important;background-position: center !important;background-repeat: no-repeat !important;background-size: cover !important;}&#8221; offset=&#8221;vc_col-lg-6 vc_col-md-6&#8243;][vc_empty_space height=&#8221;500px&#8221;][\/vc_column][\/vc_row][vc_row equal_height=&#8221;yes&#8221; content_placement=&#8221;middle&#8221; css_animation=&#8221;&#8221; css=&#8221;.vc_custom_1526041586423{padding-top: 0px !important;}&#8221;][vc_column css_animation=&#8221;&#8221; css=&#8221;.vc_custom_1683116761754{margin-top: 0px !important;margin-right: 0px !important;margin-bottom: 0px !important;margin-left: 0px !important;padding-top: 0px !important;padding-right: 0px !important;padding-bottom: 0px !important;padding-left: 0px !important;background-image: url(https:\/\/bramasole.ee\/wp-content\/uploads\/2023\/05\/Pecorino_wine_bar_montepulciano_torri.jpg?id=2278) !important;background-position: center !important;background-repeat: no-repeat !important;background-size: cover !important;}&#8221; offset=&#8221;vc_col-lg-6 vc_col-md-6&#8243;][vc_empty_space height=&#8221;500px&#8221;][\/vc_column][vc_column css_animation=&#8221;&#8221; css=&#8221;.vc_custom_1460370835378{padding-top: 20% !important;padding-right: 20% !important;padding-bottom: 20% !important;padding-left: 20% !important;background-color: #f1f1f1 !important;}&#8221; offset=&#8221;vc_col-lg-6 vc_col-md-6&#8243;][title_subtitle align=&#8221;center&#8221; add_subtitle=&#8221;use_subtitle&#8221; css_animation=&#8221;&#8221; title=&#8221;FOR THE WINE LOVER&#8221; subtitle=&#8221;WINE ORDERS&#8221;][vc_column_text css_animation=&#8221;&#8221; css=&#8221;.vc_custom_1683116705101{margin-bottom: 90px !important;}&#8221;]<\/p>\n<p style=\"text-align: center;\">How about we send carefully selected wines home to you every month? We send you a box of wine every month, the wine box contains 3 x 2 wines.<\/p>\n<p>[\/vc_column_text][\/vc_column][\/vc_row]<\/p>\n","protected":false},"excerpt":{"rendered":"<p>[vc_row css_animation=&#8221;&#8221; css=&#8221;.vc_custom_1526047811183{padding-bottom: 0px !important;}&#8221;][vc_column width=&#8221;1\/6&#8243; css_animation=&#8221;&#8221;][\/vc_column][vc_column width=&#8221;2\/3&#8243; css_animation=&#8221;&#8221; css=&#8221;.vc_custom_1526304946515{padding-right: 5% !important;padding-left: 5% !important;}&#8221;][title_subtitle align=&#8221;center&#8221; css_animation=&#8221;&#8221; title=&#8221;JOIN THE WINE CLUB!&#8221;][vc_column_text css_animation=&#8221;&#8221; css=&#8221;.vc_custom_1679486800465{margin-bottom: 0px !important;}&#8221;] Liitudes House of Bramasole veiniklubiga on&hellip;<\/p>\n","protected":false},"author":2,"featured_media":0,"parent":0,"menu_order":0,"comment_status":"closed","ping_status":"closed","template":"","meta":{"footnotes":""},"class_list":["post-2196","page","type-page","status-publish","hentry"],"yoast_head":"<!-- This site is optimized with the Yoast SEO Premium plugin v23.0 (Yoast SEO v25.3.1) - https:\/\/yoast.com\/wordpress\/plugins\/seo\/ -->\n<title>WINE CLUB - Bramasole<\/title>\n<meta name=\"robots\" content=\"index, follow, max-snippet:-1, max-image-preview:large, max-video-preview:-1\" \/>\n<link rel=\"canonical\" href=\"https:\/\/bramasole.ee\/en\/wine-club\/\" \/>\n<meta property=\"og:locale\" content=\"en_US\" \/>\n<meta property=\"og:type\" content=\"article\" \/>\n<meta property=\"og:title\" content=\"WINE CLUB\" \/>\n<meta property=\"og:description\" content=\"[vc_row css_animation=&#8221;&#8221; css=&#8221;.vc_custom_1526047811183{padding-bottom: 0px !important;}&#8221;][vc_column width=&#8221;1\/6&#8243; css_animation=&#8221;&#8221;][\/vc_column][vc_column width=&#8221;2\/3&#8243; css_animation=&#8221;&#8221; css=&#8221;.vc_custom_1526304946515{padding-right: 5% !important;padding-left: 5% !important;}&#8221;][title_subtitle align=&#8221;center&#8221; css_animation=&#8221;&#8221; title=&#8221;JOIN THE WINE CLUB!&#8221;][vc_column_text css_animation=&#8221;&#8221; css=&#8221;.vc_custom_1679486800465{margin-bottom: 0px !important;}&#8221;] Liitudes House of Bramasole veiniklubiga on&hellip;\" \/>\n<meta property=\"og:url\" content=\"https:\/\/bramasole.ee\/en\/wine-club\/\" \/>\n<meta property=\"og:site_name\" content=\"Bramasole\" \/>\n<meta property=\"article:publisher\" content=\"https:\/\/www.facebook.com\/houseofbramasole\" \/>\n<meta property=\"article:modified_time\" content=\"2023-05-03T12:57:34+00:00\" \/>\n<meta property=\"og:image\" content=\"https:\/\/bramasole.ee\/wp-content\/uploads\/2023\/04\/House_of_bramasole_logo.png\" \/>\n\t<meta property=\"og:image:width\" content=\"1031\" \/>\n\t<meta property=\"og:image:height\" content=\"257\" \/>\n\t<meta property=\"og:image:type\" content=\"image\/png\" \/>\n<meta name=\"twitter:card\" content=\"summary_large_image\" \/>\n<meta name=\"twitter:label1\" content=\"Est. reading time\" \/>\n\t<meta name=\"twitter:data1\" content=\"3 minutes\" \/>\n<script type=\"application\/ld+json\" class=\"yoast-schema-graph\">{\"@context\":\"https:\/\/schema.org\",\"@graph\":[{\"@type\":\"WebPage\",\"@id\":\"https:\/\/bramasole.ee\/en\/wine-club\/\",\"url\":\"https:\/\/bramasole.ee\/en\/wine-club\/\",\"name\":\"WINE CLUB - Bramasole\",\"isPartOf\":{\"@id\":\"https:\/\/bramasole.ee\/en\/#website\"},\"datePublished\":\"2018-05-07T10:59:37+00:00\",\"dateModified\":\"2023-05-03T12:57:34+00:00\",\"breadcrumb\":{\"@id\":\"https:\/\/bramasole.ee\/en\/wine-club\/#breadcrumb\"},\"inLanguage\":\"en-US\",\"potentialAction\":[{\"@type\":\"ReadAction\",\"target\":[\"https:\/\/bramasole.ee\/en\/wine-club\/\"]}]},{\"@type\":\"BreadcrumbList\",\"@id\":\"https:\/\/bramasole.ee\/en\/wine-club\/#breadcrumb\",\"itemListElement\":[{\"@type\":\"ListItem\",\"position\":1,\"name\":\"Home\",\"item\":\"https:\/\/bramasole.ee\/en\/\"},{\"@type\":\"ListItem\",\"position\":2,\"name\":\"WINE CLUB\"}]},{\"@type\":\"WebSite\",\"@id\":\"https:\/\/bramasole.ee\/en\/#website\",\"url\":\"https:\/\/bramasole.ee\/en\/\",\"name\":\"Bramasole\",\"description\":\"Bramasole veinipood - ainult hea vein!\",\"publisher\":{\"@id\":\"https:\/\/bramasole.ee\/en\/#organization\"},\"alternateName\":\"Bramasole veinid\",\"potentialAction\":[{\"@type\":\"SearchAction\",\"target\":{\"@type\":\"EntryPoint\",\"urlTemplate\":\"https:\/\/bramasole.ee\/en\/?s={search_term_string}\"},\"query-input\":{\"@type\":\"PropertyValueSpecification\",\"valueRequired\":true,\"valueName\":\"search_term_string\"}}],\"inLanguage\":\"en-US\"},{\"@type\":\"Organization\",\"@id\":\"https:\/\/bramasole.ee\/en\/#organization\",\"name\":\"Bramasole\",\"url\":\"https:\/\/bramasole.ee\/en\/\",\"logo\":{\"@type\":\"ImageObject\",\"inLanguage\":\"en-US\",\"@id\":\"https:\/\/bramasole.ee\/en\/#\/schema\/logo\/image\/\",\"url\":\"https:\/\/bramasole.ee\/wp-content\/uploads\/2023\/04\/House_of_bramasole_logo.png\",\"contentUrl\":\"https:\/\/bramasole.ee\/wp-content\/uploads\/2023\/04\/House_of_bramasole_logo.png\",\"width\":1031,\"height\":257,\"caption\":\"Bramasole\"},\"image\":{\"@id\":\"https:\/\/bramasole.ee\/en\/#\/schema\/logo\/image\/\"},\"sameAs\":[\"https:\/\/www.facebook.com\/houseofbramasole\",\"https:\/\/www.instagram.com\/houseofbramasole\/\"]}]}<\/script>\n<!-- \/ Yoast SEO Premium plugin. -->","yoast_head_json":{"title":"WINE CLUB - Bramasole","robots":{"index":"index","follow":"follow","max-snippet":"max-snippet:-1","max-image-preview":"max-image-preview:large","max-video-preview":"max-video-preview:-1"},"canonical":"https:\/\/bramasole.ee\/en\/wine-club\/","og_locale":"en_US","og_type":"article","og_title":"WINE CLUB","og_description":"[vc_row css_animation=&#8221;&#8221; css=&#8221;.vc_custom_1526047811183{padding-bottom: 0px !important;}&#8221;][vc_column width=&#8221;1\/6&#8243; css_animation=&#8221;&#8221;][\/vc_column][vc_column width=&#8221;2\/3&#8243; css_animation=&#8221;&#8221; css=&#8221;.vc_custom_1526304946515{padding-right: 5% !important;padding-left: 5% !important;}&#8221;][title_subtitle align=&#8221;center&#8221; css_animation=&#8221;&#8221; title=&#8221;JOIN THE WINE CLUB!&#8221;][vc_column_text css_animation=&#8221;&#8221; css=&#8221;.vc_custom_1679486800465{margin-bottom: 0px !important;}&#8221;] Liitudes House of Bramasole veiniklubiga on&hellip;","og_url":"https:\/\/bramasole.ee\/en\/wine-club\/","og_site_name":"Bramasole","article_publisher":"https:\/\/www.facebook.com\/houseofbramasole","article_modified_time":"2023-05-03T12:57:34+00:00","og_image":[{"width":1031,"height":257,"url":"https:\/\/bramasole.ee\/wp-content\/uploads\/2023\/04\/House_of_bramasole_logo.png","type":"image\/png"}],"twitter_card":"summary_large_image","twitter_misc":{"Est. reading time":"3 minutes"},"schema":{"@context":"https:\/\/schema.org","@graph":[{"@type":"WebPage","@id":"https:\/\/bramasole.ee\/en\/wine-club\/","url":"https:\/\/bramasole.ee\/en\/wine-club\/","name":"WINE CLUB - Bramasole","isPartOf":{"@id":"https:\/\/bramasole.ee\/en\/#website"},"datePublished":"2018-05-07T10:59:37+00:00","dateModified":"2023-05-03T12:57:34+00:00","breadcrumb":{"@id":"https:\/\/bramasole.ee\/en\/wine-club\/#breadcrumb"},"inLanguage":"en-US","potentialAction":[{"@type":"ReadAction","target":["https:\/\/bramasole.ee\/en\/wine-club\/"]}]},{"@type":"BreadcrumbList","@id":"https:\/\/bramasole.ee\/en\/wine-club\/#breadcrumb","itemListElement":[{"@type":"ListItem","position":1,"name":"Home","item":"https:\/\/bramasole.ee\/en\/"},{"@type":"ListItem","position":2,"name":"WINE CLUB"}]},{"@type":"WebSite","@id":"https:\/\/bramasole.ee\/en\/#website","url":"https:\/\/bramasole.ee\/en\/","name":"Bramasole","description":"Bramasole veinipood - ainult hea vein!","publisher":{"@id":"https:\/\/bramasole.ee\/en\/#organization"},"alternateName":"Bramasole veinid","potentialAction":[{"@type":"SearchAction","target":{"@type":"EntryPoint","urlTemplate":"https:\/\/bramasole.ee\/en\/?s={search_term_string}"},"query-input":{"@type":"PropertyValueSpecification","valueRequired":true,"valueName":"search_term_string"}}],"inLanguage":"en-US"},{"@type":"Organization","@id":"https:\/\/bramasole.ee\/en\/#organization","name":"Bramasole","url":"https:\/\/bramasole.ee\/en\/","logo":{"@type":"ImageObject","inLanguage":"en-US","@id":"https:\/\/bramasole.ee\/en\/#\/schema\/logo\/image\/","url":"https:\/\/bramasole.ee\/wp-content\/uploads\/2023\/04\/House_of_bramasole_logo.png","contentUrl":"https:\/\/bramasole.ee\/wp-content\/uploads\/2023\/04\/House_of_bramasole_logo.png","width":1031,"height":257,"caption":"Bramasole"},"image":{"@id":"https:\/\/bramasole.ee\/en\/#\/schema\/logo\/image\/"},"sameAs":["https:\/\/www.facebook.com\/houseofbramasole","https:\/\/www.instagram.com\/houseofbramasole\/"]}]}},"_links":{"self":[{"href":"https:\/\/bramasole.ee\/en\/wp-json\/wp\/v2\/pages\/2196","targetHints":{"allow":["GET"]}}],"collection":[{"href":"https:\/\/bramasole.ee\/en\/wp-json\/wp\/v2\/pages"}],"about":[{"href":"https:\/\/bramasole.ee\/en\/wp-json\/wp\/v2\/types\/page"}],"author":[{"embeddable":true,"href":"https:\/\/bramasole.ee\/en\/wp-json\/wp\/v2\/users\/2"}],"replies":[{"embeddable":true,"href":"https:\/\/bramasole.ee\/en\/wp-json\/wp\/v2\/comments?post=2196"}],"version-history":[{"count":5,"href":"https:\/\/bramasole.ee\/en\/wp-json\/wp\/v2\/pages\/2196\/revisions"}],"predecessor-version":[{"id":2300,"href":"https:\/\/bramasole.ee\/en\/wp-json\/wp\/v2\/pages\/2196\/revisions\/2300"}],"wp:attachment":[{"href":"https:\/\/bramasole.ee\/en\/wp-json\/wp\/v2\/media?parent=2196"}],"curies":[{"name":"wp","href":"https:\/\/api.w.org\/{rel}","templated":true}]}}