{"id":2193,"date":"2016-03-10T09:22:08","date_gmt":"2016-03-10T07:22:08","guid":{"rendered":"https:\/\/bramasole.ee\/contact\/"},"modified":"2023-05-03T10:27:42","modified_gmt":"2023-05-03T07:27:42","slug":"contact","status":"publish","type":"page","link":"https:\/\/bramasole.ee\/en\/contact\/","title":{"rendered":"CONTACT"},"content":{"rendered":"<p>[vc_row full_width=&#8221;stretch_row&#8221; css_animation=&#8221;&#8221; css=&#8221;.vc_custom_1635107134128{margin-bottom: 90px !important;padding-top: 90px !important;padding-bottom: 0px !important;background-color: #000000 !important;}&#8221;][vc_column width=&#8221;1\/2&#8243; css_animation=&#8221;&#8221;][infoboxes infotitle=&#8221;House of Bramasole wines&#8221; description_color=&#8221;#ffffff&#8221;]Bramasole O\u00dc<\/p>\n<p>Registrikood: 14537206<\/p>\n<p>KMKR.NR.: EE102092343[\/infoboxes][infoboxes infotitle=&#8221;Contact us!&#8221; description_color=&#8221;#ffffff&#8221;]<a href=\"&quot;mailto:info@bramasole.ee\">info@bramasole.ee<\/a><br \/>\n+372 53 444 568[\/infoboxes][\/vc_column][vc_column width=&#8221;1\/2&#8243; css_animation=&#8221;&#8221;][horizontal_list_item css_animation=&#8221;&#8221; module_title=&#8221;PECORINO WINE BAR&#8221;][horizontal_list_inner_item title=&#8221;TUESDAY &#8211; THURSDAY&#8221; description=&#8221;16 &#8211; 23&#8243; description_color=&#8221;#ffffff&#8221; title_color=&#8221;#ffffff&#8221;][horizontal_list_inner_item title=&#8221;FRIDAY&#8221; description=&#8221;12 &#8211; 00&#8243; description_color=&#8221;#ffffff&#8221; title_color=&#8221;#ffffff&#8221;][horizontal_list_inner_item title=&#8221;SATURDAY&#8221; description=&#8221;12 &#8211; 00&#8243; description_color=&#8221;#ffffff&#8221; title_color=&#8221;#ffffff&#8221;][horizontal_list_inner_item title=&#8221;SUNDAY&#8221; description=&#8221;12 &#8211; 21&#8243; description_color=&#8221;#ffffff&#8221; title_color=&#8221;#ffffff&#8221;][\/horizontal_list_item][infoboxes infotitle=&#8221;Reserve a table in the wine bar&#8221; description_color=&#8221;#ffffff&#8221;]<a href=\"mailto:info@pecorino.ee\">info@pecorino.ee<\/a><br \/>\n+372 56 500 222[\/infoboxes][\/vc_column][\/vc_row][vc_row content_placement=&#8221;middle&#8221; css_animation=&#8221;&#8221;][vc_column width=&#8221;1\/2&#8243; css_animation=&#8221;&#8221;][vc_column_text css_animation=&#8221;&#8221;]<\/p>\n<h4 style=\"text-align: center;\">Tekkis m\u00f5te? Soovid k\u00fcsida meie veinide kohta? On ettepanekuid, soove? Ole hea ja t\u00e4ida allpoololev kontaktvorm ning me vastame Sulle suurima heameelega.<\/h4>\n<p>[\/vc_column_text][contact-form-7 id=&#8221;14&#8243;][\/vc_column][vc_column width=&#8221;1\/2&#8243; css_animation=&#8221;&#8221;][vc_single_image image=&#8221;1550&#8243; img_size=&#8221;large&#8221; css_animation=&#8221;&#8221;][vc_column_text css_animation=&#8221;&#8221;]<\/p>\n<h4 style=\"text-align: center;\">Soovin liituda House of Bramasole veiniklubiga. Veiniklubi liikmetele e-poe ostudelt &#8211; 20 % soodustust.<\/h4>\n<p>[\/vc_column_text][vc_btn title=&#8221;JOIN THE WINE CLUB&#8221; shape=&#8221;square&#8221; color=&#8221;black&#8221; align=&#8221;center&#8221; css_animation=&#8221;&#8221; link=&#8221;url:https%3A%2F%2Fbramasole.ee%2F%23veiniklubiliitujad|&#8221;][\/vc_column][\/vc_row]<\/p>\n","protected":false},"excerpt":{"rendered":"<p>[vc_row full_width=&#8221;stretch_row&#8221; css_animation=&#8221;&#8221; css=&#8221;.vc_custom_1635107134128{margin-bottom: 90px !important;padding-top: 90px !important;padding-bottom: 0px !important;background-color: #000000 !important;}&#8221;][vc_column width=&#8221;1\/2&#8243; css_animation=&#8221;&#8221;][infoboxes infotitle=&#8221;House of Bramasole wines&#8221; description_color=&#8221;#ffffff&#8221;]Bramasole O\u00dc Registrikood: 14537206 KMKR.NR.: EE102092343[\/infoboxes][infoboxes infotitle=&#8221;Contact us!&#8221; description_color=&#8221;#ffffff&#8221;]info@bramasole.ee +372 53 444&hellip;<\/p>\n","protected":false},"author":2,"featured_media":0,"parent":0,"menu_order":0,"comment_status":"closed","ping_status":"closed","template":"","meta":{"footnotes":""},"class_list":["post-2193","page","type-page","status-publish","hentry"],"yoast_head":"<!-- This site is optimized with the Yoast SEO Premium plugin v23.0 (Yoast SEO v25.3.1) - https:\/\/yoast.com\/wordpress\/plugins\/seo\/ -->\n<title>CONTACT - Bramasole<\/title>\n<meta name=\"robots\" content=\"index, follow, max-snippet:-1, max-image-preview:large, max-video-preview:-1\" \/>\n<link rel=\"canonical\" href=\"https:\/\/bramasole.ee\/en\/contact\/\" \/>\n<meta property=\"og:locale\" content=\"en_US\" \/>\n<meta property=\"og:type\" content=\"article\" \/>\n<meta property=\"og:title\" content=\"CONTACT\" \/>\n<meta property=\"og:description\" content=\"[vc_row full_width=&#8221;stretch_row&#8221; css_animation=&#8221;&#8221; css=&#8221;.vc_custom_1635107134128{margin-bottom: 90px !important;padding-top: 90px !important;padding-bottom: 0px !important;background-color: #000000 !important;}&#8221;][vc_column width=&#8221;1\/2&#8243; css_animation=&#8221;&#8221;][infoboxes infotitle=&#8221;House of Bramasole wines&#8221; description_color=&#8221;#ffffff&#8221;]Bramasole O\u00dc Registrikood: 14537206 KMKR.NR.: EE102092343[\/infoboxes][infoboxes infotitle=&#8221;Contact us!&#8221; description_color=&#8221;#ffffff&#8221;]info@bramasole.ee +372 53 444&hellip;\" \/>\n<meta property=\"og:url\" content=\"https:\/\/bramasole.ee\/en\/contact\/\" \/>\n<meta property=\"og:site_name\" content=\"Bramasole\" \/>\n<meta property=\"article:publisher\" content=\"https:\/\/www.facebook.com\/houseofbramasole\" \/>\n<meta property=\"article:modified_time\" content=\"2023-05-03T07:27:42+00:00\" \/>\n<meta property=\"og:image\" content=\"https:\/\/bramasole.ee\/wp-content\/uploads\/2023\/04\/House_of_bramasole_logo.png\" \/>\n\t<meta property=\"og:image:width\" content=\"1031\" \/>\n\t<meta property=\"og:image:height\" content=\"257\" \/>\n\t<meta property=\"og:image:type\" content=\"image\/png\" \/>\n<meta name=\"twitter:card\" content=\"summary_large_image\" \/>\n<meta name=\"twitter:label1\" content=\"Est. reading time\" \/>\n\t<meta name=\"twitter:data1\" content=\"1 minute\" \/>\n<script type=\"application\/ld+json\" class=\"yoast-schema-graph\">{\"@context\":\"https:\/\/schema.org\",\"@graph\":[{\"@type\":\"WebPage\",\"@id\":\"https:\/\/bramasole.ee\/en\/contact\/\",\"url\":\"https:\/\/bramasole.ee\/en\/contact\/\",\"name\":\"CONTACT - Bramasole\",\"isPartOf\":{\"@id\":\"https:\/\/bramasole.ee\/en\/#website\"},\"datePublished\":\"2016-03-10T07:22:08+00:00\",\"dateModified\":\"2023-05-03T07:27:42+00:00\",\"breadcrumb\":{\"@id\":\"https:\/\/bramasole.ee\/en\/contact\/#breadcrumb\"},\"inLanguage\":\"en-US\",\"potentialAction\":[{\"@type\":\"ReadAction\",\"target\":[\"https:\/\/bramasole.ee\/en\/contact\/\"]}]},{\"@type\":\"BreadcrumbList\",\"@id\":\"https:\/\/bramasole.ee\/en\/contact\/#breadcrumb\",\"itemListElement\":[{\"@type\":\"ListItem\",\"position\":1,\"name\":\"Home\",\"item\":\"https:\/\/bramasole.ee\/en\/\"},{\"@type\":\"ListItem\",\"position\":2,\"name\":\"CONTACT\"}]},{\"@type\":\"WebSite\",\"@id\":\"https:\/\/bramasole.ee\/en\/#website\",\"url\":\"https:\/\/bramasole.ee\/en\/\",\"name\":\"Bramasole\",\"description\":\"Bramasole veinipood - ainult hea vein!\",\"publisher\":{\"@id\":\"https:\/\/bramasole.ee\/en\/#organization\"},\"alternateName\":\"Bramasole veinid\",\"potentialAction\":[{\"@type\":\"SearchAction\",\"target\":{\"@type\":\"EntryPoint\",\"urlTemplate\":\"https:\/\/bramasole.ee\/en\/?s={search_term_string}\"},\"query-input\":{\"@type\":\"PropertyValueSpecification\",\"valueRequired\":true,\"valueName\":\"search_term_string\"}}],\"inLanguage\":\"en-US\"},{\"@type\":\"Organization\",\"@id\":\"https:\/\/bramasole.ee\/en\/#organization\",\"name\":\"Bramasole\",\"url\":\"https:\/\/bramasole.ee\/en\/\",\"logo\":{\"@type\":\"ImageObject\",\"inLanguage\":\"en-US\",\"@id\":\"https:\/\/bramasole.ee\/en\/#\/schema\/logo\/image\/\",\"url\":\"https:\/\/bramasole.ee\/wp-content\/uploads\/2023\/04\/House_of_bramasole_logo.png\",\"contentUrl\":\"https:\/\/bramasole.ee\/wp-content\/uploads\/2023\/04\/House_of_bramasole_logo.png\",\"width\":1031,\"height\":257,\"caption\":\"Bramasole\"},\"image\":{\"@id\":\"https:\/\/bramasole.ee\/en\/#\/schema\/logo\/image\/\"},\"sameAs\":[\"https:\/\/www.facebook.com\/houseofbramasole\",\"https:\/\/www.instagram.com\/houseofbramasole\/\"]}]}<\/script>\n<!-- \/ Yoast SEO Premium plugin. -->","yoast_head_json":{"title":"CONTACT - Bramasole","robots":{"index":"index","follow":"follow","max-snippet":"max-snippet:-1","max-image-preview":"max-image-preview:large","max-video-preview":"max-video-preview:-1"},"canonical":"https:\/\/bramasole.ee\/en\/contact\/","og_locale":"en_US","og_type":"article","og_title":"CONTACT","og_description":"[vc_row full_width=&#8221;stretch_row&#8221; css_animation=&#8221;&#8221; css=&#8221;.vc_custom_1635107134128{margin-bottom: 90px !important;padding-top: 90px !important;padding-bottom: 0px !important;background-color: #000000 !important;}&#8221;][vc_column width=&#8221;1\/2&#8243; css_animation=&#8221;&#8221;][infoboxes infotitle=&#8221;House of Bramasole wines&#8221; description_color=&#8221;#ffffff&#8221;]Bramasole O\u00dc Registrikood: 14537206 KMKR.NR.: EE102092343[\/infoboxes][infoboxes infotitle=&#8221;Contact us!&#8221; description_color=&#8221;#ffffff&#8221;]info@bramasole.ee +372 53 444&hellip;","og_url":"https:\/\/bramasole.ee\/en\/contact\/","og_site_name":"Bramasole","article_publisher":"https:\/\/www.facebook.com\/houseofbramasole","article_modified_time":"2023-05-03T07:27:42+00:00","og_image":[{"width":1031,"height":257,"url":"https:\/\/bramasole.ee\/wp-content\/uploads\/2023\/04\/House_of_bramasole_logo.png","type":"image\/png"}],"twitter_card":"summary_large_image","twitter_misc":{"Est. reading time":"1 minute"},"schema":{"@context":"https:\/\/schema.org","@graph":[{"@type":"WebPage","@id":"https:\/\/bramasole.ee\/en\/contact\/","url":"https:\/\/bramasole.ee\/en\/contact\/","name":"CONTACT - Bramasole","isPartOf":{"@id":"https:\/\/bramasole.ee\/en\/#website"},"datePublished":"2016-03-10T07:22:08+00:00","dateModified":"2023-05-03T07:27:42+00:00","breadcrumb":{"@id":"https:\/\/bramasole.ee\/en\/contact\/#breadcrumb"},"inLanguage":"en-US","potentialAction":[{"@type":"ReadAction","target":["https:\/\/bramasole.ee\/en\/contact\/"]}]},{"@type":"BreadcrumbList","@id":"https:\/\/bramasole.ee\/en\/contact\/#breadcrumb","itemListElement":[{"@type":"ListItem","position":1,"name":"Home","item":"https:\/\/bramasole.ee\/en\/"},{"@type":"ListItem","position":2,"name":"CONTACT"}]},{"@type":"WebSite","@id":"https:\/\/bramasole.ee\/en\/#website","url":"https:\/\/bramasole.ee\/en\/","name":"Bramasole","description":"Bramasole veinipood - ainult hea vein!","publisher":{"@id":"https:\/\/bramasole.ee\/en\/#organization"},"alternateName":"Bramasole veinid","potentialAction":[{"@type":"SearchAction","target":{"@type":"EntryPoint","urlTemplate":"https:\/\/bramasole.ee\/en\/?s={search_term_string}"},"query-input":{"@type":"PropertyValueSpecification","valueRequired":true,"valueName":"search_term_string"}}],"inLanguage":"en-US"},{"@type":"Organization","@id":"https:\/\/bramasole.ee\/en\/#organization","name":"Bramasole","url":"https:\/\/bramasole.ee\/en\/","logo":{"@type":"ImageObject","inLanguage":"en-US","@id":"https:\/\/bramasole.ee\/en\/#\/schema\/logo\/image\/","url":"https:\/\/bramasole.ee\/wp-content\/uploads\/2023\/04\/House_of_bramasole_logo.png","contentUrl":"https:\/\/bramasole.ee\/wp-content\/uploads\/2023\/04\/House_of_bramasole_logo.png","width":1031,"height":257,"caption":"Bramasole"},"image":{"@id":"https:\/\/bramasole.ee\/en\/#\/schema\/logo\/image\/"},"sameAs":["https:\/\/www.facebook.com\/houseofbramasole","https:\/\/www.instagram.com\/houseofbramasole\/"]}]}},"_links":{"self":[{"href":"https:\/\/bramasole.ee\/en\/wp-json\/wp\/v2\/pages\/2193","targetHints":{"allow":["GET"]}}],"collection":[{"href":"https:\/\/bramasole.ee\/en\/wp-json\/wp\/v2\/pages"}],"about":[{"href":"https:\/\/bramasole.ee\/en\/wp-json\/wp\/v2\/types\/page"}],"author":[{"embeddable":true,"href":"https:\/\/bramasole.ee\/en\/wp-json\/wp\/v2\/users\/2"}],"replies":[{"embeddable":true,"href":"https:\/\/bramasole.ee\/en\/wp-json\/wp\/v2\/comments?post=2193"}],"version-history":[{"count":11,"href":"https:\/\/bramasole.ee\/en\/wp-json\/wp\/v2\/pages\/2193\/revisions"}],"predecessor-version":[{"id":2254,"href":"https:\/\/bramasole.ee\/en\/wp-json\/wp\/v2\/pages\/2193\/revisions\/2254"}],"wp:attachment":[{"href":"https:\/\/bramasole.ee\/en\/wp-json\/wp\/v2\/media?parent=2193"}],"curies":[{"name":"wp","href":"https:\/\/api.w.org\/{rel}","templated":true}]}}